{"id":1008974,"date":"2025-01-24T09:35:23","date_gmt":"2025-01-24T08:35:23","guid":{"rendered":"https:\/\/hubsch-interior.com\/product\/product\/"},"modified":"2026-04-05T04:57:09","modified_gmt":"2026-04-05T02:57:09","slug":"poetic-boite-vitrine-floor-naturel","status":"publish","type":"product","link":"https:\/\/hubsch-interior.com\/fr\/produit\/poetic-boite-vitrine-floor-naturel\/","title":{"rendered":"Poetic Bo\u00eete vitrine Floor Naturel"},"content":{"rendered":"<p>Nous vous pr\u00e9sentons la Poetic Bo\u00eete vitrine, une pi\u00e8ce exquise dot\u00e9e d&#8217;une \u00e9tag\u00e8re en verre amovible, qui vous permet de mettre en valeur et d&#8217;organiser vos objets de collection les plus pr\u00e9cieux avec facilit\u00e9. V\u00e9ritable pi\u00e8ce ma\u00eetresse de tout salon, la Poetic Bo\u00eete vitrine vous invite \u00e0 exposer vos tr\u00e9sors les plus chers, en alliant \u00e9l\u00e9gance et narration personnelle. Faites-en le point central de votre espace, l\u00e0 o\u00f9 se croisent souvenirs et beaut\u00e9.<\/p>\n","protected":false},"excerpt":{"rendered":"<p>Nous vous pr\u00e9sentons la Poetic Bo\u00eete vitrine, une pi\u00e8ce exquise dot\u00e9e d&#8217;une \u00e9tag\u00e8re en verre amovible, qui vous permet de mettre en valeur et d&#8217;organiser vos objets de collection les plus pr\u00e9cieux avec facilit\u00e9. V\u00e9ritable pi\u00e8ce ma\u00eetresse de tout salon, la Poetic Bo\u00eete vitrine vous invite \u00e0 exposer vos tr\u00e9sors les plus chers, en alliant [&hellip;]<\/p>\n","protected":false},"featured_media":1104196,"template":"","meta":{"_acf_changed":false,"inline_featured_image":false},"product_brand":[],"product_cat":[6997,2859,2860,4001,4002,5026],"product_tag":[],"class_list":{"0":"post-1008974","1":"product","2":"type-product","3":"status-publish","4":"has-post-thumbnail","6":"product_cat-the-buzz-fr","7":"product_cat-tables-fr","8":"product_cat-consoles-fr","9":"product_cat-etageres-et-meubles-de-rangement-fr","10":"product_cat-vitrines-fr","11":"product_cat-bestsellers-fr","12":"product_shipping_class-p10","13":"pa_color-naturel-2","14":"pa_material-mdf-fr","15":"pa_material-verre-fr","16":"pa_material-bois-de-chne-2","17":"pa_material-placage-de-chne-2","19":"first","20":"outofstock","21":"featured","22":"taxable","23":"shipping-taxable","24":"purchasable","25":"product-type-simple"},"exclude_global_add_ons":[],"addons":[],"acf":[],"yoast_head":"<!-- This site is optimized with the Yoast SEO plugin v26.4 - https:\/\/yoast.com\/wordpress\/plugins\/seo\/ -->\n<title>Poetic Bo\u00eete vitrine Floor Naturel - H\u00fcbsch<\/title>\n<meta name=\"description\" content=\"Nous vous pr\u00e9sentons la Poetic Bo\u00eete vitrine, une pi\u00e8ce exquise dot\u00e9e d&#039;une \u00e9tag\u00e8re en verre amovible, qui vous permet de mettre en valeur et d&#039;organiser\" \/>\n<meta name=\"robots\" content=\"index, follow, max-snippet:-1, max-image-preview:large, max-video-preview:-1\" \/>\n<link rel=\"canonical\" href=\"https:\/\/hubsch-interior.com\/fr\/wp-json\/wp\/v2\/product\/1008974\" \/>\n<meta property=\"og:locale\" content=\"fr_FR\" \/>\n<meta property=\"og:type\" content=\"article\" \/>\n<meta property=\"og:title\" content=\"Poetic Bo\u00eete vitrine Floor Naturel - H\u00fcbsch\" \/>\n<meta property=\"og:description\" content=\"Nous vous pr\u00e9sentons la Poetic Bo\u00eete vitrine, une pi\u00e8ce exquise dot\u00e9e d&#039;une \u00e9tag\u00e8re en verre amovible, qui vous permet de mettre en valeur et d&#039;organiser\" \/>\n<meta property=\"og:url\" content=\"https:\/\/hubsch-interior.com\/fr\/produit\/poetic-boite-vitrine-floor-naturel\/\" \/>\n<meta property=\"og:site_name\" content=\"H\u00fcbsch\" \/>\n<meta property=\"article:modified_time\" content=\"2026-04-05T02:57:09+00:00\" \/>\n<meta property=\"og:image\" content=\"https:\/\/hubsch-interior.com\/wp-content\/uploads\/2025\/04\/poetic-display-box-floor-natural-f6886d22a91a7fb0e9c3b7ca1fc6bad7.jpg\" \/>\n\t<meta property=\"og:image:width\" content=\"1200\" \/>\n\t<meta property=\"og:image:height\" content=\"1200\" \/>\n\t<meta property=\"og:image:type\" content=\"image\/jpeg\" \/>\n<meta name=\"twitter:card\" content=\"summary_large_image\" \/>\n<script type=\"application\/ld+json\" class=\"yoast-schema-graph\">{\"@context\":\"https:\/\/schema.org\",\"@graph\":[{\"@type\":\"WebPage\",\"@id\":\"https:\/\/hubsch-interior.com\/fr\/produit\/poetic-boite-vitrine-floor-naturel\/\",\"url\":\"https:\/\/hubsch-interior.com\/fr\/produit\/poetic-boite-vitrine-floor-naturel\/\",\"name\":\"Poetic Bo\u00eete vitrine Floor Naturel - H\u00fcbsch\",\"isPartOf\":{\"@id\":\"https:\/\/hubsch-interior.com\/fr\/#website\"},\"primaryImageOfPage\":{\"@id\":\"https:\/\/hubsch-interior.com\/fr\/produit\/poetic-boite-vitrine-floor-naturel\/#primaryimage\"},\"image\":{\"@id\":\"https:\/\/hubsch-interior.com\/fr\/produit\/poetic-boite-vitrine-floor-naturel\/#primaryimage\"},\"thumbnailUrl\":\"https:\/\/hubsch-interior.com\/wp-content\/uploads\/2026\/02\/poetic-display-box-floor-natural-ec5349c31bd239bf78cc433a84d89a46.jpg\",\"datePublished\":\"2025-01-24T08:35:23+00:00\",\"dateModified\":\"2026-04-05T02:57:09+00:00\",\"description\":\"Nous vous pr\u00e9sentons la Poetic Bo\u00eete vitrine, une pi\u00e8ce exquise dot\u00e9e d'une \u00e9tag\u00e8re en verre amovible, qui vous permet de mettre en valeur et d'organiser\",\"breadcrumb\":{\"@id\":\"https:\/\/hubsch-interior.com\/fr\/produit\/poetic-boite-vitrine-floor-naturel\/#breadcrumb\"},\"inLanguage\":\"fr-FR\",\"potentialAction\":[{\"@type\":\"ReadAction\",\"target\":[\"https:\/\/hubsch-interior.com\/fr\/produit\/poetic-boite-vitrine-floor-naturel\/\"]}]},{\"@type\":\"ImageObject\",\"inLanguage\":\"fr-FR\",\"@id\":\"https:\/\/hubsch-interior.com\/fr\/produit\/poetic-boite-vitrine-floor-naturel\/#primaryimage\",\"url\":\"https:\/\/hubsch-interior.com\/wp-content\/uploads\/2026\/02\/poetic-display-box-floor-natural-ec5349c31bd239bf78cc433a84d89a46.jpg\",\"contentUrl\":\"https:\/\/hubsch-interior.com\/wp-content\/uploads\/2026\/02\/poetic-display-box-floor-natural-ec5349c31bd239bf78cc433a84d89a46.jpg\",\"width\":1024,\"height\":1024},{\"@type\":\"BreadcrumbList\",\"@id\":\"https:\/\/hubsch-interior.com\/fr\/produit\/poetic-boite-vitrine-floor-naturel\/#breadcrumb\",\"itemListElement\":[{\"@type\":\"ListItem\",\"position\":1,\"name\":\"Page d'accueil\",\"item\":\"https:\/\/hubsch-interior.com\/fr\/\"},{\"@type\":\"ListItem\",\"position\":2,\"name\":\"Produits\",\"item\":\"https:\/\/hubsch-interior.com\/fr\/shop-2\/\"},{\"@type\":\"ListItem\",\"position\":3,\"name\":\"Meubles\",\"item\":\"https:\/\/hubsch-interior.com\/fr\/categorie-produit\/meubles\/\"},{\"@type\":\"ListItem\",\"position\":4,\"name\":\"Tables\",\"item\":\"https:\/\/hubsch-interior.com\/fr\/categorie-produit\/meubles\/tables-fr\/\"},{\"@type\":\"ListItem\",\"position\":5,\"name\":\"Consoles\",\"item\":\"https:\/\/hubsch-interior.com\/fr\/categorie-produit\/meubles\/tables-fr\/consoles-fr\/\"},{\"@type\":\"ListItem\",\"position\":6,\"name\":\"Poetic Bo\u00eete vitrine Floor Naturel\"}]},{\"@type\":\"WebSite\",\"@id\":\"https:\/\/hubsch-interior.com\/fr\/#website\",\"url\":\"https:\/\/hubsch-interior.com\/fr\/\",\"name\":\"H\u00fcbsch\",\"description\":\"Danish Home Interior and Design\",\"publisher\":{\"@id\":\"https:\/\/hubsch-interior.com\/fr\/#organization\"},\"potentialAction\":[{\"@type\":\"SearchAction\",\"target\":{\"@type\":\"EntryPoint\",\"urlTemplate\":\"https:\/\/hubsch-interior.com\/fr\/?s={search_term_string}\"},\"query-input\":{\"@type\":\"PropertyValueSpecification\",\"valueRequired\":true,\"valueName\":\"search_term_string\"}}],\"inLanguage\":\"fr-FR\"},{\"@type\":\"Organization\",\"@id\":\"https:\/\/hubsch-interior.com\/fr\/#organization\",\"name\":\"H\u00fcbsch\",\"url\":\"https:\/\/hubsch-interior.com\/fr\/\",\"logo\":{\"@type\":\"ImageObject\",\"inLanguage\":\"fr-FR\",\"@id\":\"https:\/\/hubsch-interior.com\/fr\/#\/schema\/logo\/image\/\",\"url\":\"https:\/\/hubsch-interior.com\/wp-content\/uploads\/2022\/12\/Hubsch_logo_black_one_line.svg\",\"contentUrl\":\"https:\/\/hubsch-interior.com\/wp-content\/uploads\/2022\/12\/Hubsch_logo_black_one_line.svg\",\"caption\":\"H\u00fcbsch\"},\"image\":{\"@id\":\"https:\/\/hubsch-interior.com\/fr\/#\/schema\/logo\/image\/\"}}]}<\/script>\n<!-- \/ Yoast SEO plugin. -->","yoast_head_json":{"title":"Poetic Bo\u00eete vitrine Floor Naturel - H\u00fcbsch","description":"Nous vous pr\u00e9sentons la Poetic Bo\u00eete vitrine, une pi\u00e8ce exquise dot\u00e9e d'une \u00e9tag\u00e8re en verre amovible, qui vous permet de mettre en valeur et d'organiser","robots":{"index":"index","follow":"follow","max-snippet":"max-snippet:-1","max-image-preview":"max-image-preview:large","max-video-preview":"max-video-preview:-1"},"canonical":"https:\/\/hubsch-interior.com\/fr\/wp-json\/wp\/v2\/product\/1008974","og_locale":"fr_FR","og_type":"article","og_title":"Poetic Bo\u00eete vitrine Floor Naturel - H\u00fcbsch","og_description":"Nous vous pr\u00e9sentons la Poetic Bo\u00eete vitrine, une pi\u00e8ce exquise dot\u00e9e d'une \u00e9tag\u00e8re en verre amovible, qui vous permet de mettre en valeur et d'organiser","og_url":"https:\/\/hubsch-interior.com\/fr\/produit\/poetic-boite-vitrine-floor-naturel\/","og_site_name":"H\u00fcbsch","article_modified_time":"2026-04-05T02:57:09+00:00","og_image":[{"width":1200,"height":1200,"url":"https:\/\/hubsch-interior.com\/wp-content\/uploads\/2025\/04\/poetic-display-box-floor-natural-f6886d22a91a7fb0e9c3b7ca1fc6bad7.jpg","type":"image\/jpeg"}],"twitter_card":"summary_large_image","schema":{"@context":"https:\/\/schema.org","@graph":[{"@type":"WebPage","@id":"https:\/\/hubsch-interior.com\/fr\/produit\/poetic-boite-vitrine-floor-naturel\/","url":"https:\/\/hubsch-interior.com\/fr\/produit\/poetic-boite-vitrine-floor-naturel\/","name":"Poetic Bo\u00eete vitrine Floor Naturel - H\u00fcbsch","isPartOf":{"@id":"https:\/\/hubsch-interior.com\/fr\/#website"},"primaryImageOfPage":{"@id":"https:\/\/hubsch-interior.com\/fr\/produit\/poetic-boite-vitrine-floor-naturel\/#primaryimage"},"image":{"@id":"https:\/\/hubsch-interior.com\/fr\/produit\/poetic-boite-vitrine-floor-naturel\/#primaryimage"},"thumbnailUrl":"https:\/\/hubsch-interior.com\/wp-content\/uploads\/2026\/02\/poetic-display-box-floor-natural-ec5349c31bd239bf78cc433a84d89a46.jpg","datePublished":"2025-01-24T08:35:23+00:00","dateModified":"2026-04-05T02:57:09+00:00","description":"Nous vous pr\u00e9sentons la Poetic Bo\u00eete vitrine, une pi\u00e8ce exquise dot\u00e9e d'une \u00e9tag\u00e8re en verre amovible, qui vous permet de mettre en valeur et d'organiser","breadcrumb":{"@id":"https:\/\/hubsch-interior.com\/fr\/produit\/poetic-boite-vitrine-floor-naturel\/#breadcrumb"},"inLanguage":"fr-FR","potentialAction":[{"@type":"ReadAction","target":["https:\/\/hubsch-interior.com\/fr\/produit\/poetic-boite-vitrine-floor-naturel\/"]}]},{"@type":"ImageObject","inLanguage":"fr-FR","@id":"https:\/\/hubsch-interior.com\/fr\/produit\/poetic-boite-vitrine-floor-naturel\/#primaryimage","url":"https:\/\/hubsch-interior.com\/wp-content\/uploads\/2026\/02\/poetic-display-box-floor-natural-ec5349c31bd239bf78cc433a84d89a46.jpg","contentUrl":"https:\/\/hubsch-interior.com\/wp-content\/uploads\/2026\/02\/poetic-display-box-floor-natural-ec5349c31bd239bf78cc433a84d89a46.jpg","width":1024,"height":1024},{"@type":"BreadcrumbList","@id":"https:\/\/hubsch-interior.com\/fr\/produit\/poetic-boite-vitrine-floor-naturel\/#breadcrumb","itemListElement":[{"@type":"ListItem","position":1,"name":"Page d'accueil","item":"https:\/\/hubsch-interior.com\/fr\/"},{"@type":"ListItem","position":2,"name":"Produits","item":"https:\/\/hubsch-interior.com\/fr\/shop-2\/"},{"@type":"ListItem","position":3,"name":"Meubles","item":"https:\/\/hubsch-interior.com\/fr\/categorie-produit\/meubles\/"},{"@type":"ListItem","position":4,"name":"Tables","item":"https:\/\/hubsch-interior.com\/fr\/categorie-produit\/meubles\/tables-fr\/"},{"@type":"ListItem","position":5,"name":"Consoles","item":"https:\/\/hubsch-interior.com\/fr\/categorie-produit\/meubles\/tables-fr\/consoles-fr\/"},{"@type":"ListItem","position":6,"name":"Poetic Bo\u00eete vitrine Floor Naturel"}]},{"@type":"WebSite","@id":"https:\/\/hubsch-interior.com\/fr\/#website","url":"https:\/\/hubsch-interior.com\/fr\/","name":"H\u00fcbsch","description":"Danish Home Interior and Design","publisher":{"@id":"https:\/\/hubsch-interior.com\/fr\/#organization"},"potentialAction":[{"@type":"SearchAction","target":{"@type":"EntryPoint","urlTemplate":"https:\/\/hubsch-interior.com\/fr\/?s={search_term_string}"},"query-input":{"@type":"PropertyValueSpecification","valueRequired":true,"valueName":"search_term_string"}}],"inLanguage":"fr-FR"},{"@type":"Organization","@id":"https:\/\/hubsch-interior.com\/fr\/#organization","name":"H\u00fcbsch","url":"https:\/\/hubsch-interior.com\/fr\/","logo":{"@type":"ImageObject","inLanguage":"fr-FR","@id":"https:\/\/hubsch-interior.com\/fr\/#\/schema\/logo\/image\/","url":"https:\/\/hubsch-interior.com\/wp-content\/uploads\/2022\/12\/Hubsch_logo_black_one_line.svg","contentUrl":"https:\/\/hubsch-interior.com\/wp-content\/uploads\/2022\/12\/Hubsch_logo_black_one_line.svg","caption":"H\u00fcbsch"},"image":{"@id":"https:\/\/hubsch-interior.com\/fr\/#\/schema\/logo\/image\/"}}]}},"_links":{"self":[{"href":"https:\/\/hubsch-interior.com\/fr\/wp-json\/wp\/v2\/product\/1008974","targetHints":{"allow":["GET"]}}],"collection":[{"href":"https:\/\/hubsch-interior.com\/fr\/wp-json\/wp\/v2\/product"}],"about":[{"href":"https:\/\/hubsch-interior.com\/fr\/wp-json\/wp\/v2\/types\/product"}],"wp:featuredmedia":[{"embeddable":true,"href":"https:\/\/hubsch-interior.com\/fr\/wp-json\/wp\/v2\/media\/1104196"}],"wp:attachment":[{"href":"https:\/\/hubsch-interior.com\/fr\/wp-json\/wp\/v2\/media?parent=1008974"}],"wp:term":[{"taxonomy":"product_brand","embeddable":true,"href":"https:\/\/hubsch-interior.com\/fr\/wp-json\/wp\/v2\/product_brand?post=1008974"},{"taxonomy":"product_cat","embeddable":true,"href":"https:\/\/hubsch-interior.com\/fr\/wp-json\/wp\/v2\/product_cat?post=1008974"},{"taxonomy":"product_tag","embeddable":true,"href":"https:\/\/hubsch-interior.com\/fr\/wp-json\/wp\/v2\/product_tag?post=1008974"}],"curies":[{"name":"wp","href":"https:\/\/api.w.org\/{rel}","templated":true}]}}