{"id":1009030,"date":"2025-01-24T09:37:22","date_gmt":"2025-01-24T08:37:22","guid":{"rendered":"https:\/\/hubsch-interior.com\/product\/product\/"},"modified":"2026-04-05T04:57:19","modified_gmt":"2026-04-05T02:57:19","slug":"momentum-etagere-naturel","status":"publish","type":"product","link":"https:\/\/hubsch-interior.com\/fr\/produit\/momentum-etagere-naturel\/","title":{"rendered":"Momentum \u00c9tag\u00e8re Naturel"},"content":{"rendered":"<p>D\u00e9couvrez la polyvalence \u00e9l\u00e9gante de l&#8217;\u00c9tag\u00e8re Momentum, un v\u00e9ritable tr\u00e9sor pour toute maison. Parfaite pour enrichir n&#8217;importe quel espace, utilisez-la comme un s\u00e9parateur de pi\u00e8ce ou pour un rangement astucieux derri\u00e8re votre canap\u00e9. Elle est id\u00e9ale dans votre bureau ou comme une charmante premi\u00e8re biblioth\u00e8que. Intrigu\u00e9 par une nouvelle perspective ? Retournez-la simplement pour un aspect diff\u00e9rent de l&#8217;\u00e9tag\u00e8re et revitalisez votre pi\u00e8ce en un clin d&#8217;\u0153il !<\/p>\n","protected":false},"excerpt":{"rendered":"<p>D\u00e9couvrez la polyvalence \u00e9l\u00e9gante de l&#8217;\u00c9tag\u00e8re Momentum, un v\u00e9ritable tr\u00e9sor pour toute maison. Parfaite pour enrichir n&#8217;importe quel espace, utilisez-la comme un s\u00e9parateur de pi\u00e8ce ou pour un rangement astucieux derri\u00e8re votre canap\u00e9. Elle est id\u00e9ale dans votre bureau ou comme une charmante premi\u00e8re biblioth\u00e8que. Intrigu\u00e9 par une nouvelle perspective ? Retournez-la simplement pour un [&hellip;]<\/p>\n","protected":false},"featured_media":1104248,"template":"","meta":{"_acf_changed":false,"inline_featured_image":false},"product_brand":[],"product_cat":[4011,4001,6322,5026,6997],"product_tag":[],"class_list":{"0":"post-1009030","1":"product","2":"type-product","3":"status-publish","4":"has-post-thumbnail","6":"product_cat-bibliotheques-fr","7":"product_cat-etageres-et-meubles-de-rangement-fr","8":"product_cat-fsc-fr","9":"product_cat-bestsellers-fr","10":"product_cat-the-buzz-fr","11":"product_shipping_class-p05","13":"pa_color-naturel-2","14":"pa_material-mdf-fr","15":"pa_material-placage-de-chne-2","17":"first","18":"instock","19":"featured","20":"taxable","21":"shipping-taxable","22":"purchasable","23":"product-type-simple"},"exclude_global_add_ons":[],"addons":[],"acf":[],"yoast_head":"<!-- This site is optimized with the Yoast SEO plugin v26.4 - https:\/\/yoast.com\/wordpress\/plugins\/seo\/ -->\n<title>Momentum \u00c9tag\u00e8re Naturel - H\u00fcbsch<\/title>\n<meta name=\"description\" content=\"D\u00e9couvrez la polyvalence \u00e9l\u00e9gante de l&#039;\u00c9tag\u00e8re Momentum, un v\u00e9ritable tr\u00e9sor pour toute maison. Parfaite pour enrichir n&#039;importe quel espace, utilisez-la\" \/>\n<meta name=\"robots\" content=\"index, follow, max-snippet:-1, max-image-preview:large, max-video-preview:-1\" \/>\n<link rel=\"canonical\" href=\"https:\/\/hubsch-interior.com\/fr\/wp-json\/wp\/v2\/product\/1009030\" \/>\n<meta property=\"og:locale\" content=\"fr_FR\" \/>\n<meta property=\"og:type\" content=\"article\" \/>\n<meta property=\"og:title\" content=\"Momentum \u00c9tag\u00e8re Naturel - H\u00fcbsch\" \/>\n<meta property=\"og:description\" content=\"D\u00e9couvrez la polyvalence \u00e9l\u00e9gante de l&#039;\u00c9tag\u00e8re Momentum, un v\u00e9ritable tr\u00e9sor pour toute maison. Parfaite pour enrichir n&#039;importe quel espace, utilisez-la\" \/>\n<meta property=\"og:url\" content=\"https:\/\/hubsch-interior.com\/fr\/produit\/momentum-etagere-naturel\/\" \/>\n<meta property=\"og:site_name\" content=\"H\u00fcbsch\" \/>\n<meta property=\"article:modified_time\" content=\"2026-04-05T02:57:19+00:00\" \/>\n<meta property=\"og:image\" content=\"https:\/\/hubsch-interior.com\/wp-content\/uploads\/2025\/01\/momentum-shelf-unit-natural-188dff47c18db24595fac705565c8988.jpg\" \/>\n\t<meta property=\"og:image:width\" content=\"1200\" \/>\n\t<meta property=\"og:image:height\" content=\"1200\" \/>\n\t<meta property=\"og:image:type\" content=\"image\/jpeg\" \/>\n<meta name=\"twitter:card\" content=\"summary_large_image\" \/>\n<script type=\"application\/ld+json\" class=\"yoast-schema-graph\">{\"@context\":\"https:\/\/schema.org\",\"@graph\":[{\"@type\":\"WebPage\",\"@id\":\"https:\/\/hubsch-interior.com\/fr\/produit\/momentum-etagere-naturel\/\",\"url\":\"https:\/\/hubsch-interior.com\/fr\/produit\/momentum-etagere-naturel\/\",\"name\":\"Momentum \u00c9tag\u00e8re Naturel - H\u00fcbsch\",\"isPartOf\":{\"@id\":\"https:\/\/hubsch-interior.com\/fr\/#website\"},\"primaryImageOfPage\":{\"@id\":\"https:\/\/hubsch-interior.com\/fr\/produit\/momentum-etagere-naturel\/#primaryimage\"},\"image\":{\"@id\":\"https:\/\/hubsch-interior.com\/fr\/produit\/momentum-etagere-naturel\/#primaryimage\"},\"thumbnailUrl\":\"https:\/\/hubsch-interior.com\/wp-content\/uploads\/2026\/02\/momentum-shelf-unit-natural-64af7efec4a94f31bc5de113617c2281.jpg\",\"datePublished\":\"2025-01-24T08:37:22+00:00\",\"dateModified\":\"2026-04-05T02:57:19+00:00\",\"description\":\"D\u00e9couvrez la polyvalence \u00e9l\u00e9gante de l'\u00c9tag\u00e8re Momentum, un v\u00e9ritable tr\u00e9sor pour toute maison. Parfaite pour enrichir n'importe quel espace, utilisez-la\",\"breadcrumb\":{\"@id\":\"https:\/\/hubsch-interior.com\/fr\/produit\/momentum-etagere-naturel\/#breadcrumb\"},\"inLanguage\":\"fr-FR\",\"potentialAction\":[{\"@type\":\"ReadAction\",\"target\":[\"https:\/\/hubsch-interior.com\/fr\/produit\/momentum-etagere-naturel\/\"]}]},{\"@type\":\"ImageObject\",\"inLanguage\":\"fr-FR\",\"@id\":\"https:\/\/hubsch-interior.com\/fr\/produit\/momentum-etagere-naturel\/#primaryimage\",\"url\":\"https:\/\/hubsch-interior.com\/wp-content\/uploads\/2026\/02\/momentum-shelf-unit-natural-64af7efec4a94f31bc5de113617c2281.jpg\",\"contentUrl\":\"https:\/\/hubsch-interior.com\/wp-content\/uploads\/2026\/02\/momentum-shelf-unit-natural-64af7efec4a94f31bc5de113617c2281.jpg\",\"width\":1024,\"height\":1024},{\"@type\":\"BreadcrumbList\",\"@id\":\"https:\/\/hubsch-interior.com\/fr\/produit\/momentum-etagere-naturel\/#breadcrumb\",\"itemListElement\":[{\"@type\":\"ListItem\",\"position\":1,\"name\":\"Page d'accueil\",\"item\":\"https:\/\/hubsch-interior.com\/fr\/\"},{\"@type\":\"ListItem\",\"position\":2,\"name\":\"Produits\",\"item\":\"https:\/\/hubsch-interior.com\/fr\/shop-2\/\"},{\"@type\":\"ListItem\",\"position\":3,\"name\":\"Meubles\",\"item\":\"https:\/\/hubsch-interior.com\/fr\/categorie-produit\/meubles\/\"},{\"@type\":\"ListItem\",\"position\":4,\"name\":\"Etag&egrave;res et meubles de rangement\",\"item\":\"https:\/\/hubsch-interior.com\/fr\/categorie-produit\/meubles\/etageres-et-meubles-de-rangement-fr\/\"},{\"@type\":\"ListItem\",\"position\":5,\"name\":\"Biblioth&egrave;ques\",\"item\":\"https:\/\/hubsch-interior.com\/fr\/categorie-produit\/meubles\/etageres-et-meubles-de-rangement-fr\/bibliotheques-fr\/\"},{\"@type\":\"ListItem\",\"position\":6,\"name\":\"Momentum \u00c9tag\u00e8re Naturel\"}]},{\"@type\":\"WebSite\",\"@id\":\"https:\/\/hubsch-interior.com\/fr\/#website\",\"url\":\"https:\/\/hubsch-interior.com\/fr\/\",\"name\":\"H\u00fcbsch\",\"description\":\"Danish Home Interior and Design\",\"publisher\":{\"@id\":\"https:\/\/hubsch-interior.com\/fr\/#organization\"},\"potentialAction\":[{\"@type\":\"SearchAction\",\"target\":{\"@type\":\"EntryPoint\",\"urlTemplate\":\"https:\/\/hubsch-interior.com\/fr\/?s={search_term_string}\"},\"query-input\":{\"@type\":\"PropertyValueSpecification\",\"valueRequired\":true,\"valueName\":\"search_term_string\"}}],\"inLanguage\":\"fr-FR\"},{\"@type\":\"Organization\",\"@id\":\"https:\/\/hubsch-interior.com\/fr\/#organization\",\"name\":\"H\u00fcbsch\",\"url\":\"https:\/\/hubsch-interior.com\/fr\/\",\"logo\":{\"@type\":\"ImageObject\",\"inLanguage\":\"fr-FR\",\"@id\":\"https:\/\/hubsch-interior.com\/fr\/#\/schema\/logo\/image\/\",\"url\":\"https:\/\/hubsch-interior.com\/wp-content\/uploads\/2022\/12\/Hubsch_logo_black_one_line.svg\",\"contentUrl\":\"https:\/\/hubsch-interior.com\/wp-content\/uploads\/2022\/12\/Hubsch_logo_black_one_line.svg\",\"caption\":\"H\u00fcbsch\"},\"image\":{\"@id\":\"https:\/\/hubsch-interior.com\/fr\/#\/schema\/logo\/image\/\"}}]}<\/script>\n<!-- \/ Yoast SEO plugin. -->","yoast_head_json":{"title":"Momentum \u00c9tag\u00e8re Naturel - H\u00fcbsch","description":"D\u00e9couvrez la polyvalence \u00e9l\u00e9gante de l'\u00c9tag\u00e8re Momentum, un v\u00e9ritable tr\u00e9sor pour toute maison. Parfaite pour enrichir n'importe quel espace, utilisez-la","robots":{"index":"index","follow":"follow","max-snippet":"max-snippet:-1","max-image-preview":"max-image-preview:large","max-video-preview":"max-video-preview:-1"},"canonical":"https:\/\/hubsch-interior.com\/fr\/wp-json\/wp\/v2\/product\/1009030","og_locale":"fr_FR","og_type":"article","og_title":"Momentum \u00c9tag\u00e8re Naturel - H\u00fcbsch","og_description":"D\u00e9couvrez la polyvalence \u00e9l\u00e9gante de l'\u00c9tag\u00e8re Momentum, un v\u00e9ritable tr\u00e9sor pour toute maison. Parfaite pour enrichir n'importe quel espace, utilisez-la","og_url":"https:\/\/hubsch-interior.com\/fr\/produit\/momentum-etagere-naturel\/","og_site_name":"H\u00fcbsch","article_modified_time":"2026-04-05T02:57:19+00:00","og_image":[{"width":1200,"height":1200,"url":"https:\/\/hubsch-interior.com\/wp-content\/uploads\/2025\/01\/momentum-shelf-unit-natural-188dff47c18db24595fac705565c8988.jpg","type":"image\/jpeg"}],"twitter_card":"summary_large_image","schema":{"@context":"https:\/\/schema.org","@graph":[{"@type":"WebPage","@id":"https:\/\/hubsch-interior.com\/fr\/produit\/momentum-etagere-naturel\/","url":"https:\/\/hubsch-interior.com\/fr\/produit\/momentum-etagere-naturel\/","name":"Momentum \u00c9tag\u00e8re Naturel - H\u00fcbsch","isPartOf":{"@id":"https:\/\/hubsch-interior.com\/fr\/#website"},"primaryImageOfPage":{"@id":"https:\/\/hubsch-interior.com\/fr\/produit\/momentum-etagere-naturel\/#primaryimage"},"image":{"@id":"https:\/\/hubsch-interior.com\/fr\/produit\/momentum-etagere-naturel\/#primaryimage"},"thumbnailUrl":"https:\/\/hubsch-interior.com\/wp-content\/uploads\/2026\/02\/momentum-shelf-unit-natural-64af7efec4a94f31bc5de113617c2281.jpg","datePublished":"2025-01-24T08:37:22+00:00","dateModified":"2026-04-05T02:57:19+00:00","description":"D\u00e9couvrez la polyvalence \u00e9l\u00e9gante de l'\u00c9tag\u00e8re Momentum, un v\u00e9ritable tr\u00e9sor pour toute maison. Parfaite pour enrichir n'importe quel espace, utilisez-la","breadcrumb":{"@id":"https:\/\/hubsch-interior.com\/fr\/produit\/momentum-etagere-naturel\/#breadcrumb"},"inLanguage":"fr-FR","potentialAction":[{"@type":"ReadAction","target":["https:\/\/hubsch-interior.com\/fr\/produit\/momentum-etagere-naturel\/"]}]},{"@type":"ImageObject","inLanguage":"fr-FR","@id":"https:\/\/hubsch-interior.com\/fr\/produit\/momentum-etagere-naturel\/#primaryimage","url":"https:\/\/hubsch-interior.com\/wp-content\/uploads\/2026\/02\/momentum-shelf-unit-natural-64af7efec4a94f31bc5de113617c2281.jpg","contentUrl":"https:\/\/hubsch-interior.com\/wp-content\/uploads\/2026\/02\/momentum-shelf-unit-natural-64af7efec4a94f31bc5de113617c2281.jpg","width":1024,"height":1024},{"@type":"BreadcrumbList","@id":"https:\/\/hubsch-interior.com\/fr\/produit\/momentum-etagere-naturel\/#breadcrumb","itemListElement":[{"@type":"ListItem","position":1,"name":"Page d'accueil","item":"https:\/\/hubsch-interior.com\/fr\/"},{"@type":"ListItem","position":2,"name":"Produits","item":"https:\/\/hubsch-interior.com\/fr\/shop-2\/"},{"@type":"ListItem","position":3,"name":"Meubles","item":"https:\/\/hubsch-interior.com\/fr\/categorie-produit\/meubles\/"},{"@type":"ListItem","position":4,"name":"Etag&egrave;res et meubles de rangement","item":"https:\/\/hubsch-interior.com\/fr\/categorie-produit\/meubles\/etageres-et-meubles-de-rangement-fr\/"},{"@type":"ListItem","position":5,"name":"Biblioth&egrave;ques","item":"https:\/\/hubsch-interior.com\/fr\/categorie-produit\/meubles\/etageres-et-meubles-de-rangement-fr\/bibliotheques-fr\/"},{"@type":"ListItem","position":6,"name":"Momentum \u00c9tag\u00e8re Naturel"}]},{"@type":"WebSite","@id":"https:\/\/hubsch-interior.com\/fr\/#website","url":"https:\/\/hubsch-interior.com\/fr\/","name":"H\u00fcbsch","description":"Danish Home Interior and Design","publisher":{"@id":"https:\/\/hubsch-interior.com\/fr\/#organization"},"potentialAction":[{"@type":"SearchAction","target":{"@type":"EntryPoint","urlTemplate":"https:\/\/hubsch-interior.com\/fr\/?s={search_term_string}"},"query-input":{"@type":"PropertyValueSpecification","valueRequired":true,"valueName":"search_term_string"}}],"inLanguage":"fr-FR"},{"@type":"Organization","@id":"https:\/\/hubsch-interior.com\/fr\/#organization","name":"H\u00fcbsch","url":"https:\/\/hubsch-interior.com\/fr\/","logo":{"@type":"ImageObject","inLanguage":"fr-FR","@id":"https:\/\/hubsch-interior.com\/fr\/#\/schema\/logo\/image\/","url":"https:\/\/hubsch-interior.com\/wp-content\/uploads\/2022\/12\/Hubsch_logo_black_one_line.svg","contentUrl":"https:\/\/hubsch-interior.com\/wp-content\/uploads\/2022\/12\/Hubsch_logo_black_one_line.svg","caption":"H\u00fcbsch"},"image":{"@id":"https:\/\/hubsch-interior.com\/fr\/#\/schema\/logo\/image\/"}}]}},"_links":{"self":[{"href":"https:\/\/hubsch-interior.com\/fr\/wp-json\/wp\/v2\/product\/1009030","targetHints":{"allow":["GET"]}}],"collection":[{"href":"https:\/\/hubsch-interior.com\/fr\/wp-json\/wp\/v2\/product"}],"about":[{"href":"https:\/\/hubsch-interior.com\/fr\/wp-json\/wp\/v2\/types\/product"}],"wp:featuredmedia":[{"embeddable":true,"href":"https:\/\/hubsch-interior.com\/fr\/wp-json\/wp\/v2\/media\/1104248"}],"wp:attachment":[{"href":"https:\/\/hubsch-interior.com\/fr\/wp-json\/wp\/v2\/media?parent=1009030"}],"wp:term":[{"taxonomy":"product_brand","embeddable":true,"href":"https:\/\/hubsch-interior.com\/fr\/wp-json\/wp\/v2\/product_brand?post=1009030"},{"taxonomy":"product_cat","embeddable":true,"href":"https:\/\/hubsch-interior.com\/fr\/wp-json\/wp\/v2\/product_cat?post=1009030"},{"taxonomy":"product_tag","embeddable":true,"href":"https:\/\/hubsch-interior.com\/fr\/wp-json\/wp\/v2\/product_tag?post=1009030"}],"curies":[{"name":"wp","href":"https:\/\/api.w.org\/{rel}","templated":true}]}}