{"id":1009158,"date":"2025-01-24T09:41:18","date_gmt":"2025-01-24T08:41:18","guid":{"rendered":"https:\/\/hubsch-interior.com\/product\/product\/"},"modified":"2026-04-09T04:54:35","modified_gmt":"2026-04-09T02:54:35","slug":"forma-meuble-a-chaussures-naturel","status":"publish","type":"product","link":"https:\/\/hubsch-interior.com\/fr\/produit\/forma-meuble-a-chaussures-naturel\/","title":{"rendered":"Forma Meuble \u00e0 chaussures Naturel"},"content":{"rendered":"<p>D\u00e9couvrez le nouveau membre de la s\u00e9rie Forma &#8211; le Forma Meuble \u00e0 chaussures. Ce meuble, fabriqu\u00e9 en bois certifi\u00e9 FSC, apporte une touche d&#8217;\u00e9l\u00e9gance \u00e0 votre int\u00e9rieur. Son design fonctionnel et esth\u00e9tique offre un rangement sur deux niveaux pour vos chaussures, ce qui en fait la solution parfaite pour les entr\u00e9es o\u00f9 l&#8217;espace est limit\u00e9. Pour ceux qui poss\u00e8dent une collection plus importante, combinez simplement deux unit\u00e9s pour b\u00e9n\u00e9ficier d&#8217;un espace de rangement suppl\u00e9mentaire. Une solution \u00e9l\u00e9gante et tr\u00e8s minimaliste pour maintenir votre espace ordonn\u00e9 et vos chaussures soigneusement organis\u00e9es.<\/p>\n","protected":false},"excerpt":{"rendered":"<p>D\u00e9couvrez le nouveau membre de la s\u00e9rie Forma &#8211; le Forma Meuble \u00e0 chaussures. Ce meuble, fabriqu\u00e9 en bois certifi\u00e9 FSC, apporte une touche d&#8217;\u00e9l\u00e9gance \u00e0 votre int\u00e9rieur. Son design fonctionnel et esth\u00e9tique offre un rangement sur deux niveaux pour vos chaussures, ce qui en fait la solution parfaite pour les entr\u00e9es o\u00f9 l&#8217;espace est [&hellip;]<\/p>\n","protected":false},"featured_media":1104432,"template":"","meta":{"_acf_changed":false,"inline_featured_image":false},"product_brand":[],"product_cat":[6997,6322,4001,4852,5026],"product_tag":[],"class_list":{"0":"post-1009158","1":"product","2":"type-product","3":"status-publish","4":"has-post-thumbnail","6":"product_cat-the-buzz-fr","7":"product_cat-fsc-fr","8":"product_cat-etageres-et-meubles-de-rangement-fr","9":"product_cat-meuble-a-chaussures-fr","10":"product_cat-bestsellers-fr","11":"product_shipping_class-p05","13":"pa_color-naturel-2","14":"pa_material-mdf-fr","15":"pa_material-placage-de-chne-2","17":"first","18":"instock","19":"featured","20":"taxable","21":"shipping-taxable","22":"purchasable","23":"product-type-simple"},"exclude_global_add_ons":[],"addons":[],"acf":[],"yoast_head":"<!-- This site is optimized with the Yoast SEO plugin v26.4 - https:\/\/yoast.com\/wordpress\/plugins\/seo\/ -->\n<title>Forma Meuble \u00e0 chaussures Naturel - H\u00fcbsch<\/title>\n<meta name=\"description\" content=\"D\u00e9couvrez le nouveau membre de la s\u00e9rie Forma - le Forma Meuble \u00e0 chaussures. Ce meuble, fabriqu\u00e9 en bois certifi\u00e9 FSC, apporte une touche d&#039;\u00e9l\u00e9gance \u00e0\" \/>\n<meta name=\"robots\" content=\"index, follow, max-snippet:-1, max-image-preview:large, max-video-preview:-1\" \/>\n<link rel=\"canonical\" href=\"https:\/\/hubsch-interior.com\/fr\/wp-json\/wp\/v2\/product\/1009158\" \/>\n<meta property=\"og:locale\" content=\"fr_FR\" \/>\n<meta property=\"og:type\" content=\"article\" \/>\n<meta property=\"og:title\" content=\"Forma Meuble \u00e0 chaussures Naturel - H\u00fcbsch\" \/>\n<meta property=\"og:description\" content=\"D\u00e9couvrez le nouveau membre de la s\u00e9rie Forma - le Forma Meuble \u00e0 chaussures. Ce meuble, fabriqu\u00e9 en bois certifi\u00e9 FSC, apporte une touche d&#039;\u00e9l\u00e9gance \u00e0\" \/>\n<meta property=\"og:url\" content=\"https:\/\/hubsch-interior.com\/fr\/produit\/forma-meuble-a-chaussures-naturel\/\" \/>\n<meta property=\"og:site_name\" content=\"H\u00fcbsch\" \/>\n<meta property=\"article:modified_time\" content=\"2026-04-09T02:54:35+00:00\" \/>\n<meta property=\"og:image\" content=\"https:\/\/hubsch-interior.com\/wp-content\/uploads\/2025\/01\/forma-shoe-cabinet-natural-ad2d7c041144b9c931aef08fc724e38d.jpg\" \/>\n\t<meta property=\"og:image:width\" content=\"1200\" \/>\n\t<meta property=\"og:image:height\" content=\"1200\" \/>\n\t<meta property=\"og:image:type\" content=\"image\/jpeg\" \/>\n<meta name=\"twitter:card\" content=\"summary_large_image\" \/>\n<meta name=\"twitter:label1\" content=\"Dur\u00e9e de lecture estim\u00e9e\" \/>\n\t<meta name=\"twitter:data1\" content=\"1 minute\" \/>\n<script type=\"application\/ld+json\" class=\"yoast-schema-graph\">{\"@context\":\"https:\/\/schema.org\",\"@graph\":[{\"@type\":\"WebPage\",\"@id\":\"https:\/\/hubsch-interior.com\/fr\/produit\/forma-meuble-a-chaussures-naturel\/\",\"url\":\"https:\/\/hubsch-interior.com\/fr\/produit\/forma-meuble-a-chaussures-naturel\/\",\"name\":\"Forma Meuble \u00e0 chaussures Naturel - H\u00fcbsch\",\"isPartOf\":{\"@id\":\"https:\/\/hubsch-interior.com\/fr\/#website\"},\"primaryImageOfPage\":{\"@id\":\"https:\/\/hubsch-interior.com\/fr\/produit\/forma-meuble-a-chaussures-naturel\/#primaryimage\"},\"image\":{\"@id\":\"https:\/\/hubsch-interior.com\/fr\/produit\/forma-meuble-a-chaussures-naturel\/#primaryimage\"},\"thumbnailUrl\":\"https:\/\/hubsch-interior.com\/wp-content\/uploads\/2026\/02\/forma-shoe-cabinet-natural-eb44aaab2434e3ed74adcff0c2b16952.jpg\",\"datePublished\":\"2025-01-24T08:41:18+00:00\",\"dateModified\":\"2026-04-09T02:54:35+00:00\",\"description\":\"D\u00e9couvrez le nouveau membre de la s\u00e9rie Forma - le Forma Meuble \u00e0 chaussures. Ce meuble, fabriqu\u00e9 en bois certifi\u00e9 FSC, apporte une touche d'\u00e9l\u00e9gance \u00e0\",\"breadcrumb\":{\"@id\":\"https:\/\/hubsch-interior.com\/fr\/produit\/forma-meuble-a-chaussures-naturel\/#breadcrumb\"},\"inLanguage\":\"fr-FR\",\"potentialAction\":[{\"@type\":\"ReadAction\",\"target\":[\"https:\/\/hubsch-interior.com\/fr\/produit\/forma-meuble-a-chaussures-naturel\/\"]}]},{\"@type\":\"ImageObject\",\"inLanguage\":\"fr-FR\",\"@id\":\"https:\/\/hubsch-interior.com\/fr\/produit\/forma-meuble-a-chaussures-naturel\/#primaryimage\",\"url\":\"https:\/\/hubsch-interior.com\/wp-content\/uploads\/2026\/02\/forma-shoe-cabinet-natural-eb44aaab2434e3ed74adcff0c2b16952.jpg\",\"contentUrl\":\"https:\/\/hubsch-interior.com\/wp-content\/uploads\/2026\/02\/forma-shoe-cabinet-natural-eb44aaab2434e3ed74adcff0c2b16952.jpg\",\"width\":1024,\"height\":1024},{\"@type\":\"BreadcrumbList\",\"@id\":\"https:\/\/hubsch-interior.com\/fr\/produit\/forma-meuble-a-chaussures-naturel\/#breadcrumb\",\"itemListElement\":[{\"@type\":\"ListItem\",\"position\":1,\"name\":\"Page d'accueil\",\"item\":\"https:\/\/hubsch-interior.com\/fr\/\"},{\"@type\":\"ListItem\",\"position\":2,\"name\":\"Produits\",\"item\":\"https:\/\/hubsch-interior.com\/fr\/shop-2\/\"},{\"@type\":\"ListItem\",\"position\":3,\"name\":\"Meubles\",\"item\":\"https:\/\/hubsch-interior.com\/fr\/categorie-produit\/meubles\/\"},{\"@type\":\"ListItem\",\"position\":4,\"name\":\"Etag&egrave;res et meubles de rangement\",\"item\":\"https:\/\/hubsch-interior.com\/fr\/categorie-produit\/meubles\/etageres-et-meubles-de-rangement-fr\/\"},{\"@type\":\"ListItem\",\"position\":5,\"name\":\"Meuble &agrave; chaussures\",\"item\":\"https:\/\/hubsch-interior.com\/fr\/categorie-produit\/meubles\/etageres-et-meubles-de-rangement-fr\/meuble-a-chaussures-fr\/\"},{\"@type\":\"ListItem\",\"position\":6,\"name\":\"Forma Meuble \u00e0 chaussures Naturel\"}]},{\"@type\":\"WebSite\",\"@id\":\"https:\/\/hubsch-interior.com\/fr\/#website\",\"url\":\"https:\/\/hubsch-interior.com\/fr\/\",\"name\":\"H\u00fcbsch\",\"description\":\"Danish Home Interior and Design\",\"publisher\":{\"@id\":\"https:\/\/hubsch-interior.com\/fr\/#organization\"},\"potentialAction\":[{\"@type\":\"SearchAction\",\"target\":{\"@type\":\"EntryPoint\",\"urlTemplate\":\"https:\/\/hubsch-interior.com\/fr\/?s={search_term_string}\"},\"query-input\":{\"@type\":\"PropertyValueSpecification\",\"valueRequired\":true,\"valueName\":\"search_term_string\"}}],\"inLanguage\":\"fr-FR\"},{\"@type\":\"Organization\",\"@id\":\"https:\/\/hubsch-interior.com\/fr\/#organization\",\"name\":\"H\u00fcbsch\",\"url\":\"https:\/\/hubsch-interior.com\/fr\/\",\"logo\":{\"@type\":\"ImageObject\",\"inLanguage\":\"fr-FR\",\"@id\":\"https:\/\/hubsch-interior.com\/fr\/#\/schema\/logo\/image\/\",\"url\":\"https:\/\/hubsch-interior.com\/wp-content\/uploads\/2022\/12\/Hubsch_logo_black_one_line.svg\",\"contentUrl\":\"https:\/\/hubsch-interior.com\/wp-content\/uploads\/2022\/12\/Hubsch_logo_black_one_line.svg\",\"caption\":\"H\u00fcbsch\"},\"image\":{\"@id\":\"https:\/\/hubsch-interior.com\/fr\/#\/schema\/logo\/image\/\"}}]}<\/script>\n<!-- \/ Yoast SEO plugin. -->","yoast_head_json":{"title":"Forma Meuble \u00e0 chaussures Naturel - H\u00fcbsch","description":"D\u00e9couvrez le nouveau membre de la s\u00e9rie Forma - le Forma Meuble \u00e0 chaussures. Ce meuble, fabriqu\u00e9 en bois certifi\u00e9 FSC, apporte une touche d'\u00e9l\u00e9gance \u00e0","robots":{"index":"index","follow":"follow","max-snippet":"max-snippet:-1","max-image-preview":"max-image-preview:large","max-video-preview":"max-video-preview:-1"},"canonical":"https:\/\/hubsch-interior.com\/fr\/wp-json\/wp\/v2\/product\/1009158","og_locale":"fr_FR","og_type":"article","og_title":"Forma Meuble \u00e0 chaussures Naturel - H\u00fcbsch","og_description":"D\u00e9couvrez le nouveau membre de la s\u00e9rie Forma - le Forma Meuble \u00e0 chaussures. Ce meuble, fabriqu\u00e9 en bois certifi\u00e9 FSC, apporte une touche d'\u00e9l\u00e9gance \u00e0","og_url":"https:\/\/hubsch-interior.com\/fr\/produit\/forma-meuble-a-chaussures-naturel\/","og_site_name":"H\u00fcbsch","article_modified_time":"2026-04-09T02:54:35+00:00","og_image":[{"width":1200,"height":1200,"url":"https:\/\/hubsch-interior.com\/wp-content\/uploads\/2025\/01\/forma-shoe-cabinet-natural-ad2d7c041144b9c931aef08fc724e38d.jpg","type":"image\/jpeg"}],"twitter_card":"summary_large_image","twitter_misc":{"Dur\u00e9e de lecture estim\u00e9e":"1 minute"},"schema":{"@context":"https:\/\/schema.org","@graph":[{"@type":"WebPage","@id":"https:\/\/hubsch-interior.com\/fr\/produit\/forma-meuble-a-chaussures-naturel\/","url":"https:\/\/hubsch-interior.com\/fr\/produit\/forma-meuble-a-chaussures-naturel\/","name":"Forma Meuble \u00e0 chaussures Naturel - H\u00fcbsch","isPartOf":{"@id":"https:\/\/hubsch-interior.com\/fr\/#website"},"primaryImageOfPage":{"@id":"https:\/\/hubsch-interior.com\/fr\/produit\/forma-meuble-a-chaussures-naturel\/#primaryimage"},"image":{"@id":"https:\/\/hubsch-interior.com\/fr\/produit\/forma-meuble-a-chaussures-naturel\/#primaryimage"},"thumbnailUrl":"https:\/\/hubsch-interior.com\/wp-content\/uploads\/2026\/02\/forma-shoe-cabinet-natural-eb44aaab2434e3ed74adcff0c2b16952.jpg","datePublished":"2025-01-24T08:41:18+00:00","dateModified":"2026-04-09T02:54:35+00:00","description":"D\u00e9couvrez le nouveau membre de la s\u00e9rie Forma - le Forma Meuble \u00e0 chaussures. Ce meuble, fabriqu\u00e9 en bois certifi\u00e9 FSC, apporte une touche d'\u00e9l\u00e9gance \u00e0","breadcrumb":{"@id":"https:\/\/hubsch-interior.com\/fr\/produit\/forma-meuble-a-chaussures-naturel\/#breadcrumb"},"inLanguage":"fr-FR","potentialAction":[{"@type":"ReadAction","target":["https:\/\/hubsch-interior.com\/fr\/produit\/forma-meuble-a-chaussures-naturel\/"]}]},{"@type":"ImageObject","inLanguage":"fr-FR","@id":"https:\/\/hubsch-interior.com\/fr\/produit\/forma-meuble-a-chaussures-naturel\/#primaryimage","url":"https:\/\/hubsch-interior.com\/wp-content\/uploads\/2026\/02\/forma-shoe-cabinet-natural-eb44aaab2434e3ed74adcff0c2b16952.jpg","contentUrl":"https:\/\/hubsch-interior.com\/wp-content\/uploads\/2026\/02\/forma-shoe-cabinet-natural-eb44aaab2434e3ed74adcff0c2b16952.jpg","width":1024,"height":1024},{"@type":"BreadcrumbList","@id":"https:\/\/hubsch-interior.com\/fr\/produit\/forma-meuble-a-chaussures-naturel\/#breadcrumb","itemListElement":[{"@type":"ListItem","position":1,"name":"Page d'accueil","item":"https:\/\/hubsch-interior.com\/fr\/"},{"@type":"ListItem","position":2,"name":"Produits","item":"https:\/\/hubsch-interior.com\/fr\/shop-2\/"},{"@type":"ListItem","position":3,"name":"Meubles","item":"https:\/\/hubsch-interior.com\/fr\/categorie-produit\/meubles\/"},{"@type":"ListItem","position":4,"name":"Etag&egrave;res et meubles de rangement","item":"https:\/\/hubsch-interior.com\/fr\/categorie-produit\/meubles\/etageres-et-meubles-de-rangement-fr\/"},{"@type":"ListItem","position":5,"name":"Meuble &agrave; chaussures","item":"https:\/\/hubsch-interior.com\/fr\/categorie-produit\/meubles\/etageres-et-meubles-de-rangement-fr\/meuble-a-chaussures-fr\/"},{"@type":"ListItem","position":6,"name":"Forma Meuble \u00e0 chaussures Naturel"}]},{"@type":"WebSite","@id":"https:\/\/hubsch-interior.com\/fr\/#website","url":"https:\/\/hubsch-interior.com\/fr\/","name":"H\u00fcbsch","description":"Danish Home Interior and Design","publisher":{"@id":"https:\/\/hubsch-interior.com\/fr\/#organization"},"potentialAction":[{"@type":"SearchAction","target":{"@type":"EntryPoint","urlTemplate":"https:\/\/hubsch-interior.com\/fr\/?s={search_term_string}"},"query-input":{"@type":"PropertyValueSpecification","valueRequired":true,"valueName":"search_term_string"}}],"inLanguage":"fr-FR"},{"@type":"Organization","@id":"https:\/\/hubsch-interior.com\/fr\/#organization","name":"H\u00fcbsch","url":"https:\/\/hubsch-interior.com\/fr\/","logo":{"@type":"ImageObject","inLanguage":"fr-FR","@id":"https:\/\/hubsch-interior.com\/fr\/#\/schema\/logo\/image\/","url":"https:\/\/hubsch-interior.com\/wp-content\/uploads\/2022\/12\/Hubsch_logo_black_one_line.svg","contentUrl":"https:\/\/hubsch-interior.com\/wp-content\/uploads\/2022\/12\/Hubsch_logo_black_one_line.svg","caption":"H\u00fcbsch"},"image":{"@id":"https:\/\/hubsch-interior.com\/fr\/#\/schema\/logo\/image\/"}}]}},"_links":{"self":[{"href":"https:\/\/hubsch-interior.com\/fr\/wp-json\/wp\/v2\/product\/1009158","targetHints":{"allow":["GET"]}}],"collection":[{"href":"https:\/\/hubsch-interior.com\/fr\/wp-json\/wp\/v2\/product"}],"about":[{"href":"https:\/\/hubsch-interior.com\/fr\/wp-json\/wp\/v2\/types\/product"}],"wp:featuredmedia":[{"embeddable":true,"href":"https:\/\/hubsch-interior.com\/fr\/wp-json\/wp\/v2\/media\/1104432"}],"wp:attachment":[{"href":"https:\/\/hubsch-interior.com\/fr\/wp-json\/wp\/v2\/media?parent=1009158"}],"wp:term":[{"taxonomy":"product_brand","embeddable":true,"href":"https:\/\/hubsch-interior.com\/fr\/wp-json\/wp\/v2\/product_brand?post=1009158"},{"taxonomy":"product_cat","embeddable":true,"href":"https:\/\/hubsch-interior.com\/fr\/wp-json\/wp\/v2\/product_cat?post=1009158"},{"taxonomy":"product_tag","embeddable":true,"href":"https:\/\/hubsch-interior.com\/fr\/wp-json\/wp\/v2\/product_tag?post=1009158"}],"curies":[{"name":"wp","href":"https:\/\/api.w.org\/{rel}","templated":true}]}}