{"id":1009250,"date":"2025-01-24T09:42:56","date_gmt":"2025-01-24T08:42:56","guid":{"rendered":"https:\/\/hubsch-interior.com\/product\/product\/"},"modified":"2026-04-09T04:54:49","modified_gmt":"2026-04-09T02:54:49","slug":"seize-etagere-naturel","status":"publish","type":"product","link":"https:\/\/hubsch-interior.com\/fr\/produit\/seize-etagere-naturel\/","title":{"rendered":"Seize \u00c9tag\u00e8re Naturel"},"content":{"rendered":"<p>D\u00e9couvrez l&#8217;\u00c9tag\u00e8re Seize, un chef-d&#8217;\u0153uvre de design simple et asym\u00e9trique qui apporte une touche de nature \u00e0 l&#8217;int\u00e9rieur gr\u00e2ce \u00e0 ses finitions en bois de ch\u00eane naturel et placage de ch\u00eane. Con\u00e7ue \u00e0 partir de bois certifi\u00e9 FSC, cette merveille de rayonnage s\u00e9duit par son jeu graphique et ses diff\u00e9rentes hauteurs, offrant une solution de rangement pratique adapt\u00e9e \u00e0 vos besoins. La section plus haute divis\u00e9e est parfaite pour accueillir des \u00e9l\u00e9ments de plus grande taille, ce qui en fait un ajout indispensable \u00e0 tout espace de vie contemporain. Rehaussez votre int\u00e9rieur avec Seize\u2014le parangon de l&#8217;utilit\u00e9 fonctionnelle.<\/p>\n","protected":false},"excerpt":{"rendered":"<p>D\u00e9couvrez l&#8217;\u00c9tag\u00e8re Seize, un chef-d&#8217;\u0153uvre de design simple et asym\u00e9trique qui apporte une touche de nature \u00e0 l&#8217;int\u00e9rieur gr\u00e2ce \u00e0 ses finitions en bois de ch\u00eane naturel et placage de ch\u00eane. Con\u00e7ue \u00e0 partir de bois certifi\u00e9 FSC, cette merveille de rayonnage s\u00e9duit par son jeu graphique et ses diff\u00e9rentes hauteurs, offrant une solution de [&hellip;]<\/p>\n","protected":false},"featured_media":1104524,"template":"","meta":{"_acf_changed":false,"inline_featured_image":false},"product_brand":[],"product_cat":[6997,6322,4001,4011,5026],"product_tag":[],"class_list":{"0":"post-1009250","1":"product","2":"type-product","3":"status-publish","4":"has-post-thumbnail","6":"product_cat-the-buzz-fr","7":"product_cat-fsc-fr","8":"product_cat-etageres-et-meubles-de-rangement-fr","9":"product_cat-bibliotheques-fr","10":"product_cat-bestsellers-fr","11":"product_shipping_class-p05","13":"pa_color-naturel-2","14":"pa_material-mdf-fr","15":"pa_material-bois-de-chne-2","16":"pa_material-placage-de-chne-2","18":"first","19":"instock","20":"featured","21":"taxable","22":"shipping-taxable","23":"purchasable","24":"product-type-simple"},"exclude_global_add_ons":[],"addons":[],"acf":[],"yoast_head":"<!-- This site is optimized with the Yoast SEO plugin v26.4 - https:\/\/yoast.com\/wordpress\/plugins\/seo\/ -->\n<title>Seize \u00c9tag\u00e8re Naturel - H\u00fcbsch<\/title>\n<meta name=\"description\" content=\"D\u00e9couvrez l&#039;\u00c9tag\u00e8re Seize, un chef-d&#039;\u0153uvre de design simple et asym\u00e9trique qui apporte une touche de nature \u00e0 l&#039;int\u00e9rieur gr\u00e2ce \u00e0 ses finitions en bois de\" \/>\n<meta name=\"robots\" content=\"index, follow, max-snippet:-1, max-image-preview:large, max-video-preview:-1\" \/>\n<link rel=\"canonical\" href=\"https:\/\/hubsch-interior.com\/fr\/wp-json\/wp\/v2\/product\/1009250\" \/>\n<meta property=\"og:locale\" content=\"fr_FR\" \/>\n<meta property=\"og:type\" content=\"article\" \/>\n<meta property=\"og:title\" content=\"Seize \u00c9tag\u00e8re Naturel - H\u00fcbsch\" \/>\n<meta property=\"og:description\" content=\"D\u00e9couvrez l&#039;\u00c9tag\u00e8re Seize, un chef-d&#039;\u0153uvre de design simple et asym\u00e9trique qui apporte une touche de nature \u00e0 l&#039;int\u00e9rieur gr\u00e2ce \u00e0 ses finitions en bois de\" \/>\n<meta property=\"og:url\" content=\"https:\/\/hubsch-interior.com\/fr\/produit\/seize-etagere-naturel\/\" \/>\n<meta property=\"og:site_name\" content=\"H\u00fcbsch\" \/>\n<meta property=\"article:modified_time\" content=\"2026-04-09T02:54:49+00:00\" \/>\n<meta property=\"og:image\" content=\"https:\/\/hubsch-interior.com\/wp-content\/uploads\/2025\/01\/seize-shelf-unit-natural-57f24574b4ba527918042cf183def497.jpg\" \/>\n\t<meta property=\"og:image:width\" content=\"1200\" \/>\n\t<meta property=\"og:image:height\" content=\"1200\" \/>\n\t<meta property=\"og:image:type\" content=\"image\/jpeg\" \/>\n<meta name=\"twitter:card\" content=\"summary_large_image\" \/>\n<meta name=\"twitter:label1\" content=\"Dur\u00e9e de lecture estim\u00e9e\" \/>\n\t<meta name=\"twitter:data1\" content=\"1 minute\" \/>\n<script type=\"application\/ld+json\" class=\"yoast-schema-graph\">{\"@context\":\"https:\/\/schema.org\",\"@graph\":[{\"@type\":\"WebPage\",\"@id\":\"https:\/\/hubsch-interior.com\/fr\/produit\/seize-etagere-naturel\/\",\"url\":\"https:\/\/hubsch-interior.com\/fr\/produit\/seize-etagere-naturel\/\",\"name\":\"Seize \u00c9tag\u00e8re Naturel - H\u00fcbsch\",\"isPartOf\":{\"@id\":\"https:\/\/hubsch-interior.com\/fr\/#website\"},\"primaryImageOfPage\":{\"@id\":\"https:\/\/hubsch-interior.com\/fr\/produit\/seize-etagere-naturel\/#primaryimage\"},\"image\":{\"@id\":\"https:\/\/hubsch-interior.com\/fr\/produit\/seize-etagere-naturel\/#primaryimage\"},\"thumbnailUrl\":\"https:\/\/hubsch-interior.com\/wp-content\/uploads\/2026\/02\/seize-shelf-unit-natural-5b5fb7e0fc8881ed3a6f979985578a95.jpg\",\"datePublished\":\"2025-01-24T08:42:56+00:00\",\"dateModified\":\"2026-04-09T02:54:49+00:00\",\"description\":\"D\u00e9couvrez l'\u00c9tag\u00e8re Seize, un chef-d'\u0153uvre de design simple et asym\u00e9trique qui apporte une touche de nature \u00e0 l'int\u00e9rieur gr\u00e2ce \u00e0 ses finitions en bois de\",\"breadcrumb\":{\"@id\":\"https:\/\/hubsch-interior.com\/fr\/produit\/seize-etagere-naturel\/#breadcrumb\"},\"inLanguage\":\"fr-FR\",\"potentialAction\":[{\"@type\":\"ReadAction\",\"target\":[\"https:\/\/hubsch-interior.com\/fr\/produit\/seize-etagere-naturel\/\"]}]},{\"@type\":\"ImageObject\",\"inLanguage\":\"fr-FR\",\"@id\":\"https:\/\/hubsch-interior.com\/fr\/produit\/seize-etagere-naturel\/#primaryimage\",\"url\":\"https:\/\/hubsch-interior.com\/wp-content\/uploads\/2026\/02\/seize-shelf-unit-natural-5b5fb7e0fc8881ed3a6f979985578a95.jpg\",\"contentUrl\":\"https:\/\/hubsch-interior.com\/wp-content\/uploads\/2026\/02\/seize-shelf-unit-natural-5b5fb7e0fc8881ed3a6f979985578a95.jpg\",\"width\":1024,\"height\":1024},{\"@type\":\"BreadcrumbList\",\"@id\":\"https:\/\/hubsch-interior.com\/fr\/produit\/seize-etagere-naturel\/#breadcrumb\",\"itemListElement\":[{\"@type\":\"ListItem\",\"position\":1,\"name\":\"Page d'accueil\",\"item\":\"https:\/\/hubsch-interior.com\/fr\/\"},{\"@type\":\"ListItem\",\"position\":2,\"name\":\"Produits\",\"item\":\"https:\/\/hubsch-interior.com\/fr\/shop-2\/\"},{\"@type\":\"ListItem\",\"position\":3,\"name\":\"Meubles\",\"item\":\"https:\/\/hubsch-interior.com\/fr\/categorie-produit\/meubles\/\"},{\"@type\":\"ListItem\",\"position\":4,\"name\":\"Etag&egrave;res et meubles de rangement\",\"item\":\"https:\/\/hubsch-interior.com\/fr\/categorie-produit\/meubles\/etageres-et-meubles-de-rangement-fr\/\"},{\"@type\":\"ListItem\",\"position\":5,\"name\":\"Biblioth&egrave;ques\",\"item\":\"https:\/\/hubsch-interior.com\/fr\/categorie-produit\/meubles\/etageres-et-meubles-de-rangement-fr\/bibliotheques-fr\/\"},{\"@type\":\"ListItem\",\"position\":6,\"name\":\"Seize \u00c9tag\u00e8re Naturel\"}]},{\"@type\":\"WebSite\",\"@id\":\"https:\/\/hubsch-interior.com\/fr\/#website\",\"url\":\"https:\/\/hubsch-interior.com\/fr\/\",\"name\":\"H\u00fcbsch\",\"description\":\"Danish Home Interior and Design\",\"publisher\":{\"@id\":\"https:\/\/hubsch-interior.com\/fr\/#organization\"},\"potentialAction\":[{\"@type\":\"SearchAction\",\"target\":{\"@type\":\"EntryPoint\",\"urlTemplate\":\"https:\/\/hubsch-interior.com\/fr\/?s={search_term_string}\"},\"query-input\":{\"@type\":\"PropertyValueSpecification\",\"valueRequired\":true,\"valueName\":\"search_term_string\"}}],\"inLanguage\":\"fr-FR\"},{\"@type\":\"Organization\",\"@id\":\"https:\/\/hubsch-interior.com\/fr\/#organization\",\"name\":\"H\u00fcbsch\",\"url\":\"https:\/\/hubsch-interior.com\/fr\/\",\"logo\":{\"@type\":\"ImageObject\",\"inLanguage\":\"fr-FR\",\"@id\":\"https:\/\/hubsch-interior.com\/fr\/#\/schema\/logo\/image\/\",\"url\":\"https:\/\/hubsch-interior.com\/wp-content\/uploads\/2022\/12\/Hubsch_logo_black_one_line.svg\",\"contentUrl\":\"https:\/\/hubsch-interior.com\/wp-content\/uploads\/2022\/12\/Hubsch_logo_black_one_line.svg\",\"caption\":\"H\u00fcbsch\"},\"image\":{\"@id\":\"https:\/\/hubsch-interior.com\/fr\/#\/schema\/logo\/image\/\"}}]}<\/script>\n<!-- \/ Yoast SEO plugin. -->","yoast_head_json":{"title":"Seize \u00c9tag\u00e8re Naturel - H\u00fcbsch","description":"D\u00e9couvrez l'\u00c9tag\u00e8re Seize, un chef-d'\u0153uvre de design simple et asym\u00e9trique qui apporte une touche de nature \u00e0 l'int\u00e9rieur gr\u00e2ce \u00e0 ses finitions en bois de","robots":{"index":"index","follow":"follow","max-snippet":"max-snippet:-1","max-image-preview":"max-image-preview:large","max-video-preview":"max-video-preview:-1"},"canonical":"https:\/\/hubsch-interior.com\/fr\/wp-json\/wp\/v2\/product\/1009250","og_locale":"fr_FR","og_type":"article","og_title":"Seize \u00c9tag\u00e8re Naturel - H\u00fcbsch","og_description":"D\u00e9couvrez l'\u00c9tag\u00e8re Seize, un chef-d'\u0153uvre de design simple et asym\u00e9trique qui apporte une touche de nature \u00e0 l'int\u00e9rieur gr\u00e2ce \u00e0 ses finitions en bois de","og_url":"https:\/\/hubsch-interior.com\/fr\/produit\/seize-etagere-naturel\/","og_site_name":"H\u00fcbsch","article_modified_time":"2026-04-09T02:54:49+00:00","og_image":[{"width":1200,"height":1200,"url":"https:\/\/hubsch-interior.com\/wp-content\/uploads\/2025\/01\/seize-shelf-unit-natural-57f24574b4ba527918042cf183def497.jpg","type":"image\/jpeg"}],"twitter_card":"summary_large_image","twitter_misc":{"Dur\u00e9e de lecture estim\u00e9e":"1 minute"},"schema":{"@context":"https:\/\/schema.org","@graph":[{"@type":"WebPage","@id":"https:\/\/hubsch-interior.com\/fr\/produit\/seize-etagere-naturel\/","url":"https:\/\/hubsch-interior.com\/fr\/produit\/seize-etagere-naturel\/","name":"Seize \u00c9tag\u00e8re Naturel - H\u00fcbsch","isPartOf":{"@id":"https:\/\/hubsch-interior.com\/fr\/#website"},"primaryImageOfPage":{"@id":"https:\/\/hubsch-interior.com\/fr\/produit\/seize-etagere-naturel\/#primaryimage"},"image":{"@id":"https:\/\/hubsch-interior.com\/fr\/produit\/seize-etagere-naturel\/#primaryimage"},"thumbnailUrl":"https:\/\/hubsch-interior.com\/wp-content\/uploads\/2026\/02\/seize-shelf-unit-natural-5b5fb7e0fc8881ed3a6f979985578a95.jpg","datePublished":"2025-01-24T08:42:56+00:00","dateModified":"2026-04-09T02:54:49+00:00","description":"D\u00e9couvrez l'\u00c9tag\u00e8re Seize, un chef-d'\u0153uvre de design simple et asym\u00e9trique qui apporte une touche de nature \u00e0 l'int\u00e9rieur gr\u00e2ce \u00e0 ses finitions en bois de","breadcrumb":{"@id":"https:\/\/hubsch-interior.com\/fr\/produit\/seize-etagere-naturel\/#breadcrumb"},"inLanguage":"fr-FR","potentialAction":[{"@type":"ReadAction","target":["https:\/\/hubsch-interior.com\/fr\/produit\/seize-etagere-naturel\/"]}]},{"@type":"ImageObject","inLanguage":"fr-FR","@id":"https:\/\/hubsch-interior.com\/fr\/produit\/seize-etagere-naturel\/#primaryimage","url":"https:\/\/hubsch-interior.com\/wp-content\/uploads\/2026\/02\/seize-shelf-unit-natural-5b5fb7e0fc8881ed3a6f979985578a95.jpg","contentUrl":"https:\/\/hubsch-interior.com\/wp-content\/uploads\/2026\/02\/seize-shelf-unit-natural-5b5fb7e0fc8881ed3a6f979985578a95.jpg","width":1024,"height":1024},{"@type":"BreadcrumbList","@id":"https:\/\/hubsch-interior.com\/fr\/produit\/seize-etagere-naturel\/#breadcrumb","itemListElement":[{"@type":"ListItem","position":1,"name":"Page d'accueil","item":"https:\/\/hubsch-interior.com\/fr\/"},{"@type":"ListItem","position":2,"name":"Produits","item":"https:\/\/hubsch-interior.com\/fr\/shop-2\/"},{"@type":"ListItem","position":3,"name":"Meubles","item":"https:\/\/hubsch-interior.com\/fr\/categorie-produit\/meubles\/"},{"@type":"ListItem","position":4,"name":"Etag&egrave;res et meubles de rangement","item":"https:\/\/hubsch-interior.com\/fr\/categorie-produit\/meubles\/etageres-et-meubles-de-rangement-fr\/"},{"@type":"ListItem","position":5,"name":"Biblioth&egrave;ques","item":"https:\/\/hubsch-interior.com\/fr\/categorie-produit\/meubles\/etageres-et-meubles-de-rangement-fr\/bibliotheques-fr\/"},{"@type":"ListItem","position":6,"name":"Seize \u00c9tag\u00e8re Naturel"}]},{"@type":"WebSite","@id":"https:\/\/hubsch-interior.com\/fr\/#website","url":"https:\/\/hubsch-interior.com\/fr\/","name":"H\u00fcbsch","description":"Danish Home Interior and Design","publisher":{"@id":"https:\/\/hubsch-interior.com\/fr\/#organization"},"potentialAction":[{"@type":"SearchAction","target":{"@type":"EntryPoint","urlTemplate":"https:\/\/hubsch-interior.com\/fr\/?s={search_term_string}"},"query-input":{"@type":"PropertyValueSpecification","valueRequired":true,"valueName":"search_term_string"}}],"inLanguage":"fr-FR"},{"@type":"Organization","@id":"https:\/\/hubsch-interior.com\/fr\/#organization","name":"H\u00fcbsch","url":"https:\/\/hubsch-interior.com\/fr\/","logo":{"@type":"ImageObject","inLanguage":"fr-FR","@id":"https:\/\/hubsch-interior.com\/fr\/#\/schema\/logo\/image\/","url":"https:\/\/hubsch-interior.com\/wp-content\/uploads\/2022\/12\/Hubsch_logo_black_one_line.svg","contentUrl":"https:\/\/hubsch-interior.com\/wp-content\/uploads\/2022\/12\/Hubsch_logo_black_one_line.svg","caption":"H\u00fcbsch"},"image":{"@id":"https:\/\/hubsch-interior.com\/fr\/#\/schema\/logo\/image\/"}}]}},"_links":{"self":[{"href":"https:\/\/hubsch-interior.com\/fr\/wp-json\/wp\/v2\/product\/1009250","targetHints":{"allow":["GET"]}}],"collection":[{"href":"https:\/\/hubsch-interior.com\/fr\/wp-json\/wp\/v2\/product"}],"about":[{"href":"https:\/\/hubsch-interior.com\/fr\/wp-json\/wp\/v2\/types\/product"}],"wp:featuredmedia":[{"embeddable":true,"href":"https:\/\/hubsch-interior.com\/fr\/wp-json\/wp\/v2\/media\/1104524"}],"wp:attachment":[{"href":"https:\/\/hubsch-interior.com\/fr\/wp-json\/wp\/v2\/media?parent=1009250"}],"wp:term":[{"taxonomy":"product_brand","embeddable":true,"href":"https:\/\/hubsch-interior.com\/fr\/wp-json\/wp\/v2\/product_brand?post=1009250"},{"taxonomy":"product_cat","embeddable":true,"href":"https:\/\/hubsch-interior.com\/fr\/wp-json\/wp\/v2\/product_cat?post=1009250"},{"taxonomy":"product_tag","embeddable":true,"href":"https:\/\/hubsch-interior.com\/fr\/wp-json\/wp\/v2\/product_tag?post=1009250"}],"curies":[{"name":"wp","href":"https:\/\/api.w.org\/{rel}","templated":true}]}}