{"id":1009278,"date":"2025-01-24T09:43:37","date_gmt":"2025-01-24T08:43:37","guid":{"rendered":"https:\/\/hubsch-interior.com\/product\/product\/"},"modified":"2026-04-05T04:58:19","modified_gmt":"2026-04-05T02:58:19","slug":"bifi-banc-sable-naturel","status":"publish","type":"product","link":"https:\/\/hubsch-interior.com\/fr\/produit\/bifi-banc-sable-naturel\/","title":{"rendered":"Bifi Banc Sable\/Naturel"},"content":{"rendered":"<p>D\u00e9couvrez le Bifi Banc, un charmant ajout \u00e0 votre domicile. Certifi\u00e9 par le FSC, ce meuble s\u00e9duisant int\u00e8gre astucieusement un espace de rangement sous son assise rembourr\u00e9e pour plus de confort. Dissimulez vos chaussures, chapeaux et \u00e9charpes, tout en gardant votre entr\u00e9e ordonn\u00e9e et accueillante. Bien plus qu&#8217;un simple banc, c&#8217;est le si\u00e8ge fonctionnel id\u00e9al pour votre entr\u00e9e, alliant fonctionnalit\u00e9 et \u00e9l\u00e9gance. Parfait pour toute maison \u00e0 la recherche d&#8217;une touche de classe.<\/p>\n","protected":false},"excerpt":{"rendered":"<p>D\u00e9couvrez le Bifi Banc, un charmant ajout \u00e0 votre domicile. Certifi\u00e9 par le FSC, ce meuble s\u00e9duisant int\u00e8gre astucieusement un espace de rangement sous son assise rembourr\u00e9e pour plus de confort. Dissimulez vos chaussures, chapeaux et \u00e9charpes, tout en gardant votre entr\u00e9e ordonn\u00e9e et accueillante. Bien plus qu&#8217;un simple banc, c&#8217;est le si\u00e8ge fonctionnel id\u00e9al [&hellip;]<\/p>\n","protected":false},"featured_media":1104536,"template":"","meta":{"_acf_changed":false,"inline_featured_image":false},"product_brand":[],"product_cat":[6997,6322,2843,2877,5026],"product_tag":[],"class_list":{"0":"post-1009278","1":"product","2":"type-product","3":"status-publish","4":"has-post-thumbnail","6":"product_cat-the-buzz-fr","7":"product_cat-fsc-fr","8":"product_cat-assises-fr","9":"product_cat-bancs-fr","10":"product_cat-bestsellers-fr","11":"product_shipping_class-pk","13":"pa_color-sable","14":"pa_color-naturel-2","15":"pa_material-mdf-fr","16":"pa_material-polyester-100-fr","17":"pa_material-bois-de-chne-2","18":"pa_material-placage-de-chne-2","20":"first","21":"instock","22":"featured","23":"taxable","24":"shipping-taxable","25":"purchasable","26":"product-type-simple"},"exclude_global_add_ons":[],"addons":[],"acf":[],"yoast_head":"<!-- This site is optimized with the Yoast SEO plugin v26.4 - https:\/\/yoast.com\/wordpress\/plugins\/seo\/ -->\n<title>Bifi Banc Sable\/Naturel - H\u00fcbsch<\/title>\n<meta name=\"description\" content=\"D\u00e9couvrez le Bifi Banc, un charmant ajout \u00e0 votre domicile. Certifi\u00e9 par le FSC, ce meuble s\u00e9duisant int\u00e8gre astucieusement un espace de rangement sous\" \/>\n<meta name=\"robots\" content=\"index, follow, max-snippet:-1, max-image-preview:large, max-video-preview:-1\" \/>\n<link rel=\"canonical\" href=\"https:\/\/hubsch-interior.com\/fr\/wp-json\/wp\/v2\/product\/1009278\" \/>\n<meta property=\"og:locale\" content=\"fr_FR\" \/>\n<meta property=\"og:type\" content=\"article\" \/>\n<meta property=\"og:title\" content=\"Bifi Banc Sable\/Naturel - H\u00fcbsch\" \/>\n<meta property=\"og:description\" content=\"D\u00e9couvrez le Bifi Banc, un charmant ajout \u00e0 votre domicile. Certifi\u00e9 par le FSC, ce meuble s\u00e9duisant int\u00e8gre astucieusement un espace de rangement sous\" \/>\n<meta property=\"og:url\" content=\"https:\/\/hubsch-interior.com\/fr\/produit\/bifi-banc-sable-naturel\/\" \/>\n<meta property=\"og:site_name\" content=\"H\u00fcbsch\" \/>\n<meta property=\"article:modified_time\" content=\"2026-04-05T02:58:19+00:00\" \/>\n<meta property=\"og:image\" content=\"https:\/\/hubsch-interior.com\/wp-content\/uploads\/2025\/01\/bifi-bench-sandnatural-cd5fd56dd35fb01155cf6e8f717b4b12.jpg\" \/>\n\t<meta property=\"og:image:width\" content=\"1200\" \/>\n\t<meta property=\"og:image:height\" content=\"1200\" \/>\n\t<meta property=\"og:image:type\" content=\"image\/jpeg\" \/>\n<meta name=\"twitter:card\" content=\"summary_large_image\" \/>\n<script type=\"application\/ld+json\" class=\"yoast-schema-graph\">{\"@context\":\"https:\/\/schema.org\",\"@graph\":[{\"@type\":\"WebPage\",\"@id\":\"https:\/\/hubsch-interior.com\/fr\/produit\/bifi-banc-sable-naturel\/\",\"url\":\"https:\/\/hubsch-interior.com\/fr\/produit\/bifi-banc-sable-naturel\/\",\"name\":\"Bifi Banc Sable\/Naturel - H\u00fcbsch\",\"isPartOf\":{\"@id\":\"https:\/\/hubsch-interior.com\/fr\/#website\"},\"primaryImageOfPage\":{\"@id\":\"https:\/\/hubsch-interior.com\/fr\/produit\/bifi-banc-sable-naturel\/#primaryimage\"},\"image\":{\"@id\":\"https:\/\/hubsch-interior.com\/fr\/produit\/bifi-banc-sable-naturel\/#primaryimage\"},\"thumbnailUrl\":\"https:\/\/hubsch-interior.com\/wp-content\/uploads\/2026\/02\/bifi-bench-sandnatural-ccf3d259518da2a1154788ad6c475c2d.jpg\",\"datePublished\":\"2025-01-24T08:43:37+00:00\",\"dateModified\":\"2026-04-05T02:58:19+00:00\",\"description\":\"D\u00e9couvrez le Bifi Banc, un charmant ajout \u00e0 votre domicile. Certifi\u00e9 par le FSC, ce meuble s\u00e9duisant int\u00e8gre astucieusement un espace de rangement sous\",\"breadcrumb\":{\"@id\":\"https:\/\/hubsch-interior.com\/fr\/produit\/bifi-banc-sable-naturel\/#breadcrumb\"},\"inLanguage\":\"fr-FR\",\"potentialAction\":[{\"@type\":\"ReadAction\",\"target\":[\"https:\/\/hubsch-interior.com\/fr\/produit\/bifi-banc-sable-naturel\/\"]}]},{\"@type\":\"ImageObject\",\"inLanguage\":\"fr-FR\",\"@id\":\"https:\/\/hubsch-interior.com\/fr\/produit\/bifi-banc-sable-naturel\/#primaryimage\",\"url\":\"https:\/\/hubsch-interior.com\/wp-content\/uploads\/2026\/02\/bifi-bench-sandnatural-ccf3d259518da2a1154788ad6c475c2d.jpg\",\"contentUrl\":\"https:\/\/hubsch-interior.com\/wp-content\/uploads\/2026\/02\/bifi-bench-sandnatural-ccf3d259518da2a1154788ad6c475c2d.jpg\",\"width\":1024,\"height\":1024},{\"@type\":\"BreadcrumbList\",\"@id\":\"https:\/\/hubsch-interior.com\/fr\/produit\/bifi-banc-sable-naturel\/#breadcrumb\",\"itemListElement\":[{\"@type\":\"ListItem\",\"position\":1,\"name\":\"Page d'accueil\",\"item\":\"https:\/\/hubsch-interior.com\/fr\/\"},{\"@type\":\"ListItem\",\"position\":2,\"name\":\"Produits\",\"item\":\"https:\/\/hubsch-interior.com\/fr\/shop-2\/\"},{\"@type\":\"ListItem\",\"position\":3,\"name\":\"Meubles\",\"item\":\"https:\/\/hubsch-interior.com\/fr\/categorie-produit\/meubles\/\"},{\"@type\":\"ListItem\",\"position\":4,\"name\":\"Assises\",\"item\":\"https:\/\/hubsch-interior.com\/fr\/categorie-produit\/meubles\/assises-fr\/\"},{\"@type\":\"ListItem\",\"position\":5,\"name\":\"Bancs\",\"item\":\"https:\/\/hubsch-interior.com\/fr\/categorie-produit\/meubles\/assises-fr\/bancs-fr\/\"},{\"@type\":\"ListItem\",\"position\":6,\"name\":\"Bifi Banc Sable\/Naturel\"}]},{\"@type\":\"WebSite\",\"@id\":\"https:\/\/hubsch-interior.com\/fr\/#website\",\"url\":\"https:\/\/hubsch-interior.com\/fr\/\",\"name\":\"H\u00fcbsch\",\"description\":\"Danish Home Interior and Design\",\"publisher\":{\"@id\":\"https:\/\/hubsch-interior.com\/fr\/#organization\"},\"potentialAction\":[{\"@type\":\"SearchAction\",\"target\":{\"@type\":\"EntryPoint\",\"urlTemplate\":\"https:\/\/hubsch-interior.com\/fr\/?s={search_term_string}\"},\"query-input\":{\"@type\":\"PropertyValueSpecification\",\"valueRequired\":true,\"valueName\":\"search_term_string\"}}],\"inLanguage\":\"fr-FR\"},{\"@type\":\"Organization\",\"@id\":\"https:\/\/hubsch-interior.com\/fr\/#organization\",\"name\":\"H\u00fcbsch\",\"url\":\"https:\/\/hubsch-interior.com\/fr\/\",\"logo\":{\"@type\":\"ImageObject\",\"inLanguage\":\"fr-FR\",\"@id\":\"https:\/\/hubsch-interior.com\/fr\/#\/schema\/logo\/image\/\",\"url\":\"https:\/\/hubsch-interior.com\/wp-content\/uploads\/2022\/12\/Hubsch_logo_black_one_line.svg\",\"contentUrl\":\"https:\/\/hubsch-interior.com\/wp-content\/uploads\/2022\/12\/Hubsch_logo_black_one_line.svg\",\"caption\":\"H\u00fcbsch\"},\"image\":{\"@id\":\"https:\/\/hubsch-interior.com\/fr\/#\/schema\/logo\/image\/\"}}]}<\/script>\n<!-- \/ Yoast SEO plugin. -->","yoast_head_json":{"title":"Bifi Banc Sable\/Naturel - H\u00fcbsch","description":"D\u00e9couvrez le Bifi Banc, un charmant ajout \u00e0 votre domicile. Certifi\u00e9 par le FSC, ce meuble s\u00e9duisant int\u00e8gre astucieusement un espace de rangement sous","robots":{"index":"index","follow":"follow","max-snippet":"max-snippet:-1","max-image-preview":"max-image-preview:large","max-video-preview":"max-video-preview:-1"},"canonical":"https:\/\/hubsch-interior.com\/fr\/wp-json\/wp\/v2\/product\/1009278","og_locale":"fr_FR","og_type":"article","og_title":"Bifi Banc Sable\/Naturel - H\u00fcbsch","og_description":"D\u00e9couvrez le Bifi Banc, un charmant ajout \u00e0 votre domicile. Certifi\u00e9 par le FSC, ce meuble s\u00e9duisant int\u00e8gre astucieusement un espace de rangement sous","og_url":"https:\/\/hubsch-interior.com\/fr\/produit\/bifi-banc-sable-naturel\/","og_site_name":"H\u00fcbsch","article_modified_time":"2026-04-05T02:58:19+00:00","og_image":[{"width":1200,"height":1200,"url":"https:\/\/hubsch-interior.com\/wp-content\/uploads\/2025\/01\/bifi-bench-sandnatural-cd5fd56dd35fb01155cf6e8f717b4b12.jpg","type":"image\/jpeg"}],"twitter_card":"summary_large_image","schema":{"@context":"https:\/\/schema.org","@graph":[{"@type":"WebPage","@id":"https:\/\/hubsch-interior.com\/fr\/produit\/bifi-banc-sable-naturel\/","url":"https:\/\/hubsch-interior.com\/fr\/produit\/bifi-banc-sable-naturel\/","name":"Bifi Banc Sable\/Naturel - H\u00fcbsch","isPartOf":{"@id":"https:\/\/hubsch-interior.com\/fr\/#website"},"primaryImageOfPage":{"@id":"https:\/\/hubsch-interior.com\/fr\/produit\/bifi-banc-sable-naturel\/#primaryimage"},"image":{"@id":"https:\/\/hubsch-interior.com\/fr\/produit\/bifi-banc-sable-naturel\/#primaryimage"},"thumbnailUrl":"https:\/\/hubsch-interior.com\/wp-content\/uploads\/2026\/02\/bifi-bench-sandnatural-ccf3d259518da2a1154788ad6c475c2d.jpg","datePublished":"2025-01-24T08:43:37+00:00","dateModified":"2026-04-05T02:58:19+00:00","description":"D\u00e9couvrez le Bifi Banc, un charmant ajout \u00e0 votre domicile. Certifi\u00e9 par le FSC, ce meuble s\u00e9duisant int\u00e8gre astucieusement un espace de rangement sous","breadcrumb":{"@id":"https:\/\/hubsch-interior.com\/fr\/produit\/bifi-banc-sable-naturel\/#breadcrumb"},"inLanguage":"fr-FR","potentialAction":[{"@type":"ReadAction","target":["https:\/\/hubsch-interior.com\/fr\/produit\/bifi-banc-sable-naturel\/"]}]},{"@type":"ImageObject","inLanguage":"fr-FR","@id":"https:\/\/hubsch-interior.com\/fr\/produit\/bifi-banc-sable-naturel\/#primaryimage","url":"https:\/\/hubsch-interior.com\/wp-content\/uploads\/2026\/02\/bifi-bench-sandnatural-ccf3d259518da2a1154788ad6c475c2d.jpg","contentUrl":"https:\/\/hubsch-interior.com\/wp-content\/uploads\/2026\/02\/bifi-bench-sandnatural-ccf3d259518da2a1154788ad6c475c2d.jpg","width":1024,"height":1024},{"@type":"BreadcrumbList","@id":"https:\/\/hubsch-interior.com\/fr\/produit\/bifi-banc-sable-naturel\/#breadcrumb","itemListElement":[{"@type":"ListItem","position":1,"name":"Page d'accueil","item":"https:\/\/hubsch-interior.com\/fr\/"},{"@type":"ListItem","position":2,"name":"Produits","item":"https:\/\/hubsch-interior.com\/fr\/shop-2\/"},{"@type":"ListItem","position":3,"name":"Meubles","item":"https:\/\/hubsch-interior.com\/fr\/categorie-produit\/meubles\/"},{"@type":"ListItem","position":4,"name":"Assises","item":"https:\/\/hubsch-interior.com\/fr\/categorie-produit\/meubles\/assises-fr\/"},{"@type":"ListItem","position":5,"name":"Bancs","item":"https:\/\/hubsch-interior.com\/fr\/categorie-produit\/meubles\/assises-fr\/bancs-fr\/"},{"@type":"ListItem","position":6,"name":"Bifi Banc Sable\/Naturel"}]},{"@type":"WebSite","@id":"https:\/\/hubsch-interior.com\/fr\/#website","url":"https:\/\/hubsch-interior.com\/fr\/","name":"H\u00fcbsch","description":"Danish Home Interior and Design","publisher":{"@id":"https:\/\/hubsch-interior.com\/fr\/#organization"},"potentialAction":[{"@type":"SearchAction","target":{"@type":"EntryPoint","urlTemplate":"https:\/\/hubsch-interior.com\/fr\/?s={search_term_string}"},"query-input":{"@type":"PropertyValueSpecification","valueRequired":true,"valueName":"search_term_string"}}],"inLanguage":"fr-FR"},{"@type":"Organization","@id":"https:\/\/hubsch-interior.com\/fr\/#organization","name":"H\u00fcbsch","url":"https:\/\/hubsch-interior.com\/fr\/","logo":{"@type":"ImageObject","inLanguage":"fr-FR","@id":"https:\/\/hubsch-interior.com\/fr\/#\/schema\/logo\/image\/","url":"https:\/\/hubsch-interior.com\/wp-content\/uploads\/2022\/12\/Hubsch_logo_black_one_line.svg","contentUrl":"https:\/\/hubsch-interior.com\/wp-content\/uploads\/2022\/12\/Hubsch_logo_black_one_line.svg","caption":"H\u00fcbsch"},"image":{"@id":"https:\/\/hubsch-interior.com\/fr\/#\/schema\/logo\/image\/"}}]}},"_links":{"self":[{"href":"https:\/\/hubsch-interior.com\/fr\/wp-json\/wp\/v2\/product\/1009278","targetHints":{"allow":["GET"]}}],"collection":[{"href":"https:\/\/hubsch-interior.com\/fr\/wp-json\/wp\/v2\/product"}],"about":[{"href":"https:\/\/hubsch-interior.com\/fr\/wp-json\/wp\/v2\/types\/product"}],"wp:featuredmedia":[{"embeddable":true,"href":"https:\/\/hubsch-interior.com\/fr\/wp-json\/wp\/v2\/media\/1104536"}],"wp:attachment":[{"href":"https:\/\/hubsch-interior.com\/fr\/wp-json\/wp\/v2\/media?parent=1009278"}],"wp:term":[{"taxonomy":"product_brand","embeddable":true,"href":"https:\/\/hubsch-interior.com\/fr\/wp-json\/wp\/v2\/product_brand?post=1009278"},{"taxonomy":"product_cat","embeddable":true,"href":"https:\/\/hubsch-interior.com\/fr\/wp-json\/wp\/v2\/product_cat?post=1009278"},{"taxonomy":"product_tag","embeddable":true,"href":"https:\/\/hubsch-interior.com\/fr\/wp-json\/wp\/v2\/product_tag?post=1009278"}],"curies":[{"name":"wp","href":"https:\/\/api.w.org\/{rel}","templated":true}]}}