{"id":1009302,"date":"2025-01-24T09:44:01","date_gmt":"2025-01-24T08:44:01","guid":{"rendered":"https:\/\/hubsch-interior.com\/product\/product\/"},"modified":"2026-04-05T04:58:22","modified_gmt":"2026-04-05T02:58:22","slug":"geo-table-a-manger-naturel","status":"publish","type":"product","link":"https:\/\/hubsch-interior.com\/fr\/produit\/geo-table-a-manger-naturel\/","title":{"rendered":"Geo Table \u00e0 manger Naturel"},"content":{"rendered":"<p>D\u00e9couvrez le charme enveloppant de la Table \u00e0 manger Geo, un symbole de l&#8217;artisanat r\u00e9fl\u00e9chi. Confectionn\u00e9e en bois de ch\u00eane certifi\u00e9 FSC et en placage, elle arbore une teinte naturelle qui instille une ambiance sereine dans tout espace de repas. Cette table carr\u00e9e allie caract\u00e8re et fonctionnalit\u00e9 quotidienne, la rendant parfaitement adapt\u00e9e aux petits espaces de vie. Pouvant accueillir confortablement jusqu&#8217;\u00e0 4 personnes, elle est id\u00e9ale pour des d\u00eeners intimes ou des repas familiaux conviviaux, garantissant que chaque rassemblement soit \u00e0 la fois charmant et m\u00e9morable.<\/p>\n","protected":false},"excerpt":{"rendered":"<p>D\u00e9couvrez le charme enveloppant de la Table \u00e0 manger Geo, un symbole de l&#8217;artisanat r\u00e9fl\u00e9chi. Confectionn\u00e9e en bois de ch\u00eane certifi\u00e9 FSC et en placage, elle arbore une teinte naturelle qui instille une ambiance sereine dans tout espace de repas. Cette table carr\u00e9e allie caract\u00e8re et fonctionnalit\u00e9 quotidienne, la rendant parfaitement adapt\u00e9e aux petits espaces [&hellip;]<\/p>\n","protected":false},"featured_media":1104560,"template":"","meta":{"_acf_changed":false,"inline_featured_image":false},"product_brand":[],"product_cat":[6997,6322,2859,4215],"product_tag":[],"class_list":{"0":"post-1009302","1":"product","2":"type-product","3":"status-publish","4":"has-post-thumbnail","6":"product_cat-the-buzz-fr","7":"product_cat-fsc-fr","8":"product_cat-tables-fr","9":"product_cat-tables-a-manger-fr","10":"product_shipping_class-p10","12":"pa_color-naturel-2","13":"pa_material-mdf-fr","14":"pa_material-bois-de-chne-2","15":"pa_material-placage-de-chne-2","17":"first","18":"instock","19":"taxable","20":"shipping-taxable","21":"purchasable","22":"product-type-simple"},"exclude_global_add_ons":[],"addons":[],"acf":[],"yoast_head":"<!-- This site is optimized with the Yoast SEO plugin v26.4 - https:\/\/yoast.com\/wordpress\/plugins\/seo\/ -->\n<title>Geo Table \u00e0 manger Naturel - H\u00fcbsch<\/title>\n<meta name=\"description\" content=\"D\u00e9couvrez le charme enveloppant de la Table \u00e0 manger Geo, un symbole de l&#039;artisanat r\u00e9fl\u00e9chi. Confectionn\u00e9e en bois de ch\u00eane certifi\u00e9 FSC et en placage,\" \/>\n<meta name=\"robots\" content=\"index, follow, max-snippet:-1, max-image-preview:large, max-video-preview:-1\" \/>\n<link rel=\"canonical\" href=\"https:\/\/hubsch-interior.com\/fr\/wp-json\/wp\/v2\/product\/1009302\" \/>\n<meta property=\"og:locale\" content=\"fr_FR\" \/>\n<meta property=\"og:type\" content=\"article\" \/>\n<meta property=\"og:title\" content=\"Geo Table \u00e0 manger Naturel - H\u00fcbsch\" \/>\n<meta property=\"og:description\" content=\"D\u00e9couvrez le charme enveloppant de la Table \u00e0 manger Geo, un symbole de l&#039;artisanat r\u00e9fl\u00e9chi. Confectionn\u00e9e en bois de ch\u00eane certifi\u00e9 FSC et en placage,\" \/>\n<meta property=\"og:url\" content=\"https:\/\/hubsch-interior.com\/fr\/produit\/geo-table-a-manger-naturel\/\" \/>\n<meta property=\"og:site_name\" content=\"H\u00fcbsch\" \/>\n<meta property=\"article:modified_time\" content=\"2026-04-05T02:58:22+00:00\" \/>\n<meta property=\"og:image\" content=\"https:\/\/hubsch-interior.com\/wp-content\/uploads\/2025\/01\/geo-dining-table-natural-d61d043ea50a7d631a95a5b2f86f0200.jpg\" \/>\n\t<meta property=\"og:image:width\" content=\"1200\" \/>\n\t<meta property=\"og:image:height\" content=\"1200\" \/>\n\t<meta property=\"og:image:type\" content=\"image\/jpeg\" \/>\n<meta name=\"twitter:card\" content=\"summary_large_image\" \/>\n<script type=\"application\/ld+json\" class=\"yoast-schema-graph\">{\"@context\":\"https:\/\/schema.org\",\"@graph\":[{\"@type\":\"WebPage\",\"@id\":\"https:\/\/hubsch-interior.com\/fr\/produit\/geo-table-a-manger-naturel\/\",\"url\":\"https:\/\/hubsch-interior.com\/fr\/produit\/geo-table-a-manger-naturel\/\",\"name\":\"Geo Table \u00e0 manger Naturel - H\u00fcbsch\",\"isPartOf\":{\"@id\":\"https:\/\/hubsch-interior.com\/fr\/#website\"},\"primaryImageOfPage\":{\"@id\":\"https:\/\/hubsch-interior.com\/fr\/produit\/geo-table-a-manger-naturel\/#primaryimage\"},\"image\":{\"@id\":\"https:\/\/hubsch-interior.com\/fr\/produit\/geo-table-a-manger-naturel\/#primaryimage\"},\"thumbnailUrl\":\"https:\/\/hubsch-interior.com\/wp-content\/uploads\/2026\/02\/geo-dining-table-natural-65d173bba5c9e2bc9fe9f5606fe2ca08.jpg\",\"datePublished\":\"2025-01-24T08:44:01+00:00\",\"dateModified\":\"2026-04-05T02:58:22+00:00\",\"description\":\"D\u00e9couvrez le charme enveloppant de la Table \u00e0 manger Geo, un symbole de l'artisanat r\u00e9fl\u00e9chi. Confectionn\u00e9e en bois de ch\u00eane certifi\u00e9 FSC et en placage,\",\"breadcrumb\":{\"@id\":\"https:\/\/hubsch-interior.com\/fr\/produit\/geo-table-a-manger-naturel\/#breadcrumb\"},\"inLanguage\":\"fr-FR\",\"potentialAction\":[{\"@type\":\"ReadAction\",\"target\":[\"https:\/\/hubsch-interior.com\/fr\/produit\/geo-table-a-manger-naturel\/\"]}]},{\"@type\":\"ImageObject\",\"inLanguage\":\"fr-FR\",\"@id\":\"https:\/\/hubsch-interior.com\/fr\/produit\/geo-table-a-manger-naturel\/#primaryimage\",\"url\":\"https:\/\/hubsch-interior.com\/wp-content\/uploads\/2026\/02\/geo-dining-table-natural-65d173bba5c9e2bc9fe9f5606fe2ca08.jpg\",\"contentUrl\":\"https:\/\/hubsch-interior.com\/wp-content\/uploads\/2026\/02\/geo-dining-table-natural-65d173bba5c9e2bc9fe9f5606fe2ca08.jpg\",\"width\":1024,\"height\":1024},{\"@type\":\"BreadcrumbList\",\"@id\":\"https:\/\/hubsch-interior.com\/fr\/produit\/geo-table-a-manger-naturel\/#breadcrumb\",\"itemListElement\":[{\"@type\":\"ListItem\",\"position\":1,\"name\":\"Page d'accueil\",\"item\":\"https:\/\/hubsch-interior.com\/fr\/\"},{\"@type\":\"ListItem\",\"position\":2,\"name\":\"Produits\",\"item\":\"https:\/\/hubsch-interior.com\/fr\/shop-2\/\"},{\"@type\":\"ListItem\",\"position\":3,\"name\":\"Meubles\",\"item\":\"https:\/\/hubsch-interior.com\/fr\/categorie-produit\/meubles\/\"},{\"@type\":\"ListItem\",\"position\":4,\"name\":\"Tables\",\"item\":\"https:\/\/hubsch-interior.com\/fr\/categorie-produit\/meubles\/tables-fr\/\"},{\"@type\":\"ListItem\",\"position\":5,\"name\":\"Tables &agrave; manger\",\"item\":\"https:\/\/hubsch-interior.com\/fr\/categorie-produit\/meubles\/tables-fr\/tables-a-manger-fr\/\"},{\"@type\":\"ListItem\",\"position\":6,\"name\":\"Geo Table \u00e0 manger Naturel\"}]},{\"@type\":\"WebSite\",\"@id\":\"https:\/\/hubsch-interior.com\/fr\/#website\",\"url\":\"https:\/\/hubsch-interior.com\/fr\/\",\"name\":\"H\u00fcbsch\",\"description\":\"Danish Home Interior and Design\",\"publisher\":{\"@id\":\"https:\/\/hubsch-interior.com\/fr\/#organization\"},\"potentialAction\":[{\"@type\":\"SearchAction\",\"target\":{\"@type\":\"EntryPoint\",\"urlTemplate\":\"https:\/\/hubsch-interior.com\/fr\/?s={search_term_string}\"},\"query-input\":{\"@type\":\"PropertyValueSpecification\",\"valueRequired\":true,\"valueName\":\"search_term_string\"}}],\"inLanguage\":\"fr-FR\"},{\"@type\":\"Organization\",\"@id\":\"https:\/\/hubsch-interior.com\/fr\/#organization\",\"name\":\"H\u00fcbsch\",\"url\":\"https:\/\/hubsch-interior.com\/fr\/\",\"logo\":{\"@type\":\"ImageObject\",\"inLanguage\":\"fr-FR\",\"@id\":\"https:\/\/hubsch-interior.com\/fr\/#\/schema\/logo\/image\/\",\"url\":\"https:\/\/hubsch-interior.com\/wp-content\/uploads\/2022\/12\/Hubsch_logo_black_one_line.svg\",\"contentUrl\":\"https:\/\/hubsch-interior.com\/wp-content\/uploads\/2022\/12\/Hubsch_logo_black_one_line.svg\",\"caption\":\"H\u00fcbsch\"},\"image\":{\"@id\":\"https:\/\/hubsch-interior.com\/fr\/#\/schema\/logo\/image\/\"}}]}<\/script>\n<!-- \/ Yoast SEO plugin. -->","yoast_head_json":{"title":"Geo Table \u00e0 manger Naturel - H\u00fcbsch","description":"D\u00e9couvrez le charme enveloppant de la Table \u00e0 manger Geo, un symbole de l'artisanat r\u00e9fl\u00e9chi. Confectionn\u00e9e en bois de ch\u00eane certifi\u00e9 FSC et en placage,","robots":{"index":"index","follow":"follow","max-snippet":"max-snippet:-1","max-image-preview":"max-image-preview:large","max-video-preview":"max-video-preview:-1"},"canonical":"https:\/\/hubsch-interior.com\/fr\/wp-json\/wp\/v2\/product\/1009302","og_locale":"fr_FR","og_type":"article","og_title":"Geo Table \u00e0 manger Naturel - H\u00fcbsch","og_description":"D\u00e9couvrez le charme enveloppant de la Table \u00e0 manger Geo, un symbole de l'artisanat r\u00e9fl\u00e9chi. Confectionn\u00e9e en bois de ch\u00eane certifi\u00e9 FSC et en placage,","og_url":"https:\/\/hubsch-interior.com\/fr\/produit\/geo-table-a-manger-naturel\/","og_site_name":"H\u00fcbsch","article_modified_time":"2026-04-05T02:58:22+00:00","og_image":[{"width":1200,"height":1200,"url":"https:\/\/hubsch-interior.com\/wp-content\/uploads\/2025\/01\/geo-dining-table-natural-d61d043ea50a7d631a95a5b2f86f0200.jpg","type":"image\/jpeg"}],"twitter_card":"summary_large_image","schema":{"@context":"https:\/\/schema.org","@graph":[{"@type":"WebPage","@id":"https:\/\/hubsch-interior.com\/fr\/produit\/geo-table-a-manger-naturel\/","url":"https:\/\/hubsch-interior.com\/fr\/produit\/geo-table-a-manger-naturel\/","name":"Geo Table \u00e0 manger Naturel - H\u00fcbsch","isPartOf":{"@id":"https:\/\/hubsch-interior.com\/fr\/#website"},"primaryImageOfPage":{"@id":"https:\/\/hubsch-interior.com\/fr\/produit\/geo-table-a-manger-naturel\/#primaryimage"},"image":{"@id":"https:\/\/hubsch-interior.com\/fr\/produit\/geo-table-a-manger-naturel\/#primaryimage"},"thumbnailUrl":"https:\/\/hubsch-interior.com\/wp-content\/uploads\/2026\/02\/geo-dining-table-natural-65d173bba5c9e2bc9fe9f5606fe2ca08.jpg","datePublished":"2025-01-24T08:44:01+00:00","dateModified":"2026-04-05T02:58:22+00:00","description":"D\u00e9couvrez le charme enveloppant de la Table \u00e0 manger Geo, un symbole de l'artisanat r\u00e9fl\u00e9chi. Confectionn\u00e9e en bois de ch\u00eane certifi\u00e9 FSC et en placage,","breadcrumb":{"@id":"https:\/\/hubsch-interior.com\/fr\/produit\/geo-table-a-manger-naturel\/#breadcrumb"},"inLanguage":"fr-FR","potentialAction":[{"@type":"ReadAction","target":["https:\/\/hubsch-interior.com\/fr\/produit\/geo-table-a-manger-naturel\/"]}]},{"@type":"ImageObject","inLanguage":"fr-FR","@id":"https:\/\/hubsch-interior.com\/fr\/produit\/geo-table-a-manger-naturel\/#primaryimage","url":"https:\/\/hubsch-interior.com\/wp-content\/uploads\/2026\/02\/geo-dining-table-natural-65d173bba5c9e2bc9fe9f5606fe2ca08.jpg","contentUrl":"https:\/\/hubsch-interior.com\/wp-content\/uploads\/2026\/02\/geo-dining-table-natural-65d173bba5c9e2bc9fe9f5606fe2ca08.jpg","width":1024,"height":1024},{"@type":"BreadcrumbList","@id":"https:\/\/hubsch-interior.com\/fr\/produit\/geo-table-a-manger-naturel\/#breadcrumb","itemListElement":[{"@type":"ListItem","position":1,"name":"Page d'accueil","item":"https:\/\/hubsch-interior.com\/fr\/"},{"@type":"ListItem","position":2,"name":"Produits","item":"https:\/\/hubsch-interior.com\/fr\/shop-2\/"},{"@type":"ListItem","position":3,"name":"Meubles","item":"https:\/\/hubsch-interior.com\/fr\/categorie-produit\/meubles\/"},{"@type":"ListItem","position":4,"name":"Tables","item":"https:\/\/hubsch-interior.com\/fr\/categorie-produit\/meubles\/tables-fr\/"},{"@type":"ListItem","position":5,"name":"Tables &agrave; manger","item":"https:\/\/hubsch-interior.com\/fr\/categorie-produit\/meubles\/tables-fr\/tables-a-manger-fr\/"},{"@type":"ListItem","position":6,"name":"Geo Table \u00e0 manger Naturel"}]},{"@type":"WebSite","@id":"https:\/\/hubsch-interior.com\/fr\/#website","url":"https:\/\/hubsch-interior.com\/fr\/","name":"H\u00fcbsch","description":"Danish Home Interior and Design","publisher":{"@id":"https:\/\/hubsch-interior.com\/fr\/#organization"},"potentialAction":[{"@type":"SearchAction","target":{"@type":"EntryPoint","urlTemplate":"https:\/\/hubsch-interior.com\/fr\/?s={search_term_string}"},"query-input":{"@type":"PropertyValueSpecification","valueRequired":true,"valueName":"search_term_string"}}],"inLanguage":"fr-FR"},{"@type":"Organization","@id":"https:\/\/hubsch-interior.com\/fr\/#organization","name":"H\u00fcbsch","url":"https:\/\/hubsch-interior.com\/fr\/","logo":{"@type":"ImageObject","inLanguage":"fr-FR","@id":"https:\/\/hubsch-interior.com\/fr\/#\/schema\/logo\/image\/","url":"https:\/\/hubsch-interior.com\/wp-content\/uploads\/2022\/12\/Hubsch_logo_black_one_line.svg","contentUrl":"https:\/\/hubsch-interior.com\/wp-content\/uploads\/2022\/12\/Hubsch_logo_black_one_line.svg","caption":"H\u00fcbsch"},"image":{"@id":"https:\/\/hubsch-interior.com\/fr\/#\/schema\/logo\/image\/"}}]}},"_links":{"self":[{"href":"https:\/\/hubsch-interior.com\/fr\/wp-json\/wp\/v2\/product\/1009302","targetHints":{"allow":["GET"]}}],"collection":[{"href":"https:\/\/hubsch-interior.com\/fr\/wp-json\/wp\/v2\/product"}],"about":[{"href":"https:\/\/hubsch-interior.com\/fr\/wp-json\/wp\/v2\/types\/product"}],"wp:featuredmedia":[{"embeddable":true,"href":"https:\/\/hubsch-interior.com\/fr\/wp-json\/wp\/v2\/media\/1104560"}],"wp:attachment":[{"href":"https:\/\/hubsch-interior.com\/fr\/wp-json\/wp\/v2\/media?parent=1009302"}],"wp:term":[{"taxonomy":"product_brand","embeddable":true,"href":"https:\/\/hubsch-interior.com\/fr\/wp-json\/wp\/v2\/product_brand?post=1009302"},{"taxonomy":"product_cat","embeddable":true,"href":"https:\/\/hubsch-interior.com\/fr\/wp-json\/wp\/v2\/product_cat?post=1009302"},{"taxonomy":"product_tag","embeddable":true,"href":"https:\/\/hubsch-interior.com\/fr\/wp-json\/wp\/v2\/product_tag?post=1009302"}],"curies":[{"name":"wp","href":"https:\/\/api.w.org\/{rel}","templated":true}]}}