{"id":1009326,"date":"2025-01-24T09:44:23","date_gmt":"2025-01-24T08:44:23","guid":{"rendered":"https:\/\/hubsch-interior.com\/product\/product\/"},"modified":"2026-04-04T04:56:47","modified_gmt":"2026-04-04T02:56:47","slug":"utility-bureau-naturel","status":"publish","type":"product","link":"https:\/\/hubsch-interior.com\/fr\/produit\/utility-bureau-naturel\/","title":{"rendered":"Utility Bureau Naturel"},"content":{"rendered":"<p>Rencontrez votre nouveau compagnon de cr\u00e9ativit\u00e9 : le Bureau Utilitaire. Le bureau id\u00e9al pour les cr\u00e9atifs, ce meuble pr\u00e9sente une finition naturelle charmante qui s&#8217;adapte \u00e0 toute pi\u00e8ce. Fabriqu\u00e9 en bois certifi\u00e9 FSC, il est \u00e9quip\u00e9 d&#8217;\u00e9tag\u00e8res int\u00e9gr\u00e9es et d&#8217;une solution de rangement astucieuse sous le plateau. De plus, avec des roulettes ajout\u00e9es pour la mobilit\u00e9, vous pouvez facilement d\u00e9placer ce bureau l\u00e0 o\u00f9 l&#8217;inspiration vous m\u00e8ne. Le Bureau Utilitaire est vraiment un bureau qui r\u00e9pond \u00e0 tous les besoins, alliant fonctionnalit\u00e9 et style de mani\u00e8re fluide dans vos pursuits cr\u00e9atifs.<\/p>\n","protected":false},"excerpt":{"rendered":"<p>Rencontrez votre nouveau compagnon de cr\u00e9ativit\u00e9 : le Bureau Utilitaire. Le bureau id\u00e9al pour les cr\u00e9atifs, ce meuble pr\u00e9sente une finition naturelle charmante qui s&#8217;adapte \u00e0 toute pi\u00e8ce. Fabriqu\u00e9 en bois certifi\u00e9 FSC, il est \u00e9quip\u00e9 d&#8217;\u00e9tag\u00e8res int\u00e9gr\u00e9es et d&#8217;une solution de rangement astucieuse sous le plateau. De plus, avec des roulettes ajout\u00e9es pour la [&hellip;]<\/p>\n","protected":false},"featured_media":1104588,"template":"","meta":{"_acf_changed":false,"inline_featured_image":false},"product_brand":[],"product_cat":[6997,6322,2859,2905],"product_tag":[],"class_list":{"0":"post-1009326","1":"product","2":"type-product","3":"status-publish","4":"has-post-thumbnail","6":"product_cat-the-buzz-fr","7":"product_cat-fsc-fr","8":"product_cat-tables-fr","9":"product_cat-bureaux-fr","10":"product_shipping_class-p10","12":"pa_color-naturel-2","13":"pa_material-mdf-fr","14":"pa_material-placage-de-chne-2","16":"first","17":"instock","18":"taxable","19":"shipping-taxable","20":"purchasable","21":"product-type-simple"},"exclude_global_add_ons":[],"addons":[],"acf":[],"yoast_head":"<!-- This site is optimized with the Yoast SEO plugin v26.4 - https:\/\/yoast.com\/wordpress\/plugins\/seo\/ -->\n<title>Utility Bureau Naturel - H\u00fcbsch<\/title>\n<meta name=\"description\" content=\"Rencontrez votre nouveau compagnon de cr\u00e9ativit\u00e9 : le Bureau Utilitaire. Le bureau id\u00e9al pour les cr\u00e9atifs, ce meuble pr\u00e9sente une finition naturelle\" \/>\n<meta name=\"robots\" content=\"index, follow, max-snippet:-1, max-image-preview:large, max-video-preview:-1\" \/>\n<link rel=\"canonical\" href=\"https:\/\/hubsch-interior.com\/fr\/wp-json\/wp\/v2\/product\/1009326\" \/>\n<meta property=\"og:locale\" content=\"fr_FR\" \/>\n<meta property=\"og:type\" content=\"article\" \/>\n<meta property=\"og:title\" content=\"Utility Bureau Naturel - H\u00fcbsch\" \/>\n<meta property=\"og:description\" content=\"Rencontrez votre nouveau compagnon de cr\u00e9ativit\u00e9 : le Bureau Utilitaire. Le bureau id\u00e9al pour les cr\u00e9atifs, ce meuble pr\u00e9sente une finition naturelle\" \/>\n<meta property=\"og:url\" content=\"https:\/\/hubsch-interior.com\/fr\/produit\/utility-bureau-naturel\/\" \/>\n<meta property=\"og:site_name\" content=\"H\u00fcbsch\" \/>\n<meta property=\"article:modified_time\" content=\"2026-04-04T02:56:47+00:00\" \/>\n<meta property=\"og:image\" content=\"https:\/\/hubsch-interior.com\/wp-content\/uploads\/2025\/01\/utility-desk-natural-55dd986ea947e9a6ea9f258d4a988fd7.jpg\" \/>\n\t<meta property=\"og:image:width\" content=\"1200\" \/>\n\t<meta property=\"og:image:height\" content=\"1200\" \/>\n\t<meta property=\"og:image:type\" content=\"image\/jpeg\" \/>\n<meta name=\"twitter:card\" content=\"summary_large_image\" \/>\n<meta name=\"twitter:label1\" content=\"Dur\u00e9e de lecture estim\u00e9e\" \/>\n\t<meta name=\"twitter:data1\" content=\"1 minute\" \/>\n<script type=\"application\/ld+json\" class=\"yoast-schema-graph\">{\"@context\":\"https:\/\/schema.org\",\"@graph\":[{\"@type\":\"WebPage\",\"@id\":\"https:\/\/hubsch-interior.com\/fr\/produit\/utility-bureau-naturel\/\",\"url\":\"https:\/\/hubsch-interior.com\/fr\/produit\/utility-bureau-naturel\/\",\"name\":\"Utility Bureau Naturel - H\u00fcbsch\",\"isPartOf\":{\"@id\":\"https:\/\/hubsch-interior.com\/fr\/#website\"},\"primaryImageOfPage\":{\"@id\":\"https:\/\/hubsch-interior.com\/fr\/produit\/utility-bureau-naturel\/#primaryimage\"},\"image\":{\"@id\":\"https:\/\/hubsch-interior.com\/fr\/produit\/utility-bureau-naturel\/#primaryimage\"},\"thumbnailUrl\":\"https:\/\/hubsch-interior.com\/wp-content\/uploads\/2026\/02\/utility-desk-natural-cb12c82300ba15c46b4e84dc96678ec0.jpg\",\"datePublished\":\"2025-01-24T08:44:23+00:00\",\"dateModified\":\"2026-04-04T02:56:47+00:00\",\"description\":\"Rencontrez votre nouveau compagnon de cr\u00e9ativit\u00e9 : le Bureau Utilitaire. Le bureau id\u00e9al pour les cr\u00e9atifs, ce meuble pr\u00e9sente une finition naturelle\",\"breadcrumb\":{\"@id\":\"https:\/\/hubsch-interior.com\/fr\/produit\/utility-bureau-naturel\/#breadcrumb\"},\"inLanguage\":\"fr-FR\",\"potentialAction\":[{\"@type\":\"ReadAction\",\"target\":[\"https:\/\/hubsch-interior.com\/fr\/produit\/utility-bureau-naturel\/\"]}]},{\"@type\":\"ImageObject\",\"inLanguage\":\"fr-FR\",\"@id\":\"https:\/\/hubsch-interior.com\/fr\/produit\/utility-bureau-naturel\/#primaryimage\",\"url\":\"https:\/\/hubsch-interior.com\/wp-content\/uploads\/2026\/02\/utility-desk-natural-cb12c82300ba15c46b4e84dc96678ec0.jpg\",\"contentUrl\":\"https:\/\/hubsch-interior.com\/wp-content\/uploads\/2026\/02\/utility-desk-natural-cb12c82300ba15c46b4e84dc96678ec0.jpg\",\"width\":1024,\"height\":1024},{\"@type\":\"BreadcrumbList\",\"@id\":\"https:\/\/hubsch-interior.com\/fr\/produit\/utility-bureau-naturel\/#breadcrumb\",\"itemListElement\":[{\"@type\":\"ListItem\",\"position\":1,\"name\":\"Page d'accueil\",\"item\":\"https:\/\/hubsch-interior.com\/fr\/\"},{\"@type\":\"ListItem\",\"position\":2,\"name\":\"Produits\",\"item\":\"https:\/\/hubsch-interior.com\/fr\/shop-2\/\"},{\"@type\":\"ListItem\",\"position\":3,\"name\":\"Meubles\",\"item\":\"https:\/\/hubsch-interior.com\/fr\/categorie-produit\/meubles\/\"},{\"@type\":\"ListItem\",\"position\":4,\"name\":\"Tables\",\"item\":\"https:\/\/hubsch-interior.com\/fr\/categorie-produit\/meubles\/tables-fr\/\"},{\"@type\":\"ListItem\",\"position\":5,\"name\":\"Bureaux\",\"item\":\"https:\/\/hubsch-interior.com\/fr\/categorie-produit\/meubles\/tables-fr\/bureaux-fr\/\"},{\"@type\":\"ListItem\",\"position\":6,\"name\":\"Utility Bureau Naturel\"}]},{\"@type\":\"WebSite\",\"@id\":\"https:\/\/hubsch-interior.com\/fr\/#website\",\"url\":\"https:\/\/hubsch-interior.com\/fr\/\",\"name\":\"H\u00fcbsch\",\"description\":\"Danish Home Interior and Design\",\"publisher\":{\"@id\":\"https:\/\/hubsch-interior.com\/fr\/#organization\"},\"potentialAction\":[{\"@type\":\"SearchAction\",\"target\":{\"@type\":\"EntryPoint\",\"urlTemplate\":\"https:\/\/hubsch-interior.com\/fr\/?s={search_term_string}\"},\"query-input\":{\"@type\":\"PropertyValueSpecification\",\"valueRequired\":true,\"valueName\":\"search_term_string\"}}],\"inLanguage\":\"fr-FR\"},{\"@type\":\"Organization\",\"@id\":\"https:\/\/hubsch-interior.com\/fr\/#organization\",\"name\":\"H\u00fcbsch\",\"url\":\"https:\/\/hubsch-interior.com\/fr\/\",\"logo\":{\"@type\":\"ImageObject\",\"inLanguage\":\"fr-FR\",\"@id\":\"https:\/\/hubsch-interior.com\/fr\/#\/schema\/logo\/image\/\",\"url\":\"https:\/\/hubsch-interior.com\/wp-content\/uploads\/2022\/12\/Hubsch_logo_black_one_line.svg\",\"contentUrl\":\"https:\/\/hubsch-interior.com\/wp-content\/uploads\/2022\/12\/Hubsch_logo_black_one_line.svg\",\"caption\":\"H\u00fcbsch\"},\"image\":{\"@id\":\"https:\/\/hubsch-interior.com\/fr\/#\/schema\/logo\/image\/\"}}]}<\/script>\n<!-- \/ Yoast SEO plugin. -->","yoast_head_json":{"title":"Utility Bureau Naturel - H\u00fcbsch","description":"Rencontrez votre nouveau compagnon de cr\u00e9ativit\u00e9 : le Bureau Utilitaire. Le bureau id\u00e9al pour les cr\u00e9atifs, ce meuble pr\u00e9sente une finition naturelle","robots":{"index":"index","follow":"follow","max-snippet":"max-snippet:-1","max-image-preview":"max-image-preview:large","max-video-preview":"max-video-preview:-1"},"canonical":"https:\/\/hubsch-interior.com\/fr\/wp-json\/wp\/v2\/product\/1009326","og_locale":"fr_FR","og_type":"article","og_title":"Utility Bureau Naturel - H\u00fcbsch","og_description":"Rencontrez votre nouveau compagnon de cr\u00e9ativit\u00e9 : le Bureau Utilitaire. Le bureau id\u00e9al pour les cr\u00e9atifs, ce meuble pr\u00e9sente une finition naturelle","og_url":"https:\/\/hubsch-interior.com\/fr\/produit\/utility-bureau-naturel\/","og_site_name":"H\u00fcbsch","article_modified_time":"2026-04-04T02:56:47+00:00","og_image":[{"width":1200,"height":1200,"url":"https:\/\/hubsch-interior.com\/wp-content\/uploads\/2025\/01\/utility-desk-natural-55dd986ea947e9a6ea9f258d4a988fd7.jpg","type":"image\/jpeg"}],"twitter_card":"summary_large_image","twitter_misc":{"Dur\u00e9e de lecture estim\u00e9e":"1 minute"},"schema":{"@context":"https:\/\/schema.org","@graph":[{"@type":"WebPage","@id":"https:\/\/hubsch-interior.com\/fr\/produit\/utility-bureau-naturel\/","url":"https:\/\/hubsch-interior.com\/fr\/produit\/utility-bureau-naturel\/","name":"Utility Bureau Naturel - H\u00fcbsch","isPartOf":{"@id":"https:\/\/hubsch-interior.com\/fr\/#website"},"primaryImageOfPage":{"@id":"https:\/\/hubsch-interior.com\/fr\/produit\/utility-bureau-naturel\/#primaryimage"},"image":{"@id":"https:\/\/hubsch-interior.com\/fr\/produit\/utility-bureau-naturel\/#primaryimage"},"thumbnailUrl":"https:\/\/hubsch-interior.com\/wp-content\/uploads\/2026\/02\/utility-desk-natural-cb12c82300ba15c46b4e84dc96678ec0.jpg","datePublished":"2025-01-24T08:44:23+00:00","dateModified":"2026-04-04T02:56:47+00:00","description":"Rencontrez votre nouveau compagnon de cr\u00e9ativit\u00e9 : le Bureau Utilitaire. Le bureau id\u00e9al pour les cr\u00e9atifs, ce meuble pr\u00e9sente une finition naturelle","breadcrumb":{"@id":"https:\/\/hubsch-interior.com\/fr\/produit\/utility-bureau-naturel\/#breadcrumb"},"inLanguage":"fr-FR","potentialAction":[{"@type":"ReadAction","target":["https:\/\/hubsch-interior.com\/fr\/produit\/utility-bureau-naturel\/"]}]},{"@type":"ImageObject","inLanguage":"fr-FR","@id":"https:\/\/hubsch-interior.com\/fr\/produit\/utility-bureau-naturel\/#primaryimage","url":"https:\/\/hubsch-interior.com\/wp-content\/uploads\/2026\/02\/utility-desk-natural-cb12c82300ba15c46b4e84dc96678ec0.jpg","contentUrl":"https:\/\/hubsch-interior.com\/wp-content\/uploads\/2026\/02\/utility-desk-natural-cb12c82300ba15c46b4e84dc96678ec0.jpg","width":1024,"height":1024},{"@type":"BreadcrumbList","@id":"https:\/\/hubsch-interior.com\/fr\/produit\/utility-bureau-naturel\/#breadcrumb","itemListElement":[{"@type":"ListItem","position":1,"name":"Page d'accueil","item":"https:\/\/hubsch-interior.com\/fr\/"},{"@type":"ListItem","position":2,"name":"Produits","item":"https:\/\/hubsch-interior.com\/fr\/shop-2\/"},{"@type":"ListItem","position":3,"name":"Meubles","item":"https:\/\/hubsch-interior.com\/fr\/categorie-produit\/meubles\/"},{"@type":"ListItem","position":4,"name":"Tables","item":"https:\/\/hubsch-interior.com\/fr\/categorie-produit\/meubles\/tables-fr\/"},{"@type":"ListItem","position":5,"name":"Bureaux","item":"https:\/\/hubsch-interior.com\/fr\/categorie-produit\/meubles\/tables-fr\/bureaux-fr\/"},{"@type":"ListItem","position":6,"name":"Utility Bureau Naturel"}]},{"@type":"WebSite","@id":"https:\/\/hubsch-interior.com\/fr\/#website","url":"https:\/\/hubsch-interior.com\/fr\/","name":"H\u00fcbsch","description":"Danish Home Interior and Design","publisher":{"@id":"https:\/\/hubsch-interior.com\/fr\/#organization"},"potentialAction":[{"@type":"SearchAction","target":{"@type":"EntryPoint","urlTemplate":"https:\/\/hubsch-interior.com\/fr\/?s={search_term_string}"},"query-input":{"@type":"PropertyValueSpecification","valueRequired":true,"valueName":"search_term_string"}}],"inLanguage":"fr-FR"},{"@type":"Organization","@id":"https:\/\/hubsch-interior.com\/fr\/#organization","name":"H\u00fcbsch","url":"https:\/\/hubsch-interior.com\/fr\/","logo":{"@type":"ImageObject","inLanguage":"fr-FR","@id":"https:\/\/hubsch-interior.com\/fr\/#\/schema\/logo\/image\/","url":"https:\/\/hubsch-interior.com\/wp-content\/uploads\/2022\/12\/Hubsch_logo_black_one_line.svg","contentUrl":"https:\/\/hubsch-interior.com\/wp-content\/uploads\/2022\/12\/Hubsch_logo_black_one_line.svg","caption":"H\u00fcbsch"},"image":{"@id":"https:\/\/hubsch-interior.com\/fr\/#\/schema\/logo\/image\/"}}]}},"_links":{"self":[{"href":"https:\/\/hubsch-interior.com\/fr\/wp-json\/wp\/v2\/product\/1009326","targetHints":{"allow":["GET"]}}],"collection":[{"href":"https:\/\/hubsch-interior.com\/fr\/wp-json\/wp\/v2\/product"}],"about":[{"href":"https:\/\/hubsch-interior.com\/fr\/wp-json\/wp\/v2\/types\/product"}],"wp:featuredmedia":[{"embeddable":true,"href":"https:\/\/hubsch-interior.com\/fr\/wp-json\/wp\/v2\/media\/1104588"}],"wp:attachment":[{"href":"https:\/\/hubsch-interior.com\/fr\/wp-json\/wp\/v2\/media?parent=1009326"}],"wp:term":[{"taxonomy":"product_brand","embeddable":true,"href":"https:\/\/hubsch-interior.com\/fr\/wp-json\/wp\/v2\/product_brand?post=1009326"},{"taxonomy":"product_cat","embeddable":true,"href":"https:\/\/hubsch-interior.com\/fr\/wp-json\/wp\/v2\/product_cat?post=1009326"},{"taxonomy":"product_tag","embeddable":true,"href":"https:\/\/hubsch-interior.com\/fr\/wp-json\/wp\/v2\/product_tag?post=1009326"}],"curies":[{"name":"wp","href":"https:\/\/api.w.org\/{rel}","templated":true}]}}