{"id":1009350,"date":"2025-01-24T09:44:36","date_gmt":"2025-01-24T08:44:36","guid":{"rendered":"https:\/\/hubsch-interior.com\/product\/product\/"},"modified":"2026-04-09T04:55:06","modified_gmt":"2026-04-09T02:55:06","slug":"poke-bureau-noir","status":"publish","type":"product","link":"https:\/\/hubsch-interior.com\/fr\/produit\/poke-bureau-noir\/","title":{"rendered":"Poke Bureau Noir"},"content":{"rendered":"<p>D\u00e9couvrez le charme du Poke Bureau, con\u00e7u avec soin en bois de ch\u00eane certifi\u00e9 FSC et placage de ch\u00eane. De conception \u00e9troite, il s&#8217;int\u00e8gre facilement m\u00eame dans les plus petits espaces, ce qui en fait le choix id\u00e9al pour ceux qui ont besoin d&#8217;un espace d\u00e9di\u00e9 pour travailler depuis chez eux. Malgr\u00e9 sa taille compacte, le Poke Bureau garantit une fonctionnalit\u00e9 sans compromettre le style, offrant un coin personnel et chaleureux pour stimuler la productivit\u00e9 et la cr\u00e9ativit\u00e9, m\u00eame dans les petits logements.<\/p>\n","protected":false},"excerpt":{"rendered":"<p>D\u00e9couvrez le charme du Poke Bureau, con\u00e7u avec soin en bois de ch\u00eane certifi\u00e9 FSC et placage de ch\u00eane. De conception \u00e9troite, il s&#8217;int\u00e8gre facilement m\u00eame dans les plus petits espaces, ce qui en fait le choix id\u00e9al pour ceux qui ont besoin d&#8217;un espace d\u00e9di\u00e9 pour travailler depuis chez eux. Malgr\u00e9 sa taille compacte, [&hellip;]<\/p>\n","protected":false},"featured_media":1104612,"template":"","meta":{"_acf_changed":false,"inline_featured_image":false},"product_brand":[],"product_cat":[6997,6322,2859,2905,5026,5030],"product_tag":[],"class_list":{"0":"post-1009350","1":"product","2":"type-product","3":"status-publish","4":"has-post-thumbnail","6":"product_cat-the-buzz-fr","7":"product_cat-fsc-fr","8":"product_cat-tables-fr","9":"product_cat-bureaux-fr","10":"product_cat-bestsellers-fr","11":"product_cat-de-nouveau-en-stock-fr","12":"product_shipping_class-pk","14":"pa_color-noir","15":"pa_material-mdf-fr","16":"pa_material-bois-de-chne-2","17":"pa_material-placage-de-chne-2","19":"first","20":"instock","21":"featured","22":"taxable","23":"shipping-taxable","24":"purchasable","25":"product-type-simple"},"exclude_global_add_ons":[],"addons":[],"acf":[],"yoast_head":"<!-- This site is optimized with the Yoast SEO plugin v26.4 - https:\/\/yoast.com\/wordpress\/plugins\/seo\/ -->\n<title>Poke Bureau Noir - H\u00fcbsch<\/title>\n<meta name=\"description\" content=\"D\u00e9couvrez le charme du Poke Bureau, con\u00e7u avec soin en bois de ch\u00eane certifi\u00e9 FSC et placage de ch\u00eane. De conception \u00e9troite, il s&#039;int\u00e8gre facilement m\u00eame\" \/>\n<meta name=\"robots\" content=\"index, follow, max-snippet:-1, max-image-preview:large, max-video-preview:-1\" \/>\n<link rel=\"canonical\" href=\"https:\/\/hubsch-interior.com\/fr\/wp-json\/wp\/v2\/product\/1009350\" \/>\n<meta property=\"og:locale\" content=\"fr_FR\" \/>\n<meta property=\"og:type\" content=\"article\" \/>\n<meta property=\"og:title\" content=\"Poke Bureau Noir - H\u00fcbsch\" \/>\n<meta property=\"og:description\" content=\"D\u00e9couvrez le charme du Poke Bureau, con\u00e7u avec soin en bois de ch\u00eane certifi\u00e9 FSC et placage de ch\u00eane. De conception \u00e9troite, il s&#039;int\u00e8gre facilement m\u00eame\" \/>\n<meta property=\"og:url\" content=\"https:\/\/hubsch-interior.com\/fr\/produit\/poke-bureau-noir\/\" \/>\n<meta property=\"og:site_name\" content=\"H\u00fcbsch\" \/>\n<meta property=\"article:modified_time\" content=\"2026-04-09T02:55:06+00:00\" \/>\n<meta property=\"og:image\" content=\"https:\/\/hubsch-interior.com\/wp-content\/uploads\/2025\/01\/poke-desk-black-a9ca211bb8f545977014f1d217980ff3.jpg\" \/>\n\t<meta property=\"og:image:width\" content=\"1200\" \/>\n\t<meta property=\"og:image:height\" content=\"1200\" \/>\n\t<meta property=\"og:image:type\" content=\"image\/jpeg\" \/>\n<meta name=\"twitter:card\" content=\"summary_large_image\" \/>\n<script type=\"application\/ld+json\" class=\"yoast-schema-graph\">{\"@context\":\"https:\/\/schema.org\",\"@graph\":[{\"@type\":\"WebPage\",\"@id\":\"https:\/\/hubsch-interior.com\/fr\/produit\/poke-bureau-noir\/\",\"url\":\"https:\/\/hubsch-interior.com\/fr\/produit\/poke-bureau-noir\/\",\"name\":\"Poke Bureau Noir - H\u00fcbsch\",\"isPartOf\":{\"@id\":\"https:\/\/hubsch-interior.com\/fr\/#website\"},\"primaryImageOfPage\":{\"@id\":\"https:\/\/hubsch-interior.com\/fr\/produit\/poke-bureau-noir\/#primaryimage\"},\"image\":{\"@id\":\"https:\/\/hubsch-interior.com\/fr\/produit\/poke-bureau-noir\/#primaryimage\"},\"thumbnailUrl\":\"https:\/\/hubsch-interior.com\/wp-content\/uploads\/2026\/02\/poke-desk-black-1575e6cc9cafb5f5e395e5b85db0cbb1.jpg\",\"datePublished\":\"2025-01-24T08:44:36+00:00\",\"dateModified\":\"2026-04-09T02:55:06+00:00\",\"description\":\"D\u00e9couvrez le charme du Poke Bureau, con\u00e7u avec soin en bois de ch\u00eane certifi\u00e9 FSC et placage de ch\u00eane. De conception \u00e9troite, il s'int\u00e8gre facilement m\u00eame\",\"breadcrumb\":{\"@id\":\"https:\/\/hubsch-interior.com\/fr\/produit\/poke-bureau-noir\/#breadcrumb\"},\"inLanguage\":\"fr-FR\",\"potentialAction\":[{\"@type\":\"ReadAction\",\"target\":[\"https:\/\/hubsch-interior.com\/fr\/produit\/poke-bureau-noir\/\"]}]},{\"@type\":\"ImageObject\",\"inLanguage\":\"fr-FR\",\"@id\":\"https:\/\/hubsch-interior.com\/fr\/produit\/poke-bureau-noir\/#primaryimage\",\"url\":\"https:\/\/hubsch-interior.com\/wp-content\/uploads\/2026\/02\/poke-desk-black-1575e6cc9cafb5f5e395e5b85db0cbb1.jpg\",\"contentUrl\":\"https:\/\/hubsch-interior.com\/wp-content\/uploads\/2026\/02\/poke-desk-black-1575e6cc9cafb5f5e395e5b85db0cbb1.jpg\",\"width\":1024,\"height\":1024},{\"@type\":\"BreadcrumbList\",\"@id\":\"https:\/\/hubsch-interior.com\/fr\/produit\/poke-bureau-noir\/#breadcrumb\",\"itemListElement\":[{\"@type\":\"ListItem\",\"position\":1,\"name\":\"Page d'accueil\",\"item\":\"https:\/\/hubsch-interior.com\/fr\/\"},{\"@type\":\"ListItem\",\"position\":2,\"name\":\"Produits\",\"item\":\"https:\/\/hubsch-interior.com\/fr\/shop-2\/\"},{\"@type\":\"ListItem\",\"position\":3,\"name\":\"Meubles\",\"item\":\"https:\/\/hubsch-interior.com\/fr\/categorie-produit\/meubles\/\"},{\"@type\":\"ListItem\",\"position\":4,\"name\":\"Tables\",\"item\":\"https:\/\/hubsch-interior.com\/fr\/categorie-produit\/meubles\/tables-fr\/\"},{\"@type\":\"ListItem\",\"position\":5,\"name\":\"Bureaux\",\"item\":\"https:\/\/hubsch-interior.com\/fr\/categorie-produit\/meubles\/tables-fr\/bureaux-fr\/\"},{\"@type\":\"ListItem\",\"position\":6,\"name\":\"Poke Bureau Noir\"}]},{\"@type\":\"WebSite\",\"@id\":\"https:\/\/hubsch-interior.com\/fr\/#website\",\"url\":\"https:\/\/hubsch-interior.com\/fr\/\",\"name\":\"H\u00fcbsch\",\"description\":\"Danish Home Interior and Design\",\"publisher\":{\"@id\":\"https:\/\/hubsch-interior.com\/fr\/#organization\"},\"potentialAction\":[{\"@type\":\"SearchAction\",\"target\":{\"@type\":\"EntryPoint\",\"urlTemplate\":\"https:\/\/hubsch-interior.com\/fr\/?s={search_term_string}\"},\"query-input\":{\"@type\":\"PropertyValueSpecification\",\"valueRequired\":true,\"valueName\":\"search_term_string\"}}],\"inLanguage\":\"fr-FR\"},{\"@type\":\"Organization\",\"@id\":\"https:\/\/hubsch-interior.com\/fr\/#organization\",\"name\":\"H\u00fcbsch\",\"url\":\"https:\/\/hubsch-interior.com\/fr\/\",\"logo\":{\"@type\":\"ImageObject\",\"inLanguage\":\"fr-FR\",\"@id\":\"https:\/\/hubsch-interior.com\/fr\/#\/schema\/logo\/image\/\",\"url\":\"https:\/\/hubsch-interior.com\/wp-content\/uploads\/2022\/12\/Hubsch_logo_black_one_line.svg\",\"contentUrl\":\"https:\/\/hubsch-interior.com\/wp-content\/uploads\/2022\/12\/Hubsch_logo_black_one_line.svg\",\"caption\":\"H\u00fcbsch\"},\"image\":{\"@id\":\"https:\/\/hubsch-interior.com\/fr\/#\/schema\/logo\/image\/\"}}]}<\/script>\n<!-- \/ Yoast SEO plugin. -->","yoast_head_json":{"title":"Poke Bureau Noir - H\u00fcbsch","description":"D\u00e9couvrez le charme du Poke Bureau, con\u00e7u avec soin en bois de ch\u00eane certifi\u00e9 FSC et placage de ch\u00eane. De conception \u00e9troite, il s'int\u00e8gre facilement m\u00eame","robots":{"index":"index","follow":"follow","max-snippet":"max-snippet:-1","max-image-preview":"max-image-preview:large","max-video-preview":"max-video-preview:-1"},"canonical":"https:\/\/hubsch-interior.com\/fr\/wp-json\/wp\/v2\/product\/1009350","og_locale":"fr_FR","og_type":"article","og_title":"Poke Bureau Noir - H\u00fcbsch","og_description":"D\u00e9couvrez le charme du Poke Bureau, con\u00e7u avec soin en bois de ch\u00eane certifi\u00e9 FSC et placage de ch\u00eane. De conception \u00e9troite, il s'int\u00e8gre facilement m\u00eame","og_url":"https:\/\/hubsch-interior.com\/fr\/produit\/poke-bureau-noir\/","og_site_name":"H\u00fcbsch","article_modified_time":"2026-04-09T02:55:06+00:00","og_image":[{"width":1200,"height":1200,"url":"https:\/\/hubsch-interior.com\/wp-content\/uploads\/2025\/01\/poke-desk-black-a9ca211bb8f545977014f1d217980ff3.jpg","type":"image\/jpeg"}],"twitter_card":"summary_large_image","schema":{"@context":"https:\/\/schema.org","@graph":[{"@type":"WebPage","@id":"https:\/\/hubsch-interior.com\/fr\/produit\/poke-bureau-noir\/","url":"https:\/\/hubsch-interior.com\/fr\/produit\/poke-bureau-noir\/","name":"Poke Bureau Noir - H\u00fcbsch","isPartOf":{"@id":"https:\/\/hubsch-interior.com\/fr\/#website"},"primaryImageOfPage":{"@id":"https:\/\/hubsch-interior.com\/fr\/produit\/poke-bureau-noir\/#primaryimage"},"image":{"@id":"https:\/\/hubsch-interior.com\/fr\/produit\/poke-bureau-noir\/#primaryimage"},"thumbnailUrl":"https:\/\/hubsch-interior.com\/wp-content\/uploads\/2026\/02\/poke-desk-black-1575e6cc9cafb5f5e395e5b85db0cbb1.jpg","datePublished":"2025-01-24T08:44:36+00:00","dateModified":"2026-04-09T02:55:06+00:00","description":"D\u00e9couvrez le charme du Poke Bureau, con\u00e7u avec soin en bois de ch\u00eane certifi\u00e9 FSC et placage de ch\u00eane. De conception \u00e9troite, il s'int\u00e8gre facilement m\u00eame","breadcrumb":{"@id":"https:\/\/hubsch-interior.com\/fr\/produit\/poke-bureau-noir\/#breadcrumb"},"inLanguage":"fr-FR","potentialAction":[{"@type":"ReadAction","target":["https:\/\/hubsch-interior.com\/fr\/produit\/poke-bureau-noir\/"]}]},{"@type":"ImageObject","inLanguage":"fr-FR","@id":"https:\/\/hubsch-interior.com\/fr\/produit\/poke-bureau-noir\/#primaryimage","url":"https:\/\/hubsch-interior.com\/wp-content\/uploads\/2026\/02\/poke-desk-black-1575e6cc9cafb5f5e395e5b85db0cbb1.jpg","contentUrl":"https:\/\/hubsch-interior.com\/wp-content\/uploads\/2026\/02\/poke-desk-black-1575e6cc9cafb5f5e395e5b85db0cbb1.jpg","width":1024,"height":1024},{"@type":"BreadcrumbList","@id":"https:\/\/hubsch-interior.com\/fr\/produit\/poke-bureau-noir\/#breadcrumb","itemListElement":[{"@type":"ListItem","position":1,"name":"Page d'accueil","item":"https:\/\/hubsch-interior.com\/fr\/"},{"@type":"ListItem","position":2,"name":"Produits","item":"https:\/\/hubsch-interior.com\/fr\/shop-2\/"},{"@type":"ListItem","position":3,"name":"Meubles","item":"https:\/\/hubsch-interior.com\/fr\/categorie-produit\/meubles\/"},{"@type":"ListItem","position":4,"name":"Tables","item":"https:\/\/hubsch-interior.com\/fr\/categorie-produit\/meubles\/tables-fr\/"},{"@type":"ListItem","position":5,"name":"Bureaux","item":"https:\/\/hubsch-interior.com\/fr\/categorie-produit\/meubles\/tables-fr\/bureaux-fr\/"},{"@type":"ListItem","position":6,"name":"Poke Bureau Noir"}]},{"@type":"WebSite","@id":"https:\/\/hubsch-interior.com\/fr\/#website","url":"https:\/\/hubsch-interior.com\/fr\/","name":"H\u00fcbsch","description":"Danish Home Interior and Design","publisher":{"@id":"https:\/\/hubsch-interior.com\/fr\/#organization"},"potentialAction":[{"@type":"SearchAction","target":{"@type":"EntryPoint","urlTemplate":"https:\/\/hubsch-interior.com\/fr\/?s={search_term_string}"},"query-input":{"@type":"PropertyValueSpecification","valueRequired":true,"valueName":"search_term_string"}}],"inLanguage":"fr-FR"},{"@type":"Organization","@id":"https:\/\/hubsch-interior.com\/fr\/#organization","name":"H\u00fcbsch","url":"https:\/\/hubsch-interior.com\/fr\/","logo":{"@type":"ImageObject","inLanguage":"fr-FR","@id":"https:\/\/hubsch-interior.com\/fr\/#\/schema\/logo\/image\/","url":"https:\/\/hubsch-interior.com\/wp-content\/uploads\/2022\/12\/Hubsch_logo_black_one_line.svg","contentUrl":"https:\/\/hubsch-interior.com\/wp-content\/uploads\/2022\/12\/Hubsch_logo_black_one_line.svg","caption":"H\u00fcbsch"},"image":{"@id":"https:\/\/hubsch-interior.com\/fr\/#\/schema\/logo\/image\/"}}]}},"_links":{"self":[{"href":"https:\/\/hubsch-interior.com\/fr\/wp-json\/wp\/v2\/product\/1009350","targetHints":{"allow":["GET"]}}],"collection":[{"href":"https:\/\/hubsch-interior.com\/fr\/wp-json\/wp\/v2\/product"}],"about":[{"href":"https:\/\/hubsch-interior.com\/fr\/wp-json\/wp\/v2\/types\/product"}],"wp:featuredmedia":[{"embeddable":true,"href":"https:\/\/hubsch-interior.com\/fr\/wp-json\/wp\/v2\/media\/1104612"}],"wp:attachment":[{"href":"https:\/\/hubsch-interior.com\/fr\/wp-json\/wp\/v2\/media?parent=1009350"}],"wp:term":[{"taxonomy":"product_brand","embeddable":true,"href":"https:\/\/hubsch-interior.com\/fr\/wp-json\/wp\/v2\/product_brand?post=1009350"},{"taxonomy":"product_cat","embeddable":true,"href":"https:\/\/hubsch-interior.com\/fr\/wp-json\/wp\/v2\/product_cat?post=1009350"},{"taxonomy":"product_tag","embeddable":true,"href":"https:\/\/hubsch-interior.com\/fr\/wp-json\/wp\/v2\/product_tag?post=1009350"}],"curies":[{"name":"wp","href":"https:\/\/api.w.org\/{rel}","templated":true}]}}