{"id":1009374,"date":"2025-01-24T09:44:57","date_gmt":"2025-01-24T08:44:57","guid":{"rendered":"https:\/\/hubsch-interior.com\/product\/product\/"},"modified":"2026-04-08T04:55:15","modified_gmt":"2026-04-08T02:55:15","slug":"straight-table-a-manger-ronde-naturel","status":"publish","type":"product","link":"https:\/\/hubsch-interior.com\/fr\/produit\/straight-table-a-manger-ronde-naturel\/","title":{"rendered":"Straight Table \u00e0 manger Ronde Naturel"},"content":{"rendered":"<p>D\u00e9couvrez la Table \u00e0 Manger Straight, un sublime \u00e9l\u00e9ment central pour votre salle \u00e0 manger. Fabriqu\u00e9e en placage de ch\u00eane certifi\u00e9 FSC, son design astucieux pr\u00e9sente une base centr\u00e9e, \u00e9liminant le d\u00e9sagr\u00e9ment habituel de devoir lutter pour de l&#8217;espace pour les jambes. Dot\u00e9e d&#8217;un plateau rond, elle accueille confortablement jusqu&#8217;\u00e0 six personnes, id\u00e9ale pour des d\u00eeners intimes ou des r\u00e9unions anim\u00e9es. Fatigu\u00e9 de vous battre avec les pieds sous la table ? Ne cherchez plus, et accueillez un style et une fonctionnalit\u00e9 sans faille dans votre maison pour des repas ou des moments en famille.<\/p>\n","protected":false},"excerpt":{"rendered":"<p>D\u00e9couvrez la Table \u00e0 Manger Straight, un sublime \u00e9l\u00e9ment central pour votre salle \u00e0 manger. Fabriqu\u00e9e en placage de ch\u00eane certifi\u00e9 FSC, son design astucieux pr\u00e9sente une base centr\u00e9e, \u00e9liminant le d\u00e9sagr\u00e9ment habituel de devoir lutter pour de l&#8217;espace pour les jambes. Dot\u00e9e d&#8217;un plateau rond, elle accueille confortablement jusqu&#8217;\u00e0 six personnes, id\u00e9ale pour des [&hellip;]<\/p>\n","protected":false},"featured_media":1116310,"template":"","meta":{"_acf_changed":false,"inline_featured_image":false},"product_brand":[],"product_cat":[6997,2859,4215,5026],"product_tag":[],"class_list":{"0":"post-1009374","1":"product","2":"type-product","3":"status-publish","4":"has-post-thumbnail","6":"product_cat-the-buzz-fr","7":"product_cat-tables-fr","8":"product_cat-tables-a-manger-fr","9":"product_cat-bestsellers-fr","10":"product_shipping_class-p10","11":"pa_color-naturel-2","12":"pa_material-mdf-fr","13":"pa_material-placage-de-chne-2","15":"first","16":"outofstock","17":"featured","18":"taxable","19":"shipping-taxable","20":"purchasable","21":"product-type-simple"},"exclude_global_add_ons":[],"addons":[],"acf":[],"yoast_head":"<!-- This site is optimized with the Yoast SEO plugin v26.4 - https:\/\/yoast.com\/wordpress\/plugins\/seo\/ -->\n<title>Straight Table \u00e0 manger Ronde Naturel - H\u00fcbsch<\/title>\n<meta name=\"description\" content=\"D\u00e9couvrez la Table \u00e0 Manger Straight, un sublime \u00e9l\u00e9ment central pour votre salle \u00e0 manger. Fabriqu\u00e9e en placage de ch\u00eane certifi\u00e9 FSC, son design\" \/>\n<meta name=\"robots\" content=\"index, follow, max-snippet:-1, max-image-preview:large, max-video-preview:-1\" \/>\n<link rel=\"canonical\" href=\"https:\/\/hubsch-interior.com\/fr\/wp-json\/wp\/v2\/product\/1009374\" \/>\n<meta property=\"og:locale\" content=\"fr_FR\" \/>\n<meta property=\"og:type\" content=\"article\" \/>\n<meta property=\"og:title\" content=\"Straight Table \u00e0 manger Ronde Naturel - H\u00fcbsch\" \/>\n<meta property=\"og:description\" content=\"D\u00e9couvrez la Table \u00e0 Manger Straight, un sublime \u00e9l\u00e9ment central pour votre salle \u00e0 manger. Fabriqu\u00e9e en placage de ch\u00eane certifi\u00e9 FSC, son design\" \/>\n<meta property=\"og:url\" content=\"https:\/\/hubsch-interior.com\/fr\/produit\/straight-table-a-manger-ronde-naturel\/\" \/>\n<meta property=\"og:site_name\" content=\"H\u00fcbsch\" \/>\n<meta property=\"article:modified_time\" content=\"2026-04-08T02:55:15+00:00\" \/>\n<meta property=\"og:image\" content=\"https:\/\/hubsch-interior.com\/wp-content\/uploads\/2025\/02\/straight-dining-table-round-natural-328e28b66023062d91658b17d99a5313.jpg\" \/>\n\t<meta property=\"og:image:width\" content=\"1200\" \/>\n\t<meta property=\"og:image:height\" content=\"1200\" \/>\n\t<meta property=\"og:image:type\" content=\"image\/jpeg\" \/>\n<meta name=\"twitter:card\" content=\"summary_large_image\" \/>\n<meta name=\"twitter:label1\" content=\"Dur\u00e9e de lecture estim\u00e9e\" \/>\n\t<meta name=\"twitter:data1\" content=\"1 minute\" \/>\n<script type=\"application\/ld+json\" class=\"yoast-schema-graph\">{\"@context\":\"https:\/\/schema.org\",\"@graph\":[{\"@type\":\"WebPage\",\"@id\":\"https:\/\/hubsch-interior.com\/fr\/produit\/straight-table-a-manger-ronde-naturel\/\",\"url\":\"https:\/\/hubsch-interior.com\/fr\/produit\/straight-table-a-manger-ronde-naturel\/\",\"name\":\"Straight Table \u00e0 manger Ronde Naturel - H\u00fcbsch\",\"isPartOf\":{\"@id\":\"https:\/\/hubsch-interior.com\/fr\/#website\"},\"primaryImageOfPage\":{\"@id\":\"https:\/\/hubsch-interior.com\/fr\/produit\/straight-table-a-manger-ronde-naturel\/#primaryimage\"},\"image\":{\"@id\":\"https:\/\/hubsch-interior.com\/fr\/produit\/straight-table-a-manger-ronde-naturel\/#primaryimage\"},\"thumbnailUrl\":\"https:\/\/hubsch-interior.com\/wp-content\/uploads\/2026\/04\/straight-dining-table-round-natural-781b81a0a0e5de21da01dcaed61aef57.jpg\",\"datePublished\":\"2025-01-24T08:44:57+00:00\",\"dateModified\":\"2026-04-08T02:55:15+00:00\",\"description\":\"D\u00e9couvrez la Table \u00e0 Manger Straight, un sublime \u00e9l\u00e9ment central pour votre salle \u00e0 manger. Fabriqu\u00e9e en placage de ch\u00eane certifi\u00e9 FSC, son design\",\"breadcrumb\":{\"@id\":\"https:\/\/hubsch-interior.com\/fr\/produit\/straight-table-a-manger-ronde-naturel\/#breadcrumb\"},\"inLanguage\":\"fr-FR\",\"potentialAction\":[{\"@type\":\"ReadAction\",\"target\":[\"https:\/\/hubsch-interior.com\/fr\/produit\/straight-table-a-manger-ronde-naturel\/\"]}]},{\"@type\":\"ImageObject\",\"inLanguage\":\"fr-FR\",\"@id\":\"https:\/\/hubsch-interior.com\/fr\/produit\/straight-table-a-manger-ronde-naturel\/#primaryimage\",\"url\":\"https:\/\/hubsch-interior.com\/wp-content\/uploads\/2026\/04\/straight-dining-table-round-natural-781b81a0a0e5de21da01dcaed61aef57.jpg\",\"contentUrl\":\"https:\/\/hubsch-interior.com\/wp-content\/uploads\/2026\/04\/straight-dining-table-round-natural-781b81a0a0e5de21da01dcaed61aef57.jpg\",\"width\":1024,\"height\":1024},{\"@type\":\"BreadcrumbList\",\"@id\":\"https:\/\/hubsch-interior.com\/fr\/produit\/straight-table-a-manger-ronde-naturel\/#breadcrumb\",\"itemListElement\":[{\"@type\":\"ListItem\",\"position\":1,\"name\":\"Page d'accueil\",\"item\":\"https:\/\/hubsch-interior.com\/fr\/\"},{\"@type\":\"ListItem\",\"position\":2,\"name\":\"Produits\",\"item\":\"https:\/\/hubsch-interior.com\/fr\/shop-2\/\"},{\"@type\":\"ListItem\",\"position\":3,\"name\":\"Meubles\",\"item\":\"https:\/\/hubsch-interior.com\/fr\/categorie-produit\/meubles\/\"},{\"@type\":\"ListItem\",\"position\":4,\"name\":\"Tables\",\"item\":\"https:\/\/hubsch-interior.com\/fr\/categorie-produit\/meubles\/tables-fr\/\"},{\"@type\":\"ListItem\",\"position\":5,\"name\":\"Tables &agrave; manger\",\"item\":\"https:\/\/hubsch-interior.com\/fr\/categorie-produit\/meubles\/tables-fr\/tables-a-manger-fr\/\"},{\"@type\":\"ListItem\",\"position\":6,\"name\":\"Straight Table \u00e0 manger Ronde Naturel\"}]},{\"@type\":\"WebSite\",\"@id\":\"https:\/\/hubsch-interior.com\/fr\/#website\",\"url\":\"https:\/\/hubsch-interior.com\/fr\/\",\"name\":\"H\u00fcbsch\",\"description\":\"Danish Home Interior and Design\",\"publisher\":{\"@id\":\"https:\/\/hubsch-interior.com\/fr\/#organization\"},\"potentialAction\":[{\"@type\":\"SearchAction\",\"target\":{\"@type\":\"EntryPoint\",\"urlTemplate\":\"https:\/\/hubsch-interior.com\/fr\/?s={search_term_string}\"},\"query-input\":{\"@type\":\"PropertyValueSpecification\",\"valueRequired\":true,\"valueName\":\"search_term_string\"}}],\"inLanguage\":\"fr-FR\"},{\"@type\":\"Organization\",\"@id\":\"https:\/\/hubsch-interior.com\/fr\/#organization\",\"name\":\"H\u00fcbsch\",\"url\":\"https:\/\/hubsch-interior.com\/fr\/\",\"logo\":{\"@type\":\"ImageObject\",\"inLanguage\":\"fr-FR\",\"@id\":\"https:\/\/hubsch-interior.com\/fr\/#\/schema\/logo\/image\/\",\"url\":\"https:\/\/hubsch-interior.com\/wp-content\/uploads\/2022\/12\/Hubsch_logo_black_one_line.svg\",\"contentUrl\":\"https:\/\/hubsch-interior.com\/wp-content\/uploads\/2022\/12\/Hubsch_logo_black_one_line.svg\",\"caption\":\"H\u00fcbsch\"},\"image\":{\"@id\":\"https:\/\/hubsch-interior.com\/fr\/#\/schema\/logo\/image\/\"}}]}<\/script>\n<!-- \/ Yoast SEO plugin. -->","yoast_head_json":{"title":"Straight Table \u00e0 manger Ronde Naturel - H\u00fcbsch","description":"D\u00e9couvrez la Table \u00e0 Manger Straight, un sublime \u00e9l\u00e9ment central pour votre salle \u00e0 manger. Fabriqu\u00e9e en placage de ch\u00eane certifi\u00e9 FSC, son design","robots":{"index":"index","follow":"follow","max-snippet":"max-snippet:-1","max-image-preview":"max-image-preview:large","max-video-preview":"max-video-preview:-1"},"canonical":"https:\/\/hubsch-interior.com\/fr\/wp-json\/wp\/v2\/product\/1009374","og_locale":"fr_FR","og_type":"article","og_title":"Straight Table \u00e0 manger Ronde Naturel - H\u00fcbsch","og_description":"D\u00e9couvrez la Table \u00e0 Manger Straight, un sublime \u00e9l\u00e9ment central pour votre salle \u00e0 manger. Fabriqu\u00e9e en placage de ch\u00eane certifi\u00e9 FSC, son design","og_url":"https:\/\/hubsch-interior.com\/fr\/produit\/straight-table-a-manger-ronde-naturel\/","og_site_name":"H\u00fcbsch","article_modified_time":"2026-04-08T02:55:15+00:00","og_image":[{"width":1200,"height":1200,"url":"https:\/\/hubsch-interior.com\/wp-content\/uploads\/2025\/02\/straight-dining-table-round-natural-328e28b66023062d91658b17d99a5313.jpg","type":"image\/jpeg"}],"twitter_card":"summary_large_image","twitter_misc":{"Dur\u00e9e de lecture estim\u00e9e":"1 minute"},"schema":{"@context":"https:\/\/schema.org","@graph":[{"@type":"WebPage","@id":"https:\/\/hubsch-interior.com\/fr\/produit\/straight-table-a-manger-ronde-naturel\/","url":"https:\/\/hubsch-interior.com\/fr\/produit\/straight-table-a-manger-ronde-naturel\/","name":"Straight Table \u00e0 manger Ronde Naturel - H\u00fcbsch","isPartOf":{"@id":"https:\/\/hubsch-interior.com\/fr\/#website"},"primaryImageOfPage":{"@id":"https:\/\/hubsch-interior.com\/fr\/produit\/straight-table-a-manger-ronde-naturel\/#primaryimage"},"image":{"@id":"https:\/\/hubsch-interior.com\/fr\/produit\/straight-table-a-manger-ronde-naturel\/#primaryimage"},"thumbnailUrl":"https:\/\/hubsch-interior.com\/wp-content\/uploads\/2026\/04\/straight-dining-table-round-natural-781b81a0a0e5de21da01dcaed61aef57.jpg","datePublished":"2025-01-24T08:44:57+00:00","dateModified":"2026-04-08T02:55:15+00:00","description":"D\u00e9couvrez la Table \u00e0 Manger Straight, un sublime \u00e9l\u00e9ment central pour votre salle \u00e0 manger. Fabriqu\u00e9e en placage de ch\u00eane certifi\u00e9 FSC, son design","breadcrumb":{"@id":"https:\/\/hubsch-interior.com\/fr\/produit\/straight-table-a-manger-ronde-naturel\/#breadcrumb"},"inLanguage":"fr-FR","potentialAction":[{"@type":"ReadAction","target":["https:\/\/hubsch-interior.com\/fr\/produit\/straight-table-a-manger-ronde-naturel\/"]}]},{"@type":"ImageObject","inLanguage":"fr-FR","@id":"https:\/\/hubsch-interior.com\/fr\/produit\/straight-table-a-manger-ronde-naturel\/#primaryimage","url":"https:\/\/hubsch-interior.com\/wp-content\/uploads\/2026\/04\/straight-dining-table-round-natural-781b81a0a0e5de21da01dcaed61aef57.jpg","contentUrl":"https:\/\/hubsch-interior.com\/wp-content\/uploads\/2026\/04\/straight-dining-table-round-natural-781b81a0a0e5de21da01dcaed61aef57.jpg","width":1024,"height":1024},{"@type":"BreadcrumbList","@id":"https:\/\/hubsch-interior.com\/fr\/produit\/straight-table-a-manger-ronde-naturel\/#breadcrumb","itemListElement":[{"@type":"ListItem","position":1,"name":"Page d'accueil","item":"https:\/\/hubsch-interior.com\/fr\/"},{"@type":"ListItem","position":2,"name":"Produits","item":"https:\/\/hubsch-interior.com\/fr\/shop-2\/"},{"@type":"ListItem","position":3,"name":"Meubles","item":"https:\/\/hubsch-interior.com\/fr\/categorie-produit\/meubles\/"},{"@type":"ListItem","position":4,"name":"Tables","item":"https:\/\/hubsch-interior.com\/fr\/categorie-produit\/meubles\/tables-fr\/"},{"@type":"ListItem","position":5,"name":"Tables &agrave; manger","item":"https:\/\/hubsch-interior.com\/fr\/categorie-produit\/meubles\/tables-fr\/tables-a-manger-fr\/"},{"@type":"ListItem","position":6,"name":"Straight Table \u00e0 manger Ronde Naturel"}]},{"@type":"WebSite","@id":"https:\/\/hubsch-interior.com\/fr\/#website","url":"https:\/\/hubsch-interior.com\/fr\/","name":"H\u00fcbsch","description":"Danish Home Interior and Design","publisher":{"@id":"https:\/\/hubsch-interior.com\/fr\/#organization"},"potentialAction":[{"@type":"SearchAction","target":{"@type":"EntryPoint","urlTemplate":"https:\/\/hubsch-interior.com\/fr\/?s={search_term_string}"},"query-input":{"@type":"PropertyValueSpecification","valueRequired":true,"valueName":"search_term_string"}}],"inLanguage":"fr-FR"},{"@type":"Organization","@id":"https:\/\/hubsch-interior.com\/fr\/#organization","name":"H\u00fcbsch","url":"https:\/\/hubsch-interior.com\/fr\/","logo":{"@type":"ImageObject","inLanguage":"fr-FR","@id":"https:\/\/hubsch-interior.com\/fr\/#\/schema\/logo\/image\/","url":"https:\/\/hubsch-interior.com\/wp-content\/uploads\/2022\/12\/Hubsch_logo_black_one_line.svg","contentUrl":"https:\/\/hubsch-interior.com\/wp-content\/uploads\/2022\/12\/Hubsch_logo_black_one_line.svg","caption":"H\u00fcbsch"},"image":{"@id":"https:\/\/hubsch-interior.com\/fr\/#\/schema\/logo\/image\/"}}]}},"_links":{"self":[{"href":"https:\/\/hubsch-interior.com\/fr\/wp-json\/wp\/v2\/product\/1009374","targetHints":{"allow":["GET"]}}],"collection":[{"href":"https:\/\/hubsch-interior.com\/fr\/wp-json\/wp\/v2\/product"}],"about":[{"href":"https:\/\/hubsch-interior.com\/fr\/wp-json\/wp\/v2\/types\/product"}],"wp:featuredmedia":[{"embeddable":true,"href":"https:\/\/hubsch-interior.com\/fr\/wp-json\/wp\/v2\/media\/1116310"}],"wp:attachment":[{"href":"https:\/\/hubsch-interior.com\/fr\/wp-json\/wp\/v2\/media?parent=1009374"}],"wp:term":[{"taxonomy":"product_brand","embeddable":true,"href":"https:\/\/hubsch-interior.com\/fr\/wp-json\/wp\/v2\/product_brand?post=1009374"},{"taxonomy":"product_cat","embeddable":true,"href":"https:\/\/hubsch-interior.com\/fr\/wp-json\/wp\/v2\/product_cat?post=1009374"},{"taxonomy":"product_tag","embeddable":true,"href":"https:\/\/hubsch-interior.com\/fr\/wp-json\/wp\/v2\/product_tag?post=1009374"}],"curies":[{"name":"wp","href":"https:\/\/api.w.org\/{rel}","templated":true}]}}