{"id":1009418,"date":"2025-01-24T09:46:09","date_gmt":"2025-01-24T08:46:09","guid":{"rendered":"https:\/\/hubsch-interior.com\/product\/product\/"},"modified":"2026-04-09T04:55:23","modified_gmt":"2026-04-09T02:55:23","slug":"gap-porte-revues-naturel","status":"publish","type":"product","link":"https:\/\/hubsch-interior.com\/fr\/produit\/gap-porte-revues-naturel\/","title":{"rendered":"Gap Porte-revues Naturel"},"content":{"rendered":"<p>Pr\u00e9sentation du porte-revues Gap, un ajout charmant \u00e0 n&#8217;importe quelle pi\u00e8ce. Cr\u00e9ez votre propre biblioth\u00e8que avec vos livres pr\u00e9f\u00e9r\u00e9s bien rang\u00e9s dans ce support \u00e9l\u00e9gant. Combinez plusieurs unit\u00e9s pour une composition \u00e9l\u00e9gante et r\u00e9p\u00e9t\u00e9e qui rehausse votre d\u00e9coration tout en gardant vos lectures bien-aim\u00e9es \u00e0 port\u00e9e de main. Un parfait m\u00e9lange de style et de praticit\u00e9.<\/p>\n","protected":false},"excerpt":{"rendered":"<p>Pr\u00e9sentation du porte-revues Gap, un ajout charmant \u00e0 n&#8217;importe quelle pi\u00e8ce. Cr\u00e9ez votre propre biblioth\u00e8que avec vos livres pr\u00e9f\u00e9r\u00e9s bien rang\u00e9s dans ce support \u00e9l\u00e9gant. Combinez plusieurs unit\u00e9s pour une composition \u00e9l\u00e9gante et r\u00e9p\u00e9t\u00e9e qui rehausse votre d\u00e9coration tout en gardant vos lectures bien-aim\u00e9es \u00e0 port\u00e9e de main. Un parfait m\u00e9lange de style et de [&hellip;]<\/p>\n","protected":false},"featured_media":1104704,"template":"","meta":{"_acf_changed":false,"inline_featured_image":false},"product_brand":[],"product_cat":[6997,6322,4001,4023,3110,4019,5026],"product_tag":[],"class_list":{"0":"post-1009418","1":"product","2":"type-product","3":"status-publish","4":"has-post-thumbnail","6":"product_cat-the-buzz-fr","7":"product_cat-fsc-fr","8":"product_cat-etageres-et-meubles-de-rangement-fr","9":"product_cat-etageres-murales-fr","10":"product_cat-espace-de-rangement-fr","11":"product_cat-porte-revues-fr","12":"product_cat-bestsellers-fr","13":"product_shipping_class-pk","15":"pa_color-naturel-2","16":"pa_material-mdf-fr","17":"pa_material-placage-de-chne-2","19":"first","20":"instock","21":"featured","22":"taxable","23":"shipping-taxable","24":"purchasable","25":"product-type-simple"},"exclude_global_add_ons":[],"addons":[],"acf":[],"yoast_head":"<!-- This site is optimized with the Yoast SEO plugin v26.4 - https:\/\/yoast.com\/wordpress\/plugins\/seo\/ -->\n<title>Gap Porte-revues Naturel - H\u00fcbsch<\/title>\n<meta name=\"description\" content=\"Pr\u00e9sentation du porte-revues Gap, un ajout charmant \u00e0 n&#039;importe quelle pi\u00e8ce. Cr\u00e9ez votre propre biblioth\u00e8que avec vos livres pr\u00e9f\u00e9r\u00e9s bien rang\u00e9s dans ce\" \/>\n<meta name=\"robots\" content=\"index, follow, max-snippet:-1, max-image-preview:large, max-video-preview:-1\" \/>\n<link rel=\"canonical\" href=\"https:\/\/hubsch-interior.com\/fr\/wp-json\/wp\/v2\/product\/1009418\" \/>\n<meta property=\"og:locale\" content=\"fr_FR\" \/>\n<meta property=\"og:type\" content=\"article\" \/>\n<meta property=\"og:title\" content=\"Gap Porte-revues Naturel - H\u00fcbsch\" \/>\n<meta property=\"og:description\" content=\"Pr\u00e9sentation du porte-revues Gap, un ajout charmant \u00e0 n&#039;importe quelle pi\u00e8ce. Cr\u00e9ez votre propre biblioth\u00e8que avec vos livres pr\u00e9f\u00e9r\u00e9s bien rang\u00e9s dans ce\" \/>\n<meta property=\"og:url\" content=\"https:\/\/hubsch-interior.com\/fr\/produit\/gap-porte-revues-naturel\/\" \/>\n<meta property=\"og:site_name\" content=\"H\u00fcbsch\" \/>\n<meta property=\"article:modified_time\" content=\"2026-04-09T02:55:23+00:00\" \/>\n<meta property=\"og:image\" content=\"https:\/\/hubsch-interior.com\/wp-content\/uploads\/2025\/01\/gap-magazine-holder-natural-4f90e9b1eb2d5315157c332fb11c67ef.jpg\" \/>\n\t<meta property=\"og:image:width\" content=\"1200\" \/>\n\t<meta property=\"og:image:height\" content=\"1200\" \/>\n\t<meta property=\"og:image:type\" content=\"image\/jpeg\" \/>\n<meta name=\"twitter:card\" content=\"summary_large_image\" \/>\n<script type=\"application\/ld+json\" class=\"yoast-schema-graph\">{\"@context\":\"https:\/\/schema.org\",\"@graph\":[{\"@type\":\"WebPage\",\"@id\":\"https:\/\/hubsch-interior.com\/fr\/produit\/gap-porte-revues-naturel\/\",\"url\":\"https:\/\/hubsch-interior.com\/fr\/produit\/gap-porte-revues-naturel\/\",\"name\":\"Gap Porte-revues Naturel - H\u00fcbsch\",\"isPartOf\":{\"@id\":\"https:\/\/hubsch-interior.com\/fr\/#website\"},\"primaryImageOfPage\":{\"@id\":\"https:\/\/hubsch-interior.com\/fr\/produit\/gap-porte-revues-naturel\/#primaryimage\"},\"image\":{\"@id\":\"https:\/\/hubsch-interior.com\/fr\/produit\/gap-porte-revues-naturel\/#primaryimage\"},\"thumbnailUrl\":\"https:\/\/hubsch-interior.com\/wp-content\/uploads\/2026\/02\/gap-magazine-holder-natural-c1a628177a9f9c6dc5a236cc52db05be.jpg\",\"datePublished\":\"2025-01-24T08:46:09+00:00\",\"dateModified\":\"2026-04-09T02:55:23+00:00\",\"description\":\"Pr\u00e9sentation du porte-revues Gap, un ajout charmant \u00e0 n'importe quelle pi\u00e8ce. Cr\u00e9ez votre propre biblioth\u00e8que avec vos livres pr\u00e9f\u00e9r\u00e9s bien rang\u00e9s dans ce\",\"breadcrumb\":{\"@id\":\"https:\/\/hubsch-interior.com\/fr\/produit\/gap-porte-revues-naturel\/#breadcrumb\"},\"inLanguage\":\"fr-FR\",\"potentialAction\":[{\"@type\":\"ReadAction\",\"target\":[\"https:\/\/hubsch-interior.com\/fr\/produit\/gap-porte-revues-naturel\/\"]}]},{\"@type\":\"ImageObject\",\"inLanguage\":\"fr-FR\",\"@id\":\"https:\/\/hubsch-interior.com\/fr\/produit\/gap-porte-revues-naturel\/#primaryimage\",\"url\":\"https:\/\/hubsch-interior.com\/wp-content\/uploads\/2026\/02\/gap-magazine-holder-natural-c1a628177a9f9c6dc5a236cc52db05be.jpg\",\"contentUrl\":\"https:\/\/hubsch-interior.com\/wp-content\/uploads\/2026\/02\/gap-magazine-holder-natural-c1a628177a9f9c6dc5a236cc52db05be.jpg\",\"width\":1024,\"height\":1024},{\"@type\":\"BreadcrumbList\",\"@id\":\"https:\/\/hubsch-interior.com\/fr\/produit\/gap-porte-revues-naturel\/#breadcrumb\",\"itemListElement\":[{\"@type\":\"ListItem\",\"position\":1,\"name\":\"Page d'accueil\",\"item\":\"https:\/\/hubsch-interior.com\/fr\/\"},{\"@type\":\"ListItem\",\"position\":2,\"name\":\"Produits\",\"item\":\"https:\/\/hubsch-interior.com\/fr\/shop-2\/\"},{\"@type\":\"ListItem\",\"position\":3,\"name\":\"Meubles\",\"item\":\"https:\/\/hubsch-interior.com\/fr\/categorie-produit\/meubles\/\"},{\"@type\":\"ListItem\",\"position\":4,\"name\":\"Etag&egrave;res et meubles de rangement\",\"item\":\"https:\/\/hubsch-interior.com\/fr\/categorie-produit\/meubles\/etageres-et-meubles-de-rangement-fr\/\"},{\"@type\":\"ListItem\",\"position\":5,\"name\":\"Etag&egrave;res murales\",\"item\":\"https:\/\/hubsch-interior.com\/fr\/categorie-produit\/meubles\/etageres-et-meubles-de-rangement-fr\/etageres-murales-fr\/\"},{\"@type\":\"ListItem\",\"position\":6,\"name\":\"Gap Porte-revues Naturel\"}]},{\"@type\":\"WebSite\",\"@id\":\"https:\/\/hubsch-interior.com\/fr\/#website\",\"url\":\"https:\/\/hubsch-interior.com\/fr\/\",\"name\":\"H\u00fcbsch\",\"description\":\"Danish Home Interior and Design\",\"publisher\":{\"@id\":\"https:\/\/hubsch-interior.com\/fr\/#organization\"},\"potentialAction\":[{\"@type\":\"SearchAction\",\"target\":{\"@type\":\"EntryPoint\",\"urlTemplate\":\"https:\/\/hubsch-interior.com\/fr\/?s={search_term_string}\"},\"query-input\":{\"@type\":\"PropertyValueSpecification\",\"valueRequired\":true,\"valueName\":\"search_term_string\"}}],\"inLanguage\":\"fr-FR\"},{\"@type\":\"Organization\",\"@id\":\"https:\/\/hubsch-interior.com\/fr\/#organization\",\"name\":\"H\u00fcbsch\",\"url\":\"https:\/\/hubsch-interior.com\/fr\/\",\"logo\":{\"@type\":\"ImageObject\",\"inLanguage\":\"fr-FR\",\"@id\":\"https:\/\/hubsch-interior.com\/fr\/#\/schema\/logo\/image\/\",\"url\":\"https:\/\/hubsch-interior.com\/wp-content\/uploads\/2022\/12\/Hubsch_logo_black_one_line.svg\",\"contentUrl\":\"https:\/\/hubsch-interior.com\/wp-content\/uploads\/2022\/12\/Hubsch_logo_black_one_line.svg\",\"caption\":\"H\u00fcbsch\"},\"image\":{\"@id\":\"https:\/\/hubsch-interior.com\/fr\/#\/schema\/logo\/image\/\"}}]}<\/script>\n<!-- \/ Yoast SEO plugin. -->","yoast_head_json":{"title":"Gap Porte-revues Naturel - H\u00fcbsch","description":"Pr\u00e9sentation du porte-revues Gap, un ajout charmant \u00e0 n'importe quelle pi\u00e8ce. Cr\u00e9ez votre propre biblioth\u00e8que avec vos livres pr\u00e9f\u00e9r\u00e9s bien rang\u00e9s dans ce","robots":{"index":"index","follow":"follow","max-snippet":"max-snippet:-1","max-image-preview":"max-image-preview:large","max-video-preview":"max-video-preview:-1"},"canonical":"https:\/\/hubsch-interior.com\/fr\/wp-json\/wp\/v2\/product\/1009418","og_locale":"fr_FR","og_type":"article","og_title":"Gap Porte-revues Naturel - H\u00fcbsch","og_description":"Pr\u00e9sentation du porte-revues Gap, un ajout charmant \u00e0 n'importe quelle pi\u00e8ce. Cr\u00e9ez votre propre biblioth\u00e8que avec vos livres pr\u00e9f\u00e9r\u00e9s bien rang\u00e9s dans ce","og_url":"https:\/\/hubsch-interior.com\/fr\/produit\/gap-porte-revues-naturel\/","og_site_name":"H\u00fcbsch","article_modified_time":"2026-04-09T02:55:23+00:00","og_image":[{"width":1200,"height":1200,"url":"https:\/\/hubsch-interior.com\/wp-content\/uploads\/2025\/01\/gap-magazine-holder-natural-4f90e9b1eb2d5315157c332fb11c67ef.jpg","type":"image\/jpeg"}],"twitter_card":"summary_large_image","schema":{"@context":"https:\/\/schema.org","@graph":[{"@type":"WebPage","@id":"https:\/\/hubsch-interior.com\/fr\/produit\/gap-porte-revues-naturel\/","url":"https:\/\/hubsch-interior.com\/fr\/produit\/gap-porte-revues-naturel\/","name":"Gap Porte-revues Naturel - H\u00fcbsch","isPartOf":{"@id":"https:\/\/hubsch-interior.com\/fr\/#website"},"primaryImageOfPage":{"@id":"https:\/\/hubsch-interior.com\/fr\/produit\/gap-porte-revues-naturel\/#primaryimage"},"image":{"@id":"https:\/\/hubsch-interior.com\/fr\/produit\/gap-porte-revues-naturel\/#primaryimage"},"thumbnailUrl":"https:\/\/hubsch-interior.com\/wp-content\/uploads\/2026\/02\/gap-magazine-holder-natural-c1a628177a9f9c6dc5a236cc52db05be.jpg","datePublished":"2025-01-24T08:46:09+00:00","dateModified":"2026-04-09T02:55:23+00:00","description":"Pr\u00e9sentation du porte-revues Gap, un ajout charmant \u00e0 n'importe quelle pi\u00e8ce. Cr\u00e9ez votre propre biblioth\u00e8que avec vos livres pr\u00e9f\u00e9r\u00e9s bien rang\u00e9s dans ce","breadcrumb":{"@id":"https:\/\/hubsch-interior.com\/fr\/produit\/gap-porte-revues-naturel\/#breadcrumb"},"inLanguage":"fr-FR","potentialAction":[{"@type":"ReadAction","target":["https:\/\/hubsch-interior.com\/fr\/produit\/gap-porte-revues-naturel\/"]}]},{"@type":"ImageObject","inLanguage":"fr-FR","@id":"https:\/\/hubsch-interior.com\/fr\/produit\/gap-porte-revues-naturel\/#primaryimage","url":"https:\/\/hubsch-interior.com\/wp-content\/uploads\/2026\/02\/gap-magazine-holder-natural-c1a628177a9f9c6dc5a236cc52db05be.jpg","contentUrl":"https:\/\/hubsch-interior.com\/wp-content\/uploads\/2026\/02\/gap-magazine-holder-natural-c1a628177a9f9c6dc5a236cc52db05be.jpg","width":1024,"height":1024},{"@type":"BreadcrumbList","@id":"https:\/\/hubsch-interior.com\/fr\/produit\/gap-porte-revues-naturel\/#breadcrumb","itemListElement":[{"@type":"ListItem","position":1,"name":"Page d'accueil","item":"https:\/\/hubsch-interior.com\/fr\/"},{"@type":"ListItem","position":2,"name":"Produits","item":"https:\/\/hubsch-interior.com\/fr\/shop-2\/"},{"@type":"ListItem","position":3,"name":"Meubles","item":"https:\/\/hubsch-interior.com\/fr\/categorie-produit\/meubles\/"},{"@type":"ListItem","position":4,"name":"Etag&egrave;res et meubles de rangement","item":"https:\/\/hubsch-interior.com\/fr\/categorie-produit\/meubles\/etageres-et-meubles-de-rangement-fr\/"},{"@type":"ListItem","position":5,"name":"Etag&egrave;res murales","item":"https:\/\/hubsch-interior.com\/fr\/categorie-produit\/meubles\/etageres-et-meubles-de-rangement-fr\/etageres-murales-fr\/"},{"@type":"ListItem","position":6,"name":"Gap Porte-revues Naturel"}]},{"@type":"WebSite","@id":"https:\/\/hubsch-interior.com\/fr\/#website","url":"https:\/\/hubsch-interior.com\/fr\/","name":"H\u00fcbsch","description":"Danish Home Interior and Design","publisher":{"@id":"https:\/\/hubsch-interior.com\/fr\/#organization"},"potentialAction":[{"@type":"SearchAction","target":{"@type":"EntryPoint","urlTemplate":"https:\/\/hubsch-interior.com\/fr\/?s={search_term_string}"},"query-input":{"@type":"PropertyValueSpecification","valueRequired":true,"valueName":"search_term_string"}}],"inLanguage":"fr-FR"},{"@type":"Organization","@id":"https:\/\/hubsch-interior.com\/fr\/#organization","name":"H\u00fcbsch","url":"https:\/\/hubsch-interior.com\/fr\/","logo":{"@type":"ImageObject","inLanguage":"fr-FR","@id":"https:\/\/hubsch-interior.com\/fr\/#\/schema\/logo\/image\/","url":"https:\/\/hubsch-interior.com\/wp-content\/uploads\/2022\/12\/Hubsch_logo_black_one_line.svg","contentUrl":"https:\/\/hubsch-interior.com\/wp-content\/uploads\/2022\/12\/Hubsch_logo_black_one_line.svg","caption":"H\u00fcbsch"},"image":{"@id":"https:\/\/hubsch-interior.com\/fr\/#\/schema\/logo\/image\/"}}]}},"_links":{"self":[{"href":"https:\/\/hubsch-interior.com\/fr\/wp-json\/wp\/v2\/product\/1009418","targetHints":{"allow":["GET"]}}],"collection":[{"href":"https:\/\/hubsch-interior.com\/fr\/wp-json\/wp\/v2\/product"}],"about":[{"href":"https:\/\/hubsch-interior.com\/fr\/wp-json\/wp\/v2\/types\/product"}],"wp:featuredmedia":[{"embeddable":true,"href":"https:\/\/hubsch-interior.com\/fr\/wp-json\/wp\/v2\/media\/1104704"}],"wp:attachment":[{"href":"https:\/\/hubsch-interior.com\/fr\/wp-json\/wp\/v2\/media?parent=1009418"}],"wp:term":[{"taxonomy":"product_brand","embeddable":true,"href":"https:\/\/hubsch-interior.com\/fr\/wp-json\/wp\/v2\/product_brand?post=1009418"},{"taxonomy":"product_cat","embeddable":true,"href":"https:\/\/hubsch-interior.com\/fr\/wp-json\/wp\/v2\/product_cat?post=1009418"},{"taxonomy":"product_tag","embeddable":true,"href":"https:\/\/hubsch-interior.com\/fr\/wp-json\/wp\/v2\/product_tag?post=1009418"}],"curies":[{"name":"wp","href":"https:\/\/api.w.org\/{rel}","templated":true}]}}