{"id":1009438,"date":"2025-01-24T09:47:01","date_gmt":"2025-01-24T08:47:01","guid":{"rendered":"https:\/\/hubsch-interior.com\/product\/product\/"},"modified":"2026-04-09T04:55:29","modified_gmt":"2026-04-09T02:55:29","slug":"gap-tablette-naturel","status":"publish","type":"product","link":"https:\/\/hubsch-interior.com\/fr\/produit\/gap-tablette-naturel\/","title":{"rendered":"Gap Tablette Naturel"},"content":{"rendered":"<p>Voici la Gap Tablette, votre nouveau coin pr\u00e9f\u00e9r\u00e9 pour exposer \u00e9l\u00e9gamment vos tr\u00e9sors les plus chers. Fabriqu\u00e9e en placage de ch\u00eane certifi\u00e9 FSC, cette \u00e9tag\u00e8re graphique s&#8217;accorde avec tous les d\u00e9cors. Que vous d\u00e9cidiez de l&#8217;installer dans votre entr\u00e9e, votre salon ou votre cuisine, elle se r\u00e9v\u00e8le \u00eatre un ajout simple qui allie fonctionnalit\u00e9 et une touche de charme. Organisez, mettez en valeur et appr\u00e9ciez la beaut\u00e9 de vos objets favoris avec la Gap Tablette.<\/p>\n","protected":false},"excerpt":{"rendered":"<p>Voici la Gap Tablette, votre nouveau coin pr\u00e9f\u00e9r\u00e9 pour exposer \u00e9l\u00e9gamment vos tr\u00e9sors les plus chers. Fabriqu\u00e9e en placage de ch\u00eane certifi\u00e9 FSC, cette \u00e9tag\u00e8re graphique s&#8217;accorde avec tous les d\u00e9cors. Que vous d\u00e9cidiez de l&#8217;installer dans votre entr\u00e9e, votre salon ou votre cuisine, elle se r\u00e9v\u00e8le \u00eatre un ajout simple qui allie fonctionnalit\u00e9 et [&hellip;]<\/p>\n","protected":false},"featured_media":1104712,"template":"","meta":{"_acf_changed":false,"inline_featured_image":false},"product_brand":[],"product_cat":[7071,7072,6997,6322,4001,4023,5026],"product_tag":[],"class_list":{"0":"post-1009438","1":"product","2":"type-product","3":"status-publish","4":"has-post-thumbnail","6":"product_cat-crochets-et-etageres-fr","7":"product_cat-cuisine-crochets-fr","8":"product_cat-the-buzz-fr","9":"product_cat-fsc-fr","10":"product_cat-etageres-et-meubles-de-rangement-fr","11":"product_cat-etageres-murales-fr","12":"product_cat-bestsellers-fr","13":"product_shipping_class-pk","15":"pa_color-naturel-2","16":"pa_material-mdf-fr","17":"pa_material-placage-de-chne-2","19":"first","20":"instock","21":"featured","22":"taxable","23":"shipping-taxable","24":"purchasable","25":"product-type-simple"},"exclude_global_add_ons":[],"addons":[],"acf":[],"yoast_head":"<!-- This site is optimized with the Yoast SEO plugin v26.4 - https:\/\/yoast.com\/wordpress\/plugins\/seo\/ -->\n<title>Gap Tablette Naturel - H\u00fcbsch<\/title>\n<meta name=\"description\" content=\"Voici la Gap Tablette, votre nouveau coin pr\u00e9f\u00e9r\u00e9 pour exposer \u00e9l\u00e9gamment vos tr\u00e9sors les plus chers. Fabriqu\u00e9e en placage de ch\u00eane certifi\u00e9 FSC, cette\" \/>\n<meta name=\"robots\" content=\"index, follow, max-snippet:-1, max-image-preview:large, max-video-preview:-1\" \/>\n<link rel=\"canonical\" href=\"https:\/\/hubsch-interior.com\/fr\/wp-json\/wp\/v2\/product\/1009438\" \/>\n<meta property=\"og:locale\" content=\"fr_FR\" \/>\n<meta property=\"og:type\" content=\"article\" \/>\n<meta property=\"og:title\" content=\"Gap Tablette Naturel - H\u00fcbsch\" \/>\n<meta property=\"og:description\" content=\"Voici la Gap Tablette, votre nouveau coin pr\u00e9f\u00e9r\u00e9 pour exposer \u00e9l\u00e9gamment vos tr\u00e9sors les plus chers. Fabriqu\u00e9e en placage de ch\u00eane certifi\u00e9 FSC, cette\" \/>\n<meta property=\"og:url\" content=\"https:\/\/hubsch-interior.com\/fr\/produit\/gap-tablette-naturel\/\" \/>\n<meta property=\"og:site_name\" content=\"H\u00fcbsch\" \/>\n<meta property=\"article:modified_time\" content=\"2026-04-09T02:55:29+00:00\" \/>\n<meta property=\"og:image\" content=\"https:\/\/hubsch-interior.com\/wp-content\/uploads\/2025\/01\/gap-shelf-natural-42b6961b461dfe86b61e754e746e535c.jpg\" \/>\n\t<meta property=\"og:image:width\" content=\"1200\" \/>\n\t<meta property=\"og:image:height\" content=\"1200\" \/>\n\t<meta property=\"og:image:type\" content=\"image\/jpeg\" \/>\n<meta name=\"twitter:card\" content=\"summary_large_image\" \/>\n<script type=\"application\/ld+json\" class=\"yoast-schema-graph\">{\"@context\":\"https:\/\/schema.org\",\"@graph\":[{\"@type\":\"WebPage\",\"@id\":\"https:\/\/hubsch-interior.com\/fr\/produit\/gap-tablette-naturel\/\",\"url\":\"https:\/\/hubsch-interior.com\/fr\/produit\/gap-tablette-naturel\/\",\"name\":\"Gap Tablette Naturel - H\u00fcbsch\",\"isPartOf\":{\"@id\":\"https:\/\/hubsch-interior.com\/fr\/#website\"},\"primaryImageOfPage\":{\"@id\":\"https:\/\/hubsch-interior.com\/fr\/produit\/gap-tablette-naturel\/#primaryimage\"},\"image\":{\"@id\":\"https:\/\/hubsch-interior.com\/fr\/produit\/gap-tablette-naturel\/#primaryimage\"},\"thumbnailUrl\":\"https:\/\/hubsch-interior.com\/wp-content\/uploads\/2026\/02\/gap-shelf-natural-1a92c12c5375135095b10edaa1602ad4.jpg\",\"datePublished\":\"2025-01-24T08:47:01+00:00\",\"dateModified\":\"2026-04-09T02:55:29+00:00\",\"description\":\"Voici la Gap Tablette, votre nouveau coin pr\u00e9f\u00e9r\u00e9 pour exposer \u00e9l\u00e9gamment vos tr\u00e9sors les plus chers. Fabriqu\u00e9e en placage de ch\u00eane certifi\u00e9 FSC, cette\",\"breadcrumb\":{\"@id\":\"https:\/\/hubsch-interior.com\/fr\/produit\/gap-tablette-naturel\/#breadcrumb\"},\"inLanguage\":\"fr-FR\",\"potentialAction\":[{\"@type\":\"ReadAction\",\"target\":[\"https:\/\/hubsch-interior.com\/fr\/produit\/gap-tablette-naturel\/\"]}]},{\"@type\":\"ImageObject\",\"inLanguage\":\"fr-FR\",\"@id\":\"https:\/\/hubsch-interior.com\/fr\/produit\/gap-tablette-naturel\/#primaryimage\",\"url\":\"https:\/\/hubsch-interior.com\/wp-content\/uploads\/2026\/02\/gap-shelf-natural-1a92c12c5375135095b10edaa1602ad4.jpg\",\"contentUrl\":\"https:\/\/hubsch-interior.com\/wp-content\/uploads\/2026\/02\/gap-shelf-natural-1a92c12c5375135095b10edaa1602ad4.jpg\",\"width\":1024,\"height\":1024},{\"@type\":\"BreadcrumbList\",\"@id\":\"https:\/\/hubsch-interior.com\/fr\/produit\/gap-tablette-naturel\/#breadcrumb\",\"itemListElement\":[{\"@type\":\"ListItem\",\"position\":1,\"name\":\"Page d'accueil\",\"item\":\"https:\/\/hubsch-interior.com\/fr\/\"},{\"@type\":\"ListItem\",\"position\":2,\"name\":\"Produits\",\"item\":\"https:\/\/hubsch-interior.com\/fr\/shop-2\/\"},{\"@type\":\"ListItem\",\"position\":3,\"name\":\"Meubles\",\"item\":\"https:\/\/hubsch-interior.com\/fr\/categorie-produit\/meubles\/\"},{\"@type\":\"ListItem\",\"position\":4,\"name\":\"Etag&egrave;res et meubles de rangement\",\"item\":\"https:\/\/hubsch-interior.com\/fr\/categorie-produit\/meubles\/etageres-et-meubles-de-rangement-fr\/\"},{\"@type\":\"ListItem\",\"position\":5,\"name\":\"Etag&egrave;res murales\",\"item\":\"https:\/\/hubsch-interior.com\/fr\/categorie-produit\/meubles\/etageres-et-meubles-de-rangement-fr\/etageres-murales-fr\/\"},{\"@type\":\"ListItem\",\"position\":6,\"name\":\"Gap Tablette Naturel\"}]},{\"@type\":\"WebSite\",\"@id\":\"https:\/\/hubsch-interior.com\/fr\/#website\",\"url\":\"https:\/\/hubsch-interior.com\/fr\/\",\"name\":\"H\u00fcbsch\",\"description\":\"Danish Home Interior and Design\",\"publisher\":{\"@id\":\"https:\/\/hubsch-interior.com\/fr\/#organization\"},\"potentialAction\":[{\"@type\":\"SearchAction\",\"target\":{\"@type\":\"EntryPoint\",\"urlTemplate\":\"https:\/\/hubsch-interior.com\/fr\/?s={search_term_string}\"},\"query-input\":{\"@type\":\"PropertyValueSpecification\",\"valueRequired\":true,\"valueName\":\"search_term_string\"}}],\"inLanguage\":\"fr-FR\"},{\"@type\":\"Organization\",\"@id\":\"https:\/\/hubsch-interior.com\/fr\/#organization\",\"name\":\"H\u00fcbsch\",\"url\":\"https:\/\/hubsch-interior.com\/fr\/\",\"logo\":{\"@type\":\"ImageObject\",\"inLanguage\":\"fr-FR\",\"@id\":\"https:\/\/hubsch-interior.com\/fr\/#\/schema\/logo\/image\/\",\"url\":\"https:\/\/hubsch-interior.com\/wp-content\/uploads\/2022\/12\/Hubsch_logo_black_one_line.svg\",\"contentUrl\":\"https:\/\/hubsch-interior.com\/wp-content\/uploads\/2022\/12\/Hubsch_logo_black_one_line.svg\",\"caption\":\"H\u00fcbsch\"},\"image\":{\"@id\":\"https:\/\/hubsch-interior.com\/fr\/#\/schema\/logo\/image\/\"}}]}<\/script>\n<!-- \/ Yoast SEO plugin. -->","yoast_head_json":{"title":"Gap Tablette Naturel - H\u00fcbsch","description":"Voici la Gap Tablette, votre nouveau coin pr\u00e9f\u00e9r\u00e9 pour exposer \u00e9l\u00e9gamment vos tr\u00e9sors les plus chers. Fabriqu\u00e9e en placage de ch\u00eane certifi\u00e9 FSC, cette","robots":{"index":"index","follow":"follow","max-snippet":"max-snippet:-1","max-image-preview":"max-image-preview:large","max-video-preview":"max-video-preview:-1"},"canonical":"https:\/\/hubsch-interior.com\/fr\/wp-json\/wp\/v2\/product\/1009438","og_locale":"fr_FR","og_type":"article","og_title":"Gap Tablette Naturel - H\u00fcbsch","og_description":"Voici la Gap Tablette, votre nouveau coin pr\u00e9f\u00e9r\u00e9 pour exposer \u00e9l\u00e9gamment vos tr\u00e9sors les plus chers. Fabriqu\u00e9e en placage de ch\u00eane certifi\u00e9 FSC, cette","og_url":"https:\/\/hubsch-interior.com\/fr\/produit\/gap-tablette-naturel\/","og_site_name":"H\u00fcbsch","article_modified_time":"2026-04-09T02:55:29+00:00","og_image":[{"width":1200,"height":1200,"url":"https:\/\/hubsch-interior.com\/wp-content\/uploads\/2025\/01\/gap-shelf-natural-42b6961b461dfe86b61e754e746e535c.jpg","type":"image\/jpeg"}],"twitter_card":"summary_large_image","schema":{"@context":"https:\/\/schema.org","@graph":[{"@type":"WebPage","@id":"https:\/\/hubsch-interior.com\/fr\/produit\/gap-tablette-naturel\/","url":"https:\/\/hubsch-interior.com\/fr\/produit\/gap-tablette-naturel\/","name":"Gap Tablette Naturel - H\u00fcbsch","isPartOf":{"@id":"https:\/\/hubsch-interior.com\/fr\/#website"},"primaryImageOfPage":{"@id":"https:\/\/hubsch-interior.com\/fr\/produit\/gap-tablette-naturel\/#primaryimage"},"image":{"@id":"https:\/\/hubsch-interior.com\/fr\/produit\/gap-tablette-naturel\/#primaryimage"},"thumbnailUrl":"https:\/\/hubsch-interior.com\/wp-content\/uploads\/2026\/02\/gap-shelf-natural-1a92c12c5375135095b10edaa1602ad4.jpg","datePublished":"2025-01-24T08:47:01+00:00","dateModified":"2026-04-09T02:55:29+00:00","description":"Voici la Gap Tablette, votre nouveau coin pr\u00e9f\u00e9r\u00e9 pour exposer \u00e9l\u00e9gamment vos tr\u00e9sors les plus chers. Fabriqu\u00e9e en placage de ch\u00eane certifi\u00e9 FSC, cette","breadcrumb":{"@id":"https:\/\/hubsch-interior.com\/fr\/produit\/gap-tablette-naturel\/#breadcrumb"},"inLanguage":"fr-FR","potentialAction":[{"@type":"ReadAction","target":["https:\/\/hubsch-interior.com\/fr\/produit\/gap-tablette-naturel\/"]}]},{"@type":"ImageObject","inLanguage":"fr-FR","@id":"https:\/\/hubsch-interior.com\/fr\/produit\/gap-tablette-naturel\/#primaryimage","url":"https:\/\/hubsch-interior.com\/wp-content\/uploads\/2026\/02\/gap-shelf-natural-1a92c12c5375135095b10edaa1602ad4.jpg","contentUrl":"https:\/\/hubsch-interior.com\/wp-content\/uploads\/2026\/02\/gap-shelf-natural-1a92c12c5375135095b10edaa1602ad4.jpg","width":1024,"height":1024},{"@type":"BreadcrumbList","@id":"https:\/\/hubsch-interior.com\/fr\/produit\/gap-tablette-naturel\/#breadcrumb","itemListElement":[{"@type":"ListItem","position":1,"name":"Page d'accueil","item":"https:\/\/hubsch-interior.com\/fr\/"},{"@type":"ListItem","position":2,"name":"Produits","item":"https:\/\/hubsch-interior.com\/fr\/shop-2\/"},{"@type":"ListItem","position":3,"name":"Meubles","item":"https:\/\/hubsch-interior.com\/fr\/categorie-produit\/meubles\/"},{"@type":"ListItem","position":4,"name":"Etag&egrave;res et meubles de rangement","item":"https:\/\/hubsch-interior.com\/fr\/categorie-produit\/meubles\/etageres-et-meubles-de-rangement-fr\/"},{"@type":"ListItem","position":5,"name":"Etag&egrave;res murales","item":"https:\/\/hubsch-interior.com\/fr\/categorie-produit\/meubles\/etageres-et-meubles-de-rangement-fr\/etageres-murales-fr\/"},{"@type":"ListItem","position":6,"name":"Gap Tablette Naturel"}]},{"@type":"WebSite","@id":"https:\/\/hubsch-interior.com\/fr\/#website","url":"https:\/\/hubsch-interior.com\/fr\/","name":"H\u00fcbsch","description":"Danish Home Interior and Design","publisher":{"@id":"https:\/\/hubsch-interior.com\/fr\/#organization"},"potentialAction":[{"@type":"SearchAction","target":{"@type":"EntryPoint","urlTemplate":"https:\/\/hubsch-interior.com\/fr\/?s={search_term_string}"},"query-input":{"@type":"PropertyValueSpecification","valueRequired":true,"valueName":"search_term_string"}}],"inLanguage":"fr-FR"},{"@type":"Organization","@id":"https:\/\/hubsch-interior.com\/fr\/#organization","name":"H\u00fcbsch","url":"https:\/\/hubsch-interior.com\/fr\/","logo":{"@type":"ImageObject","inLanguage":"fr-FR","@id":"https:\/\/hubsch-interior.com\/fr\/#\/schema\/logo\/image\/","url":"https:\/\/hubsch-interior.com\/wp-content\/uploads\/2022\/12\/Hubsch_logo_black_one_line.svg","contentUrl":"https:\/\/hubsch-interior.com\/wp-content\/uploads\/2022\/12\/Hubsch_logo_black_one_line.svg","caption":"H\u00fcbsch"},"image":{"@id":"https:\/\/hubsch-interior.com\/fr\/#\/schema\/logo\/image\/"}}]}},"_links":{"self":[{"href":"https:\/\/hubsch-interior.com\/fr\/wp-json\/wp\/v2\/product\/1009438","targetHints":{"allow":["GET"]}}],"collection":[{"href":"https:\/\/hubsch-interior.com\/fr\/wp-json\/wp\/v2\/product"}],"about":[{"href":"https:\/\/hubsch-interior.com\/fr\/wp-json\/wp\/v2\/types\/product"}],"wp:featuredmedia":[{"embeddable":true,"href":"https:\/\/hubsch-interior.com\/fr\/wp-json\/wp\/v2\/media\/1104712"}],"wp:attachment":[{"href":"https:\/\/hubsch-interior.com\/fr\/wp-json\/wp\/v2\/media?parent=1009438"}],"wp:term":[{"taxonomy":"product_brand","embeddable":true,"href":"https:\/\/hubsch-interior.com\/fr\/wp-json\/wp\/v2\/product_brand?post=1009438"},{"taxonomy":"product_cat","embeddable":true,"href":"https:\/\/hubsch-interior.com\/fr\/wp-json\/wp\/v2\/product_cat?post=1009438"},{"taxonomy":"product_tag","embeddable":true,"href":"https:\/\/hubsch-interior.com\/fr\/wp-json\/wp\/v2\/product_tag?post=1009438"}],"curies":[{"name":"wp","href":"https:\/\/api.w.org\/{rel}","templated":true}]}}