{"id":1009506,"date":"2025-01-24T09:48:18","date_gmt":"2025-01-24T08:48:18","guid":{"rendered":"https:\/\/hubsch-interior.com\/product\/product\/"},"modified":"2026-04-11T05:02:35","modified_gmt":"2026-04-11T03:02:35","slug":"interplay-pendule-marron-bleu-orange-2","status":"publish","type":"product","link":"https:\/\/hubsch-interior.com\/fr\/produit\/interplay-pendule-marron-bleu-orange-2\/","title":{"rendered":"Interplay Pendule  Marron\/Bleu\/Orange"},"content":{"rendered":"<p>D\u00e9couvrez le charme captivant du Pendule Interplay. Cette pi\u00e8ce exquise associe une s\u00e9duisante combinaison de couleurs marron, bleu et orange, \u00e9voquant une \u00e9l\u00e9gance r\u00e9tro. M\u00e9ticuleusement fabriqu\u00e9 en aluminium et en verre, il est parfait pour projeter une belle lumi\u00e8re au-dessus de votre table \u00e0 manger ou de votre espace de travail. Avec sa fonctionnalit\u00e9 dimmable pour plus de polyvalence, ce pendule s&#8217;ajuste pour cr\u00e9er l&#8217;ambiance parfaite pour chaque occasion. Illuminez votre int\u00e9rieur avec ce point focal \u00e9l\u00e9gant et fonctionnel.<\/p>\n","protected":false},"excerpt":{"rendered":"<p>D\u00e9couvrez le charme captivant du Pendule Interplay. Cette pi\u00e8ce exquise associe une s\u00e9duisante combinaison de couleurs marron, bleu et orange, \u00e9voquant une \u00e9l\u00e9gance r\u00e9tro. M\u00e9ticuleusement fabriqu\u00e9 en aluminium et en verre, il est parfait pour projeter une belle lumi\u00e8re au-dessus de votre table \u00e0 manger ou de votre espace de travail. Avec sa fonctionnalit\u00e9 dimmable [&hellip;]<\/p>\n","protected":false},"featured_media":1107631,"template":"","meta":{"_acf_changed":false,"inline_featured_image":false},"product_brand":[],"product_cat":[6997,3810,4147,5026,5030],"product_tag":[],"class_list":{"0":"post-1009506","1":"product","2":"type-product","3":"status-publish","4":"has-post-thumbnail","6":"product_cat-the-buzz-fr","7":"product_cat-luminaires","8":"product_cat-suspensions-fr","9":"product_cat-bestsellers-fr","10":"product_cat-de-nouveau-en-stock-fr","11":"product_shipping_class-pk","13":"pa_color-marron","14":"pa_color-orange-fr","15":"pa_color-bleu-2","16":"pa_material-aluminium-fr","17":"pa_material-verre-fr","19":"first","20":"instock","21":"featured","22":"taxable","23":"shipping-taxable","24":"purchasable","25":"product-type-simple"},"exclude_global_add_ons":[],"addons":[],"acf":[],"yoast_head":"<!-- This site is optimized with the Yoast SEO plugin v26.4 - https:\/\/yoast.com\/wordpress\/plugins\/seo\/ -->\n<title>Interplay Pendule Marron\/Bleu\/Orange - H\u00fcbsch<\/title>\n<meta name=\"description\" content=\"D\u00e9couvrez le charme captivant du Pendule Interplay. Cette pi\u00e8ce exquise associe une s\u00e9duisante combinaison de couleurs marron, bleu et orange, \u00e9voquant\" \/>\n<meta name=\"robots\" content=\"index, follow, max-snippet:-1, max-image-preview:large, max-video-preview:-1\" \/>\n<link rel=\"canonical\" href=\"https:\/\/hubsch-interior.com\/fr\/wp-json\/wp\/v2\/product\/1009506\" \/>\n<meta property=\"og:locale\" content=\"fr_FR\" \/>\n<meta property=\"og:type\" content=\"article\" \/>\n<meta property=\"og:title\" content=\"Interplay Pendule Marron\/Bleu\/Orange - H\u00fcbsch\" \/>\n<meta property=\"og:description\" content=\"D\u00e9couvrez le charme captivant du Pendule Interplay. Cette pi\u00e8ce exquise associe une s\u00e9duisante combinaison de couleurs marron, bleu et orange, \u00e9voquant\" \/>\n<meta property=\"og:url\" content=\"https:\/\/hubsch-interior.com\/fr\/produit\/interplay-pendule-marron-bleu-orange-2\/\" \/>\n<meta property=\"og:site_name\" content=\"H\u00fcbsch\" \/>\n<meta property=\"article:modified_time\" content=\"2026-04-11T03:02:35+00:00\" \/>\n<meta property=\"og:image\" content=\"https:\/\/hubsch-interior.com\/wp-content\/uploads\/2026\/02\/interplay-pendant-l-152cm-brownblueorange-021d35f4ad55be66c4bcb6c415f99ddf.jpg\" \/>\n\t<meta property=\"og:image:width\" content=\"1024\" \/>\n\t<meta property=\"og:image:height\" content=\"1024\" \/>\n\t<meta property=\"og:image:type\" content=\"image\/jpeg\" \/>\n<meta name=\"twitter:card\" content=\"summary_large_image\" \/>\n<script type=\"application\/ld+json\" class=\"yoast-schema-graph\">{\"@context\":\"https:\/\/schema.org\",\"@graph\":[{\"@type\":\"WebPage\",\"@id\":\"https:\/\/hubsch-interior.com\/fr\/produit\/interplay-pendule-marron-bleu-orange-2\/\",\"url\":\"https:\/\/hubsch-interior.com\/fr\/produit\/interplay-pendule-marron-bleu-orange-2\/\",\"name\":\"Interplay Pendule Marron\/Bleu\/Orange - H\u00fcbsch\",\"isPartOf\":{\"@id\":\"https:\/\/hubsch-interior.com\/fr\/#website\"},\"primaryImageOfPage\":{\"@id\":\"https:\/\/hubsch-interior.com\/fr\/produit\/interplay-pendule-marron-bleu-orange-2\/#primaryimage\"},\"image\":{\"@id\":\"https:\/\/hubsch-interior.com\/fr\/produit\/interplay-pendule-marron-bleu-orange-2\/#primaryimage\"},\"thumbnailUrl\":\"https:\/\/hubsch-interior.com\/wp-content\/uploads\/2026\/02\/interplay-pendant-l-152cm-brownblueorange-021d35f4ad55be66c4bcb6c415f99ddf.jpg\",\"datePublished\":\"2025-01-24T08:48:18+00:00\",\"dateModified\":\"2026-04-11T03:02:35+00:00\",\"description\":\"D\u00e9couvrez le charme captivant du Pendule Interplay. Cette pi\u00e8ce exquise associe une s\u00e9duisante combinaison de couleurs marron, bleu et orange, \u00e9voquant\",\"breadcrumb\":{\"@id\":\"https:\/\/hubsch-interior.com\/fr\/produit\/interplay-pendule-marron-bleu-orange-2\/#breadcrumb\"},\"inLanguage\":\"fr-FR\",\"potentialAction\":[{\"@type\":\"ReadAction\",\"target\":[\"https:\/\/hubsch-interior.com\/fr\/produit\/interplay-pendule-marron-bleu-orange-2\/\"]}]},{\"@type\":\"ImageObject\",\"inLanguage\":\"fr-FR\",\"@id\":\"https:\/\/hubsch-interior.com\/fr\/produit\/interplay-pendule-marron-bleu-orange-2\/#primaryimage\",\"url\":\"https:\/\/hubsch-interior.com\/wp-content\/uploads\/2026\/02\/interplay-pendant-l-152cm-brownblueorange-021d35f4ad55be66c4bcb6c415f99ddf.jpg\",\"contentUrl\":\"https:\/\/hubsch-interior.com\/wp-content\/uploads\/2026\/02\/interplay-pendant-l-152cm-brownblueorange-021d35f4ad55be66c4bcb6c415f99ddf.jpg\",\"width\":1024,\"height\":1024},{\"@type\":\"BreadcrumbList\",\"@id\":\"https:\/\/hubsch-interior.com\/fr\/produit\/interplay-pendule-marron-bleu-orange-2\/#breadcrumb\",\"itemListElement\":[{\"@type\":\"ListItem\",\"position\":1,\"name\":\"Page d'accueil\",\"item\":\"https:\/\/hubsch-interior.com\/fr\/\"},{\"@type\":\"ListItem\",\"position\":2,\"name\":\"Produits\",\"item\":\"https:\/\/hubsch-interior.com\/fr\/shop-2\/\"},{\"@type\":\"ListItem\",\"position\":3,\"name\":\"Luminaires\",\"item\":\"https:\/\/hubsch-interior.com\/fr\/categorie-produit\/luminaires\/\"},{\"@type\":\"ListItem\",\"position\":4,\"name\":\"Suspensions\",\"item\":\"https:\/\/hubsch-interior.com\/fr\/categorie-produit\/luminaires\/suspensions-fr\/\"},{\"@type\":\"ListItem\",\"position\":5,\"name\":\"Interplay Pendule Marron\/Bleu\/Orange\"}]},{\"@type\":\"WebSite\",\"@id\":\"https:\/\/hubsch-interior.com\/fr\/#website\",\"url\":\"https:\/\/hubsch-interior.com\/fr\/\",\"name\":\"H\u00fcbsch\",\"description\":\"Danish Home Interior and Design\",\"publisher\":{\"@id\":\"https:\/\/hubsch-interior.com\/fr\/#organization\"},\"potentialAction\":[{\"@type\":\"SearchAction\",\"target\":{\"@type\":\"EntryPoint\",\"urlTemplate\":\"https:\/\/hubsch-interior.com\/fr\/?s={search_term_string}\"},\"query-input\":{\"@type\":\"PropertyValueSpecification\",\"valueRequired\":true,\"valueName\":\"search_term_string\"}}],\"inLanguage\":\"fr-FR\"},{\"@type\":\"Organization\",\"@id\":\"https:\/\/hubsch-interior.com\/fr\/#organization\",\"name\":\"H\u00fcbsch\",\"url\":\"https:\/\/hubsch-interior.com\/fr\/\",\"logo\":{\"@type\":\"ImageObject\",\"inLanguage\":\"fr-FR\",\"@id\":\"https:\/\/hubsch-interior.com\/fr\/#\/schema\/logo\/image\/\",\"url\":\"https:\/\/hubsch-interior.com\/wp-content\/uploads\/2022\/12\/Hubsch_logo_black_one_line.svg\",\"contentUrl\":\"https:\/\/hubsch-interior.com\/wp-content\/uploads\/2022\/12\/Hubsch_logo_black_one_line.svg\",\"caption\":\"H\u00fcbsch\"},\"image\":{\"@id\":\"https:\/\/hubsch-interior.com\/fr\/#\/schema\/logo\/image\/\"}}]}<\/script>\n<!-- \/ Yoast SEO plugin. -->","yoast_head_json":{"title":"Interplay Pendule Marron\/Bleu\/Orange - H\u00fcbsch","description":"D\u00e9couvrez le charme captivant du Pendule Interplay. Cette pi\u00e8ce exquise associe une s\u00e9duisante combinaison de couleurs marron, bleu et orange, \u00e9voquant","robots":{"index":"index","follow":"follow","max-snippet":"max-snippet:-1","max-image-preview":"max-image-preview:large","max-video-preview":"max-video-preview:-1"},"canonical":"https:\/\/hubsch-interior.com\/fr\/wp-json\/wp\/v2\/product\/1009506","og_locale":"fr_FR","og_type":"article","og_title":"Interplay Pendule Marron\/Bleu\/Orange - H\u00fcbsch","og_description":"D\u00e9couvrez le charme captivant du Pendule Interplay. Cette pi\u00e8ce exquise associe une s\u00e9duisante combinaison de couleurs marron, bleu et orange, \u00e9voquant","og_url":"https:\/\/hubsch-interior.com\/fr\/produit\/interplay-pendule-marron-bleu-orange-2\/","og_site_name":"H\u00fcbsch","article_modified_time":"2026-04-11T03:02:35+00:00","og_image":[{"width":1024,"height":1024,"url":"https:\/\/hubsch-interior.com\/wp-content\/uploads\/2026\/02\/interplay-pendant-l-152cm-brownblueorange-021d35f4ad55be66c4bcb6c415f99ddf.jpg","type":"image\/jpeg"}],"twitter_card":"summary_large_image","schema":{"@context":"https:\/\/schema.org","@graph":[{"@type":"WebPage","@id":"https:\/\/hubsch-interior.com\/fr\/produit\/interplay-pendule-marron-bleu-orange-2\/","url":"https:\/\/hubsch-interior.com\/fr\/produit\/interplay-pendule-marron-bleu-orange-2\/","name":"Interplay Pendule Marron\/Bleu\/Orange - H\u00fcbsch","isPartOf":{"@id":"https:\/\/hubsch-interior.com\/fr\/#website"},"primaryImageOfPage":{"@id":"https:\/\/hubsch-interior.com\/fr\/produit\/interplay-pendule-marron-bleu-orange-2\/#primaryimage"},"image":{"@id":"https:\/\/hubsch-interior.com\/fr\/produit\/interplay-pendule-marron-bleu-orange-2\/#primaryimage"},"thumbnailUrl":"https:\/\/hubsch-interior.com\/wp-content\/uploads\/2026\/02\/interplay-pendant-l-152cm-brownblueorange-021d35f4ad55be66c4bcb6c415f99ddf.jpg","datePublished":"2025-01-24T08:48:18+00:00","dateModified":"2026-04-11T03:02:35+00:00","description":"D\u00e9couvrez le charme captivant du Pendule Interplay. Cette pi\u00e8ce exquise associe une s\u00e9duisante combinaison de couleurs marron, bleu et orange, \u00e9voquant","breadcrumb":{"@id":"https:\/\/hubsch-interior.com\/fr\/produit\/interplay-pendule-marron-bleu-orange-2\/#breadcrumb"},"inLanguage":"fr-FR","potentialAction":[{"@type":"ReadAction","target":["https:\/\/hubsch-interior.com\/fr\/produit\/interplay-pendule-marron-bleu-orange-2\/"]}]},{"@type":"ImageObject","inLanguage":"fr-FR","@id":"https:\/\/hubsch-interior.com\/fr\/produit\/interplay-pendule-marron-bleu-orange-2\/#primaryimage","url":"https:\/\/hubsch-interior.com\/wp-content\/uploads\/2026\/02\/interplay-pendant-l-152cm-brownblueorange-021d35f4ad55be66c4bcb6c415f99ddf.jpg","contentUrl":"https:\/\/hubsch-interior.com\/wp-content\/uploads\/2026\/02\/interplay-pendant-l-152cm-brownblueorange-021d35f4ad55be66c4bcb6c415f99ddf.jpg","width":1024,"height":1024},{"@type":"BreadcrumbList","@id":"https:\/\/hubsch-interior.com\/fr\/produit\/interplay-pendule-marron-bleu-orange-2\/#breadcrumb","itemListElement":[{"@type":"ListItem","position":1,"name":"Page d'accueil","item":"https:\/\/hubsch-interior.com\/fr\/"},{"@type":"ListItem","position":2,"name":"Produits","item":"https:\/\/hubsch-interior.com\/fr\/shop-2\/"},{"@type":"ListItem","position":3,"name":"Luminaires","item":"https:\/\/hubsch-interior.com\/fr\/categorie-produit\/luminaires\/"},{"@type":"ListItem","position":4,"name":"Suspensions","item":"https:\/\/hubsch-interior.com\/fr\/categorie-produit\/luminaires\/suspensions-fr\/"},{"@type":"ListItem","position":5,"name":"Interplay Pendule Marron\/Bleu\/Orange"}]},{"@type":"WebSite","@id":"https:\/\/hubsch-interior.com\/fr\/#website","url":"https:\/\/hubsch-interior.com\/fr\/","name":"H\u00fcbsch","description":"Danish Home Interior and Design","publisher":{"@id":"https:\/\/hubsch-interior.com\/fr\/#organization"},"potentialAction":[{"@type":"SearchAction","target":{"@type":"EntryPoint","urlTemplate":"https:\/\/hubsch-interior.com\/fr\/?s={search_term_string}"},"query-input":{"@type":"PropertyValueSpecification","valueRequired":true,"valueName":"search_term_string"}}],"inLanguage":"fr-FR"},{"@type":"Organization","@id":"https:\/\/hubsch-interior.com\/fr\/#organization","name":"H\u00fcbsch","url":"https:\/\/hubsch-interior.com\/fr\/","logo":{"@type":"ImageObject","inLanguage":"fr-FR","@id":"https:\/\/hubsch-interior.com\/fr\/#\/schema\/logo\/image\/","url":"https:\/\/hubsch-interior.com\/wp-content\/uploads\/2022\/12\/Hubsch_logo_black_one_line.svg","contentUrl":"https:\/\/hubsch-interior.com\/wp-content\/uploads\/2022\/12\/Hubsch_logo_black_one_line.svg","caption":"H\u00fcbsch"},"image":{"@id":"https:\/\/hubsch-interior.com\/fr\/#\/schema\/logo\/image\/"}}]}},"_links":{"self":[{"href":"https:\/\/hubsch-interior.com\/fr\/wp-json\/wp\/v2\/product\/1009506","targetHints":{"allow":["GET"]}}],"collection":[{"href":"https:\/\/hubsch-interior.com\/fr\/wp-json\/wp\/v2\/product"}],"about":[{"href":"https:\/\/hubsch-interior.com\/fr\/wp-json\/wp\/v2\/types\/product"}],"wp:featuredmedia":[{"embeddable":true,"href":"https:\/\/hubsch-interior.com\/fr\/wp-json\/wp\/v2\/media\/1107631"}],"wp:attachment":[{"href":"https:\/\/hubsch-interior.com\/fr\/wp-json\/wp\/v2\/media?parent=1009506"}],"wp:term":[{"taxonomy":"product_brand","embeddable":true,"href":"https:\/\/hubsch-interior.com\/fr\/wp-json\/wp\/v2\/product_brand?post=1009506"},{"taxonomy":"product_cat","embeddable":true,"href":"https:\/\/hubsch-interior.com\/fr\/wp-json\/wp\/v2\/product_cat?post=1009506"},{"taxonomy":"product_tag","embeddable":true,"href":"https:\/\/hubsch-interior.com\/fr\/wp-json\/wp\/v2\/product_tag?post=1009506"}],"curies":[{"name":"wp","href":"https:\/\/api.w.org\/{rel}","templated":true}]}}