{"id":1010503,"date":"2025-01-29T11:01:24","date_gmt":"2025-01-29T10:01:24","guid":{"rendered":"https:\/\/hubsch-interior.com\/product\/product\/"},"modified":"2026-04-04T04:56:57","modified_gmt":"2026-04-04T02:56:57","slug":"epoch-banc-sable-naturel","status":"publish","type":"product","link":"https:\/\/hubsch-interior.com\/fr\/produit\/epoch-banc-sable-naturel\/","title":{"rendered":"Epoch Banc Sable\/Naturel"},"content":{"rendered":"<p>D\u00e9couvrez le Banc Epoch, un ajout classique pour tout int\u00e9rieur. Fabriqu\u00e9 en bois de ch\u00eane et en placage certifi\u00e9s FSC. Le cadre robuste mais \u00e9l\u00e9gant du banc est parfait comme si\u00e8ge suppl\u00e9mentaire dans n&#8217;importe quelle pi\u00e8ce, que ce soit votre cuisine anim\u00e9e ou votre bureau tranquille. Pour une exp\u00e9rience am\u00e9lior\u00e9e, il est accompagn\u00e9 d&#8217;un coussin doux pour ajouter un peu de confort. Le Banc Epoch n&#8217;est pas seulement un meuble ; c&#8217;est un \u00e9l\u00e9ment intemporel pour votre maison.<\/p>\n","protected":false},"excerpt":{"rendered":"<p>D\u00e9couvrez le Banc Epoch, un ajout classique pour tout int\u00e9rieur. Fabriqu\u00e9 en bois de ch\u00eane et en placage certifi\u00e9s FSC. Le cadre robuste mais \u00e9l\u00e9gant du banc est parfait comme si\u00e8ge suppl\u00e9mentaire dans n&#8217;importe quelle pi\u00e8ce, que ce soit votre cuisine anim\u00e9e ou votre bureau tranquille. Pour une exp\u00e9rience am\u00e9lior\u00e9e, il est accompagn\u00e9 d&#8217;un coussin [&hellip;]<\/p>\n","protected":false},"featured_media":1104656,"template":"","meta":{"_acf_changed":false,"inline_featured_image":false},"product_brand":[],"product_cat":[6997,2843,2877,5026],"product_tag":[],"class_list":{"0":"post-1010503","1":"product","2":"type-product","3":"status-publish","4":"has-post-thumbnail","6":"product_cat-the-buzz-fr","7":"product_cat-assises-fr","8":"product_cat-bancs-fr","9":"product_cat-bestsellers-fr","10":"product_shipping_class-pk","11":"pa_color-sable","12":"pa_color-naturel-2","13":"pa_material-mdf-fr","14":"pa_material-polyester-100-fr","15":"pa_material-bois-de-chne-2","16":"pa_material-placage-de-chne-2","18":"first","19":"outofstock","20":"featured","21":"taxable","22":"shipping-taxable","23":"purchasable","24":"product-type-simple"},"exclude_global_add_ons":[],"addons":[],"acf":[],"yoast_head":"<!-- This site is optimized with the Yoast SEO plugin v26.4 - https:\/\/yoast.com\/wordpress\/plugins\/seo\/ -->\n<title>Epoch Banc Sable\/Naturel - H\u00fcbsch<\/title>\n<meta name=\"description\" content=\"D\u00e9couvrez le Banc Epoch, un ajout classique pour tout int\u00e9rieur. Fabriqu\u00e9 en bois de ch\u00eane et en placage certifi\u00e9s FSC. Le cadre robuste mais \u00e9l\u00e9gant du\" \/>\n<meta name=\"robots\" content=\"index, follow, max-snippet:-1, max-image-preview:large, max-video-preview:-1\" \/>\n<link rel=\"canonical\" href=\"https:\/\/hubsch-interior.com\/fr\/wp-json\/wp\/v2\/product\/1010503\" \/>\n<meta property=\"og:locale\" content=\"fr_FR\" \/>\n<meta property=\"og:type\" content=\"article\" \/>\n<meta property=\"og:title\" content=\"Epoch Banc Sable\/Naturel - H\u00fcbsch\" \/>\n<meta property=\"og:description\" content=\"D\u00e9couvrez le Banc Epoch, un ajout classique pour tout int\u00e9rieur. Fabriqu\u00e9 en bois de ch\u00eane et en placage certifi\u00e9s FSC. Le cadre robuste mais \u00e9l\u00e9gant du\" \/>\n<meta property=\"og:url\" content=\"https:\/\/hubsch-interior.com\/fr\/produit\/epoch-banc-sable-naturel\/\" \/>\n<meta property=\"og:site_name\" content=\"H\u00fcbsch\" \/>\n<meta property=\"article:modified_time\" content=\"2026-04-04T02:56:57+00:00\" \/>\n<meta property=\"og:image\" content=\"https:\/\/hubsch-interior.com\/wp-content\/uploads\/2025\/01\/epoch-bench-sandnatural-d1f1f79d54b7cf68fd429ec92072be46.jpg\" \/>\n\t<meta property=\"og:image:width\" content=\"1200\" \/>\n\t<meta property=\"og:image:height\" content=\"1200\" \/>\n\t<meta property=\"og:image:type\" content=\"image\/jpeg\" \/>\n<meta name=\"twitter:card\" content=\"summary_large_image\" \/>\n<script type=\"application\/ld+json\" class=\"yoast-schema-graph\">{\"@context\":\"https:\/\/schema.org\",\"@graph\":[{\"@type\":\"WebPage\",\"@id\":\"https:\/\/hubsch-interior.com\/fr\/produit\/epoch-banc-sable-naturel\/\",\"url\":\"https:\/\/hubsch-interior.com\/fr\/produit\/epoch-banc-sable-naturel\/\",\"name\":\"Epoch Banc Sable\/Naturel - H\u00fcbsch\",\"isPartOf\":{\"@id\":\"https:\/\/hubsch-interior.com\/fr\/#website\"},\"primaryImageOfPage\":{\"@id\":\"https:\/\/hubsch-interior.com\/fr\/produit\/epoch-banc-sable-naturel\/#primaryimage\"},\"image\":{\"@id\":\"https:\/\/hubsch-interior.com\/fr\/produit\/epoch-banc-sable-naturel\/#primaryimage\"},\"thumbnailUrl\":\"https:\/\/hubsch-interior.com\/wp-content\/uploads\/2026\/02\/epoch-bench-sandnatural-f5805cff3078a07729fcf049dd81dd1a.jpg\",\"datePublished\":\"2025-01-29T10:01:24+00:00\",\"dateModified\":\"2026-04-04T02:56:57+00:00\",\"description\":\"D\u00e9couvrez le Banc Epoch, un ajout classique pour tout int\u00e9rieur. Fabriqu\u00e9 en bois de ch\u00eane et en placage certifi\u00e9s FSC. Le cadre robuste mais \u00e9l\u00e9gant du\",\"breadcrumb\":{\"@id\":\"https:\/\/hubsch-interior.com\/fr\/produit\/epoch-banc-sable-naturel\/#breadcrumb\"},\"inLanguage\":\"fr-FR\",\"potentialAction\":[{\"@type\":\"ReadAction\",\"target\":[\"https:\/\/hubsch-interior.com\/fr\/produit\/epoch-banc-sable-naturel\/\"]}]},{\"@type\":\"ImageObject\",\"inLanguage\":\"fr-FR\",\"@id\":\"https:\/\/hubsch-interior.com\/fr\/produit\/epoch-banc-sable-naturel\/#primaryimage\",\"url\":\"https:\/\/hubsch-interior.com\/wp-content\/uploads\/2026\/02\/epoch-bench-sandnatural-f5805cff3078a07729fcf049dd81dd1a.jpg\",\"contentUrl\":\"https:\/\/hubsch-interior.com\/wp-content\/uploads\/2026\/02\/epoch-bench-sandnatural-f5805cff3078a07729fcf049dd81dd1a.jpg\",\"width\":1024,\"height\":1024},{\"@type\":\"BreadcrumbList\",\"@id\":\"https:\/\/hubsch-interior.com\/fr\/produit\/epoch-banc-sable-naturel\/#breadcrumb\",\"itemListElement\":[{\"@type\":\"ListItem\",\"position\":1,\"name\":\"Page d'accueil\",\"item\":\"https:\/\/hubsch-interior.com\/fr\/\"},{\"@type\":\"ListItem\",\"position\":2,\"name\":\"Produits\",\"item\":\"https:\/\/hubsch-interior.com\/fr\/shop-2\/\"},{\"@type\":\"ListItem\",\"position\":3,\"name\":\"Meubles\",\"item\":\"https:\/\/hubsch-interior.com\/fr\/categorie-produit\/meubles\/\"},{\"@type\":\"ListItem\",\"position\":4,\"name\":\"Assises\",\"item\":\"https:\/\/hubsch-interior.com\/fr\/categorie-produit\/meubles\/assises-fr\/\"},{\"@type\":\"ListItem\",\"position\":5,\"name\":\"Bancs\",\"item\":\"https:\/\/hubsch-interior.com\/fr\/categorie-produit\/meubles\/assises-fr\/bancs-fr\/\"},{\"@type\":\"ListItem\",\"position\":6,\"name\":\"Epoch Banc Sable\/Naturel\"}]},{\"@type\":\"WebSite\",\"@id\":\"https:\/\/hubsch-interior.com\/fr\/#website\",\"url\":\"https:\/\/hubsch-interior.com\/fr\/\",\"name\":\"H\u00fcbsch\",\"description\":\"Danish Home Interior and Design\",\"publisher\":{\"@id\":\"https:\/\/hubsch-interior.com\/fr\/#organization\"},\"potentialAction\":[{\"@type\":\"SearchAction\",\"target\":{\"@type\":\"EntryPoint\",\"urlTemplate\":\"https:\/\/hubsch-interior.com\/fr\/?s={search_term_string}\"},\"query-input\":{\"@type\":\"PropertyValueSpecification\",\"valueRequired\":true,\"valueName\":\"search_term_string\"}}],\"inLanguage\":\"fr-FR\"},{\"@type\":\"Organization\",\"@id\":\"https:\/\/hubsch-interior.com\/fr\/#organization\",\"name\":\"H\u00fcbsch\",\"url\":\"https:\/\/hubsch-interior.com\/fr\/\",\"logo\":{\"@type\":\"ImageObject\",\"inLanguage\":\"fr-FR\",\"@id\":\"https:\/\/hubsch-interior.com\/fr\/#\/schema\/logo\/image\/\",\"url\":\"https:\/\/hubsch-interior.com\/wp-content\/uploads\/2022\/12\/Hubsch_logo_black_one_line.svg\",\"contentUrl\":\"https:\/\/hubsch-interior.com\/wp-content\/uploads\/2022\/12\/Hubsch_logo_black_one_line.svg\",\"caption\":\"H\u00fcbsch\"},\"image\":{\"@id\":\"https:\/\/hubsch-interior.com\/fr\/#\/schema\/logo\/image\/\"}}]}<\/script>\n<!-- \/ Yoast SEO plugin. -->","yoast_head_json":{"title":"Epoch Banc Sable\/Naturel - H\u00fcbsch","description":"D\u00e9couvrez le Banc Epoch, un ajout classique pour tout int\u00e9rieur. Fabriqu\u00e9 en bois de ch\u00eane et en placage certifi\u00e9s FSC. Le cadre robuste mais \u00e9l\u00e9gant du","robots":{"index":"index","follow":"follow","max-snippet":"max-snippet:-1","max-image-preview":"max-image-preview:large","max-video-preview":"max-video-preview:-1"},"canonical":"https:\/\/hubsch-interior.com\/fr\/wp-json\/wp\/v2\/product\/1010503","og_locale":"fr_FR","og_type":"article","og_title":"Epoch Banc Sable\/Naturel - H\u00fcbsch","og_description":"D\u00e9couvrez le Banc Epoch, un ajout classique pour tout int\u00e9rieur. Fabriqu\u00e9 en bois de ch\u00eane et en placage certifi\u00e9s FSC. Le cadre robuste mais \u00e9l\u00e9gant du","og_url":"https:\/\/hubsch-interior.com\/fr\/produit\/epoch-banc-sable-naturel\/","og_site_name":"H\u00fcbsch","article_modified_time":"2026-04-04T02:56:57+00:00","og_image":[{"width":1200,"height":1200,"url":"https:\/\/hubsch-interior.com\/wp-content\/uploads\/2025\/01\/epoch-bench-sandnatural-d1f1f79d54b7cf68fd429ec92072be46.jpg","type":"image\/jpeg"}],"twitter_card":"summary_large_image","schema":{"@context":"https:\/\/schema.org","@graph":[{"@type":"WebPage","@id":"https:\/\/hubsch-interior.com\/fr\/produit\/epoch-banc-sable-naturel\/","url":"https:\/\/hubsch-interior.com\/fr\/produit\/epoch-banc-sable-naturel\/","name":"Epoch Banc Sable\/Naturel - H\u00fcbsch","isPartOf":{"@id":"https:\/\/hubsch-interior.com\/fr\/#website"},"primaryImageOfPage":{"@id":"https:\/\/hubsch-interior.com\/fr\/produit\/epoch-banc-sable-naturel\/#primaryimage"},"image":{"@id":"https:\/\/hubsch-interior.com\/fr\/produit\/epoch-banc-sable-naturel\/#primaryimage"},"thumbnailUrl":"https:\/\/hubsch-interior.com\/wp-content\/uploads\/2026\/02\/epoch-bench-sandnatural-f5805cff3078a07729fcf049dd81dd1a.jpg","datePublished":"2025-01-29T10:01:24+00:00","dateModified":"2026-04-04T02:56:57+00:00","description":"D\u00e9couvrez le Banc Epoch, un ajout classique pour tout int\u00e9rieur. Fabriqu\u00e9 en bois de ch\u00eane et en placage certifi\u00e9s FSC. Le cadre robuste mais \u00e9l\u00e9gant du","breadcrumb":{"@id":"https:\/\/hubsch-interior.com\/fr\/produit\/epoch-banc-sable-naturel\/#breadcrumb"},"inLanguage":"fr-FR","potentialAction":[{"@type":"ReadAction","target":["https:\/\/hubsch-interior.com\/fr\/produit\/epoch-banc-sable-naturel\/"]}]},{"@type":"ImageObject","inLanguage":"fr-FR","@id":"https:\/\/hubsch-interior.com\/fr\/produit\/epoch-banc-sable-naturel\/#primaryimage","url":"https:\/\/hubsch-interior.com\/wp-content\/uploads\/2026\/02\/epoch-bench-sandnatural-f5805cff3078a07729fcf049dd81dd1a.jpg","contentUrl":"https:\/\/hubsch-interior.com\/wp-content\/uploads\/2026\/02\/epoch-bench-sandnatural-f5805cff3078a07729fcf049dd81dd1a.jpg","width":1024,"height":1024},{"@type":"BreadcrumbList","@id":"https:\/\/hubsch-interior.com\/fr\/produit\/epoch-banc-sable-naturel\/#breadcrumb","itemListElement":[{"@type":"ListItem","position":1,"name":"Page d'accueil","item":"https:\/\/hubsch-interior.com\/fr\/"},{"@type":"ListItem","position":2,"name":"Produits","item":"https:\/\/hubsch-interior.com\/fr\/shop-2\/"},{"@type":"ListItem","position":3,"name":"Meubles","item":"https:\/\/hubsch-interior.com\/fr\/categorie-produit\/meubles\/"},{"@type":"ListItem","position":4,"name":"Assises","item":"https:\/\/hubsch-interior.com\/fr\/categorie-produit\/meubles\/assises-fr\/"},{"@type":"ListItem","position":5,"name":"Bancs","item":"https:\/\/hubsch-interior.com\/fr\/categorie-produit\/meubles\/assises-fr\/bancs-fr\/"},{"@type":"ListItem","position":6,"name":"Epoch Banc Sable\/Naturel"}]},{"@type":"WebSite","@id":"https:\/\/hubsch-interior.com\/fr\/#website","url":"https:\/\/hubsch-interior.com\/fr\/","name":"H\u00fcbsch","description":"Danish Home Interior and Design","publisher":{"@id":"https:\/\/hubsch-interior.com\/fr\/#organization"},"potentialAction":[{"@type":"SearchAction","target":{"@type":"EntryPoint","urlTemplate":"https:\/\/hubsch-interior.com\/fr\/?s={search_term_string}"},"query-input":{"@type":"PropertyValueSpecification","valueRequired":true,"valueName":"search_term_string"}}],"inLanguage":"fr-FR"},{"@type":"Organization","@id":"https:\/\/hubsch-interior.com\/fr\/#organization","name":"H\u00fcbsch","url":"https:\/\/hubsch-interior.com\/fr\/","logo":{"@type":"ImageObject","inLanguage":"fr-FR","@id":"https:\/\/hubsch-interior.com\/fr\/#\/schema\/logo\/image\/","url":"https:\/\/hubsch-interior.com\/wp-content\/uploads\/2022\/12\/Hubsch_logo_black_one_line.svg","contentUrl":"https:\/\/hubsch-interior.com\/wp-content\/uploads\/2022\/12\/Hubsch_logo_black_one_line.svg","caption":"H\u00fcbsch"},"image":{"@id":"https:\/\/hubsch-interior.com\/fr\/#\/schema\/logo\/image\/"}}]}},"_links":{"self":[{"href":"https:\/\/hubsch-interior.com\/fr\/wp-json\/wp\/v2\/product\/1010503","targetHints":{"allow":["GET"]}}],"collection":[{"href":"https:\/\/hubsch-interior.com\/fr\/wp-json\/wp\/v2\/product"}],"about":[{"href":"https:\/\/hubsch-interior.com\/fr\/wp-json\/wp\/v2\/types\/product"}],"wp:featuredmedia":[{"embeddable":true,"href":"https:\/\/hubsch-interior.com\/fr\/wp-json\/wp\/v2\/media\/1104656"}],"wp:attachment":[{"href":"https:\/\/hubsch-interior.com\/fr\/wp-json\/wp\/v2\/media?parent=1010503"}],"wp:term":[{"taxonomy":"product_brand","embeddable":true,"href":"https:\/\/hubsch-interior.com\/fr\/wp-json\/wp\/v2\/product_brand?post=1010503"},{"taxonomy":"product_cat","embeddable":true,"href":"https:\/\/hubsch-interior.com\/fr\/wp-json\/wp\/v2\/product_cat?post=1010503"},{"taxonomy":"product_tag","embeddable":true,"href":"https:\/\/hubsch-interior.com\/fr\/wp-json\/wp\/v2\/product_tag?post=1010503"}],"curies":[{"name":"wp","href":"https:\/\/api.w.org\/{rel}","templated":true}]}}