{"id":1010523,"date":"2025-01-29T11:12:39","date_gmt":"2025-01-29T10:12:39","guid":{"rendered":"https:\/\/hubsch-interior.com\/product\/product\/"},"modified":"2026-04-11T05:01:41","modified_gmt":"2026-04-11T03:01:41","slug":"chromatic-pendule-noir","status":"publish","type":"product","link":"https:\/\/hubsch-interior.com\/fr\/produit\/chromatic-pendule-noir\/","title":{"rendered":"Chromatic Pendule Noir"},"content":{"rendered":"<p>D\u00e9couvrez le charme sophistiqu\u00e9 du Pendule Chromatique, un mod\u00e8le d&#8217;esth\u00e9tique moderne avec son design fin et tr\u00e8s \u00e9l\u00e9gant. Ce pendule associe un m\u00e9tal durable \u00e0 un polycarbonate poli, garantissant \u00e0 la fois style et long\u00e9vit\u00e9. Admirez les petits d\u00e9tails sur le fil, minutieusement con\u00e7us pour apporter une touche unique. Que ce soit pour illuminer l\u00e9g\u00e8rement votre coin lecture cosy ou pour rehausser votre table de chevet, ce pendule ajoute une touche de flair de design graphique \u00e0 tout int\u00e9rieur.<\/p>\n","protected":false},"excerpt":{"rendered":"<p>D\u00e9couvrez le charme sophistiqu\u00e9 du Pendule Chromatique, un mod\u00e8le d&#8217;esth\u00e9tique moderne avec son design fin et tr\u00e8s \u00e9l\u00e9gant. Ce pendule associe un m\u00e9tal durable \u00e0 un polycarbonate poli, garantissant \u00e0 la fois style et long\u00e9vit\u00e9. Admirez les petits d\u00e9tails sur le fil, minutieusement con\u00e7us pour apporter une touche unique. Que ce soit pour illuminer l\u00e9g\u00e8rement [&hellip;]<\/p>\n","protected":false},"featured_media":1107363,"template":"","meta":{"_acf_changed":false,"inline_featured_image":false},"product_brand":[],"product_cat":[6997,3810,4147],"product_tag":[],"class_list":{"0":"post-1010523","1":"product","2":"type-product","3":"status-publish","4":"has-post-thumbnail","6":"product_cat-the-buzz-fr","7":"product_cat-luminaires","8":"product_cat-suspensions-fr","9":"product_shipping_class-pk","11":"pa_color-noir","12":"pa_material-fer-fr","13":"pa_material-polycarbonate-2","15":"first","16":"instock","17":"taxable","18":"shipping-taxable","19":"purchasable","20":"product-type-simple"},"exclude_global_add_ons":[],"addons":[],"acf":[],"yoast_head":"<!-- This site is optimized with the Yoast SEO plugin v26.4 - https:\/\/yoast.com\/wordpress\/plugins\/seo\/ -->\n<title>Chromatic Pendule Noir - H\u00fcbsch<\/title>\n<meta name=\"description\" content=\"D\u00e9couvrez le charme sophistiqu\u00e9 du Pendule Chromatique, un mod\u00e8le d&#039;esth\u00e9tique moderne avec son design fin et tr\u00e8s \u00e9l\u00e9gant. Ce pendule associe un m\u00e9tal\" \/>\n<meta name=\"robots\" content=\"index, follow, max-snippet:-1, max-image-preview:large, max-video-preview:-1\" \/>\n<link rel=\"canonical\" href=\"https:\/\/hubsch-interior.com\/fr\/wp-json\/wp\/v2\/product\/1010523\" \/>\n<meta property=\"og:locale\" content=\"fr_FR\" \/>\n<meta property=\"og:type\" content=\"article\" \/>\n<meta property=\"og:title\" content=\"Chromatic Pendule Noir - H\u00fcbsch\" \/>\n<meta property=\"og:description\" content=\"D\u00e9couvrez le charme sophistiqu\u00e9 du Pendule Chromatique, un mod\u00e8le d&#039;esth\u00e9tique moderne avec son design fin et tr\u00e8s \u00e9l\u00e9gant. Ce pendule associe un m\u00e9tal\" \/>\n<meta property=\"og:url\" content=\"https:\/\/hubsch-interior.com\/fr\/produit\/chromatic-pendule-noir\/\" \/>\n<meta property=\"og:site_name\" content=\"H\u00fcbsch\" \/>\n<meta property=\"article:modified_time\" content=\"2026-04-11T03:01:41+00:00\" \/>\n<meta property=\"og:image\" content=\"https:\/\/hubsch-interior.com\/wp-content\/uploads\/2025\/01\/chromatic-pendant-black-383a7740005bad2371b9140090e1c8f4.jpg\" \/>\n\t<meta property=\"og:image:width\" content=\"1200\" \/>\n\t<meta property=\"og:image:height\" content=\"1200\" \/>\n\t<meta property=\"og:image:type\" content=\"image\/jpeg\" \/>\n<meta name=\"twitter:card\" content=\"summary_large_image\" \/>\n<script type=\"application\/ld+json\" class=\"yoast-schema-graph\">{\"@context\":\"https:\/\/schema.org\",\"@graph\":[{\"@type\":\"WebPage\",\"@id\":\"https:\/\/hubsch-interior.com\/fr\/produit\/chromatic-pendule-noir\/\",\"url\":\"https:\/\/hubsch-interior.com\/fr\/produit\/chromatic-pendule-noir\/\",\"name\":\"Chromatic Pendule Noir - H\u00fcbsch\",\"isPartOf\":{\"@id\":\"https:\/\/hubsch-interior.com\/fr\/#website\"},\"primaryImageOfPage\":{\"@id\":\"https:\/\/hubsch-interior.com\/fr\/produit\/chromatic-pendule-noir\/#primaryimage\"},\"image\":{\"@id\":\"https:\/\/hubsch-interior.com\/fr\/produit\/chromatic-pendule-noir\/#primaryimage\"},\"thumbnailUrl\":\"https:\/\/hubsch-interior.com\/wp-content\/uploads\/2026\/02\/chromatic-pendant-black-dc55bebc496bf663a795bee7e8954a3c.jpg\",\"datePublished\":\"2025-01-29T10:12:39+00:00\",\"dateModified\":\"2026-04-11T03:01:41+00:00\",\"description\":\"D\u00e9couvrez le charme sophistiqu\u00e9 du Pendule Chromatique, un mod\u00e8le d'esth\u00e9tique moderne avec son design fin et tr\u00e8s \u00e9l\u00e9gant. Ce pendule associe un m\u00e9tal\",\"breadcrumb\":{\"@id\":\"https:\/\/hubsch-interior.com\/fr\/produit\/chromatic-pendule-noir\/#breadcrumb\"},\"inLanguage\":\"fr-FR\",\"potentialAction\":[{\"@type\":\"ReadAction\",\"target\":[\"https:\/\/hubsch-interior.com\/fr\/produit\/chromatic-pendule-noir\/\"]}]},{\"@type\":\"ImageObject\",\"inLanguage\":\"fr-FR\",\"@id\":\"https:\/\/hubsch-interior.com\/fr\/produit\/chromatic-pendule-noir\/#primaryimage\",\"url\":\"https:\/\/hubsch-interior.com\/wp-content\/uploads\/2026\/02\/chromatic-pendant-black-dc55bebc496bf663a795bee7e8954a3c.jpg\",\"contentUrl\":\"https:\/\/hubsch-interior.com\/wp-content\/uploads\/2026\/02\/chromatic-pendant-black-dc55bebc496bf663a795bee7e8954a3c.jpg\",\"width\":1024,\"height\":1024},{\"@type\":\"BreadcrumbList\",\"@id\":\"https:\/\/hubsch-interior.com\/fr\/produit\/chromatic-pendule-noir\/#breadcrumb\",\"itemListElement\":[{\"@type\":\"ListItem\",\"position\":1,\"name\":\"Page d'accueil\",\"item\":\"https:\/\/hubsch-interior.com\/fr\/\"},{\"@type\":\"ListItem\",\"position\":2,\"name\":\"Produits\",\"item\":\"https:\/\/hubsch-interior.com\/fr\/shop-2\/\"},{\"@type\":\"ListItem\",\"position\":3,\"name\":\"Luminaires\",\"item\":\"https:\/\/hubsch-interior.com\/fr\/categorie-produit\/luminaires\/\"},{\"@type\":\"ListItem\",\"position\":4,\"name\":\"Suspensions\",\"item\":\"https:\/\/hubsch-interior.com\/fr\/categorie-produit\/luminaires\/suspensions-fr\/\"},{\"@type\":\"ListItem\",\"position\":5,\"name\":\"Chromatic Pendule Noir\"}]},{\"@type\":\"WebSite\",\"@id\":\"https:\/\/hubsch-interior.com\/fr\/#website\",\"url\":\"https:\/\/hubsch-interior.com\/fr\/\",\"name\":\"H\u00fcbsch\",\"description\":\"Danish Home Interior and Design\",\"publisher\":{\"@id\":\"https:\/\/hubsch-interior.com\/fr\/#organization\"},\"potentialAction\":[{\"@type\":\"SearchAction\",\"target\":{\"@type\":\"EntryPoint\",\"urlTemplate\":\"https:\/\/hubsch-interior.com\/fr\/?s={search_term_string}\"},\"query-input\":{\"@type\":\"PropertyValueSpecification\",\"valueRequired\":true,\"valueName\":\"search_term_string\"}}],\"inLanguage\":\"fr-FR\"},{\"@type\":\"Organization\",\"@id\":\"https:\/\/hubsch-interior.com\/fr\/#organization\",\"name\":\"H\u00fcbsch\",\"url\":\"https:\/\/hubsch-interior.com\/fr\/\",\"logo\":{\"@type\":\"ImageObject\",\"inLanguage\":\"fr-FR\",\"@id\":\"https:\/\/hubsch-interior.com\/fr\/#\/schema\/logo\/image\/\",\"url\":\"https:\/\/hubsch-interior.com\/wp-content\/uploads\/2022\/12\/Hubsch_logo_black_one_line.svg\",\"contentUrl\":\"https:\/\/hubsch-interior.com\/wp-content\/uploads\/2022\/12\/Hubsch_logo_black_one_line.svg\",\"caption\":\"H\u00fcbsch\"},\"image\":{\"@id\":\"https:\/\/hubsch-interior.com\/fr\/#\/schema\/logo\/image\/\"}}]}<\/script>\n<!-- \/ Yoast SEO plugin. -->","yoast_head_json":{"title":"Chromatic Pendule Noir - H\u00fcbsch","description":"D\u00e9couvrez le charme sophistiqu\u00e9 du Pendule Chromatique, un mod\u00e8le d'esth\u00e9tique moderne avec son design fin et tr\u00e8s \u00e9l\u00e9gant. Ce pendule associe un m\u00e9tal","robots":{"index":"index","follow":"follow","max-snippet":"max-snippet:-1","max-image-preview":"max-image-preview:large","max-video-preview":"max-video-preview:-1"},"canonical":"https:\/\/hubsch-interior.com\/fr\/wp-json\/wp\/v2\/product\/1010523","og_locale":"fr_FR","og_type":"article","og_title":"Chromatic Pendule Noir - H\u00fcbsch","og_description":"D\u00e9couvrez le charme sophistiqu\u00e9 du Pendule Chromatique, un mod\u00e8le d'esth\u00e9tique moderne avec son design fin et tr\u00e8s \u00e9l\u00e9gant. Ce pendule associe un m\u00e9tal","og_url":"https:\/\/hubsch-interior.com\/fr\/produit\/chromatic-pendule-noir\/","og_site_name":"H\u00fcbsch","article_modified_time":"2026-04-11T03:01:41+00:00","og_image":[{"width":1200,"height":1200,"url":"https:\/\/hubsch-interior.com\/wp-content\/uploads\/2025\/01\/chromatic-pendant-black-383a7740005bad2371b9140090e1c8f4.jpg","type":"image\/jpeg"}],"twitter_card":"summary_large_image","schema":{"@context":"https:\/\/schema.org","@graph":[{"@type":"WebPage","@id":"https:\/\/hubsch-interior.com\/fr\/produit\/chromatic-pendule-noir\/","url":"https:\/\/hubsch-interior.com\/fr\/produit\/chromatic-pendule-noir\/","name":"Chromatic Pendule Noir - H\u00fcbsch","isPartOf":{"@id":"https:\/\/hubsch-interior.com\/fr\/#website"},"primaryImageOfPage":{"@id":"https:\/\/hubsch-interior.com\/fr\/produit\/chromatic-pendule-noir\/#primaryimage"},"image":{"@id":"https:\/\/hubsch-interior.com\/fr\/produit\/chromatic-pendule-noir\/#primaryimage"},"thumbnailUrl":"https:\/\/hubsch-interior.com\/wp-content\/uploads\/2026\/02\/chromatic-pendant-black-dc55bebc496bf663a795bee7e8954a3c.jpg","datePublished":"2025-01-29T10:12:39+00:00","dateModified":"2026-04-11T03:01:41+00:00","description":"D\u00e9couvrez le charme sophistiqu\u00e9 du Pendule Chromatique, un mod\u00e8le d'esth\u00e9tique moderne avec son design fin et tr\u00e8s \u00e9l\u00e9gant. Ce pendule associe un m\u00e9tal","breadcrumb":{"@id":"https:\/\/hubsch-interior.com\/fr\/produit\/chromatic-pendule-noir\/#breadcrumb"},"inLanguage":"fr-FR","potentialAction":[{"@type":"ReadAction","target":["https:\/\/hubsch-interior.com\/fr\/produit\/chromatic-pendule-noir\/"]}]},{"@type":"ImageObject","inLanguage":"fr-FR","@id":"https:\/\/hubsch-interior.com\/fr\/produit\/chromatic-pendule-noir\/#primaryimage","url":"https:\/\/hubsch-interior.com\/wp-content\/uploads\/2026\/02\/chromatic-pendant-black-dc55bebc496bf663a795bee7e8954a3c.jpg","contentUrl":"https:\/\/hubsch-interior.com\/wp-content\/uploads\/2026\/02\/chromatic-pendant-black-dc55bebc496bf663a795bee7e8954a3c.jpg","width":1024,"height":1024},{"@type":"BreadcrumbList","@id":"https:\/\/hubsch-interior.com\/fr\/produit\/chromatic-pendule-noir\/#breadcrumb","itemListElement":[{"@type":"ListItem","position":1,"name":"Page d'accueil","item":"https:\/\/hubsch-interior.com\/fr\/"},{"@type":"ListItem","position":2,"name":"Produits","item":"https:\/\/hubsch-interior.com\/fr\/shop-2\/"},{"@type":"ListItem","position":3,"name":"Luminaires","item":"https:\/\/hubsch-interior.com\/fr\/categorie-produit\/luminaires\/"},{"@type":"ListItem","position":4,"name":"Suspensions","item":"https:\/\/hubsch-interior.com\/fr\/categorie-produit\/luminaires\/suspensions-fr\/"},{"@type":"ListItem","position":5,"name":"Chromatic Pendule Noir"}]},{"@type":"WebSite","@id":"https:\/\/hubsch-interior.com\/fr\/#website","url":"https:\/\/hubsch-interior.com\/fr\/","name":"H\u00fcbsch","description":"Danish Home Interior and Design","publisher":{"@id":"https:\/\/hubsch-interior.com\/fr\/#organization"},"potentialAction":[{"@type":"SearchAction","target":{"@type":"EntryPoint","urlTemplate":"https:\/\/hubsch-interior.com\/fr\/?s={search_term_string}"},"query-input":{"@type":"PropertyValueSpecification","valueRequired":true,"valueName":"search_term_string"}}],"inLanguage":"fr-FR"},{"@type":"Organization","@id":"https:\/\/hubsch-interior.com\/fr\/#organization","name":"H\u00fcbsch","url":"https:\/\/hubsch-interior.com\/fr\/","logo":{"@type":"ImageObject","inLanguage":"fr-FR","@id":"https:\/\/hubsch-interior.com\/fr\/#\/schema\/logo\/image\/","url":"https:\/\/hubsch-interior.com\/wp-content\/uploads\/2022\/12\/Hubsch_logo_black_one_line.svg","contentUrl":"https:\/\/hubsch-interior.com\/wp-content\/uploads\/2022\/12\/Hubsch_logo_black_one_line.svg","caption":"H\u00fcbsch"},"image":{"@id":"https:\/\/hubsch-interior.com\/fr\/#\/schema\/logo\/image\/"}}]}},"_links":{"self":[{"href":"https:\/\/hubsch-interior.com\/fr\/wp-json\/wp\/v2\/product\/1010523","targetHints":{"allow":["GET"]}}],"collection":[{"href":"https:\/\/hubsch-interior.com\/fr\/wp-json\/wp\/v2\/product"}],"about":[{"href":"https:\/\/hubsch-interior.com\/fr\/wp-json\/wp\/v2\/types\/product"}],"wp:featuredmedia":[{"embeddable":true,"href":"https:\/\/hubsch-interior.com\/fr\/wp-json\/wp\/v2\/media\/1107363"}],"wp:attachment":[{"href":"https:\/\/hubsch-interior.com\/fr\/wp-json\/wp\/v2\/media?parent=1010523"}],"wp:term":[{"taxonomy":"product_brand","embeddable":true,"href":"https:\/\/hubsch-interior.com\/fr\/wp-json\/wp\/v2\/product_brand?post=1010523"},{"taxonomy":"product_cat","embeddable":true,"href":"https:\/\/hubsch-interior.com\/fr\/wp-json\/wp\/v2\/product_cat?post=1010523"},{"taxonomy":"product_tag","embeddable":true,"href":"https:\/\/hubsch-interior.com\/fr\/wp-json\/wp\/v2\/product_tag?post=1010523"}],"curies":[{"name":"wp","href":"https:\/\/api.w.org\/{rel}","templated":true}]}}