{"id":1010539,"date":"2025-01-29T11:13:17","date_gmt":"2025-01-29T10:13:17","guid":{"rendered":"https:\/\/hubsch-interior.com\/product\/product\/"},"modified":"2026-04-11T05:01:44","modified_gmt":"2026-04-11T03:01:44","slug":"chromatic-pendule-gris-clair","status":"publish","type":"product","link":"https:\/\/hubsch-interior.com\/fr\/produit\/chromatic-pendule-gris-clair\/","title":{"rendered":"Chromatic Pendule Gris clair"},"content":{"rendered":"<p>D\u00e9couvrez le charme de la lumi\u00e8re avec le Pendule Chromatique, propos\u00e9 dans une \u00e9l\u00e9gante variante gris clair. Fabriqu\u00e9 en m\u00e9tal durable et en polycarbonate, ce luminaire mince et \u00e9l\u00e9gant est un t\u00e9moignage du go\u00fbt raffin\u00e9. Son design graphique s&#8217;int\u00e8gre parfaitement \u00e0 votre int\u00e9rieur, tandis que les petits d\u00e9tails sur le fil apportent une touche inattendue, rehaussant l&#8217;ambiance de votre maison avec un brin de charme moderne. Parfait pour illuminer vos espaces ch\u00e9ris, ce pendule transforme la lumi\u00e8re quotidienne en une forme d&#8217;art.<\/p>\n","protected":false},"excerpt":{"rendered":"<p>D\u00e9couvrez le charme de la lumi\u00e8re avec le Pendule Chromatique, propos\u00e9 dans une \u00e9l\u00e9gante variante gris clair. Fabriqu\u00e9 en m\u00e9tal durable et en polycarbonate, ce luminaire mince et \u00e9l\u00e9gant est un t\u00e9moignage du go\u00fbt raffin\u00e9. Son design graphique s&#8217;int\u00e8gre parfaitement \u00e0 votre int\u00e9rieur, tandis que les petits d\u00e9tails sur le fil apportent une touche inattendue, [&hellip;]<\/p>\n","protected":false},"featured_media":1107375,"template":"","meta":{"_acf_changed":false,"inline_featured_image":false},"product_brand":[],"product_cat":[6997,3810,4147],"product_tag":[],"class_list":{"0":"post-1010539","1":"product","2":"type-product","3":"status-publish","4":"has-post-thumbnail","6":"product_cat-the-buzz-fr","7":"product_cat-luminaires","8":"product_cat-suspensions-fr","9":"product_shipping_class-pk","11":"pa_color-gris-clair-2","12":"pa_material-fer-fr","13":"pa_material-polycarbonate-2","15":"first","16":"instock","17":"taxable","18":"shipping-taxable","19":"purchasable","20":"product-type-simple"},"exclude_global_add_ons":[],"addons":[],"acf":[],"yoast_head":"<!-- This site is optimized with the Yoast SEO plugin v26.4 - https:\/\/yoast.com\/wordpress\/plugins\/seo\/ -->\n<title>Chromatic Pendule Gris clair - H\u00fcbsch<\/title>\n<meta name=\"description\" content=\"D\u00e9couvrez le charme de la lumi\u00e8re avec le Pendule Chromatique, propos\u00e9 dans une \u00e9l\u00e9gante variante gris clair. Fabriqu\u00e9 en m\u00e9tal durable et en\" \/>\n<meta name=\"robots\" content=\"index, follow, max-snippet:-1, max-image-preview:large, max-video-preview:-1\" \/>\n<link rel=\"canonical\" href=\"https:\/\/hubsch-interior.com\/fr\/wp-json\/wp\/v2\/product\/1010539\" \/>\n<meta property=\"og:locale\" content=\"fr_FR\" \/>\n<meta property=\"og:type\" content=\"article\" \/>\n<meta property=\"og:title\" content=\"Chromatic Pendule Gris clair - H\u00fcbsch\" \/>\n<meta property=\"og:description\" content=\"D\u00e9couvrez le charme de la lumi\u00e8re avec le Pendule Chromatique, propos\u00e9 dans une \u00e9l\u00e9gante variante gris clair. Fabriqu\u00e9 en m\u00e9tal durable et en\" \/>\n<meta property=\"og:url\" content=\"https:\/\/hubsch-interior.com\/fr\/produit\/chromatic-pendule-gris-clair\/\" \/>\n<meta property=\"og:site_name\" content=\"H\u00fcbsch\" \/>\n<meta property=\"article:modified_time\" content=\"2026-04-11T03:01:44+00:00\" \/>\n<meta property=\"og:image\" content=\"https:\/\/hubsch-interior.com\/wp-content\/uploads\/2025\/01\/chromatic-pendant-light-grey-548cff18209fbbb365a6ea1bcf30f4b0.jpg\" \/>\n\t<meta property=\"og:image:width\" content=\"1200\" \/>\n\t<meta property=\"og:image:height\" content=\"1200\" \/>\n\t<meta property=\"og:image:type\" content=\"image\/jpeg\" \/>\n<meta name=\"twitter:card\" content=\"summary_large_image\" \/>\n<script type=\"application\/ld+json\" class=\"yoast-schema-graph\">{\"@context\":\"https:\/\/schema.org\",\"@graph\":[{\"@type\":\"WebPage\",\"@id\":\"https:\/\/hubsch-interior.com\/fr\/produit\/chromatic-pendule-gris-clair\/\",\"url\":\"https:\/\/hubsch-interior.com\/fr\/produit\/chromatic-pendule-gris-clair\/\",\"name\":\"Chromatic Pendule Gris clair - H\u00fcbsch\",\"isPartOf\":{\"@id\":\"https:\/\/hubsch-interior.com\/fr\/#website\"},\"primaryImageOfPage\":{\"@id\":\"https:\/\/hubsch-interior.com\/fr\/produit\/chromatic-pendule-gris-clair\/#primaryimage\"},\"image\":{\"@id\":\"https:\/\/hubsch-interior.com\/fr\/produit\/chromatic-pendule-gris-clair\/#primaryimage\"},\"thumbnailUrl\":\"https:\/\/hubsch-interior.com\/wp-content\/uploads\/2026\/02\/chromatic-pendant-light-grey-4cda9850d3c75a068b44833757aa50ae.jpg\",\"datePublished\":\"2025-01-29T10:13:17+00:00\",\"dateModified\":\"2026-04-11T03:01:44+00:00\",\"description\":\"D\u00e9couvrez le charme de la lumi\u00e8re avec le Pendule Chromatique, propos\u00e9 dans une \u00e9l\u00e9gante variante gris clair. Fabriqu\u00e9 en m\u00e9tal durable et en\",\"breadcrumb\":{\"@id\":\"https:\/\/hubsch-interior.com\/fr\/produit\/chromatic-pendule-gris-clair\/#breadcrumb\"},\"inLanguage\":\"fr-FR\",\"potentialAction\":[{\"@type\":\"ReadAction\",\"target\":[\"https:\/\/hubsch-interior.com\/fr\/produit\/chromatic-pendule-gris-clair\/\"]}]},{\"@type\":\"ImageObject\",\"inLanguage\":\"fr-FR\",\"@id\":\"https:\/\/hubsch-interior.com\/fr\/produit\/chromatic-pendule-gris-clair\/#primaryimage\",\"url\":\"https:\/\/hubsch-interior.com\/wp-content\/uploads\/2026\/02\/chromatic-pendant-light-grey-4cda9850d3c75a068b44833757aa50ae.jpg\",\"contentUrl\":\"https:\/\/hubsch-interior.com\/wp-content\/uploads\/2026\/02\/chromatic-pendant-light-grey-4cda9850d3c75a068b44833757aa50ae.jpg\",\"width\":1024,\"height\":1024},{\"@type\":\"BreadcrumbList\",\"@id\":\"https:\/\/hubsch-interior.com\/fr\/produit\/chromatic-pendule-gris-clair\/#breadcrumb\",\"itemListElement\":[{\"@type\":\"ListItem\",\"position\":1,\"name\":\"Page d'accueil\",\"item\":\"https:\/\/hubsch-interior.com\/fr\/\"},{\"@type\":\"ListItem\",\"position\":2,\"name\":\"Produits\",\"item\":\"https:\/\/hubsch-interior.com\/fr\/shop-2\/\"},{\"@type\":\"ListItem\",\"position\":3,\"name\":\"Luminaires\",\"item\":\"https:\/\/hubsch-interior.com\/fr\/categorie-produit\/luminaires\/\"},{\"@type\":\"ListItem\",\"position\":4,\"name\":\"Suspensions\",\"item\":\"https:\/\/hubsch-interior.com\/fr\/categorie-produit\/luminaires\/suspensions-fr\/\"},{\"@type\":\"ListItem\",\"position\":5,\"name\":\"Chromatic Pendule Gris clair\"}]},{\"@type\":\"WebSite\",\"@id\":\"https:\/\/hubsch-interior.com\/fr\/#website\",\"url\":\"https:\/\/hubsch-interior.com\/fr\/\",\"name\":\"H\u00fcbsch\",\"description\":\"Danish Home Interior and Design\",\"publisher\":{\"@id\":\"https:\/\/hubsch-interior.com\/fr\/#organization\"},\"potentialAction\":[{\"@type\":\"SearchAction\",\"target\":{\"@type\":\"EntryPoint\",\"urlTemplate\":\"https:\/\/hubsch-interior.com\/fr\/?s={search_term_string}\"},\"query-input\":{\"@type\":\"PropertyValueSpecification\",\"valueRequired\":true,\"valueName\":\"search_term_string\"}}],\"inLanguage\":\"fr-FR\"},{\"@type\":\"Organization\",\"@id\":\"https:\/\/hubsch-interior.com\/fr\/#organization\",\"name\":\"H\u00fcbsch\",\"url\":\"https:\/\/hubsch-interior.com\/fr\/\",\"logo\":{\"@type\":\"ImageObject\",\"inLanguage\":\"fr-FR\",\"@id\":\"https:\/\/hubsch-interior.com\/fr\/#\/schema\/logo\/image\/\",\"url\":\"https:\/\/hubsch-interior.com\/wp-content\/uploads\/2022\/12\/Hubsch_logo_black_one_line.svg\",\"contentUrl\":\"https:\/\/hubsch-interior.com\/wp-content\/uploads\/2022\/12\/Hubsch_logo_black_one_line.svg\",\"caption\":\"H\u00fcbsch\"},\"image\":{\"@id\":\"https:\/\/hubsch-interior.com\/fr\/#\/schema\/logo\/image\/\"}}]}<\/script>\n<!-- \/ Yoast SEO plugin. -->","yoast_head_json":{"title":"Chromatic Pendule Gris clair - H\u00fcbsch","description":"D\u00e9couvrez le charme de la lumi\u00e8re avec le Pendule Chromatique, propos\u00e9 dans une \u00e9l\u00e9gante variante gris clair. Fabriqu\u00e9 en m\u00e9tal durable et en","robots":{"index":"index","follow":"follow","max-snippet":"max-snippet:-1","max-image-preview":"max-image-preview:large","max-video-preview":"max-video-preview:-1"},"canonical":"https:\/\/hubsch-interior.com\/fr\/wp-json\/wp\/v2\/product\/1010539","og_locale":"fr_FR","og_type":"article","og_title":"Chromatic Pendule Gris clair - H\u00fcbsch","og_description":"D\u00e9couvrez le charme de la lumi\u00e8re avec le Pendule Chromatique, propos\u00e9 dans une \u00e9l\u00e9gante variante gris clair. Fabriqu\u00e9 en m\u00e9tal durable et en","og_url":"https:\/\/hubsch-interior.com\/fr\/produit\/chromatic-pendule-gris-clair\/","og_site_name":"H\u00fcbsch","article_modified_time":"2026-04-11T03:01:44+00:00","og_image":[{"width":1200,"height":1200,"url":"https:\/\/hubsch-interior.com\/wp-content\/uploads\/2025\/01\/chromatic-pendant-light-grey-548cff18209fbbb365a6ea1bcf30f4b0.jpg","type":"image\/jpeg"}],"twitter_card":"summary_large_image","schema":{"@context":"https:\/\/schema.org","@graph":[{"@type":"WebPage","@id":"https:\/\/hubsch-interior.com\/fr\/produit\/chromatic-pendule-gris-clair\/","url":"https:\/\/hubsch-interior.com\/fr\/produit\/chromatic-pendule-gris-clair\/","name":"Chromatic Pendule Gris clair - H\u00fcbsch","isPartOf":{"@id":"https:\/\/hubsch-interior.com\/fr\/#website"},"primaryImageOfPage":{"@id":"https:\/\/hubsch-interior.com\/fr\/produit\/chromatic-pendule-gris-clair\/#primaryimage"},"image":{"@id":"https:\/\/hubsch-interior.com\/fr\/produit\/chromatic-pendule-gris-clair\/#primaryimage"},"thumbnailUrl":"https:\/\/hubsch-interior.com\/wp-content\/uploads\/2026\/02\/chromatic-pendant-light-grey-4cda9850d3c75a068b44833757aa50ae.jpg","datePublished":"2025-01-29T10:13:17+00:00","dateModified":"2026-04-11T03:01:44+00:00","description":"D\u00e9couvrez le charme de la lumi\u00e8re avec le Pendule Chromatique, propos\u00e9 dans une \u00e9l\u00e9gante variante gris clair. Fabriqu\u00e9 en m\u00e9tal durable et en","breadcrumb":{"@id":"https:\/\/hubsch-interior.com\/fr\/produit\/chromatic-pendule-gris-clair\/#breadcrumb"},"inLanguage":"fr-FR","potentialAction":[{"@type":"ReadAction","target":["https:\/\/hubsch-interior.com\/fr\/produit\/chromatic-pendule-gris-clair\/"]}]},{"@type":"ImageObject","inLanguage":"fr-FR","@id":"https:\/\/hubsch-interior.com\/fr\/produit\/chromatic-pendule-gris-clair\/#primaryimage","url":"https:\/\/hubsch-interior.com\/wp-content\/uploads\/2026\/02\/chromatic-pendant-light-grey-4cda9850d3c75a068b44833757aa50ae.jpg","contentUrl":"https:\/\/hubsch-interior.com\/wp-content\/uploads\/2026\/02\/chromatic-pendant-light-grey-4cda9850d3c75a068b44833757aa50ae.jpg","width":1024,"height":1024},{"@type":"BreadcrumbList","@id":"https:\/\/hubsch-interior.com\/fr\/produit\/chromatic-pendule-gris-clair\/#breadcrumb","itemListElement":[{"@type":"ListItem","position":1,"name":"Page d'accueil","item":"https:\/\/hubsch-interior.com\/fr\/"},{"@type":"ListItem","position":2,"name":"Produits","item":"https:\/\/hubsch-interior.com\/fr\/shop-2\/"},{"@type":"ListItem","position":3,"name":"Luminaires","item":"https:\/\/hubsch-interior.com\/fr\/categorie-produit\/luminaires\/"},{"@type":"ListItem","position":4,"name":"Suspensions","item":"https:\/\/hubsch-interior.com\/fr\/categorie-produit\/luminaires\/suspensions-fr\/"},{"@type":"ListItem","position":5,"name":"Chromatic Pendule Gris clair"}]},{"@type":"WebSite","@id":"https:\/\/hubsch-interior.com\/fr\/#website","url":"https:\/\/hubsch-interior.com\/fr\/","name":"H\u00fcbsch","description":"Danish Home Interior and Design","publisher":{"@id":"https:\/\/hubsch-interior.com\/fr\/#organization"},"potentialAction":[{"@type":"SearchAction","target":{"@type":"EntryPoint","urlTemplate":"https:\/\/hubsch-interior.com\/fr\/?s={search_term_string}"},"query-input":{"@type":"PropertyValueSpecification","valueRequired":true,"valueName":"search_term_string"}}],"inLanguage":"fr-FR"},{"@type":"Organization","@id":"https:\/\/hubsch-interior.com\/fr\/#organization","name":"H\u00fcbsch","url":"https:\/\/hubsch-interior.com\/fr\/","logo":{"@type":"ImageObject","inLanguage":"fr-FR","@id":"https:\/\/hubsch-interior.com\/fr\/#\/schema\/logo\/image\/","url":"https:\/\/hubsch-interior.com\/wp-content\/uploads\/2022\/12\/Hubsch_logo_black_one_line.svg","contentUrl":"https:\/\/hubsch-interior.com\/wp-content\/uploads\/2022\/12\/Hubsch_logo_black_one_line.svg","caption":"H\u00fcbsch"},"image":{"@id":"https:\/\/hubsch-interior.com\/fr\/#\/schema\/logo\/image\/"}}]}},"_links":{"self":[{"href":"https:\/\/hubsch-interior.com\/fr\/wp-json\/wp\/v2\/product\/1010539","targetHints":{"allow":["GET"]}}],"collection":[{"href":"https:\/\/hubsch-interior.com\/fr\/wp-json\/wp\/v2\/product"}],"about":[{"href":"https:\/\/hubsch-interior.com\/fr\/wp-json\/wp\/v2\/types\/product"}],"wp:featuredmedia":[{"embeddable":true,"href":"https:\/\/hubsch-interior.com\/fr\/wp-json\/wp\/v2\/media\/1107375"}],"wp:attachment":[{"href":"https:\/\/hubsch-interior.com\/fr\/wp-json\/wp\/v2\/media?parent=1010539"}],"wp:term":[{"taxonomy":"product_brand","embeddable":true,"href":"https:\/\/hubsch-interior.com\/fr\/wp-json\/wp\/v2\/product_brand?post=1010539"},{"taxonomy":"product_cat","embeddable":true,"href":"https:\/\/hubsch-interior.com\/fr\/wp-json\/wp\/v2\/product_cat?post=1010539"},{"taxonomy":"product_tag","embeddable":true,"href":"https:\/\/hubsch-interior.com\/fr\/wp-json\/wp\/v2\/product_tag?post=1010539"}],"curies":[{"name":"wp","href":"https:\/\/api.w.org\/{rel}","templated":true}]}}