{"id":1010604,"date":"2025-01-29T11:14:54","date_gmt":"2025-01-29T10:14:54","guid":{"rendered":"https:\/\/hubsch-interior.com\/product\/product\/"},"modified":"2026-04-09T05:05:11","modified_gmt":"2026-04-09T03:05:11","slug":"quip-pendule-gris-clair","status":"publish","type":"product","link":"https:\/\/hubsch-interior.com\/fr\/produit\/quip-pendule-gris-clair\/","title":{"rendered":"Quip Pendule Gris clair"},"content":{"rendered":"<p>D\u00e9couvrez le Quip Pendule, votre nouveau centre d&#8217;int\u00e9r\u00eat pr\u00e9f\u00e9r\u00e9 en gris clair. Fabriqu\u00e9 en m\u00e9tal robuste et dot\u00e9 d&#8217;une forme minimaliste, il apporte une \u00e9l\u00e9gance discr\u00e8te \u00e0 toute pi\u00e8ce. Avec son m\u00e9canisme de hauteur r\u00e9glable et son cordon \u00e0 ressort r\u00e9tro, ce luminaire suspendu est aussi polyvalent que styl\u00e9, garantissant une ambiance parfaite pour des soir\u00e9es cosy ou un \u00e9clairage cibl\u00e9 pour travailler. Rehaussez votre int\u00e9rieur avec le charme et la fonctionnalit\u00e9 du Quip Pendule \u2013 un ajout \u00e9l\u00e9gant pour ceux qui appr\u00e9cient le design moderne avec une touche classique.<br \/>\nPour cette lampe, utilisez une ampoule LED dimmable.<\/p>\n","protected":false},"excerpt":{"rendered":"<p>D\u00e9couvrez le Quip Pendule, votre nouveau centre d&#8217;int\u00e9r\u00eat pr\u00e9f\u00e9r\u00e9 en gris clair. Fabriqu\u00e9 en m\u00e9tal robuste et dot\u00e9 d&#8217;une forme minimaliste, il apporte une \u00e9l\u00e9gance discr\u00e8te \u00e0 toute pi\u00e8ce. Avec son m\u00e9canisme de hauteur r\u00e9glable et son cordon \u00e0 ressort r\u00e9tro, ce luminaire suspendu est aussi polyvalent que styl\u00e9, garantissant une ambiance parfaite pour des [&hellip;]<\/p>\n","protected":false},"featured_media":1107435,"template":"","meta":{"_acf_changed":false,"inline_featured_image":false},"product_brand":[],"product_cat":[6997,3810,4147,5026],"product_tag":[],"class_list":{"0":"post-1010604","1":"product","2":"type-product","3":"status-publish","4":"has-post-thumbnail","6":"product_cat-the-buzz-fr","7":"product_cat-luminaires","8":"product_cat-suspensions-fr","9":"product_cat-bestsellers-fr","10":"product_shipping_class-pk","12":"pa_color-gris-clair-2","13":"pa_material-fer-fr","14":"pa_material-verre-fr","16":"first","17":"instock","18":"featured","19":"taxable","20":"shipping-taxable","21":"purchasable","22":"product-type-simple"},"exclude_global_add_ons":[],"addons":[],"acf":[],"yoast_head":"<!-- This site is optimized with the Yoast SEO plugin v26.4 - https:\/\/yoast.com\/wordpress\/plugins\/seo\/ -->\n<title>Quip Pendule Gris clair - H\u00fcbsch<\/title>\n<meta name=\"description\" content=\"D\u00e9couvrez le Quip Pendule, votre nouveau centre d&#039;int\u00e9r\u00eat pr\u00e9f\u00e9r\u00e9 en gris clair. Fabriqu\u00e9 en m\u00e9tal robuste et dot\u00e9 d&#039;une forme minimaliste, il apporte une\" \/>\n<meta name=\"robots\" content=\"index, follow, max-snippet:-1, max-image-preview:large, max-video-preview:-1\" \/>\n<link rel=\"canonical\" href=\"https:\/\/hubsch-interior.com\/fr\/wp-json\/wp\/v2\/product\/1010604\" \/>\n<meta property=\"og:locale\" content=\"fr_FR\" \/>\n<meta property=\"og:type\" content=\"article\" \/>\n<meta property=\"og:title\" content=\"Quip Pendule Gris clair - H\u00fcbsch\" \/>\n<meta property=\"og:description\" content=\"D\u00e9couvrez le Quip Pendule, votre nouveau centre d&#039;int\u00e9r\u00eat pr\u00e9f\u00e9r\u00e9 en gris clair. Fabriqu\u00e9 en m\u00e9tal robuste et dot\u00e9 d&#039;une forme minimaliste, il apporte une\" \/>\n<meta property=\"og:url\" content=\"https:\/\/hubsch-interior.com\/fr\/produit\/quip-pendule-gris-clair\/\" \/>\n<meta property=\"og:site_name\" content=\"H\u00fcbsch\" \/>\n<meta property=\"article:modified_time\" content=\"2026-04-09T03:05:11+00:00\" \/>\n<meta property=\"og:image\" content=\"https:\/\/hubsch-interior.com\/wp-content\/uploads\/2025\/04\/quip-pendant-light-grey-3ef49dd6a78941dc2307f9d2a81766ff.jpg\" \/>\n\t<meta property=\"og:image:width\" content=\"1200\" \/>\n\t<meta property=\"og:image:height\" content=\"1200\" \/>\n\t<meta property=\"og:image:type\" content=\"image\/jpeg\" \/>\n<meta name=\"twitter:card\" content=\"summary_large_image\" \/>\n<meta name=\"twitter:label1\" content=\"Dur\u00e9e de lecture estim\u00e9e\" \/>\n\t<meta name=\"twitter:data1\" content=\"1 minute\" \/>\n<script type=\"application\/ld+json\" class=\"yoast-schema-graph\">{\"@context\":\"https:\/\/schema.org\",\"@graph\":[{\"@type\":\"WebPage\",\"@id\":\"https:\/\/hubsch-interior.com\/fr\/produit\/quip-pendule-gris-clair\/\",\"url\":\"https:\/\/hubsch-interior.com\/fr\/produit\/quip-pendule-gris-clair\/\",\"name\":\"Quip Pendule Gris clair - H\u00fcbsch\",\"isPartOf\":{\"@id\":\"https:\/\/hubsch-interior.com\/fr\/#website\"},\"primaryImageOfPage\":{\"@id\":\"https:\/\/hubsch-interior.com\/fr\/produit\/quip-pendule-gris-clair\/#primaryimage\"},\"image\":{\"@id\":\"https:\/\/hubsch-interior.com\/fr\/produit\/quip-pendule-gris-clair\/#primaryimage\"},\"thumbnailUrl\":\"https:\/\/hubsch-interior.com\/wp-content\/uploads\/2026\/02\/quip-pendant-light-grey-2570f2a5b9201237703138d7ebd93c53.jpg\",\"datePublished\":\"2025-01-29T10:14:54+00:00\",\"dateModified\":\"2026-04-09T03:05:11+00:00\",\"description\":\"D\u00e9couvrez le Quip Pendule, votre nouveau centre d'int\u00e9r\u00eat pr\u00e9f\u00e9r\u00e9 en gris clair. Fabriqu\u00e9 en m\u00e9tal robuste et dot\u00e9 d'une forme minimaliste, il apporte une\",\"breadcrumb\":{\"@id\":\"https:\/\/hubsch-interior.com\/fr\/produit\/quip-pendule-gris-clair\/#breadcrumb\"},\"inLanguage\":\"fr-FR\",\"potentialAction\":[{\"@type\":\"ReadAction\",\"target\":[\"https:\/\/hubsch-interior.com\/fr\/produit\/quip-pendule-gris-clair\/\"]}]},{\"@type\":\"ImageObject\",\"inLanguage\":\"fr-FR\",\"@id\":\"https:\/\/hubsch-interior.com\/fr\/produit\/quip-pendule-gris-clair\/#primaryimage\",\"url\":\"https:\/\/hubsch-interior.com\/wp-content\/uploads\/2026\/02\/quip-pendant-light-grey-2570f2a5b9201237703138d7ebd93c53.jpg\",\"contentUrl\":\"https:\/\/hubsch-interior.com\/wp-content\/uploads\/2026\/02\/quip-pendant-light-grey-2570f2a5b9201237703138d7ebd93c53.jpg\",\"width\":1024,\"height\":1024},{\"@type\":\"BreadcrumbList\",\"@id\":\"https:\/\/hubsch-interior.com\/fr\/produit\/quip-pendule-gris-clair\/#breadcrumb\",\"itemListElement\":[{\"@type\":\"ListItem\",\"position\":1,\"name\":\"Page d'accueil\",\"item\":\"https:\/\/hubsch-interior.com\/fr\/\"},{\"@type\":\"ListItem\",\"position\":2,\"name\":\"Produits\",\"item\":\"https:\/\/hubsch-interior.com\/fr\/shop-2\/\"},{\"@type\":\"ListItem\",\"position\":3,\"name\":\"Luminaires\",\"item\":\"https:\/\/hubsch-interior.com\/fr\/categorie-produit\/luminaires\/\"},{\"@type\":\"ListItem\",\"position\":4,\"name\":\"Suspensions\",\"item\":\"https:\/\/hubsch-interior.com\/fr\/categorie-produit\/luminaires\/suspensions-fr\/\"},{\"@type\":\"ListItem\",\"position\":5,\"name\":\"Quip Pendule Gris clair\"}]},{\"@type\":\"WebSite\",\"@id\":\"https:\/\/hubsch-interior.com\/fr\/#website\",\"url\":\"https:\/\/hubsch-interior.com\/fr\/\",\"name\":\"H\u00fcbsch\",\"description\":\"Danish Home Interior and Design\",\"publisher\":{\"@id\":\"https:\/\/hubsch-interior.com\/fr\/#organization\"},\"potentialAction\":[{\"@type\":\"SearchAction\",\"target\":{\"@type\":\"EntryPoint\",\"urlTemplate\":\"https:\/\/hubsch-interior.com\/fr\/?s={search_term_string}\"},\"query-input\":{\"@type\":\"PropertyValueSpecification\",\"valueRequired\":true,\"valueName\":\"search_term_string\"}}],\"inLanguage\":\"fr-FR\"},{\"@type\":\"Organization\",\"@id\":\"https:\/\/hubsch-interior.com\/fr\/#organization\",\"name\":\"H\u00fcbsch\",\"url\":\"https:\/\/hubsch-interior.com\/fr\/\",\"logo\":{\"@type\":\"ImageObject\",\"inLanguage\":\"fr-FR\",\"@id\":\"https:\/\/hubsch-interior.com\/fr\/#\/schema\/logo\/image\/\",\"url\":\"https:\/\/hubsch-interior.com\/wp-content\/uploads\/2022\/12\/Hubsch_logo_black_one_line.svg\",\"contentUrl\":\"https:\/\/hubsch-interior.com\/wp-content\/uploads\/2022\/12\/Hubsch_logo_black_one_line.svg\",\"caption\":\"H\u00fcbsch\"},\"image\":{\"@id\":\"https:\/\/hubsch-interior.com\/fr\/#\/schema\/logo\/image\/\"}}]}<\/script>\n<!-- \/ Yoast SEO plugin. -->","yoast_head_json":{"title":"Quip Pendule Gris clair - H\u00fcbsch","description":"D\u00e9couvrez le Quip Pendule, votre nouveau centre d'int\u00e9r\u00eat pr\u00e9f\u00e9r\u00e9 en gris clair. Fabriqu\u00e9 en m\u00e9tal robuste et dot\u00e9 d'une forme minimaliste, il apporte une","robots":{"index":"index","follow":"follow","max-snippet":"max-snippet:-1","max-image-preview":"max-image-preview:large","max-video-preview":"max-video-preview:-1"},"canonical":"https:\/\/hubsch-interior.com\/fr\/wp-json\/wp\/v2\/product\/1010604","og_locale":"fr_FR","og_type":"article","og_title":"Quip Pendule Gris clair - H\u00fcbsch","og_description":"D\u00e9couvrez le Quip Pendule, votre nouveau centre d'int\u00e9r\u00eat pr\u00e9f\u00e9r\u00e9 en gris clair. Fabriqu\u00e9 en m\u00e9tal robuste et dot\u00e9 d'une forme minimaliste, il apporte une","og_url":"https:\/\/hubsch-interior.com\/fr\/produit\/quip-pendule-gris-clair\/","og_site_name":"H\u00fcbsch","article_modified_time":"2026-04-09T03:05:11+00:00","og_image":[{"width":1200,"height":1200,"url":"https:\/\/hubsch-interior.com\/wp-content\/uploads\/2025\/04\/quip-pendant-light-grey-3ef49dd6a78941dc2307f9d2a81766ff.jpg","type":"image\/jpeg"}],"twitter_card":"summary_large_image","twitter_misc":{"Dur\u00e9e de lecture estim\u00e9e":"1 minute"},"schema":{"@context":"https:\/\/schema.org","@graph":[{"@type":"WebPage","@id":"https:\/\/hubsch-interior.com\/fr\/produit\/quip-pendule-gris-clair\/","url":"https:\/\/hubsch-interior.com\/fr\/produit\/quip-pendule-gris-clair\/","name":"Quip Pendule Gris clair - H\u00fcbsch","isPartOf":{"@id":"https:\/\/hubsch-interior.com\/fr\/#website"},"primaryImageOfPage":{"@id":"https:\/\/hubsch-interior.com\/fr\/produit\/quip-pendule-gris-clair\/#primaryimage"},"image":{"@id":"https:\/\/hubsch-interior.com\/fr\/produit\/quip-pendule-gris-clair\/#primaryimage"},"thumbnailUrl":"https:\/\/hubsch-interior.com\/wp-content\/uploads\/2026\/02\/quip-pendant-light-grey-2570f2a5b9201237703138d7ebd93c53.jpg","datePublished":"2025-01-29T10:14:54+00:00","dateModified":"2026-04-09T03:05:11+00:00","description":"D\u00e9couvrez le Quip Pendule, votre nouveau centre d'int\u00e9r\u00eat pr\u00e9f\u00e9r\u00e9 en gris clair. Fabriqu\u00e9 en m\u00e9tal robuste et dot\u00e9 d'une forme minimaliste, il apporte une","breadcrumb":{"@id":"https:\/\/hubsch-interior.com\/fr\/produit\/quip-pendule-gris-clair\/#breadcrumb"},"inLanguage":"fr-FR","potentialAction":[{"@type":"ReadAction","target":["https:\/\/hubsch-interior.com\/fr\/produit\/quip-pendule-gris-clair\/"]}]},{"@type":"ImageObject","inLanguage":"fr-FR","@id":"https:\/\/hubsch-interior.com\/fr\/produit\/quip-pendule-gris-clair\/#primaryimage","url":"https:\/\/hubsch-interior.com\/wp-content\/uploads\/2026\/02\/quip-pendant-light-grey-2570f2a5b9201237703138d7ebd93c53.jpg","contentUrl":"https:\/\/hubsch-interior.com\/wp-content\/uploads\/2026\/02\/quip-pendant-light-grey-2570f2a5b9201237703138d7ebd93c53.jpg","width":1024,"height":1024},{"@type":"BreadcrumbList","@id":"https:\/\/hubsch-interior.com\/fr\/produit\/quip-pendule-gris-clair\/#breadcrumb","itemListElement":[{"@type":"ListItem","position":1,"name":"Page d'accueil","item":"https:\/\/hubsch-interior.com\/fr\/"},{"@type":"ListItem","position":2,"name":"Produits","item":"https:\/\/hubsch-interior.com\/fr\/shop-2\/"},{"@type":"ListItem","position":3,"name":"Luminaires","item":"https:\/\/hubsch-interior.com\/fr\/categorie-produit\/luminaires\/"},{"@type":"ListItem","position":4,"name":"Suspensions","item":"https:\/\/hubsch-interior.com\/fr\/categorie-produit\/luminaires\/suspensions-fr\/"},{"@type":"ListItem","position":5,"name":"Quip Pendule Gris clair"}]},{"@type":"WebSite","@id":"https:\/\/hubsch-interior.com\/fr\/#website","url":"https:\/\/hubsch-interior.com\/fr\/","name":"H\u00fcbsch","description":"Danish Home Interior and Design","publisher":{"@id":"https:\/\/hubsch-interior.com\/fr\/#organization"},"potentialAction":[{"@type":"SearchAction","target":{"@type":"EntryPoint","urlTemplate":"https:\/\/hubsch-interior.com\/fr\/?s={search_term_string}"},"query-input":{"@type":"PropertyValueSpecification","valueRequired":true,"valueName":"search_term_string"}}],"inLanguage":"fr-FR"},{"@type":"Organization","@id":"https:\/\/hubsch-interior.com\/fr\/#organization","name":"H\u00fcbsch","url":"https:\/\/hubsch-interior.com\/fr\/","logo":{"@type":"ImageObject","inLanguage":"fr-FR","@id":"https:\/\/hubsch-interior.com\/fr\/#\/schema\/logo\/image\/","url":"https:\/\/hubsch-interior.com\/wp-content\/uploads\/2022\/12\/Hubsch_logo_black_one_line.svg","contentUrl":"https:\/\/hubsch-interior.com\/wp-content\/uploads\/2022\/12\/Hubsch_logo_black_one_line.svg","caption":"H\u00fcbsch"},"image":{"@id":"https:\/\/hubsch-interior.com\/fr\/#\/schema\/logo\/image\/"}}]}},"_links":{"self":[{"href":"https:\/\/hubsch-interior.com\/fr\/wp-json\/wp\/v2\/product\/1010604","targetHints":{"allow":["GET"]}}],"collection":[{"href":"https:\/\/hubsch-interior.com\/fr\/wp-json\/wp\/v2\/product"}],"about":[{"href":"https:\/\/hubsch-interior.com\/fr\/wp-json\/wp\/v2\/types\/product"}],"wp:featuredmedia":[{"embeddable":true,"href":"https:\/\/hubsch-interior.com\/fr\/wp-json\/wp\/v2\/media\/1107435"}],"wp:attachment":[{"href":"https:\/\/hubsch-interior.com\/fr\/wp-json\/wp\/v2\/media?parent=1010604"}],"wp:term":[{"taxonomy":"product_brand","embeddable":true,"href":"https:\/\/hubsch-interior.com\/fr\/wp-json\/wp\/v2\/product_brand?post=1010604"},{"taxonomy":"product_cat","embeddable":true,"href":"https:\/\/hubsch-interior.com\/fr\/wp-json\/wp\/v2\/product_cat?post=1010604"},{"taxonomy":"product_tag","embeddable":true,"href":"https:\/\/hubsch-interior.com\/fr\/wp-json\/wp\/v2\/product_tag?post=1010604"}],"curies":[{"name":"wp","href":"https:\/\/api.w.org\/{rel}","templated":true}]}}