{"id":1010624,"date":"2025-01-29T11:28:09","date_gmt":"2025-01-29T10:28:09","guid":{"rendered":"https:\/\/hubsch-interior.com\/product\/product\/"},"modified":"2026-04-08T05:04:54","modified_gmt":"2026-04-08T03:04:54","slug":"verve-lampe-de-table-gris-clair","status":"publish","type":"product","link":"https:\/\/hubsch-interior.com\/fr\/produit\/verve-lampe-de-table-gris-clair\/","title":{"rendered":"Verve Lampe de table Gris clair"},"content":{"rendered":"<p>D\u00e9couvrez la Verve Lampe de table, un accessoire essentiel pour votre bureau. Fabriqu\u00e9e avec soin en m\u00e9tal et en polycarbonate dans un gris clair subtil, cette lampe allie fonctionnalit\u00e9 \u00e0 une forme ludique qui rappelle un robot. La Verve n&#8217;est pas seulement esth\u00e9tique ; elle est \u00e9galement dimmable et facile \u00e0 ajuster en trois points, vous assurant un \u00e9clairage parfait pour chaque t\u00e2che. Que vous lisiez, \u00e9criviez ou travailliez sur votre ordinateur, la Verve Lampe de table est la lampe de bureau classique red\u00e9finie pour r\u00e9pondre \u00e0 vos besoins quotidiens.<\/p>\n","protected":false},"excerpt":{"rendered":"<p>D\u00e9couvrez la Verve Lampe de table, un accessoire essentiel pour votre bureau. Fabriqu\u00e9e avec soin en m\u00e9tal et en polycarbonate dans un gris clair subtil, cette lampe allie fonctionnalit\u00e9 \u00e0 une forme ludique qui rappelle un robot. La Verve n&#8217;est pas seulement esth\u00e9tique ; elle est \u00e9galement dimmable et facile \u00e0 ajuster en trois points, [&hellip;]<\/p>\n","protected":false},"featured_media":1107451,"template":"","meta":{"_acf_changed":false,"inline_featured_image":false},"product_brand":[],"product_cat":[6997,3810,3500],"product_tag":[],"class_list":{"0":"post-1010624","1":"product","2":"type-product","3":"status-publish","4":"has-post-thumbnail","6":"product_cat-the-buzz-fr","7":"product_cat-luminaires","8":"product_cat-lampes-a-poser-fr","9":"product_shipping_class-pk","10":"pa_color-gris-clair-2","11":"pa_material-fer-fr","12":"pa_material-polycarbonate-2","14":"first","15":"instock","16":"taxable","17":"shipping-taxable","18":"purchasable","19":"product-type-simple"},"exclude_global_add_ons":[],"addons":[],"acf":[],"yoast_head":"<!-- This site is optimized with the Yoast SEO plugin v26.4 - https:\/\/yoast.com\/wordpress\/plugins\/seo\/ -->\n<title>Verve Lampe de table Gris clair - H\u00fcbsch<\/title>\n<meta name=\"description\" content=\"D\u00e9couvrez la Verve Lampe de table, un accessoire essentiel pour votre bureau. Fabriqu\u00e9e avec soin en m\u00e9tal et en polycarbonate dans un gris clair subtil,\" \/>\n<meta name=\"robots\" content=\"index, follow, max-snippet:-1, max-image-preview:large, max-video-preview:-1\" \/>\n<link rel=\"canonical\" href=\"https:\/\/hubsch-interior.com\/fr\/wp-json\/wp\/v2\/product\/1010624\" \/>\n<meta property=\"og:locale\" content=\"fr_FR\" \/>\n<meta property=\"og:type\" content=\"article\" \/>\n<meta property=\"og:title\" content=\"Verve Lampe de table Gris clair - H\u00fcbsch\" \/>\n<meta property=\"og:description\" content=\"D\u00e9couvrez la Verve Lampe de table, un accessoire essentiel pour votre bureau. Fabriqu\u00e9e avec soin en m\u00e9tal et en polycarbonate dans un gris clair subtil,\" \/>\n<meta property=\"og:url\" content=\"https:\/\/hubsch-interior.com\/fr\/produit\/verve-lampe-de-table-gris-clair\/\" \/>\n<meta property=\"og:site_name\" content=\"H\u00fcbsch\" \/>\n<meta property=\"article:modified_time\" content=\"2026-04-08T03:04:54+00:00\" \/>\n<meta property=\"og:image\" content=\"https:\/\/hubsch-interior.com\/wp-content\/uploads\/2025\/01\/verve-table-lamp-light-grey-777010bf6769f4163e610fb7d96df146.jpg\" \/>\n\t<meta property=\"og:image:width\" content=\"1200\" \/>\n\t<meta property=\"og:image:height\" content=\"1200\" \/>\n\t<meta property=\"og:image:type\" content=\"image\/jpeg\" \/>\n<meta name=\"twitter:card\" content=\"summary_large_image\" \/>\n<script type=\"application\/ld+json\" class=\"yoast-schema-graph\">{\"@context\":\"https:\/\/schema.org\",\"@graph\":[{\"@type\":\"WebPage\",\"@id\":\"https:\/\/hubsch-interior.com\/fr\/produit\/verve-lampe-de-table-gris-clair\/\",\"url\":\"https:\/\/hubsch-interior.com\/fr\/produit\/verve-lampe-de-table-gris-clair\/\",\"name\":\"Verve Lampe de table Gris clair - H\u00fcbsch\",\"isPartOf\":{\"@id\":\"https:\/\/hubsch-interior.com\/fr\/#website\"},\"primaryImageOfPage\":{\"@id\":\"https:\/\/hubsch-interior.com\/fr\/produit\/verve-lampe-de-table-gris-clair\/#primaryimage\"},\"image\":{\"@id\":\"https:\/\/hubsch-interior.com\/fr\/produit\/verve-lampe-de-table-gris-clair\/#primaryimage\"},\"thumbnailUrl\":\"https:\/\/hubsch-interior.com\/wp-content\/uploads\/2026\/02\/verve-table-lamp-light-grey-b8247f1ac21404c10dcc280d9f331dff.jpg\",\"datePublished\":\"2025-01-29T10:28:09+00:00\",\"dateModified\":\"2026-04-08T03:04:54+00:00\",\"description\":\"D\u00e9couvrez la Verve Lampe de table, un accessoire essentiel pour votre bureau. Fabriqu\u00e9e avec soin en m\u00e9tal et en polycarbonate dans un gris clair subtil,\",\"breadcrumb\":{\"@id\":\"https:\/\/hubsch-interior.com\/fr\/produit\/verve-lampe-de-table-gris-clair\/#breadcrumb\"},\"inLanguage\":\"fr-FR\",\"potentialAction\":[{\"@type\":\"ReadAction\",\"target\":[\"https:\/\/hubsch-interior.com\/fr\/produit\/verve-lampe-de-table-gris-clair\/\"]}]},{\"@type\":\"ImageObject\",\"inLanguage\":\"fr-FR\",\"@id\":\"https:\/\/hubsch-interior.com\/fr\/produit\/verve-lampe-de-table-gris-clair\/#primaryimage\",\"url\":\"https:\/\/hubsch-interior.com\/wp-content\/uploads\/2026\/02\/verve-table-lamp-light-grey-b8247f1ac21404c10dcc280d9f331dff.jpg\",\"contentUrl\":\"https:\/\/hubsch-interior.com\/wp-content\/uploads\/2026\/02\/verve-table-lamp-light-grey-b8247f1ac21404c10dcc280d9f331dff.jpg\",\"width\":1024,\"height\":1024},{\"@type\":\"BreadcrumbList\",\"@id\":\"https:\/\/hubsch-interior.com\/fr\/produit\/verve-lampe-de-table-gris-clair\/#breadcrumb\",\"itemListElement\":[{\"@type\":\"ListItem\",\"position\":1,\"name\":\"Page d'accueil\",\"item\":\"https:\/\/hubsch-interior.com\/fr\/\"},{\"@type\":\"ListItem\",\"position\":2,\"name\":\"Produits\",\"item\":\"https:\/\/hubsch-interior.com\/fr\/shop-2\/\"},{\"@type\":\"ListItem\",\"position\":3,\"name\":\"Luminaires\",\"item\":\"https:\/\/hubsch-interior.com\/fr\/categorie-produit\/luminaires\/\"},{\"@type\":\"ListItem\",\"position\":4,\"name\":\"Lampes &agrave; poser\",\"item\":\"https:\/\/hubsch-interior.com\/fr\/categorie-produit\/luminaires\/lampes-a-poser-fr\/\"},{\"@type\":\"ListItem\",\"position\":5,\"name\":\"Verve Lampe de table Gris clair\"}]},{\"@type\":\"WebSite\",\"@id\":\"https:\/\/hubsch-interior.com\/fr\/#website\",\"url\":\"https:\/\/hubsch-interior.com\/fr\/\",\"name\":\"H\u00fcbsch\",\"description\":\"Danish Home Interior and Design\",\"publisher\":{\"@id\":\"https:\/\/hubsch-interior.com\/fr\/#organization\"},\"potentialAction\":[{\"@type\":\"SearchAction\",\"target\":{\"@type\":\"EntryPoint\",\"urlTemplate\":\"https:\/\/hubsch-interior.com\/fr\/?s={search_term_string}\"},\"query-input\":{\"@type\":\"PropertyValueSpecification\",\"valueRequired\":true,\"valueName\":\"search_term_string\"}}],\"inLanguage\":\"fr-FR\"},{\"@type\":\"Organization\",\"@id\":\"https:\/\/hubsch-interior.com\/fr\/#organization\",\"name\":\"H\u00fcbsch\",\"url\":\"https:\/\/hubsch-interior.com\/fr\/\",\"logo\":{\"@type\":\"ImageObject\",\"inLanguage\":\"fr-FR\",\"@id\":\"https:\/\/hubsch-interior.com\/fr\/#\/schema\/logo\/image\/\",\"url\":\"https:\/\/hubsch-interior.com\/wp-content\/uploads\/2022\/12\/Hubsch_logo_black_one_line.svg\",\"contentUrl\":\"https:\/\/hubsch-interior.com\/wp-content\/uploads\/2022\/12\/Hubsch_logo_black_one_line.svg\",\"caption\":\"H\u00fcbsch\"},\"image\":{\"@id\":\"https:\/\/hubsch-interior.com\/fr\/#\/schema\/logo\/image\/\"}}]}<\/script>\n<!-- \/ Yoast SEO plugin. -->","yoast_head_json":{"title":"Verve Lampe de table Gris clair - H\u00fcbsch","description":"D\u00e9couvrez la Verve Lampe de table, un accessoire essentiel pour votre bureau. Fabriqu\u00e9e avec soin en m\u00e9tal et en polycarbonate dans un gris clair subtil,","robots":{"index":"index","follow":"follow","max-snippet":"max-snippet:-1","max-image-preview":"max-image-preview:large","max-video-preview":"max-video-preview:-1"},"canonical":"https:\/\/hubsch-interior.com\/fr\/wp-json\/wp\/v2\/product\/1010624","og_locale":"fr_FR","og_type":"article","og_title":"Verve Lampe de table Gris clair - H\u00fcbsch","og_description":"D\u00e9couvrez la Verve Lampe de table, un accessoire essentiel pour votre bureau. Fabriqu\u00e9e avec soin en m\u00e9tal et en polycarbonate dans un gris clair subtil,","og_url":"https:\/\/hubsch-interior.com\/fr\/produit\/verve-lampe-de-table-gris-clair\/","og_site_name":"H\u00fcbsch","article_modified_time":"2026-04-08T03:04:54+00:00","og_image":[{"width":1200,"height":1200,"url":"https:\/\/hubsch-interior.com\/wp-content\/uploads\/2025\/01\/verve-table-lamp-light-grey-777010bf6769f4163e610fb7d96df146.jpg","type":"image\/jpeg"}],"twitter_card":"summary_large_image","schema":{"@context":"https:\/\/schema.org","@graph":[{"@type":"WebPage","@id":"https:\/\/hubsch-interior.com\/fr\/produit\/verve-lampe-de-table-gris-clair\/","url":"https:\/\/hubsch-interior.com\/fr\/produit\/verve-lampe-de-table-gris-clair\/","name":"Verve Lampe de table Gris clair - H\u00fcbsch","isPartOf":{"@id":"https:\/\/hubsch-interior.com\/fr\/#website"},"primaryImageOfPage":{"@id":"https:\/\/hubsch-interior.com\/fr\/produit\/verve-lampe-de-table-gris-clair\/#primaryimage"},"image":{"@id":"https:\/\/hubsch-interior.com\/fr\/produit\/verve-lampe-de-table-gris-clair\/#primaryimage"},"thumbnailUrl":"https:\/\/hubsch-interior.com\/wp-content\/uploads\/2026\/02\/verve-table-lamp-light-grey-b8247f1ac21404c10dcc280d9f331dff.jpg","datePublished":"2025-01-29T10:28:09+00:00","dateModified":"2026-04-08T03:04:54+00:00","description":"D\u00e9couvrez la Verve Lampe de table, un accessoire essentiel pour votre bureau. Fabriqu\u00e9e avec soin en m\u00e9tal et en polycarbonate dans un gris clair subtil,","breadcrumb":{"@id":"https:\/\/hubsch-interior.com\/fr\/produit\/verve-lampe-de-table-gris-clair\/#breadcrumb"},"inLanguage":"fr-FR","potentialAction":[{"@type":"ReadAction","target":["https:\/\/hubsch-interior.com\/fr\/produit\/verve-lampe-de-table-gris-clair\/"]}]},{"@type":"ImageObject","inLanguage":"fr-FR","@id":"https:\/\/hubsch-interior.com\/fr\/produit\/verve-lampe-de-table-gris-clair\/#primaryimage","url":"https:\/\/hubsch-interior.com\/wp-content\/uploads\/2026\/02\/verve-table-lamp-light-grey-b8247f1ac21404c10dcc280d9f331dff.jpg","contentUrl":"https:\/\/hubsch-interior.com\/wp-content\/uploads\/2026\/02\/verve-table-lamp-light-grey-b8247f1ac21404c10dcc280d9f331dff.jpg","width":1024,"height":1024},{"@type":"BreadcrumbList","@id":"https:\/\/hubsch-interior.com\/fr\/produit\/verve-lampe-de-table-gris-clair\/#breadcrumb","itemListElement":[{"@type":"ListItem","position":1,"name":"Page d'accueil","item":"https:\/\/hubsch-interior.com\/fr\/"},{"@type":"ListItem","position":2,"name":"Produits","item":"https:\/\/hubsch-interior.com\/fr\/shop-2\/"},{"@type":"ListItem","position":3,"name":"Luminaires","item":"https:\/\/hubsch-interior.com\/fr\/categorie-produit\/luminaires\/"},{"@type":"ListItem","position":4,"name":"Lampes &agrave; poser","item":"https:\/\/hubsch-interior.com\/fr\/categorie-produit\/luminaires\/lampes-a-poser-fr\/"},{"@type":"ListItem","position":5,"name":"Verve Lampe de table Gris clair"}]},{"@type":"WebSite","@id":"https:\/\/hubsch-interior.com\/fr\/#website","url":"https:\/\/hubsch-interior.com\/fr\/","name":"H\u00fcbsch","description":"Danish Home Interior and Design","publisher":{"@id":"https:\/\/hubsch-interior.com\/fr\/#organization"},"potentialAction":[{"@type":"SearchAction","target":{"@type":"EntryPoint","urlTemplate":"https:\/\/hubsch-interior.com\/fr\/?s={search_term_string}"},"query-input":{"@type":"PropertyValueSpecification","valueRequired":true,"valueName":"search_term_string"}}],"inLanguage":"fr-FR"},{"@type":"Organization","@id":"https:\/\/hubsch-interior.com\/fr\/#organization","name":"H\u00fcbsch","url":"https:\/\/hubsch-interior.com\/fr\/","logo":{"@type":"ImageObject","inLanguage":"fr-FR","@id":"https:\/\/hubsch-interior.com\/fr\/#\/schema\/logo\/image\/","url":"https:\/\/hubsch-interior.com\/wp-content\/uploads\/2022\/12\/Hubsch_logo_black_one_line.svg","contentUrl":"https:\/\/hubsch-interior.com\/wp-content\/uploads\/2022\/12\/Hubsch_logo_black_one_line.svg","caption":"H\u00fcbsch"},"image":{"@id":"https:\/\/hubsch-interior.com\/fr\/#\/schema\/logo\/image\/"}}]}},"_links":{"self":[{"href":"https:\/\/hubsch-interior.com\/fr\/wp-json\/wp\/v2\/product\/1010624","targetHints":{"allow":["GET"]}}],"collection":[{"href":"https:\/\/hubsch-interior.com\/fr\/wp-json\/wp\/v2\/product"}],"about":[{"href":"https:\/\/hubsch-interior.com\/fr\/wp-json\/wp\/v2\/types\/product"}],"wp:featuredmedia":[{"embeddable":true,"href":"https:\/\/hubsch-interior.com\/fr\/wp-json\/wp\/v2\/media\/1107451"}],"wp:attachment":[{"href":"https:\/\/hubsch-interior.com\/fr\/wp-json\/wp\/v2\/media?parent=1010624"}],"wp:term":[{"taxonomy":"product_brand","embeddable":true,"href":"https:\/\/hubsch-interior.com\/fr\/wp-json\/wp\/v2\/product_brand?post=1010624"},{"taxonomy":"product_cat","embeddable":true,"href":"https:\/\/hubsch-interior.com\/fr\/wp-json\/wp\/v2\/product_cat?post=1010624"},{"taxonomy":"product_tag","embeddable":true,"href":"https:\/\/hubsch-interior.com\/fr\/wp-json\/wp\/v2\/product_tag?post=1010624"}],"curies":[{"name":"wp","href":"https:\/\/api.w.org\/{rel}","templated":true}]}}