{"id":1010652,"date":"2025-01-29T11:29:21","date_gmt":"2025-01-29T10:29:21","guid":{"rendered":"https:\/\/hubsch-interior.com\/product\/product\/"},"modified":"2026-04-05T05:08:56","modified_gmt":"2026-04-05T03:08:56","slug":"flash-lampe-portative-violet-metallise","status":"publish","type":"product","link":"https:\/\/hubsch-interior.com\/fr\/produit\/flash-lampe-portative-violet-metallise\/","title":{"rendered":"Flash Lampe portative Violet m\u00e9tallis\u00e9"},"content":{"rendered":"<p>\u00c9clairez vos soir\u00e9es avec la Lampe Portative Flash, un charmant m\u00e9lange de nostalgie et de modernit\u00e9. Con\u00e7ue en verre et en m\u00e9tal, sa forme r\u00e9tro rappelle celle d&#8217;une ancienne lampe de poche. Ce bijou m\u00e9tallique de couleur violet brillant ajoute une touche cosmique \u00e0 n&#8217;importe quelle pi\u00e8ce. Pratique et \u00e9l\u00e9gante, il suffit de la saisir et de l&#8217;emporter l\u00e0 o\u00f9 vous avez besoin d&#8217;une lumi\u00e8re douillette. De plus, avec la base qui fait office de variateur, vous pouvez passer d&#8217;une lumi\u00e8re vibrante \u00e0 une lumi\u00e8re sereine d&#8217;un simple toucher. Un compagnon parfait pour vos lectures nocturnes ou pour cr\u00e9er une ambiance relaxante.<\/p>\n","protected":false},"excerpt":{"rendered":"<p>\u00c9clairez vos soir\u00e9es avec la Lampe Portative Flash, un charmant m\u00e9lange de nostalgie et de modernit\u00e9. Con\u00e7ue en verre et en m\u00e9tal, sa forme r\u00e9tro rappelle celle d&#8217;une ancienne lampe de poche. Ce bijou m\u00e9tallique de couleur violet brillant ajoute une touche cosmique \u00e0 n&#8217;importe quelle pi\u00e8ce. Pratique et \u00e9l\u00e9gante, il suffit de la saisir [&hellip;]<\/p>\n","protected":false},"featured_media":1107479,"template":"","meta":{"_acf_changed":false,"inline_featured_image":false},"product_brand":[],"product_cat":[6962,6971,6997,3810,3500,6535],"product_tag":[],"class_list":{"0":"post-1010652","1":"product","2":"type-product","3":"status-publish","4":"has-post-thumbnail","6":"product_cat-lampes-portatives-fr","7":"product_cat-paques","8":"product_cat-the-buzz-fr","9":"product_cat-luminaires","10":"product_cat-lampes-a-poser-fr","11":"product_cat-outlet-fr","12":"product_shipping_class-pk","14":"pa_color-violet-mtallis","15":"pa_material-fer-fr","16":"pa_material-verre-fr","18":"first","19":"instock","20":"sale","21":"taxable","22":"shipping-taxable","23":"purchasable","24":"product-type-simple"},"exclude_global_add_ons":[],"addons":[],"acf":[],"yoast_head":"<!-- This site is optimized with the Yoast SEO plugin v26.4 - https:\/\/yoast.com\/wordpress\/plugins\/seo\/ -->\n<title>Flash Lampe portative Violet m\u00e9tallis\u00e9 - H\u00fcbsch<\/title>\n<meta name=\"description\" content=\"\u00c9clairez vos soir\u00e9es avec la Lampe Portative Flash, un charmant m\u00e9lange de nostalgie et de modernit\u00e9. Con\u00e7ue en verre et en m\u00e9tal, sa forme r\u00e9tro rappelle\" \/>\n<meta name=\"robots\" content=\"index, follow, max-snippet:-1, max-image-preview:large, max-video-preview:-1\" \/>\n<link rel=\"canonical\" href=\"https:\/\/hubsch-interior.com\/fr\/wp-json\/wp\/v2\/product\/1010652\" \/>\n<meta property=\"og:locale\" content=\"fr_FR\" \/>\n<meta property=\"og:type\" content=\"article\" \/>\n<meta property=\"og:title\" content=\"Flash Lampe portative Violet m\u00e9tallis\u00e9 - H\u00fcbsch\" \/>\n<meta property=\"og:description\" content=\"\u00c9clairez vos soir\u00e9es avec la Lampe Portative Flash, un charmant m\u00e9lange de nostalgie et de modernit\u00e9. Con\u00e7ue en verre et en m\u00e9tal, sa forme r\u00e9tro rappelle\" \/>\n<meta property=\"og:url\" content=\"https:\/\/hubsch-interior.com\/fr\/produit\/flash-lampe-portative-violet-metallise\/\" \/>\n<meta property=\"og:site_name\" content=\"H\u00fcbsch\" \/>\n<meta property=\"article:modified_time\" content=\"2026-04-05T03:08:56+00:00\" \/>\n<meta property=\"og:image\" content=\"https:\/\/hubsch-interior.com\/wp-content\/uploads\/2025\/02\/flash-portable-lamp-metallic-purple-f955c99458b8cb77223a91c6406b9083.jpg\" \/>\n\t<meta property=\"og:image:width\" content=\"1200\" \/>\n\t<meta property=\"og:image:height\" content=\"1200\" \/>\n\t<meta property=\"og:image:type\" content=\"image\/jpeg\" \/>\n<meta name=\"twitter:card\" content=\"summary_large_image\" \/>\n<meta name=\"twitter:label1\" content=\"Dur\u00e9e de lecture estim\u00e9e\" \/>\n\t<meta name=\"twitter:data1\" content=\"1 minute\" \/>\n<script type=\"application\/ld+json\" class=\"yoast-schema-graph\">{\"@context\":\"https:\/\/schema.org\",\"@graph\":[{\"@type\":\"WebPage\",\"@id\":\"https:\/\/hubsch-interior.com\/fr\/produit\/flash-lampe-portative-violet-metallise\/\",\"url\":\"https:\/\/hubsch-interior.com\/fr\/produit\/flash-lampe-portative-violet-metallise\/\",\"name\":\"Flash Lampe portative Violet m\u00e9tallis\u00e9 - H\u00fcbsch\",\"isPartOf\":{\"@id\":\"https:\/\/hubsch-interior.com\/fr\/#website\"},\"primaryImageOfPage\":{\"@id\":\"https:\/\/hubsch-interior.com\/fr\/produit\/flash-lampe-portative-violet-metallise\/#primaryimage\"},\"image\":{\"@id\":\"https:\/\/hubsch-interior.com\/fr\/produit\/flash-lampe-portative-violet-metallise\/#primaryimage\"},\"thumbnailUrl\":\"https:\/\/hubsch-interior.com\/wp-content\/uploads\/2026\/02\/flash-portable-lamp-metallic-purple-27f8898de659608506491da838eb9716.jpg\",\"datePublished\":\"2025-01-29T10:29:21+00:00\",\"dateModified\":\"2026-04-05T03:08:56+00:00\",\"description\":\"\u00c9clairez vos soir\u00e9es avec la Lampe Portative Flash, un charmant m\u00e9lange de nostalgie et de modernit\u00e9. Con\u00e7ue en verre et en m\u00e9tal, sa forme r\u00e9tro rappelle\",\"breadcrumb\":{\"@id\":\"https:\/\/hubsch-interior.com\/fr\/produit\/flash-lampe-portative-violet-metallise\/#breadcrumb\"},\"inLanguage\":\"fr-FR\",\"potentialAction\":[{\"@type\":\"ReadAction\",\"target\":[\"https:\/\/hubsch-interior.com\/fr\/produit\/flash-lampe-portative-violet-metallise\/\"]}]},{\"@type\":\"ImageObject\",\"inLanguage\":\"fr-FR\",\"@id\":\"https:\/\/hubsch-interior.com\/fr\/produit\/flash-lampe-portative-violet-metallise\/#primaryimage\",\"url\":\"https:\/\/hubsch-interior.com\/wp-content\/uploads\/2026\/02\/flash-portable-lamp-metallic-purple-27f8898de659608506491da838eb9716.jpg\",\"contentUrl\":\"https:\/\/hubsch-interior.com\/wp-content\/uploads\/2026\/02\/flash-portable-lamp-metallic-purple-27f8898de659608506491da838eb9716.jpg\",\"width\":1024,\"height\":1024},{\"@type\":\"BreadcrumbList\",\"@id\":\"https:\/\/hubsch-interior.com\/fr\/produit\/flash-lampe-portative-violet-metallise\/#breadcrumb\",\"itemListElement\":[{\"@type\":\"ListItem\",\"position\":1,\"name\":\"Page d'accueil\",\"item\":\"https:\/\/hubsch-interior.com\/fr\/\"},{\"@type\":\"ListItem\",\"position\":2,\"name\":\"Produits\",\"item\":\"https:\/\/hubsch-interior.com\/fr\/shop-2\/\"},{\"@type\":\"ListItem\",\"position\":3,\"name\":\"Luminaires\",\"item\":\"https:\/\/hubsch-interior.com\/fr\/categorie-produit\/luminaires\/\"},{\"@type\":\"ListItem\",\"position\":4,\"name\":\"Lampes portatives\",\"item\":\"https:\/\/hubsch-interior.com\/fr\/categorie-produit\/luminaires\/lampes-portatives-fr\/\"},{\"@type\":\"ListItem\",\"position\":5,\"name\":\"Flash Lampe portative Violet m\u00e9tallis\u00e9\"}]},{\"@type\":\"WebSite\",\"@id\":\"https:\/\/hubsch-interior.com\/fr\/#website\",\"url\":\"https:\/\/hubsch-interior.com\/fr\/\",\"name\":\"H\u00fcbsch\",\"description\":\"Danish Home Interior and Design\",\"publisher\":{\"@id\":\"https:\/\/hubsch-interior.com\/fr\/#organization\"},\"potentialAction\":[{\"@type\":\"SearchAction\",\"target\":{\"@type\":\"EntryPoint\",\"urlTemplate\":\"https:\/\/hubsch-interior.com\/fr\/?s={search_term_string}\"},\"query-input\":{\"@type\":\"PropertyValueSpecification\",\"valueRequired\":true,\"valueName\":\"search_term_string\"}}],\"inLanguage\":\"fr-FR\"},{\"@type\":\"Organization\",\"@id\":\"https:\/\/hubsch-interior.com\/fr\/#organization\",\"name\":\"H\u00fcbsch\",\"url\":\"https:\/\/hubsch-interior.com\/fr\/\",\"logo\":{\"@type\":\"ImageObject\",\"inLanguage\":\"fr-FR\",\"@id\":\"https:\/\/hubsch-interior.com\/fr\/#\/schema\/logo\/image\/\",\"url\":\"https:\/\/hubsch-interior.com\/wp-content\/uploads\/2022\/12\/Hubsch_logo_black_one_line.svg\",\"contentUrl\":\"https:\/\/hubsch-interior.com\/wp-content\/uploads\/2022\/12\/Hubsch_logo_black_one_line.svg\",\"caption\":\"H\u00fcbsch\"},\"image\":{\"@id\":\"https:\/\/hubsch-interior.com\/fr\/#\/schema\/logo\/image\/\"}}]}<\/script>\n<!-- \/ Yoast SEO plugin. -->","yoast_head_json":{"title":"Flash Lampe portative Violet m\u00e9tallis\u00e9 - H\u00fcbsch","description":"\u00c9clairez vos soir\u00e9es avec la Lampe Portative Flash, un charmant m\u00e9lange de nostalgie et de modernit\u00e9. Con\u00e7ue en verre et en m\u00e9tal, sa forme r\u00e9tro rappelle","robots":{"index":"index","follow":"follow","max-snippet":"max-snippet:-1","max-image-preview":"max-image-preview:large","max-video-preview":"max-video-preview:-1"},"canonical":"https:\/\/hubsch-interior.com\/fr\/wp-json\/wp\/v2\/product\/1010652","og_locale":"fr_FR","og_type":"article","og_title":"Flash Lampe portative Violet m\u00e9tallis\u00e9 - H\u00fcbsch","og_description":"\u00c9clairez vos soir\u00e9es avec la Lampe Portative Flash, un charmant m\u00e9lange de nostalgie et de modernit\u00e9. Con\u00e7ue en verre et en m\u00e9tal, sa forme r\u00e9tro rappelle","og_url":"https:\/\/hubsch-interior.com\/fr\/produit\/flash-lampe-portative-violet-metallise\/","og_site_name":"H\u00fcbsch","article_modified_time":"2026-04-05T03:08:56+00:00","og_image":[{"width":1200,"height":1200,"url":"https:\/\/hubsch-interior.com\/wp-content\/uploads\/2025\/02\/flash-portable-lamp-metallic-purple-f955c99458b8cb77223a91c6406b9083.jpg","type":"image\/jpeg"}],"twitter_card":"summary_large_image","twitter_misc":{"Dur\u00e9e de lecture estim\u00e9e":"1 minute"},"schema":{"@context":"https:\/\/schema.org","@graph":[{"@type":"WebPage","@id":"https:\/\/hubsch-interior.com\/fr\/produit\/flash-lampe-portative-violet-metallise\/","url":"https:\/\/hubsch-interior.com\/fr\/produit\/flash-lampe-portative-violet-metallise\/","name":"Flash Lampe portative Violet m\u00e9tallis\u00e9 - H\u00fcbsch","isPartOf":{"@id":"https:\/\/hubsch-interior.com\/fr\/#website"},"primaryImageOfPage":{"@id":"https:\/\/hubsch-interior.com\/fr\/produit\/flash-lampe-portative-violet-metallise\/#primaryimage"},"image":{"@id":"https:\/\/hubsch-interior.com\/fr\/produit\/flash-lampe-portative-violet-metallise\/#primaryimage"},"thumbnailUrl":"https:\/\/hubsch-interior.com\/wp-content\/uploads\/2026\/02\/flash-portable-lamp-metallic-purple-27f8898de659608506491da838eb9716.jpg","datePublished":"2025-01-29T10:29:21+00:00","dateModified":"2026-04-05T03:08:56+00:00","description":"\u00c9clairez vos soir\u00e9es avec la Lampe Portative Flash, un charmant m\u00e9lange de nostalgie et de modernit\u00e9. Con\u00e7ue en verre et en m\u00e9tal, sa forme r\u00e9tro rappelle","breadcrumb":{"@id":"https:\/\/hubsch-interior.com\/fr\/produit\/flash-lampe-portative-violet-metallise\/#breadcrumb"},"inLanguage":"fr-FR","potentialAction":[{"@type":"ReadAction","target":["https:\/\/hubsch-interior.com\/fr\/produit\/flash-lampe-portative-violet-metallise\/"]}]},{"@type":"ImageObject","inLanguage":"fr-FR","@id":"https:\/\/hubsch-interior.com\/fr\/produit\/flash-lampe-portative-violet-metallise\/#primaryimage","url":"https:\/\/hubsch-interior.com\/wp-content\/uploads\/2026\/02\/flash-portable-lamp-metallic-purple-27f8898de659608506491da838eb9716.jpg","contentUrl":"https:\/\/hubsch-interior.com\/wp-content\/uploads\/2026\/02\/flash-portable-lamp-metallic-purple-27f8898de659608506491da838eb9716.jpg","width":1024,"height":1024},{"@type":"BreadcrumbList","@id":"https:\/\/hubsch-interior.com\/fr\/produit\/flash-lampe-portative-violet-metallise\/#breadcrumb","itemListElement":[{"@type":"ListItem","position":1,"name":"Page d'accueil","item":"https:\/\/hubsch-interior.com\/fr\/"},{"@type":"ListItem","position":2,"name":"Produits","item":"https:\/\/hubsch-interior.com\/fr\/shop-2\/"},{"@type":"ListItem","position":3,"name":"Luminaires","item":"https:\/\/hubsch-interior.com\/fr\/categorie-produit\/luminaires\/"},{"@type":"ListItem","position":4,"name":"Lampes portatives","item":"https:\/\/hubsch-interior.com\/fr\/categorie-produit\/luminaires\/lampes-portatives-fr\/"},{"@type":"ListItem","position":5,"name":"Flash Lampe portative Violet m\u00e9tallis\u00e9"}]},{"@type":"WebSite","@id":"https:\/\/hubsch-interior.com\/fr\/#website","url":"https:\/\/hubsch-interior.com\/fr\/","name":"H\u00fcbsch","description":"Danish Home Interior and Design","publisher":{"@id":"https:\/\/hubsch-interior.com\/fr\/#organization"},"potentialAction":[{"@type":"SearchAction","target":{"@type":"EntryPoint","urlTemplate":"https:\/\/hubsch-interior.com\/fr\/?s={search_term_string}"},"query-input":{"@type":"PropertyValueSpecification","valueRequired":true,"valueName":"search_term_string"}}],"inLanguage":"fr-FR"},{"@type":"Organization","@id":"https:\/\/hubsch-interior.com\/fr\/#organization","name":"H\u00fcbsch","url":"https:\/\/hubsch-interior.com\/fr\/","logo":{"@type":"ImageObject","inLanguage":"fr-FR","@id":"https:\/\/hubsch-interior.com\/fr\/#\/schema\/logo\/image\/","url":"https:\/\/hubsch-interior.com\/wp-content\/uploads\/2022\/12\/Hubsch_logo_black_one_line.svg","contentUrl":"https:\/\/hubsch-interior.com\/wp-content\/uploads\/2022\/12\/Hubsch_logo_black_one_line.svg","caption":"H\u00fcbsch"},"image":{"@id":"https:\/\/hubsch-interior.com\/fr\/#\/schema\/logo\/image\/"}}]}},"_links":{"self":[{"href":"https:\/\/hubsch-interior.com\/fr\/wp-json\/wp\/v2\/product\/1010652","targetHints":{"allow":["GET"]}}],"collection":[{"href":"https:\/\/hubsch-interior.com\/fr\/wp-json\/wp\/v2\/product"}],"about":[{"href":"https:\/\/hubsch-interior.com\/fr\/wp-json\/wp\/v2\/types\/product"}],"wp:featuredmedia":[{"embeddable":true,"href":"https:\/\/hubsch-interior.com\/fr\/wp-json\/wp\/v2\/media\/1107479"}],"wp:attachment":[{"href":"https:\/\/hubsch-interior.com\/fr\/wp-json\/wp\/v2\/media?parent=1010652"}],"wp:term":[{"taxonomy":"product_brand","embeddable":true,"href":"https:\/\/hubsch-interior.com\/fr\/wp-json\/wp\/v2\/product_brand?post=1010652"},{"taxonomy":"product_cat","embeddable":true,"href":"https:\/\/hubsch-interior.com\/fr\/wp-json\/wp\/v2\/product_cat?post=1010652"},{"taxonomy":"product_tag","embeddable":true,"href":"https:\/\/hubsch-interior.com\/fr\/wp-json\/wp\/v2\/product_tag?post=1010652"}],"curies":[{"name":"wp","href":"https:\/\/api.w.org\/{rel}","templated":true}]}}