{"id":1012053,"date":"2025-02-19T08:52:43","date_gmt":"2025-02-19T07:52:43","guid":{"rendered":"https:\/\/hubsch-interior.com\/product\/product\/"},"modified":"2026-04-05T04:33:19","modified_gmt":"2026-04-05T02:33:19","slug":"koi-chaises-de-salle-a-manger-noir-2","status":"publish","type":"product","link":"https:\/\/hubsch-interior.com\/fr\/produit\/koi-chaises-de-salle-a-manger-noir-2\/","title":{"rendered":"Koi Chaises de salle \u00e0 manger Noir"},"content":{"rendered":"<p>Les chaises de salle \u00e0 manger Koi sont un m\u00e9lange parfait de simplicit\u00e9 et de plaisir, con\u00e7ues pour sublimer l&#8217;esth\u00e9tique de votre salle \u00e0 manger. Disponible en trois superbes variantes, cette version en particulier arbore une couleur noire \u00e9l\u00e9gante et sophistiqu\u00e9e qui ajoute une touche d&#8217;audace \u00e0 tout espace de repas. Fabriqu\u00e9e \u00e0 partir de bois certifi\u00e9 FSC, de placage de fr\u00eane, de m\u00e9tal et de contreplaqu\u00e9, cette chaise est non seulement esth\u00e9tiquement attrayante, mais aussi respectueuse de l&#8217;environnement. M\u00e9langez les trois couleurs pour un look moderne et \u00e9clectique, ou optez pour le noir audacieux et sculptural pour une pi\u00e8ce ma\u00eetresse dans votre salle \u00e0 manger.<\/p>\n","protected":false},"excerpt":{"rendered":"<p>Les chaises de salle \u00e0 manger Koi sont un m\u00e9lange parfait de simplicit\u00e9 et de plaisir, con\u00e7ues pour sublimer l&#8217;esth\u00e9tique de votre salle \u00e0 manger. Disponible en trois superbes variantes, cette version en particulier arbore une couleur noire \u00e9l\u00e9gante et sophistiqu\u00e9e qui ajoute une touche d&#8217;audace \u00e0 tout espace de repas. Fabriqu\u00e9e \u00e0 partir de [&hellip;]<\/p>\n","protected":false},"featured_media":1097770,"template":"","meta":{"_acf_changed":false,"inline_featured_image":false},"product_brand":[],"product_cat":[6322,2843,3041,2844],"product_tag":[],"class_list":{"0":"post-1012053","1":"product","2":"type-product","3":"status-publish","4":"has-post-thumbnail","6":"product_cat-fsc-fr","7":"product_cat-assises-fr","8":"product_cat-tabouret-fr","9":"product_cat-chaises-de-salle-a-manger-fr","10":"product_shipping_class-pk","12":"pa_color-noir","13":"pa_material-fer-fr","14":"pa_material-placage-de-frne","15":"pa_material-contre-plaqu","17":"first","18":"instock","19":"taxable","20":"shipping-taxable","21":"purchasable","22":"product-type-simple"},"exclude_global_add_ons":[],"addons":[],"acf":[],"yoast_head":"<!-- This site is optimized with the Yoast SEO plugin v26.4 - https:\/\/yoast.com\/wordpress\/plugins\/seo\/ -->\n<title>Koi Chaises de salle \u00e0 manger Noir - H\u00fcbsch<\/title>\n<meta name=\"description\" content=\"Les chaises de salle \u00e0 manger Koi sont un m\u00e9lange parfait de simplicit\u00e9 et de plaisir, con\u00e7ues pour sublimer l&#039;esth\u00e9tique de votre salle \u00e0 manger.\" \/>\n<meta name=\"robots\" content=\"index, follow, max-snippet:-1, max-image-preview:large, max-video-preview:-1\" \/>\n<link rel=\"canonical\" href=\"https:\/\/hubsch-interior.com\/fr\/wp-json\/wp\/v2\/product\/1012053\" \/>\n<meta property=\"og:locale\" content=\"fr_FR\" \/>\n<meta property=\"og:type\" content=\"article\" \/>\n<meta property=\"og:title\" content=\"Koi Chaises de salle \u00e0 manger Noir - H\u00fcbsch\" \/>\n<meta property=\"og:description\" content=\"Les chaises de salle \u00e0 manger Koi sont un m\u00e9lange parfait de simplicit\u00e9 et de plaisir, con\u00e7ues pour sublimer l&#039;esth\u00e9tique de votre salle \u00e0 manger.\" \/>\n<meta property=\"og:url\" content=\"https:\/\/hubsch-interior.com\/fr\/produit\/koi-chaises-de-salle-a-manger-noir-2\/\" \/>\n<meta property=\"og:site_name\" content=\"H\u00fcbsch\" \/>\n<meta property=\"article:modified_time\" content=\"2026-04-05T02:33:19+00:00\" \/>\n<meta property=\"og:image\" content=\"https:\/\/hubsch-interior.com\/wp-content\/uploads\/2026\/02\/koi-dining-chair-black-bbcd4ba1d252792e8ff7b718d9d80627.jpg\" \/>\n\t<meta property=\"og:image:width\" content=\"1024\" \/>\n\t<meta property=\"og:image:height\" content=\"1024\" \/>\n\t<meta property=\"og:image:type\" content=\"image\/jpeg\" \/>\n<meta name=\"twitter:card\" content=\"summary_large_image\" \/>\n<meta name=\"twitter:label1\" content=\"Dur\u00e9e de lecture estim\u00e9e\" \/>\n\t<meta name=\"twitter:data1\" content=\"1 minute\" \/>\n<script type=\"application\/ld+json\" class=\"yoast-schema-graph\">{\"@context\":\"https:\/\/schema.org\",\"@graph\":[{\"@type\":\"WebPage\",\"@id\":\"https:\/\/hubsch-interior.com\/fr\/produit\/koi-chaises-de-salle-a-manger-noir-2\/\",\"url\":\"https:\/\/hubsch-interior.com\/fr\/produit\/koi-chaises-de-salle-a-manger-noir-2\/\",\"name\":\"Koi Chaises de salle \u00e0 manger Noir - H\u00fcbsch\",\"isPartOf\":{\"@id\":\"https:\/\/hubsch-interior.com\/fr\/#website\"},\"primaryImageOfPage\":{\"@id\":\"https:\/\/hubsch-interior.com\/fr\/produit\/koi-chaises-de-salle-a-manger-noir-2\/#primaryimage\"},\"image\":{\"@id\":\"https:\/\/hubsch-interior.com\/fr\/produit\/koi-chaises-de-salle-a-manger-noir-2\/#primaryimage\"},\"thumbnailUrl\":\"https:\/\/hubsch-interior.com\/wp-content\/uploads\/2026\/02\/koi-dining-chair-black-bbcd4ba1d252792e8ff7b718d9d80627.jpg\",\"datePublished\":\"2025-02-19T07:52:43+00:00\",\"dateModified\":\"2026-04-05T02:33:19+00:00\",\"description\":\"Les chaises de salle \u00e0 manger Koi sont un m\u00e9lange parfait de simplicit\u00e9 et de plaisir, con\u00e7ues pour sublimer l'esth\u00e9tique de votre salle \u00e0 manger.\",\"breadcrumb\":{\"@id\":\"https:\/\/hubsch-interior.com\/fr\/produit\/koi-chaises-de-salle-a-manger-noir-2\/#breadcrumb\"},\"inLanguage\":\"fr-FR\",\"potentialAction\":[{\"@type\":\"ReadAction\",\"target\":[\"https:\/\/hubsch-interior.com\/fr\/produit\/koi-chaises-de-salle-a-manger-noir-2\/\"]}]},{\"@type\":\"ImageObject\",\"inLanguage\":\"fr-FR\",\"@id\":\"https:\/\/hubsch-interior.com\/fr\/produit\/koi-chaises-de-salle-a-manger-noir-2\/#primaryimage\",\"url\":\"https:\/\/hubsch-interior.com\/wp-content\/uploads\/2026\/02\/koi-dining-chair-black-bbcd4ba1d252792e8ff7b718d9d80627.jpg\",\"contentUrl\":\"https:\/\/hubsch-interior.com\/wp-content\/uploads\/2026\/02\/koi-dining-chair-black-bbcd4ba1d252792e8ff7b718d9d80627.jpg\",\"width\":1024,\"height\":1024},{\"@type\":\"BreadcrumbList\",\"@id\":\"https:\/\/hubsch-interior.com\/fr\/produit\/koi-chaises-de-salle-a-manger-noir-2\/#breadcrumb\",\"itemListElement\":[{\"@type\":\"ListItem\",\"position\":1,\"name\":\"Page d'accueil\",\"item\":\"https:\/\/hubsch-interior.com\/fr\/\"},{\"@type\":\"ListItem\",\"position\":2,\"name\":\"Produits\",\"item\":\"https:\/\/hubsch-interior.com\/fr\/shop-2\/\"},{\"@type\":\"ListItem\",\"position\":3,\"name\":\"Meubles\",\"item\":\"https:\/\/hubsch-interior.com\/fr\/categorie-produit\/meubles\/\"},{\"@type\":\"ListItem\",\"position\":4,\"name\":\"Assises\",\"item\":\"https:\/\/hubsch-interior.com\/fr\/categorie-produit\/meubles\/assises-fr\/\"},{\"@type\":\"ListItem\",\"position\":5,\"name\":\"Tabouret\",\"item\":\"https:\/\/hubsch-interior.com\/fr\/categorie-produit\/meubles\/assises-fr\/tabouret-fr\/\"},{\"@type\":\"ListItem\",\"position\":6,\"name\":\"Koi Chaises de salle \u00e0 manger Noir\"}]},{\"@type\":\"WebSite\",\"@id\":\"https:\/\/hubsch-interior.com\/fr\/#website\",\"url\":\"https:\/\/hubsch-interior.com\/fr\/\",\"name\":\"H\u00fcbsch\",\"description\":\"Danish Home Interior and Design\",\"publisher\":{\"@id\":\"https:\/\/hubsch-interior.com\/fr\/#organization\"},\"potentialAction\":[{\"@type\":\"SearchAction\",\"target\":{\"@type\":\"EntryPoint\",\"urlTemplate\":\"https:\/\/hubsch-interior.com\/fr\/?s={search_term_string}\"},\"query-input\":{\"@type\":\"PropertyValueSpecification\",\"valueRequired\":true,\"valueName\":\"search_term_string\"}}],\"inLanguage\":\"fr-FR\"},{\"@type\":\"Organization\",\"@id\":\"https:\/\/hubsch-interior.com\/fr\/#organization\",\"name\":\"H\u00fcbsch\",\"url\":\"https:\/\/hubsch-interior.com\/fr\/\",\"logo\":{\"@type\":\"ImageObject\",\"inLanguage\":\"fr-FR\",\"@id\":\"https:\/\/hubsch-interior.com\/fr\/#\/schema\/logo\/image\/\",\"url\":\"https:\/\/hubsch-interior.com\/wp-content\/uploads\/2022\/12\/Hubsch_logo_black_one_line.svg\",\"contentUrl\":\"https:\/\/hubsch-interior.com\/wp-content\/uploads\/2022\/12\/Hubsch_logo_black_one_line.svg\",\"caption\":\"H\u00fcbsch\"},\"image\":{\"@id\":\"https:\/\/hubsch-interior.com\/fr\/#\/schema\/logo\/image\/\"}}]}<\/script>\n<!-- \/ Yoast SEO plugin. -->","yoast_head_json":{"title":"Koi Chaises de salle \u00e0 manger Noir - H\u00fcbsch","description":"Les chaises de salle \u00e0 manger Koi sont un m\u00e9lange parfait de simplicit\u00e9 et de plaisir, con\u00e7ues pour sublimer l'esth\u00e9tique de votre salle \u00e0 manger.","robots":{"index":"index","follow":"follow","max-snippet":"max-snippet:-1","max-image-preview":"max-image-preview:large","max-video-preview":"max-video-preview:-1"},"canonical":"https:\/\/hubsch-interior.com\/fr\/wp-json\/wp\/v2\/product\/1012053","og_locale":"fr_FR","og_type":"article","og_title":"Koi Chaises de salle \u00e0 manger Noir - H\u00fcbsch","og_description":"Les chaises de salle \u00e0 manger Koi sont un m\u00e9lange parfait de simplicit\u00e9 et de plaisir, con\u00e7ues pour sublimer l'esth\u00e9tique de votre salle \u00e0 manger.","og_url":"https:\/\/hubsch-interior.com\/fr\/produit\/koi-chaises-de-salle-a-manger-noir-2\/","og_site_name":"H\u00fcbsch","article_modified_time":"2026-04-05T02:33:19+00:00","og_image":[{"width":1024,"height":1024,"url":"https:\/\/hubsch-interior.com\/wp-content\/uploads\/2026\/02\/koi-dining-chair-black-bbcd4ba1d252792e8ff7b718d9d80627.jpg","type":"image\/jpeg"}],"twitter_card":"summary_large_image","twitter_misc":{"Dur\u00e9e de lecture estim\u00e9e":"1 minute"},"schema":{"@context":"https:\/\/schema.org","@graph":[{"@type":"WebPage","@id":"https:\/\/hubsch-interior.com\/fr\/produit\/koi-chaises-de-salle-a-manger-noir-2\/","url":"https:\/\/hubsch-interior.com\/fr\/produit\/koi-chaises-de-salle-a-manger-noir-2\/","name":"Koi Chaises de salle \u00e0 manger Noir - H\u00fcbsch","isPartOf":{"@id":"https:\/\/hubsch-interior.com\/fr\/#website"},"primaryImageOfPage":{"@id":"https:\/\/hubsch-interior.com\/fr\/produit\/koi-chaises-de-salle-a-manger-noir-2\/#primaryimage"},"image":{"@id":"https:\/\/hubsch-interior.com\/fr\/produit\/koi-chaises-de-salle-a-manger-noir-2\/#primaryimage"},"thumbnailUrl":"https:\/\/hubsch-interior.com\/wp-content\/uploads\/2026\/02\/koi-dining-chair-black-bbcd4ba1d252792e8ff7b718d9d80627.jpg","datePublished":"2025-02-19T07:52:43+00:00","dateModified":"2026-04-05T02:33:19+00:00","description":"Les chaises de salle \u00e0 manger Koi sont un m\u00e9lange parfait de simplicit\u00e9 et de plaisir, con\u00e7ues pour sublimer l'esth\u00e9tique de votre salle \u00e0 manger.","breadcrumb":{"@id":"https:\/\/hubsch-interior.com\/fr\/produit\/koi-chaises-de-salle-a-manger-noir-2\/#breadcrumb"},"inLanguage":"fr-FR","potentialAction":[{"@type":"ReadAction","target":["https:\/\/hubsch-interior.com\/fr\/produit\/koi-chaises-de-salle-a-manger-noir-2\/"]}]},{"@type":"ImageObject","inLanguage":"fr-FR","@id":"https:\/\/hubsch-interior.com\/fr\/produit\/koi-chaises-de-salle-a-manger-noir-2\/#primaryimage","url":"https:\/\/hubsch-interior.com\/wp-content\/uploads\/2026\/02\/koi-dining-chair-black-bbcd4ba1d252792e8ff7b718d9d80627.jpg","contentUrl":"https:\/\/hubsch-interior.com\/wp-content\/uploads\/2026\/02\/koi-dining-chair-black-bbcd4ba1d252792e8ff7b718d9d80627.jpg","width":1024,"height":1024},{"@type":"BreadcrumbList","@id":"https:\/\/hubsch-interior.com\/fr\/produit\/koi-chaises-de-salle-a-manger-noir-2\/#breadcrumb","itemListElement":[{"@type":"ListItem","position":1,"name":"Page d'accueil","item":"https:\/\/hubsch-interior.com\/fr\/"},{"@type":"ListItem","position":2,"name":"Produits","item":"https:\/\/hubsch-interior.com\/fr\/shop-2\/"},{"@type":"ListItem","position":3,"name":"Meubles","item":"https:\/\/hubsch-interior.com\/fr\/categorie-produit\/meubles\/"},{"@type":"ListItem","position":4,"name":"Assises","item":"https:\/\/hubsch-interior.com\/fr\/categorie-produit\/meubles\/assises-fr\/"},{"@type":"ListItem","position":5,"name":"Tabouret","item":"https:\/\/hubsch-interior.com\/fr\/categorie-produit\/meubles\/assises-fr\/tabouret-fr\/"},{"@type":"ListItem","position":6,"name":"Koi Chaises de salle \u00e0 manger Noir"}]},{"@type":"WebSite","@id":"https:\/\/hubsch-interior.com\/fr\/#website","url":"https:\/\/hubsch-interior.com\/fr\/","name":"H\u00fcbsch","description":"Danish Home Interior and Design","publisher":{"@id":"https:\/\/hubsch-interior.com\/fr\/#organization"},"potentialAction":[{"@type":"SearchAction","target":{"@type":"EntryPoint","urlTemplate":"https:\/\/hubsch-interior.com\/fr\/?s={search_term_string}"},"query-input":{"@type":"PropertyValueSpecification","valueRequired":true,"valueName":"search_term_string"}}],"inLanguage":"fr-FR"},{"@type":"Organization","@id":"https:\/\/hubsch-interior.com\/fr\/#organization","name":"H\u00fcbsch","url":"https:\/\/hubsch-interior.com\/fr\/","logo":{"@type":"ImageObject","inLanguage":"fr-FR","@id":"https:\/\/hubsch-interior.com\/fr\/#\/schema\/logo\/image\/","url":"https:\/\/hubsch-interior.com\/wp-content\/uploads\/2022\/12\/Hubsch_logo_black_one_line.svg","contentUrl":"https:\/\/hubsch-interior.com\/wp-content\/uploads\/2022\/12\/Hubsch_logo_black_one_line.svg","caption":"H\u00fcbsch"},"image":{"@id":"https:\/\/hubsch-interior.com\/fr\/#\/schema\/logo\/image\/"}}]}},"_links":{"self":[{"href":"https:\/\/hubsch-interior.com\/fr\/wp-json\/wp\/v2\/product\/1012053","targetHints":{"allow":["GET"]}}],"collection":[{"href":"https:\/\/hubsch-interior.com\/fr\/wp-json\/wp\/v2\/product"}],"about":[{"href":"https:\/\/hubsch-interior.com\/fr\/wp-json\/wp\/v2\/types\/product"}],"wp:featuredmedia":[{"embeddable":true,"href":"https:\/\/hubsch-interior.com\/fr\/wp-json\/wp\/v2\/media\/1097770"}],"wp:attachment":[{"href":"https:\/\/hubsch-interior.com\/fr\/wp-json\/wp\/v2\/media?parent=1012053"}],"wp:term":[{"taxonomy":"product_brand","embeddable":true,"href":"https:\/\/hubsch-interior.com\/fr\/wp-json\/wp\/v2\/product_brand?post=1012053"},{"taxonomy":"product_cat","embeddable":true,"href":"https:\/\/hubsch-interior.com\/fr\/wp-json\/wp\/v2\/product_cat?post=1012053"},{"taxonomy":"product_tag","embeddable":true,"href":"https:\/\/hubsch-interior.com\/fr\/wp-json\/wp\/v2\/product_tag?post=1012053"}],"curies":[{"name":"wp","href":"https:\/\/api.w.org\/{rel}","templated":true}]}}