{"id":1013537,"date":"2025-03-10T13:21:20","date_gmt":"2025-03-10T12:21:20","guid":{"rendered":"https:\/\/hubsch-interior.com\/product\/product\/"},"modified":"2026-04-09T04:33:50","modified_gmt":"2026-04-09T02:33:50","slug":"arch-chaises-de-salle-a-manger-noir-3","status":"publish","type":"product","link":"https:\/\/hubsch-interior.com\/fr\/produit\/arch-chaises-de-salle-a-manger-noir-3\/","title":{"rendered":"Arch Chaises de salle \u00e0 manger Noir"},"content":{"rendered":"<p>La chaise de salle \u00e0 manger Arch est une interpr\u00e9tation moderne d&#8217;un classique intemporel. Cette \u00e9l\u00e9gante chaise est disponible en trois variantes \u00e9blouissantes, dont l&#8217;option noire ajoutant une touche de sophistication \u00e0 tout environnement de salle \u00e0 manger. Fabriqu\u00e9e en bois certifi\u00e9 FSC, la chaise de salle \u00e0 manger Arch b\u00e9n\u00e9ficie d&#8217;un design durable qui durera des ann\u00e9es. Son dossier de soutien assure un confort maximal, en faisant le choix parfait pour de longues soir\u00e9es de d\u00eener ou des rassemblements en famille. Et avec son design empilable et compact, la chaise de salle \u00e0 manger Arch n&#8217;est pas seulement \u00e9l\u00e9gante, mais aussi pratique \u2014 parfaite pour tout espace. Une r\u00e9introduction d&#8217;un pr\u00e9c\u00e9dent best-seller, cette chaise est un incontournable pour toute maison moderne.<\/p>\n","protected":false},"excerpt":{"rendered":"<p>La chaise de salle \u00e0 manger Arch est une interpr\u00e9tation moderne d&#8217;un classique intemporel. Cette \u00e9l\u00e9gante chaise est disponible en trois variantes \u00e9blouissantes, dont l&#8217;option noire ajoutant une touche de sophistication \u00e0 tout environnement de salle \u00e0 manger. Fabriqu\u00e9e en bois certifi\u00e9 FSC, la chaise de salle \u00e0 manger Arch b\u00e9n\u00e9ficie d&#8217;un design durable qui [&hellip;]<\/p>\n","protected":false},"featured_media":1097882,"template":"","meta":{"_acf_changed":false,"inline_featured_image":false},"product_brand":[],"product_cat":[6997,6322,2843,2844],"product_tag":[],"class_list":{"0":"post-1013537","1":"product","2":"type-product","3":"status-publish","4":"has-post-thumbnail","6":"product_cat-the-buzz-fr","7":"product_cat-fsc-fr","8":"product_cat-assises-fr","9":"product_cat-chaises-de-salle-a-manger-fr","10":"product_shipping_class-p05","12":"pa_color-noir","13":"pa_material-fer-fr","14":"pa_material-placage-de-frne","16":"first","17":"instock","18":"taxable","19":"shipping-taxable","20":"purchasable","21":"product-type-simple"},"exclude_global_add_ons":[],"addons":[],"acf":[],"yoast_head":"<!-- This site is optimized with the Yoast SEO plugin v26.4 - https:\/\/yoast.com\/wordpress\/plugins\/seo\/ -->\n<title>Arch Chaises de salle \u00e0 manger Noir - H\u00fcbsch<\/title>\n<meta name=\"description\" content=\"La chaise de salle \u00e0 manger Arch est une interpr\u00e9tation moderne d&#039;un classique intemporel. Cette \u00e9l\u00e9gante chaise est disponible en trois variantes\" \/>\n<meta name=\"robots\" content=\"index, follow, max-snippet:-1, max-image-preview:large, max-video-preview:-1\" \/>\n<link rel=\"canonical\" href=\"https:\/\/hubsch-interior.com\/fr\/wp-json\/wp\/v2\/product\/1013537\" \/>\n<meta property=\"og:locale\" content=\"fr_FR\" \/>\n<meta property=\"og:type\" content=\"article\" \/>\n<meta property=\"og:title\" content=\"Arch Chaises de salle \u00e0 manger Noir - H\u00fcbsch\" \/>\n<meta property=\"og:description\" content=\"La chaise de salle \u00e0 manger Arch est une interpr\u00e9tation moderne d&#039;un classique intemporel. Cette \u00e9l\u00e9gante chaise est disponible en trois variantes\" \/>\n<meta property=\"og:url\" content=\"https:\/\/hubsch-interior.com\/fr\/produit\/arch-chaises-de-salle-a-manger-noir-3\/\" \/>\n<meta property=\"og:site_name\" content=\"H\u00fcbsch\" \/>\n<meta property=\"article:modified_time\" content=\"2026-04-09T02:33:50+00:00\" \/>\n<meta property=\"og:image\" content=\"https:\/\/hubsch-interior.com\/wp-content\/uploads\/2026\/02\/arch-dining-chair-black-d575fc5ab556b8a4161a6a716397a436.jpg\" \/>\n\t<meta property=\"og:image:width\" content=\"1024\" \/>\n\t<meta property=\"og:image:height\" content=\"1024\" \/>\n\t<meta property=\"og:image:type\" content=\"image\/jpeg\" \/>\n<meta name=\"twitter:card\" content=\"summary_large_image\" \/>\n<meta name=\"twitter:label1\" content=\"Dur\u00e9e de lecture estim\u00e9e\" \/>\n\t<meta name=\"twitter:data1\" content=\"1 minute\" \/>\n<script type=\"application\/ld+json\" class=\"yoast-schema-graph\">{\"@context\":\"https:\/\/schema.org\",\"@graph\":[{\"@type\":\"WebPage\",\"@id\":\"https:\/\/hubsch-interior.com\/fr\/produit\/arch-chaises-de-salle-a-manger-noir-3\/\",\"url\":\"https:\/\/hubsch-interior.com\/fr\/produit\/arch-chaises-de-salle-a-manger-noir-3\/\",\"name\":\"Arch Chaises de salle \u00e0 manger Noir - H\u00fcbsch\",\"isPartOf\":{\"@id\":\"https:\/\/hubsch-interior.com\/fr\/#website\"},\"primaryImageOfPage\":{\"@id\":\"https:\/\/hubsch-interior.com\/fr\/produit\/arch-chaises-de-salle-a-manger-noir-3\/#primaryimage\"},\"image\":{\"@id\":\"https:\/\/hubsch-interior.com\/fr\/produit\/arch-chaises-de-salle-a-manger-noir-3\/#primaryimage\"},\"thumbnailUrl\":\"https:\/\/hubsch-interior.com\/wp-content\/uploads\/2026\/02\/arch-dining-chair-black-d575fc5ab556b8a4161a6a716397a436.jpg\",\"datePublished\":\"2025-03-10T12:21:20+00:00\",\"dateModified\":\"2026-04-09T02:33:50+00:00\",\"description\":\"La chaise de salle \u00e0 manger Arch est une interpr\u00e9tation moderne d'un classique intemporel. Cette \u00e9l\u00e9gante chaise est disponible en trois variantes\",\"breadcrumb\":{\"@id\":\"https:\/\/hubsch-interior.com\/fr\/produit\/arch-chaises-de-salle-a-manger-noir-3\/#breadcrumb\"},\"inLanguage\":\"fr-FR\",\"potentialAction\":[{\"@type\":\"ReadAction\",\"target\":[\"https:\/\/hubsch-interior.com\/fr\/produit\/arch-chaises-de-salle-a-manger-noir-3\/\"]}]},{\"@type\":\"ImageObject\",\"inLanguage\":\"fr-FR\",\"@id\":\"https:\/\/hubsch-interior.com\/fr\/produit\/arch-chaises-de-salle-a-manger-noir-3\/#primaryimage\",\"url\":\"https:\/\/hubsch-interior.com\/wp-content\/uploads\/2026\/02\/arch-dining-chair-black-d575fc5ab556b8a4161a6a716397a436.jpg\",\"contentUrl\":\"https:\/\/hubsch-interior.com\/wp-content\/uploads\/2026\/02\/arch-dining-chair-black-d575fc5ab556b8a4161a6a716397a436.jpg\",\"width\":1024,\"height\":1024},{\"@type\":\"BreadcrumbList\",\"@id\":\"https:\/\/hubsch-interior.com\/fr\/produit\/arch-chaises-de-salle-a-manger-noir-3\/#breadcrumb\",\"itemListElement\":[{\"@type\":\"ListItem\",\"position\":1,\"name\":\"Page d'accueil\",\"item\":\"https:\/\/hubsch-interior.com\/fr\/\"},{\"@type\":\"ListItem\",\"position\":2,\"name\":\"Produits\",\"item\":\"https:\/\/hubsch-interior.com\/fr\/shop-2\/\"},{\"@type\":\"ListItem\",\"position\":3,\"name\":\"Meubles\",\"item\":\"https:\/\/hubsch-interior.com\/fr\/categorie-produit\/meubles\/\"},{\"@type\":\"ListItem\",\"position\":4,\"name\":\"Assises\",\"item\":\"https:\/\/hubsch-interior.com\/fr\/categorie-produit\/meubles\/assises-fr\/\"},{\"@type\":\"ListItem\",\"position\":5,\"name\":\"Chaises de salle &agrave; manger\",\"item\":\"https:\/\/hubsch-interior.com\/fr\/categorie-produit\/meubles\/assises-fr\/chaises-de-salle-a-manger-fr\/\"},{\"@type\":\"ListItem\",\"position\":6,\"name\":\"Arch Chaises de salle \u00e0 manger Noir\"}]},{\"@type\":\"WebSite\",\"@id\":\"https:\/\/hubsch-interior.com\/fr\/#website\",\"url\":\"https:\/\/hubsch-interior.com\/fr\/\",\"name\":\"H\u00fcbsch\",\"description\":\"Danish Home Interior and Design\",\"publisher\":{\"@id\":\"https:\/\/hubsch-interior.com\/fr\/#organization\"},\"potentialAction\":[{\"@type\":\"SearchAction\",\"target\":{\"@type\":\"EntryPoint\",\"urlTemplate\":\"https:\/\/hubsch-interior.com\/fr\/?s={search_term_string}\"},\"query-input\":{\"@type\":\"PropertyValueSpecification\",\"valueRequired\":true,\"valueName\":\"search_term_string\"}}],\"inLanguage\":\"fr-FR\"},{\"@type\":\"Organization\",\"@id\":\"https:\/\/hubsch-interior.com\/fr\/#organization\",\"name\":\"H\u00fcbsch\",\"url\":\"https:\/\/hubsch-interior.com\/fr\/\",\"logo\":{\"@type\":\"ImageObject\",\"inLanguage\":\"fr-FR\",\"@id\":\"https:\/\/hubsch-interior.com\/fr\/#\/schema\/logo\/image\/\",\"url\":\"https:\/\/hubsch-interior.com\/wp-content\/uploads\/2022\/12\/Hubsch_logo_black_one_line.svg\",\"contentUrl\":\"https:\/\/hubsch-interior.com\/wp-content\/uploads\/2022\/12\/Hubsch_logo_black_one_line.svg\",\"caption\":\"H\u00fcbsch\"},\"image\":{\"@id\":\"https:\/\/hubsch-interior.com\/fr\/#\/schema\/logo\/image\/\"}}]}<\/script>\n<!-- \/ Yoast SEO plugin. -->","yoast_head_json":{"title":"Arch Chaises de salle \u00e0 manger Noir - H\u00fcbsch","description":"La chaise de salle \u00e0 manger Arch est une interpr\u00e9tation moderne d'un classique intemporel. Cette \u00e9l\u00e9gante chaise est disponible en trois variantes","robots":{"index":"index","follow":"follow","max-snippet":"max-snippet:-1","max-image-preview":"max-image-preview:large","max-video-preview":"max-video-preview:-1"},"canonical":"https:\/\/hubsch-interior.com\/fr\/wp-json\/wp\/v2\/product\/1013537","og_locale":"fr_FR","og_type":"article","og_title":"Arch Chaises de salle \u00e0 manger Noir - H\u00fcbsch","og_description":"La chaise de salle \u00e0 manger Arch est une interpr\u00e9tation moderne d'un classique intemporel. Cette \u00e9l\u00e9gante chaise est disponible en trois variantes","og_url":"https:\/\/hubsch-interior.com\/fr\/produit\/arch-chaises-de-salle-a-manger-noir-3\/","og_site_name":"H\u00fcbsch","article_modified_time":"2026-04-09T02:33:50+00:00","og_image":[{"width":1024,"height":1024,"url":"https:\/\/hubsch-interior.com\/wp-content\/uploads\/2026\/02\/arch-dining-chair-black-d575fc5ab556b8a4161a6a716397a436.jpg","type":"image\/jpeg"}],"twitter_card":"summary_large_image","twitter_misc":{"Dur\u00e9e de lecture estim\u00e9e":"1 minute"},"schema":{"@context":"https:\/\/schema.org","@graph":[{"@type":"WebPage","@id":"https:\/\/hubsch-interior.com\/fr\/produit\/arch-chaises-de-salle-a-manger-noir-3\/","url":"https:\/\/hubsch-interior.com\/fr\/produit\/arch-chaises-de-salle-a-manger-noir-3\/","name":"Arch Chaises de salle \u00e0 manger Noir - H\u00fcbsch","isPartOf":{"@id":"https:\/\/hubsch-interior.com\/fr\/#website"},"primaryImageOfPage":{"@id":"https:\/\/hubsch-interior.com\/fr\/produit\/arch-chaises-de-salle-a-manger-noir-3\/#primaryimage"},"image":{"@id":"https:\/\/hubsch-interior.com\/fr\/produit\/arch-chaises-de-salle-a-manger-noir-3\/#primaryimage"},"thumbnailUrl":"https:\/\/hubsch-interior.com\/wp-content\/uploads\/2026\/02\/arch-dining-chair-black-d575fc5ab556b8a4161a6a716397a436.jpg","datePublished":"2025-03-10T12:21:20+00:00","dateModified":"2026-04-09T02:33:50+00:00","description":"La chaise de salle \u00e0 manger Arch est une interpr\u00e9tation moderne d'un classique intemporel. Cette \u00e9l\u00e9gante chaise est disponible en trois variantes","breadcrumb":{"@id":"https:\/\/hubsch-interior.com\/fr\/produit\/arch-chaises-de-salle-a-manger-noir-3\/#breadcrumb"},"inLanguage":"fr-FR","potentialAction":[{"@type":"ReadAction","target":["https:\/\/hubsch-interior.com\/fr\/produit\/arch-chaises-de-salle-a-manger-noir-3\/"]}]},{"@type":"ImageObject","inLanguage":"fr-FR","@id":"https:\/\/hubsch-interior.com\/fr\/produit\/arch-chaises-de-salle-a-manger-noir-3\/#primaryimage","url":"https:\/\/hubsch-interior.com\/wp-content\/uploads\/2026\/02\/arch-dining-chair-black-d575fc5ab556b8a4161a6a716397a436.jpg","contentUrl":"https:\/\/hubsch-interior.com\/wp-content\/uploads\/2026\/02\/arch-dining-chair-black-d575fc5ab556b8a4161a6a716397a436.jpg","width":1024,"height":1024},{"@type":"BreadcrumbList","@id":"https:\/\/hubsch-interior.com\/fr\/produit\/arch-chaises-de-salle-a-manger-noir-3\/#breadcrumb","itemListElement":[{"@type":"ListItem","position":1,"name":"Page d'accueil","item":"https:\/\/hubsch-interior.com\/fr\/"},{"@type":"ListItem","position":2,"name":"Produits","item":"https:\/\/hubsch-interior.com\/fr\/shop-2\/"},{"@type":"ListItem","position":3,"name":"Meubles","item":"https:\/\/hubsch-interior.com\/fr\/categorie-produit\/meubles\/"},{"@type":"ListItem","position":4,"name":"Assises","item":"https:\/\/hubsch-interior.com\/fr\/categorie-produit\/meubles\/assises-fr\/"},{"@type":"ListItem","position":5,"name":"Chaises de salle &agrave; manger","item":"https:\/\/hubsch-interior.com\/fr\/categorie-produit\/meubles\/assises-fr\/chaises-de-salle-a-manger-fr\/"},{"@type":"ListItem","position":6,"name":"Arch Chaises de salle \u00e0 manger Noir"}]},{"@type":"WebSite","@id":"https:\/\/hubsch-interior.com\/fr\/#website","url":"https:\/\/hubsch-interior.com\/fr\/","name":"H\u00fcbsch","description":"Danish Home Interior and Design","publisher":{"@id":"https:\/\/hubsch-interior.com\/fr\/#organization"},"potentialAction":[{"@type":"SearchAction","target":{"@type":"EntryPoint","urlTemplate":"https:\/\/hubsch-interior.com\/fr\/?s={search_term_string}"},"query-input":{"@type":"PropertyValueSpecification","valueRequired":true,"valueName":"search_term_string"}}],"inLanguage":"fr-FR"},{"@type":"Organization","@id":"https:\/\/hubsch-interior.com\/fr\/#organization","name":"H\u00fcbsch","url":"https:\/\/hubsch-interior.com\/fr\/","logo":{"@type":"ImageObject","inLanguage":"fr-FR","@id":"https:\/\/hubsch-interior.com\/fr\/#\/schema\/logo\/image\/","url":"https:\/\/hubsch-interior.com\/wp-content\/uploads\/2022\/12\/Hubsch_logo_black_one_line.svg","contentUrl":"https:\/\/hubsch-interior.com\/wp-content\/uploads\/2022\/12\/Hubsch_logo_black_one_line.svg","caption":"H\u00fcbsch"},"image":{"@id":"https:\/\/hubsch-interior.com\/fr\/#\/schema\/logo\/image\/"}}]}},"_links":{"self":[{"href":"https:\/\/hubsch-interior.com\/fr\/wp-json\/wp\/v2\/product\/1013537","targetHints":{"allow":["GET"]}}],"collection":[{"href":"https:\/\/hubsch-interior.com\/fr\/wp-json\/wp\/v2\/product"}],"about":[{"href":"https:\/\/hubsch-interior.com\/fr\/wp-json\/wp\/v2\/types\/product"}],"wp:featuredmedia":[{"embeddable":true,"href":"https:\/\/hubsch-interior.com\/fr\/wp-json\/wp\/v2\/media\/1097882"}],"wp:attachment":[{"href":"https:\/\/hubsch-interior.com\/fr\/wp-json\/wp\/v2\/media?parent=1013537"}],"wp:term":[{"taxonomy":"product_brand","embeddable":true,"href":"https:\/\/hubsch-interior.com\/fr\/wp-json\/wp\/v2\/product_brand?post=1013537"},{"taxonomy":"product_cat","embeddable":true,"href":"https:\/\/hubsch-interior.com\/fr\/wp-json\/wp\/v2\/product_cat?post=1013537"},{"taxonomy":"product_tag","embeddable":true,"href":"https:\/\/hubsch-interior.com\/fr\/wp-json\/wp\/v2\/product_tag?post=1013537"}],"curies":[{"name":"wp","href":"https:\/\/api.w.org\/{rel}","templated":true}]}}