{"id":1013581,"date":"2025-03-10T13:21:27","date_gmt":"2025-03-10T12:21:27","guid":{"rendered":"https:\/\/hubsch-interior.com\/product\/product\/"},"modified":"2026-04-09T04:33:54","modified_gmt":"2026-04-09T02:33:54","slug":"arch-chaises-de-salle-a-manger-naturel","status":"publish","type":"product","link":"https:\/\/hubsch-interior.com\/fr\/produit\/arch-chaises-de-salle-a-manger-naturel\/","title":{"rendered":"Arch Chaises de salle \u00e0 manger  Naturel"},"content":{"rendered":"<p>D\u00e9couvrez la r\u00e9introduction d&#8217;un ancien best-seller, d\u00e9sormais disponible en six variantes charmantes. Ce mod\u00e8le particulier arbore une finition riche en placage de fr\u00eane qui fusionne sans effort les esth\u00e9tiques intemporelles et modernes. Fabriqu\u00e9 \u00e0 partir de bois certifi\u00e9 FSC avec des accents m\u00e9talliques \u00e9l\u00e9gants, son design durable promet long\u00e9vit\u00e9 et style. Id\u00e9al pour toute pi\u00e8ce, son dossier soutenant garantit le confort tandis que sa forme compacte et empilable permet un rangement facile. Un choix parfait pour rehausser votre int\u00e9rieur avec fonctionnalit\u00e9 et \u00e9l\u00e9gance.<\/p>\n","protected":false},"excerpt":{"rendered":"<p>D\u00e9couvrez la r\u00e9introduction d&#8217;un ancien best-seller, d\u00e9sormais disponible en six variantes charmantes. Ce mod\u00e8le particulier arbore une finition riche en placage de fr\u00eane qui fusionne sans effort les esth\u00e9tiques intemporelles et modernes. Fabriqu\u00e9 \u00e0 partir de bois certifi\u00e9 FSC avec des accents m\u00e9talliques \u00e9l\u00e9gants, son design durable promet long\u00e9vit\u00e9 et style. Id\u00e9al pour toute pi\u00e8ce, [&hellip;]<\/p>\n","protected":false},"featured_media":1097906,"template":"","meta":{"_acf_changed":false,"inline_featured_image":false},"product_brand":[],"product_cat":[6997,6322,2843,2844,5030],"product_tag":[],"class_list":{"0":"post-1013581","1":"product","2":"type-product","3":"status-publish","4":"has-post-thumbnail","6":"product_cat-the-buzz-fr","7":"product_cat-fsc-fr","8":"product_cat-assises-fr","9":"product_cat-chaises-de-salle-a-manger-fr","10":"product_cat-de-nouveau-en-stock-fr","11":"product_shipping_class-p05","13":"pa_material-fer-fr","14":"pa_material-placage-de-frne","16":"first","17":"instock","18":"taxable","19":"shipping-taxable","20":"purchasable","21":"product-type-simple"},"exclude_global_add_ons":[],"addons":[],"acf":[],"yoast_head":"<!-- This site is optimized with the Yoast SEO plugin v26.4 - https:\/\/yoast.com\/wordpress\/plugins\/seo\/ -->\n<title>Arch Chaises de salle \u00e0 manger Naturel - H\u00fcbsch<\/title>\n<meta name=\"description\" content=\"D\u00e9couvrez la r\u00e9introduction d&#039;un ancien best-seller, d\u00e9sormais disponible en six variantes charmantes. Ce mod\u00e8le particulier arbore une finition riche en\" \/>\n<meta name=\"robots\" content=\"index, follow, max-snippet:-1, max-image-preview:large, max-video-preview:-1\" \/>\n<link rel=\"canonical\" href=\"https:\/\/hubsch-interior.com\/fr\/wp-json\/wp\/v2\/product\/1013581\" \/>\n<meta property=\"og:locale\" content=\"fr_FR\" \/>\n<meta property=\"og:type\" content=\"article\" \/>\n<meta property=\"og:title\" content=\"Arch Chaises de salle \u00e0 manger Naturel - H\u00fcbsch\" \/>\n<meta property=\"og:description\" content=\"D\u00e9couvrez la r\u00e9introduction d&#039;un ancien best-seller, d\u00e9sormais disponible en six variantes charmantes. Ce mod\u00e8le particulier arbore une finition riche en\" \/>\n<meta property=\"og:url\" content=\"https:\/\/hubsch-interior.com\/fr\/produit\/arch-chaises-de-salle-a-manger-naturel\/\" \/>\n<meta property=\"og:site_name\" content=\"H\u00fcbsch\" \/>\n<meta property=\"article:modified_time\" content=\"2026-04-09T02:33:54+00:00\" \/>\n<meta property=\"og:image\" content=\"https:\/\/hubsch-interior.com\/wp-content\/uploads\/2026\/02\/arch-dining-chair-natural-0fc2353b01d920eb80c096ccca577099.jpg\" \/>\n\t<meta property=\"og:image:width\" content=\"1024\" \/>\n\t<meta property=\"og:image:height\" content=\"1024\" \/>\n\t<meta property=\"og:image:type\" content=\"image\/jpeg\" \/>\n<meta name=\"twitter:card\" content=\"summary_large_image\" \/>\n<script type=\"application\/ld+json\" class=\"yoast-schema-graph\">{\"@context\":\"https:\/\/schema.org\",\"@graph\":[{\"@type\":\"WebPage\",\"@id\":\"https:\/\/hubsch-interior.com\/fr\/produit\/arch-chaises-de-salle-a-manger-naturel\/\",\"url\":\"https:\/\/hubsch-interior.com\/fr\/produit\/arch-chaises-de-salle-a-manger-naturel\/\",\"name\":\"Arch Chaises de salle \u00e0 manger Naturel - H\u00fcbsch\",\"isPartOf\":{\"@id\":\"https:\/\/hubsch-interior.com\/fr\/#website\"},\"primaryImageOfPage\":{\"@id\":\"https:\/\/hubsch-interior.com\/fr\/produit\/arch-chaises-de-salle-a-manger-naturel\/#primaryimage\"},\"image\":{\"@id\":\"https:\/\/hubsch-interior.com\/fr\/produit\/arch-chaises-de-salle-a-manger-naturel\/#primaryimage\"},\"thumbnailUrl\":\"https:\/\/hubsch-interior.com\/wp-content\/uploads\/2026\/02\/arch-dining-chair-natural-0fc2353b01d920eb80c096ccca577099.jpg\",\"datePublished\":\"2025-03-10T12:21:27+00:00\",\"dateModified\":\"2026-04-09T02:33:54+00:00\",\"description\":\"D\u00e9couvrez la r\u00e9introduction d'un ancien best-seller, d\u00e9sormais disponible en six variantes charmantes. Ce mod\u00e8le particulier arbore une finition riche en\",\"breadcrumb\":{\"@id\":\"https:\/\/hubsch-interior.com\/fr\/produit\/arch-chaises-de-salle-a-manger-naturel\/#breadcrumb\"},\"inLanguage\":\"fr-FR\",\"potentialAction\":[{\"@type\":\"ReadAction\",\"target\":[\"https:\/\/hubsch-interior.com\/fr\/produit\/arch-chaises-de-salle-a-manger-naturel\/\"]}]},{\"@type\":\"ImageObject\",\"inLanguage\":\"fr-FR\",\"@id\":\"https:\/\/hubsch-interior.com\/fr\/produit\/arch-chaises-de-salle-a-manger-naturel\/#primaryimage\",\"url\":\"https:\/\/hubsch-interior.com\/wp-content\/uploads\/2026\/02\/arch-dining-chair-natural-0fc2353b01d920eb80c096ccca577099.jpg\",\"contentUrl\":\"https:\/\/hubsch-interior.com\/wp-content\/uploads\/2026\/02\/arch-dining-chair-natural-0fc2353b01d920eb80c096ccca577099.jpg\",\"width\":1024,\"height\":1024},{\"@type\":\"BreadcrumbList\",\"@id\":\"https:\/\/hubsch-interior.com\/fr\/produit\/arch-chaises-de-salle-a-manger-naturel\/#breadcrumb\",\"itemListElement\":[{\"@type\":\"ListItem\",\"position\":1,\"name\":\"Page d'accueil\",\"item\":\"https:\/\/hubsch-interior.com\/fr\/\"},{\"@type\":\"ListItem\",\"position\":2,\"name\":\"Produits\",\"item\":\"https:\/\/hubsch-interior.com\/fr\/shop-2\/\"},{\"@type\":\"ListItem\",\"position\":3,\"name\":\"Meubles\",\"item\":\"https:\/\/hubsch-interior.com\/fr\/categorie-produit\/meubles\/\"},{\"@type\":\"ListItem\",\"position\":4,\"name\":\"Assises\",\"item\":\"https:\/\/hubsch-interior.com\/fr\/categorie-produit\/meubles\/assises-fr\/\"},{\"@type\":\"ListItem\",\"position\":5,\"name\":\"Chaises de salle &agrave; manger\",\"item\":\"https:\/\/hubsch-interior.com\/fr\/categorie-produit\/meubles\/assises-fr\/chaises-de-salle-a-manger-fr\/\"},{\"@type\":\"ListItem\",\"position\":6,\"name\":\"Arch Chaises de salle \u00e0 manger Naturel\"}]},{\"@type\":\"WebSite\",\"@id\":\"https:\/\/hubsch-interior.com\/fr\/#website\",\"url\":\"https:\/\/hubsch-interior.com\/fr\/\",\"name\":\"H\u00fcbsch\",\"description\":\"Danish Home Interior and Design\",\"publisher\":{\"@id\":\"https:\/\/hubsch-interior.com\/fr\/#organization\"},\"potentialAction\":[{\"@type\":\"SearchAction\",\"target\":{\"@type\":\"EntryPoint\",\"urlTemplate\":\"https:\/\/hubsch-interior.com\/fr\/?s={search_term_string}\"},\"query-input\":{\"@type\":\"PropertyValueSpecification\",\"valueRequired\":true,\"valueName\":\"search_term_string\"}}],\"inLanguage\":\"fr-FR\"},{\"@type\":\"Organization\",\"@id\":\"https:\/\/hubsch-interior.com\/fr\/#organization\",\"name\":\"H\u00fcbsch\",\"url\":\"https:\/\/hubsch-interior.com\/fr\/\",\"logo\":{\"@type\":\"ImageObject\",\"inLanguage\":\"fr-FR\",\"@id\":\"https:\/\/hubsch-interior.com\/fr\/#\/schema\/logo\/image\/\",\"url\":\"https:\/\/hubsch-interior.com\/wp-content\/uploads\/2022\/12\/Hubsch_logo_black_one_line.svg\",\"contentUrl\":\"https:\/\/hubsch-interior.com\/wp-content\/uploads\/2022\/12\/Hubsch_logo_black_one_line.svg\",\"caption\":\"H\u00fcbsch\"},\"image\":{\"@id\":\"https:\/\/hubsch-interior.com\/fr\/#\/schema\/logo\/image\/\"}}]}<\/script>\n<!-- \/ Yoast SEO plugin. -->","yoast_head_json":{"title":"Arch Chaises de salle \u00e0 manger Naturel - H\u00fcbsch","description":"D\u00e9couvrez la r\u00e9introduction d'un ancien best-seller, d\u00e9sormais disponible en six variantes charmantes. Ce mod\u00e8le particulier arbore une finition riche en","robots":{"index":"index","follow":"follow","max-snippet":"max-snippet:-1","max-image-preview":"max-image-preview:large","max-video-preview":"max-video-preview:-1"},"canonical":"https:\/\/hubsch-interior.com\/fr\/wp-json\/wp\/v2\/product\/1013581","og_locale":"fr_FR","og_type":"article","og_title":"Arch Chaises de salle \u00e0 manger Naturel - H\u00fcbsch","og_description":"D\u00e9couvrez la r\u00e9introduction d'un ancien best-seller, d\u00e9sormais disponible en six variantes charmantes. Ce mod\u00e8le particulier arbore une finition riche en","og_url":"https:\/\/hubsch-interior.com\/fr\/produit\/arch-chaises-de-salle-a-manger-naturel\/","og_site_name":"H\u00fcbsch","article_modified_time":"2026-04-09T02:33:54+00:00","og_image":[{"width":1024,"height":1024,"url":"https:\/\/hubsch-interior.com\/wp-content\/uploads\/2026\/02\/arch-dining-chair-natural-0fc2353b01d920eb80c096ccca577099.jpg","type":"image\/jpeg"}],"twitter_card":"summary_large_image","schema":{"@context":"https:\/\/schema.org","@graph":[{"@type":"WebPage","@id":"https:\/\/hubsch-interior.com\/fr\/produit\/arch-chaises-de-salle-a-manger-naturel\/","url":"https:\/\/hubsch-interior.com\/fr\/produit\/arch-chaises-de-salle-a-manger-naturel\/","name":"Arch Chaises de salle \u00e0 manger Naturel - H\u00fcbsch","isPartOf":{"@id":"https:\/\/hubsch-interior.com\/fr\/#website"},"primaryImageOfPage":{"@id":"https:\/\/hubsch-interior.com\/fr\/produit\/arch-chaises-de-salle-a-manger-naturel\/#primaryimage"},"image":{"@id":"https:\/\/hubsch-interior.com\/fr\/produit\/arch-chaises-de-salle-a-manger-naturel\/#primaryimage"},"thumbnailUrl":"https:\/\/hubsch-interior.com\/wp-content\/uploads\/2026\/02\/arch-dining-chair-natural-0fc2353b01d920eb80c096ccca577099.jpg","datePublished":"2025-03-10T12:21:27+00:00","dateModified":"2026-04-09T02:33:54+00:00","description":"D\u00e9couvrez la r\u00e9introduction d'un ancien best-seller, d\u00e9sormais disponible en six variantes charmantes. Ce mod\u00e8le particulier arbore une finition riche en","breadcrumb":{"@id":"https:\/\/hubsch-interior.com\/fr\/produit\/arch-chaises-de-salle-a-manger-naturel\/#breadcrumb"},"inLanguage":"fr-FR","potentialAction":[{"@type":"ReadAction","target":["https:\/\/hubsch-interior.com\/fr\/produit\/arch-chaises-de-salle-a-manger-naturel\/"]}]},{"@type":"ImageObject","inLanguage":"fr-FR","@id":"https:\/\/hubsch-interior.com\/fr\/produit\/arch-chaises-de-salle-a-manger-naturel\/#primaryimage","url":"https:\/\/hubsch-interior.com\/wp-content\/uploads\/2026\/02\/arch-dining-chair-natural-0fc2353b01d920eb80c096ccca577099.jpg","contentUrl":"https:\/\/hubsch-interior.com\/wp-content\/uploads\/2026\/02\/arch-dining-chair-natural-0fc2353b01d920eb80c096ccca577099.jpg","width":1024,"height":1024},{"@type":"BreadcrumbList","@id":"https:\/\/hubsch-interior.com\/fr\/produit\/arch-chaises-de-salle-a-manger-naturel\/#breadcrumb","itemListElement":[{"@type":"ListItem","position":1,"name":"Page d'accueil","item":"https:\/\/hubsch-interior.com\/fr\/"},{"@type":"ListItem","position":2,"name":"Produits","item":"https:\/\/hubsch-interior.com\/fr\/shop-2\/"},{"@type":"ListItem","position":3,"name":"Meubles","item":"https:\/\/hubsch-interior.com\/fr\/categorie-produit\/meubles\/"},{"@type":"ListItem","position":4,"name":"Assises","item":"https:\/\/hubsch-interior.com\/fr\/categorie-produit\/meubles\/assises-fr\/"},{"@type":"ListItem","position":5,"name":"Chaises de salle &agrave; manger","item":"https:\/\/hubsch-interior.com\/fr\/categorie-produit\/meubles\/assises-fr\/chaises-de-salle-a-manger-fr\/"},{"@type":"ListItem","position":6,"name":"Arch Chaises de salle \u00e0 manger Naturel"}]},{"@type":"WebSite","@id":"https:\/\/hubsch-interior.com\/fr\/#website","url":"https:\/\/hubsch-interior.com\/fr\/","name":"H\u00fcbsch","description":"Danish Home Interior and Design","publisher":{"@id":"https:\/\/hubsch-interior.com\/fr\/#organization"},"potentialAction":[{"@type":"SearchAction","target":{"@type":"EntryPoint","urlTemplate":"https:\/\/hubsch-interior.com\/fr\/?s={search_term_string}"},"query-input":{"@type":"PropertyValueSpecification","valueRequired":true,"valueName":"search_term_string"}}],"inLanguage":"fr-FR"},{"@type":"Organization","@id":"https:\/\/hubsch-interior.com\/fr\/#organization","name":"H\u00fcbsch","url":"https:\/\/hubsch-interior.com\/fr\/","logo":{"@type":"ImageObject","inLanguage":"fr-FR","@id":"https:\/\/hubsch-interior.com\/fr\/#\/schema\/logo\/image\/","url":"https:\/\/hubsch-interior.com\/wp-content\/uploads\/2022\/12\/Hubsch_logo_black_one_line.svg","contentUrl":"https:\/\/hubsch-interior.com\/wp-content\/uploads\/2022\/12\/Hubsch_logo_black_one_line.svg","caption":"H\u00fcbsch"},"image":{"@id":"https:\/\/hubsch-interior.com\/fr\/#\/schema\/logo\/image\/"}}]}},"_links":{"self":[{"href":"https:\/\/hubsch-interior.com\/fr\/wp-json\/wp\/v2\/product\/1013581","targetHints":{"allow":["GET"]}}],"collection":[{"href":"https:\/\/hubsch-interior.com\/fr\/wp-json\/wp\/v2\/product"}],"about":[{"href":"https:\/\/hubsch-interior.com\/fr\/wp-json\/wp\/v2\/types\/product"}],"wp:featuredmedia":[{"embeddable":true,"href":"https:\/\/hubsch-interior.com\/fr\/wp-json\/wp\/v2\/media\/1097906"}],"wp:attachment":[{"href":"https:\/\/hubsch-interior.com\/fr\/wp-json\/wp\/v2\/media?parent=1013581"}],"wp:term":[{"taxonomy":"product_brand","embeddable":true,"href":"https:\/\/hubsch-interior.com\/fr\/wp-json\/wp\/v2\/product_brand?post=1013581"},{"taxonomy":"product_cat","embeddable":true,"href":"https:\/\/hubsch-interior.com\/fr\/wp-json\/wp\/v2\/product_cat?post=1013581"},{"taxonomy":"product_tag","embeddable":true,"href":"https:\/\/hubsch-interior.com\/fr\/wp-json\/wp\/v2\/product_tag?post=1013581"}],"curies":[{"name":"wp","href":"https:\/\/api.w.org\/{rel}","templated":true}]}}