{"id":1013661,"date":"2025-03-10T14:22:25","date_gmt":"2025-03-10T13:22:25","guid":{"rendered":"https:\/\/hubsch-interior.com\/product\/product\/"},"modified":"2026-04-09T04:56:04","modified_gmt":"2026-04-09T02:56:04","slug":"forma-chaises-de-salle-a-manger-noir","status":"publish","type":"product","link":"https:\/\/hubsch-interior.com\/fr\/produit\/forma-chaises-de-salle-a-manger-noir\/","title":{"rendered":"Forma Chaises de salle \u00e0 manger Noir"},"content":{"rendered":"<p>D\u00e9couvrez la Chaise de Salle \u00e0 Manger Forma, o\u00f9 fonctionnalit\u00e9 rime avec art. Fabriqu\u00e9e en bois de ch\u00eane et placage certifi\u00e9s FSC, cette pi\u00e8ce est peinte en noir \u00e9l\u00e9gant, offrant une forme audacieuse qui s&#8217;harmonise avec tout environnement de salle \u00e0 manger. Non seulement elle est robuste et stable, garantissant une durabilit\u00e9 longue dur\u00e9e, mais c&#8217;est \u00e9galement une chaise empilable. Empil\u00e9e, sa forme devient sculpturale, transformant le rangement pratique en un plaisir visuel. Laissez-vous s\u00e9duire par la beaut\u00e9 et la praticit\u00e9 de la Forma, un v\u00e9ritable chef-d&#8217;\u0153uvre dans votre espace de repas.<\/p>\n","protected":false},"excerpt":{"rendered":"<p>D\u00e9couvrez la Chaise de Salle \u00e0 Manger Forma, o\u00f9 fonctionnalit\u00e9 rime avec art. Fabriqu\u00e9e en bois de ch\u00eane et placage certifi\u00e9s FSC, cette pi\u00e8ce est peinte en noir \u00e9l\u00e9gant, offrant une forme audacieuse qui s&#8217;harmonise avec tout environnement de salle \u00e0 manger. Non seulement elle est robuste et stable, garantissant une durabilit\u00e9 longue dur\u00e9e, mais [&hellip;]<\/p>\n","protected":false},"featured_media":1104920,"template":"","meta":{"_acf_changed":false,"inline_featured_image":false},"product_brand":[],"product_cat":[6997,6322,2843,3041,2844,5026],"product_tag":[],"class_list":{"0":"post-1013661","1":"product","2":"type-product","3":"status-publish","4":"has-post-thumbnail","6":"product_cat-the-buzz-fr","7":"product_cat-fsc-fr","8":"product_cat-assises-fr","9":"product_cat-tabouret-fr","10":"product_cat-chaises-de-salle-a-manger-fr","11":"product_cat-bestsellers-fr","12":"product_shipping_class-pk","14":"pa_color-noir","15":"pa_material-bois-de-chne-2","16":"pa_material-contre-plaqu","17":"pa_material-placage-de-chne-2","19":"first","20":"instock","21":"featured","22":"taxable","23":"shipping-taxable","24":"purchasable","25":"product-type-simple"},"exclude_global_add_ons":[],"addons":[],"acf":[],"yoast_head":"<!-- This site is optimized with the Yoast SEO plugin v26.4 - https:\/\/yoast.com\/wordpress\/plugins\/seo\/ -->\n<title>Forma Chaises de salle \u00e0 manger Noir - H\u00fcbsch<\/title>\n<meta name=\"description\" content=\"D\u00e9couvrez la Chaise de Salle \u00e0 Manger Forma, o\u00f9 fonctionnalit\u00e9 rime avec art. Fabriqu\u00e9e en bois de ch\u00eane et placage certifi\u00e9s FSC, cette pi\u00e8ce est peinte\" \/>\n<meta name=\"robots\" content=\"index, follow, max-snippet:-1, max-image-preview:large, max-video-preview:-1\" \/>\n<link rel=\"canonical\" href=\"https:\/\/hubsch-interior.com\/fr\/wp-json\/wp\/v2\/product\/1013661\" \/>\n<meta property=\"og:locale\" content=\"fr_FR\" \/>\n<meta property=\"og:type\" content=\"article\" \/>\n<meta property=\"og:title\" content=\"Forma Chaises de salle \u00e0 manger Noir - H\u00fcbsch\" \/>\n<meta property=\"og:description\" content=\"D\u00e9couvrez la Chaise de Salle \u00e0 Manger Forma, o\u00f9 fonctionnalit\u00e9 rime avec art. Fabriqu\u00e9e en bois de ch\u00eane et placage certifi\u00e9s FSC, cette pi\u00e8ce est peinte\" \/>\n<meta property=\"og:url\" content=\"https:\/\/hubsch-interior.com\/fr\/produit\/forma-chaises-de-salle-a-manger-noir\/\" \/>\n<meta property=\"og:site_name\" content=\"H\u00fcbsch\" \/>\n<meta property=\"article:modified_time\" content=\"2026-04-09T02:56:04+00:00\" \/>\n<meta property=\"og:image\" content=\"https:\/\/hubsch-interior.com\/wp-content\/uploads\/2026\/02\/forma-dining-chair-black-e7117604d30d706f4e813bcd76620ffc.jpg\" \/>\n\t<meta property=\"og:image:width\" content=\"1024\" \/>\n\t<meta property=\"og:image:height\" content=\"1024\" \/>\n\t<meta property=\"og:image:type\" content=\"image\/jpeg\" \/>\n<meta name=\"twitter:card\" content=\"summary_large_image\" \/>\n<meta name=\"twitter:label1\" content=\"Dur\u00e9e de lecture estim\u00e9e\" \/>\n\t<meta name=\"twitter:data1\" content=\"1 minute\" \/>\n<script type=\"application\/ld+json\" class=\"yoast-schema-graph\">{\"@context\":\"https:\/\/schema.org\",\"@graph\":[{\"@type\":\"WebPage\",\"@id\":\"https:\/\/hubsch-interior.com\/fr\/produit\/forma-chaises-de-salle-a-manger-noir\/\",\"url\":\"https:\/\/hubsch-interior.com\/fr\/produit\/forma-chaises-de-salle-a-manger-noir\/\",\"name\":\"Forma Chaises de salle \u00e0 manger Noir - H\u00fcbsch\",\"isPartOf\":{\"@id\":\"https:\/\/hubsch-interior.com\/fr\/#website\"},\"primaryImageOfPage\":{\"@id\":\"https:\/\/hubsch-interior.com\/fr\/produit\/forma-chaises-de-salle-a-manger-noir\/#primaryimage\"},\"image\":{\"@id\":\"https:\/\/hubsch-interior.com\/fr\/produit\/forma-chaises-de-salle-a-manger-noir\/#primaryimage\"},\"thumbnailUrl\":\"https:\/\/hubsch-interior.com\/wp-content\/uploads\/2026\/02\/forma-dining-chair-black-e7117604d30d706f4e813bcd76620ffc.jpg\",\"datePublished\":\"2025-03-10T13:22:25+00:00\",\"dateModified\":\"2026-04-09T02:56:04+00:00\",\"description\":\"D\u00e9couvrez la Chaise de Salle \u00e0 Manger Forma, o\u00f9 fonctionnalit\u00e9 rime avec art. Fabriqu\u00e9e en bois de ch\u00eane et placage certifi\u00e9s FSC, cette pi\u00e8ce est peinte\",\"breadcrumb\":{\"@id\":\"https:\/\/hubsch-interior.com\/fr\/produit\/forma-chaises-de-salle-a-manger-noir\/#breadcrumb\"},\"inLanguage\":\"fr-FR\",\"potentialAction\":[{\"@type\":\"ReadAction\",\"target\":[\"https:\/\/hubsch-interior.com\/fr\/produit\/forma-chaises-de-salle-a-manger-noir\/\"]}]},{\"@type\":\"ImageObject\",\"inLanguage\":\"fr-FR\",\"@id\":\"https:\/\/hubsch-interior.com\/fr\/produit\/forma-chaises-de-salle-a-manger-noir\/#primaryimage\",\"url\":\"https:\/\/hubsch-interior.com\/wp-content\/uploads\/2026\/02\/forma-dining-chair-black-e7117604d30d706f4e813bcd76620ffc.jpg\",\"contentUrl\":\"https:\/\/hubsch-interior.com\/wp-content\/uploads\/2026\/02\/forma-dining-chair-black-e7117604d30d706f4e813bcd76620ffc.jpg\",\"width\":1024,\"height\":1024},{\"@type\":\"BreadcrumbList\",\"@id\":\"https:\/\/hubsch-interior.com\/fr\/produit\/forma-chaises-de-salle-a-manger-noir\/#breadcrumb\",\"itemListElement\":[{\"@type\":\"ListItem\",\"position\":1,\"name\":\"Page d'accueil\",\"item\":\"https:\/\/hubsch-interior.com\/fr\/\"},{\"@type\":\"ListItem\",\"position\":2,\"name\":\"Produits\",\"item\":\"https:\/\/hubsch-interior.com\/fr\/shop-2\/\"},{\"@type\":\"ListItem\",\"position\":3,\"name\":\"Meubles\",\"item\":\"https:\/\/hubsch-interior.com\/fr\/categorie-produit\/meubles\/\"},{\"@type\":\"ListItem\",\"position\":4,\"name\":\"Assises\",\"item\":\"https:\/\/hubsch-interior.com\/fr\/categorie-produit\/meubles\/assises-fr\/\"},{\"@type\":\"ListItem\",\"position\":5,\"name\":\"Tabouret\",\"item\":\"https:\/\/hubsch-interior.com\/fr\/categorie-produit\/meubles\/assises-fr\/tabouret-fr\/\"},{\"@type\":\"ListItem\",\"position\":6,\"name\":\"Forma Chaises de salle \u00e0 manger Noir\"}]},{\"@type\":\"WebSite\",\"@id\":\"https:\/\/hubsch-interior.com\/fr\/#website\",\"url\":\"https:\/\/hubsch-interior.com\/fr\/\",\"name\":\"H\u00fcbsch\",\"description\":\"Danish Home Interior and Design\",\"publisher\":{\"@id\":\"https:\/\/hubsch-interior.com\/fr\/#organization\"},\"potentialAction\":[{\"@type\":\"SearchAction\",\"target\":{\"@type\":\"EntryPoint\",\"urlTemplate\":\"https:\/\/hubsch-interior.com\/fr\/?s={search_term_string}\"},\"query-input\":{\"@type\":\"PropertyValueSpecification\",\"valueRequired\":true,\"valueName\":\"search_term_string\"}}],\"inLanguage\":\"fr-FR\"},{\"@type\":\"Organization\",\"@id\":\"https:\/\/hubsch-interior.com\/fr\/#organization\",\"name\":\"H\u00fcbsch\",\"url\":\"https:\/\/hubsch-interior.com\/fr\/\",\"logo\":{\"@type\":\"ImageObject\",\"inLanguage\":\"fr-FR\",\"@id\":\"https:\/\/hubsch-interior.com\/fr\/#\/schema\/logo\/image\/\",\"url\":\"https:\/\/hubsch-interior.com\/wp-content\/uploads\/2022\/12\/Hubsch_logo_black_one_line.svg\",\"contentUrl\":\"https:\/\/hubsch-interior.com\/wp-content\/uploads\/2022\/12\/Hubsch_logo_black_one_line.svg\",\"caption\":\"H\u00fcbsch\"},\"image\":{\"@id\":\"https:\/\/hubsch-interior.com\/fr\/#\/schema\/logo\/image\/\"}}]}<\/script>\n<!-- \/ Yoast SEO plugin. -->","yoast_head_json":{"title":"Forma Chaises de salle \u00e0 manger Noir - H\u00fcbsch","description":"D\u00e9couvrez la Chaise de Salle \u00e0 Manger Forma, o\u00f9 fonctionnalit\u00e9 rime avec art. Fabriqu\u00e9e en bois de ch\u00eane et placage certifi\u00e9s FSC, cette pi\u00e8ce est peinte","robots":{"index":"index","follow":"follow","max-snippet":"max-snippet:-1","max-image-preview":"max-image-preview:large","max-video-preview":"max-video-preview:-1"},"canonical":"https:\/\/hubsch-interior.com\/fr\/wp-json\/wp\/v2\/product\/1013661","og_locale":"fr_FR","og_type":"article","og_title":"Forma Chaises de salle \u00e0 manger Noir - H\u00fcbsch","og_description":"D\u00e9couvrez la Chaise de Salle \u00e0 Manger Forma, o\u00f9 fonctionnalit\u00e9 rime avec art. Fabriqu\u00e9e en bois de ch\u00eane et placage certifi\u00e9s FSC, cette pi\u00e8ce est peinte","og_url":"https:\/\/hubsch-interior.com\/fr\/produit\/forma-chaises-de-salle-a-manger-noir\/","og_site_name":"H\u00fcbsch","article_modified_time":"2026-04-09T02:56:04+00:00","og_image":[{"width":1024,"height":1024,"url":"https:\/\/hubsch-interior.com\/wp-content\/uploads\/2026\/02\/forma-dining-chair-black-e7117604d30d706f4e813bcd76620ffc.jpg","type":"image\/jpeg"}],"twitter_card":"summary_large_image","twitter_misc":{"Dur\u00e9e de lecture estim\u00e9e":"1 minute"},"schema":{"@context":"https:\/\/schema.org","@graph":[{"@type":"WebPage","@id":"https:\/\/hubsch-interior.com\/fr\/produit\/forma-chaises-de-salle-a-manger-noir\/","url":"https:\/\/hubsch-interior.com\/fr\/produit\/forma-chaises-de-salle-a-manger-noir\/","name":"Forma Chaises de salle \u00e0 manger Noir - H\u00fcbsch","isPartOf":{"@id":"https:\/\/hubsch-interior.com\/fr\/#website"},"primaryImageOfPage":{"@id":"https:\/\/hubsch-interior.com\/fr\/produit\/forma-chaises-de-salle-a-manger-noir\/#primaryimage"},"image":{"@id":"https:\/\/hubsch-interior.com\/fr\/produit\/forma-chaises-de-salle-a-manger-noir\/#primaryimage"},"thumbnailUrl":"https:\/\/hubsch-interior.com\/wp-content\/uploads\/2026\/02\/forma-dining-chair-black-e7117604d30d706f4e813bcd76620ffc.jpg","datePublished":"2025-03-10T13:22:25+00:00","dateModified":"2026-04-09T02:56:04+00:00","description":"D\u00e9couvrez la Chaise de Salle \u00e0 Manger Forma, o\u00f9 fonctionnalit\u00e9 rime avec art. Fabriqu\u00e9e en bois de ch\u00eane et placage certifi\u00e9s FSC, cette pi\u00e8ce est peinte","breadcrumb":{"@id":"https:\/\/hubsch-interior.com\/fr\/produit\/forma-chaises-de-salle-a-manger-noir\/#breadcrumb"},"inLanguage":"fr-FR","potentialAction":[{"@type":"ReadAction","target":["https:\/\/hubsch-interior.com\/fr\/produit\/forma-chaises-de-salle-a-manger-noir\/"]}]},{"@type":"ImageObject","inLanguage":"fr-FR","@id":"https:\/\/hubsch-interior.com\/fr\/produit\/forma-chaises-de-salle-a-manger-noir\/#primaryimage","url":"https:\/\/hubsch-interior.com\/wp-content\/uploads\/2026\/02\/forma-dining-chair-black-e7117604d30d706f4e813bcd76620ffc.jpg","contentUrl":"https:\/\/hubsch-interior.com\/wp-content\/uploads\/2026\/02\/forma-dining-chair-black-e7117604d30d706f4e813bcd76620ffc.jpg","width":1024,"height":1024},{"@type":"BreadcrumbList","@id":"https:\/\/hubsch-interior.com\/fr\/produit\/forma-chaises-de-salle-a-manger-noir\/#breadcrumb","itemListElement":[{"@type":"ListItem","position":1,"name":"Page d'accueil","item":"https:\/\/hubsch-interior.com\/fr\/"},{"@type":"ListItem","position":2,"name":"Produits","item":"https:\/\/hubsch-interior.com\/fr\/shop-2\/"},{"@type":"ListItem","position":3,"name":"Meubles","item":"https:\/\/hubsch-interior.com\/fr\/categorie-produit\/meubles\/"},{"@type":"ListItem","position":4,"name":"Assises","item":"https:\/\/hubsch-interior.com\/fr\/categorie-produit\/meubles\/assises-fr\/"},{"@type":"ListItem","position":5,"name":"Tabouret","item":"https:\/\/hubsch-interior.com\/fr\/categorie-produit\/meubles\/assises-fr\/tabouret-fr\/"},{"@type":"ListItem","position":6,"name":"Forma Chaises de salle \u00e0 manger Noir"}]},{"@type":"WebSite","@id":"https:\/\/hubsch-interior.com\/fr\/#website","url":"https:\/\/hubsch-interior.com\/fr\/","name":"H\u00fcbsch","description":"Danish Home Interior and Design","publisher":{"@id":"https:\/\/hubsch-interior.com\/fr\/#organization"},"potentialAction":[{"@type":"SearchAction","target":{"@type":"EntryPoint","urlTemplate":"https:\/\/hubsch-interior.com\/fr\/?s={search_term_string}"},"query-input":{"@type":"PropertyValueSpecification","valueRequired":true,"valueName":"search_term_string"}}],"inLanguage":"fr-FR"},{"@type":"Organization","@id":"https:\/\/hubsch-interior.com\/fr\/#organization","name":"H\u00fcbsch","url":"https:\/\/hubsch-interior.com\/fr\/","logo":{"@type":"ImageObject","inLanguage":"fr-FR","@id":"https:\/\/hubsch-interior.com\/fr\/#\/schema\/logo\/image\/","url":"https:\/\/hubsch-interior.com\/wp-content\/uploads\/2022\/12\/Hubsch_logo_black_one_line.svg","contentUrl":"https:\/\/hubsch-interior.com\/wp-content\/uploads\/2022\/12\/Hubsch_logo_black_one_line.svg","caption":"H\u00fcbsch"},"image":{"@id":"https:\/\/hubsch-interior.com\/fr\/#\/schema\/logo\/image\/"}}]}},"_links":{"self":[{"href":"https:\/\/hubsch-interior.com\/fr\/wp-json\/wp\/v2\/product\/1013661","targetHints":{"allow":["GET"]}}],"collection":[{"href":"https:\/\/hubsch-interior.com\/fr\/wp-json\/wp\/v2\/product"}],"about":[{"href":"https:\/\/hubsch-interior.com\/fr\/wp-json\/wp\/v2\/types\/product"}],"wp:featuredmedia":[{"embeddable":true,"href":"https:\/\/hubsch-interior.com\/fr\/wp-json\/wp\/v2\/media\/1104920"}],"wp:attachment":[{"href":"https:\/\/hubsch-interior.com\/fr\/wp-json\/wp\/v2\/media?parent=1013661"}],"wp:term":[{"taxonomy":"product_brand","embeddable":true,"href":"https:\/\/hubsch-interior.com\/fr\/wp-json\/wp\/v2\/product_brand?post=1013661"},{"taxonomy":"product_cat","embeddable":true,"href":"https:\/\/hubsch-interior.com\/fr\/wp-json\/wp\/v2\/product_cat?post=1013661"},{"taxonomy":"product_tag","embeddable":true,"href":"https:\/\/hubsch-interior.com\/fr\/wp-json\/wp\/v2\/product_tag?post=1013661"}],"curies":[{"name":"wp","href":"https:\/\/api.w.org\/{rel}","templated":true}]}}