{"id":1016482,"date":"2025-03-26T13:21:21","date_gmt":"2025-03-26T12:21:21","guid":{"rendered":"https:\/\/hubsch-interior.com\/product\/product\/"},"modified":"2026-04-08T04:33:49","modified_gmt":"2026-04-08T02:33:49","slug":"heritage-fauteuil-repose-pied-naturel-beige","status":"publish","type":"product","link":"https:\/\/hubsch-interior.com\/fr\/produit\/heritage-fauteuil-repose-pied-naturel-beige\/","title":{"rendered":"Heritage Fauteuil\/Repose-pied Naturel\/Beige"},"content":{"rendered":"<p>D\u00e9couvrez l&#8217;essence du confort et du style avec notre derni\u00e8re cr\u00e9ation, habilement fabriqu\u00e9e \u00e0 partir de bois certifi\u00e9 FSC et rev\u00eatue d&#8217;une teinte apaisante. Ce produit n&#8217;est pas simplement un meuble ; c&#8217;est un refuge o\u00f9 vous pouvez d\u00e9tendre votre corps dans une position d&#8217;assise flottante, gr\u00e2ce \u00e0 sa forme sculpturale et sa silhouette caract\u00e9ristique. La certification OEKO-TEX\u00ae STANDARD 100 garantit qu&#8217;il r\u00e9pond aux normes \u00e9lev\u00e9es de s\u00e9curit\u00e9 et d&#8217;environnement. Dot\u00e9 de lignes droites et d&#8217;une forme graphique, sa construction d\u00e9montable assure un assemblage facile. Un m\u00e9lange exquis de forme et de fonction, cette chaise est con\u00e7ue pour vous envelopper dans un confort serein sans compromettre le style.<\/p>\n","protected":false},"excerpt":{"rendered":"<p>D\u00e9couvrez l&#8217;essence du confort et du style avec notre derni\u00e8re cr\u00e9ation, habilement fabriqu\u00e9e \u00e0 partir de bois certifi\u00e9 FSC et rev\u00eatue d&#8217;une teinte apaisante. Ce produit n&#8217;est pas simplement un meuble ; c&#8217;est un refuge o\u00f9 vous pouvez d\u00e9tendre votre corps dans une position d&#8217;assise flottante, gr\u00e2ce \u00e0 sa forme sculpturale et sa silhouette caract\u00e9ristique. [&hellip;]<\/p>\n","protected":false},"featured_media":1097938,"template":"","meta":{"_acf_changed":false,"inline_featured_image":false},"product_brand":[],"product_cat":[6939,6997,2843,3023,5026],"product_tag":[],"class_list":{"0":"post-1016482","1":"product","2":"type-product","3":"status-publish","4":"has-post-thumbnail","6":"product_cat-additions-fr","7":"product_cat-the-buzz-fr","8":"product_cat-assises-fr","9":"product_cat-fauteuils-lounge-fr","10":"product_cat-bestsellers-fr","11":"product_shipping_class-pk","12":"pa_color-beige-3","13":"pa_color-naturel-2","14":"pa_material-polyester-100-fr","15":"pa_material-bois-de-chne-2","17":"first","18":"outofstock","19":"featured","20":"taxable","21":"shipping-taxable","22":"purchasable","23":"product-type-simple"},"exclude_global_add_ons":[],"addons":[],"acf":[],"yoast_head":"<!-- This site is optimized with the Yoast SEO plugin v26.4 - https:\/\/yoast.com\/wordpress\/plugins\/seo\/ -->\n<title>Heritage Fauteuil\/Repose-pied Naturel\/Beige - H\u00fcbsch<\/title>\n<meta name=\"description\" content=\"D\u00e9couvrez l&#039;essence du confort et du style avec notre derni\u00e8re cr\u00e9ation, habilement fabriqu\u00e9e \u00e0 partir de bois certifi\u00e9 FSC et rev\u00eatue d&#039;une teinte\" \/>\n<meta name=\"robots\" content=\"index, follow, max-snippet:-1, max-image-preview:large, max-video-preview:-1\" \/>\n<link rel=\"canonical\" href=\"https:\/\/hubsch-interior.com\/fr\/wp-json\/wp\/v2\/product\/1016482\" \/>\n<meta property=\"og:locale\" content=\"fr_FR\" \/>\n<meta property=\"og:type\" content=\"article\" \/>\n<meta property=\"og:title\" content=\"Heritage Fauteuil\/Repose-pied Naturel\/Beige - H\u00fcbsch\" \/>\n<meta property=\"og:description\" content=\"D\u00e9couvrez l&#039;essence du confort et du style avec notre derni\u00e8re cr\u00e9ation, habilement fabriqu\u00e9e \u00e0 partir de bois certifi\u00e9 FSC et rev\u00eatue d&#039;une teinte\" \/>\n<meta property=\"og:url\" content=\"https:\/\/hubsch-interior.com\/fr\/produit\/heritage-fauteuil-repose-pied-naturel-beige\/\" \/>\n<meta property=\"og:site_name\" content=\"H\u00fcbsch\" \/>\n<meta property=\"article:modified_time\" content=\"2026-04-08T02:33:49+00:00\" \/>\n<meta property=\"og:image\" content=\"https:\/\/hubsch-interior.com\/wp-content\/uploads\/2025\/03\/heritage-armchairfootstool-naturalbeige-fd8d5f186a1843e286ba383e8675a5e9.jpg\" \/>\n\t<meta property=\"og:image:width\" content=\"1200\" \/>\n\t<meta property=\"og:image:height\" content=\"1200\" \/>\n\t<meta property=\"og:image:type\" content=\"image\/jpeg\" \/>\n<meta name=\"twitter:card\" content=\"summary_large_image\" \/>\n<meta name=\"twitter:label1\" content=\"Dur\u00e9e de lecture estim\u00e9e\" \/>\n\t<meta name=\"twitter:data1\" content=\"1 minute\" \/>\n<script type=\"application\/ld+json\" class=\"yoast-schema-graph\">{\"@context\":\"https:\/\/schema.org\",\"@graph\":[{\"@type\":\"WebPage\",\"@id\":\"https:\/\/hubsch-interior.com\/fr\/produit\/heritage-fauteuil-repose-pied-naturel-beige\/\",\"url\":\"https:\/\/hubsch-interior.com\/fr\/produit\/heritage-fauteuil-repose-pied-naturel-beige\/\",\"name\":\"Heritage Fauteuil\/Repose-pied Naturel\/Beige - H\u00fcbsch\",\"isPartOf\":{\"@id\":\"https:\/\/hubsch-interior.com\/fr\/#website\"},\"primaryImageOfPage\":{\"@id\":\"https:\/\/hubsch-interior.com\/fr\/produit\/heritage-fauteuil-repose-pied-naturel-beige\/#primaryimage\"},\"image\":{\"@id\":\"https:\/\/hubsch-interior.com\/fr\/produit\/heritage-fauteuil-repose-pied-naturel-beige\/#primaryimage\"},\"thumbnailUrl\":\"https:\/\/hubsch-interior.com\/wp-content\/uploads\/2026\/02\/heritage-armchairfootstool-naturalbeige-0178baea2aba21eb8e470cd8ec4b3973.jpg\",\"datePublished\":\"2025-03-26T12:21:21+00:00\",\"dateModified\":\"2026-04-08T02:33:49+00:00\",\"description\":\"D\u00e9couvrez l'essence du confort et du style avec notre derni\u00e8re cr\u00e9ation, habilement fabriqu\u00e9e \u00e0 partir de bois certifi\u00e9 FSC et rev\u00eatue d'une teinte\",\"breadcrumb\":{\"@id\":\"https:\/\/hubsch-interior.com\/fr\/produit\/heritage-fauteuil-repose-pied-naturel-beige\/#breadcrumb\"},\"inLanguage\":\"fr-FR\",\"potentialAction\":[{\"@type\":\"ReadAction\",\"target\":[\"https:\/\/hubsch-interior.com\/fr\/produit\/heritage-fauteuil-repose-pied-naturel-beige\/\"]}]},{\"@type\":\"ImageObject\",\"inLanguage\":\"fr-FR\",\"@id\":\"https:\/\/hubsch-interior.com\/fr\/produit\/heritage-fauteuil-repose-pied-naturel-beige\/#primaryimage\",\"url\":\"https:\/\/hubsch-interior.com\/wp-content\/uploads\/2026\/02\/heritage-armchairfootstool-naturalbeige-0178baea2aba21eb8e470cd8ec4b3973.jpg\",\"contentUrl\":\"https:\/\/hubsch-interior.com\/wp-content\/uploads\/2026\/02\/heritage-armchairfootstool-naturalbeige-0178baea2aba21eb8e470cd8ec4b3973.jpg\",\"width\":1024,\"height\":1024},{\"@type\":\"BreadcrumbList\",\"@id\":\"https:\/\/hubsch-interior.com\/fr\/produit\/heritage-fauteuil-repose-pied-naturel-beige\/#breadcrumb\",\"itemListElement\":[{\"@type\":\"ListItem\",\"position\":1,\"name\":\"Page d'accueil\",\"item\":\"https:\/\/hubsch-interior.com\/fr\/\"},{\"@type\":\"ListItem\",\"position\":2,\"name\":\"Produits\",\"item\":\"https:\/\/hubsch-interior.com\/fr\/shop-2\/\"},{\"@type\":\"ListItem\",\"position\":3,\"name\":\"Meubles\",\"item\":\"https:\/\/hubsch-interior.com\/fr\/categorie-produit\/meubles\/\"},{\"@type\":\"ListItem\",\"position\":4,\"name\":\"Assises\",\"item\":\"https:\/\/hubsch-interior.com\/fr\/categorie-produit\/meubles\/assises-fr\/\"},{\"@type\":\"ListItem\",\"position\":5,\"name\":\"Fauteuils lounge\",\"item\":\"https:\/\/hubsch-interior.com\/fr\/categorie-produit\/meubles\/assises-fr\/fauteuils-lounge-fr\/\"},{\"@type\":\"ListItem\",\"position\":6,\"name\":\"Heritage Fauteuil\/Repose-pied Naturel\/Beige\"}]},{\"@type\":\"WebSite\",\"@id\":\"https:\/\/hubsch-interior.com\/fr\/#website\",\"url\":\"https:\/\/hubsch-interior.com\/fr\/\",\"name\":\"H\u00fcbsch\",\"description\":\"Danish Home Interior and Design\",\"publisher\":{\"@id\":\"https:\/\/hubsch-interior.com\/fr\/#organization\"},\"potentialAction\":[{\"@type\":\"SearchAction\",\"target\":{\"@type\":\"EntryPoint\",\"urlTemplate\":\"https:\/\/hubsch-interior.com\/fr\/?s={search_term_string}\"},\"query-input\":{\"@type\":\"PropertyValueSpecification\",\"valueRequired\":true,\"valueName\":\"search_term_string\"}}],\"inLanguage\":\"fr-FR\"},{\"@type\":\"Organization\",\"@id\":\"https:\/\/hubsch-interior.com\/fr\/#organization\",\"name\":\"H\u00fcbsch\",\"url\":\"https:\/\/hubsch-interior.com\/fr\/\",\"logo\":{\"@type\":\"ImageObject\",\"inLanguage\":\"fr-FR\",\"@id\":\"https:\/\/hubsch-interior.com\/fr\/#\/schema\/logo\/image\/\",\"url\":\"https:\/\/hubsch-interior.com\/wp-content\/uploads\/2022\/12\/Hubsch_logo_black_one_line.svg\",\"contentUrl\":\"https:\/\/hubsch-interior.com\/wp-content\/uploads\/2022\/12\/Hubsch_logo_black_one_line.svg\",\"caption\":\"H\u00fcbsch\"},\"image\":{\"@id\":\"https:\/\/hubsch-interior.com\/fr\/#\/schema\/logo\/image\/\"}}]}<\/script>\n<!-- \/ Yoast SEO plugin. -->","yoast_head_json":{"title":"Heritage Fauteuil\/Repose-pied Naturel\/Beige - H\u00fcbsch","description":"D\u00e9couvrez l'essence du confort et du style avec notre derni\u00e8re cr\u00e9ation, habilement fabriqu\u00e9e \u00e0 partir de bois certifi\u00e9 FSC et rev\u00eatue d'une teinte","robots":{"index":"index","follow":"follow","max-snippet":"max-snippet:-1","max-image-preview":"max-image-preview:large","max-video-preview":"max-video-preview:-1"},"canonical":"https:\/\/hubsch-interior.com\/fr\/wp-json\/wp\/v2\/product\/1016482","og_locale":"fr_FR","og_type":"article","og_title":"Heritage Fauteuil\/Repose-pied Naturel\/Beige - H\u00fcbsch","og_description":"D\u00e9couvrez l'essence du confort et du style avec notre derni\u00e8re cr\u00e9ation, habilement fabriqu\u00e9e \u00e0 partir de bois certifi\u00e9 FSC et rev\u00eatue d'une teinte","og_url":"https:\/\/hubsch-interior.com\/fr\/produit\/heritage-fauteuil-repose-pied-naturel-beige\/","og_site_name":"H\u00fcbsch","article_modified_time":"2026-04-08T02:33:49+00:00","og_image":[{"width":1200,"height":1200,"url":"https:\/\/hubsch-interior.com\/wp-content\/uploads\/2025\/03\/heritage-armchairfootstool-naturalbeige-fd8d5f186a1843e286ba383e8675a5e9.jpg","type":"image\/jpeg"}],"twitter_card":"summary_large_image","twitter_misc":{"Dur\u00e9e de lecture estim\u00e9e":"1 minute"},"schema":{"@context":"https:\/\/schema.org","@graph":[{"@type":"WebPage","@id":"https:\/\/hubsch-interior.com\/fr\/produit\/heritage-fauteuil-repose-pied-naturel-beige\/","url":"https:\/\/hubsch-interior.com\/fr\/produit\/heritage-fauteuil-repose-pied-naturel-beige\/","name":"Heritage Fauteuil\/Repose-pied Naturel\/Beige - H\u00fcbsch","isPartOf":{"@id":"https:\/\/hubsch-interior.com\/fr\/#website"},"primaryImageOfPage":{"@id":"https:\/\/hubsch-interior.com\/fr\/produit\/heritage-fauteuil-repose-pied-naturel-beige\/#primaryimage"},"image":{"@id":"https:\/\/hubsch-interior.com\/fr\/produit\/heritage-fauteuil-repose-pied-naturel-beige\/#primaryimage"},"thumbnailUrl":"https:\/\/hubsch-interior.com\/wp-content\/uploads\/2026\/02\/heritage-armchairfootstool-naturalbeige-0178baea2aba21eb8e470cd8ec4b3973.jpg","datePublished":"2025-03-26T12:21:21+00:00","dateModified":"2026-04-08T02:33:49+00:00","description":"D\u00e9couvrez l'essence du confort et du style avec notre derni\u00e8re cr\u00e9ation, habilement fabriqu\u00e9e \u00e0 partir de bois certifi\u00e9 FSC et rev\u00eatue d'une teinte","breadcrumb":{"@id":"https:\/\/hubsch-interior.com\/fr\/produit\/heritage-fauteuil-repose-pied-naturel-beige\/#breadcrumb"},"inLanguage":"fr-FR","potentialAction":[{"@type":"ReadAction","target":["https:\/\/hubsch-interior.com\/fr\/produit\/heritage-fauteuil-repose-pied-naturel-beige\/"]}]},{"@type":"ImageObject","inLanguage":"fr-FR","@id":"https:\/\/hubsch-interior.com\/fr\/produit\/heritage-fauteuil-repose-pied-naturel-beige\/#primaryimage","url":"https:\/\/hubsch-interior.com\/wp-content\/uploads\/2026\/02\/heritage-armchairfootstool-naturalbeige-0178baea2aba21eb8e470cd8ec4b3973.jpg","contentUrl":"https:\/\/hubsch-interior.com\/wp-content\/uploads\/2026\/02\/heritage-armchairfootstool-naturalbeige-0178baea2aba21eb8e470cd8ec4b3973.jpg","width":1024,"height":1024},{"@type":"BreadcrumbList","@id":"https:\/\/hubsch-interior.com\/fr\/produit\/heritage-fauteuil-repose-pied-naturel-beige\/#breadcrumb","itemListElement":[{"@type":"ListItem","position":1,"name":"Page d'accueil","item":"https:\/\/hubsch-interior.com\/fr\/"},{"@type":"ListItem","position":2,"name":"Produits","item":"https:\/\/hubsch-interior.com\/fr\/shop-2\/"},{"@type":"ListItem","position":3,"name":"Meubles","item":"https:\/\/hubsch-interior.com\/fr\/categorie-produit\/meubles\/"},{"@type":"ListItem","position":4,"name":"Assises","item":"https:\/\/hubsch-interior.com\/fr\/categorie-produit\/meubles\/assises-fr\/"},{"@type":"ListItem","position":5,"name":"Fauteuils lounge","item":"https:\/\/hubsch-interior.com\/fr\/categorie-produit\/meubles\/assises-fr\/fauteuils-lounge-fr\/"},{"@type":"ListItem","position":6,"name":"Heritage Fauteuil\/Repose-pied Naturel\/Beige"}]},{"@type":"WebSite","@id":"https:\/\/hubsch-interior.com\/fr\/#website","url":"https:\/\/hubsch-interior.com\/fr\/","name":"H\u00fcbsch","description":"Danish Home Interior and Design","publisher":{"@id":"https:\/\/hubsch-interior.com\/fr\/#organization"},"potentialAction":[{"@type":"SearchAction","target":{"@type":"EntryPoint","urlTemplate":"https:\/\/hubsch-interior.com\/fr\/?s={search_term_string}"},"query-input":{"@type":"PropertyValueSpecification","valueRequired":true,"valueName":"search_term_string"}}],"inLanguage":"fr-FR"},{"@type":"Organization","@id":"https:\/\/hubsch-interior.com\/fr\/#organization","name":"H\u00fcbsch","url":"https:\/\/hubsch-interior.com\/fr\/","logo":{"@type":"ImageObject","inLanguage":"fr-FR","@id":"https:\/\/hubsch-interior.com\/fr\/#\/schema\/logo\/image\/","url":"https:\/\/hubsch-interior.com\/wp-content\/uploads\/2022\/12\/Hubsch_logo_black_one_line.svg","contentUrl":"https:\/\/hubsch-interior.com\/wp-content\/uploads\/2022\/12\/Hubsch_logo_black_one_line.svg","caption":"H\u00fcbsch"},"image":{"@id":"https:\/\/hubsch-interior.com\/fr\/#\/schema\/logo\/image\/"}}]}},"_links":{"self":[{"href":"https:\/\/hubsch-interior.com\/fr\/wp-json\/wp\/v2\/product\/1016482","targetHints":{"allow":["GET"]}}],"collection":[{"href":"https:\/\/hubsch-interior.com\/fr\/wp-json\/wp\/v2\/product"}],"about":[{"href":"https:\/\/hubsch-interior.com\/fr\/wp-json\/wp\/v2\/types\/product"}],"wp:featuredmedia":[{"embeddable":true,"href":"https:\/\/hubsch-interior.com\/fr\/wp-json\/wp\/v2\/media\/1097938"}],"wp:attachment":[{"href":"https:\/\/hubsch-interior.com\/fr\/wp-json\/wp\/v2\/media?parent=1016482"}],"wp:term":[{"taxonomy":"product_brand","embeddable":true,"href":"https:\/\/hubsch-interior.com\/fr\/wp-json\/wp\/v2\/product_brand?post=1016482"},{"taxonomy":"product_cat","embeddable":true,"href":"https:\/\/hubsch-interior.com\/fr\/wp-json\/wp\/v2\/product_cat?post=1016482"},{"taxonomy":"product_tag","embeddable":true,"href":"https:\/\/hubsch-interior.com\/fr\/wp-json\/wp\/v2\/product_tag?post=1016482"}],"curies":[{"name":"wp","href":"https:\/\/api.w.org\/{rel}","templated":true}]}}