{"id":1057603,"date":"2025-05-13T13:49:37","date_gmt":"2025-05-13T11:49:37","guid":{"rendered":"https:\/\/hubsch-interior.com\/product\/product\/"},"modified":"2026-04-09T04:44:59","modified_gmt":"2026-04-09T02:44:59","slug":"up-pots-jaune-set-de-2","status":"publish","type":"product","link":"https:\/\/hubsch-interior.com\/fr\/produit\/up-pots-jaune-set-de-2\/","title":{"rendered":"Up Pots Jaune (set de 2)"},"content":{"rendered":"<p>Illuminez votre int\u00e9rieur avec le jaune joyeux de nos c\u00e9ramiques Up Pots, un v\u00e9ritable \u00e9clat de couleur pour chaque pi\u00e8ce. Ces pots charmants sont con\u00e7us pour rehausser vos plantes, leur offrant une sc\u00e8ne pour briller depuis n&#8217;importe quel coin ou rebord de fen\u00eatre. Fabriqu\u00e9s \u00e0 partir de c\u00e9ramiques fines, ces pots offrent un foyer robuste pour vos plantes d&#8217;int\u00e9rieur ch\u00e9ries, insufflant vie et chaleur \u00e0 votre espace personnel. Id\u00e9al pour ceux qui appr\u00e9cient une touche de vivacit\u00e9 dans leur d\u00e9coration.<\/p>\n","protected":false},"excerpt":{"rendered":"<p>Illuminez votre int\u00e9rieur avec le jaune joyeux de nos c\u00e9ramiques Up Pots, un v\u00e9ritable \u00e9clat de couleur pour chaque pi\u00e8ce. Ces pots charmants sont con\u00e7us pour rehausser vos plantes, leur offrant une sc\u00e8ne pour briller depuis n&#8217;importe quel coin ou rebord de fen\u00eatre. Fabriqu\u00e9s \u00e0 partir de c\u00e9ramiques fines, ces pots offrent un foyer robuste [&hellip;]<\/p>\n","protected":false},"featured_media":1100972,"template":"","meta":{"_acf_changed":false,"inline_featured_image":false},"product_brand":[],"product_cat":[6939,6997,4914,4924,5026],"product_tag":[],"class_list":{"0":"post-1057603","1":"product","2":"type-product","3":"status-publish","4":"has-post-thumbnail","6":"product_cat-additions-fr","7":"product_cat-the-buzz-fr","8":"product_cat-pots-de-fleur-et-arrosior-fr","9":"product_cat-cache-pots-fr","10":"product_cat-bestsellers-fr","11":"product_shipping_class-pk","13":"pa_color-jaune","14":"pa_material-cramique","16":"first","17":"instock","18":"featured","19":"taxable","20":"shipping-taxable","21":"purchasable","22":"product-type-simple"},"exclude_global_add_ons":[],"addons":[],"acf":[],"yoast_head":"<!-- This site is optimized with the Yoast SEO plugin v26.4 - https:\/\/yoast.com\/wordpress\/plugins\/seo\/ -->\n<title>Up Pots Jaune (set de 2) - H\u00fcbsch<\/title>\n<meta name=\"description\" content=\"Illuminez votre int\u00e9rieur avec le jaune joyeux de nos c\u00e9ramiques Up Pots, un v\u00e9ritable \u00e9clat de couleur pour chaque pi\u00e8ce. Ces pots charmants sont con\u00e7us\" \/>\n<meta name=\"robots\" content=\"index, follow, max-snippet:-1, max-image-preview:large, max-video-preview:-1\" \/>\n<link rel=\"canonical\" href=\"https:\/\/hubsch-interior.com\/fr\/wp-json\/wp\/v2\/product\/1057603\" \/>\n<meta property=\"og:locale\" content=\"fr_FR\" \/>\n<meta property=\"og:type\" content=\"article\" \/>\n<meta property=\"og:title\" content=\"Up Pots Jaune (set de 2) - H\u00fcbsch\" \/>\n<meta property=\"og:description\" content=\"Illuminez votre int\u00e9rieur avec le jaune joyeux de nos c\u00e9ramiques Up Pots, un v\u00e9ritable \u00e9clat de couleur pour chaque pi\u00e8ce. Ces pots charmants sont con\u00e7us\" \/>\n<meta property=\"og:url\" content=\"https:\/\/hubsch-interior.com\/fr\/produit\/up-pots-jaune-set-de-2\/\" \/>\n<meta property=\"og:site_name\" content=\"H\u00fcbsch\" \/>\n<meta property=\"article:modified_time\" content=\"2026-04-09T02:44:59+00:00\" \/>\n<meta property=\"og:image\" content=\"https:\/\/hubsch-interior.com\/wp-content\/uploads\/2025\/05\/up-pots-yellow-set-of-2-f58337bb30a5b5f67d8c01243d0a3050.jpg\" \/>\n\t<meta property=\"og:image:width\" content=\"1200\" \/>\n\t<meta property=\"og:image:height\" content=\"1200\" \/>\n\t<meta property=\"og:image:type\" content=\"image\/jpeg\" \/>\n<meta name=\"twitter:card\" content=\"summary_large_image\" \/>\n<script type=\"application\/ld+json\" class=\"yoast-schema-graph\">{\"@context\":\"https:\/\/schema.org\",\"@graph\":[{\"@type\":\"WebPage\",\"@id\":\"https:\/\/hubsch-interior.com\/fr\/produit\/up-pots-jaune-set-de-2\/\",\"url\":\"https:\/\/hubsch-interior.com\/fr\/produit\/up-pots-jaune-set-de-2\/\",\"name\":\"Up Pots Jaune (set de 2) - H\u00fcbsch\",\"isPartOf\":{\"@id\":\"https:\/\/hubsch-interior.com\/fr\/#website\"},\"primaryImageOfPage\":{\"@id\":\"https:\/\/hubsch-interior.com\/fr\/produit\/up-pots-jaune-set-de-2\/#primaryimage\"},\"image\":{\"@id\":\"https:\/\/hubsch-interior.com\/fr\/produit\/up-pots-jaune-set-de-2\/#primaryimage\"},\"thumbnailUrl\":\"https:\/\/hubsch-interior.com\/wp-content\/uploads\/2026\/02\/up-pots-yellow-set-of-2-1c9def265261a6a3f3b6c17d3a4bacf1.jpg\",\"datePublished\":\"2025-05-13T11:49:37+00:00\",\"dateModified\":\"2026-04-09T02:44:59+00:00\",\"description\":\"Illuminez votre int\u00e9rieur avec le jaune joyeux de nos c\u00e9ramiques Up Pots, un v\u00e9ritable \u00e9clat de couleur pour chaque pi\u00e8ce. Ces pots charmants sont con\u00e7us\",\"breadcrumb\":{\"@id\":\"https:\/\/hubsch-interior.com\/fr\/produit\/up-pots-jaune-set-de-2\/#breadcrumb\"},\"inLanguage\":\"fr-FR\",\"potentialAction\":[{\"@type\":\"ReadAction\",\"target\":[\"https:\/\/hubsch-interior.com\/fr\/produit\/up-pots-jaune-set-de-2\/\"]}]},{\"@type\":\"ImageObject\",\"inLanguage\":\"fr-FR\",\"@id\":\"https:\/\/hubsch-interior.com\/fr\/produit\/up-pots-jaune-set-de-2\/#primaryimage\",\"url\":\"https:\/\/hubsch-interior.com\/wp-content\/uploads\/2026\/02\/up-pots-yellow-set-of-2-1c9def265261a6a3f3b6c17d3a4bacf1.jpg\",\"contentUrl\":\"https:\/\/hubsch-interior.com\/wp-content\/uploads\/2026\/02\/up-pots-yellow-set-of-2-1c9def265261a6a3f3b6c17d3a4bacf1.jpg\",\"width\":1024,\"height\":1024},{\"@type\":\"BreadcrumbList\",\"@id\":\"https:\/\/hubsch-interior.com\/fr\/produit\/up-pots-jaune-set-de-2\/#breadcrumb\",\"itemListElement\":[{\"@type\":\"ListItem\",\"position\":1,\"name\":\"Page d'accueil\",\"item\":\"https:\/\/hubsch-interior.com\/fr\/\"},{\"@type\":\"ListItem\",\"position\":2,\"name\":\"Produits\",\"item\":\"https:\/\/hubsch-interior.com\/fr\/shop-2\/\"},{\"@type\":\"ListItem\",\"position\":3,\"name\":\"Accessoires maison\",\"item\":\"https:\/\/hubsch-interior.com\/fr\/categorie-produit\/accessoires-maison\/\"},{\"@type\":\"ListItem\",\"position\":4,\"name\":\"Pots de fleur et arrosior\",\"item\":\"https:\/\/hubsch-interior.com\/fr\/categorie-produit\/accessoires-maison\/pots-de-fleur-et-arrosior-fr\/\"},{\"@type\":\"ListItem\",\"position\":5,\"name\":\"Cache pots\",\"item\":\"https:\/\/hubsch-interior.com\/fr\/categorie-produit\/accessoires-maison\/pots-de-fleur-et-arrosior-fr\/cache-pots-fr\/\"},{\"@type\":\"ListItem\",\"position\":6,\"name\":\"Up Pots Jaune (set de 2)\"}]},{\"@type\":\"WebSite\",\"@id\":\"https:\/\/hubsch-interior.com\/fr\/#website\",\"url\":\"https:\/\/hubsch-interior.com\/fr\/\",\"name\":\"H\u00fcbsch\",\"description\":\"Danish Home Interior and Design\",\"publisher\":{\"@id\":\"https:\/\/hubsch-interior.com\/fr\/#organization\"},\"potentialAction\":[{\"@type\":\"SearchAction\",\"target\":{\"@type\":\"EntryPoint\",\"urlTemplate\":\"https:\/\/hubsch-interior.com\/fr\/?s={search_term_string}\"},\"query-input\":{\"@type\":\"PropertyValueSpecification\",\"valueRequired\":true,\"valueName\":\"search_term_string\"}}],\"inLanguage\":\"fr-FR\"},{\"@type\":\"Organization\",\"@id\":\"https:\/\/hubsch-interior.com\/fr\/#organization\",\"name\":\"H\u00fcbsch\",\"url\":\"https:\/\/hubsch-interior.com\/fr\/\",\"logo\":{\"@type\":\"ImageObject\",\"inLanguage\":\"fr-FR\",\"@id\":\"https:\/\/hubsch-interior.com\/fr\/#\/schema\/logo\/image\/\",\"url\":\"https:\/\/hubsch-interior.com\/wp-content\/uploads\/2022\/12\/Hubsch_logo_black_one_line.svg\",\"contentUrl\":\"https:\/\/hubsch-interior.com\/wp-content\/uploads\/2022\/12\/Hubsch_logo_black_one_line.svg\",\"caption\":\"H\u00fcbsch\"},\"image\":{\"@id\":\"https:\/\/hubsch-interior.com\/fr\/#\/schema\/logo\/image\/\"}}]}<\/script>\n<!-- \/ Yoast SEO plugin. -->","yoast_head_json":{"title":"Up Pots Jaune (set de 2) - H\u00fcbsch","description":"Illuminez votre int\u00e9rieur avec le jaune joyeux de nos c\u00e9ramiques Up Pots, un v\u00e9ritable \u00e9clat de couleur pour chaque pi\u00e8ce. Ces pots charmants sont con\u00e7us","robots":{"index":"index","follow":"follow","max-snippet":"max-snippet:-1","max-image-preview":"max-image-preview:large","max-video-preview":"max-video-preview:-1"},"canonical":"https:\/\/hubsch-interior.com\/fr\/wp-json\/wp\/v2\/product\/1057603","og_locale":"fr_FR","og_type":"article","og_title":"Up Pots Jaune (set de 2) - H\u00fcbsch","og_description":"Illuminez votre int\u00e9rieur avec le jaune joyeux de nos c\u00e9ramiques Up Pots, un v\u00e9ritable \u00e9clat de couleur pour chaque pi\u00e8ce. Ces pots charmants sont con\u00e7us","og_url":"https:\/\/hubsch-interior.com\/fr\/produit\/up-pots-jaune-set-de-2\/","og_site_name":"H\u00fcbsch","article_modified_time":"2026-04-09T02:44:59+00:00","og_image":[{"width":1200,"height":1200,"url":"https:\/\/hubsch-interior.com\/wp-content\/uploads\/2025\/05\/up-pots-yellow-set-of-2-f58337bb30a5b5f67d8c01243d0a3050.jpg","type":"image\/jpeg"}],"twitter_card":"summary_large_image","schema":{"@context":"https:\/\/schema.org","@graph":[{"@type":"WebPage","@id":"https:\/\/hubsch-interior.com\/fr\/produit\/up-pots-jaune-set-de-2\/","url":"https:\/\/hubsch-interior.com\/fr\/produit\/up-pots-jaune-set-de-2\/","name":"Up Pots Jaune (set de 2) - H\u00fcbsch","isPartOf":{"@id":"https:\/\/hubsch-interior.com\/fr\/#website"},"primaryImageOfPage":{"@id":"https:\/\/hubsch-interior.com\/fr\/produit\/up-pots-jaune-set-de-2\/#primaryimage"},"image":{"@id":"https:\/\/hubsch-interior.com\/fr\/produit\/up-pots-jaune-set-de-2\/#primaryimage"},"thumbnailUrl":"https:\/\/hubsch-interior.com\/wp-content\/uploads\/2026\/02\/up-pots-yellow-set-of-2-1c9def265261a6a3f3b6c17d3a4bacf1.jpg","datePublished":"2025-05-13T11:49:37+00:00","dateModified":"2026-04-09T02:44:59+00:00","description":"Illuminez votre int\u00e9rieur avec le jaune joyeux de nos c\u00e9ramiques Up Pots, un v\u00e9ritable \u00e9clat de couleur pour chaque pi\u00e8ce. Ces pots charmants sont con\u00e7us","breadcrumb":{"@id":"https:\/\/hubsch-interior.com\/fr\/produit\/up-pots-jaune-set-de-2\/#breadcrumb"},"inLanguage":"fr-FR","potentialAction":[{"@type":"ReadAction","target":["https:\/\/hubsch-interior.com\/fr\/produit\/up-pots-jaune-set-de-2\/"]}]},{"@type":"ImageObject","inLanguage":"fr-FR","@id":"https:\/\/hubsch-interior.com\/fr\/produit\/up-pots-jaune-set-de-2\/#primaryimage","url":"https:\/\/hubsch-interior.com\/wp-content\/uploads\/2026\/02\/up-pots-yellow-set-of-2-1c9def265261a6a3f3b6c17d3a4bacf1.jpg","contentUrl":"https:\/\/hubsch-interior.com\/wp-content\/uploads\/2026\/02\/up-pots-yellow-set-of-2-1c9def265261a6a3f3b6c17d3a4bacf1.jpg","width":1024,"height":1024},{"@type":"BreadcrumbList","@id":"https:\/\/hubsch-interior.com\/fr\/produit\/up-pots-jaune-set-de-2\/#breadcrumb","itemListElement":[{"@type":"ListItem","position":1,"name":"Page d'accueil","item":"https:\/\/hubsch-interior.com\/fr\/"},{"@type":"ListItem","position":2,"name":"Produits","item":"https:\/\/hubsch-interior.com\/fr\/shop-2\/"},{"@type":"ListItem","position":3,"name":"Accessoires maison","item":"https:\/\/hubsch-interior.com\/fr\/categorie-produit\/accessoires-maison\/"},{"@type":"ListItem","position":4,"name":"Pots de fleur et arrosior","item":"https:\/\/hubsch-interior.com\/fr\/categorie-produit\/accessoires-maison\/pots-de-fleur-et-arrosior-fr\/"},{"@type":"ListItem","position":5,"name":"Cache pots","item":"https:\/\/hubsch-interior.com\/fr\/categorie-produit\/accessoires-maison\/pots-de-fleur-et-arrosior-fr\/cache-pots-fr\/"},{"@type":"ListItem","position":6,"name":"Up Pots Jaune (set de 2)"}]},{"@type":"WebSite","@id":"https:\/\/hubsch-interior.com\/fr\/#website","url":"https:\/\/hubsch-interior.com\/fr\/","name":"H\u00fcbsch","description":"Danish Home Interior and Design","publisher":{"@id":"https:\/\/hubsch-interior.com\/fr\/#organization"},"potentialAction":[{"@type":"SearchAction","target":{"@type":"EntryPoint","urlTemplate":"https:\/\/hubsch-interior.com\/fr\/?s={search_term_string}"},"query-input":{"@type":"PropertyValueSpecification","valueRequired":true,"valueName":"search_term_string"}}],"inLanguage":"fr-FR"},{"@type":"Organization","@id":"https:\/\/hubsch-interior.com\/fr\/#organization","name":"H\u00fcbsch","url":"https:\/\/hubsch-interior.com\/fr\/","logo":{"@type":"ImageObject","inLanguage":"fr-FR","@id":"https:\/\/hubsch-interior.com\/fr\/#\/schema\/logo\/image\/","url":"https:\/\/hubsch-interior.com\/wp-content\/uploads\/2022\/12\/Hubsch_logo_black_one_line.svg","contentUrl":"https:\/\/hubsch-interior.com\/wp-content\/uploads\/2022\/12\/Hubsch_logo_black_one_line.svg","caption":"H\u00fcbsch"},"image":{"@id":"https:\/\/hubsch-interior.com\/fr\/#\/schema\/logo\/image\/"}}]}},"_links":{"self":[{"href":"https:\/\/hubsch-interior.com\/fr\/wp-json\/wp\/v2\/product\/1057603","targetHints":{"allow":["GET"]}}],"collection":[{"href":"https:\/\/hubsch-interior.com\/fr\/wp-json\/wp\/v2\/product"}],"about":[{"href":"https:\/\/hubsch-interior.com\/fr\/wp-json\/wp\/v2\/types\/product"}],"wp:featuredmedia":[{"embeddable":true,"href":"https:\/\/hubsch-interior.com\/fr\/wp-json\/wp\/v2\/media\/1100972"}],"wp:attachment":[{"href":"https:\/\/hubsch-interior.com\/fr\/wp-json\/wp\/v2\/media?parent=1057603"}],"wp:term":[{"taxonomy":"product_brand","embeddable":true,"href":"https:\/\/hubsch-interior.com\/fr\/wp-json\/wp\/v2\/product_brand?post=1057603"},{"taxonomy":"product_cat","embeddable":true,"href":"https:\/\/hubsch-interior.com\/fr\/wp-json\/wp\/v2\/product_cat?post=1057603"},{"taxonomy":"product_tag","embeddable":true,"href":"https:\/\/hubsch-interior.com\/fr\/wp-json\/wp\/v2\/product_tag?post=1057603"}],"curies":[{"name":"wp","href":"https:\/\/api.w.org\/{rel}","templated":true}]}}