{"id":1058025,"date":"2025-05-19T13:15:57","date_gmt":"2025-05-19T11:15:57","guid":{"rendered":"https:\/\/hubsch-interior.com\/product\/product\/"},"modified":"2026-04-05T04:43:11","modified_gmt":"2026-04-05T02:43:11","slug":"pavilion-plaid-block-coral-multicolore","status":"publish","type":"product","link":"https:\/\/hubsch-interior.com\/fr\/produit\/pavilion-plaid-block-coral-multicolore\/","title":{"rendered":"Pavilion Plaid Block Coral\/\u00a0Multicolor\u00e9"},"content":{"rendered":"<p>D\u00e9couvrez le Plaid Pavilion, un tissage splendide de teintes corail et multicolores, con\u00e7u pour ajouter une touche de tons pastel \u00e0 votre d\u00e9tente int\u00e9rieure. R\u00e9alis\u00e9 selon la technique traditionnelle du quilt, ce plaid en 100 % coton n&#8217;est pas seulement douillet, mais il est \u00e9galement certifi\u00e9 OEKO-TEX\u00ae STANDARD 100, garantissant l&#8217;absence de substances nocives. Id\u00e9al pour un pique-nique ou pour se couvrir lors des soir\u00e9es fra\u00eeches, c&#8217;est un ajout exquis \u00e0 vos essentiels de confort \u00e0 la maison.<\/p>\n","protected":false},"excerpt":{"rendered":"<p>D\u00e9couvrez le Plaid Pavilion, un tissage splendide de teintes corail et multicolores, con\u00e7u pour ajouter une touche de tons pastel \u00e0 votre d\u00e9tente int\u00e9rieure. R\u00e9alis\u00e9 selon la technique traditionnelle du quilt, ce plaid en 100 % coton n&#8217;est pas seulement douillet, mais il est \u00e9galement certifi\u00e9 OEKO-TEX\u00ae STANDARD 100, garantissant l&#8217;absence de substances nocives. Id\u00e9al [&hellip;]<\/p>\n","protected":false},"featured_media":1100528,"template":"","meta":{"_acf_changed":false,"inline_featured_image":false},"product_brand":[],"product_cat":[6939,6971,6997,3002,4942,6363,5026,6535],"product_tag":[],"class_list":{"0":"post-1058025","1":"product","2":"type-product","3":"status-publish","4":"has-post-thumbnail","6":"product_cat-additions-fr","7":"product_cat-paques","8":"product_cat-the-buzz-fr","9":"product_cat-textile","10":"product_cat-plaids-fr","11":"product_cat-couvre-lits-fr","12":"product_cat-bestsellers-fr","13":"product_cat-outlet-fr","14":"product_shipping_class-pk","16":"pa_color-multicolor-2","17":"pa_material-cotton-100-fr","19":"first","20":"instock","21":"sale","22":"featured","23":"taxable","24":"shipping-taxable","25":"purchasable","26":"product-type-simple"},"exclude_global_add_ons":[],"addons":[],"acf":[],"yoast_head":"<!-- This site is optimized with the Yoast SEO plugin v26.4 - https:\/\/yoast.com\/wordpress\/plugins\/seo\/ -->\n<title>Pavilion Plaid Block Coral\/\u00a0Multicolor\u00e9 - H\u00fcbsch<\/title>\n<meta name=\"description\" content=\"D\u00e9couvrez le Plaid Pavilion, un tissage splendide de teintes corail et multicolores, con\u00e7u pour ajouter une touche de tons pastel \u00e0 votre d\u00e9tente\" \/>\n<meta name=\"robots\" content=\"index, follow, max-snippet:-1, max-image-preview:large, max-video-preview:-1\" \/>\n<link rel=\"canonical\" href=\"https:\/\/hubsch-interior.com\/fr\/wp-json\/wp\/v2\/product\/1058025\" \/>\n<meta property=\"og:locale\" content=\"fr_FR\" \/>\n<meta property=\"og:type\" content=\"article\" \/>\n<meta property=\"og:title\" content=\"Pavilion Plaid Block Coral\/\u00a0Multicolor\u00e9 - H\u00fcbsch\" \/>\n<meta property=\"og:description\" content=\"D\u00e9couvrez le Plaid Pavilion, un tissage splendide de teintes corail et multicolores, con\u00e7u pour ajouter une touche de tons pastel \u00e0 votre d\u00e9tente\" \/>\n<meta property=\"og:url\" content=\"https:\/\/hubsch-interior.com\/fr\/produit\/pavilion-plaid-block-coral-multicolore\/\" \/>\n<meta property=\"og:site_name\" content=\"H\u00fcbsch\" \/>\n<meta property=\"article:modified_time\" content=\"2026-04-05T02:43:11+00:00\" \/>\n<meta property=\"og:image\" content=\"https:\/\/hubsch-interior.com\/wp-content\/uploads\/2026\/02\/pavilion-plaid-block-coralmulticolour-333838b705f6d369c84f5227a92fbde8.jpg\" \/>\n\t<meta property=\"og:image:width\" content=\"1024\" \/>\n\t<meta property=\"og:image:height\" content=\"1024\" \/>\n\t<meta property=\"og:image:type\" content=\"image\/jpeg\" \/>\n<meta name=\"twitter:card\" content=\"summary_large_image\" \/>\n<script type=\"application\/ld+json\" class=\"yoast-schema-graph\">{\"@context\":\"https:\/\/schema.org\",\"@graph\":[{\"@type\":\"WebPage\",\"@id\":\"https:\/\/hubsch-interior.com\/fr\/produit\/pavilion-plaid-block-coral-multicolore\/\",\"url\":\"https:\/\/hubsch-interior.com\/fr\/produit\/pavilion-plaid-block-coral-multicolore\/\",\"name\":\"Pavilion Plaid Block Coral\/\u00a0Multicolor\u00e9 - H\u00fcbsch\",\"isPartOf\":{\"@id\":\"https:\/\/hubsch-interior.com\/fr\/#website\"},\"primaryImageOfPage\":{\"@id\":\"https:\/\/hubsch-interior.com\/fr\/produit\/pavilion-plaid-block-coral-multicolore\/#primaryimage\"},\"image\":{\"@id\":\"https:\/\/hubsch-interior.com\/fr\/produit\/pavilion-plaid-block-coral-multicolore\/#primaryimage\"},\"thumbnailUrl\":\"https:\/\/hubsch-interior.com\/wp-content\/uploads\/2026\/02\/pavilion-plaid-block-coralmulticolour-333838b705f6d369c84f5227a92fbde8.jpg\",\"datePublished\":\"2025-05-19T11:15:57+00:00\",\"dateModified\":\"2026-04-05T02:43:11+00:00\",\"description\":\"D\u00e9couvrez le Plaid Pavilion, un tissage splendide de teintes corail et multicolores, con\u00e7u pour ajouter une touche de tons pastel \u00e0 votre d\u00e9tente\",\"breadcrumb\":{\"@id\":\"https:\/\/hubsch-interior.com\/fr\/produit\/pavilion-plaid-block-coral-multicolore\/#breadcrumb\"},\"inLanguage\":\"fr-FR\",\"potentialAction\":[{\"@type\":\"ReadAction\",\"target\":[\"https:\/\/hubsch-interior.com\/fr\/produit\/pavilion-plaid-block-coral-multicolore\/\"]}]},{\"@type\":\"ImageObject\",\"inLanguage\":\"fr-FR\",\"@id\":\"https:\/\/hubsch-interior.com\/fr\/produit\/pavilion-plaid-block-coral-multicolore\/#primaryimage\",\"url\":\"https:\/\/hubsch-interior.com\/wp-content\/uploads\/2026\/02\/pavilion-plaid-block-coralmulticolour-333838b705f6d369c84f5227a92fbde8.jpg\",\"contentUrl\":\"https:\/\/hubsch-interior.com\/wp-content\/uploads\/2026\/02\/pavilion-plaid-block-coralmulticolour-333838b705f6d369c84f5227a92fbde8.jpg\",\"width\":1024,\"height\":1024},{\"@type\":\"BreadcrumbList\",\"@id\":\"https:\/\/hubsch-interior.com\/fr\/produit\/pavilion-plaid-block-coral-multicolore\/#breadcrumb\",\"itemListElement\":[{\"@type\":\"ListItem\",\"position\":1,\"name\":\"Page d'accueil\",\"item\":\"https:\/\/hubsch-interior.com\/fr\/\"},{\"@type\":\"ListItem\",\"position\":2,\"name\":\"Produits\",\"item\":\"https:\/\/hubsch-interior.com\/fr\/shop-2\/\"},{\"@type\":\"ListItem\",\"position\":3,\"name\":\"Textiles\",\"item\":\"https:\/\/hubsch-interior.com\/fr\/categorie-produit\/textile\/\"},{\"@type\":\"ListItem\",\"position\":4,\"name\":\"Plaids\",\"item\":\"https:\/\/hubsch-interior.com\/fr\/categorie-produit\/textile\/plaids-fr\/\"},{\"@type\":\"ListItem\",\"position\":5,\"name\":\"Pavilion Plaid Block Coral\/\u00a0Multicolor\u00e9\"}]},{\"@type\":\"WebSite\",\"@id\":\"https:\/\/hubsch-interior.com\/fr\/#website\",\"url\":\"https:\/\/hubsch-interior.com\/fr\/\",\"name\":\"H\u00fcbsch\",\"description\":\"Danish Home Interior and Design\",\"publisher\":{\"@id\":\"https:\/\/hubsch-interior.com\/fr\/#organization\"},\"potentialAction\":[{\"@type\":\"SearchAction\",\"target\":{\"@type\":\"EntryPoint\",\"urlTemplate\":\"https:\/\/hubsch-interior.com\/fr\/?s={search_term_string}\"},\"query-input\":{\"@type\":\"PropertyValueSpecification\",\"valueRequired\":true,\"valueName\":\"search_term_string\"}}],\"inLanguage\":\"fr-FR\"},{\"@type\":\"Organization\",\"@id\":\"https:\/\/hubsch-interior.com\/fr\/#organization\",\"name\":\"H\u00fcbsch\",\"url\":\"https:\/\/hubsch-interior.com\/fr\/\",\"logo\":{\"@type\":\"ImageObject\",\"inLanguage\":\"fr-FR\",\"@id\":\"https:\/\/hubsch-interior.com\/fr\/#\/schema\/logo\/image\/\",\"url\":\"https:\/\/hubsch-interior.com\/wp-content\/uploads\/2022\/12\/Hubsch_logo_black_one_line.svg\",\"contentUrl\":\"https:\/\/hubsch-interior.com\/wp-content\/uploads\/2022\/12\/Hubsch_logo_black_one_line.svg\",\"caption\":\"H\u00fcbsch\"},\"image\":{\"@id\":\"https:\/\/hubsch-interior.com\/fr\/#\/schema\/logo\/image\/\"}}]}<\/script>\n<!-- \/ Yoast SEO plugin. -->","yoast_head_json":{"title":"Pavilion Plaid Block Coral\/\u00a0Multicolor\u00e9 - H\u00fcbsch","description":"D\u00e9couvrez le Plaid Pavilion, un tissage splendide de teintes corail et multicolores, con\u00e7u pour ajouter une touche de tons pastel \u00e0 votre d\u00e9tente","robots":{"index":"index","follow":"follow","max-snippet":"max-snippet:-1","max-image-preview":"max-image-preview:large","max-video-preview":"max-video-preview:-1"},"canonical":"https:\/\/hubsch-interior.com\/fr\/wp-json\/wp\/v2\/product\/1058025","og_locale":"fr_FR","og_type":"article","og_title":"Pavilion Plaid Block Coral\/\u00a0Multicolor\u00e9 - H\u00fcbsch","og_description":"D\u00e9couvrez le Plaid Pavilion, un tissage splendide de teintes corail et multicolores, con\u00e7u pour ajouter une touche de tons pastel \u00e0 votre d\u00e9tente","og_url":"https:\/\/hubsch-interior.com\/fr\/produit\/pavilion-plaid-block-coral-multicolore\/","og_site_name":"H\u00fcbsch","article_modified_time":"2026-04-05T02:43:11+00:00","og_image":[{"width":1024,"height":1024,"url":"https:\/\/hubsch-interior.com\/wp-content\/uploads\/2026\/02\/pavilion-plaid-block-coralmulticolour-333838b705f6d369c84f5227a92fbde8.jpg","type":"image\/jpeg"}],"twitter_card":"summary_large_image","schema":{"@context":"https:\/\/schema.org","@graph":[{"@type":"WebPage","@id":"https:\/\/hubsch-interior.com\/fr\/produit\/pavilion-plaid-block-coral-multicolore\/","url":"https:\/\/hubsch-interior.com\/fr\/produit\/pavilion-plaid-block-coral-multicolore\/","name":"Pavilion Plaid Block Coral\/\u00a0Multicolor\u00e9 - H\u00fcbsch","isPartOf":{"@id":"https:\/\/hubsch-interior.com\/fr\/#website"},"primaryImageOfPage":{"@id":"https:\/\/hubsch-interior.com\/fr\/produit\/pavilion-plaid-block-coral-multicolore\/#primaryimage"},"image":{"@id":"https:\/\/hubsch-interior.com\/fr\/produit\/pavilion-plaid-block-coral-multicolore\/#primaryimage"},"thumbnailUrl":"https:\/\/hubsch-interior.com\/wp-content\/uploads\/2026\/02\/pavilion-plaid-block-coralmulticolour-333838b705f6d369c84f5227a92fbde8.jpg","datePublished":"2025-05-19T11:15:57+00:00","dateModified":"2026-04-05T02:43:11+00:00","description":"D\u00e9couvrez le Plaid Pavilion, un tissage splendide de teintes corail et multicolores, con\u00e7u pour ajouter une touche de tons pastel \u00e0 votre d\u00e9tente","breadcrumb":{"@id":"https:\/\/hubsch-interior.com\/fr\/produit\/pavilion-plaid-block-coral-multicolore\/#breadcrumb"},"inLanguage":"fr-FR","potentialAction":[{"@type":"ReadAction","target":["https:\/\/hubsch-interior.com\/fr\/produit\/pavilion-plaid-block-coral-multicolore\/"]}]},{"@type":"ImageObject","inLanguage":"fr-FR","@id":"https:\/\/hubsch-interior.com\/fr\/produit\/pavilion-plaid-block-coral-multicolore\/#primaryimage","url":"https:\/\/hubsch-interior.com\/wp-content\/uploads\/2026\/02\/pavilion-plaid-block-coralmulticolour-333838b705f6d369c84f5227a92fbde8.jpg","contentUrl":"https:\/\/hubsch-interior.com\/wp-content\/uploads\/2026\/02\/pavilion-plaid-block-coralmulticolour-333838b705f6d369c84f5227a92fbde8.jpg","width":1024,"height":1024},{"@type":"BreadcrumbList","@id":"https:\/\/hubsch-interior.com\/fr\/produit\/pavilion-plaid-block-coral-multicolore\/#breadcrumb","itemListElement":[{"@type":"ListItem","position":1,"name":"Page d'accueil","item":"https:\/\/hubsch-interior.com\/fr\/"},{"@type":"ListItem","position":2,"name":"Produits","item":"https:\/\/hubsch-interior.com\/fr\/shop-2\/"},{"@type":"ListItem","position":3,"name":"Textiles","item":"https:\/\/hubsch-interior.com\/fr\/categorie-produit\/textile\/"},{"@type":"ListItem","position":4,"name":"Plaids","item":"https:\/\/hubsch-interior.com\/fr\/categorie-produit\/textile\/plaids-fr\/"},{"@type":"ListItem","position":5,"name":"Pavilion Plaid Block Coral\/\u00a0Multicolor\u00e9"}]},{"@type":"WebSite","@id":"https:\/\/hubsch-interior.com\/fr\/#website","url":"https:\/\/hubsch-interior.com\/fr\/","name":"H\u00fcbsch","description":"Danish Home Interior and Design","publisher":{"@id":"https:\/\/hubsch-interior.com\/fr\/#organization"},"potentialAction":[{"@type":"SearchAction","target":{"@type":"EntryPoint","urlTemplate":"https:\/\/hubsch-interior.com\/fr\/?s={search_term_string}"},"query-input":{"@type":"PropertyValueSpecification","valueRequired":true,"valueName":"search_term_string"}}],"inLanguage":"fr-FR"},{"@type":"Organization","@id":"https:\/\/hubsch-interior.com\/fr\/#organization","name":"H\u00fcbsch","url":"https:\/\/hubsch-interior.com\/fr\/","logo":{"@type":"ImageObject","inLanguage":"fr-FR","@id":"https:\/\/hubsch-interior.com\/fr\/#\/schema\/logo\/image\/","url":"https:\/\/hubsch-interior.com\/wp-content\/uploads\/2022\/12\/Hubsch_logo_black_one_line.svg","contentUrl":"https:\/\/hubsch-interior.com\/wp-content\/uploads\/2022\/12\/Hubsch_logo_black_one_line.svg","caption":"H\u00fcbsch"},"image":{"@id":"https:\/\/hubsch-interior.com\/fr\/#\/schema\/logo\/image\/"}}]}},"_links":{"self":[{"href":"https:\/\/hubsch-interior.com\/fr\/wp-json\/wp\/v2\/product\/1058025","targetHints":{"allow":["GET"]}}],"collection":[{"href":"https:\/\/hubsch-interior.com\/fr\/wp-json\/wp\/v2\/product"}],"about":[{"href":"https:\/\/hubsch-interior.com\/fr\/wp-json\/wp\/v2\/types\/product"}],"wp:featuredmedia":[{"embeddable":true,"href":"https:\/\/hubsch-interior.com\/fr\/wp-json\/wp\/v2\/media\/1100528"}],"wp:attachment":[{"href":"https:\/\/hubsch-interior.com\/fr\/wp-json\/wp\/v2\/media?parent=1058025"}],"wp:term":[{"taxonomy":"product_brand","embeddable":true,"href":"https:\/\/hubsch-interior.com\/fr\/wp-json\/wp\/v2\/product_brand?post=1058025"},{"taxonomy":"product_cat","embeddable":true,"href":"https:\/\/hubsch-interior.com\/fr\/wp-json\/wp\/v2\/product_cat?post=1058025"},{"taxonomy":"product_tag","embeddable":true,"href":"https:\/\/hubsch-interior.com\/fr\/wp-json\/wp\/v2\/product_tag?post=1058025"}],"curies":[{"name":"wp","href":"https:\/\/api.w.org\/{rel}","templated":true}]}}