{"id":1064241,"date":"2025-07-01T09:15:17","date_gmt":"2025-07-01T07:15:17","guid":{"rendered":"https:\/\/hubsch-interior.com\/product\/product\/"},"modified":"2026-04-09T04:21:20","modified_gmt":"2026-04-09T02:21:20","slug":"haze-fauteuil-lounge-marron-fonce","status":"publish","type":"product","link":"https:\/\/hubsch-interior.com\/fr\/produit\/haze-fauteuil-lounge-marron-fonce\/","title":{"rendered":"Haze Fauteuil lounge \u00a0Marron Fonc\u00e9"},"content":{"rendered":"<p>Pr\u00e9sentation du Haze Fauteuil lounge, l&#8217;incarnation d&#8217;un style classique rehauss\u00e9 d&#8217;une touche moderne, con\u00e7u sur mesure pour votre salon. Cette variante exquise, en brun fonc\u00e9 riche, est fabriqu\u00e9e \u00e0 partir de bois de ch\u00eane certifi\u00e9 FSC avec une somptueuse garniture en polyester, garantissant non seulement un confort optimal, mais aussi la certification OEKO-TEX\u00ae STANDARD 100. Disponible en trois styles distincts, ce fauteuil offre un m\u00e9lange harmonieux de charme \u00e0 l&#8217;ancienne et d&#8217;\u00e9l\u00e9gance contemporaine, en faisant un ajout intemporel \u00e0 votre int\u00e9rieur.<\/p>\n","protected":false},"excerpt":{"rendered":"<p>Pr\u00e9sentation du Haze Fauteuil lounge, l&#8217;incarnation d&#8217;un style classique rehauss\u00e9 d&#8217;une touche moderne, con\u00e7u sur mesure pour votre salon. Cette variante exquise, en brun fonc\u00e9 riche, est fabriqu\u00e9e \u00e0 partir de bois de ch\u00eane certifi\u00e9 FSC avec une somptueuse garniture en polyester, garantissant non seulement un confort optimal, mais aussi la certification OEKO-TEX\u00ae STANDARD 100. [&hellip;]<\/p>\n","protected":false},"featured_media":1094605,"template":"","meta":{"_acf_changed":false,"inline_featured_image":false},"product_brand":[],"product_cat":[6939,6997,6322,2843,3023],"product_tag":[],"class_list":{"0":"post-1064241","1":"product","2":"type-product","3":"status-publish","4":"has-post-thumbnail","6":"product_cat-additions-fr","7":"product_cat-the-buzz-fr","8":"product_cat-fsc-fr","9":"product_cat-assises-fr","10":"product_cat-fauteuils-lounge-fr","11":"product_shipping_class-p10","13":"pa_color-marron-fonc","14":"pa_material-polyester-100-fr","15":"pa_material-bois-de-chne-2","17":"first","18":"instock","19":"taxable","20":"shipping-taxable","21":"purchasable","22":"product-type-simple"},"exclude_global_add_ons":[],"addons":[],"acf":[],"yoast_head":"<!-- This site is optimized with the Yoast SEO plugin v26.4 - https:\/\/yoast.com\/wordpress\/plugins\/seo\/ -->\n<title>Haze Fauteuil lounge \u00a0Marron Fonc\u00e9 - H\u00fcbsch<\/title>\n<meta name=\"description\" content=\"Pr\u00e9sentation du Haze Fauteuil lounge, l&#039;incarnation d&#039;un style classique rehauss\u00e9 d&#039;une touche moderne, con\u00e7u sur mesure pour votre salon. Cette variante\" \/>\n<meta name=\"robots\" content=\"index, follow, max-snippet:-1, max-image-preview:large, max-video-preview:-1\" \/>\n<link rel=\"canonical\" href=\"https:\/\/hubsch-interior.com\/fr\/wp-json\/wp\/v2\/product\/1064241\" \/>\n<meta property=\"og:locale\" content=\"fr_FR\" \/>\n<meta property=\"og:type\" content=\"article\" \/>\n<meta property=\"og:title\" content=\"Haze Fauteuil lounge \u00a0Marron Fonc\u00e9 - H\u00fcbsch\" \/>\n<meta property=\"og:description\" content=\"Pr\u00e9sentation du Haze Fauteuil lounge, l&#039;incarnation d&#039;un style classique rehauss\u00e9 d&#039;une touche moderne, con\u00e7u sur mesure pour votre salon. Cette variante\" \/>\n<meta property=\"og:url\" content=\"https:\/\/hubsch-interior.com\/fr\/produit\/haze-fauteuil-lounge-marron-fonce\/\" \/>\n<meta property=\"og:site_name\" content=\"H\u00fcbsch\" \/>\n<meta property=\"article:modified_time\" content=\"2026-04-09T02:21:20+00:00\" \/>\n<meta property=\"og:image\" content=\"https:\/\/hubsch-interior.com\/wp-content\/uploads\/2025\/07\/haze-lounge-chair-dark-brown-21a3ad115f59c7c586228b221ae6f4cc.jpg\" \/>\n\t<meta property=\"og:image:width\" content=\"1200\" \/>\n\t<meta property=\"og:image:height\" content=\"1200\" \/>\n\t<meta property=\"og:image:type\" content=\"image\/jpeg\" \/>\n<meta name=\"twitter:card\" content=\"summary_large_image\" \/>\n<script type=\"application\/ld+json\" class=\"yoast-schema-graph\">{\"@context\":\"https:\/\/schema.org\",\"@graph\":[{\"@type\":\"WebPage\",\"@id\":\"https:\/\/hubsch-interior.com\/fr\/produit\/haze-fauteuil-lounge-marron-fonce\/\",\"url\":\"https:\/\/hubsch-interior.com\/fr\/produit\/haze-fauteuil-lounge-marron-fonce\/\",\"name\":\"Haze Fauteuil lounge \u00a0Marron Fonc\u00e9 - H\u00fcbsch\",\"isPartOf\":{\"@id\":\"https:\/\/hubsch-interior.com\/fr\/#website\"},\"primaryImageOfPage\":{\"@id\":\"https:\/\/hubsch-interior.com\/fr\/produit\/haze-fauteuil-lounge-marron-fonce\/#primaryimage\"},\"image\":{\"@id\":\"https:\/\/hubsch-interior.com\/fr\/produit\/haze-fauteuil-lounge-marron-fonce\/#primaryimage\"},\"thumbnailUrl\":\"https:\/\/hubsch-interior.com\/wp-content\/uploads\/2026\/02\/haze-lounge-chair-dark-brown-ec27eb5e607fadb86fefd682fce754f2.jpg\",\"datePublished\":\"2025-07-01T07:15:17+00:00\",\"dateModified\":\"2026-04-09T02:21:20+00:00\",\"description\":\"Pr\u00e9sentation du Haze Fauteuil lounge, l'incarnation d'un style classique rehauss\u00e9 d'une touche moderne, con\u00e7u sur mesure pour votre salon. Cette variante\",\"breadcrumb\":{\"@id\":\"https:\/\/hubsch-interior.com\/fr\/produit\/haze-fauteuil-lounge-marron-fonce\/#breadcrumb\"},\"inLanguage\":\"fr-FR\",\"potentialAction\":[{\"@type\":\"ReadAction\",\"target\":[\"https:\/\/hubsch-interior.com\/fr\/produit\/haze-fauteuil-lounge-marron-fonce\/\"]}]},{\"@type\":\"ImageObject\",\"inLanguage\":\"fr-FR\",\"@id\":\"https:\/\/hubsch-interior.com\/fr\/produit\/haze-fauteuil-lounge-marron-fonce\/#primaryimage\",\"url\":\"https:\/\/hubsch-interior.com\/wp-content\/uploads\/2026\/02\/haze-lounge-chair-dark-brown-ec27eb5e607fadb86fefd682fce754f2.jpg\",\"contentUrl\":\"https:\/\/hubsch-interior.com\/wp-content\/uploads\/2026\/02\/haze-lounge-chair-dark-brown-ec27eb5e607fadb86fefd682fce754f2.jpg\",\"width\":1024,\"height\":1024},{\"@type\":\"BreadcrumbList\",\"@id\":\"https:\/\/hubsch-interior.com\/fr\/produit\/haze-fauteuil-lounge-marron-fonce\/#breadcrumb\",\"itemListElement\":[{\"@type\":\"ListItem\",\"position\":1,\"name\":\"Page d'accueil\",\"item\":\"https:\/\/hubsch-interior.com\/fr\/\"},{\"@type\":\"ListItem\",\"position\":2,\"name\":\"Produits\",\"item\":\"https:\/\/hubsch-interior.com\/fr\/shop-2\/\"},{\"@type\":\"ListItem\",\"position\":3,\"name\":\"Meubles\",\"item\":\"https:\/\/hubsch-interior.com\/fr\/categorie-produit\/meubles\/\"},{\"@type\":\"ListItem\",\"position\":4,\"name\":\"Assises\",\"item\":\"https:\/\/hubsch-interior.com\/fr\/categorie-produit\/meubles\/assises-fr\/\"},{\"@type\":\"ListItem\",\"position\":5,\"name\":\"Fauteuils lounge\",\"item\":\"https:\/\/hubsch-interior.com\/fr\/categorie-produit\/meubles\/assises-fr\/fauteuils-lounge-fr\/\"},{\"@type\":\"ListItem\",\"position\":6,\"name\":\"Haze Fauteuil lounge \u00a0Marron Fonc\u00e9\"}]},{\"@type\":\"WebSite\",\"@id\":\"https:\/\/hubsch-interior.com\/fr\/#website\",\"url\":\"https:\/\/hubsch-interior.com\/fr\/\",\"name\":\"H\u00fcbsch\",\"description\":\"Danish Home Interior and Design\",\"publisher\":{\"@id\":\"https:\/\/hubsch-interior.com\/fr\/#organization\"},\"potentialAction\":[{\"@type\":\"SearchAction\",\"target\":{\"@type\":\"EntryPoint\",\"urlTemplate\":\"https:\/\/hubsch-interior.com\/fr\/?s={search_term_string}\"},\"query-input\":{\"@type\":\"PropertyValueSpecification\",\"valueRequired\":true,\"valueName\":\"search_term_string\"}}],\"inLanguage\":\"fr-FR\"},{\"@type\":\"Organization\",\"@id\":\"https:\/\/hubsch-interior.com\/fr\/#organization\",\"name\":\"H\u00fcbsch\",\"url\":\"https:\/\/hubsch-interior.com\/fr\/\",\"logo\":{\"@type\":\"ImageObject\",\"inLanguage\":\"fr-FR\",\"@id\":\"https:\/\/hubsch-interior.com\/fr\/#\/schema\/logo\/image\/\",\"url\":\"https:\/\/hubsch-interior.com\/wp-content\/uploads\/2022\/12\/Hubsch_logo_black_one_line.svg\",\"contentUrl\":\"https:\/\/hubsch-interior.com\/wp-content\/uploads\/2022\/12\/Hubsch_logo_black_one_line.svg\",\"caption\":\"H\u00fcbsch\"},\"image\":{\"@id\":\"https:\/\/hubsch-interior.com\/fr\/#\/schema\/logo\/image\/\"}}]}<\/script>\n<!-- \/ Yoast SEO plugin. -->","yoast_head_json":{"title":"Haze Fauteuil lounge \u00a0Marron Fonc\u00e9 - H\u00fcbsch","description":"Pr\u00e9sentation du Haze Fauteuil lounge, l'incarnation d'un style classique rehauss\u00e9 d'une touche moderne, con\u00e7u sur mesure pour votre salon. Cette variante","robots":{"index":"index","follow":"follow","max-snippet":"max-snippet:-1","max-image-preview":"max-image-preview:large","max-video-preview":"max-video-preview:-1"},"canonical":"https:\/\/hubsch-interior.com\/fr\/wp-json\/wp\/v2\/product\/1064241","og_locale":"fr_FR","og_type":"article","og_title":"Haze Fauteuil lounge \u00a0Marron Fonc\u00e9 - H\u00fcbsch","og_description":"Pr\u00e9sentation du Haze Fauteuil lounge, l'incarnation d'un style classique rehauss\u00e9 d'une touche moderne, con\u00e7u sur mesure pour votre salon. Cette variante","og_url":"https:\/\/hubsch-interior.com\/fr\/produit\/haze-fauteuil-lounge-marron-fonce\/","og_site_name":"H\u00fcbsch","article_modified_time":"2026-04-09T02:21:20+00:00","og_image":[{"width":1200,"height":1200,"url":"https:\/\/hubsch-interior.com\/wp-content\/uploads\/2025\/07\/haze-lounge-chair-dark-brown-21a3ad115f59c7c586228b221ae6f4cc.jpg","type":"image\/jpeg"}],"twitter_card":"summary_large_image","schema":{"@context":"https:\/\/schema.org","@graph":[{"@type":"WebPage","@id":"https:\/\/hubsch-interior.com\/fr\/produit\/haze-fauteuil-lounge-marron-fonce\/","url":"https:\/\/hubsch-interior.com\/fr\/produit\/haze-fauteuil-lounge-marron-fonce\/","name":"Haze Fauteuil lounge \u00a0Marron Fonc\u00e9 - H\u00fcbsch","isPartOf":{"@id":"https:\/\/hubsch-interior.com\/fr\/#website"},"primaryImageOfPage":{"@id":"https:\/\/hubsch-interior.com\/fr\/produit\/haze-fauteuil-lounge-marron-fonce\/#primaryimage"},"image":{"@id":"https:\/\/hubsch-interior.com\/fr\/produit\/haze-fauteuil-lounge-marron-fonce\/#primaryimage"},"thumbnailUrl":"https:\/\/hubsch-interior.com\/wp-content\/uploads\/2026\/02\/haze-lounge-chair-dark-brown-ec27eb5e607fadb86fefd682fce754f2.jpg","datePublished":"2025-07-01T07:15:17+00:00","dateModified":"2026-04-09T02:21:20+00:00","description":"Pr\u00e9sentation du Haze Fauteuil lounge, l'incarnation d'un style classique rehauss\u00e9 d'une touche moderne, con\u00e7u sur mesure pour votre salon. Cette variante","breadcrumb":{"@id":"https:\/\/hubsch-interior.com\/fr\/produit\/haze-fauteuil-lounge-marron-fonce\/#breadcrumb"},"inLanguage":"fr-FR","potentialAction":[{"@type":"ReadAction","target":["https:\/\/hubsch-interior.com\/fr\/produit\/haze-fauteuil-lounge-marron-fonce\/"]}]},{"@type":"ImageObject","inLanguage":"fr-FR","@id":"https:\/\/hubsch-interior.com\/fr\/produit\/haze-fauteuil-lounge-marron-fonce\/#primaryimage","url":"https:\/\/hubsch-interior.com\/wp-content\/uploads\/2026\/02\/haze-lounge-chair-dark-brown-ec27eb5e607fadb86fefd682fce754f2.jpg","contentUrl":"https:\/\/hubsch-interior.com\/wp-content\/uploads\/2026\/02\/haze-lounge-chair-dark-brown-ec27eb5e607fadb86fefd682fce754f2.jpg","width":1024,"height":1024},{"@type":"BreadcrumbList","@id":"https:\/\/hubsch-interior.com\/fr\/produit\/haze-fauteuil-lounge-marron-fonce\/#breadcrumb","itemListElement":[{"@type":"ListItem","position":1,"name":"Page d'accueil","item":"https:\/\/hubsch-interior.com\/fr\/"},{"@type":"ListItem","position":2,"name":"Produits","item":"https:\/\/hubsch-interior.com\/fr\/shop-2\/"},{"@type":"ListItem","position":3,"name":"Meubles","item":"https:\/\/hubsch-interior.com\/fr\/categorie-produit\/meubles\/"},{"@type":"ListItem","position":4,"name":"Assises","item":"https:\/\/hubsch-interior.com\/fr\/categorie-produit\/meubles\/assises-fr\/"},{"@type":"ListItem","position":5,"name":"Fauteuils lounge","item":"https:\/\/hubsch-interior.com\/fr\/categorie-produit\/meubles\/assises-fr\/fauteuils-lounge-fr\/"},{"@type":"ListItem","position":6,"name":"Haze Fauteuil lounge \u00a0Marron Fonc\u00e9"}]},{"@type":"WebSite","@id":"https:\/\/hubsch-interior.com\/fr\/#website","url":"https:\/\/hubsch-interior.com\/fr\/","name":"H\u00fcbsch","description":"Danish Home Interior and Design","publisher":{"@id":"https:\/\/hubsch-interior.com\/fr\/#organization"},"potentialAction":[{"@type":"SearchAction","target":{"@type":"EntryPoint","urlTemplate":"https:\/\/hubsch-interior.com\/fr\/?s={search_term_string}"},"query-input":{"@type":"PropertyValueSpecification","valueRequired":true,"valueName":"search_term_string"}}],"inLanguage":"fr-FR"},{"@type":"Organization","@id":"https:\/\/hubsch-interior.com\/fr\/#organization","name":"H\u00fcbsch","url":"https:\/\/hubsch-interior.com\/fr\/","logo":{"@type":"ImageObject","inLanguage":"fr-FR","@id":"https:\/\/hubsch-interior.com\/fr\/#\/schema\/logo\/image\/","url":"https:\/\/hubsch-interior.com\/wp-content\/uploads\/2022\/12\/Hubsch_logo_black_one_line.svg","contentUrl":"https:\/\/hubsch-interior.com\/wp-content\/uploads\/2022\/12\/Hubsch_logo_black_one_line.svg","caption":"H\u00fcbsch"},"image":{"@id":"https:\/\/hubsch-interior.com\/fr\/#\/schema\/logo\/image\/"}}]}},"_links":{"self":[{"href":"https:\/\/hubsch-interior.com\/fr\/wp-json\/wp\/v2\/product\/1064241","targetHints":{"allow":["GET"]}}],"collection":[{"href":"https:\/\/hubsch-interior.com\/fr\/wp-json\/wp\/v2\/product"}],"about":[{"href":"https:\/\/hubsch-interior.com\/fr\/wp-json\/wp\/v2\/types\/product"}],"wp:featuredmedia":[{"embeddable":true,"href":"https:\/\/hubsch-interior.com\/fr\/wp-json\/wp\/v2\/media\/1094605"}],"wp:attachment":[{"href":"https:\/\/hubsch-interior.com\/fr\/wp-json\/wp\/v2\/media?parent=1064241"}],"wp:term":[{"taxonomy":"product_brand","embeddable":true,"href":"https:\/\/hubsch-interior.com\/fr\/wp-json\/wp\/v2\/product_brand?post=1064241"},{"taxonomy":"product_cat","embeddable":true,"href":"https:\/\/hubsch-interior.com\/fr\/wp-json\/wp\/v2\/product_cat?post=1064241"},{"taxonomy":"product_tag","embeddable":true,"href":"https:\/\/hubsch-interior.com\/fr\/wp-json\/wp\/v2\/product_tag?post=1064241"}],"curies":[{"name":"wp","href":"https:\/\/api.w.org\/{rel}","templated":true}]}}