{"id":1070935,"date":"2025-09-25T13:09:49","date_gmt":"2025-09-25T11:09:49","guid":{"rendered":"https:\/\/hubsch-interior.com\/product\/product\/"},"modified":"2026-04-09T04:32:54","modified_gmt":"2026-04-09T02:32:54","slug":"block-bougeoirs-marron-green-gray-rouge-pale-set-de-2","status":"publish","type":"product","link":"https:\/\/hubsch-interior.com\/fr\/produit\/block-bougeoirs-marron-green-gray-rouge-pale-set-de-2\/","title":{"rendered":"Block Bougeoirs Marron\/Green &#038; Gray\/Rouge P\u00e2le (set de 2)"},"content":{"rendered":"<p>Ajoutez une touche d&#8217;\u00e9l\u00e9gance et une touche de couleur \u00e0 votre d\u00e9coration avec nos exquis Block Bougeoirs. Fabriqu\u00e9s \u00e0 partir du meilleur cristal, ces pi\u00e8ces sont propos\u00e9es dans des combinaisons de couleurs soigneusement choisies de brun et vert, ou de gris et rose, garantissant qu&#8217;elles compl\u00e8tent n&#8217;importe quelle pi\u00e8ce avec un attrait subtil mais frappant. Parfaits pour cr\u00e9er une atmosph\u00e8re chaleureuse et accueillante lors des d\u00eeners ou simplement pour am\u00e9liorer l&#8217;ambiance de votre espace personnel. Faites briller chaque coin de votre maison avec sophistication et style.<\/p>\n","protected":false},"excerpt":{"rendered":"<p>Ajoutez une touche d&#8217;\u00e9l\u00e9gance et une touche de couleur \u00e0 votre d\u00e9coration avec nos exquis Block Bougeoirs. Fabriqu\u00e9s \u00e0 partir du meilleur cristal, ces pi\u00e8ces sont propos\u00e9es dans des combinaisons de couleurs soigneusement choisies de brun et vert, ou de gris et rose, garantissant qu&#8217;elles compl\u00e8tent n&#8217;importe quelle pi\u00e8ce avec un attrait subtil mais frappant. [&hellip;]<\/p>\n","protected":false},"featured_media":1097582,"template":"","meta":{"_acf_changed":false,"inline_featured_image":false},"product_brand":[],"product_cat":[6939,4065,4066,5026,6535,6971,6997],"product_tag":[],"class_list":{"0":"post-1070935","1":"product","2":"type-product","3":"status-publish","4":"has-post-thumbnail","6":"product_cat-additions-fr","7":"product_cat-bougeoirs-lanternes-fr","8":"product_cat-bougeoirs-et-photophores-fr","9":"product_cat-bestsellers-fr","10":"product_cat-outlet-fr","11":"product_cat-paques","12":"product_cat-the-buzz-fr","13":"product_shipping_class-pk","15":"pa_color-marron","16":"pa_color-rouge-ple-2","17":"pa_material-cristal-fr","19":"first","20":"instock","21":"sale","22":"featured","23":"taxable","24":"shipping-taxable","25":"purchasable","26":"product-type-simple"},"exclude_global_add_ons":[],"addons":[],"acf":[],"yoast_head":"<!-- This site is optimized with the Yoast SEO plugin v26.4 - https:\/\/yoast.com\/wordpress\/plugins\/seo\/ -->\n<title>Block Bougeoirs Marron\/Green &amp; Gray\/Rouge P\u00e2le (set de 2) - H\u00fcbsch<\/title>\n<meta name=\"description\" content=\"Ajoutez une touche d&#039;\u00e9l\u00e9gance et une touche de couleur \u00e0 votre d\u00e9coration avec nos exquis Block Bougeoirs. Fabriqu\u00e9s \u00e0 partir du meilleur cristal, ces\" \/>\n<meta name=\"robots\" content=\"index, follow, max-snippet:-1, max-image-preview:large, max-video-preview:-1\" \/>\n<link rel=\"canonical\" href=\"https:\/\/hubsch-interior.com\/fr\/wp-json\/wp\/v2\/product\/1070935\" \/>\n<meta property=\"og:locale\" content=\"fr_FR\" \/>\n<meta property=\"og:type\" content=\"article\" \/>\n<meta property=\"og:title\" content=\"Block Bougeoirs Marron\/Green &amp; Gray\/Rouge P\u00e2le (set de 2) - H\u00fcbsch\" \/>\n<meta property=\"og:description\" content=\"Ajoutez une touche d&#039;\u00e9l\u00e9gance et une touche de couleur \u00e0 votre d\u00e9coration avec nos exquis Block Bougeoirs. Fabriqu\u00e9s \u00e0 partir du meilleur cristal, ces\" \/>\n<meta property=\"og:url\" content=\"https:\/\/hubsch-interior.com\/fr\/produit\/block-bougeoirs-marron-green-gray-rouge-pale-set-de-2\/\" \/>\n<meta property=\"og:site_name\" content=\"H\u00fcbsch\" \/>\n<meta property=\"article:modified_time\" content=\"2026-04-09T02:32:54+00:00\" \/>\n<meta property=\"og:image\" content=\"https:\/\/hubsch-interior.com\/wp-content\/uploads\/2025\/09\/block-candleholders-browngreen-graypink-set-of-2-5aeb7807b8b77ddd44f95ab0824f1b63.jpg\" \/>\n\t<meta property=\"og:image:width\" content=\"1200\" \/>\n\t<meta property=\"og:image:height\" content=\"1200\" \/>\n\t<meta property=\"og:image:type\" content=\"image\/jpeg\" \/>\n<meta name=\"twitter:card\" content=\"summary_large_image\" \/>\n<script type=\"application\/ld+json\" class=\"yoast-schema-graph\">{\"@context\":\"https:\/\/schema.org\",\"@graph\":[{\"@type\":\"WebPage\",\"@id\":\"https:\/\/hubsch-interior.com\/fr\/produit\/block-bougeoirs-marron-green-gray-rouge-pale-set-de-2\/\",\"url\":\"https:\/\/hubsch-interior.com\/fr\/produit\/block-bougeoirs-marron-green-gray-rouge-pale-set-de-2\/\",\"name\":\"Block Bougeoirs Marron\/Green & Gray\/Rouge P\u00e2le (set de 2) - H\u00fcbsch\",\"isPartOf\":{\"@id\":\"https:\/\/hubsch-interior.com\/fr\/#website\"},\"primaryImageOfPage\":{\"@id\":\"https:\/\/hubsch-interior.com\/fr\/produit\/block-bougeoirs-marron-green-gray-rouge-pale-set-de-2\/#primaryimage\"},\"image\":{\"@id\":\"https:\/\/hubsch-interior.com\/fr\/produit\/block-bougeoirs-marron-green-gray-rouge-pale-set-de-2\/#primaryimage\"},\"thumbnailUrl\":\"https:\/\/hubsch-interior.com\/wp-content\/uploads\/2026\/02\/block-candleholders-browngreen-graypink-set-of-2-357ef2b91b5cd6bbd0fbb76ea61e8bc4.jpg\",\"datePublished\":\"2025-09-25T11:09:49+00:00\",\"dateModified\":\"2026-04-09T02:32:54+00:00\",\"description\":\"Ajoutez une touche d'\u00e9l\u00e9gance et une touche de couleur \u00e0 votre d\u00e9coration avec nos exquis Block Bougeoirs. Fabriqu\u00e9s \u00e0 partir du meilleur cristal, ces\",\"breadcrumb\":{\"@id\":\"https:\/\/hubsch-interior.com\/fr\/produit\/block-bougeoirs-marron-green-gray-rouge-pale-set-de-2\/#breadcrumb\"},\"inLanguage\":\"fr-FR\",\"potentialAction\":[{\"@type\":\"ReadAction\",\"target\":[\"https:\/\/hubsch-interior.com\/fr\/produit\/block-bougeoirs-marron-green-gray-rouge-pale-set-de-2\/\"]}]},{\"@type\":\"ImageObject\",\"inLanguage\":\"fr-FR\",\"@id\":\"https:\/\/hubsch-interior.com\/fr\/produit\/block-bougeoirs-marron-green-gray-rouge-pale-set-de-2\/#primaryimage\",\"url\":\"https:\/\/hubsch-interior.com\/wp-content\/uploads\/2026\/02\/block-candleholders-browngreen-graypink-set-of-2-357ef2b91b5cd6bbd0fbb76ea61e8bc4.jpg\",\"contentUrl\":\"https:\/\/hubsch-interior.com\/wp-content\/uploads\/2026\/02\/block-candleholders-browngreen-graypink-set-of-2-357ef2b91b5cd6bbd0fbb76ea61e8bc4.jpg\",\"width\":1024,\"height\":1024},{\"@type\":\"BreadcrumbList\",\"@id\":\"https:\/\/hubsch-interior.com\/fr\/produit\/block-bougeoirs-marron-green-gray-rouge-pale-set-de-2\/#breadcrumb\",\"itemListElement\":[{\"@type\":\"ListItem\",\"position\":1,\"name\":\"Page d'accueil\",\"item\":\"https:\/\/hubsch-interior.com\/fr\/\"},{\"@type\":\"ListItem\",\"position\":2,\"name\":\"Produits\",\"item\":\"https:\/\/hubsch-interior.com\/fr\/shop-2\/\"},{\"@type\":\"ListItem\",\"position\":3,\"name\":\"Accessoires maison\",\"item\":\"https:\/\/hubsch-interior.com\/fr\/categorie-produit\/accessoires-maison\/\"},{\"@type\":\"ListItem\",\"position\":4,\"name\":\"Bougeoirs &amp; lanternes\",\"item\":\"https:\/\/hubsch-interior.com\/fr\/categorie-produit\/accessoires-maison\/bougeoirs-lanternes-fr\/\"},{\"@type\":\"ListItem\",\"position\":5,\"name\":\"Bougeoirs et photophores\",\"item\":\"https:\/\/hubsch-interior.com\/fr\/categorie-produit\/accessoires-maison\/bougeoirs-lanternes-fr\/bougeoirs-et-photophores-fr\/\"},{\"@type\":\"ListItem\",\"position\":6,\"name\":\"Block Bougeoirs Marron\/Green &#038; Gray\/Rouge P\u00e2le (set de 2)\"}]},{\"@type\":\"WebSite\",\"@id\":\"https:\/\/hubsch-interior.com\/fr\/#website\",\"url\":\"https:\/\/hubsch-interior.com\/fr\/\",\"name\":\"H\u00fcbsch\",\"description\":\"Danish Home Interior and Design\",\"publisher\":{\"@id\":\"https:\/\/hubsch-interior.com\/fr\/#organization\"},\"potentialAction\":[{\"@type\":\"SearchAction\",\"target\":{\"@type\":\"EntryPoint\",\"urlTemplate\":\"https:\/\/hubsch-interior.com\/fr\/?s={search_term_string}\"},\"query-input\":{\"@type\":\"PropertyValueSpecification\",\"valueRequired\":true,\"valueName\":\"search_term_string\"}}],\"inLanguage\":\"fr-FR\"},{\"@type\":\"Organization\",\"@id\":\"https:\/\/hubsch-interior.com\/fr\/#organization\",\"name\":\"H\u00fcbsch\",\"url\":\"https:\/\/hubsch-interior.com\/fr\/\",\"logo\":{\"@type\":\"ImageObject\",\"inLanguage\":\"fr-FR\",\"@id\":\"https:\/\/hubsch-interior.com\/fr\/#\/schema\/logo\/image\/\",\"url\":\"https:\/\/hubsch-interior.com\/wp-content\/uploads\/2022\/12\/Hubsch_logo_black_one_line.svg\",\"contentUrl\":\"https:\/\/hubsch-interior.com\/wp-content\/uploads\/2022\/12\/Hubsch_logo_black_one_line.svg\",\"caption\":\"H\u00fcbsch\"},\"image\":{\"@id\":\"https:\/\/hubsch-interior.com\/fr\/#\/schema\/logo\/image\/\"}}]}<\/script>\n<!-- \/ Yoast SEO plugin. -->","yoast_head_json":{"title":"Block Bougeoirs Marron\/Green & Gray\/Rouge P\u00e2le (set de 2) - H\u00fcbsch","description":"Ajoutez une touche d'\u00e9l\u00e9gance et une touche de couleur \u00e0 votre d\u00e9coration avec nos exquis Block Bougeoirs. Fabriqu\u00e9s \u00e0 partir du meilleur cristal, ces","robots":{"index":"index","follow":"follow","max-snippet":"max-snippet:-1","max-image-preview":"max-image-preview:large","max-video-preview":"max-video-preview:-1"},"canonical":"https:\/\/hubsch-interior.com\/fr\/wp-json\/wp\/v2\/product\/1070935","og_locale":"fr_FR","og_type":"article","og_title":"Block Bougeoirs Marron\/Green & Gray\/Rouge P\u00e2le (set de 2) - H\u00fcbsch","og_description":"Ajoutez une touche d'\u00e9l\u00e9gance et une touche de couleur \u00e0 votre d\u00e9coration avec nos exquis Block Bougeoirs. Fabriqu\u00e9s \u00e0 partir du meilleur cristal, ces","og_url":"https:\/\/hubsch-interior.com\/fr\/produit\/block-bougeoirs-marron-green-gray-rouge-pale-set-de-2\/","og_site_name":"H\u00fcbsch","article_modified_time":"2026-04-09T02:32:54+00:00","og_image":[{"width":1200,"height":1200,"url":"https:\/\/hubsch-interior.com\/wp-content\/uploads\/2025\/09\/block-candleholders-browngreen-graypink-set-of-2-5aeb7807b8b77ddd44f95ab0824f1b63.jpg","type":"image\/jpeg"}],"twitter_card":"summary_large_image","schema":{"@context":"https:\/\/schema.org","@graph":[{"@type":"WebPage","@id":"https:\/\/hubsch-interior.com\/fr\/produit\/block-bougeoirs-marron-green-gray-rouge-pale-set-de-2\/","url":"https:\/\/hubsch-interior.com\/fr\/produit\/block-bougeoirs-marron-green-gray-rouge-pale-set-de-2\/","name":"Block Bougeoirs Marron\/Green & Gray\/Rouge P\u00e2le (set de 2) - H\u00fcbsch","isPartOf":{"@id":"https:\/\/hubsch-interior.com\/fr\/#website"},"primaryImageOfPage":{"@id":"https:\/\/hubsch-interior.com\/fr\/produit\/block-bougeoirs-marron-green-gray-rouge-pale-set-de-2\/#primaryimage"},"image":{"@id":"https:\/\/hubsch-interior.com\/fr\/produit\/block-bougeoirs-marron-green-gray-rouge-pale-set-de-2\/#primaryimage"},"thumbnailUrl":"https:\/\/hubsch-interior.com\/wp-content\/uploads\/2026\/02\/block-candleholders-browngreen-graypink-set-of-2-357ef2b91b5cd6bbd0fbb76ea61e8bc4.jpg","datePublished":"2025-09-25T11:09:49+00:00","dateModified":"2026-04-09T02:32:54+00:00","description":"Ajoutez une touche d'\u00e9l\u00e9gance et une touche de couleur \u00e0 votre d\u00e9coration avec nos exquis Block Bougeoirs. Fabriqu\u00e9s \u00e0 partir du meilleur cristal, ces","breadcrumb":{"@id":"https:\/\/hubsch-interior.com\/fr\/produit\/block-bougeoirs-marron-green-gray-rouge-pale-set-de-2\/#breadcrumb"},"inLanguage":"fr-FR","potentialAction":[{"@type":"ReadAction","target":["https:\/\/hubsch-interior.com\/fr\/produit\/block-bougeoirs-marron-green-gray-rouge-pale-set-de-2\/"]}]},{"@type":"ImageObject","inLanguage":"fr-FR","@id":"https:\/\/hubsch-interior.com\/fr\/produit\/block-bougeoirs-marron-green-gray-rouge-pale-set-de-2\/#primaryimage","url":"https:\/\/hubsch-interior.com\/wp-content\/uploads\/2026\/02\/block-candleholders-browngreen-graypink-set-of-2-357ef2b91b5cd6bbd0fbb76ea61e8bc4.jpg","contentUrl":"https:\/\/hubsch-interior.com\/wp-content\/uploads\/2026\/02\/block-candleholders-browngreen-graypink-set-of-2-357ef2b91b5cd6bbd0fbb76ea61e8bc4.jpg","width":1024,"height":1024},{"@type":"BreadcrumbList","@id":"https:\/\/hubsch-interior.com\/fr\/produit\/block-bougeoirs-marron-green-gray-rouge-pale-set-de-2\/#breadcrumb","itemListElement":[{"@type":"ListItem","position":1,"name":"Page d'accueil","item":"https:\/\/hubsch-interior.com\/fr\/"},{"@type":"ListItem","position":2,"name":"Produits","item":"https:\/\/hubsch-interior.com\/fr\/shop-2\/"},{"@type":"ListItem","position":3,"name":"Accessoires maison","item":"https:\/\/hubsch-interior.com\/fr\/categorie-produit\/accessoires-maison\/"},{"@type":"ListItem","position":4,"name":"Bougeoirs &amp; lanternes","item":"https:\/\/hubsch-interior.com\/fr\/categorie-produit\/accessoires-maison\/bougeoirs-lanternes-fr\/"},{"@type":"ListItem","position":5,"name":"Bougeoirs et photophores","item":"https:\/\/hubsch-interior.com\/fr\/categorie-produit\/accessoires-maison\/bougeoirs-lanternes-fr\/bougeoirs-et-photophores-fr\/"},{"@type":"ListItem","position":6,"name":"Block Bougeoirs Marron\/Green &#038; Gray\/Rouge P\u00e2le (set de 2)"}]},{"@type":"WebSite","@id":"https:\/\/hubsch-interior.com\/fr\/#website","url":"https:\/\/hubsch-interior.com\/fr\/","name":"H\u00fcbsch","description":"Danish Home Interior and Design","publisher":{"@id":"https:\/\/hubsch-interior.com\/fr\/#organization"},"potentialAction":[{"@type":"SearchAction","target":{"@type":"EntryPoint","urlTemplate":"https:\/\/hubsch-interior.com\/fr\/?s={search_term_string}"},"query-input":{"@type":"PropertyValueSpecification","valueRequired":true,"valueName":"search_term_string"}}],"inLanguage":"fr-FR"},{"@type":"Organization","@id":"https:\/\/hubsch-interior.com\/fr\/#organization","name":"H\u00fcbsch","url":"https:\/\/hubsch-interior.com\/fr\/","logo":{"@type":"ImageObject","inLanguage":"fr-FR","@id":"https:\/\/hubsch-interior.com\/fr\/#\/schema\/logo\/image\/","url":"https:\/\/hubsch-interior.com\/wp-content\/uploads\/2022\/12\/Hubsch_logo_black_one_line.svg","contentUrl":"https:\/\/hubsch-interior.com\/wp-content\/uploads\/2022\/12\/Hubsch_logo_black_one_line.svg","caption":"H\u00fcbsch"},"image":{"@id":"https:\/\/hubsch-interior.com\/fr\/#\/schema\/logo\/image\/"}}]}},"_links":{"self":[{"href":"https:\/\/hubsch-interior.com\/fr\/wp-json\/wp\/v2\/product\/1070935","targetHints":{"allow":["GET"]}}],"collection":[{"href":"https:\/\/hubsch-interior.com\/fr\/wp-json\/wp\/v2\/product"}],"about":[{"href":"https:\/\/hubsch-interior.com\/fr\/wp-json\/wp\/v2\/types\/product"}],"wp:featuredmedia":[{"embeddable":true,"href":"https:\/\/hubsch-interior.com\/fr\/wp-json\/wp\/v2\/media\/1097582"}],"wp:attachment":[{"href":"https:\/\/hubsch-interior.com\/fr\/wp-json\/wp\/v2\/media?parent=1070935"}],"wp:term":[{"taxonomy":"product_brand","embeddable":true,"href":"https:\/\/hubsch-interior.com\/fr\/wp-json\/wp\/v2\/product_brand?post=1070935"},{"taxonomy":"product_cat","embeddable":true,"href":"https:\/\/hubsch-interior.com\/fr\/wp-json\/wp\/v2\/product_cat?post=1070935"},{"taxonomy":"product_tag","embeddable":true,"href":"https:\/\/hubsch-interior.com\/fr\/wp-json\/wp\/v2\/product_tag?post=1070935"}],"curies":[{"name":"wp","href":"https:\/\/api.w.org\/{rel}","templated":true}]}}