{"id":1070967,"date":"2025-09-25T13:10:03","date_gmt":"2025-09-25T11:10:03","guid":{"rendered":"https:\/\/hubsch-interior.com\/product\/product\/"},"modified":"2026-04-09T04:33:00","modified_gmt":"2026-04-09T02:33:00","slug":"block-bougeoirs-vert-blue-orange-vert-set-de-2","status":"publish","type":"product","link":"https:\/\/hubsch-interior.com\/fr\/produit\/block-bougeoirs-vert-blue-orange-vert-set-de-2\/","title":{"rendered":"Block Bougeoirs Vert\/Blue &#038; Orange\/Vert (set de 2)"},"content":{"rendered":"<p>Laissez-vous s\u00e9duire par l&#8217;\u00e9l\u00e9gance pure de nos Block Bougeoirs, magnifiquement fa\u00e7onn\u00e9s en cristal. Ces pi\u00e8ces ne sont pas de simples porte-bougies, mais de v\u00e9ritables joyaux qui illuminent chaque pi\u00e8ce. Avec des combinaisons de couleurs soigneusement s\u00e9lectionn\u00e9es de vert\/bleu et orange\/vert, ils ajoutent une touche \u00e9clatante de couleur \u00e0 votre d\u00e9coration. Que vous organisiez un d\u00eener intime ou que vous profitiez simplement d&#8217;une soir\u00e9e tranquille, ces bougeoirs transforment les moments en souvenirs pr\u00e9cieux, brillant chaleureusement \u00e0 mesure que la nuit se d\u00e9voile. Rehaussez votre int\u00e9rieur avec ces accents captivants, o\u00f9 la beaut\u00e9 rencontre la fonctionnalit\u00e9 dans une danse de luminosit\u00e9.<\/p>\n","protected":false},"excerpt":{"rendered":"<p>Laissez-vous s\u00e9duire par l&#8217;\u00e9l\u00e9gance pure de nos Block Bougeoirs, magnifiquement fa\u00e7onn\u00e9s en cristal. Ces pi\u00e8ces ne sont pas de simples porte-bougies, mais de v\u00e9ritables joyaux qui illuminent chaque pi\u00e8ce. Avec des combinaisons de couleurs soigneusement s\u00e9lectionn\u00e9es de vert\/bleu et orange\/vert, ils ajoutent une touche \u00e9clatante de couleur \u00e0 votre d\u00e9coration. Que vous organisiez un d\u00eener [&hellip;]<\/p>\n","protected":false},"featured_media":1097602,"template":"","meta":{"_acf_changed":false,"inline_featured_image":false},"product_brand":[],"product_cat":[6939,4065,4066,6535,6971,6997],"product_tag":[],"class_list":{"0":"post-1070967","1":"product","2":"type-product","3":"status-publish","4":"has-post-thumbnail","6":"product_cat-additions-fr","7":"product_cat-bougeoirs-lanternes-fr","8":"product_cat-bougeoirs-et-photophores-fr","9":"product_cat-outlet-fr","10":"product_cat-paques","11":"product_cat-the-buzz-fr","12":"product_shipping_class-pk","14":"pa_color-vert-2","15":"pa_material-cristal-fr","17":"first","18":"instock","19":"sale","20":"taxable","21":"shipping-taxable","22":"purchasable","23":"product-type-simple"},"exclude_global_add_ons":[],"addons":[],"acf":[],"yoast_head":"<!-- This site is optimized with the Yoast SEO plugin v26.4 - https:\/\/yoast.com\/wordpress\/plugins\/seo\/ -->\n<title>Block Bougeoirs Vert\/Blue &amp; Orange\/Vert (set de 2) - H\u00fcbsch<\/title>\n<meta name=\"description\" content=\"Laissez-vous s\u00e9duire par l&#039;\u00e9l\u00e9gance pure de nos Block Bougeoirs, magnifiquement fa\u00e7onn\u00e9s en cristal. Ces pi\u00e8ces ne sont pas de simples porte-bougies, mais\" \/>\n<meta name=\"robots\" content=\"index, follow, max-snippet:-1, max-image-preview:large, max-video-preview:-1\" \/>\n<link rel=\"canonical\" href=\"https:\/\/hubsch-interior.com\/fr\/wp-json\/wp\/v2\/product\/1070967\" \/>\n<meta property=\"og:locale\" content=\"fr_FR\" \/>\n<meta property=\"og:type\" content=\"article\" \/>\n<meta property=\"og:title\" content=\"Block Bougeoirs Vert\/Blue &amp; Orange\/Vert (set de 2) - H\u00fcbsch\" \/>\n<meta property=\"og:description\" content=\"Laissez-vous s\u00e9duire par l&#039;\u00e9l\u00e9gance pure de nos Block Bougeoirs, magnifiquement fa\u00e7onn\u00e9s en cristal. Ces pi\u00e8ces ne sont pas de simples porte-bougies, mais\" \/>\n<meta property=\"og:url\" content=\"https:\/\/hubsch-interior.com\/fr\/produit\/block-bougeoirs-vert-blue-orange-vert-set-de-2\/\" \/>\n<meta property=\"og:site_name\" content=\"H\u00fcbsch\" \/>\n<meta property=\"article:modified_time\" content=\"2026-04-09T02:33:00+00:00\" \/>\n<meta property=\"og:image\" content=\"https:\/\/hubsch-interior.com\/wp-content\/uploads\/2025\/09\/block-candleholders-greenblue-orangegreen-set-of-2-0c91ea7985de428d7cf8b74e9f5ea4b1.jpg\" \/>\n\t<meta property=\"og:image:width\" content=\"1200\" \/>\n\t<meta property=\"og:image:height\" content=\"1200\" \/>\n\t<meta property=\"og:image:type\" content=\"image\/jpeg\" \/>\n<meta name=\"twitter:card\" content=\"summary_large_image\" \/>\n<meta name=\"twitter:label1\" content=\"Dur\u00e9e de lecture estim\u00e9e\" \/>\n\t<meta name=\"twitter:data1\" content=\"1 minute\" \/>\n<script type=\"application\/ld+json\" class=\"yoast-schema-graph\">{\"@context\":\"https:\/\/schema.org\",\"@graph\":[{\"@type\":\"WebPage\",\"@id\":\"https:\/\/hubsch-interior.com\/fr\/produit\/block-bougeoirs-vert-blue-orange-vert-set-de-2\/\",\"url\":\"https:\/\/hubsch-interior.com\/fr\/produit\/block-bougeoirs-vert-blue-orange-vert-set-de-2\/\",\"name\":\"Block Bougeoirs Vert\/Blue & Orange\/Vert (set de 2) - H\u00fcbsch\",\"isPartOf\":{\"@id\":\"https:\/\/hubsch-interior.com\/fr\/#website\"},\"primaryImageOfPage\":{\"@id\":\"https:\/\/hubsch-interior.com\/fr\/produit\/block-bougeoirs-vert-blue-orange-vert-set-de-2\/#primaryimage\"},\"image\":{\"@id\":\"https:\/\/hubsch-interior.com\/fr\/produit\/block-bougeoirs-vert-blue-orange-vert-set-de-2\/#primaryimage\"},\"thumbnailUrl\":\"https:\/\/hubsch-interior.com\/wp-content\/uploads\/2026\/02\/block-candleholders-greenblue-orangegreen-set-of-2-d737cb2cee86d08905f7818f20da5164.jpg\",\"datePublished\":\"2025-09-25T11:10:03+00:00\",\"dateModified\":\"2026-04-09T02:33:00+00:00\",\"description\":\"Laissez-vous s\u00e9duire par l'\u00e9l\u00e9gance pure de nos Block Bougeoirs, magnifiquement fa\u00e7onn\u00e9s en cristal. Ces pi\u00e8ces ne sont pas de simples porte-bougies, mais\",\"breadcrumb\":{\"@id\":\"https:\/\/hubsch-interior.com\/fr\/produit\/block-bougeoirs-vert-blue-orange-vert-set-de-2\/#breadcrumb\"},\"inLanguage\":\"fr-FR\",\"potentialAction\":[{\"@type\":\"ReadAction\",\"target\":[\"https:\/\/hubsch-interior.com\/fr\/produit\/block-bougeoirs-vert-blue-orange-vert-set-de-2\/\"]}]},{\"@type\":\"ImageObject\",\"inLanguage\":\"fr-FR\",\"@id\":\"https:\/\/hubsch-interior.com\/fr\/produit\/block-bougeoirs-vert-blue-orange-vert-set-de-2\/#primaryimage\",\"url\":\"https:\/\/hubsch-interior.com\/wp-content\/uploads\/2026\/02\/block-candleholders-greenblue-orangegreen-set-of-2-d737cb2cee86d08905f7818f20da5164.jpg\",\"contentUrl\":\"https:\/\/hubsch-interior.com\/wp-content\/uploads\/2026\/02\/block-candleholders-greenblue-orangegreen-set-of-2-d737cb2cee86d08905f7818f20da5164.jpg\",\"width\":1024,\"height\":1024},{\"@type\":\"BreadcrumbList\",\"@id\":\"https:\/\/hubsch-interior.com\/fr\/produit\/block-bougeoirs-vert-blue-orange-vert-set-de-2\/#breadcrumb\",\"itemListElement\":[{\"@type\":\"ListItem\",\"position\":1,\"name\":\"Page d'accueil\",\"item\":\"https:\/\/hubsch-interior.com\/fr\/\"},{\"@type\":\"ListItem\",\"position\":2,\"name\":\"Produits\",\"item\":\"https:\/\/hubsch-interior.com\/fr\/shop-2\/\"},{\"@type\":\"ListItem\",\"position\":3,\"name\":\"Accessoires maison\",\"item\":\"https:\/\/hubsch-interior.com\/fr\/categorie-produit\/accessoires-maison\/\"},{\"@type\":\"ListItem\",\"position\":4,\"name\":\"Bougeoirs &amp; lanternes\",\"item\":\"https:\/\/hubsch-interior.com\/fr\/categorie-produit\/accessoires-maison\/bougeoirs-lanternes-fr\/\"},{\"@type\":\"ListItem\",\"position\":5,\"name\":\"Bougeoirs et photophores\",\"item\":\"https:\/\/hubsch-interior.com\/fr\/categorie-produit\/accessoires-maison\/bougeoirs-lanternes-fr\/bougeoirs-et-photophores-fr\/\"},{\"@type\":\"ListItem\",\"position\":6,\"name\":\"Block Bougeoirs Vert\/Blue &#038; Orange\/Vert (set de 2)\"}]},{\"@type\":\"WebSite\",\"@id\":\"https:\/\/hubsch-interior.com\/fr\/#website\",\"url\":\"https:\/\/hubsch-interior.com\/fr\/\",\"name\":\"H\u00fcbsch\",\"description\":\"Danish Home Interior and Design\",\"publisher\":{\"@id\":\"https:\/\/hubsch-interior.com\/fr\/#organization\"},\"potentialAction\":[{\"@type\":\"SearchAction\",\"target\":{\"@type\":\"EntryPoint\",\"urlTemplate\":\"https:\/\/hubsch-interior.com\/fr\/?s={search_term_string}\"},\"query-input\":{\"@type\":\"PropertyValueSpecification\",\"valueRequired\":true,\"valueName\":\"search_term_string\"}}],\"inLanguage\":\"fr-FR\"},{\"@type\":\"Organization\",\"@id\":\"https:\/\/hubsch-interior.com\/fr\/#organization\",\"name\":\"H\u00fcbsch\",\"url\":\"https:\/\/hubsch-interior.com\/fr\/\",\"logo\":{\"@type\":\"ImageObject\",\"inLanguage\":\"fr-FR\",\"@id\":\"https:\/\/hubsch-interior.com\/fr\/#\/schema\/logo\/image\/\",\"url\":\"https:\/\/hubsch-interior.com\/wp-content\/uploads\/2022\/12\/Hubsch_logo_black_one_line.svg\",\"contentUrl\":\"https:\/\/hubsch-interior.com\/wp-content\/uploads\/2022\/12\/Hubsch_logo_black_one_line.svg\",\"caption\":\"H\u00fcbsch\"},\"image\":{\"@id\":\"https:\/\/hubsch-interior.com\/fr\/#\/schema\/logo\/image\/\"}}]}<\/script>\n<!-- \/ Yoast SEO plugin. -->","yoast_head_json":{"title":"Block Bougeoirs Vert\/Blue & Orange\/Vert (set de 2) - H\u00fcbsch","description":"Laissez-vous s\u00e9duire par l'\u00e9l\u00e9gance pure de nos Block Bougeoirs, magnifiquement fa\u00e7onn\u00e9s en cristal. Ces pi\u00e8ces ne sont pas de simples porte-bougies, mais","robots":{"index":"index","follow":"follow","max-snippet":"max-snippet:-1","max-image-preview":"max-image-preview:large","max-video-preview":"max-video-preview:-1"},"canonical":"https:\/\/hubsch-interior.com\/fr\/wp-json\/wp\/v2\/product\/1070967","og_locale":"fr_FR","og_type":"article","og_title":"Block Bougeoirs Vert\/Blue & Orange\/Vert (set de 2) - H\u00fcbsch","og_description":"Laissez-vous s\u00e9duire par l'\u00e9l\u00e9gance pure de nos Block Bougeoirs, magnifiquement fa\u00e7onn\u00e9s en cristal. Ces pi\u00e8ces ne sont pas de simples porte-bougies, mais","og_url":"https:\/\/hubsch-interior.com\/fr\/produit\/block-bougeoirs-vert-blue-orange-vert-set-de-2\/","og_site_name":"H\u00fcbsch","article_modified_time":"2026-04-09T02:33:00+00:00","og_image":[{"width":1200,"height":1200,"url":"https:\/\/hubsch-interior.com\/wp-content\/uploads\/2025\/09\/block-candleholders-greenblue-orangegreen-set-of-2-0c91ea7985de428d7cf8b74e9f5ea4b1.jpg","type":"image\/jpeg"}],"twitter_card":"summary_large_image","twitter_misc":{"Dur\u00e9e de lecture estim\u00e9e":"1 minute"},"schema":{"@context":"https:\/\/schema.org","@graph":[{"@type":"WebPage","@id":"https:\/\/hubsch-interior.com\/fr\/produit\/block-bougeoirs-vert-blue-orange-vert-set-de-2\/","url":"https:\/\/hubsch-interior.com\/fr\/produit\/block-bougeoirs-vert-blue-orange-vert-set-de-2\/","name":"Block Bougeoirs Vert\/Blue & Orange\/Vert (set de 2) - H\u00fcbsch","isPartOf":{"@id":"https:\/\/hubsch-interior.com\/fr\/#website"},"primaryImageOfPage":{"@id":"https:\/\/hubsch-interior.com\/fr\/produit\/block-bougeoirs-vert-blue-orange-vert-set-de-2\/#primaryimage"},"image":{"@id":"https:\/\/hubsch-interior.com\/fr\/produit\/block-bougeoirs-vert-blue-orange-vert-set-de-2\/#primaryimage"},"thumbnailUrl":"https:\/\/hubsch-interior.com\/wp-content\/uploads\/2026\/02\/block-candleholders-greenblue-orangegreen-set-of-2-d737cb2cee86d08905f7818f20da5164.jpg","datePublished":"2025-09-25T11:10:03+00:00","dateModified":"2026-04-09T02:33:00+00:00","description":"Laissez-vous s\u00e9duire par l'\u00e9l\u00e9gance pure de nos Block Bougeoirs, magnifiquement fa\u00e7onn\u00e9s en cristal. Ces pi\u00e8ces ne sont pas de simples porte-bougies, mais","breadcrumb":{"@id":"https:\/\/hubsch-interior.com\/fr\/produit\/block-bougeoirs-vert-blue-orange-vert-set-de-2\/#breadcrumb"},"inLanguage":"fr-FR","potentialAction":[{"@type":"ReadAction","target":["https:\/\/hubsch-interior.com\/fr\/produit\/block-bougeoirs-vert-blue-orange-vert-set-de-2\/"]}]},{"@type":"ImageObject","inLanguage":"fr-FR","@id":"https:\/\/hubsch-interior.com\/fr\/produit\/block-bougeoirs-vert-blue-orange-vert-set-de-2\/#primaryimage","url":"https:\/\/hubsch-interior.com\/wp-content\/uploads\/2026\/02\/block-candleholders-greenblue-orangegreen-set-of-2-d737cb2cee86d08905f7818f20da5164.jpg","contentUrl":"https:\/\/hubsch-interior.com\/wp-content\/uploads\/2026\/02\/block-candleholders-greenblue-orangegreen-set-of-2-d737cb2cee86d08905f7818f20da5164.jpg","width":1024,"height":1024},{"@type":"BreadcrumbList","@id":"https:\/\/hubsch-interior.com\/fr\/produit\/block-bougeoirs-vert-blue-orange-vert-set-de-2\/#breadcrumb","itemListElement":[{"@type":"ListItem","position":1,"name":"Page d'accueil","item":"https:\/\/hubsch-interior.com\/fr\/"},{"@type":"ListItem","position":2,"name":"Produits","item":"https:\/\/hubsch-interior.com\/fr\/shop-2\/"},{"@type":"ListItem","position":3,"name":"Accessoires maison","item":"https:\/\/hubsch-interior.com\/fr\/categorie-produit\/accessoires-maison\/"},{"@type":"ListItem","position":4,"name":"Bougeoirs &amp; lanternes","item":"https:\/\/hubsch-interior.com\/fr\/categorie-produit\/accessoires-maison\/bougeoirs-lanternes-fr\/"},{"@type":"ListItem","position":5,"name":"Bougeoirs et photophores","item":"https:\/\/hubsch-interior.com\/fr\/categorie-produit\/accessoires-maison\/bougeoirs-lanternes-fr\/bougeoirs-et-photophores-fr\/"},{"@type":"ListItem","position":6,"name":"Block Bougeoirs Vert\/Blue &#038; Orange\/Vert (set de 2)"}]},{"@type":"WebSite","@id":"https:\/\/hubsch-interior.com\/fr\/#website","url":"https:\/\/hubsch-interior.com\/fr\/","name":"H\u00fcbsch","description":"Danish Home Interior and Design","publisher":{"@id":"https:\/\/hubsch-interior.com\/fr\/#organization"},"potentialAction":[{"@type":"SearchAction","target":{"@type":"EntryPoint","urlTemplate":"https:\/\/hubsch-interior.com\/fr\/?s={search_term_string}"},"query-input":{"@type":"PropertyValueSpecification","valueRequired":true,"valueName":"search_term_string"}}],"inLanguage":"fr-FR"},{"@type":"Organization","@id":"https:\/\/hubsch-interior.com\/fr\/#organization","name":"H\u00fcbsch","url":"https:\/\/hubsch-interior.com\/fr\/","logo":{"@type":"ImageObject","inLanguage":"fr-FR","@id":"https:\/\/hubsch-interior.com\/fr\/#\/schema\/logo\/image\/","url":"https:\/\/hubsch-interior.com\/wp-content\/uploads\/2022\/12\/Hubsch_logo_black_one_line.svg","contentUrl":"https:\/\/hubsch-interior.com\/wp-content\/uploads\/2022\/12\/Hubsch_logo_black_one_line.svg","caption":"H\u00fcbsch"},"image":{"@id":"https:\/\/hubsch-interior.com\/fr\/#\/schema\/logo\/image\/"}}]}},"_links":{"self":[{"href":"https:\/\/hubsch-interior.com\/fr\/wp-json\/wp\/v2\/product\/1070967","targetHints":{"allow":["GET"]}}],"collection":[{"href":"https:\/\/hubsch-interior.com\/fr\/wp-json\/wp\/v2\/product"}],"about":[{"href":"https:\/\/hubsch-interior.com\/fr\/wp-json\/wp\/v2\/types\/product"}],"wp:featuredmedia":[{"embeddable":true,"href":"https:\/\/hubsch-interior.com\/fr\/wp-json\/wp\/v2\/media\/1097602"}],"wp:attachment":[{"href":"https:\/\/hubsch-interior.com\/fr\/wp-json\/wp\/v2\/media?parent=1070967"}],"wp:term":[{"taxonomy":"product_brand","embeddable":true,"href":"https:\/\/hubsch-interior.com\/fr\/wp-json\/wp\/v2\/product_brand?post=1070967"},{"taxonomy":"product_cat","embeddable":true,"href":"https:\/\/hubsch-interior.com\/fr\/wp-json\/wp\/v2\/product_cat?post=1070967"},{"taxonomy":"product_tag","embeddable":true,"href":"https:\/\/hubsch-interior.com\/fr\/wp-json\/wp\/v2\/product_tag?post=1070967"}],"curies":[{"name":"wp","href":"https:\/\/api.w.org\/{rel}","templated":true}]}}