{"id":1070991,"date":"2025-09-25T13:10:15","date_gmt":"2025-09-25T11:10:15","guid":{"rendered":"https:\/\/hubsch-interior.com\/product\/product\/"},"modified":"2026-04-29T04:32:42","modified_gmt":"2026-04-29T02:32:42","slug":"cut-bougeoirs-violet-set-de-2","status":"publish","type":"product","link":"https:\/\/hubsch-interior.com\/fr\/produit\/cut-bougeoirs-violet-set-de-2\/","title":{"rendered":"Cut Bougeoirs Violet (set de 2)"},"content":{"rendered":"<p>Apportez une touche de luxe \u00e0 votre int\u00e9rieur avec le Bougeoir Cut en cristal violet. Son design finement facett\u00e9 capture et refl\u00e8te la flamme, cr\u00e9ant un jeu de lumi\u00e8re captivant. Disponible en deux tailles, il se pr\u00eate magnifiquement comme pi\u00e8ce ma\u00eetresse pour les d\u00eeners intimes ou comme un \u00e9l\u00e9ment d\u00e9coratif dans votre espace de vie. \u00c9l\u00e9gant et enchanteur, ce bougeoir transforme toute pi\u00e8ce en un havre de paix.<\/p>\n","protected":false},"excerpt":{"rendered":"<p>Apportez une touche de luxe \u00e0 votre int\u00e9rieur avec le Bougeoir Cut en cristal violet. Son design finement facett\u00e9 capture et refl\u00e8te la flamme, cr\u00e9ant un jeu de lumi\u00e8re captivant. Disponible en deux tailles, il se pr\u00eate magnifiquement comme pi\u00e8ce ma\u00eetresse pour les d\u00eeners intimes ou comme un \u00e9l\u00e9ment d\u00e9coratif dans votre espace de vie. [&hellip;]<\/p>\n","protected":false},"featured_media":1097622,"template":"","meta":{"_acf_changed":false,"inline_featured_image":false},"product_brand":[],"product_cat":[6939,6971,6997,4065,4066],"product_tag":[],"class_list":{"0":"post-1070991","1":"product","2":"type-product","3":"status-publish","4":"has-post-thumbnail","6":"product_cat-additions-fr","7":"product_cat-paques","8":"product_cat-the-buzz-fr","9":"product_cat-bougeoirs-lanternes-fr","10":"product_cat-bougeoirs-et-photophores-fr","11":"product_shipping_class-pk","13":"pa_color-violet","14":"pa_material-cristal-fr","16":"first","17":"instock","18":"taxable","19":"shipping-taxable","20":"purchasable","21":"product-type-simple"},"exclude_global_add_ons":[],"addons":[],"acf":[],"yoast_head":"<!-- This site is optimized with the Yoast SEO plugin v26.4 - https:\/\/yoast.com\/wordpress\/plugins\/seo\/ -->\n<title>Cut Bougeoirs Violet (set de 2) - H\u00fcbsch<\/title>\n<meta name=\"description\" content=\"Apportez une touche de luxe \u00e0 votre int\u00e9rieur avec le Bougeoir Cut en cristal violet. Son design finement facett\u00e9 capture et refl\u00e8te la flamme, cr\u00e9ant un\" \/>\n<meta name=\"robots\" content=\"index, follow, max-snippet:-1, max-image-preview:large, max-video-preview:-1\" \/>\n<link rel=\"canonical\" href=\"https:\/\/hubsch-interior.com\/fr\/wp-json\/wp\/v2\/product\/1070991\" \/>\n<meta property=\"og:locale\" content=\"fr_FR\" \/>\n<meta property=\"og:type\" content=\"article\" \/>\n<meta property=\"og:title\" content=\"Cut Bougeoirs Violet (set de 2) - H\u00fcbsch\" \/>\n<meta property=\"og:description\" content=\"Apportez une touche de luxe \u00e0 votre int\u00e9rieur avec le Bougeoir Cut en cristal violet. Son design finement facett\u00e9 capture et refl\u00e8te la flamme, cr\u00e9ant un\" \/>\n<meta property=\"og:url\" content=\"https:\/\/hubsch-interior.com\/fr\/produit\/cut-bougeoirs-violet-set-de-2\/\" \/>\n<meta property=\"og:site_name\" content=\"H\u00fcbsch\" \/>\n<meta property=\"article:modified_time\" content=\"2026-04-29T02:32:42+00:00\" \/>\n<meta property=\"og:image\" content=\"https:\/\/hubsch-interior.com\/wp-content\/uploads\/2025\/09\/cut-candleholders-purple-set-of-2-1862f6fb6f98d0e2c28b01928cc91668.jpg\" \/>\n\t<meta property=\"og:image:width\" content=\"1200\" \/>\n\t<meta property=\"og:image:height\" content=\"1200\" \/>\n\t<meta property=\"og:image:type\" content=\"image\/jpeg\" \/>\n<meta name=\"twitter:card\" content=\"summary_large_image\" \/>\n<script type=\"application\/ld+json\" class=\"yoast-schema-graph\">{\"@context\":\"https:\/\/schema.org\",\"@graph\":[{\"@type\":\"WebPage\",\"@id\":\"https:\/\/hubsch-interior.com\/fr\/produit\/cut-bougeoirs-violet-set-de-2\/\",\"url\":\"https:\/\/hubsch-interior.com\/fr\/produit\/cut-bougeoirs-violet-set-de-2\/\",\"name\":\"Cut Bougeoirs Violet (set de 2) - H\u00fcbsch\",\"isPartOf\":{\"@id\":\"https:\/\/hubsch-interior.com\/fr\/#website\"},\"primaryImageOfPage\":{\"@id\":\"https:\/\/hubsch-interior.com\/fr\/produit\/cut-bougeoirs-violet-set-de-2\/#primaryimage\"},\"image\":{\"@id\":\"https:\/\/hubsch-interior.com\/fr\/produit\/cut-bougeoirs-violet-set-de-2\/#primaryimage\"},\"thumbnailUrl\":\"https:\/\/hubsch-interior.com\/wp-content\/uploads\/2026\/02\/cut-candleholders-purple-set-of-2-1080f6a47b7270697a4d065688f7731a.jpg\",\"datePublished\":\"2025-09-25T11:10:15+00:00\",\"dateModified\":\"2026-04-29T02:32:42+00:00\",\"description\":\"Apportez une touche de luxe \u00e0 votre int\u00e9rieur avec le Bougeoir Cut en cristal violet. Son design finement facett\u00e9 capture et refl\u00e8te la flamme, cr\u00e9ant un\",\"breadcrumb\":{\"@id\":\"https:\/\/hubsch-interior.com\/fr\/produit\/cut-bougeoirs-violet-set-de-2\/#breadcrumb\"},\"inLanguage\":\"fr-FR\",\"potentialAction\":[{\"@type\":\"ReadAction\",\"target\":[\"https:\/\/hubsch-interior.com\/fr\/produit\/cut-bougeoirs-violet-set-de-2\/\"]}]},{\"@type\":\"ImageObject\",\"inLanguage\":\"fr-FR\",\"@id\":\"https:\/\/hubsch-interior.com\/fr\/produit\/cut-bougeoirs-violet-set-de-2\/#primaryimage\",\"url\":\"https:\/\/hubsch-interior.com\/wp-content\/uploads\/2026\/02\/cut-candleholders-purple-set-of-2-1080f6a47b7270697a4d065688f7731a.jpg\",\"contentUrl\":\"https:\/\/hubsch-interior.com\/wp-content\/uploads\/2026\/02\/cut-candleholders-purple-set-of-2-1080f6a47b7270697a4d065688f7731a.jpg\",\"width\":1024,\"height\":1024},{\"@type\":\"BreadcrumbList\",\"@id\":\"https:\/\/hubsch-interior.com\/fr\/produit\/cut-bougeoirs-violet-set-de-2\/#breadcrumb\",\"itemListElement\":[{\"@type\":\"ListItem\",\"position\":1,\"name\":\"Page d'accueil\",\"item\":\"https:\/\/hubsch-interior.com\/fr\/\"},{\"@type\":\"ListItem\",\"position\":2,\"name\":\"Produits\",\"item\":\"https:\/\/hubsch-interior.com\/fr\/shop-2\/\"},{\"@type\":\"ListItem\",\"position\":3,\"name\":\"Accessoires maison\",\"item\":\"https:\/\/hubsch-interior.com\/fr\/categorie-produit\/accessoires-maison\/\"},{\"@type\":\"ListItem\",\"position\":4,\"name\":\"Bougeoirs &amp; lanternes\",\"item\":\"https:\/\/hubsch-interior.com\/fr\/categorie-produit\/accessoires-maison\/bougeoirs-lanternes-fr\/\"},{\"@type\":\"ListItem\",\"position\":5,\"name\":\"Bougeoirs et photophores\",\"item\":\"https:\/\/hubsch-interior.com\/fr\/categorie-produit\/accessoires-maison\/bougeoirs-lanternes-fr\/bougeoirs-et-photophores-fr\/\"},{\"@type\":\"ListItem\",\"position\":6,\"name\":\"Cut Bougeoirs Violet (set de 2)\"}]},{\"@type\":\"WebSite\",\"@id\":\"https:\/\/hubsch-interior.com\/fr\/#website\",\"url\":\"https:\/\/hubsch-interior.com\/fr\/\",\"name\":\"H\u00fcbsch\",\"description\":\"Danish Home Interior and Design\",\"publisher\":{\"@id\":\"https:\/\/hubsch-interior.com\/fr\/#organization\"},\"potentialAction\":[{\"@type\":\"SearchAction\",\"target\":{\"@type\":\"EntryPoint\",\"urlTemplate\":\"https:\/\/hubsch-interior.com\/fr\/?s={search_term_string}\"},\"query-input\":{\"@type\":\"PropertyValueSpecification\",\"valueRequired\":true,\"valueName\":\"search_term_string\"}}],\"inLanguage\":\"fr-FR\"},{\"@type\":\"Organization\",\"@id\":\"https:\/\/hubsch-interior.com\/fr\/#organization\",\"name\":\"H\u00fcbsch\",\"url\":\"https:\/\/hubsch-interior.com\/fr\/\",\"logo\":{\"@type\":\"ImageObject\",\"inLanguage\":\"fr-FR\",\"@id\":\"https:\/\/hubsch-interior.com\/fr\/#\/schema\/logo\/image\/\",\"url\":\"https:\/\/hubsch-interior.com\/wp-content\/uploads\/2022\/12\/Hubsch_logo_black_one_line.svg\",\"contentUrl\":\"https:\/\/hubsch-interior.com\/wp-content\/uploads\/2022\/12\/Hubsch_logo_black_one_line.svg\",\"caption\":\"H\u00fcbsch\"},\"image\":{\"@id\":\"https:\/\/hubsch-interior.com\/fr\/#\/schema\/logo\/image\/\"}}]}<\/script>\n<!-- \/ Yoast SEO plugin. -->","yoast_head_json":{"title":"Cut Bougeoirs Violet (set de 2) - H\u00fcbsch","description":"Apportez une touche de luxe \u00e0 votre int\u00e9rieur avec le Bougeoir Cut en cristal violet. Son design finement facett\u00e9 capture et refl\u00e8te la flamme, cr\u00e9ant un","robots":{"index":"index","follow":"follow","max-snippet":"max-snippet:-1","max-image-preview":"max-image-preview:large","max-video-preview":"max-video-preview:-1"},"canonical":"https:\/\/hubsch-interior.com\/fr\/wp-json\/wp\/v2\/product\/1070991","og_locale":"fr_FR","og_type":"article","og_title":"Cut Bougeoirs Violet (set de 2) - H\u00fcbsch","og_description":"Apportez une touche de luxe \u00e0 votre int\u00e9rieur avec le Bougeoir Cut en cristal violet. Son design finement facett\u00e9 capture et refl\u00e8te la flamme, cr\u00e9ant un","og_url":"https:\/\/hubsch-interior.com\/fr\/produit\/cut-bougeoirs-violet-set-de-2\/","og_site_name":"H\u00fcbsch","article_modified_time":"2026-04-29T02:32:42+00:00","og_image":[{"width":1200,"height":1200,"url":"https:\/\/hubsch-interior.com\/wp-content\/uploads\/2025\/09\/cut-candleholders-purple-set-of-2-1862f6fb6f98d0e2c28b01928cc91668.jpg","type":"image\/jpeg"}],"twitter_card":"summary_large_image","schema":{"@context":"https:\/\/schema.org","@graph":[{"@type":"WebPage","@id":"https:\/\/hubsch-interior.com\/fr\/produit\/cut-bougeoirs-violet-set-de-2\/","url":"https:\/\/hubsch-interior.com\/fr\/produit\/cut-bougeoirs-violet-set-de-2\/","name":"Cut Bougeoirs Violet (set de 2) - H\u00fcbsch","isPartOf":{"@id":"https:\/\/hubsch-interior.com\/fr\/#website"},"primaryImageOfPage":{"@id":"https:\/\/hubsch-interior.com\/fr\/produit\/cut-bougeoirs-violet-set-de-2\/#primaryimage"},"image":{"@id":"https:\/\/hubsch-interior.com\/fr\/produit\/cut-bougeoirs-violet-set-de-2\/#primaryimage"},"thumbnailUrl":"https:\/\/hubsch-interior.com\/wp-content\/uploads\/2026\/02\/cut-candleholders-purple-set-of-2-1080f6a47b7270697a4d065688f7731a.jpg","datePublished":"2025-09-25T11:10:15+00:00","dateModified":"2026-04-29T02:32:42+00:00","description":"Apportez une touche de luxe \u00e0 votre int\u00e9rieur avec le Bougeoir Cut en cristal violet. Son design finement facett\u00e9 capture et refl\u00e8te la flamme, cr\u00e9ant un","breadcrumb":{"@id":"https:\/\/hubsch-interior.com\/fr\/produit\/cut-bougeoirs-violet-set-de-2\/#breadcrumb"},"inLanguage":"fr-FR","potentialAction":[{"@type":"ReadAction","target":["https:\/\/hubsch-interior.com\/fr\/produit\/cut-bougeoirs-violet-set-de-2\/"]}]},{"@type":"ImageObject","inLanguage":"fr-FR","@id":"https:\/\/hubsch-interior.com\/fr\/produit\/cut-bougeoirs-violet-set-de-2\/#primaryimage","url":"https:\/\/hubsch-interior.com\/wp-content\/uploads\/2026\/02\/cut-candleholders-purple-set-of-2-1080f6a47b7270697a4d065688f7731a.jpg","contentUrl":"https:\/\/hubsch-interior.com\/wp-content\/uploads\/2026\/02\/cut-candleholders-purple-set-of-2-1080f6a47b7270697a4d065688f7731a.jpg","width":1024,"height":1024},{"@type":"BreadcrumbList","@id":"https:\/\/hubsch-interior.com\/fr\/produit\/cut-bougeoirs-violet-set-de-2\/#breadcrumb","itemListElement":[{"@type":"ListItem","position":1,"name":"Page d'accueil","item":"https:\/\/hubsch-interior.com\/fr\/"},{"@type":"ListItem","position":2,"name":"Produits","item":"https:\/\/hubsch-interior.com\/fr\/shop-2\/"},{"@type":"ListItem","position":3,"name":"Accessoires maison","item":"https:\/\/hubsch-interior.com\/fr\/categorie-produit\/accessoires-maison\/"},{"@type":"ListItem","position":4,"name":"Bougeoirs &amp; lanternes","item":"https:\/\/hubsch-interior.com\/fr\/categorie-produit\/accessoires-maison\/bougeoirs-lanternes-fr\/"},{"@type":"ListItem","position":5,"name":"Bougeoirs et photophores","item":"https:\/\/hubsch-interior.com\/fr\/categorie-produit\/accessoires-maison\/bougeoirs-lanternes-fr\/bougeoirs-et-photophores-fr\/"},{"@type":"ListItem","position":6,"name":"Cut Bougeoirs Violet (set de 2)"}]},{"@type":"WebSite","@id":"https:\/\/hubsch-interior.com\/fr\/#website","url":"https:\/\/hubsch-interior.com\/fr\/","name":"H\u00fcbsch","description":"Danish Home Interior and Design","publisher":{"@id":"https:\/\/hubsch-interior.com\/fr\/#organization"},"potentialAction":[{"@type":"SearchAction","target":{"@type":"EntryPoint","urlTemplate":"https:\/\/hubsch-interior.com\/fr\/?s={search_term_string}"},"query-input":{"@type":"PropertyValueSpecification","valueRequired":true,"valueName":"search_term_string"}}],"inLanguage":"fr-FR"},{"@type":"Organization","@id":"https:\/\/hubsch-interior.com\/fr\/#organization","name":"H\u00fcbsch","url":"https:\/\/hubsch-interior.com\/fr\/","logo":{"@type":"ImageObject","inLanguage":"fr-FR","@id":"https:\/\/hubsch-interior.com\/fr\/#\/schema\/logo\/image\/","url":"https:\/\/hubsch-interior.com\/wp-content\/uploads\/2022\/12\/Hubsch_logo_black_one_line.svg","contentUrl":"https:\/\/hubsch-interior.com\/wp-content\/uploads\/2022\/12\/Hubsch_logo_black_one_line.svg","caption":"H\u00fcbsch"},"image":{"@id":"https:\/\/hubsch-interior.com\/fr\/#\/schema\/logo\/image\/"}}]}},"_links":{"self":[{"href":"https:\/\/hubsch-interior.com\/fr\/wp-json\/wp\/v2\/product\/1070991","targetHints":{"allow":["GET"]}}],"collection":[{"href":"https:\/\/hubsch-interior.com\/fr\/wp-json\/wp\/v2\/product"}],"about":[{"href":"https:\/\/hubsch-interior.com\/fr\/wp-json\/wp\/v2\/types\/product"}],"wp:featuredmedia":[{"embeddable":true,"href":"https:\/\/hubsch-interior.com\/fr\/wp-json\/wp\/v2\/media\/1097622"}],"wp:attachment":[{"href":"https:\/\/hubsch-interior.com\/fr\/wp-json\/wp\/v2\/media?parent=1070991"}],"wp:term":[{"taxonomy":"product_brand","embeddable":true,"href":"https:\/\/hubsch-interior.com\/fr\/wp-json\/wp\/v2\/product_brand?post=1070991"},{"taxonomy":"product_cat","embeddable":true,"href":"https:\/\/hubsch-interior.com\/fr\/wp-json\/wp\/v2\/product_cat?post=1070991"},{"taxonomy":"product_tag","embeddable":true,"href":"https:\/\/hubsch-interior.com\/fr\/wp-json\/wp\/v2\/product_tag?post=1070991"}],"curies":[{"name":"wp","href":"https:\/\/api.w.org\/{rel}","templated":true}]}}