{"id":1071015,"date":"2025-09-25T13:10:29","date_gmt":"2025-09-25T11:10:29","guid":{"rendered":"https:\/\/hubsch-interior.com\/product\/product\/"},"modified":"2026-04-09T04:33:09","modified_gmt":"2026-04-09T02:33:09","slug":"cut-bougeoirs-vert-set-de-2","status":"publish","type":"product","link":"https:\/\/hubsch-interior.com\/fr\/produit\/cut-bougeoirs-vert-set-de-2\/","title":{"rendered":"Cut Bougeoirs Vert (set de 2)"},"content":{"rendered":"<p>Apportez une touche d&#8217;\u00e9l\u00e9gance \u00e0 votre int\u00e9rieur avec les Bougeoirs Cut en cristal vert \u00e9clatant. Son design facett\u00e9 refl\u00e8te magnifiquement la lumi\u00e8re des bougies, cr\u00e9ant un spectacle captivant de lumi\u00e8re et de couleur. Disponibles en deux tailles, ils constituent l&#8217;accent parfait pour une table \u00e0 manger, une chemin\u00e9e ou un coin cosy. Que ce soit pour des d\u00eeners intimes ou des soir\u00e9es tranquilles, cette pi\u00e8ce en cristal ajoute une sophistication et une touche d&#8217;enchantement \u00e0 tout environnement.<\/p>\n","protected":false},"excerpt":{"rendered":"<p>Apportez une touche d&#8217;\u00e9l\u00e9gance \u00e0 votre int\u00e9rieur avec les Bougeoirs Cut en cristal vert \u00e9clatant. Son design facett\u00e9 refl\u00e8te magnifiquement la lumi\u00e8re des bougies, cr\u00e9ant un spectacle captivant de lumi\u00e8re et de couleur. Disponibles en deux tailles, ils constituent l&#8217;accent parfait pour une table \u00e0 manger, une chemin\u00e9e ou un coin cosy. Que ce soit [&hellip;]<\/p>\n","protected":false},"featured_media":1097642,"template":"","meta":{"_acf_changed":false,"inline_featured_image":false},"product_brand":[],"product_cat":[6939,4065,4066,6535,6971,6997],"product_tag":[],"class_list":{"0":"post-1071015","1":"product","2":"type-product","3":"status-publish","4":"has-post-thumbnail","6":"product_cat-additions-fr","7":"product_cat-bougeoirs-lanternes-fr","8":"product_cat-bougeoirs-et-photophores-fr","9":"product_cat-outlet-fr","10":"product_cat-paques","11":"product_cat-the-buzz-fr","12":"product_shipping_class-pk","14":"pa_color-vert-2","15":"pa_material-cristal-fr","17":"first","18":"instock","19":"sale","20":"taxable","21":"shipping-taxable","22":"purchasable","23":"product-type-simple"},"exclude_global_add_ons":[],"addons":[],"acf":[],"yoast_head":"<!-- This site is optimized with the Yoast SEO plugin v26.4 - https:\/\/yoast.com\/wordpress\/plugins\/seo\/ -->\n<title>Cut Bougeoirs Vert (set de 2) - H\u00fcbsch<\/title>\n<meta name=\"description\" content=\"Apportez une touche d&#039;\u00e9l\u00e9gance \u00e0 votre int\u00e9rieur avec les Bougeoirs Cut en cristal vert \u00e9clatant. Son design facett\u00e9 refl\u00e8te magnifiquement la lumi\u00e8re des\" \/>\n<meta name=\"robots\" content=\"index, follow, max-snippet:-1, max-image-preview:large, max-video-preview:-1\" \/>\n<link rel=\"canonical\" href=\"https:\/\/hubsch-interior.com\/fr\/wp-json\/wp\/v2\/product\/1071015\" \/>\n<meta property=\"og:locale\" content=\"fr_FR\" \/>\n<meta property=\"og:type\" content=\"article\" \/>\n<meta property=\"og:title\" content=\"Cut Bougeoirs Vert (set de 2) - H\u00fcbsch\" \/>\n<meta property=\"og:description\" content=\"Apportez une touche d&#039;\u00e9l\u00e9gance \u00e0 votre int\u00e9rieur avec les Bougeoirs Cut en cristal vert \u00e9clatant. Son design facett\u00e9 refl\u00e8te magnifiquement la lumi\u00e8re des\" \/>\n<meta property=\"og:url\" content=\"https:\/\/hubsch-interior.com\/fr\/produit\/cut-bougeoirs-vert-set-de-2\/\" \/>\n<meta property=\"og:site_name\" content=\"H\u00fcbsch\" \/>\n<meta property=\"article:modified_time\" content=\"2026-04-09T02:33:09+00:00\" \/>\n<meta property=\"og:image\" content=\"https:\/\/hubsch-interior.com\/wp-content\/uploads\/2025\/09\/cut-candleholders-green-set-of-2-fd4a3de99402ff1859693b8c9f660e41.jpg\" \/>\n\t<meta property=\"og:image:width\" content=\"1200\" \/>\n\t<meta property=\"og:image:height\" content=\"1200\" \/>\n\t<meta property=\"og:image:type\" content=\"image\/jpeg\" \/>\n<meta name=\"twitter:card\" content=\"summary_large_image\" \/>\n<script type=\"application\/ld+json\" class=\"yoast-schema-graph\">{\"@context\":\"https:\/\/schema.org\",\"@graph\":[{\"@type\":\"WebPage\",\"@id\":\"https:\/\/hubsch-interior.com\/fr\/produit\/cut-bougeoirs-vert-set-de-2\/\",\"url\":\"https:\/\/hubsch-interior.com\/fr\/produit\/cut-bougeoirs-vert-set-de-2\/\",\"name\":\"Cut Bougeoirs Vert (set de 2) - H\u00fcbsch\",\"isPartOf\":{\"@id\":\"https:\/\/hubsch-interior.com\/fr\/#website\"},\"primaryImageOfPage\":{\"@id\":\"https:\/\/hubsch-interior.com\/fr\/produit\/cut-bougeoirs-vert-set-de-2\/#primaryimage\"},\"image\":{\"@id\":\"https:\/\/hubsch-interior.com\/fr\/produit\/cut-bougeoirs-vert-set-de-2\/#primaryimage\"},\"thumbnailUrl\":\"https:\/\/hubsch-interior.com\/wp-content\/uploads\/2026\/02\/cut-candleholders-green-set-of-2-7668d44ca8c719d8cf36b7f0fde53189.jpg\",\"datePublished\":\"2025-09-25T11:10:29+00:00\",\"dateModified\":\"2026-04-09T02:33:09+00:00\",\"description\":\"Apportez une touche d'\u00e9l\u00e9gance \u00e0 votre int\u00e9rieur avec les Bougeoirs Cut en cristal vert \u00e9clatant. Son design facett\u00e9 refl\u00e8te magnifiquement la lumi\u00e8re des\",\"breadcrumb\":{\"@id\":\"https:\/\/hubsch-interior.com\/fr\/produit\/cut-bougeoirs-vert-set-de-2\/#breadcrumb\"},\"inLanguage\":\"fr-FR\",\"potentialAction\":[{\"@type\":\"ReadAction\",\"target\":[\"https:\/\/hubsch-interior.com\/fr\/produit\/cut-bougeoirs-vert-set-de-2\/\"]}]},{\"@type\":\"ImageObject\",\"inLanguage\":\"fr-FR\",\"@id\":\"https:\/\/hubsch-interior.com\/fr\/produit\/cut-bougeoirs-vert-set-de-2\/#primaryimage\",\"url\":\"https:\/\/hubsch-interior.com\/wp-content\/uploads\/2026\/02\/cut-candleholders-green-set-of-2-7668d44ca8c719d8cf36b7f0fde53189.jpg\",\"contentUrl\":\"https:\/\/hubsch-interior.com\/wp-content\/uploads\/2026\/02\/cut-candleholders-green-set-of-2-7668d44ca8c719d8cf36b7f0fde53189.jpg\",\"width\":1024,\"height\":1024},{\"@type\":\"BreadcrumbList\",\"@id\":\"https:\/\/hubsch-interior.com\/fr\/produit\/cut-bougeoirs-vert-set-de-2\/#breadcrumb\",\"itemListElement\":[{\"@type\":\"ListItem\",\"position\":1,\"name\":\"Page d'accueil\",\"item\":\"https:\/\/hubsch-interior.com\/fr\/\"},{\"@type\":\"ListItem\",\"position\":2,\"name\":\"Produits\",\"item\":\"https:\/\/hubsch-interior.com\/fr\/shop-2\/\"},{\"@type\":\"ListItem\",\"position\":3,\"name\":\"Accessoires maison\",\"item\":\"https:\/\/hubsch-interior.com\/fr\/categorie-produit\/accessoires-maison\/\"},{\"@type\":\"ListItem\",\"position\":4,\"name\":\"Bougeoirs &amp; lanternes\",\"item\":\"https:\/\/hubsch-interior.com\/fr\/categorie-produit\/accessoires-maison\/bougeoirs-lanternes-fr\/\"},{\"@type\":\"ListItem\",\"position\":5,\"name\":\"Bougeoirs et photophores\",\"item\":\"https:\/\/hubsch-interior.com\/fr\/categorie-produit\/accessoires-maison\/bougeoirs-lanternes-fr\/bougeoirs-et-photophores-fr\/\"},{\"@type\":\"ListItem\",\"position\":6,\"name\":\"Cut Bougeoirs Vert (set de 2)\"}]},{\"@type\":\"WebSite\",\"@id\":\"https:\/\/hubsch-interior.com\/fr\/#website\",\"url\":\"https:\/\/hubsch-interior.com\/fr\/\",\"name\":\"H\u00fcbsch\",\"description\":\"Danish Home Interior and Design\",\"publisher\":{\"@id\":\"https:\/\/hubsch-interior.com\/fr\/#organization\"},\"potentialAction\":[{\"@type\":\"SearchAction\",\"target\":{\"@type\":\"EntryPoint\",\"urlTemplate\":\"https:\/\/hubsch-interior.com\/fr\/?s={search_term_string}\"},\"query-input\":{\"@type\":\"PropertyValueSpecification\",\"valueRequired\":true,\"valueName\":\"search_term_string\"}}],\"inLanguage\":\"fr-FR\"},{\"@type\":\"Organization\",\"@id\":\"https:\/\/hubsch-interior.com\/fr\/#organization\",\"name\":\"H\u00fcbsch\",\"url\":\"https:\/\/hubsch-interior.com\/fr\/\",\"logo\":{\"@type\":\"ImageObject\",\"inLanguage\":\"fr-FR\",\"@id\":\"https:\/\/hubsch-interior.com\/fr\/#\/schema\/logo\/image\/\",\"url\":\"https:\/\/hubsch-interior.com\/wp-content\/uploads\/2022\/12\/Hubsch_logo_black_one_line.svg\",\"contentUrl\":\"https:\/\/hubsch-interior.com\/wp-content\/uploads\/2022\/12\/Hubsch_logo_black_one_line.svg\",\"caption\":\"H\u00fcbsch\"},\"image\":{\"@id\":\"https:\/\/hubsch-interior.com\/fr\/#\/schema\/logo\/image\/\"}}]}<\/script>\n<!-- \/ Yoast SEO plugin. -->","yoast_head_json":{"title":"Cut Bougeoirs Vert (set de 2) - H\u00fcbsch","description":"Apportez une touche d'\u00e9l\u00e9gance \u00e0 votre int\u00e9rieur avec les Bougeoirs Cut en cristal vert \u00e9clatant. Son design facett\u00e9 refl\u00e8te magnifiquement la lumi\u00e8re des","robots":{"index":"index","follow":"follow","max-snippet":"max-snippet:-1","max-image-preview":"max-image-preview:large","max-video-preview":"max-video-preview:-1"},"canonical":"https:\/\/hubsch-interior.com\/fr\/wp-json\/wp\/v2\/product\/1071015","og_locale":"fr_FR","og_type":"article","og_title":"Cut Bougeoirs Vert (set de 2) - H\u00fcbsch","og_description":"Apportez une touche d'\u00e9l\u00e9gance \u00e0 votre int\u00e9rieur avec les Bougeoirs Cut en cristal vert \u00e9clatant. Son design facett\u00e9 refl\u00e8te magnifiquement la lumi\u00e8re des","og_url":"https:\/\/hubsch-interior.com\/fr\/produit\/cut-bougeoirs-vert-set-de-2\/","og_site_name":"H\u00fcbsch","article_modified_time":"2026-04-09T02:33:09+00:00","og_image":[{"width":1200,"height":1200,"url":"https:\/\/hubsch-interior.com\/wp-content\/uploads\/2025\/09\/cut-candleholders-green-set-of-2-fd4a3de99402ff1859693b8c9f660e41.jpg","type":"image\/jpeg"}],"twitter_card":"summary_large_image","schema":{"@context":"https:\/\/schema.org","@graph":[{"@type":"WebPage","@id":"https:\/\/hubsch-interior.com\/fr\/produit\/cut-bougeoirs-vert-set-de-2\/","url":"https:\/\/hubsch-interior.com\/fr\/produit\/cut-bougeoirs-vert-set-de-2\/","name":"Cut Bougeoirs Vert (set de 2) - H\u00fcbsch","isPartOf":{"@id":"https:\/\/hubsch-interior.com\/fr\/#website"},"primaryImageOfPage":{"@id":"https:\/\/hubsch-interior.com\/fr\/produit\/cut-bougeoirs-vert-set-de-2\/#primaryimage"},"image":{"@id":"https:\/\/hubsch-interior.com\/fr\/produit\/cut-bougeoirs-vert-set-de-2\/#primaryimage"},"thumbnailUrl":"https:\/\/hubsch-interior.com\/wp-content\/uploads\/2026\/02\/cut-candleholders-green-set-of-2-7668d44ca8c719d8cf36b7f0fde53189.jpg","datePublished":"2025-09-25T11:10:29+00:00","dateModified":"2026-04-09T02:33:09+00:00","description":"Apportez une touche d'\u00e9l\u00e9gance \u00e0 votre int\u00e9rieur avec les Bougeoirs Cut en cristal vert \u00e9clatant. Son design facett\u00e9 refl\u00e8te magnifiquement la lumi\u00e8re des","breadcrumb":{"@id":"https:\/\/hubsch-interior.com\/fr\/produit\/cut-bougeoirs-vert-set-de-2\/#breadcrumb"},"inLanguage":"fr-FR","potentialAction":[{"@type":"ReadAction","target":["https:\/\/hubsch-interior.com\/fr\/produit\/cut-bougeoirs-vert-set-de-2\/"]}]},{"@type":"ImageObject","inLanguage":"fr-FR","@id":"https:\/\/hubsch-interior.com\/fr\/produit\/cut-bougeoirs-vert-set-de-2\/#primaryimage","url":"https:\/\/hubsch-interior.com\/wp-content\/uploads\/2026\/02\/cut-candleholders-green-set-of-2-7668d44ca8c719d8cf36b7f0fde53189.jpg","contentUrl":"https:\/\/hubsch-interior.com\/wp-content\/uploads\/2026\/02\/cut-candleholders-green-set-of-2-7668d44ca8c719d8cf36b7f0fde53189.jpg","width":1024,"height":1024},{"@type":"BreadcrumbList","@id":"https:\/\/hubsch-interior.com\/fr\/produit\/cut-bougeoirs-vert-set-de-2\/#breadcrumb","itemListElement":[{"@type":"ListItem","position":1,"name":"Page d'accueil","item":"https:\/\/hubsch-interior.com\/fr\/"},{"@type":"ListItem","position":2,"name":"Produits","item":"https:\/\/hubsch-interior.com\/fr\/shop-2\/"},{"@type":"ListItem","position":3,"name":"Accessoires maison","item":"https:\/\/hubsch-interior.com\/fr\/categorie-produit\/accessoires-maison\/"},{"@type":"ListItem","position":4,"name":"Bougeoirs &amp; lanternes","item":"https:\/\/hubsch-interior.com\/fr\/categorie-produit\/accessoires-maison\/bougeoirs-lanternes-fr\/"},{"@type":"ListItem","position":5,"name":"Bougeoirs et photophores","item":"https:\/\/hubsch-interior.com\/fr\/categorie-produit\/accessoires-maison\/bougeoirs-lanternes-fr\/bougeoirs-et-photophores-fr\/"},{"@type":"ListItem","position":6,"name":"Cut Bougeoirs Vert (set de 2)"}]},{"@type":"WebSite","@id":"https:\/\/hubsch-interior.com\/fr\/#website","url":"https:\/\/hubsch-interior.com\/fr\/","name":"H\u00fcbsch","description":"Danish Home Interior and Design","publisher":{"@id":"https:\/\/hubsch-interior.com\/fr\/#organization"},"potentialAction":[{"@type":"SearchAction","target":{"@type":"EntryPoint","urlTemplate":"https:\/\/hubsch-interior.com\/fr\/?s={search_term_string}"},"query-input":{"@type":"PropertyValueSpecification","valueRequired":true,"valueName":"search_term_string"}}],"inLanguage":"fr-FR"},{"@type":"Organization","@id":"https:\/\/hubsch-interior.com\/fr\/#organization","name":"H\u00fcbsch","url":"https:\/\/hubsch-interior.com\/fr\/","logo":{"@type":"ImageObject","inLanguage":"fr-FR","@id":"https:\/\/hubsch-interior.com\/fr\/#\/schema\/logo\/image\/","url":"https:\/\/hubsch-interior.com\/wp-content\/uploads\/2022\/12\/Hubsch_logo_black_one_line.svg","contentUrl":"https:\/\/hubsch-interior.com\/wp-content\/uploads\/2022\/12\/Hubsch_logo_black_one_line.svg","caption":"H\u00fcbsch"},"image":{"@id":"https:\/\/hubsch-interior.com\/fr\/#\/schema\/logo\/image\/"}}]}},"_links":{"self":[{"href":"https:\/\/hubsch-interior.com\/fr\/wp-json\/wp\/v2\/product\/1071015","targetHints":{"allow":["GET"]}}],"collection":[{"href":"https:\/\/hubsch-interior.com\/fr\/wp-json\/wp\/v2\/product"}],"about":[{"href":"https:\/\/hubsch-interior.com\/fr\/wp-json\/wp\/v2\/types\/product"}],"wp:featuredmedia":[{"embeddable":true,"href":"https:\/\/hubsch-interior.com\/fr\/wp-json\/wp\/v2\/media\/1097642"}],"wp:attachment":[{"href":"https:\/\/hubsch-interior.com\/fr\/wp-json\/wp\/v2\/media?parent=1071015"}],"wp:term":[{"taxonomy":"product_brand","embeddable":true,"href":"https:\/\/hubsch-interior.com\/fr\/wp-json\/wp\/v2\/product_brand?post=1071015"},{"taxonomy":"product_cat","embeddable":true,"href":"https:\/\/hubsch-interior.com\/fr\/wp-json\/wp\/v2\/product_cat?post=1071015"},{"taxonomy":"product_tag","embeddable":true,"href":"https:\/\/hubsch-interior.com\/fr\/wp-json\/wp\/v2\/product_tag?post=1071015"}],"curies":[{"name":"wp","href":"https:\/\/api.w.org\/{rel}","templated":true}]}}