{"id":1071127,"date":"2025-09-25T13:13:28","date_gmt":"2025-09-25T11:13:28","guid":{"rendered":"https:\/\/hubsch-interior.com\/product\/product\/"},"modified":"2026-04-09T04:55:41","modified_gmt":"2026-04-09T02:55:41","slug":"oblique-table-a-manger-ronde-olive","status":"publish","type":"product","link":"https:\/\/hubsch-interior.com\/fr\/produit\/oblique-table-a-manger-ronde-olive\/","title":{"rendered":"Oblique Table \u00e0 manger Ronde Olive"},"content":{"rendered":"<p>D\u00e9couvrez un design qui ancre l&#8217;espace et rassemble les gens. La Table \u00e0 manger Oblique en olive profond pr\u00e9sente un plateau en linol\u00e9um mat associ\u00e9 \u00e0 des pieds en ch\u00eane massif, offrant un magnifique contraste de texture et de ton. Robuste, fonctionnelle et pleine de caract\u00e8re, elle est con\u00e7ue pour tout, des petits d\u00e9jeuners d\u00e9contract\u00e9s aux d\u00eeners \u00e0 la chandelle. La nuance vert profond ajoute de la chaleur et de la profondeur, faisant de cette table un \u00e9l\u00e9ment marquant qui s&#8217;int\u00e8gre pourtant parfaitement \u00e0 votre int\u00e9rieur. Une pi\u00e8ce ma\u00eetresse raffin\u00e9e qui s&#8217;adapte \u00e0 votre rythme et rehausse le quotidien.<\/p>\n","protected":false},"excerpt":{"rendered":"<p>D\u00e9couvrez un design qui ancre l&#8217;espace et rassemble les gens. La Table \u00e0 manger Oblique en olive profond pr\u00e9sente un plateau en linol\u00e9um mat associ\u00e9 \u00e0 des pieds en ch\u00eane massif, offrant un magnifique contraste de texture et de ton. Robuste, fonctionnelle et pleine de caract\u00e8re, elle est con\u00e7ue pour tout, des petits d\u00e9jeuners d\u00e9contract\u00e9s [&hellip;]<\/p>\n","protected":false},"featured_media":1104796,"template":"","meta":{"_acf_changed":false,"inline_featured_image":false},"product_brand":[],"product_cat":[6939,6997,6322,2859,4215],"product_tag":[],"class_list":{"0":"post-1071127","1":"product","2":"type-product","3":"status-publish","4":"has-post-thumbnail","6":"product_cat-additions-fr","7":"product_cat-the-buzz-fr","8":"product_cat-fsc-fr","9":"product_cat-tables-fr","10":"product_cat-tables-a-manger-fr","11":"product_shipping_class-p10","13":"pa_color-olive-4","14":"pa_material-mdf-fr","15":"pa_material-bois-de-chne-2","16":"pa_material-linolum","18":"first","19":"instock","20":"taxable","21":"shipping-taxable","22":"purchasable","23":"product-type-simple"},"exclude_global_add_ons":[],"addons":[],"acf":[],"yoast_head":"<!-- This site is optimized with the Yoast SEO plugin v26.4 - https:\/\/yoast.com\/wordpress\/plugins\/seo\/ -->\n<title>Oblique Table \u00e0 manger Ronde Olive - H\u00fcbsch<\/title>\n<meta name=\"description\" content=\"D\u00e9couvrez un design qui ancre l&#039;espace et rassemble les gens. La Table \u00e0 manger Oblique en olive profond pr\u00e9sente un plateau en linol\u00e9um mat associ\u00e9 \u00e0 des\" \/>\n<meta name=\"robots\" content=\"index, follow, max-snippet:-1, max-image-preview:large, max-video-preview:-1\" \/>\n<link rel=\"canonical\" href=\"https:\/\/hubsch-interior.com\/fr\/wp-json\/wp\/v2\/product\/1071127\" \/>\n<meta property=\"og:locale\" content=\"fr_FR\" \/>\n<meta property=\"og:type\" content=\"article\" \/>\n<meta property=\"og:title\" content=\"Oblique Table \u00e0 manger Ronde Olive - H\u00fcbsch\" \/>\n<meta property=\"og:description\" content=\"D\u00e9couvrez un design qui ancre l&#039;espace et rassemble les gens. La Table \u00e0 manger Oblique en olive profond pr\u00e9sente un plateau en linol\u00e9um mat associ\u00e9 \u00e0 des\" \/>\n<meta property=\"og:url\" content=\"https:\/\/hubsch-interior.com\/fr\/produit\/oblique-table-a-manger-ronde-olive\/\" \/>\n<meta property=\"og:site_name\" content=\"H\u00fcbsch\" \/>\n<meta property=\"article:modified_time\" content=\"2026-04-09T02:55:41+00:00\" \/>\n<meta property=\"og:image\" content=\"https:\/\/hubsch-interior.com\/wp-content\/uploads\/2025\/09\/oblique-dining-table-round-olive-550ab77700e14ef343ee6b7f35d22c73.jpg\" \/>\n\t<meta property=\"og:image:width\" content=\"1200\" \/>\n\t<meta property=\"og:image:height\" content=\"1200\" \/>\n\t<meta property=\"og:image:type\" content=\"image\/jpeg\" \/>\n<meta name=\"twitter:card\" content=\"summary_large_image\" \/>\n<meta name=\"twitter:label1\" content=\"Dur\u00e9e de lecture estim\u00e9e\" \/>\n\t<meta name=\"twitter:data1\" content=\"1 minute\" \/>\n<script type=\"application\/ld+json\" class=\"yoast-schema-graph\">{\"@context\":\"https:\/\/schema.org\",\"@graph\":[{\"@type\":\"WebPage\",\"@id\":\"https:\/\/hubsch-interior.com\/fr\/produit\/oblique-table-a-manger-ronde-olive\/\",\"url\":\"https:\/\/hubsch-interior.com\/fr\/produit\/oblique-table-a-manger-ronde-olive\/\",\"name\":\"Oblique Table \u00e0 manger Ronde Olive - H\u00fcbsch\",\"isPartOf\":{\"@id\":\"https:\/\/hubsch-interior.com\/fr\/#website\"},\"primaryImageOfPage\":{\"@id\":\"https:\/\/hubsch-interior.com\/fr\/produit\/oblique-table-a-manger-ronde-olive\/#primaryimage\"},\"image\":{\"@id\":\"https:\/\/hubsch-interior.com\/fr\/produit\/oblique-table-a-manger-ronde-olive\/#primaryimage\"},\"thumbnailUrl\":\"https:\/\/hubsch-interior.com\/wp-content\/uploads\/2026\/02\/oblique-dining-table-round-olive-d5e99f282abcf4ccde688bead389f62a.jpg\",\"datePublished\":\"2025-09-25T11:13:28+00:00\",\"dateModified\":\"2026-04-09T02:55:41+00:00\",\"description\":\"D\u00e9couvrez un design qui ancre l'espace et rassemble les gens. La Table \u00e0 manger Oblique en olive profond pr\u00e9sente un plateau en linol\u00e9um mat associ\u00e9 \u00e0 des\",\"breadcrumb\":{\"@id\":\"https:\/\/hubsch-interior.com\/fr\/produit\/oblique-table-a-manger-ronde-olive\/#breadcrumb\"},\"inLanguage\":\"fr-FR\",\"potentialAction\":[{\"@type\":\"ReadAction\",\"target\":[\"https:\/\/hubsch-interior.com\/fr\/produit\/oblique-table-a-manger-ronde-olive\/\"]}]},{\"@type\":\"ImageObject\",\"inLanguage\":\"fr-FR\",\"@id\":\"https:\/\/hubsch-interior.com\/fr\/produit\/oblique-table-a-manger-ronde-olive\/#primaryimage\",\"url\":\"https:\/\/hubsch-interior.com\/wp-content\/uploads\/2026\/02\/oblique-dining-table-round-olive-d5e99f282abcf4ccde688bead389f62a.jpg\",\"contentUrl\":\"https:\/\/hubsch-interior.com\/wp-content\/uploads\/2026\/02\/oblique-dining-table-round-olive-d5e99f282abcf4ccde688bead389f62a.jpg\",\"width\":1024,\"height\":1024},{\"@type\":\"BreadcrumbList\",\"@id\":\"https:\/\/hubsch-interior.com\/fr\/produit\/oblique-table-a-manger-ronde-olive\/#breadcrumb\",\"itemListElement\":[{\"@type\":\"ListItem\",\"position\":1,\"name\":\"Page d'accueil\",\"item\":\"https:\/\/hubsch-interior.com\/fr\/\"},{\"@type\":\"ListItem\",\"position\":2,\"name\":\"Produits\",\"item\":\"https:\/\/hubsch-interior.com\/fr\/shop-2\/\"},{\"@type\":\"ListItem\",\"position\":3,\"name\":\"Meubles\",\"item\":\"https:\/\/hubsch-interior.com\/fr\/categorie-produit\/meubles\/\"},{\"@type\":\"ListItem\",\"position\":4,\"name\":\"Tables\",\"item\":\"https:\/\/hubsch-interior.com\/fr\/categorie-produit\/meubles\/tables-fr\/\"},{\"@type\":\"ListItem\",\"position\":5,\"name\":\"Tables &agrave; manger\",\"item\":\"https:\/\/hubsch-interior.com\/fr\/categorie-produit\/meubles\/tables-fr\/tables-a-manger-fr\/\"},{\"@type\":\"ListItem\",\"position\":6,\"name\":\"Oblique Table \u00e0 manger Ronde Olive\"}]},{\"@type\":\"WebSite\",\"@id\":\"https:\/\/hubsch-interior.com\/fr\/#website\",\"url\":\"https:\/\/hubsch-interior.com\/fr\/\",\"name\":\"H\u00fcbsch\",\"description\":\"Danish Home Interior and Design\",\"publisher\":{\"@id\":\"https:\/\/hubsch-interior.com\/fr\/#organization\"},\"potentialAction\":[{\"@type\":\"SearchAction\",\"target\":{\"@type\":\"EntryPoint\",\"urlTemplate\":\"https:\/\/hubsch-interior.com\/fr\/?s={search_term_string}\"},\"query-input\":{\"@type\":\"PropertyValueSpecification\",\"valueRequired\":true,\"valueName\":\"search_term_string\"}}],\"inLanguage\":\"fr-FR\"},{\"@type\":\"Organization\",\"@id\":\"https:\/\/hubsch-interior.com\/fr\/#organization\",\"name\":\"H\u00fcbsch\",\"url\":\"https:\/\/hubsch-interior.com\/fr\/\",\"logo\":{\"@type\":\"ImageObject\",\"inLanguage\":\"fr-FR\",\"@id\":\"https:\/\/hubsch-interior.com\/fr\/#\/schema\/logo\/image\/\",\"url\":\"https:\/\/hubsch-interior.com\/wp-content\/uploads\/2022\/12\/Hubsch_logo_black_one_line.svg\",\"contentUrl\":\"https:\/\/hubsch-interior.com\/wp-content\/uploads\/2022\/12\/Hubsch_logo_black_one_line.svg\",\"caption\":\"H\u00fcbsch\"},\"image\":{\"@id\":\"https:\/\/hubsch-interior.com\/fr\/#\/schema\/logo\/image\/\"}}]}<\/script>\n<!-- \/ Yoast SEO plugin. -->","yoast_head_json":{"title":"Oblique Table \u00e0 manger Ronde Olive - H\u00fcbsch","description":"D\u00e9couvrez un design qui ancre l'espace et rassemble les gens. La Table \u00e0 manger Oblique en olive profond pr\u00e9sente un plateau en linol\u00e9um mat associ\u00e9 \u00e0 des","robots":{"index":"index","follow":"follow","max-snippet":"max-snippet:-1","max-image-preview":"max-image-preview:large","max-video-preview":"max-video-preview:-1"},"canonical":"https:\/\/hubsch-interior.com\/fr\/wp-json\/wp\/v2\/product\/1071127","og_locale":"fr_FR","og_type":"article","og_title":"Oblique Table \u00e0 manger Ronde Olive - H\u00fcbsch","og_description":"D\u00e9couvrez un design qui ancre l'espace et rassemble les gens. La Table \u00e0 manger Oblique en olive profond pr\u00e9sente un plateau en linol\u00e9um mat associ\u00e9 \u00e0 des","og_url":"https:\/\/hubsch-interior.com\/fr\/produit\/oblique-table-a-manger-ronde-olive\/","og_site_name":"H\u00fcbsch","article_modified_time":"2026-04-09T02:55:41+00:00","og_image":[{"width":1200,"height":1200,"url":"https:\/\/hubsch-interior.com\/wp-content\/uploads\/2025\/09\/oblique-dining-table-round-olive-550ab77700e14ef343ee6b7f35d22c73.jpg","type":"image\/jpeg"}],"twitter_card":"summary_large_image","twitter_misc":{"Dur\u00e9e de lecture estim\u00e9e":"1 minute"},"schema":{"@context":"https:\/\/schema.org","@graph":[{"@type":"WebPage","@id":"https:\/\/hubsch-interior.com\/fr\/produit\/oblique-table-a-manger-ronde-olive\/","url":"https:\/\/hubsch-interior.com\/fr\/produit\/oblique-table-a-manger-ronde-olive\/","name":"Oblique Table \u00e0 manger Ronde Olive - H\u00fcbsch","isPartOf":{"@id":"https:\/\/hubsch-interior.com\/fr\/#website"},"primaryImageOfPage":{"@id":"https:\/\/hubsch-interior.com\/fr\/produit\/oblique-table-a-manger-ronde-olive\/#primaryimage"},"image":{"@id":"https:\/\/hubsch-interior.com\/fr\/produit\/oblique-table-a-manger-ronde-olive\/#primaryimage"},"thumbnailUrl":"https:\/\/hubsch-interior.com\/wp-content\/uploads\/2026\/02\/oblique-dining-table-round-olive-d5e99f282abcf4ccde688bead389f62a.jpg","datePublished":"2025-09-25T11:13:28+00:00","dateModified":"2026-04-09T02:55:41+00:00","description":"D\u00e9couvrez un design qui ancre l'espace et rassemble les gens. La Table \u00e0 manger Oblique en olive profond pr\u00e9sente un plateau en linol\u00e9um mat associ\u00e9 \u00e0 des","breadcrumb":{"@id":"https:\/\/hubsch-interior.com\/fr\/produit\/oblique-table-a-manger-ronde-olive\/#breadcrumb"},"inLanguage":"fr-FR","potentialAction":[{"@type":"ReadAction","target":["https:\/\/hubsch-interior.com\/fr\/produit\/oblique-table-a-manger-ronde-olive\/"]}]},{"@type":"ImageObject","inLanguage":"fr-FR","@id":"https:\/\/hubsch-interior.com\/fr\/produit\/oblique-table-a-manger-ronde-olive\/#primaryimage","url":"https:\/\/hubsch-interior.com\/wp-content\/uploads\/2026\/02\/oblique-dining-table-round-olive-d5e99f282abcf4ccde688bead389f62a.jpg","contentUrl":"https:\/\/hubsch-interior.com\/wp-content\/uploads\/2026\/02\/oblique-dining-table-round-olive-d5e99f282abcf4ccde688bead389f62a.jpg","width":1024,"height":1024},{"@type":"BreadcrumbList","@id":"https:\/\/hubsch-interior.com\/fr\/produit\/oblique-table-a-manger-ronde-olive\/#breadcrumb","itemListElement":[{"@type":"ListItem","position":1,"name":"Page d'accueil","item":"https:\/\/hubsch-interior.com\/fr\/"},{"@type":"ListItem","position":2,"name":"Produits","item":"https:\/\/hubsch-interior.com\/fr\/shop-2\/"},{"@type":"ListItem","position":3,"name":"Meubles","item":"https:\/\/hubsch-interior.com\/fr\/categorie-produit\/meubles\/"},{"@type":"ListItem","position":4,"name":"Tables","item":"https:\/\/hubsch-interior.com\/fr\/categorie-produit\/meubles\/tables-fr\/"},{"@type":"ListItem","position":5,"name":"Tables &agrave; manger","item":"https:\/\/hubsch-interior.com\/fr\/categorie-produit\/meubles\/tables-fr\/tables-a-manger-fr\/"},{"@type":"ListItem","position":6,"name":"Oblique Table \u00e0 manger Ronde Olive"}]},{"@type":"WebSite","@id":"https:\/\/hubsch-interior.com\/fr\/#website","url":"https:\/\/hubsch-interior.com\/fr\/","name":"H\u00fcbsch","description":"Danish Home Interior and Design","publisher":{"@id":"https:\/\/hubsch-interior.com\/fr\/#organization"},"potentialAction":[{"@type":"SearchAction","target":{"@type":"EntryPoint","urlTemplate":"https:\/\/hubsch-interior.com\/fr\/?s={search_term_string}"},"query-input":{"@type":"PropertyValueSpecification","valueRequired":true,"valueName":"search_term_string"}}],"inLanguage":"fr-FR"},{"@type":"Organization","@id":"https:\/\/hubsch-interior.com\/fr\/#organization","name":"H\u00fcbsch","url":"https:\/\/hubsch-interior.com\/fr\/","logo":{"@type":"ImageObject","inLanguage":"fr-FR","@id":"https:\/\/hubsch-interior.com\/fr\/#\/schema\/logo\/image\/","url":"https:\/\/hubsch-interior.com\/wp-content\/uploads\/2022\/12\/Hubsch_logo_black_one_line.svg","contentUrl":"https:\/\/hubsch-interior.com\/wp-content\/uploads\/2022\/12\/Hubsch_logo_black_one_line.svg","caption":"H\u00fcbsch"},"image":{"@id":"https:\/\/hubsch-interior.com\/fr\/#\/schema\/logo\/image\/"}}]}},"_links":{"self":[{"href":"https:\/\/hubsch-interior.com\/fr\/wp-json\/wp\/v2\/product\/1071127","targetHints":{"allow":["GET"]}}],"collection":[{"href":"https:\/\/hubsch-interior.com\/fr\/wp-json\/wp\/v2\/product"}],"about":[{"href":"https:\/\/hubsch-interior.com\/fr\/wp-json\/wp\/v2\/types\/product"}],"wp:featuredmedia":[{"embeddable":true,"href":"https:\/\/hubsch-interior.com\/fr\/wp-json\/wp\/v2\/media\/1104796"}],"wp:attachment":[{"href":"https:\/\/hubsch-interior.com\/fr\/wp-json\/wp\/v2\/media?parent=1071127"}],"wp:term":[{"taxonomy":"product_brand","embeddable":true,"href":"https:\/\/hubsch-interior.com\/fr\/wp-json\/wp\/v2\/product_brand?post=1071127"},{"taxonomy":"product_cat","embeddable":true,"href":"https:\/\/hubsch-interior.com\/fr\/wp-json\/wp\/v2\/product_cat?post=1071127"},{"taxonomy":"product_tag","embeddable":true,"href":"https:\/\/hubsch-interior.com\/fr\/wp-json\/wp\/v2\/product_tag?post=1071127"}],"curies":[{"name":"wp","href":"https:\/\/api.w.org\/{rel}","templated":true}]}}