{"id":1071147,"date":"2025-09-25T13:13:39","date_gmt":"2025-09-25T11:13:39","guid":{"rendered":"https:\/\/hubsch-interior.com\/product\/product\/"},"modified":"2026-04-09T04:55:47","modified_gmt":"2026-04-09T02:55:47","slug":"oblique-table-a-manger-ronde-noir","status":"publish","type":"product","link":"https:\/\/hubsch-interior.com\/fr\/produit\/oblique-table-a-manger-ronde-noir\/","title":{"rendered":"Oblique Table \u00e0 manger Ronde Noir"},"content":{"rendered":"<p>Audacieuse, \u00e9quilibr\u00e9e et con\u00e7ue pour rassembler. La Table \u00e0 manger Oblique en noir associe un \u00e9l\u00e9gant plateau en linol\u00e9um \u00e0 des pieds robustes en ch\u00eane \u2014 un contraste frappant qui allie durabilit\u00e9 et design raffin\u00e9. Ses lignes \u00e9pur\u00e9es et sa tonalit\u00e9 profonde en font un point central naturel, parfait pour des d\u00eeners anim\u00e9s comme pour des repas quotidiens paisibles. Qu&#8217;elle soit styl\u00e9e de mani\u00e8re minimaliste ou cosy et \u00e9clectique, cette table s&#8217;adapte magnifiquement \u00e0 votre espace. Une pi\u00e8ce ma\u00eetresse dot\u00e9e d&#8217;une pr\u00e9sence durable \u2014 solide, graphique et con\u00e7ue pour la connexion.<\/p>\n","protected":false},"excerpt":{"rendered":"<p>Audacieuse, \u00e9quilibr\u00e9e et con\u00e7ue pour rassembler. La Table \u00e0 manger Oblique en noir associe un \u00e9l\u00e9gant plateau en linol\u00e9um \u00e0 des pieds robustes en ch\u00eane \u2014 un contraste frappant qui allie durabilit\u00e9 et design raffin\u00e9. Ses lignes \u00e9pur\u00e9es et sa tonalit\u00e9 profonde en font un point central naturel, parfait pour des d\u00eeners anim\u00e9s comme pour [&hellip;]<\/p>\n","protected":false},"featured_media":1104808,"template":"","meta":{"_acf_changed":false,"inline_featured_image":false},"product_brand":[],"product_cat":[6939,6997,6322,2859,4215],"product_tag":[],"class_list":{"0":"post-1071147","1":"product","2":"type-product","3":"status-publish","4":"has-post-thumbnail","6":"product_cat-additions-fr","7":"product_cat-the-buzz-fr","8":"product_cat-fsc-fr","9":"product_cat-tables-fr","10":"product_cat-tables-a-manger-fr","11":"product_shipping_class-p10","13":"pa_color-noir","14":"pa_material-mdf-fr","15":"pa_material-bois-de-chne-2","16":"pa_material-linolum","18":"first","19":"instock","20":"taxable","21":"shipping-taxable","22":"purchasable","23":"product-type-simple"},"exclude_global_add_ons":[],"addons":[],"acf":[],"yoast_head":"<!-- This site is optimized with the Yoast SEO plugin v26.4 - https:\/\/yoast.com\/wordpress\/plugins\/seo\/ -->\n<title>Oblique Table \u00e0 manger Ronde Noir - H\u00fcbsch<\/title>\n<meta name=\"description\" content=\"Audacieuse, \u00e9quilibr\u00e9e et con\u00e7ue pour rassembler. La Table \u00e0 manger Oblique en noir associe un \u00e9l\u00e9gant plateau en linol\u00e9um \u00e0 des pieds robustes en ch\u00eane \u2014\" \/>\n<meta name=\"robots\" content=\"index, follow, max-snippet:-1, max-image-preview:large, max-video-preview:-1\" \/>\n<link rel=\"canonical\" href=\"https:\/\/hubsch-interior.com\/fr\/wp-json\/wp\/v2\/product\/1071147\" \/>\n<meta property=\"og:locale\" content=\"fr_FR\" \/>\n<meta property=\"og:type\" content=\"article\" \/>\n<meta property=\"og:title\" content=\"Oblique Table \u00e0 manger Ronde Noir - H\u00fcbsch\" \/>\n<meta property=\"og:description\" content=\"Audacieuse, \u00e9quilibr\u00e9e et con\u00e7ue pour rassembler. La Table \u00e0 manger Oblique en noir associe un \u00e9l\u00e9gant plateau en linol\u00e9um \u00e0 des pieds robustes en ch\u00eane \u2014\" \/>\n<meta property=\"og:url\" content=\"https:\/\/hubsch-interior.com\/fr\/produit\/oblique-table-a-manger-ronde-noir\/\" \/>\n<meta property=\"og:site_name\" content=\"H\u00fcbsch\" \/>\n<meta property=\"article:modified_time\" content=\"2026-04-09T02:55:47+00:00\" \/>\n<meta property=\"og:image\" content=\"https:\/\/hubsch-interior.com\/wp-content\/uploads\/2025\/09\/oblique-dining-table-round-black-216f03b5ab6a3bc55653ae0db80a49ad.jpg\" \/>\n\t<meta property=\"og:image:width\" content=\"1200\" \/>\n\t<meta property=\"og:image:height\" content=\"1200\" \/>\n\t<meta property=\"og:image:type\" content=\"image\/jpeg\" \/>\n<meta name=\"twitter:card\" content=\"summary_large_image\" \/>\n<meta name=\"twitter:label1\" content=\"Dur\u00e9e de lecture estim\u00e9e\" \/>\n\t<meta name=\"twitter:data1\" content=\"1 minute\" \/>\n<script type=\"application\/ld+json\" class=\"yoast-schema-graph\">{\"@context\":\"https:\/\/schema.org\",\"@graph\":[{\"@type\":\"WebPage\",\"@id\":\"https:\/\/hubsch-interior.com\/fr\/produit\/oblique-table-a-manger-ronde-noir\/\",\"url\":\"https:\/\/hubsch-interior.com\/fr\/produit\/oblique-table-a-manger-ronde-noir\/\",\"name\":\"Oblique Table \u00e0 manger Ronde Noir - H\u00fcbsch\",\"isPartOf\":{\"@id\":\"https:\/\/hubsch-interior.com\/fr\/#website\"},\"primaryImageOfPage\":{\"@id\":\"https:\/\/hubsch-interior.com\/fr\/produit\/oblique-table-a-manger-ronde-noir\/#primaryimage\"},\"image\":{\"@id\":\"https:\/\/hubsch-interior.com\/fr\/produit\/oblique-table-a-manger-ronde-noir\/#primaryimage\"},\"thumbnailUrl\":\"https:\/\/hubsch-interior.com\/wp-content\/uploads\/2026\/02\/oblique-dining-table-round-black-0d46b3a44fcd11fe74723feda527b5d2.jpg\",\"datePublished\":\"2025-09-25T11:13:39+00:00\",\"dateModified\":\"2026-04-09T02:55:47+00:00\",\"description\":\"Audacieuse, \u00e9quilibr\u00e9e et con\u00e7ue pour rassembler. La Table \u00e0 manger Oblique en noir associe un \u00e9l\u00e9gant plateau en linol\u00e9um \u00e0 des pieds robustes en ch\u00eane \u2014\",\"breadcrumb\":{\"@id\":\"https:\/\/hubsch-interior.com\/fr\/produit\/oblique-table-a-manger-ronde-noir\/#breadcrumb\"},\"inLanguage\":\"fr-FR\",\"potentialAction\":[{\"@type\":\"ReadAction\",\"target\":[\"https:\/\/hubsch-interior.com\/fr\/produit\/oblique-table-a-manger-ronde-noir\/\"]}]},{\"@type\":\"ImageObject\",\"inLanguage\":\"fr-FR\",\"@id\":\"https:\/\/hubsch-interior.com\/fr\/produit\/oblique-table-a-manger-ronde-noir\/#primaryimage\",\"url\":\"https:\/\/hubsch-interior.com\/wp-content\/uploads\/2026\/02\/oblique-dining-table-round-black-0d46b3a44fcd11fe74723feda527b5d2.jpg\",\"contentUrl\":\"https:\/\/hubsch-interior.com\/wp-content\/uploads\/2026\/02\/oblique-dining-table-round-black-0d46b3a44fcd11fe74723feda527b5d2.jpg\",\"width\":1024,\"height\":1024},{\"@type\":\"BreadcrumbList\",\"@id\":\"https:\/\/hubsch-interior.com\/fr\/produit\/oblique-table-a-manger-ronde-noir\/#breadcrumb\",\"itemListElement\":[{\"@type\":\"ListItem\",\"position\":1,\"name\":\"Page d'accueil\",\"item\":\"https:\/\/hubsch-interior.com\/fr\/\"},{\"@type\":\"ListItem\",\"position\":2,\"name\":\"Produits\",\"item\":\"https:\/\/hubsch-interior.com\/fr\/shop-2\/\"},{\"@type\":\"ListItem\",\"position\":3,\"name\":\"Meubles\",\"item\":\"https:\/\/hubsch-interior.com\/fr\/categorie-produit\/meubles\/\"},{\"@type\":\"ListItem\",\"position\":4,\"name\":\"Tables\",\"item\":\"https:\/\/hubsch-interior.com\/fr\/categorie-produit\/meubles\/tables-fr\/\"},{\"@type\":\"ListItem\",\"position\":5,\"name\":\"Tables &agrave; manger\",\"item\":\"https:\/\/hubsch-interior.com\/fr\/categorie-produit\/meubles\/tables-fr\/tables-a-manger-fr\/\"},{\"@type\":\"ListItem\",\"position\":6,\"name\":\"Oblique Table \u00e0 manger Ronde Noir\"}]},{\"@type\":\"WebSite\",\"@id\":\"https:\/\/hubsch-interior.com\/fr\/#website\",\"url\":\"https:\/\/hubsch-interior.com\/fr\/\",\"name\":\"H\u00fcbsch\",\"description\":\"Danish Home Interior and Design\",\"publisher\":{\"@id\":\"https:\/\/hubsch-interior.com\/fr\/#organization\"},\"potentialAction\":[{\"@type\":\"SearchAction\",\"target\":{\"@type\":\"EntryPoint\",\"urlTemplate\":\"https:\/\/hubsch-interior.com\/fr\/?s={search_term_string}\"},\"query-input\":{\"@type\":\"PropertyValueSpecification\",\"valueRequired\":true,\"valueName\":\"search_term_string\"}}],\"inLanguage\":\"fr-FR\"},{\"@type\":\"Organization\",\"@id\":\"https:\/\/hubsch-interior.com\/fr\/#organization\",\"name\":\"H\u00fcbsch\",\"url\":\"https:\/\/hubsch-interior.com\/fr\/\",\"logo\":{\"@type\":\"ImageObject\",\"inLanguage\":\"fr-FR\",\"@id\":\"https:\/\/hubsch-interior.com\/fr\/#\/schema\/logo\/image\/\",\"url\":\"https:\/\/hubsch-interior.com\/wp-content\/uploads\/2022\/12\/Hubsch_logo_black_one_line.svg\",\"contentUrl\":\"https:\/\/hubsch-interior.com\/wp-content\/uploads\/2022\/12\/Hubsch_logo_black_one_line.svg\",\"caption\":\"H\u00fcbsch\"},\"image\":{\"@id\":\"https:\/\/hubsch-interior.com\/fr\/#\/schema\/logo\/image\/\"}}]}<\/script>\n<!-- \/ Yoast SEO plugin. -->","yoast_head_json":{"title":"Oblique Table \u00e0 manger Ronde Noir - H\u00fcbsch","description":"Audacieuse, \u00e9quilibr\u00e9e et con\u00e7ue pour rassembler. La Table \u00e0 manger Oblique en noir associe un \u00e9l\u00e9gant plateau en linol\u00e9um \u00e0 des pieds robustes en ch\u00eane \u2014","robots":{"index":"index","follow":"follow","max-snippet":"max-snippet:-1","max-image-preview":"max-image-preview:large","max-video-preview":"max-video-preview:-1"},"canonical":"https:\/\/hubsch-interior.com\/fr\/wp-json\/wp\/v2\/product\/1071147","og_locale":"fr_FR","og_type":"article","og_title":"Oblique Table \u00e0 manger Ronde Noir - H\u00fcbsch","og_description":"Audacieuse, \u00e9quilibr\u00e9e et con\u00e7ue pour rassembler. La Table \u00e0 manger Oblique en noir associe un \u00e9l\u00e9gant plateau en linol\u00e9um \u00e0 des pieds robustes en ch\u00eane \u2014","og_url":"https:\/\/hubsch-interior.com\/fr\/produit\/oblique-table-a-manger-ronde-noir\/","og_site_name":"H\u00fcbsch","article_modified_time":"2026-04-09T02:55:47+00:00","og_image":[{"width":1200,"height":1200,"url":"https:\/\/hubsch-interior.com\/wp-content\/uploads\/2025\/09\/oblique-dining-table-round-black-216f03b5ab6a3bc55653ae0db80a49ad.jpg","type":"image\/jpeg"}],"twitter_card":"summary_large_image","twitter_misc":{"Dur\u00e9e de lecture estim\u00e9e":"1 minute"},"schema":{"@context":"https:\/\/schema.org","@graph":[{"@type":"WebPage","@id":"https:\/\/hubsch-interior.com\/fr\/produit\/oblique-table-a-manger-ronde-noir\/","url":"https:\/\/hubsch-interior.com\/fr\/produit\/oblique-table-a-manger-ronde-noir\/","name":"Oblique Table \u00e0 manger Ronde Noir - H\u00fcbsch","isPartOf":{"@id":"https:\/\/hubsch-interior.com\/fr\/#website"},"primaryImageOfPage":{"@id":"https:\/\/hubsch-interior.com\/fr\/produit\/oblique-table-a-manger-ronde-noir\/#primaryimage"},"image":{"@id":"https:\/\/hubsch-interior.com\/fr\/produit\/oblique-table-a-manger-ronde-noir\/#primaryimage"},"thumbnailUrl":"https:\/\/hubsch-interior.com\/wp-content\/uploads\/2026\/02\/oblique-dining-table-round-black-0d46b3a44fcd11fe74723feda527b5d2.jpg","datePublished":"2025-09-25T11:13:39+00:00","dateModified":"2026-04-09T02:55:47+00:00","description":"Audacieuse, \u00e9quilibr\u00e9e et con\u00e7ue pour rassembler. La Table \u00e0 manger Oblique en noir associe un \u00e9l\u00e9gant plateau en linol\u00e9um \u00e0 des pieds robustes en ch\u00eane \u2014","breadcrumb":{"@id":"https:\/\/hubsch-interior.com\/fr\/produit\/oblique-table-a-manger-ronde-noir\/#breadcrumb"},"inLanguage":"fr-FR","potentialAction":[{"@type":"ReadAction","target":["https:\/\/hubsch-interior.com\/fr\/produit\/oblique-table-a-manger-ronde-noir\/"]}]},{"@type":"ImageObject","inLanguage":"fr-FR","@id":"https:\/\/hubsch-interior.com\/fr\/produit\/oblique-table-a-manger-ronde-noir\/#primaryimage","url":"https:\/\/hubsch-interior.com\/wp-content\/uploads\/2026\/02\/oblique-dining-table-round-black-0d46b3a44fcd11fe74723feda527b5d2.jpg","contentUrl":"https:\/\/hubsch-interior.com\/wp-content\/uploads\/2026\/02\/oblique-dining-table-round-black-0d46b3a44fcd11fe74723feda527b5d2.jpg","width":1024,"height":1024},{"@type":"BreadcrumbList","@id":"https:\/\/hubsch-interior.com\/fr\/produit\/oblique-table-a-manger-ronde-noir\/#breadcrumb","itemListElement":[{"@type":"ListItem","position":1,"name":"Page d'accueil","item":"https:\/\/hubsch-interior.com\/fr\/"},{"@type":"ListItem","position":2,"name":"Produits","item":"https:\/\/hubsch-interior.com\/fr\/shop-2\/"},{"@type":"ListItem","position":3,"name":"Meubles","item":"https:\/\/hubsch-interior.com\/fr\/categorie-produit\/meubles\/"},{"@type":"ListItem","position":4,"name":"Tables","item":"https:\/\/hubsch-interior.com\/fr\/categorie-produit\/meubles\/tables-fr\/"},{"@type":"ListItem","position":5,"name":"Tables &agrave; manger","item":"https:\/\/hubsch-interior.com\/fr\/categorie-produit\/meubles\/tables-fr\/tables-a-manger-fr\/"},{"@type":"ListItem","position":6,"name":"Oblique Table \u00e0 manger Ronde Noir"}]},{"@type":"WebSite","@id":"https:\/\/hubsch-interior.com\/fr\/#website","url":"https:\/\/hubsch-interior.com\/fr\/","name":"H\u00fcbsch","description":"Danish Home Interior and Design","publisher":{"@id":"https:\/\/hubsch-interior.com\/fr\/#organization"},"potentialAction":[{"@type":"SearchAction","target":{"@type":"EntryPoint","urlTemplate":"https:\/\/hubsch-interior.com\/fr\/?s={search_term_string}"},"query-input":{"@type":"PropertyValueSpecification","valueRequired":true,"valueName":"search_term_string"}}],"inLanguage":"fr-FR"},{"@type":"Organization","@id":"https:\/\/hubsch-interior.com\/fr\/#organization","name":"H\u00fcbsch","url":"https:\/\/hubsch-interior.com\/fr\/","logo":{"@type":"ImageObject","inLanguage":"fr-FR","@id":"https:\/\/hubsch-interior.com\/fr\/#\/schema\/logo\/image\/","url":"https:\/\/hubsch-interior.com\/wp-content\/uploads\/2022\/12\/Hubsch_logo_black_one_line.svg","contentUrl":"https:\/\/hubsch-interior.com\/wp-content\/uploads\/2022\/12\/Hubsch_logo_black_one_line.svg","caption":"H\u00fcbsch"},"image":{"@id":"https:\/\/hubsch-interior.com\/fr\/#\/schema\/logo\/image\/"}}]}},"_links":{"self":[{"href":"https:\/\/hubsch-interior.com\/fr\/wp-json\/wp\/v2\/product\/1071147","targetHints":{"allow":["GET"]}}],"collection":[{"href":"https:\/\/hubsch-interior.com\/fr\/wp-json\/wp\/v2\/product"}],"about":[{"href":"https:\/\/hubsch-interior.com\/fr\/wp-json\/wp\/v2\/types\/product"}],"wp:featuredmedia":[{"embeddable":true,"href":"https:\/\/hubsch-interior.com\/fr\/wp-json\/wp\/v2\/media\/1104808"}],"wp:attachment":[{"href":"https:\/\/hubsch-interior.com\/fr\/wp-json\/wp\/v2\/media?parent=1071147"}],"wp:term":[{"taxonomy":"product_brand","embeddable":true,"href":"https:\/\/hubsch-interior.com\/fr\/wp-json\/wp\/v2\/product_brand?post=1071147"},{"taxonomy":"product_cat","embeddable":true,"href":"https:\/\/hubsch-interior.com\/fr\/wp-json\/wp\/v2\/product_cat?post=1071147"},{"taxonomy":"product_tag","embeddable":true,"href":"https:\/\/hubsch-interior.com\/fr\/wp-json\/wp\/v2\/product_tag?post=1071147"}],"curies":[{"name":"wp","href":"https:\/\/api.w.org\/{rel}","templated":true}]}}