{"id":1071207,"date":"2025-09-25T13:14:04","date_gmt":"2025-09-25T11:14:04","guid":{"rendered":"https:\/\/hubsch-interior.com\/product\/product\/"},"modified":"2026-04-09T04:55:55","modified_gmt":"2026-04-09T02:55:55","slug":"oblique-table-a-manger-rectangulaire-olive","status":"publish","type":"product","link":"https:\/\/hubsch-interior.com\/fr\/produit\/oblique-table-a-manger-rectangulaire-olive\/","title":{"rendered":"Oblique Table \u00e0 manger Rectangulaire Olive"},"content":{"rendered":"<p>Une table con\u00e7ue pour r\u00e9unir, ancr\u00e9e dans la tranquillit\u00e9. La Table \u00e0 manger Oblique en olive profond associe un plateau en linol\u00e9um aux tons riches \u00e0 des pieds robustes en ch\u00eane, m\u00ealant \u00e9l\u00e9gance terreuse \u00e0 fonctionnalit\u00e9 quotidienne. L&#8217;une des trois variantes distinctes, elle est un centre de table \u00e0 la fois fort et subtil \u2014 id\u00e9ale pour les d\u00eeners festifs comme pour les matins tranquilles du dimanche. Sa silhouette \u00e9pur\u00e9e et sa palette de couleurs chaleureuses apportent de la profondeur \u00e0 votre espace sans monopoliser l&#8217;attention. Une invitation discr\u00e8te \u00e0 partager des repas, des histoires et la beaut\u00e9 de l&#8217;\u00eatre ensemble.<\/p>\n","protected":false},"excerpt":{"rendered":"<p>Une table con\u00e7ue pour r\u00e9unir, ancr\u00e9e dans la tranquillit\u00e9. La Table \u00e0 manger Oblique en olive profond associe un plateau en linol\u00e9um aux tons riches \u00e0 des pieds robustes en ch\u00eane, m\u00ealant \u00e9l\u00e9gance terreuse \u00e0 fonctionnalit\u00e9 quotidienne. L&#8217;une des trois variantes distinctes, elle est un centre de table \u00e0 la fois fort et subtil \u2014 [&hellip;]<\/p>\n","protected":false},"featured_media":1104844,"template":"","meta":{"_acf_changed":false,"inline_featured_image":false},"product_brand":[],"product_cat":[6939,6997,6322,2859,4215],"product_tag":[],"class_list":{"0":"post-1071207","1":"product","2":"type-product","3":"status-publish","4":"has-post-thumbnail","6":"product_cat-additions-fr","7":"product_cat-the-buzz-fr","8":"product_cat-fsc-fr","9":"product_cat-tables-fr","10":"product_cat-tables-a-manger-fr","11":"product_shipping_class-p10","13":"pa_color-olive-4","14":"pa_material-mdf-fr","15":"pa_material-bois-de-chne-2","16":"pa_material-linolum","18":"first","19":"instock","20":"taxable","21":"shipping-taxable","22":"purchasable","23":"product-type-simple"},"exclude_global_add_ons":[],"addons":[],"acf":[],"yoast_head":"<!-- This site is optimized with the Yoast SEO plugin v26.4 - https:\/\/yoast.com\/wordpress\/plugins\/seo\/ -->\n<title>Oblique Table \u00e0 manger Rectangulaire Olive - H\u00fcbsch<\/title>\n<meta name=\"description\" content=\"Une table con\u00e7ue pour r\u00e9unir, ancr\u00e9e dans la tranquillit\u00e9. La Table \u00e0 manger Oblique en olive profond associe un plateau en linol\u00e9um aux tons riches \u00e0 des\" \/>\n<meta name=\"robots\" content=\"index, follow, max-snippet:-1, max-image-preview:large, max-video-preview:-1\" \/>\n<link rel=\"canonical\" href=\"https:\/\/hubsch-interior.com\/fr\/wp-json\/wp\/v2\/product\/1071207\" \/>\n<meta property=\"og:locale\" content=\"fr_FR\" \/>\n<meta property=\"og:type\" content=\"article\" \/>\n<meta property=\"og:title\" content=\"Oblique Table \u00e0 manger Rectangulaire Olive - H\u00fcbsch\" \/>\n<meta property=\"og:description\" content=\"Une table con\u00e7ue pour r\u00e9unir, ancr\u00e9e dans la tranquillit\u00e9. La Table \u00e0 manger Oblique en olive profond associe un plateau en linol\u00e9um aux tons riches \u00e0 des\" \/>\n<meta property=\"og:url\" content=\"https:\/\/hubsch-interior.com\/fr\/produit\/oblique-table-a-manger-rectangulaire-olive\/\" \/>\n<meta property=\"og:site_name\" content=\"H\u00fcbsch\" \/>\n<meta property=\"article:modified_time\" content=\"2026-04-09T02:55:55+00:00\" \/>\n<meta property=\"og:image\" content=\"https:\/\/hubsch-interior.com\/wp-content\/uploads\/2025\/09\/oblique-dining-table-rectangular-olive-4a5cbb7935ee8a3b9793468676b7dcfc.jpg\" \/>\n\t<meta property=\"og:image:width\" content=\"1200\" \/>\n\t<meta property=\"og:image:height\" content=\"1200\" \/>\n\t<meta property=\"og:image:type\" content=\"image\/jpeg\" \/>\n<meta name=\"twitter:card\" content=\"summary_large_image\" \/>\n<meta name=\"twitter:label1\" content=\"Dur\u00e9e de lecture estim\u00e9e\" \/>\n\t<meta name=\"twitter:data1\" content=\"1 minute\" \/>\n<script type=\"application\/ld+json\" class=\"yoast-schema-graph\">{\"@context\":\"https:\/\/schema.org\",\"@graph\":[{\"@type\":\"WebPage\",\"@id\":\"https:\/\/hubsch-interior.com\/fr\/produit\/oblique-table-a-manger-rectangulaire-olive\/\",\"url\":\"https:\/\/hubsch-interior.com\/fr\/produit\/oblique-table-a-manger-rectangulaire-olive\/\",\"name\":\"Oblique Table \u00e0 manger Rectangulaire Olive - H\u00fcbsch\",\"isPartOf\":{\"@id\":\"https:\/\/hubsch-interior.com\/fr\/#website\"},\"primaryImageOfPage\":{\"@id\":\"https:\/\/hubsch-interior.com\/fr\/produit\/oblique-table-a-manger-rectangulaire-olive\/#primaryimage\"},\"image\":{\"@id\":\"https:\/\/hubsch-interior.com\/fr\/produit\/oblique-table-a-manger-rectangulaire-olive\/#primaryimage\"},\"thumbnailUrl\":\"https:\/\/hubsch-interior.com\/wp-content\/uploads\/2026\/02\/oblique-dining-table-rectangular-olive-62368d2fe8a69a962049bef314e1d64d.jpg\",\"datePublished\":\"2025-09-25T11:14:04+00:00\",\"dateModified\":\"2026-04-09T02:55:55+00:00\",\"description\":\"Une table con\u00e7ue pour r\u00e9unir, ancr\u00e9e dans la tranquillit\u00e9. La Table \u00e0 manger Oblique en olive profond associe un plateau en linol\u00e9um aux tons riches \u00e0 des\",\"breadcrumb\":{\"@id\":\"https:\/\/hubsch-interior.com\/fr\/produit\/oblique-table-a-manger-rectangulaire-olive\/#breadcrumb\"},\"inLanguage\":\"fr-FR\",\"potentialAction\":[{\"@type\":\"ReadAction\",\"target\":[\"https:\/\/hubsch-interior.com\/fr\/produit\/oblique-table-a-manger-rectangulaire-olive\/\"]}]},{\"@type\":\"ImageObject\",\"inLanguage\":\"fr-FR\",\"@id\":\"https:\/\/hubsch-interior.com\/fr\/produit\/oblique-table-a-manger-rectangulaire-olive\/#primaryimage\",\"url\":\"https:\/\/hubsch-interior.com\/wp-content\/uploads\/2026\/02\/oblique-dining-table-rectangular-olive-62368d2fe8a69a962049bef314e1d64d.jpg\",\"contentUrl\":\"https:\/\/hubsch-interior.com\/wp-content\/uploads\/2026\/02\/oblique-dining-table-rectangular-olive-62368d2fe8a69a962049bef314e1d64d.jpg\",\"width\":1024,\"height\":1024},{\"@type\":\"BreadcrumbList\",\"@id\":\"https:\/\/hubsch-interior.com\/fr\/produit\/oblique-table-a-manger-rectangulaire-olive\/#breadcrumb\",\"itemListElement\":[{\"@type\":\"ListItem\",\"position\":1,\"name\":\"Page d'accueil\",\"item\":\"https:\/\/hubsch-interior.com\/fr\/\"},{\"@type\":\"ListItem\",\"position\":2,\"name\":\"Produits\",\"item\":\"https:\/\/hubsch-interior.com\/fr\/shop-2\/\"},{\"@type\":\"ListItem\",\"position\":3,\"name\":\"Meubles\",\"item\":\"https:\/\/hubsch-interior.com\/fr\/categorie-produit\/meubles\/\"},{\"@type\":\"ListItem\",\"position\":4,\"name\":\"Tables\",\"item\":\"https:\/\/hubsch-interior.com\/fr\/categorie-produit\/meubles\/tables-fr\/\"},{\"@type\":\"ListItem\",\"position\":5,\"name\":\"Tables &agrave; manger\",\"item\":\"https:\/\/hubsch-interior.com\/fr\/categorie-produit\/meubles\/tables-fr\/tables-a-manger-fr\/\"},{\"@type\":\"ListItem\",\"position\":6,\"name\":\"Oblique Table \u00e0 manger Rectangulaire Olive\"}]},{\"@type\":\"WebSite\",\"@id\":\"https:\/\/hubsch-interior.com\/fr\/#website\",\"url\":\"https:\/\/hubsch-interior.com\/fr\/\",\"name\":\"H\u00fcbsch\",\"description\":\"Danish Home Interior and Design\",\"publisher\":{\"@id\":\"https:\/\/hubsch-interior.com\/fr\/#organization\"},\"potentialAction\":[{\"@type\":\"SearchAction\",\"target\":{\"@type\":\"EntryPoint\",\"urlTemplate\":\"https:\/\/hubsch-interior.com\/fr\/?s={search_term_string}\"},\"query-input\":{\"@type\":\"PropertyValueSpecification\",\"valueRequired\":true,\"valueName\":\"search_term_string\"}}],\"inLanguage\":\"fr-FR\"},{\"@type\":\"Organization\",\"@id\":\"https:\/\/hubsch-interior.com\/fr\/#organization\",\"name\":\"H\u00fcbsch\",\"url\":\"https:\/\/hubsch-interior.com\/fr\/\",\"logo\":{\"@type\":\"ImageObject\",\"inLanguage\":\"fr-FR\",\"@id\":\"https:\/\/hubsch-interior.com\/fr\/#\/schema\/logo\/image\/\",\"url\":\"https:\/\/hubsch-interior.com\/wp-content\/uploads\/2022\/12\/Hubsch_logo_black_one_line.svg\",\"contentUrl\":\"https:\/\/hubsch-interior.com\/wp-content\/uploads\/2022\/12\/Hubsch_logo_black_one_line.svg\",\"caption\":\"H\u00fcbsch\"},\"image\":{\"@id\":\"https:\/\/hubsch-interior.com\/fr\/#\/schema\/logo\/image\/\"}}]}<\/script>\n<!-- \/ Yoast SEO plugin. -->","yoast_head_json":{"title":"Oblique Table \u00e0 manger Rectangulaire Olive - H\u00fcbsch","description":"Une table con\u00e7ue pour r\u00e9unir, ancr\u00e9e dans la tranquillit\u00e9. La Table \u00e0 manger Oblique en olive profond associe un plateau en linol\u00e9um aux tons riches \u00e0 des","robots":{"index":"index","follow":"follow","max-snippet":"max-snippet:-1","max-image-preview":"max-image-preview:large","max-video-preview":"max-video-preview:-1"},"canonical":"https:\/\/hubsch-interior.com\/fr\/wp-json\/wp\/v2\/product\/1071207","og_locale":"fr_FR","og_type":"article","og_title":"Oblique Table \u00e0 manger Rectangulaire Olive - H\u00fcbsch","og_description":"Une table con\u00e7ue pour r\u00e9unir, ancr\u00e9e dans la tranquillit\u00e9. La Table \u00e0 manger Oblique en olive profond associe un plateau en linol\u00e9um aux tons riches \u00e0 des","og_url":"https:\/\/hubsch-interior.com\/fr\/produit\/oblique-table-a-manger-rectangulaire-olive\/","og_site_name":"H\u00fcbsch","article_modified_time":"2026-04-09T02:55:55+00:00","og_image":[{"width":1200,"height":1200,"url":"https:\/\/hubsch-interior.com\/wp-content\/uploads\/2025\/09\/oblique-dining-table-rectangular-olive-4a5cbb7935ee8a3b9793468676b7dcfc.jpg","type":"image\/jpeg"}],"twitter_card":"summary_large_image","twitter_misc":{"Dur\u00e9e de lecture estim\u00e9e":"1 minute"},"schema":{"@context":"https:\/\/schema.org","@graph":[{"@type":"WebPage","@id":"https:\/\/hubsch-interior.com\/fr\/produit\/oblique-table-a-manger-rectangulaire-olive\/","url":"https:\/\/hubsch-interior.com\/fr\/produit\/oblique-table-a-manger-rectangulaire-olive\/","name":"Oblique Table \u00e0 manger Rectangulaire Olive - H\u00fcbsch","isPartOf":{"@id":"https:\/\/hubsch-interior.com\/fr\/#website"},"primaryImageOfPage":{"@id":"https:\/\/hubsch-interior.com\/fr\/produit\/oblique-table-a-manger-rectangulaire-olive\/#primaryimage"},"image":{"@id":"https:\/\/hubsch-interior.com\/fr\/produit\/oblique-table-a-manger-rectangulaire-olive\/#primaryimage"},"thumbnailUrl":"https:\/\/hubsch-interior.com\/wp-content\/uploads\/2026\/02\/oblique-dining-table-rectangular-olive-62368d2fe8a69a962049bef314e1d64d.jpg","datePublished":"2025-09-25T11:14:04+00:00","dateModified":"2026-04-09T02:55:55+00:00","description":"Une table con\u00e7ue pour r\u00e9unir, ancr\u00e9e dans la tranquillit\u00e9. La Table \u00e0 manger Oblique en olive profond associe un plateau en linol\u00e9um aux tons riches \u00e0 des","breadcrumb":{"@id":"https:\/\/hubsch-interior.com\/fr\/produit\/oblique-table-a-manger-rectangulaire-olive\/#breadcrumb"},"inLanguage":"fr-FR","potentialAction":[{"@type":"ReadAction","target":["https:\/\/hubsch-interior.com\/fr\/produit\/oblique-table-a-manger-rectangulaire-olive\/"]}]},{"@type":"ImageObject","inLanguage":"fr-FR","@id":"https:\/\/hubsch-interior.com\/fr\/produit\/oblique-table-a-manger-rectangulaire-olive\/#primaryimage","url":"https:\/\/hubsch-interior.com\/wp-content\/uploads\/2026\/02\/oblique-dining-table-rectangular-olive-62368d2fe8a69a962049bef314e1d64d.jpg","contentUrl":"https:\/\/hubsch-interior.com\/wp-content\/uploads\/2026\/02\/oblique-dining-table-rectangular-olive-62368d2fe8a69a962049bef314e1d64d.jpg","width":1024,"height":1024},{"@type":"BreadcrumbList","@id":"https:\/\/hubsch-interior.com\/fr\/produit\/oblique-table-a-manger-rectangulaire-olive\/#breadcrumb","itemListElement":[{"@type":"ListItem","position":1,"name":"Page d'accueil","item":"https:\/\/hubsch-interior.com\/fr\/"},{"@type":"ListItem","position":2,"name":"Produits","item":"https:\/\/hubsch-interior.com\/fr\/shop-2\/"},{"@type":"ListItem","position":3,"name":"Meubles","item":"https:\/\/hubsch-interior.com\/fr\/categorie-produit\/meubles\/"},{"@type":"ListItem","position":4,"name":"Tables","item":"https:\/\/hubsch-interior.com\/fr\/categorie-produit\/meubles\/tables-fr\/"},{"@type":"ListItem","position":5,"name":"Tables &agrave; manger","item":"https:\/\/hubsch-interior.com\/fr\/categorie-produit\/meubles\/tables-fr\/tables-a-manger-fr\/"},{"@type":"ListItem","position":6,"name":"Oblique Table \u00e0 manger Rectangulaire Olive"}]},{"@type":"WebSite","@id":"https:\/\/hubsch-interior.com\/fr\/#website","url":"https:\/\/hubsch-interior.com\/fr\/","name":"H\u00fcbsch","description":"Danish Home Interior and Design","publisher":{"@id":"https:\/\/hubsch-interior.com\/fr\/#organization"},"potentialAction":[{"@type":"SearchAction","target":{"@type":"EntryPoint","urlTemplate":"https:\/\/hubsch-interior.com\/fr\/?s={search_term_string}"},"query-input":{"@type":"PropertyValueSpecification","valueRequired":true,"valueName":"search_term_string"}}],"inLanguage":"fr-FR"},{"@type":"Organization","@id":"https:\/\/hubsch-interior.com\/fr\/#organization","name":"H\u00fcbsch","url":"https:\/\/hubsch-interior.com\/fr\/","logo":{"@type":"ImageObject","inLanguage":"fr-FR","@id":"https:\/\/hubsch-interior.com\/fr\/#\/schema\/logo\/image\/","url":"https:\/\/hubsch-interior.com\/wp-content\/uploads\/2022\/12\/Hubsch_logo_black_one_line.svg","contentUrl":"https:\/\/hubsch-interior.com\/wp-content\/uploads\/2022\/12\/Hubsch_logo_black_one_line.svg","caption":"H\u00fcbsch"},"image":{"@id":"https:\/\/hubsch-interior.com\/fr\/#\/schema\/logo\/image\/"}}]}},"_links":{"self":[{"href":"https:\/\/hubsch-interior.com\/fr\/wp-json\/wp\/v2\/product\/1071207","targetHints":{"allow":["GET"]}}],"collection":[{"href":"https:\/\/hubsch-interior.com\/fr\/wp-json\/wp\/v2\/product"}],"about":[{"href":"https:\/\/hubsch-interior.com\/fr\/wp-json\/wp\/v2\/types\/product"}],"wp:featuredmedia":[{"embeddable":true,"href":"https:\/\/hubsch-interior.com\/fr\/wp-json\/wp\/v2\/media\/1104844"}],"wp:attachment":[{"href":"https:\/\/hubsch-interior.com\/fr\/wp-json\/wp\/v2\/media?parent=1071207"}],"wp:term":[{"taxonomy":"product_brand","embeddable":true,"href":"https:\/\/hubsch-interior.com\/fr\/wp-json\/wp\/v2\/product_brand?post=1071207"},{"taxonomy":"product_cat","embeddable":true,"href":"https:\/\/hubsch-interior.com\/fr\/wp-json\/wp\/v2\/product_cat?post=1071207"},{"taxonomy":"product_tag","embeddable":true,"href":"https:\/\/hubsch-interior.com\/fr\/wp-json\/wp\/v2\/product_tag?post=1071207"}],"curies":[{"name":"wp","href":"https:\/\/api.w.org\/{rel}","templated":true}]}}