{"id":1071247,"date":"2025-09-25T13:14:41","date_gmt":"2025-09-25T11:14:41","guid":{"rendered":"https:\/\/hubsch-interior.com\/product\/product\/"},"modified":"2026-04-09T04:56:10","modified_gmt":"2026-04-09T02:56:10","slug":"oblique-bureau-gris","status":"publish","type":"product","link":"https:\/\/hubsch-interior.com\/fr\/produit\/oblique-bureau-gris\/","title":{"rendered":"Oblique Bureau Gris"},"content":{"rendered":"<p>Une surface \u00e9pur\u00e9e, con\u00e7ue pour de grandes id\u00e9es. L&#8217;Oblique Bureau apporte une concentration tranquille \u00e0 votre domicile avec son plateau en linol\u00e9um gris clair et ses robustes pieds en ch\u00eane \u2014 un subtil m\u00e9lange de texture et de tonalit\u00e9. Fabriqu\u00e9 \u00e0 partir de bois certifi\u00e9 FSC, il allie design responsable et durabilit\u00e9 quotidienne. Que vous soyez en train de dessiner, de planifier ou plong\u00e9 dans vos courriels, ce bureau soutient votre rythme avec \u00e9l\u00e9gance et intention. Un espace de travail raffin\u00e9 o\u00f9 la cr\u00e9ativit\u00e9 se sent parfaitement \u00e0 sa place.<\/p>\n","protected":false},"excerpt":{"rendered":"<p>Une surface \u00e9pur\u00e9e, con\u00e7ue pour de grandes id\u00e9es. L&#8217;Oblique Bureau apporte une concentration tranquille \u00e0 votre domicile avec son plateau en linol\u00e9um gris clair et ses robustes pieds en ch\u00eane \u2014 un subtil m\u00e9lange de texture et de tonalit\u00e9. Fabriqu\u00e9 \u00e0 partir de bois certifi\u00e9 FSC, il allie design responsable et durabilit\u00e9 quotidienne. Que vous [&hellip;]<\/p>\n","protected":false},"featured_media":1104960,"template":"","meta":{"_acf_changed":false,"inline_featured_image":false},"product_brand":[],"product_cat":[6939,6997,6322,2859,2905,4215],"product_tag":[],"class_list":{"0":"post-1071247","1":"product","2":"type-product","3":"status-publish","4":"has-post-thumbnail","6":"product_cat-additions-fr","7":"product_cat-the-buzz-fr","8":"product_cat-fsc-fr","9":"product_cat-tables-fr","10":"product_cat-bureaux-fr","11":"product_cat-tables-a-manger-fr","12":"product_shipping_class-p10","14":"pa_color-gris-2","15":"pa_material-mdf-fr","16":"pa_material-bois-de-chne-2","17":"pa_material-linolum","19":"first","20":"instock","21":"taxable","22":"shipping-taxable","23":"purchasable","24":"product-type-simple"},"exclude_global_add_ons":[],"addons":[],"acf":[],"yoast_head":"<!-- This site is optimized with the Yoast SEO plugin v26.4 - https:\/\/yoast.com\/wordpress\/plugins\/seo\/ -->\n<title>Oblique Bureau Gris - H\u00fcbsch<\/title>\n<meta name=\"description\" content=\"Une surface \u00e9pur\u00e9e, con\u00e7ue pour de grandes id\u00e9es. L&#039;Oblique Bureau apporte une concentration tranquille \u00e0 votre domicile avec son plateau en linol\u00e9um gris\" \/>\n<meta name=\"robots\" content=\"index, follow, max-snippet:-1, max-image-preview:large, max-video-preview:-1\" \/>\n<link rel=\"canonical\" href=\"https:\/\/hubsch-interior.com\/fr\/wp-json\/wp\/v2\/product\/1071247\" \/>\n<meta property=\"og:locale\" content=\"fr_FR\" \/>\n<meta property=\"og:type\" content=\"article\" \/>\n<meta property=\"og:title\" content=\"Oblique Bureau Gris - H\u00fcbsch\" \/>\n<meta property=\"og:description\" content=\"Une surface \u00e9pur\u00e9e, con\u00e7ue pour de grandes id\u00e9es. L&#039;Oblique Bureau apporte une concentration tranquille \u00e0 votre domicile avec son plateau en linol\u00e9um gris\" \/>\n<meta property=\"og:url\" content=\"https:\/\/hubsch-interior.com\/fr\/produit\/oblique-bureau-gris\/\" \/>\n<meta property=\"og:site_name\" content=\"H\u00fcbsch\" \/>\n<meta property=\"article:modified_time\" content=\"2026-04-09T02:56:10+00:00\" \/>\n<meta property=\"og:image\" content=\"https:\/\/hubsch-interior.com\/wp-content\/uploads\/2025\/09\/oblique-desk-grey-560c686957ee889c4447911ea6e1c001.jpg\" \/>\n\t<meta property=\"og:image:width\" content=\"400\" \/>\n\t<meta property=\"og:image:height\" content=\"400\" \/>\n\t<meta property=\"og:image:type\" content=\"image\/jpeg\" \/>\n<meta name=\"twitter:card\" content=\"summary_large_image\" \/>\n<script type=\"application\/ld+json\" class=\"yoast-schema-graph\">{\"@context\":\"https:\/\/schema.org\",\"@graph\":[{\"@type\":\"WebPage\",\"@id\":\"https:\/\/hubsch-interior.com\/fr\/produit\/oblique-bureau-gris\/\",\"url\":\"https:\/\/hubsch-interior.com\/fr\/produit\/oblique-bureau-gris\/\",\"name\":\"Oblique Bureau Gris - H\u00fcbsch\",\"isPartOf\":{\"@id\":\"https:\/\/hubsch-interior.com\/fr\/#website\"},\"primaryImageOfPage\":{\"@id\":\"https:\/\/hubsch-interior.com\/fr\/produit\/oblique-bureau-gris\/#primaryimage\"},\"image\":{\"@id\":\"https:\/\/hubsch-interior.com\/fr\/produit\/oblique-bureau-gris\/#primaryimage\"},\"thumbnailUrl\":\"https:\/\/hubsch-interior.com\/wp-content\/uploads\/2026\/02\/oblique-desk-grey-ab20bbe5ea606a20e3c6c276c870db71.jpg\",\"datePublished\":\"2025-09-25T11:14:41+00:00\",\"dateModified\":\"2026-04-09T02:56:10+00:00\",\"description\":\"Une surface \u00e9pur\u00e9e, con\u00e7ue pour de grandes id\u00e9es. L'Oblique Bureau apporte une concentration tranquille \u00e0 votre domicile avec son plateau en linol\u00e9um gris\",\"breadcrumb\":{\"@id\":\"https:\/\/hubsch-interior.com\/fr\/produit\/oblique-bureau-gris\/#breadcrumb\"},\"inLanguage\":\"fr-FR\",\"potentialAction\":[{\"@type\":\"ReadAction\",\"target\":[\"https:\/\/hubsch-interior.com\/fr\/produit\/oblique-bureau-gris\/\"]}]},{\"@type\":\"ImageObject\",\"inLanguage\":\"fr-FR\",\"@id\":\"https:\/\/hubsch-interior.com\/fr\/produit\/oblique-bureau-gris\/#primaryimage\",\"url\":\"https:\/\/hubsch-interior.com\/wp-content\/uploads\/2026\/02\/oblique-desk-grey-ab20bbe5ea606a20e3c6c276c870db71.jpg\",\"contentUrl\":\"https:\/\/hubsch-interior.com\/wp-content\/uploads\/2026\/02\/oblique-desk-grey-ab20bbe5ea606a20e3c6c276c870db71.jpg\",\"width\":1024,\"height\":1024},{\"@type\":\"BreadcrumbList\",\"@id\":\"https:\/\/hubsch-interior.com\/fr\/produit\/oblique-bureau-gris\/#breadcrumb\",\"itemListElement\":[{\"@type\":\"ListItem\",\"position\":1,\"name\":\"Page d'accueil\",\"item\":\"https:\/\/hubsch-interior.com\/fr\/\"},{\"@type\":\"ListItem\",\"position\":2,\"name\":\"Produits\",\"item\":\"https:\/\/hubsch-interior.com\/fr\/shop-2\/\"},{\"@type\":\"ListItem\",\"position\":3,\"name\":\"Meubles\",\"item\":\"https:\/\/hubsch-interior.com\/fr\/categorie-produit\/meubles\/\"},{\"@type\":\"ListItem\",\"position\":4,\"name\":\"Tables\",\"item\":\"https:\/\/hubsch-interior.com\/fr\/categorie-produit\/meubles\/tables-fr\/\"},{\"@type\":\"ListItem\",\"position\":5,\"name\":\"Bureaux\",\"item\":\"https:\/\/hubsch-interior.com\/fr\/categorie-produit\/meubles\/tables-fr\/bureaux-fr\/\"},{\"@type\":\"ListItem\",\"position\":6,\"name\":\"Oblique Bureau Gris\"}]},{\"@type\":\"WebSite\",\"@id\":\"https:\/\/hubsch-interior.com\/fr\/#website\",\"url\":\"https:\/\/hubsch-interior.com\/fr\/\",\"name\":\"H\u00fcbsch\",\"description\":\"Danish Home Interior and Design\",\"publisher\":{\"@id\":\"https:\/\/hubsch-interior.com\/fr\/#organization\"},\"potentialAction\":[{\"@type\":\"SearchAction\",\"target\":{\"@type\":\"EntryPoint\",\"urlTemplate\":\"https:\/\/hubsch-interior.com\/fr\/?s={search_term_string}\"},\"query-input\":{\"@type\":\"PropertyValueSpecification\",\"valueRequired\":true,\"valueName\":\"search_term_string\"}}],\"inLanguage\":\"fr-FR\"},{\"@type\":\"Organization\",\"@id\":\"https:\/\/hubsch-interior.com\/fr\/#organization\",\"name\":\"H\u00fcbsch\",\"url\":\"https:\/\/hubsch-interior.com\/fr\/\",\"logo\":{\"@type\":\"ImageObject\",\"inLanguage\":\"fr-FR\",\"@id\":\"https:\/\/hubsch-interior.com\/fr\/#\/schema\/logo\/image\/\",\"url\":\"https:\/\/hubsch-interior.com\/wp-content\/uploads\/2022\/12\/Hubsch_logo_black_one_line.svg\",\"contentUrl\":\"https:\/\/hubsch-interior.com\/wp-content\/uploads\/2022\/12\/Hubsch_logo_black_one_line.svg\",\"caption\":\"H\u00fcbsch\"},\"image\":{\"@id\":\"https:\/\/hubsch-interior.com\/fr\/#\/schema\/logo\/image\/\"}}]}<\/script>\n<!-- \/ Yoast SEO plugin. -->","yoast_head_json":{"title":"Oblique Bureau Gris - H\u00fcbsch","description":"Une surface \u00e9pur\u00e9e, con\u00e7ue pour de grandes id\u00e9es. L'Oblique Bureau apporte une concentration tranquille \u00e0 votre domicile avec son plateau en linol\u00e9um gris","robots":{"index":"index","follow":"follow","max-snippet":"max-snippet:-1","max-image-preview":"max-image-preview:large","max-video-preview":"max-video-preview:-1"},"canonical":"https:\/\/hubsch-interior.com\/fr\/wp-json\/wp\/v2\/product\/1071247","og_locale":"fr_FR","og_type":"article","og_title":"Oblique Bureau Gris - H\u00fcbsch","og_description":"Une surface \u00e9pur\u00e9e, con\u00e7ue pour de grandes id\u00e9es. L'Oblique Bureau apporte une concentration tranquille \u00e0 votre domicile avec son plateau en linol\u00e9um gris","og_url":"https:\/\/hubsch-interior.com\/fr\/produit\/oblique-bureau-gris\/","og_site_name":"H\u00fcbsch","article_modified_time":"2026-04-09T02:56:10+00:00","og_image":[{"width":400,"height":400,"url":"https:\/\/hubsch-interior.com\/wp-content\/uploads\/2025\/09\/oblique-desk-grey-560c686957ee889c4447911ea6e1c001.jpg","type":"image\/jpeg"}],"twitter_card":"summary_large_image","schema":{"@context":"https:\/\/schema.org","@graph":[{"@type":"WebPage","@id":"https:\/\/hubsch-interior.com\/fr\/produit\/oblique-bureau-gris\/","url":"https:\/\/hubsch-interior.com\/fr\/produit\/oblique-bureau-gris\/","name":"Oblique Bureau Gris - H\u00fcbsch","isPartOf":{"@id":"https:\/\/hubsch-interior.com\/fr\/#website"},"primaryImageOfPage":{"@id":"https:\/\/hubsch-interior.com\/fr\/produit\/oblique-bureau-gris\/#primaryimage"},"image":{"@id":"https:\/\/hubsch-interior.com\/fr\/produit\/oblique-bureau-gris\/#primaryimage"},"thumbnailUrl":"https:\/\/hubsch-interior.com\/wp-content\/uploads\/2026\/02\/oblique-desk-grey-ab20bbe5ea606a20e3c6c276c870db71.jpg","datePublished":"2025-09-25T11:14:41+00:00","dateModified":"2026-04-09T02:56:10+00:00","description":"Une surface \u00e9pur\u00e9e, con\u00e7ue pour de grandes id\u00e9es. L'Oblique Bureau apporte une concentration tranquille \u00e0 votre domicile avec son plateau en linol\u00e9um gris","breadcrumb":{"@id":"https:\/\/hubsch-interior.com\/fr\/produit\/oblique-bureau-gris\/#breadcrumb"},"inLanguage":"fr-FR","potentialAction":[{"@type":"ReadAction","target":["https:\/\/hubsch-interior.com\/fr\/produit\/oblique-bureau-gris\/"]}]},{"@type":"ImageObject","inLanguage":"fr-FR","@id":"https:\/\/hubsch-interior.com\/fr\/produit\/oblique-bureau-gris\/#primaryimage","url":"https:\/\/hubsch-interior.com\/wp-content\/uploads\/2026\/02\/oblique-desk-grey-ab20bbe5ea606a20e3c6c276c870db71.jpg","contentUrl":"https:\/\/hubsch-interior.com\/wp-content\/uploads\/2026\/02\/oblique-desk-grey-ab20bbe5ea606a20e3c6c276c870db71.jpg","width":1024,"height":1024},{"@type":"BreadcrumbList","@id":"https:\/\/hubsch-interior.com\/fr\/produit\/oblique-bureau-gris\/#breadcrumb","itemListElement":[{"@type":"ListItem","position":1,"name":"Page d'accueil","item":"https:\/\/hubsch-interior.com\/fr\/"},{"@type":"ListItem","position":2,"name":"Produits","item":"https:\/\/hubsch-interior.com\/fr\/shop-2\/"},{"@type":"ListItem","position":3,"name":"Meubles","item":"https:\/\/hubsch-interior.com\/fr\/categorie-produit\/meubles\/"},{"@type":"ListItem","position":4,"name":"Tables","item":"https:\/\/hubsch-interior.com\/fr\/categorie-produit\/meubles\/tables-fr\/"},{"@type":"ListItem","position":5,"name":"Bureaux","item":"https:\/\/hubsch-interior.com\/fr\/categorie-produit\/meubles\/tables-fr\/bureaux-fr\/"},{"@type":"ListItem","position":6,"name":"Oblique Bureau Gris"}]},{"@type":"WebSite","@id":"https:\/\/hubsch-interior.com\/fr\/#website","url":"https:\/\/hubsch-interior.com\/fr\/","name":"H\u00fcbsch","description":"Danish Home Interior and Design","publisher":{"@id":"https:\/\/hubsch-interior.com\/fr\/#organization"},"potentialAction":[{"@type":"SearchAction","target":{"@type":"EntryPoint","urlTemplate":"https:\/\/hubsch-interior.com\/fr\/?s={search_term_string}"},"query-input":{"@type":"PropertyValueSpecification","valueRequired":true,"valueName":"search_term_string"}}],"inLanguage":"fr-FR"},{"@type":"Organization","@id":"https:\/\/hubsch-interior.com\/fr\/#organization","name":"H\u00fcbsch","url":"https:\/\/hubsch-interior.com\/fr\/","logo":{"@type":"ImageObject","inLanguage":"fr-FR","@id":"https:\/\/hubsch-interior.com\/fr\/#\/schema\/logo\/image\/","url":"https:\/\/hubsch-interior.com\/wp-content\/uploads\/2022\/12\/Hubsch_logo_black_one_line.svg","contentUrl":"https:\/\/hubsch-interior.com\/wp-content\/uploads\/2022\/12\/Hubsch_logo_black_one_line.svg","caption":"H\u00fcbsch"},"image":{"@id":"https:\/\/hubsch-interior.com\/fr\/#\/schema\/logo\/image\/"}}]}},"_links":{"self":[{"href":"https:\/\/hubsch-interior.com\/fr\/wp-json\/wp\/v2\/product\/1071247","targetHints":{"allow":["GET"]}}],"collection":[{"href":"https:\/\/hubsch-interior.com\/fr\/wp-json\/wp\/v2\/product"}],"about":[{"href":"https:\/\/hubsch-interior.com\/fr\/wp-json\/wp\/v2\/types\/product"}],"wp:featuredmedia":[{"embeddable":true,"href":"https:\/\/hubsch-interior.com\/fr\/wp-json\/wp\/v2\/media\/1104960"}],"wp:attachment":[{"href":"https:\/\/hubsch-interior.com\/fr\/wp-json\/wp\/v2\/media?parent=1071247"}],"wp:term":[{"taxonomy":"product_brand","embeddable":true,"href":"https:\/\/hubsch-interior.com\/fr\/wp-json\/wp\/v2\/product_brand?post=1071247"},{"taxonomy":"product_cat","embeddable":true,"href":"https:\/\/hubsch-interior.com\/fr\/wp-json\/wp\/v2\/product_cat?post=1071247"},{"taxonomy":"product_tag","embeddable":true,"href":"https:\/\/hubsch-interior.com\/fr\/wp-json\/wp\/v2\/product_tag?post=1071247"}],"curies":[{"name":"wp","href":"https:\/\/api.w.org\/{rel}","templated":true}]}}