{"id":1071263,"date":"2025-09-25T13:14:55","date_gmt":"2025-09-25T11:14:55","guid":{"rendered":"https:\/\/hubsch-interior.com\/product\/product\/"},"modified":"2026-04-04T04:58:03","modified_gmt":"2026-04-04T02:58:03","slug":"oblique-bureau-olive","status":"publish","type":"product","link":"https:\/\/hubsch-interior.com\/fr\/produit\/oblique-bureau-olive\/","title":{"rendered":"Oblique Bureau Olive"},"content":{"rendered":"<p>Con\u00e7u pour la concentration, fa\u00e7onn\u00e9 avec s\u00e9r\u00e9nit\u00e9. L&#8217;Oblique Bureau en gris clair associe un plateau en linol\u00e9um lisse \u00e0 des pieds en ch\u00eane massif, alliant une couleur douce \u00e0 une structure audacieuse. Fabriqu\u00e9 en bois certifi\u00e9 FSC, il soutient \u00e0 la fois votre flux de travail et vos valeurs avec une qualit\u00e9 durable et une empreinte consciente. Sa forme minimaliste et ses tons att\u00e9nu\u00e9s cr\u00e9ent une atmosph\u00e8re tranquille &#8211; le genre qui invite \u00e0 la r\u00e9flexion profonde, aux t\u00e2ches r\u00e9guli\u00e8res, et \u00e0 l&#8217;occasion, \u00e0 une id\u00e9e brillante. Un espace de travail qui maintient les choses claires, pour que vous puissiez vous concentrer sur ce qui compte vraiment.<\/p>\n","protected":false},"excerpt":{"rendered":"<p>Con\u00e7u pour la concentration, fa\u00e7onn\u00e9 avec s\u00e9r\u00e9nit\u00e9. L&#8217;Oblique Bureau en gris clair associe un plateau en linol\u00e9um lisse \u00e0 des pieds en ch\u00eane massif, alliant une couleur douce \u00e0 une structure audacieuse. Fabriqu\u00e9 en bois certifi\u00e9 FSC, il soutient \u00e0 la fois votre flux de travail et vos valeurs avec une qualit\u00e9 durable et une [&hellip;]<\/p>\n","protected":false},"featured_media":1104968,"template":"","meta":{"_acf_changed":false,"inline_featured_image":false},"product_brand":[],"product_cat":[6939,2905,6322,2859,4215,6997],"product_tag":[],"class_list":{"0":"post-1071263","1":"product","2":"type-product","3":"status-publish","4":"has-post-thumbnail","6":"product_cat-additions-fr","7":"product_cat-bureaux-fr","8":"product_cat-fsc-fr","9":"product_cat-tables-fr","10":"product_cat-tables-a-manger-fr","11":"product_cat-the-buzz-fr","12":"product_shipping_class-p10","14":"pa_color-olive-4","15":"pa_material-bois-de-chne-2","16":"pa_material-linolum","17":"pa_material-mdf-fr","19":"first","20":"instock","21":"taxable","22":"shipping-taxable","23":"purchasable","24":"product-type-simple"},"exclude_global_add_ons":[],"addons":[],"acf":[],"yoast_head":"<!-- This site is optimized with the Yoast SEO plugin v26.4 - https:\/\/yoast.com\/wordpress\/plugins\/seo\/ -->\n<title>Oblique Bureau Olive - H\u00fcbsch<\/title>\n<meta name=\"description\" content=\"Con\u00e7u pour la concentration, fa\u00e7onn\u00e9 avec s\u00e9r\u00e9nit\u00e9. L&#039;Oblique Bureau en gris clair associe un plateau en linol\u00e9um lisse \u00e0 des pieds en ch\u00eane massif,\" \/>\n<meta name=\"robots\" content=\"index, follow, max-snippet:-1, max-image-preview:large, max-video-preview:-1\" \/>\n<link rel=\"canonical\" href=\"https:\/\/hubsch-interior.com\/fr\/wp-json\/wp\/v2\/product\/1071263\" \/>\n<meta property=\"og:locale\" content=\"fr_FR\" \/>\n<meta property=\"og:type\" content=\"article\" \/>\n<meta property=\"og:title\" content=\"Oblique Bureau Olive - H\u00fcbsch\" \/>\n<meta property=\"og:description\" content=\"Con\u00e7u pour la concentration, fa\u00e7onn\u00e9 avec s\u00e9r\u00e9nit\u00e9. L&#039;Oblique Bureau en gris clair associe un plateau en linol\u00e9um lisse \u00e0 des pieds en ch\u00eane massif,\" \/>\n<meta property=\"og:url\" content=\"https:\/\/hubsch-interior.com\/fr\/produit\/oblique-bureau-olive\/\" \/>\n<meta property=\"og:site_name\" content=\"H\u00fcbsch\" \/>\n<meta property=\"article:modified_time\" content=\"2026-04-04T02:58:03+00:00\" \/>\n<meta property=\"og:image\" content=\"https:\/\/hubsch-interior.com\/wp-content\/uploads\/2025\/09\/oblique-desk-olive-231efbdbc133afbc4cc9118fa9241e59.jpg\" \/>\n\t<meta property=\"og:image:width\" content=\"400\" \/>\n\t<meta property=\"og:image:height\" content=\"400\" \/>\n\t<meta property=\"og:image:type\" content=\"image\/jpeg\" \/>\n<meta name=\"twitter:card\" content=\"summary_large_image\" \/>\n<meta name=\"twitter:label1\" content=\"Dur\u00e9e de lecture estim\u00e9e\" \/>\n\t<meta name=\"twitter:data1\" content=\"1 minute\" \/>\n<script type=\"application\/ld+json\" class=\"yoast-schema-graph\">{\"@context\":\"https:\/\/schema.org\",\"@graph\":[{\"@type\":\"WebPage\",\"@id\":\"https:\/\/hubsch-interior.com\/fr\/produit\/oblique-bureau-olive\/\",\"url\":\"https:\/\/hubsch-interior.com\/fr\/produit\/oblique-bureau-olive\/\",\"name\":\"Oblique Bureau Olive - H\u00fcbsch\",\"isPartOf\":{\"@id\":\"https:\/\/hubsch-interior.com\/fr\/#website\"},\"primaryImageOfPage\":{\"@id\":\"https:\/\/hubsch-interior.com\/fr\/produit\/oblique-bureau-olive\/#primaryimage\"},\"image\":{\"@id\":\"https:\/\/hubsch-interior.com\/fr\/produit\/oblique-bureau-olive\/#primaryimage\"},\"thumbnailUrl\":\"https:\/\/hubsch-interior.com\/wp-content\/uploads\/2026\/02\/oblique-desk-olive-dfe471e983902a0651aa40e186c88ddd.jpg\",\"datePublished\":\"2025-09-25T11:14:55+00:00\",\"dateModified\":\"2026-04-04T02:58:03+00:00\",\"description\":\"Con\u00e7u pour la concentration, fa\u00e7onn\u00e9 avec s\u00e9r\u00e9nit\u00e9. L'Oblique Bureau en gris clair associe un plateau en linol\u00e9um lisse \u00e0 des pieds en ch\u00eane massif,\",\"breadcrumb\":{\"@id\":\"https:\/\/hubsch-interior.com\/fr\/produit\/oblique-bureau-olive\/#breadcrumb\"},\"inLanguage\":\"fr-FR\",\"potentialAction\":[{\"@type\":\"ReadAction\",\"target\":[\"https:\/\/hubsch-interior.com\/fr\/produit\/oblique-bureau-olive\/\"]}]},{\"@type\":\"ImageObject\",\"inLanguage\":\"fr-FR\",\"@id\":\"https:\/\/hubsch-interior.com\/fr\/produit\/oblique-bureau-olive\/#primaryimage\",\"url\":\"https:\/\/hubsch-interior.com\/wp-content\/uploads\/2026\/02\/oblique-desk-olive-dfe471e983902a0651aa40e186c88ddd.jpg\",\"contentUrl\":\"https:\/\/hubsch-interior.com\/wp-content\/uploads\/2026\/02\/oblique-desk-olive-dfe471e983902a0651aa40e186c88ddd.jpg\",\"width\":1024,\"height\":1024},{\"@type\":\"BreadcrumbList\",\"@id\":\"https:\/\/hubsch-interior.com\/fr\/produit\/oblique-bureau-olive\/#breadcrumb\",\"itemListElement\":[{\"@type\":\"ListItem\",\"position\":1,\"name\":\"Page d'accueil\",\"item\":\"https:\/\/hubsch-interior.com\/fr\/\"},{\"@type\":\"ListItem\",\"position\":2,\"name\":\"Produits\",\"item\":\"https:\/\/hubsch-interior.com\/fr\/shop-2\/\"},{\"@type\":\"ListItem\",\"position\":3,\"name\":\"Meubles\",\"item\":\"https:\/\/hubsch-interior.com\/fr\/categorie-produit\/meubles\/\"},{\"@type\":\"ListItem\",\"position\":4,\"name\":\"Tables\",\"item\":\"https:\/\/hubsch-interior.com\/fr\/categorie-produit\/meubles\/tables-fr\/\"},{\"@type\":\"ListItem\",\"position\":5,\"name\":\"Bureaux\",\"item\":\"https:\/\/hubsch-interior.com\/fr\/categorie-produit\/meubles\/tables-fr\/bureaux-fr\/\"},{\"@type\":\"ListItem\",\"position\":6,\"name\":\"Oblique Bureau Olive\"}]},{\"@type\":\"WebSite\",\"@id\":\"https:\/\/hubsch-interior.com\/fr\/#website\",\"url\":\"https:\/\/hubsch-interior.com\/fr\/\",\"name\":\"H\u00fcbsch\",\"description\":\"Danish Home Interior and Design\",\"publisher\":{\"@id\":\"https:\/\/hubsch-interior.com\/fr\/#organization\"},\"potentialAction\":[{\"@type\":\"SearchAction\",\"target\":{\"@type\":\"EntryPoint\",\"urlTemplate\":\"https:\/\/hubsch-interior.com\/fr\/?s={search_term_string}\"},\"query-input\":{\"@type\":\"PropertyValueSpecification\",\"valueRequired\":true,\"valueName\":\"search_term_string\"}}],\"inLanguage\":\"fr-FR\"},{\"@type\":\"Organization\",\"@id\":\"https:\/\/hubsch-interior.com\/fr\/#organization\",\"name\":\"H\u00fcbsch\",\"url\":\"https:\/\/hubsch-interior.com\/fr\/\",\"logo\":{\"@type\":\"ImageObject\",\"inLanguage\":\"fr-FR\",\"@id\":\"https:\/\/hubsch-interior.com\/fr\/#\/schema\/logo\/image\/\",\"url\":\"https:\/\/hubsch-interior.com\/wp-content\/uploads\/2022\/12\/Hubsch_logo_black_one_line.svg\",\"contentUrl\":\"https:\/\/hubsch-interior.com\/wp-content\/uploads\/2022\/12\/Hubsch_logo_black_one_line.svg\",\"caption\":\"H\u00fcbsch\"},\"image\":{\"@id\":\"https:\/\/hubsch-interior.com\/fr\/#\/schema\/logo\/image\/\"}}]}<\/script>\n<!-- \/ Yoast SEO plugin. -->","yoast_head_json":{"title":"Oblique Bureau Olive - H\u00fcbsch","description":"Con\u00e7u pour la concentration, fa\u00e7onn\u00e9 avec s\u00e9r\u00e9nit\u00e9. L'Oblique Bureau en gris clair associe un plateau en linol\u00e9um lisse \u00e0 des pieds en ch\u00eane massif,","robots":{"index":"index","follow":"follow","max-snippet":"max-snippet:-1","max-image-preview":"max-image-preview:large","max-video-preview":"max-video-preview:-1"},"canonical":"https:\/\/hubsch-interior.com\/fr\/wp-json\/wp\/v2\/product\/1071263","og_locale":"fr_FR","og_type":"article","og_title":"Oblique Bureau Olive - H\u00fcbsch","og_description":"Con\u00e7u pour la concentration, fa\u00e7onn\u00e9 avec s\u00e9r\u00e9nit\u00e9. L'Oblique Bureau en gris clair associe un plateau en linol\u00e9um lisse \u00e0 des pieds en ch\u00eane massif,","og_url":"https:\/\/hubsch-interior.com\/fr\/produit\/oblique-bureau-olive\/","og_site_name":"H\u00fcbsch","article_modified_time":"2026-04-04T02:58:03+00:00","og_image":[{"width":400,"height":400,"url":"https:\/\/hubsch-interior.com\/wp-content\/uploads\/2025\/09\/oblique-desk-olive-231efbdbc133afbc4cc9118fa9241e59.jpg","type":"image\/jpeg"}],"twitter_card":"summary_large_image","twitter_misc":{"Dur\u00e9e de lecture estim\u00e9e":"1 minute"},"schema":{"@context":"https:\/\/schema.org","@graph":[{"@type":"WebPage","@id":"https:\/\/hubsch-interior.com\/fr\/produit\/oblique-bureau-olive\/","url":"https:\/\/hubsch-interior.com\/fr\/produit\/oblique-bureau-olive\/","name":"Oblique Bureau Olive - H\u00fcbsch","isPartOf":{"@id":"https:\/\/hubsch-interior.com\/fr\/#website"},"primaryImageOfPage":{"@id":"https:\/\/hubsch-interior.com\/fr\/produit\/oblique-bureau-olive\/#primaryimage"},"image":{"@id":"https:\/\/hubsch-interior.com\/fr\/produit\/oblique-bureau-olive\/#primaryimage"},"thumbnailUrl":"https:\/\/hubsch-interior.com\/wp-content\/uploads\/2026\/02\/oblique-desk-olive-dfe471e983902a0651aa40e186c88ddd.jpg","datePublished":"2025-09-25T11:14:55+00:00","dateModified":"2026-04-04T02:58:03+00:00","description":"Con\u00e7u pour la concentration, fa\u00e7onn\u00e9 avec s\u00e9r\u00e9nit\u00e9. L'Oblique Bureau en gris clair associe un plateau en linol\u00e9um lisse \u00e0 des pieds en ch\u00eane massif,","breadcrumb":{"@id":"https:\/\/hubsch-interior.com\/fr\/produit\/oblique-bureau-olive\/#breadcrumb"},"inLanguage":"fr-FR","potentialAction":[{"@type":"ReadAction","target":["https:\/\/hubsch-interior.com\/fr\/produit\/oblique-bureau-olive\/"]}]},{"@type":"ImageObject","inLanguage":"fr-FR","@id":"https:\/\/hubsch-interior.com\/fr\/produit\/oblique-bureau-olive\/#primaryimage","url":"https:\/\/hubsch-interior.com\/wp-content\/uploads\/2026\/02\/oblique-desk-olive-dfe471e983902a0651aa40e186c88ddd.jpg","contentUrl":"https:\/\/hubsch-interior.com\/wp-content\/uploads\/2026\/02\/oblique-desk-olive-dfe471e983902a0651aa40e186c88ddd.jpg","width":1024,"height":1024},{"@type":"BreadcrumbList","@id":"https:\/\/hubsch-interior.com\/fr\/produit\/oblique-bureau-olive\/#breadcrumb","itemListElement":[{"@type":"ListItem","position":1,"name":"Page d'accueil","item":"https:\/\/hubsch-interior.com\/fr\/"},{"@type":"ListItem","position":2,"name":"Produits","item":"https:\/\/hubsch-interior.com\/fr\/shop-2\/"},{"@type":"ListItem","position":3,"name":"Meubles","item":"https:\/\/hubsch-interior.com\/fr\/categorie-produit\/meubles\/"},{"@type":"ListItem","position":4,"name":"Tables","item":"https:\/\/hubsch-interior.com\/fr\/categorie-produit\/meubles\/tables-fr\/"},{"@type":"ListItem","position":5,"name":"Bureaux","item":"https:\/\/hubsch-interior.com\/fr\/categorie-produit\/meubles\/tables-fr\/bureaux-fr\/"},{"@type":"ListItem","position":6,"name":"Oblique Bureau Olive"}]},{"@type":"WebSite","@id":"https:\/\/hubsch-interior.com\/fr\/#website","url":"https:\/\/hubsch-interior.com\/fr\/","name":"H\u00fcbsch","description":"Danish Home Interior and Design","publisher":{"@id":"https:\/\/hubsch-interior.com\/fr\/#organization"},"potentialAction":[{"@type":"SearchAction","target":{"@type":"EntryPoint","urlTemplate":"https:\/\/hubsch-interior.com\/fr\/?s={search_term_string}"},"query-input":{"@type":"PropertyValueSpecification","valueRequired":true,"valueName":"search_term_string"}}],"inLanguage":"fr-FR"},{"@type":"Organization","@id":"https:\/\/hubsch-interior.com\/fr\/#organization","name":"H\u00fcbsch","url":"https:\/\/hubsch-interior.com\/fr\/","logo":{"@type":"ImageObject","inLanguage":"fr-FR","@id":"https:\/\/hubsch-interior.com\/fr\/#\/schema\/logo\/image\/","url":"https:\/\/hubsch-interior.com\/wp-content\/uploads\/2022\/12\/Hubsch_logo_black_one_line.svg","contentUrl":"https:\/\/hubsch-interior.com\/wp-content\/uploads\/2022\/12\/Hubsch_logo_black_one_line.svg","caption":"H\u00fcbsch"},"image":{"@id":"https:\/\/hubsch-interior.com\/fr\/#\/schema\/logo\/image\/"}}]}},"_links":{"self":[{"href":"https:\/\/hubsch-interior.com\/fr\/wp-json\/wp\/v2\/product\/1071263","targetHints":{"allow":["GET"]}}],"collection":[{"href":"https:\/\/hubsch-interior.com\/fr\/wp-json\/wp\/v2\/product"}],"about":[{"href":"https:\/\/hubsch-interior.com\/fr\/wp-json\/wp\/v2\/types\/product"}],"wp:featuredmedia":[{"embeddable":true,"href":"https:\/\/hubsch-interior.com\/fr\/wp-json\/wp\/v2\/media\/1104968"}],"wp:attachment":[{"href":"https:\/\/hubsch-interior.com\/fr\/wp-json\/wp\/v2\/media?parent=1071263"}],"wp:term":[{"taxonomy":"product_brand","embeddable":true,"href":"https:\/\/hubsch-interior.com\/fr\/wp-json\/wp\/v2\/product_brand?post=1071263"},{"taxonomy":"product_cat","embeddable":true,"href":"https:\/\/hubsch-interior.com\/fr\/wp-json\/wp\/v2\/product_cat?post=1071263"},{"taxonomy":"product_tag","embeddable":true,"href":"https:\/\/hubsch-interior.com\/fr\/wp-json\/wp\/v2\/product_tag?post=1071263"}],"curies":[{"name":"wp","href":"https:\/\/api.w.org\/{rel}","templated":true}]}}