{"id":1071311,"date":"2025-09-25T13:16:22","date_gmt":"2025-09-25T11:16:22","guid":{"rendered":"https:\/\/hubsch-interior.com\/product\/product\/"},"modified":"2026-04-12T05:08:37","modified_gmt":"2026-04-12T03:08:37","slug":"bringme-lampe-portative-noir-mat","status":"publish","type":"product","link":"https:\/\/hubsch-interior.com\/fr\/produit\/bringme-lampe-portative-noir-mat\/","title":{"rendered":"BringMe Lampe portative Noir Mat"},"content":{"rendered":"<p>Illuminez chaque coin de votre maison avec la lampe portative BringMe Lampe portative en noir mat classique. Con\u00e7ue pour \u00eatre flexible, cette lampe sans fil se recharge compl\u00e8tement en 11 heures et offre jusqu&#8217;\u00e0 10 heures d&#8217;\u00e9clairage constant. Disponible en 8 variantes \u00e9l\u00e9gantes, elle est parfaite pour lire, travailler ou cr\u00e9er une ambiance cosy, apportant de la lumi\u00e8re exactement l\u00e0 o\u00f9 vous en avez besoin.<\/p>\n","protected":false},"excerpt":{"rendered":"<p>Illuminez chaque coin de votre maison avec la lampe portative BringMe Lampe portative en noir mat classique. Con\u00e7ue pour \u00eatre flexible, cette lampe sans fil se recharge compl\u00e8tement en 11 heures et offre jusqu&#8217;\u00e0 10 heures d&#8217;\u00e9clairage constant. Disponible en 8 variantes \u00e9l\u00e9gantes, elle est parfaite pour lire, travailler ou cr\u00e9er une ambiance cosy, apportant [&hellip;]<\/p>\n","protected":false},"featured_media":1107927,"template":"","meta":{"_acf_changed":false,"inline_featured_image":false},"product_brand":[],"product_cat":[6939,6962,6997,3810,3500,5046],"product_tag":[],"class_list":{"0":"post-1071311","1":"product","2":"type-product","3":"status-publish","4":"has-post-thumbnail","6":"product_cat-additions-fr","7":"product_cat-lampes-portatives-fr","8":"product_cat-the-buzz-fr","9":"product_cat-luminaires","10":"product_cat-lampes-a-poser-fr","11":"product_cat-nouveautes-fr","12":"product_shipping_class-pk","14":"pa_color-noir-mat","15":"pa_material-acrylic-5-fr","16":"pa_material-fer-fr","18":"first","19":"instock","20":"taxable","21":"shipping-taxable","22":"purchasable","23":"product-type-simple"},"exclude_global_add_ons":[],"addons":[],"acf":[],"yoast_head":"<!-- This site is optimized with the Yoast SEO plugin v26.4 - https:\/\/yoast.com\/wordpress\/plugins\/seo\/ -->\n<title>BringMe Lampe portative Noir Mat - H\u00fcbsch<\/title>\n<meta name=\"description\" content=\"Illuminez chaque coin de votre maison avec la lampe portative BringMe Lampe portative en noir mat classique. Con\u00e7ue pour \u00eatre flexible, cette lampe sans\" \/>\n<meta name=\"robots\" content=\"index, follow, max-snippet:-1, max-image-preview:large, max-video-preview:-1\" \/>\n<link rel=\"canonical\" href=\"https:\/\/hubsch-interior.com\/fr\/wp-json\/wp\/v2\/product\/1071311\" \/>\n<meta property=\"og:locale\" content=\"fr_FR\" \/>\n<meta property=\"og:type\" content=\"article\" \/>\n<meta property=\"og:title\" content=\"BringMe Lampe portative Noir Mat - H\u00fcbsch\" \/>\n<meta property=\"og:description\" content=\"Illuminez chaque coin de votre maison avec la lampe portative BringMe Lampe portative en noir mat classique. Con\u00e7ue pour \u00eatre flexible, cette lampe sans\" \/>\n<meta property=\"og:url\" content=\"https:\/\/hubsch-interior.com\/fr\/produit\/bringme-lampe-portative-noir-mat\/\" \/>\n<meta property=\"og:site_name\" content=\"H\u00fcbsch\" \/>\n<meta property=\"article:modified_time\" content=\"2026-04-12T03:08:37+00:00\" \/>\n<meta property=\"og:image\" content=\"https:\/\/hubsch-interior.com\/wp-content\/uploads\/2025\/09\/bringme-portable-lamp-matt-black-d64706edf22173bf96f9c98a33de74ff.jpg\" \/>\n\t<meta property=\"og:image:width\" content=\"1200\" \/>\n\t<meta property=\"og:image:height\" content=\"1200\" \/>\n\t<meta property=\"og:image:type\" content=\"image\/jpeg\" \/>\n<meta name=\"twitter:card\" content=\"summary_large_image\" \/>\n<script type=\"application\/ld+json\" class=\"yoast-schema-graph\">{\"@context\":\"https:\/\/schema.org\",\"@graph\":[{\"@type\":\"WebPage\",\"@id\":\"https:\/\/hubsch-interior.com\/fr\/produit\/bringme-lampe-portative-noir-mat\/\",\"url\":\"https:\/\/hubsch-interior.com\/fr\/produit\/bringme-lampe-portative-noir-mat\/\",\"name\":\"BringMe Lampe portative Noir Mat - H\u00fcbsch\",\"isPartOf\":{\"@id\":\"https:\/\/hubsch-interior.com\/fr\/#website\"},\"primaryImageOfPage\":{\"@id\":\"https:\/\/hubsch-interior.com\/fr\/produit\/bringme-lampe-portative-noir-mat\/#primaryimage\"},\"image\":{\"@id\":\"https:\/\/hubsch-interior.com\/fr\/produit\/bringme-lampe-portative-noir-mat\/#primaryimage\"},\"thumbnailUrl\":\"https:\/\/hubsch-interior.com\/wp-content\/uploads\/2026\/02\/bringme-portable-lamp-matt-black-0474d5574cc3857a958bb3ef3c630ea3.jpg\",\"datePublished\":\"2025-09-25T11:16:22+00:00\",\"dateModified\":\"2026-04-12T03:08:37+00:00\",\"description\":\"Illuminez chaque coin de votre maison avec la lampe portative BringMe Lampe portative en noir mat classique. Con\u00e7ue pour \u00eatre flexible, cette lampe sans\",\"breadcrumb\":{\"@id\":\"https:\/\/hubsch-interior.com\/fr\/produit\/bringme-lampe-portative-noir-mat\/#breadcrumb\"},\"inLanguage\":\"fr-FR\",\"potentialAction\":[{\"@type\":\"ReadAction\",\"target\":[\"https:\/\/hubsch-interior.com\/fr\/produit\/bringme-lampe-portative-noir-mat\/\"]}]},{\"@type\":\"ImageObject\",\"inLanguage\":\"fr-FR\",\"@id\":\"https:\/\/hubsch-interior.com\/fr\/produit\/bringme-lampe-portative-noir-mat\/#primaryimage\",\"url\":\"https:\/\/hubsch-interior.com\/wp-content\/uploads\/2026\/02\/bringme-portable-lamp-matt-black-0474d5574cc3857a958bb3ef3c630ea3.jpg\",\"contentUrl\":\"https:\/\/hubsch-interior.com\/wp-content\/uploads\/2026\/02\/bringme-portable-lamp-matt-black-0474d5574cc3857a958bb3ef3c630ea3.jpg\",\"width\":1024,\"height\":1024},{\"@type\":\"BreadcrumbList\",\"@id\":\"https:\/\/hubsch-interior.com\/fr\/produit\/bringme-lampe-portative-noir-mat\/#breadcrumb\",\"itemListElement\":[{\"@type\":\"ListItem\",\"position\":1,\"name\":\"Page d'accueil\",\"item\":\"https:\/\/hubsch-interior.com\/fr\/\"},{\"@type\":\"ListItem\",\"position\":2,\"name\":\"Produits\",\"item\":\"https:\/\/hubsch-interior.com\/fr\/shop-2\/\"},{\"@type\":\"ListItem\",\"position\":3,\"name\":\"Luminaires\",\"item\":\"https:\/\/hubsch-interior.com\/fr\/categorie-produit\/luminaires\/\"},{\"@type\":\"ListItem\",\"position\":4,\"name\":\"Lampes portatives\",\"item\":\"https:\/\/hubsch-interior.com\/fr\/categorie-produit\/luminaires\/lampes-portatives-fr\/\"},{\"@type\":\"ListItem\",\"position\":5,\"name\":\"BringMe Lampe portative Noir Mat\"}]},{\"@type\":\"WebSite\",\"@id\":\"https:\/\/hubsch-interior.com\/fr\/#website\",\"url\":\"https:\/\/hubsch-interior.com\/fr\/\",\"name\":\"H\u00fcbsch\",\"description\":\"Danish Home Interior and Design\",\"publisher\":{\"@id\":\"https:\/\/hubsch-interior.com\/fr\/#organization\"},\"potentialAction\":[{\"@type\":\"SearchAction\",\"target\":{\"@type\":\"EntryPoint\",\"urlTemplate\":\"https:\/\/hubsch-interior.com\/fr\/?s={search_term_string}\"},\"query-input\":{\"@type\":\"PropertyValueSpecification\",\"valueRequired\":true,\"valueName\":\"search_term_string\"}}],\"inLanguage\":\"fr-FR\"},{\"@type\":\"Organization\",\"@id\":\"https:\/\/hubsch-interior.com\/fr\/#organization\",\"name\":\"H\u00fcbsch\",\"url\":\"https:\/\/hubsch-interior.com\/fr\/\",\"logo\":{\"@type\":\"ImageObject\",\"inLanguage\":\"fr-FR\",\"@id\":\"https:\/\/hubsch-interior.com\/fr\/#\/schema\/logo\/image\/\",\"url\":\"https:\/\/hubsch-interior.com\/wp-content\/uploads\/2022\/12\/Hubsch_logo_black_one_line.svg\",\"contentUrl\":\"https:\/\/hubsch-interior.com\/wp-content\/uploads\/2022\/12\/Hubsch_logo_black_one_line.svg\",\"caption\":\"H\u00fcbsch\"},\"image\":{\"@id\":\"https:\/\/hubsch-interior.com\/fr\/#\/schema\/logo\/image\/\"}}]}<\/script>\n<!-- \/ Yoast SEO plugin. -->","yoast_head_json":{"title":"BringMe Lampe portative Noir Mat - H\u00fcbsch","description":"Illuminez chaque coin de votre maison avec la lampe portative BringMe Lampe portative en noir mat classique. Con\u00e7ue pour \u00eatre flexible, cette lampe sans","robots":{"index":"index","follow":"follow","max-snippet":"max-snippet:-1","max-image-preview":"max-image-preview:large","max-video-preview":"max-video-preview:-1"},"canonical":"https:\/\/hubsch-interior.com\/fr\/wp-json\/wp\/v2\/product\/1071311","og_locale":"fr_FR","og_type":"article","og_title":"BringMe Lampe portative Noir Mat - H\u00fcbsch","og_description":"Illuminez chaque coin de votre maison avec la lampe portative BringMe Lampe portative en noir mat classique. Con\u00e7ue pour \u00eatre flexible, cette lampe sans","og_url":"https:\/\/hubsch-interior.com\/fr\/produit\/bringme-lampe-portative-noir-mat\/","og_site_name":"H\u00fcbsch","article_modified_time":"2026-04-12T03:08:37+00:00","og_image":[{"width":1200,"height":1200,"url":"https:\/\/hubsch-interior.com\/wp-content\/uploads\/2025\/09\/bringme-portable-lamp-matt-black-d64706edf22173bf96f9c98a33de74ff.jpg","type":"image\/jpeg"}],"twitter_card":"summary_large_image","schema":{"@context":"https:\/\/schema.org","@graph":[{"@type":"WebPage","@id":"https:\/\/hubsch-interior.com\/fr\/produit\/bringme-lampe-portative-noir-mat\/","url":"https:\/\/hubsch-interior.com\/fr\/produit\/bringme-lampe-portative-noir-mat\/","name":"BringMe Lampe portative Noir Mat - H\u00fcbsch","isPartOf":{"@id":"https:\/\/hubsch-interior.com\/fr\/#website"},"primaryImageOfPage":{"@id":"https:\/\/hubsch-interior.com\/fr\/produit\/bringme-lampe-portative-noir-mat\/#primaryimage"},"image":{"@id":"https:\/\/hubsch-interior.com\/fr\/produit\/bringme-lampe-portative-noir-mat\/#primaryimage"},"thumbnailUrl":"https:\/\/hubsch-interior.com\/wp-content\/uploads\/2026\/02\/bringme-portable-lamp-matt-black-0474d5574cc3857a958bb3ef3c630ea3.jpg","datePublished":"2025-09-25T11:16:22+00:00","dateModified":"2026-04-12T03:08:37+00:00","description":"Illuminez chaque coin de votre maison avec la lampe portative BringMe Lampe portative en noir mat classique. Con\u00e7ue pour \u00eatre flexible, cette lampe sans","breadcrumb":{"@id":"https:\/\/hubsch-interior.com\/fr\/produit\/bringme-lampe-portative-noir-mat\/#breadcrumb"},"inLanguage":"fr-FR","potentialAction":[{"@type":"ReadAction","target":["https:\/\/hubsch-interior.com\/fr\/produit\/bringme-lampe-portative-noir-mat\/"]}]},{"@type":"ImageObject","inLanguage":"fr-FR","@id":"https:\/\/hubsch-interior.com\/fr\/produit\/bringme-lampe-portative-noir-mat\/#primaryimage","url":"https:\/\/hubsch-interior.com\/wp-content\/uploads\/2026\/02\/bringme-portable-lamp-matt-black-0474d5574cc3857a958bb3ef3c630ea3.jpg","contentUrl":"https:\/\/hubsch-interior.com\/wp-content\/uploads\/2026\/02\/bringme-portable-lamp-matt-black-0474d5574cc3857a958bb3ef3c630ea3.jpg","width":1024,"height":1024},{"@type":"BreadcrumbList","@id":"https:\/\/hubsch-interior.com\/fr\/produit\/bringme-lampe-portative-noir-mat\/#breadcrumb","itemListElement":[{"@type":"ListItem","position":1,"name":"Page d'accueil","item":"https:\/\/hubsch-interior.com\/fr\/"},{"@type":"ListItem","position":2,"name":"Produits","item":"https:\/\/hubsch-interior.com\/fr\/shop-2\/"},{"@type":"ListItem","position":3,"name":"Luminaires","item":"https:\/\/hubsch-interior.com\/fr\/categorie-produit\/luminaires\/"},{"@type":"ListItem","position":4,"name":"Lampes portatives","item":"https:\/\/hubsch-interior.com\/fr\/categorie-produit\/luminaires\/lampes-portatives-fr\/"},{"@type":"ListItem","position":5,"name":"BringMe Lampe portative Noir Mat"}]},{"@type":"WebSite","@id":"https:\/\/hubsch-interior.com\/fr\/#website","url":"https:\/\/hubsch-interior.com\/fr\/","name":"H\u00fcbsch","description":"Danish Home Interior and Design","publisher":{"@id":"https:\/\/hubsch-interior.com\/fr\/#organization"},"potentialAction":[{"@type":"SearchAction","target":{"@type":"EntryPoint","urlTemplate":"https:\/\/hubsch-interior.com\/fr\/?s={search_term_string}"},"query-input":{"@type":"PropertyValueSpecification","valueRequired":true,"valueName":"search_term_string"}}],"inLanguage":"fr-FR"},{"@type":"Organization","@id":"https:\/\/hubsch-interior.com\/fr\/#organization","name":"H\u00fcbsch","url":"https:\/\/hubsch-interior.com\/fr\/","logo":{"@type":"ImageObject","inLanguage":"fr-FR","@id":"https:\/\/hubsch-interior.com\/fr\/#\/schema\/logo\/image\/","url":"https:\/\/hubsch-interior.com\/wp-content\/uploads\/2022\/12\/Hubsch_logo_black_one_line.svg","contentUrl":"https:\/\/hubsch-interior.com\/wp-content\/uploads\/2022\/12\/Hubsch_logo_black_one_line.svg","caption":"H\u00fcbsch"},"image":{"@id":"https:\/\/hubsch-interior.com\/fr\/#\/schema\/logo\/image\/"}}]}},"_links":{"self":[{"href":"https:\/\/hubsch-interior.com\/fr\/wp-json\/wp\/v2\/product\/1071311","targetHints":{"allow":["GET"]}}],"collection":[{"href":"https:\/\/hubsch-interior.com\/fr\/wp-json\/wp\/v2\/product"}],"about":[{"href":"https:\/\/hubsch-interior.com\/fr\/wp-json\/wp\/v2\/types\/product"}],"wp:featuredmedia":[{"embeddable":true,"href":"https:\/\/hubsch-interior.com\/fr\/wp-json\/wp\/v2\/media\/1107927"}],"wp:attachment":[{"href":"https:\/\/hubsch-interior.com\/fr\/wp-json\/wp\/v2\/media?parent=1071311"}],"wp:term":[{"taxonomy":"product_brand","embeddable":true,"href":"https:\/\/hubsch-interior.com\/fr\/wp-json\/wp\/v2\/product_brand?post=1071311"},{"taxonomy":"product_cat","embeddable":true,"href":"https:\/\/hubsch-interior.com\/fr\/wp-json\/wp\/v2\/product_cat?post=1071311"},{"taxonomy":"product_tag","embeddable":true,"href":"https:\/\/hubsch-interior.com\/fr\/wp-json\/wp\/v2\/product_tag?post=1071311"}],"curies":[{"name":"wp","href":"https:\/\/api.w.org\/{rel}","templated":true}]}}