{"id":1071351,"date":"2025-09-25T13:17:13","date_gmt":"2025-09-25T11:17:13","guid":{"rendered":"https:\/\/hubsch-interior.com\/product\/product\/"},"modified":"2026-04-11T05:04:14","modified_gmt":"2026-04-11T03:04:14","slug":"mush-lampe-portative-laiton-bruni","status":"publish","type":"product","link":"https:\/\/hubsch-interior.com\/fr\/produit\/mush-lampe-portative-laiton-bruni\/","title":{"rendered":"Mush Lampe portative Laiton Bruni"},"content":{"rendered":"<p>D\u00e9couvrez une touche d&#8217;\u00e9l\u00e9gance qui brille o\u00f9 que vous alliez avec notre mod\u00e8le classique intemporel, la Mush Lampe portative, en version compacte. Finie en laiton bruni classique, cette lampe chic allie avec facilit\u00e9 style et praticit\u00e9. Enti\u00e8rement charg\u00e9e en seulement 4 heures, elle promet de rester illumin\u00e9e pendant 8 heures, vous assurant d&#8217;avoir la lumi\u00e8re exactement l\u00e0 o\u00f9 vous en avez besoin, sans que des fils ne limitent votre cr\u00e9ativit\u00e9. C&#8217;est l&#8217;accompagnateur parfait pour vos lectures nocturnes ou vos discussions cosy en soir\u00e9e \u00e0 l&#8217;int\u00e9rieur.<\/p>\n","protected":false},"excerpt":{"rendered":"<p>D\u00e9couvrez une touche d&#8217;\u00e9l\u00e9gance qui brille o\u00f9 que vous alliez avec notre mod\u00e8le classique intemporel, la Mush Lampe portative, en version compacte. Finie en laiton bruni classique, cette lampe chic allie avec facilit\u00e9 style et praticit\u00e9. Enti\u00e8rement charg\u00e9e en seulement 4 heures, elle promet de rester illumin\u00e9e pendant 8 heures, vous assurant d&#8217;avoir la lumi\u00e8re [&hellip;]<\/p>\n","protected":false},"featured_media":1107963,"template":"","meta":{"_acf_changed":false,"inline_featured_image":false},"product_brand":[],"product_cat":[6939,6962,6997,3810,3500,5026],"product_tag":[],"class_list":{"0":"post-1071351","1":"product","2":"type-product","3":"status-publish","4":"has-post-thumbnail","6":"product_cat-additions-fr","7":"product_cat-lampes-portatives-fr","8":"product_cat-the-buzz-fr","9":"product_cat-luminaires","10":"product_cat-lampes-a-poser-fr","11":"product_cat-bestsellers-fr","12":"product_shipping_class-pk","14":"pa_color-laiton-bruni","15":"pa_material-acrylic-5-fr","16":"pa_material-fer-fr","17":"pa_material-polycarbonate-2","19":"first","20":"instock","21":"featured","22":"taxable","23":"shipping-taxable","24":"purchasable","25":"product-type-simple"},"exclude_global_add_ons":[],"addons":[],"acf":[],"yoast_head":"<!-- This site is optimized with the Yoast SEO plugin v26.4 - https:\/\/yoast.com\/wordpress\/plugins\/seo\/ -->\n<title>Mush Lampe portative Laiton Bruni - H\u00fcbsch<\/title>\n<meta name=\"description\" content=\"D\u00e9couvrez une touche d&#039;\u00e9l\u00e9gance qui brille o\u00f9 que vous alliez avec notre mod\u00e8le classique intemporel, la Mush Lampe portative, en version compacte. Finie\" \/>\n<meta name=\"robots\" content=\"index, follow, max-snippet:-1, max-image-preview:large, max-video-preview:-1\" \/>\n<link rel=\"canonical\" href=\"https:\/\/hubsch-interior.com\/fr\/wp-json\/wp\/v2\/product\/1071351\" \/>\n<meta property=\"og:locale\" content=\"fr_FR\" \/>\n<meta property=\"og:type\" content=\"article\" \/>\n<meta property=\"og:title\" content=\"Mush Lampe portative Laiton Bruni - H\u00fcbsch\" \/>\n<meta property=\"og:description\" content=\"D\u00e9couvrez une touche d&#039;\u00e9l\u00e9gance qui brille o\u00f9 que vous alliez avec notre mod\u00e8le classique intemporel, la Mush Lampe portative, en version compacte. Finie\" \/>\n<meta property=\"og:url\" content=\"https:\/\/hubsch-interior.com\/fr\/produit\/mush-lampe-portative-laiton-bruni\/\" \/>\n<meta property=\"og:site_name\" content=\"H\u00fcbsch\" \/>\n<meta property=\"article:modified_time\" content=\"2026-04-11T03:04:14+00:00\" \/>\n<meta property=\"og:image\" content=\"https:\/\/hubsch-interior.com\/wp-content\/uploads\/2025\/09\/mush-portable-lamp-burnished-brass-42fcd2c3172771f716a159076b6b5590.jpg\" \/>\n\t<meta property=\"og:image:width\" content=\"1200\" \/>\n\t<meta property=\"og:image:height\" content=\"1200\" \/>\n\t<meta property=\"og:image:type\" content=\"image\/jpeg\" \/>\n<meta name=\"twitter:card\" content=\"summary_large_image\" \/>\n<script type=\"application\/ld+json\" class=\"yoast-schema-graph\">{\"@context\":\"https:\/\/schema.org\",\"@graph\":[{\"@type\":\"WebPage\",\"@id\":\"https:\/\/hubsch-interior.com\/fr\/produit\/mush-lampe-portative-laiton-bruni\/\",\"url\":\"https:\/\/hubsch-interior.com\/fr\/produit\/mush-lampe-portative-laiton-bruni\/\",\"name\":\"Mush Lampe portative Laiton Bruni - H\u00fcbsch\",\"isPartOf\":{\"@id\":\"https:\/\/hubsch-interior.com\/fr\/#website\"},\"primaryImageOfPage\":{\"@id\":\"https:\/\/hubsch-interior.com\/fr\/produit\/mush-lampe-portative-laiton-bruni\/#primaryimage\"},\"image\":{\"@id\":\"https:\/\/hubsch-interior.com\/fr\/produit\/mush-lampe-portative-laiton-bruni\/#primaryimage\"},\"thumbnailUrl\":\"https:\/\/hubsch-interior.com\/wp-content\/uploads\/2026\/02\/mush-portable-lamp-burnished-brass-ef05b4ec2be8c92356220cfdcc0405be.jpg\",\"datePublished\":\"2025-09-25T11:17:13+00:00\",\"dateModified\":\"2026-04-11T03:04:14+00:00\",\"description\":\"D\u00e9couvrez une touche d'\u00e9l\u00e9gance qui brille o\u00f9 que vous alliez avec notre mod\u00e8le classique intemporel, la Mush Lampe portative, en version compacte. Finie\",\"breadcrumb\":{\"@id\":\"https:\/\/hubsch-interior.com\/fr\/produit\/mush-lampe-portative-laiton-bruni\/#breadcrumb\"},\"inLanguage\":\"fr-FR\",\"potentialAction\":[{\"@type\":\"ReadAction\",\"target\":[\"https:\/\/hubsch-interior.com\/fr\/produit\/mush-lampe-portative-laiton-bruni\/\"]}]},{\"@type\":\"ImageObject\",\"inLanguage\":\"fr-FR\",\"@id\":\"https:\/\/hubsch-interior.com\/fr\/produit\/mush-lampe-portative-laiton-bruni\/#primaryimage\",\"url\":\"https:\/\/hubsch-interior.com\/wp-content\/uploads\/2026\/02\/mush-portable-lamp-burnished-brass-ef05b4ec2be8c92356220cfdcc0405be.jpg\",\"contentUrl\":\"https:\/\/hubsch-interior.com\/wp-content\/uploads\/2026\/02\/mush-portable-lamp-burnished-brass-ef05b4ec2be8c92356220cfdcc0405be.jpg\",\"width\":1024,\"height\":1024},{\"@type\":\"BreadcrumbList\",\"@id\":\"https:\/\/hubsch-interior.com\/fr\/produit\/mush-lampe-portative-laiton-bruni\/#breadcrumb\",\"itemListElement\":[{\"@type\":\"ListItem\",\"position\":1,\"name\":\"Page d'accueil\",\"item\":\"https:\/\/hubsch-interior.com\/fr\/\"},{\"@type\":\"ListItem\",\"position\":2,\"name\":\"Produits\",\"item\":\"https:\/\/hubsch-interior.com\/fr\/shop-2\/\"},{\"@type\":\"ListItem\",\"position\":3,\"name\":\"Luminaires\",\"item\":\"https:\/\/hubsch-interior.com\/fr\/categorie-produit\/luminaires\/\"},{\"@type\":\"ListItem\",\"position\":4,\"name\":\"Lampes portatives\",\"item\":\"https:\/\/hubsch-interior.com\/fr\/categorie-produit\/luminaires\/lampes-portatives-fr\/\"},{\"@type\":\"ListItem\",\"position\":5,\"name\":\"Mush Lampe portative Laiton Bruni\"}]},{\"@type\":\"WebSite\",\"@id\":\"https:\/\/hubsch-interior.com\/fr\/#website\",\"url\":\"https:\/\/hubsch-interior.com\/fr\/\",\"name\":\"H\u00fcbsch\",\"description\":\"Danish Home Interior and Design\",\"publisher\":{\"@id\":\"https:\/\/hubsch-interior.com\/fr\/#organization\"},\"potentialAction\":[{\"@type\":\"SearchAction\",\"target\":{\"@type\":\"EntryPoint\",\"urlTemplate\":\"https:\/\/hubsch-interior.com\/fr\/?s={search_term_string}\"},\"query-input\":{\"@type\":\"PropertyValueSpecification\",\"valueRequired\":true,\"valueName\":\"search_term_string\"}}],\"inLanguage\":\"fr-FR\"},{\"@type\":\"Organization\",\"@id\":\"https:\/\/hubsch-interior.com\/fr\/#organization\",\"name\":\"H\u00fcbsch\",\"url\":\"https:\/\/hubsch-interior.com\/fr\/\",\"logo\":{\"@type\":\"ImageObject\",\"inLanguage\":\"fr-FR\",\"@id\":\"https:\/\/hubsch-interior.com\/fr\/#\/schema\/logo\/image\/\",\"url\":\"https:\/\/hubsch-interior.com\/wp-content\/uploads\/2022\/12\/Hubsch_logo_black_one_line.svg\",\"contentUrl\":\"https:\/\/hubsch-interior.com\/wp-content\/uploads\/2022\/12\/Hubsch_logo_black_one_line.svg\",\"caption\":\"H\u00fcbsch\"},\"image\":{\"@id\":\"https:\/\/hubsch-interior.com\/fr\/#\/schema\/logo\/image\/\"}}]}<\/script>\n<!-- \/ Yoast SEO plugin. -->","yoast_head_json":{"title":"Mush Lampe portative Laiton Bruni - H\u00fcbsch","description":"D\u00e9couvrez une touche d'\u00e9l\u00e9gance qui brille o\u00f9 que vous alliez avec notre mod\u00e8le classique intemporel, la Mush Lampe portative, en version compacte. Finie","robots":{"index":"index","follow":"follow","max-snippet":"max-snippet:-1","max-image-preview":"max-image-preview:large","max-video-preview":"max-video-preview:-1"},"canonical":"https:\/\/hubsch-interior.com\/fr\/wp-json\/wp\/v2\/product\/1071351","og_locale":"fr_FR","og_type":"article","og_title":"Mush Lampe portative Laiton Bruni - H\u00fcbsch","og_description":"D\u00e9couvrez une touche d'\u00e9l\u00e9gance qui brille o\u00f9 que vous alliez avec notre mod\u00e8le classique intemporel, la Mush Lampe portative, en version compacte. Finie","og_url":"https:\/\/hubsch-interior.com\/fr\/produit\/mush-lampe-portative-laiton-bruni\/","og_site_name":"H\u00fcbsch","article_modified_time":"2026-04-11T03:04:14+00:00","og_image":[{"width":1200,"height":1200,"url":"https:\/\/hubsch-interior.com\/wp-content\/uploads\/2025\/09\/mush-portable-lamp-burnished-brass-42fcd2c3172771f716a159076b6b5590.jpg","type":"image\/jpeg"}],"twitter_card":"summary_large_image","schema":{"@context":"https:\/\/schema.org","@graph":[{"@type":"WebPage","@id":"https:\/\/hubsch-interior.com\/fr\/produit\/mush-lampe-portative-laiton-bruni\/","url":"https:\/\/hubsch-interior.com\/fr\/produit\/mush-lampe-portative-laiton-bruni\/","name":"Mush Lampe portative Laiton Bruni - H\u00fcbsch","isPartOf":{"@id":"https:\/\/hubsch-interior.com\/fr\/#website"},"primaryImageOfPage":{"@id":"https:\/\/hubsch-interior.com\/fr\/produit\/mush-lampe-portative-laiton-bruni\/#primaryimage"},"image":{"@id":"https:\/\/hubsch-interior.com\/fr\/produit\/mush-lampe-portative-laiton-bruni\/#primaryimage"},"thumbnailUrl":"https:\/\/hubsch-interior.com\/wp-content\/uploads\/2026\/02\/mush-portable-lamp-burnished-brass-ef05b4ec2be8c92356220cfdcc0405be.jpg","datePublished":"2025-09-25T11:17:13+00:00","dateModified":"2026-04-11T03:04:14+00:00","description":"D\u00e9couvrez une touche d'\u00e9l\u00e9gance qui brille o\u00f9 que vous alliez avec notre mod\u00e8le classique intemporel, la Mush Lampe portative, en version compacte. Finie","breadcrumb":{"@id":"https:\/\/hubsch-interior.com\/fr\/produit\/mush-lampe-portative-laiton-bruni\/#breadcrumb"},"inLanguage":"fr-FR","potentialAction":[{"@type":"ReadAction","target":["https:\/\/hubsch-interior.com\/fr\/produit\/mush-lampe-portative-laiton-bruni\/"]}]},{"@type":"ImageObject","inLanguage":"fr-FR","@id":"https:\/\/hubsch-interior.com\/fr\/produit\/mush-lampe-portative-laiton-bruni\/#primaryimage","url":"https:\/\/hubsch-interior.com\/wp-content\/uploads\/2026\/02\/mush-portable-lamp-burnished-brass-ef05b4ec2be8c92356220cfdcc0405be.jpg","contentUrl":"https:\/\/hubsch-interior.com\/wp-content\/uploads\/2026\/02\/mush-portable-lamp-burnished-brass-ef05b4ec2be8c92356220cfdcc0405be.jpg","width":1024,"height":1024},{"@type":"BreadcrumbList","@id":"https:\/\/hubsch-interior.com\/fr\/produit\/mush-lampe-portative-laiton-bruni\/#breadcrumb","itemListElement":[{"@type":"ListItem","position":1,"name":"Page d'accueil","item":"https:\/\/hubsch-interior.com\/fr\/"},{"@type":"ListItem","position":2,"name":"Produits","item":"https:\/\/hubsch-interior.com\/fr\/shop-2\/"},{"@type":"ListItem","position":3,"name":"Luminaires","item":"https:\/\/hubsch-interior.com\/fr\/categorie-produit\/luminaires\/"},{"@type":"ListItem","position":4,"name":"Lampes portatives","item":"https:\/\/hubsch-interior.com\/fr\/categorie-produit\/luminaires\/lampes-portatives-fr\/"},{"@type":"ListItem","position":5,"name":"Mush Lampe portative Laiton Bruni"}]},{"@type":"WebSite","@id":"https:\/\/hubsch-interior.com\/fr\/#website","url":"https:\/\/hubsch-interior.com\/fr\/","name":"H\u00fcbsch","description":"Danish Home Interior and Design","publisher":{"@id":"https:\/\/hubsch-interior.com\/fr\/#organization"},"potentialAction":[{"@type":"SearchAction","target":{"@type":"EntryPoint","urlTemplate":"https:\/\/hubsch-interior.com\/fr\/?s={search_term_string}"},"query-input":{"@type":"PropertyValueSpecification","valueRequired":true,"valueName":"search_term_string"}}],"inLanguage":"fr-FR"},{"@type":"Organization","@id":"https:\/\/hubsch-interior.com\/fr\/#organization","name":"H\u00fcbsch","url":"https:\/\/hubsch-interior.com\/fr\/","logo":{"@type":"ImageObject","inLanguage":"fr-FR","@id":"https:\/\/hubsch-interior.com\/fr\/#\/schema\/logo\/image\/","url":"https:\/\/hubsch-interior.com\/wp-content\/uploads\/2022\/12\/Hubsch_logo_black_one_line.svg","contentUrl":"https:\/\/hubsch-interior.com\/wp-content\/uploads\/2022\/12\/Hubsch_logo_black_one_line.svg","caption":"H\u00fcbsch"},"image":{"@id":"https:\/\/hubsch-interior.com\/fr\/#\/schema\/logo\/image\/"}}]}},"_links":{"self":[{"href":"https:\/\/hubsch-interior.com\/fr\/wp-json\/wp\/v2\/product\/1071351","targetHints":{"allow":["GET"]}}],"collection":[{"href":"https:\/\/hubsch-interior.com\/fr\/wp-json\/wp\/v2\/product"}],"about":[{"href":"https:\/\/hubsch-interior.com\/fr\/wp-json\/wp\/v2\/types\/product"}],"wp:featuredmedia":[{"embeddable":true,"href":"https:\/\/hubsch-interior.com\/fr\/wp-json\/wp\/v2\/media\/1107963"}],"wp:attachment":[{"href":"https:\/\/hubsch-interior.com\/fr\/wp-json\/wp\/v2\/media?parent=1071351"}],"wp:term":[{"taxonomy":"product_brand","embeddable":true,"href":"https:\/\/hubsch-interior.com\/fr\/wp-json\/wp\/v2\/product_brand?post=1071351"},{"taxonomy":"product_cat","embeddable":true,"href":"https:\/\/hubsch-interior.com\/fr\/wp-json\/wp\/v2\/product_cat?post=1071351"},{"taxonomy":"product_tag","embeddable":true,"href":"https:\/\/hubsch-interior.com\/fr\/wp-json\/wp\/v2\/product_tag?post=1071351"}],"curies":[{"name":"wp","href":"https:\/\/api.w.org\/{rel}","templated":true}]}}