{"id":1071399,"date":"2025-09-25T13:18:04","date_gmt":"2025-09-25T11:18:04","guid":{"rendered":"https:\/\/hubsch-interior.com\/product\/product\/"},"modified":"2026-04-29T05:11:13","modified_gmt":"2026-04-29T03:11:13","slug":"mush-lampe-de-table-mini-noir-mat","status":"publish","type":"product","link":"https:\/\/hubsch-interior.com\/fr\/produit\/mush-lampe-de-table-mini-noir-mat\/","title":{"rendered":"Mush Lampe de table Mini Noir Mat"},"content":{"rendered":"<p>Apportez une sophistication subtile \u00e0 votre int\u00e9rieur avec la Mush Lampe de table en noir mat. Fabriqu\u00e9e en m\u00e9tal durable, elle diffuse une lumi\u00e8re douce id\u00e9ale pour les coins lecture, les tables de chevet ou les espaces de vie. Avec 15 options de couleurs, vous pouvez facilement assortir votre d\u00e9coration. La Mush Lampe associe \u00e9clairage pratique et design intemporel, rendant chaque pi\u00e8ce \u00e0 la fois accueillante et magnifiquement \u00e9clair\u00e9e.<\/p>\n","protected":false},"excerpt":{"rendered":"<p>Apportez une sophistication subtile \u00e0 votre int\u00e9rieur avec la Mush Lampe de table en noir mat. Fabriqu\u00e9e en m\u00e9tal durable, elle diffuse une lumi\u00e8re douce id\u00e9ale pour les coins lecture, les tables de chevet ou les espaces de vie. Avec 15 options de couleurs, vous pouvez facilement assortir votre d\u00e9coration. La Mush Lampe associe \u00e9clairage [&hellip;]<\/p>\n","protected":false},"featured_media":1108003,"template":"","meta":{"_acf_changed":false,"inline_featured_image":false},"product_brand":[],"product_cat":[6939,6997,3810,3500],"product_tag":[],"class_list":{"0":"post-1071399","1":"product","2":"type-product","3":"status-publish","4":"has-post-thumbnail","6":"product_cat-additions-fr","7":"product_cat-the-buzz-fr","8":"product_cat-luminaires","9":"product_cat-lampes-a-poser-fr","10":"product_shipping_class-pk","12":"pa_color-noir-mat","13":"pa_material-fer-fr","15":"first","16":"instock","17":"taxable","18":"shipping-taxable","19":"purchasable","20":"product-type-simple"},"exclude_global_add_ons":[],"addons":[],"acf":[],"yoast_head":"<!-- This site is optimized with the Yoast SEO plugin v26.4 - https:\/\/yoast.com\/wordpress\/plugins\/seo\/ -->\n<title>Mush Lampe de table Mini Noir Mat - H\u00fcbsch<\/title>\n<meta name=\"description\" content=\"Apportez une sophistication subtile \u00e0 votre int\u00e9rieur avec la Mush Lampe de table en noir mat. Fabriqu\u00e9e en m\u00e9tal durable, elle diffuse une lumi\u00e8re douce\" \/>\n<meta name=\"robots\" content=\"index, follow, max-snippet:-1, max-image-preview:large, max-video-preview:-1\" \/>\n<link rel=\"canonical\" href=\"https:\/\/hubsch-interior.com\/fr\/wp-json\/wp\/v2\/product\/1071399\" \/>\n<meta property=\"og:locale\" content=\"fr_FR\" \/>\n<meta property=\"og:type\" content=\"article\" \/>\n<meta property=\"og:title\" content=\"Mush Lampe de table Mini Noir Mat - H\u00fcbsch\" \/>\n<meta property=\"og:description\" content=\"Apportez une sophistication subtile \u00e0 votre int\u00e9rieur avec la Mush Lampe de table en noir mat. Fabriqu\u00e9e en m\u00e9tal durable, elle diffuse une lumi\u00e8re douce\" \/>\n<meta property=\"og:url\" content=\"https:\/\/hubsch-interior.com\/fr\/produit\/mush-lampe-de-table-mini-noir-mat\/\" \/>\n<meta property=\"og:site_name\" content=\"H\u00fcbsch\" \/>\n<meta property=\"article:modified_time\" content=\"2026-04-29T03:11:13+00:00\" \/>\n<meta property=\"og:image\" content=\"https:\/\/hubsch-interior.com\/wp-content\/uploads\/2025\/09\/mush-table-lamp-mini-matt-black-bfc7608eda50e819f0501d3b5dab1833.jpg\" \/>\n\t<meta property=\"og:image:width\" content=\"1200\" \/>\n\t<meta property=\"og:image:height\" content=\"1200\" \/>\n\t<meta property=\"og:image:type\" content=\"image\/jpeg\" \/>\n<meta name=\"twitter:card\" content=\"summary_large_image\" \/>\n<script type=\"application\/ld+json\" class=\"yoast-schema-graph\">{\"@context\":\"https:\/\/schema.org\",\"@graph\":[{\"@type\":\"WebPage\",\"@id\":\"https:\/\/hubsch-interior.com\/fr\/produit\/mush-lampe-de-table-mini-noir-mat\/\",\"url\":\"https:\/\/hubsch-interior.com\/fr\/produit\/mush-lampe-de-table-mini-noir-mat\/\",\"name\":\"Mush Lampe de table Mini Noir Mat - H\u00fcbsch\",\"isPartOf\":{\"@id\":\"https:\/\/hubsch-interior.com\/fr\/#website\"},\"primaryImageOfPage\":{\"@id\":\"https:\/\/hubsch-interior.com\/fr\/produit\/mush-lampe-de-table-mini-noir-mat\/#primaryimage\"},\"image\":{\"@id\":\"https:\/\/hubsch-interior.com\/fr\/produit\/mush-lampe-de-table-mini-noir-mat\/#primaryimage\"},\"thumbnailUrl\":\"https:\/\/hubsch-interior.com\/wp-content\/uploads\/2026\/02\/mush-table-lamp-mini-matt-black-bdaddc1212f4e68110ed3069763b0e98.jpg\",\"datePublished\":\"2025-09-25T11:18:04+00:00\",\"dateModified\":\"2026-04-29T03:11:13+00:00\",\"description\":\"Apportez une sophistication subtile \u00e0 votre int\u00e9rieur avec la Mush Lampe de table en noir mat. Fabriqu\u00e9e en m\u00e9tal durable, elle diffuse une lumi\u00e8re douce\",\"breadcrumb\":{\"@id\":\"https:\/\/hubsch-interior.com\/fr\/produit\/mush-lampe-de-table-mini-noir-mat\/#breadcrumb\"},\"inLanguage\":\"fr-FR\",\"potentialAction\":[{\"@type\":\"ReadAction\",\"target\":[\"https:\/\/hubsch-interior.com\/fr\/produit\/mush-lampe-de-table-mini-noir-mat\/\"]}]},{\"@type\":\"ImageObject\",\"inLanguage\":\"fr-FR\",\"@id\":\"https:\/\/hubsch-interior.com\/fr\/produit\/mush-lampe-de-table-mini-noir-mat\/#primaryimage\",\"url\":\"https:\/\/hubsch-interior.com\/wp-content\/uploads\/2026\/02\/mush-table-lamp-mini-matt-black-bdaddc1212f4e68110ed3069763b0e98.jpg\",\"contentUrl\":\"https:\/\/hubsch-interior.com\/wp-content\/uploads\/2026\/02\/mush-table-lamp-mini-matt-black-bdaddc1212f4e68110ed3069763b0e98.jpg\",\"width\":1024,\"height\":1024},{\"@type\":\"BreadcrumbList\",\"@id\":\"https:\/\/hubsch-interior.com\/fr\/produit\/mush-lampe-de-table-mini-noir-mat\/#breadcrumb\",\"itemListElement\":[{\"@type\":\"ListItem\",\"position\":1,\"name\":\"Page d'accueil\",\"item\":\"https:\/\/hubsch-interior.com\/fr\/\"},{\"@type\":\"ListItem\",\"position\":2,\"name\":\"Produits\",\"item\":\"https:\/\/hubsch-interior.com\/fr\/shop-2\/\"},{\"@type\":\"ListItem\",\"position\":3,\"name\":\"Luminaires\",\"item\":\"https:\/\/hubsch-interior.com\/fr\/categorie-produit\/luminaires\/\"},{\"@type\":\"ListItem\",\"position\":4,\"name\":\"Lampes &agrave; poser\",\"item\":\"https:\/\/hubsch-interior.com\/fr\/categorie-produit\/luminaires\/lampes-a-poser-fr\/\"},{\"@type\":\"ListItem\",\"position\":5,\"name\":\"Mush Lampe de table Mini Noir Mat\"}]},{\"@type\":\"WebSite\",\"@id\":\"https:\/\/hubsch-interior.com\/fr\/#website\",\"url\":\"https:\/\/hubsch-interior.com\/fr\/\",\"name\":\"H\u00fcbsch\",\"description\":\"Danish Home Interior and Design\",\"publisher\":{\"@id\":\"https:\/\/hubsch-interior.com\/fr\/#organization\"},\"potentialAction\":[{\"@type\":\"SearchAction\",\"target\":{\"@type\":\"EntryPoint\",\"urlTemplate\":\"https:\/\/hubsch-interior.com\/fr\/?s={search_term_string}\"},\"query-input\":{\"@type\":\"PropertyValueSpecification\",\"valueRequired\":true,\"valueName\":\"search_term_string\"}}],\"inLanguage\":\"fr-FR\"},{\"@type\":\"Organization\",\"@id\":\"https:\/\/hubsch-interior.com\/fr\/#organization\",\"name\":\"H\u00fcbsch\",\"url\":\"https:\/\/hubsch-interior.com\/fr\/\",\"logo\":{\"@type\":\"ImageObject\",\"inLanguage\":\"fr-FR\",\"@id\":\"https:\/\/hubsch-interior.com\/fr\/#\/schema\/logo\/image\/\",\"url\":\"https:\/\/hubsch-interior.com\/wp-content\/uploads\/2022\/12\/Hubsch_logo_black_one_line.svg\",\"contentUrl\":\"https:\/\/hubsch-interior.com\/wp-content\/uploads\/2022\/12\/Hubsch_logo_black_one_line.svg\",\"caption\":\"H\u00fcbsch\"},\"image\":{\"@id\":\"https:\/\/hubsch-interior.com\/fr\/#\/schema\/logo\/image\/\"}}]}<\/script>\n<!-- \/ Yoast SEO plugin. -->","yoast_head_json":{"title":"Mush Lampe de table Mini Noir Mat - H\u00fcbsch","description":"Apportez une sophistication subtile \u00e0 votre int\u00e9rieur avec la Mush Lampe de table en noir mat. Fabriqu\u00e9e en m\u00e9tal durable, elle diffuse une lumi\u00e8re douce","robots":{"index":"index","follow":"follow","max-snippet":"max-snippet:-1","max-image-preview":"max-image-preview:large","max-video-preview":"max-video-preview:-1"},"canonical":"https:\/\/hubsch-interior.com\/fr\/wp-json\/wp\/v2\/product\/1071399","og_locale":"fr_FR","og_type":"article","og_title":"Mush Lampe de table Mini Noir Mat - H\u00fcbsch","og_description":"Apportez une sophistication subtile \u00e0 votre int\u00e9rieur avec la Mush Lampe de table en noir mat. Fabriqu\u00e9e en m\u00e9tal durable, elle diffuse une lumi\u00e8re douce","og_url":"https:\/\/hubsch-interior.com\/fr\/produit\/mush-lampe-de-table-mini-noir-mat\/","og_site_name":"H\u00fcbsch","article_modified_time":"2026-04-29T03:11:13+00:00","og_image":[{"width":1200,"height":1200,"url":"https:\/\/hubsch-interior.com\/wp-content\/uploads\/2025\/09\/mush-table-lamp-mini-matt-black-bfc7608eda50e819f0501d3b5dab1833.jpg","type":"image\/jpeg"}],"twitter_card":"summary_large_image","schema":{"@context":"https:\/\/schema.org","@graph":[{"@type":"WebPage","@id":"https:\/\/hubsch-interior.com\/fr\/produit\/mush-lampe-de-table-mini-noir-mat\/","url":"https:\/\/hubsch-interior.com\/fr\/produit\/mush-lampe-de-table-mini-noir-mat\/","name":"Mush Lampe de table Mini Noir Mat - H\u00fcbsch","isPartOf":{"@id":"https:\/\/hubsch-interior.com\/fr\/#website"},"primaryImageOfPage":{"@id":"https:\/\/hubsch-interior.com\/fr\/produit\/mush-lampe-de-table-mini-noir-mat\/#primaryimage"},"image":{"@id":"https:\/\/hubsch-interior.com\/fr\/produit\/mush-lampe-de-table-mini-noir-mat\/#primaryimage"},"thumbnailUrl":"https:\/\/hubsch-interior.com\/wp-content\/uploads\/2026\/02\/mush-table-lamp-mini-matt-black-bdaddc1212f4e68110ed3069763b0e98.jpg","datePublished":"2025-09-25T11:18:04+00:00","dateModified":"2026-04-29T03:11:13+00:00","description":"Apportez une sophistication subtile \u00e0 votre int\u00e9rieur avec la Mush Lampe de table en noir mat. Fabriqu\u00e9e en m\u00e9tal durable, elle diffuse une lumi\u00e8re douce","breadcrumb":{"@id":"https:\/\/hubsch-interior.com\/fr\/produit\/mush-lampe-de-table-mini-noir-mat\/#breadcrumb"},"inLanguage":"fr-FR","potentialAction":[{"@type":"ReadAction","target":["https:\/\/hubsch-interior.com\/fr\/produit\/mush-lampe-de-table-mini-noir-mat\/"]}]},{"@type":"ImageObject","inLanguage":"fr-FR","@id":"https:\/\/hubsch-interior.com\/fr\/produit\/mush-lampe-de-table-mini-noir-mat\/#primaryimage","url":"https:\/\/hubsch-interior.com\/wp-content\/uploads\/2026\/02\/mush-table-lamp-mini-matt-black-bdaddc1212f4e68110ed3069763b0e98.jpg","contentUrl":"https:\/\/hubsch-interior.com\/wp-content\/uploads\/2026\/02\/mush-table-lamp-mini-matt-black-bdaddc1212f4e68110ed3069763b0e98.jpg","width":1024,"height":1024},{"@type":"BreadcrumbList","@id":"https:\/\/hubsch-interior.com\/fr\/produit\/mush-lampe-de-table-mini-noir-mat\/#breadcrumb","itemListElement":[{"@type":"ListItem","position":1,"name":"Page d'accueil","item":"https:\/\/hubsch-interior.com\/fr\/"},{"@type":"ListItem","position":2,"name":"Produits","item":"https:\/\/hubsch-interior.com\/fr\/shop-2\/"},{"@type":"ListItem","position":3,"name":"Luminaires","item":"https:\/\/hubsch-interior.com\/fr\/categorie-produit\/luminaires\/"},{"@type":"ListItem","position":4,"name":"Lampes &agrave; poser","item":"https:\/\/hubsch-interior.com\/fr\/categorie-produit\/luminaires\/lampes-a-poser-fr\/"},{"@type":"ListItem","position":5,"name":"Mush Lampe de table Mini Noir Mat"}]},{"@type":"WebSite","@id":"https:\/\/hubsch-interior.com\/fr\/#website","url":"https:\/\/hubsch-interior.com\/fr\/","name":"H\u00fcbsch","description":"Danish Home Interior and Design","publisher":{"@id":"https:\/\/hubsch-interior.com\/fr\/#organization"},"potentialAction":[{"@type":"SearchAction","target":{"@type":"EntryPoint","urlTemplate":"https:\/\/hubsch-interior.com\/fr\/?s={search_term_string}"},"query-input":{"@type":"PropertyValueSpecification","valueRequired":true,"valueName":"search_term_string"}}],"inLanguage":"fr-FR"},{"@type":"Organization","@id":"https:\/\/hubsch-interior.com\/fr\/#organization","name":"H\u00fcbsch","url":"https:\/\/hubsch-interior.com\/fr\/","logo":{"@type":"ImageObject","inLanguage":"fr-FR","@id":"https:\/\/hubsch-interior.com\/fr\/#\/schema\/logo\/image\/","url":"https:\/\/hubsch-interior.com\/wp-content\/uploads\/2022\/12\/Hubsch_logo_black_one_line.svg","contentUrl":"https:\/\/hubsch-interior.com\/wp-content\/uploads\/2022\/12\/Hubsch_logo_black_one_line.svg","caption":"H\u00fcbsch"},"image":{"@id":"https:\/\/hubsch-interior.com\/fr\/#\/schema\/logo\/image\/"}}]}},"_links":{"self":[{"href":"https:\/\/hubsch-interior.com\/fr\/wp-json\/wp\/v2\/product\/1071399","targetHints":{"allow":["GET"]}}],"collection":[{"href":"https:\/\/hubsch-interior.com\/fr\/wp-json\/wp\/v2\/product"}],"about":[{"href":"https:\/\/hubsch-interior.com\/fr\/wp-json\/wp\/v2\/types\/product"}],"wp:featuredmedia":[{"embeddable":true,"href":"https:\/\/hubsch-interior.com\/fr\/wp-json\/wp\/v2\/media\/1108003"}],"wp:attachment":[{"href":"https:\/\/hubsch-interior.com\/fr\/wp-json\/wp\/v2\/media?parent=1071399"}],"wp:term":[{"taxonomy":"product_brand","embeddable":true,"href":"https:\/\/hubsch-interior.com\/fr\/wp-json\/wp\/v2\/product_brand?post=1071399"},{"taxonomy":"product_cat","embeddable":true,"href":"https:\/\/hubsch-interior.com\/fr\/wp-json\/wp\/v2\/product_cat?post=1071399"},{"taxonomy":"product_tag","embeddable":true,"href":"https:\/\/hubsch-interior.com\/fr\/wp-json\/wp\/v2\/product_tag?post=1071399"}],"curies":[{"name":"wp","href":"https:\/\/api.w.org\/{rel}","templated":true}]}}