{"id":1071555,"date":"2025-09-25T13:20:10","date_gmt":"2025-09-25T11:20:10","guid":{"rendered":"https:\/\/hubsch-interior.com\/product\/product\/"},"modified":"2026-04-09T05:08:47","modified_gmt":"2026-04-09T03:08:47","slug":"mush-lampe-de-table-haut-bleu-glace","status":"publish","type":"product","link":"https:\/\/hubsch-interior.com\/fr\/produit\/mush-lampe-de-table-haut-bleu-glace\/","title":{"rendered":"Mush Lampe de table Haut Bleu Glac\u00e9"},"content":{"rendered":"<p>En bleu glace poussi\u00e9reux avec une finition brillante \u00e9l\u00e9gante, la Mush Lampe de table apporte \u00e0 la fois couleur et \u00e9l\u00e9gance \u00e0 votre int\u00e9rieur. Sa douce lueur est parfaite pour lire au lit, \u00e9clairer un coin cosy ou ajouter une touche raffin\u00e9e \u00e0 votre espace de travail. Fabriqu\u00e9e en m\u00e9tal durable, son design intemporel allie style et fonctionnalit\u00e9, faisant d&#8217;elle un \u00e9l\u00e9ment s\u00e9duisant pour tout espace de votre d\u00e9coration.<\/p>\n","protected":false},"excerpt":{"rendered":"<p>En bleu glace poussi\u00e9reux avec une finition brillante \u00e9l\u00e9gante, la Mush Lampe de table apporte \u00e0 la fois couleur et \u00e9l\u00e9gance \u00e0 votre int\u00e9rieur. Sa douce lueur est parfaite pour lire au lit, \u00e9clairer un coin cosy ou ajouter une touche raffin\u00e9e \u00e0 votre espace de travail. Fabriqu\u00e9e en m\u00e9tal durable, son design intemporel allie [&hellip;]<\/p>\n","protected":false},"featured_media":1108115,"template":"","meta":{"_acf_changed":false,"inline_featured_image":false},"product_brand":[],"product_cat":[6939,6997,3810,3500],"product_tag":[],"class_list":{"0":"post-1071555","1":"product","2":"type-product","3":"status-publish","4":"has-post-thumbnail","6":"product_cat-additions-fr","7":"product_cat-the-buzz-fr","8":"product_cat-luminaires","9":"product_cat-lampes-a-poser-fr","10":"product_shipping_class-pk","12":"pa_color-bleu-glace","13":"pa_material-fer-fr","15":"first","16":"instock","17":"taxable","18":"shipping-taxable","19":"purchasable","20":"product-type-simple"},"exclude_global_add_ons":[],"addons":[],"acf":[],"yoast_head":"<!-- This site is optimized with the Yoast SEO plugin v26.4 - https:\/\/yoast.com\/wordpress\/plugins\/seo\/ -->\n<title>Mush Lampe de table Haut Bleu Glac\u00e9 - H\u00fcbsch<\/title>\n<meta name=\"description\" content=\"En bleu glace poussi\u00e9reux avec une finition brillante \u00e9l\u00e9gante, la Mush Lampe de table apporte \u00e0 la fois couleur et \u00e9l\u00e9gance \u00e0 votre int\u00e9rieur. Sa douce\" \/>\n<meta name=\"robots\" content=\"index, follow, max-snippet:-1, max-image-preview:large, max-video-preview:-1\" \/>\n<link rel=\"canonical\" href=\"https:\/\/hubsch-interior.com\/fr\/wp-json\/wp\/v2\/product\/1071555\" \/>\n<meta property=\"og:locale\" content=\"fr_FR\" \/>\n<meta property=\"og:type\" content=\"article\" \/>\n<meta property=\"og:title\" content=\"Mush Lampe de table Haut Bleu Glac\u00e9 - H\u00fcbsch\" \/>\n<meta property=\"og:description\" content=\"En bleu glace poussi\u00e9reux avec une finition brillante \u00e9l\u00e9gante, la Mush Lampe de table apporte \u00e0 la fois couleur et \u00e9l\u00e9gance \u00e0 votre int\u00e9rieur. Sa douce\" \/>\n<meta property=\"og:url\" content=\"https:\/\/hubsch-interior.com\/fr\/produit\/mush-lampe-de-table-haut-bleu-glace\/\" \/>\n<meta property=\"og:site_name\" content=\"H\u00fcbsch\" \/>\n<meta property=\"article:modified_time\" content=\"2026-04-09T03:08:47+00:00\" \/>\n<meta property=\"og:image\" content=\"https:\/\/hubsch-interior.com\/wp-content\/uploads\/2025\/09\/mush-table-lamp-tall-ice-blue-167f2daba9245a704c0b8c095e2e8d4b.jpg\" \/>\n\t<meta property=\"og:image:width\" content=\"1200\" \/>\n\t<meta property=\"og:image:height\" content=\"1200\" \/>\n\t<meta property=\"og:image:type\" content=\"image\/jpeg\" \/>\n<meta name=\"twitter:card\" content=\"summary_large_image\" \/>\n<script type=\"application\/ld+json\" class=\"yoast-schema-graph\">{\"@context\":\"https:\/\/schema.org\",\"@graph\":[{\"@type\":\"WebPage\",\"@id\":\"https:\/\/hubsch-interior.com\/fr\/produit\/mush-lampe-de-table-haut-bleu-glace\/\",\"url\":\"https:\/\/hubsch-interior.com\/fr\/produit\/mush-lampe-de-table-haut-bleu-glace\/\",\"name\":\"Mush Lampe de table Haut Bleu Glac\u00e9 - H\u00fcbsch\",\"isPartOf\":{\"@id\":\"https:\/\/hubsch-interior.com\/fr\/#website\"},\"primaryImageOfPage\":{\"@id\":\"https:\/\/hubsch-interior.com\/fr\/produit\/mush-lampe-de-table-haut-bleu-glace\/#primaryimage\"},\"image\":{\"@id\":\"https:\/\/hubsch-interior.com\/fr\/produit\/mush-lampe-de-table-haut-bleu-glace\/#primaryimage\"},\"thumbnailUrl\":\"https:\/\/hubsch-interior.com\/wp-content\/uploads\/2026\/02\/mush-table-lamp-tall-ice-blue-0db8b0220daa0d4cf0e102144a82c077.jpg\",\"datePublished\":\"2025-09-25T11:20:10+00:00\",\"dateModified\":\"2026-04-09T03:08:47+00:00\",\"description\":\"En bleu glace poussi\u00e9reux avec une finition brillante \u00e9l\u00e9gante, la Mush Lampe de table apporte \u00e0 la fois couleur et \u00e9l\u00e9gance \u00e0 votre int\u00e9rieur. Sa douce\",\"breadcrumb\":{\"@id\":\"https:\/\/hubsch-interior.com\/fr\/produit\/mush-lampe-de-table-haut-bleu-glace\/#breadcrumb\"},\"inLanguage\":\"fr-FR\",\"potentialAction\":[{\"@type\":\"ReadAction\",\"target\":[\"https:\/\/hubsch-interior.com\/fr\/produit\/mush-lampe-de-table-haut-bleu-glace\/\"]}]},{\"@type\":\"ImageObject\",\"inLanguage\":\"fr-FR\",\"@id\":\"https:\/\/hubsch-interior.com\/fr\/produit\/mush-lampe-de-table-haut-bleu-glace\/#primaryimage\",\"url\":\"https:\/\/hubsch-interior.com\/wp-content\/uploads\/2026\/02\/mush-table-lamp-tall-ice-blue-0db8b0220daa0d4cf0e102144a82c077.jpg\",\"contentUrl\":\"https:\/\/hubsch-interior.com\/wp-content\/uploads\/2026\/02\/mush-table-lamp-tall-ice-blue-0db8b0220daa0d4cf0e102144a82c077.jpg\",\"width\":1024,\"height\":1024},{\"@type\":\"BreadcrumbList\",\"@id\":\"https:\/\/hubsch-interior.com\/fr\/produit\/mush-lampe-de-table-haut-bleu-glace\/#breadcrumb\",\"itemListElement\":[{\"@type\":\"ListItem\",\"position\":1,\"name\":\"Page d'accueil\",\"item\":\"https:\/\/hubsch-interior.com\/fr\/\"},{\"@type\":\"ListItem\",\"position\":2,\"name\":\"Produits\",\"item\":\"https:\/\/hubsch-interior.com\/fr\/shop-2\/\"},{\"@type\":\"ListItem\",\"position\":3,\"name\":\"Luminaires\",\"item\":\"https:\/\/hubsch-interior.com\/fr\/categorie-produit\/luminaires\/\"},{\"@type\":\"ListItem\",\"position\":4,\"name\":\"Lampes &agrave; poser\",\"item\":\"https:\/\/hubsch-interior.com\/fr\/categorie-produit\/luminaires\/lampes-a-poser-fr\/\"},{\"@type\":\"ListItem\",\"position\":5,\"name\":\"Mush Lampe de table Haut Bleu Glac\u00e9\"}]},{\"@type\":\"WebSite\",\"@id\":\"https:\/\/hubsch-interior.com\/fr\/#website\",\"url\":\"https:\/\/hubsch-interior.com\/fr\/\",\"name\":\"H\u00fcbsch\",\"description\":\"Danish Home Interior and Design\",\"publisher\":{\"@id\":\"https:\/\/hubsch-interior.com\/fr\/#organization\"},\"potentialAction\":[{\"@type\":\"SearchAction\",\"target\":{\"@type\":\"EntryPoint\",\"urlTemplate\":\"https:\/\/hubsch-interior.com\/fr\/?s={search_term_string}\"},\"query-input\":{\"@type\":\"PropertyValueSpecification\",\"valueRequired\":true,\"valueName\":\"search_term_string\"}}],\"inLanguage\":\"fr-FR\"},{\"@type\":\"Organization\",\"@id\":\"https:\/\/hubsch-interior.com\/fr\/#organization\",\"name\":\"H\u00fcbsch\",\"url\":\"https:\/\/hubsch-interior.com\/fr\/\",\"logo\":{\"@type\":\"ImageObject\",\"inLanguage\":\"fr-FR\",\"@id\":\"https:\/\/hubsch-interior.com\/fr\/#\/schema\/logo\/image\/\",\"url\":\"https:\/\/hubsch-interior.com\/wp-content\/uploads\/2022\/12\/Hubsch_logo_black_one_line.svg\",\"contentUrl\":\"https:\/\/hubsch-interior.com\/wp-content\/uploads\/2022\/12\/Hubsch_logo_black_one_line.svg\",\"caption\":\"H\u00fcbsch\"},\"image\":{\"@id\":\"https:\/\/hubsch-interior.com\/fr\/#\/schema\/logo\/image\/\"}}]}<\/script>\n<!-- \/ Yoast SEO plugin. -->","yoast_head_json":{"title":"Mush Lampe de table Haut Bleu Glac\u00e9 - H\u00fcbsch","description":"En bleu glace poussi\u00e9reux avec une finition brillante \u00e9l\u00e9gante, la Mush Lampe de table apporte \u00e0 la fois couleur et \u00e9l\u00e9gance \u00e0 votre int\u00e9rieur. Sa douce","robots":{"index":"index","follow":"follow","max-snippet":"max-snippet:-1","max-image-preview":"max-image-preview:large","max-video-preview":"max-video-preview:-1"},"canonical":"https:\/\/hubsch-interior.com\/fr\/wp-json\/wp\/v2\/product\/1071555","og_locale":"fr_FR","og_type":"article","og_title":"Mush Lampe de table Haut Bleu Glac\u00e9 - H\u00fcbsch","og_description":"En bleu glace poussi\u00e9reux avec une finition brillante \u00e9l\u00e9gante, la Mush Lampe de table apporte \u00e0 la fois couleur et \u00e9l\u00e9gance \u00e0 votre int\u00e9rieur. Sa douce","og_url":"https:\/\/hubsch-interior.com\/fr\/produit\/mush-lampe-de-table-haut-bleu-glace\/","og_site_name":"H\u00fcbsch","article_modified_time":"2026-04-09T03:08:47+00:00","og_image":[{"width":1200,"height":1200,"url":"https:\/\/hubsch-interior.com\/wp-content\/uploads\/2025\/09\/mush-table-lamp-tall-ice-blue-167f2daba9245a704c0b8c095e2e8d4b.jpg","type":"image\/jpeg"}],"twitter_card":"summary_large_image","schema":{"@context":"https:\/\/schema.org","@graph":[{"@type":"WebPage","@id":"https:\/\/hubsch-interior.com\/fr\/produit\/mush-lampe-de-table-haut-bleu-glace\/","url":"https:\/\/hubsch-interior.com\/fr\/produit\/mush-lampe-de-table-haut-bleu-glace\/","name":"Mush Lampe de table Haut Bleu Glac\u00e9 - H\u00fcbsch","isPartOf":{"@id":"https:\/\/hubsch-interior.com\/fr\/#website"},"primaryImageOfPage":{"@id":"https:\/\/hubsch-interior.com\/fr\/produit\/mush-lampe-de-table-haut-bleu-glace\/#primaryimage"},"image":{"@id":"https:\/\/hubsch-interior.com\/fr\/produit\/mush-lampe-de-table-haut-bleu-glace\/#primaryimage"},"thumbnailUrl":"https:\/\/hubsch-interior.com\/wp-content\/uploads\/2026\/02\/mush-table-lamp-tall-ice-blue-0db8b0220daa0d4cf0e102144a82c077.jpg","datePublished":"2025-09-25T11:20:10+00:00","dateModified":"2026-04-09T03:08:47+00:00","description":"En bleu glace poussi\u00e9reux avec une finition brillante \u00e9l\u00e9gante, la Mush Lampe de table apporte \u00e0 la fois couleur et \u00e9l\u00e9gance \u00e0 votre int\u00e9rieur. Sa douce","breadcrumb":{"@id":"https:\/\/hubsch-interior.com\/fr\/produit\/mush-lampe-de-table-haut-bleu-glace\/#breadcrumb"},"inLanguage":"fr-FR","potentialAction":[{"@type":"ReadAction","target":["https:\/\/hubsch-interior.com\/fr\/produit\/mush-lampe-de-table-haut-bleu-glace\/"]}]},{"@type":"ImageObject","inLanguage":"fr-FR","@id":"https:\/\/hubsch-interior.com\/fr\/produit\/mush-lampe-de-table-haut-bleu-glace\/#primaryimage","url":"https:\/\/hubsch-interior.com\/wp-content\/uploads\/2026\/02\/mush-table-lamp-tall-ice-blue-0db8b0220daa0d4cf0e102144a82c077.jpg","contentUrl":"https:\/\/hubsch-interior.com\/wp-content\/uploads\/2026\/02\/mush-table-lamp-tall-ice-blue-0db8b0220daa0d4cf0e102144a82c077.jpg","width":1024,"height":1024},{"@type":"BreadcrumbList","@id":"https:\/\/hubsch-interior.com\/fr\/produit\/mush-lampe-de-table-haut-bleu-glace\/#breadcrumb","itemListElement":[{"@type":"ListItem","position":1,"name":"Page d'accueil","item":"https:\/\/hubsch-interior.com\/fr\/"},{"@type":"ListItem","position":2,"name":"Produits","item":"https:\/\/hubsch-interior.com\/fr\/shop-2\/"},{"@type":"ListItem","position":3,"name":"Luminaires","item":"https:\/\/hubsch-interior.com\/fr\/categorie-produit\/luminaires\/"},{"@type":"ListItem","position":4,"name":"Lampes &agrave; poser","item":"https:\/\/hubsch-interior.com\/fr\/categorie-produit\/luminaires\/lampes-a-poser-fr\/"},{"@type":"ListItem","position":5,"name":"Mush Lampe de table Haut Bleu Glac\u00e9"}]},{"@type":"WebSite","@id":"https:\/\/hubsch-interior.com\/fr\/#website","url":"https:\/\/hubsch-interior.com\/fr\/","name":"H\u00fcbsch","description":"Danish Home Interior and Design","publisher":{"@id":"https:\/\/hubsch-interior.com\/fr\/#organization"},"potentialAction":[{"@type":"SearchAction","target":{"@type":"EntryPoint","urlTemplate":"https:\/\/hubsch-interior.com\/fr\/?s={search_term_string}"},"query-input":{"@type":"PropertyValueSpecification","valueRequired":true,"valueName":"search_term_string"}}],"inLanguage":"fr-FR"},{"@type":"Organization","@id":"https:\/\/hubsch-interior.com\/fr\/#organization","name":"H\u00fcbsch","url":"https:\/\/hubsch-interior.com\/fr\/","logo":{"@type":"ImageObject","inLanguage":"fr-FR","@id":"https:\/\/hubsch-interior.com\/fr\/#\/schema\/logo\/image\/","url":"https:\/\/hubsch-interior.com\/wp-content\/uploads\/2022\/12\/Hubsch_logo_black_one_line.svg","contentUrl":"https:\/\/hubsch-interior.com\/wp-content\/uploads\/2022\/12\/Hubsch_logo_black_one_line.svg","caption":"H\u00fcbsch"},"image":{"@id":"https:\/\/hubsch-interior.com\/fr\/#\/schema\/logo\/image\/"}}]}},"_links":{"self":[{"href":"https:\/\/hubsch-interior.com\/fr\/wp-json\/wp\/v2\/product\/1071555","targetHints":{"allow":["GET"]}}],"collection":[{"href":"https:\/\/hubsch-interior.com\/fr\/wp-json\/wp\/v2\/product"}],"about":[{"href":"https:\/\/hubsch-interior.com\/fr\/wp-json\/wp\/v2\/types\/product"}],"wp:featuredmedia":[{"embeddable":true,"href":"https:\/\/hubsch-interior.com\/fr\/wp-json\/wp\/v2\/media\/1108115"}],"wp:attachment":[{"href":"https:\/\/hubsch-interior.com\/fr\/wp-json\/wp\/v2\/media?parent=1071555"}],"wp:term":[{"taxonomy":"product_brand","embeddable":true,"href":"https:\/\/hubsch-interior.com\/fr\/wp-json\/wp\/v2\/product_brand?post=1071555"},{"taxonomy":"product_cat","embeddable":true,"href":"https:\/\/hubsch-interior.com\/fr\/wp-json\/wp\/v2\/product_cat?post=1071555"},{"taxonomy":"product_tag","embeddable":true,"href":"https:\/\/hubsch-interior.com\/fr\/wp-json\/wp\/v2\/product_tag?post=1071555"}],"curies":[{"name":"wp","href":"https:\/\/api.w.org\/{rel}","templated":true}]}}