{"id":1071611,"date":"2025-09-25T13:23:05","date_gmt":"2025-09-25T11:23:05","guid":{"rendered":"https:\/\/hubsch-interior.com\/product\/product\/"},"modified":"2026-04-12T05:22:53","modified_gmt":"2026-04-12T03:22:53","slug":"bringme-lampe-portative-mini-vert","status":"publish","type":"product","link":"https:\/\/hubsch-interior.com\/fr\/produit\/bringme-lampe-portative-mini-vert\/","title":{"rendered":"BringMe Lampe portative Mini Vert"},"content":{"rendered":"<p>De l&#8217;\u00e9tag\u00e8re au balcon, la BringMe Lampe portative vous accompagne partout o\u00f9 vous avez besoin de lumi\u00e8re. Sa finition vert clair brillante apporte une touche ludique, tandis que son design sans fil simplifie son utilisation tout en offrant de la flexibilit\u00e9. Enti\u00e8rement charg\u00e9e en 6 heures, elle offre jusqu&#8217;\u00e0 8 heures d&#8217;\u00e9clairage \u00e0 pleine puissance. Avec neuf variantes disponibles, BringMe facilite l&#8217;harmonisation avec votre style tout en illuminant chaque coin de votre maison.<\/p>\n","protected":false},"excerpt":{"rendered":"<p>De l&#8217;\u00e9tag\u00e8re au balcon, la BringMe Lampe portative vous accompagne partout o\u00f9 vous avez besoin de lumi\u00e8re. Sa finition vert clair brillante apporte une touche ludique, tandis que son design sans fil simplifie son utilisation tout en offrant de la flexibilit\u00e9. Enti\u00e8rement charg\u00e9e en 6 heures, elle offre jusqu&#8217;\u00e0 8 heures d&#8217;\u00e9clairage \u00e0 pleine puissance. [&hellip;]<\/p>\n","protected":false},"featured_media":1111712,"template":"","meta":{"_acf_changed":false,"inline_featured_image":false},"product_brand":[],"product_cat":[6939,6962,6971,6997,3810,3500,6535],"product_tag":[],"class_list":{"0":"post-1071611","1":"product","2":"type-product","3":"status-publish","4":"has-post-thumbnail","6":"product_cat-additions-fr","7":"product_cat-lampes-portatives-fr","8":"product_cat-paques","9":"product_cat-the-buzz-fr","10":"product_cat-luminaires","11":"product_cat-lampes-a-poser-fr","12":"product_cat-outlet-fr","13":"product_shipping_class-pk","15":"pa_color-vert-2","16":"pa_material-acrylic-5-fr","17":"pa_material-fer-fr","19":"first","20":"instock","21":"sale","22":"taxable","23":"shipping-taxable","24":"purchasable","25":"product-type-simple"},"exclude_global_add_ons":[],"addons":[],"acf":[],"yoast_head":"<!-- This site is optimized with the Yoast SEO plugin v26.4 - https:\/\/yoast.com\/wordpress\/plugins\/seo\/ -->\n<title>BringMe Lampe portative Mini Vert - H\u00fcbsch<\/title>\n<meta name=\"description\" content=\"De l&#039;\u00e9tag\u00e8re au balcon, la BringMe Lampe portative vous accompagne partout o\u00f9 vous avez besoin de lumi\u00e8re. Sa finition vert clair brillante apporte une\" \/>\n<meta name=\"robots\" content=\"index, follow, max-snippet:-1, max-image-preview:large, max-video-preview:-1\" \/>\n<link rel=\"canonical\" href=\"https:\/\/hubsch-interior.com\/fr\/wp-json\/wp\/v2\/product\/1071611\" \/>\n<meta property=\"og:locale\" content=\"fr_FR\" \/>\n<meta property=\"og:type\" content=\"article\" \/>\n<meta property=\"og:title\" content=\"BringMe Lampe portative Mini Vert - H\u00fcbsch\" \/>\n<meta property=\"og:description\" content=\"De l&#039;\u00e9tag\u00e8re au balcon, la BringMe Lampe portative vous accompagne partout o\u00f9 vous avez besoin de lumi\u00e8re. Sa finition vert clair brillante apporte une\" \/>\n<meta property=\"og:url\" content=\"https:\/\/hubsch-interior.com\/fr\/produit\/bringme-lampe-portative-mini-vert\/\" \/>\n<meta property=\"og:site_name\" content=\"H\u00fcbsch\" \/>\n<meta property=\"article:modified_time\" content=\"2026-04-12T03:22:53+00:00\" \/>\n<meta property=\"og:image\" content=\"https:\/\/hubsch-interior.com\/wp-content\/uploads\/2025\/09\/bringme-portable-lamp-mini-green-23a5188ba7e76f67d802a2e4d17f32b3.jpg\" \/>\n\t<meta property=\"og:image:width\" content=\"1200\" \/>\n\t<meta property=\"og:image:height\" content=\"1200\" \/>\n\t<meta property=\"og:image:type\" content=\"image\/jpeg\" \/>\n<meta name=\"twitter:card\" content=\"summary_large_image\" \/>\n<script type=\"application\/ld+json\" class=\"yoast-schema-graph\">{\"@context\":\"https:\/\/schema.org\",\"@graph\":[{\"@type\":\"WebPage\",\"@id\":\"https:\/\/hubsch-interior.com\/fr\/produit\/bringme-lampe-portative-mini-vert\/\",\"url\":\"https:\/\/hubsch-interior.com\/fr\/produit\/bringme-lampe-portative-mini-vert\/\",\"name\":\"BringMe Lampe portative Mini Vert - H\u00fcbsch\",\"isPartOf\":{\"@id\":\"https:\/\/hubsch-interior.com\/fr\/#website\"},\"primaryImageOfPage\":{\"@id\":\"https:\/\/hubsch-interior.com\/fr\/produit\/bringme-lampe-portative-mini-vert\/#primaryimage\"},\"image\":{\"@id\":\"https:\/\/hubsch-interior.com\/fr\/produit\/bringme-lampe-portative-mini-vert\/#primaryimage\"},\"thumbnailUrl\":\"https:\/\/hubsch-interior.com\/wp-content\/uploads\/2026\/02\/bringme-portable-lamp-mini-green-b4644b2d5fc8b9825a13e9f4ad717e27.jpg\",\"datePublished\":\"2025-09-25T11:23:05+00:00\",\"dateModified\":\"2026-04-12T03:22:53+00:00\",\"description\":\"De l'\u00e9tag\u00e8re au balcon, la BringMe Lampe portative vous accompagne partout o\u00f9 vous avez besoin de lumi\u00e8re. Sa finition vert clair brillante apporte une\",\"breadcrumb\":{\"@id\":\"https:\/\/hubsch-interior.com\/fr\/produit\/bringme-lampe-portative-mini-vert\/#breadcrumb\"},\"inLanguage\":\"fr-FR\",\"potentialAction\":[{\"@type\":\"ReadAction\",\"target\":[\"https:\/\/hubsch-interior.com\/fr\/produit\/bringme-lampe-portative-mini-vert\/\"]}]},{\"@type\":\"ImageObject\",\"inLanguage\":\"fr-FR\",\"@id\":\"https:\/\/hubsch-interior.com\/fr\/produit\/bringme-lampe-portative-mini-vert\/#primaryimage\",\"url\":\"https:\/\/hubsch-interior.com\/wp-content\/uploads\/2026\/02\/bringme-portable-lamp-mini-green-b4644b2d5fc8b9825a13e9f4ad717e27.jpg\",\"contentUrl\":\"https:\/\/hubsch-interior.com\/wp-content\/uploads\/2026\/02\/bringme-portable-lamp-mini-green-b4644b2d5fc8b9825a13e9f4ad717e27.jpg\",\"width\":1024,\"height\":1024},{\"@type\":\"BreadcrumbList\",\"@id\":\"https:\/\/hubsch-interior.com\/fr\/produit\/bringme-lampe-portative-mini-vert\/#breadcrumb\",\"itemListElement\":[{\"@type\":\"ListItem\",\"position\":1,\"name\":\"Page d'accueil\",\"item\":\"https:\/\/hubsch-interior.com\/fr\/\"},{\"@type\":\"ListItem\",\"position\":2,\"name\":\"Produits\",\"item\":\"https:\/\/hubsch-interior.com\/fr\/shop-2\/\"},{\"@type\":\"ListItem\",\"position\":3,\"name\":\"Luminaires\",\"item\":\"https:\/\/hubsch-interior.com\/fr\/categorie-produit\/luminaires\/\"},{\"@type\":\"ListItem\",\"position\":4,\"name\":\"Lampes portatives\",\"item\":\"https:\/\/hubsch-interior.com\/fr\/categorie-produit\/luminaires\/lampes-portatives-fr\/\"},{\"@type\":\"ListItem\",\"position\":5,\"name\":\"BringMe Lampe portative Mini Vert\"}]},{\"@type\":\"WebSite\",\"@id\":\"https:\/\/hubsch-interior.com\/fr\/#website\",\"url\":\"https:\/\/hubsch-interior.com\/fr\/\",\"name\":\"H\u00fcbsch\",\"description\":\"Danish Home Interior and Design\",\"publisher\":{\"@id\":\"https:\/\/hubsch-interior.com\/fr\/#organization\"},\"potentialAction\":[{\"@type\":\"SearchAction\",\"target\":{\"@type\":\"EntryPoint\",\"urlTemplate\":\"https:\/\/hubsch-interior.com\/fr\/?s={search_term_string}\"},\"query-input\":{\"@type\":\"PropertyValueSpecification\",\"valueRequired\":true,\"valueName\":\"search_term_string\"}}],\"inLanguage\":\"fr-FR\"},{\"@type\":\"Organization\",\"@id\":\"https:\/\/hubsch-interior.com\/fr\/#organization\",\"name\":\"H\u00fcbsch\",\"url\":\"https:\/\/hubsch-interior.com\/fr\/\",\"logo\":{\"@type\":\"ImageObject\",\"inLanguage\":\"fr-FR\",\"@id\":\"https:\/\/hubsch-interior.com\/fr\/#\/schema\/logo\/image\/\",\"url\":\"https:\/\/hubsch-interior.com\/wp-content\/uploads\/2022\/12\/Hubsch_logo_black_one_line.svg\",\"contentUrl\":\"https:\/\/hubsch-interior.com\/wp-content\/uploads\/2022\/12\/Hubsch_logo_black_one_line.svg\",\"caption\":\"H\u00fcbsch\"},\"image\":{\"@id\":\"https:\/\/hubsch-interior.com\/fr\/#\/schema\/logo\/image\/\"}}]}<\/script>\n<!-- \/ Yoast SEO plugin. -->","yoast_head_json":{"title":"BringMe Lampe portative Mini Vert - H\u00fcbsch","description":"De l'\u00e9tag\u00e8re au balcon, la BringMe Lampe portative vous accompagne partout o\u00f9 vous avez besoin de lumi\u00e8re. Sa finition vert clair brillante apporte une","robots":{"index":"index","follow":"follow","max-snippet":"max-snippet:-1","max-image-preview":"max-image-preview:large","max-video-preview":"max-video-preview:-1"},"canonical":"https:\/\/hubsch-interior.com\/fr\/wp-json\/wp\/v2\/product\/1071611","og_locale":"fr_FR","og_type":"article","og_title":"BringMe Lampe portative Mini Vert - H\u00fcbsch","og_description":"De l'\u00e9tag\u00e8re au balcon, la BringMe Lampe portative vous accompagne partout o\u00f9 vous avez besoin de lumi\u00e8re. Sa finition vert clair brillante apporte une","og_url":"https:\/\/hubsch-interior.com\/fr\/produit\/bringme-lampe-portative-mini-vert\/","og_site_name":"H\u00fcbsch","article_modified_time":"2026-04-12T03:22:53+00:00","og_image":[{"width":1200,"height":1200,"url":"https:\/\/hubsch-interior.com\/wp-content\/uploads\/2025\/09\/bringme-portable-lamp-mini-green-23a5188ba7e76f67d802a2e4d17f32b3.jpg","type":"image\/jpeg"}],"twitter_card":"summary_large_image","schema":{"@context":"https:\/\/schema.org","@graph":[{"@type":"WebPage","@id":"https:\/\/hubsch-interior.com\/fr\/produit\/bringme-lampe-portative-mini-vert\/","url":"https:\/\/hubsch-interior.com\/fr\/produit\/bringme-lampe-portative-mini-vert\/","name":"BringMe Lampe portative Mini Vert - H\u00fcbsch","isPartOf":{"@id":"https:\/\/hubsch-interior.com\/fr\/#website"},"primaryImageOfPage":{"@id":"https:\/\/hubsch-interior.com\/fr\/produit\/bringme-lampe-portative-mini-vert\/#primaryimage"},"image":{"@id":"https:\/\/hubsch-interior.com\/fr\/produit\/bringme-lampe-portative-mini-vert\/#primaryimage"},"thumbnailUrl":"https:\/\/hubsch-interior.com\/wp-content\/uploads\/2026\/02\/bringme-portable-lamp-mini-green-b4644b2d5fc8b9825a13e9f4ad717e27.jpg","datePublished":"2025-09-25T11:23:05+00:00","dateModified":"2026-04-12T03:22:53+00:00","description":"De l'\u00e9tag\u00e8re au balcon, la BringMe Lampe portative vous accompagne partout o\u00f9 vous avez besoin de lumi\u00e8re. Sa finition vert clair brillante apporte une","breadcrumb":{"@id":"https:\/\/hubsch-interior.com\/fr\/produit\/bringme-lampe-portative-mini-vert\/#breadcrumb"},"inLanguage":"fr-FR","potentialAction":[{"@type":"ReadAction","target":["https:\/\/hubsch-interior.com\/fr\/produit\/bringme-lampe-portative-mini-vert\/"]}]},{"@type":"ImageObject","inLanguage":"fr-FR","@id":"https:\/\/hubsch-interior.com\/fr\/produit\/bringme-lampe-portative-mini-vert\/#primaryimage","url":"https:\/\/hubsch-interior.com\/wp-content\/uploads\/2026\/02\/bringme-portable-lamp-mini-green-b4644b2d5fc8b9825a13e9f4ad717e27.jpg","contentUrl":"https:\/\/hubsch-interior.com\/wp-content\/uploads\/2026\/02\/bringme-portable-lamp-mini-green-b4644b2d5fc8b9825a13e9f4ad717e27.jpg","width":1024,"height":1024},{"@type":"BreadcrumbList","@id":"https:\/\/hubsch-interior.com\/fr\/produit\/bringme-lampe-portative-mini-vert\/#breadcrumb","itemListElement":[{"@type":"ListItem","position":1,"name":"Page d'accueil","item":"https:\/\/hubsch-interior.com\/fr\/"},{"@type":"ListItem","position":2,"name":"Produits","item":"https:\/\/hubsch-interior.com\/fr\/shop-2\/"},{"@type":"ListItem","position":3,"name":"Luminaires","item":"https:\/\/hubsch-interior.com\/fr\/categorie-produit\/luminaires\/"},{"@type":"ListItem","position":4,"name":"Lampes portatives","item":"https:\/\/hubsch-interior.com\/fr\/categorie-produit\/luminaires\/lampes-portatives-fr\/"},{"@type":"ListItem","position":5,"name":"BringMe Lampe portative Mini Vert"}]},{"@type":"WebSite","@id":"https:\/\/hubsch-interior.com\/fr\/#website","url":"https:\/\/hubsch-interior.com\/fr\/","name":"H\u00fcbsch","description":"Danish Home Interior and Design","publisher":{"@id":"https:\/\/hubsch-interior.com\/fr\/#organization"},"potentialAction":[{"@type":"SearchAction","target":{"@type":"EntryPoint","urlTemplate":"https:\/\/hubsch-interior.com\/fr\/?s={search_term_string}"},"query-input":{"@type":"PropertyValueSpecification","valueRequired":true,"valueName":"search_term_string"}}],"inLanguage":"fr-FR"},{"@type":"Organization","@id":"https:\/\/hubsch-interior.com\/fr\/#organization","name":"H\u00fcbsch","url":"https:\/\/hubsch-interior.com\/fr\/","logo":{"@type":"ImageObject","inLanguage":"fr-FR","@id":"https:\/\/hubsch-interior.com\/fr\/#\/schema\/logo\/image\/","url":"https:\/\/hubsch-interior.com\/wp-content\/uploads\/2022\/12\/Hubsch_logo_black_one_line.svg","contentUrl":"https:\/\/hubsch-interior.com\/wp-content\/uploads\/2022\/12\/Hubsch_logo_black_one_line.svg","caption":"H\u00fcbsch"},"image":{"@id":"https:\/\/hubsch-interior.com\/fr\/#\/schema\/logo\/image\/"}}]}},"_links":{"self":[{"href":"https:\/\/hubsch-interior.com\/fr\/wp-json\/wp\/v2\/product\/1071611","targetHints":{"allow":["GET"]}}],"collection":[{"href":"https:\/\/hubsch-interior.com\/fr\/wp-json\/wp\/v2\/product"}],"about":[{"href":"https:\/\/hubsch-interior.com\/fr\/wp-json\/wp\/v2\/types\/product"}],"wp:featuredmedia":[{"embeddable":true,"href":"https:\/\/hubsch-interior.com\/fr\/wp-json\/wp\/v2\/media\/1111712"}],"wp:attachment":[{"href":"https:\/\/hubsch-interior.com\/fr\/wp-json\/wp\/v2\/media?parent=1071611"}],"wp:term":[{"taxonomy":"product_brand","embeddable":true,"href":"https:\/\/hubsch-interior.com\/fr\/wp-json\/wp\/v2\/product_brand?post=1071611"},{"taxonomy":"product_cat","embeddable":true,"href":"https:\/\/hubsch-interior.com\/fr\/wp-json\/wp\/v2\/product_cat?post=1071611"},{"taxonomy":"product_tag","embeddable":true,"href":"https:\/\/hubsch-interior.com\/fr\/wp-json\/wp\/v2\/product_tag?post=1071611"}],"curies":[{"name":"wp","href":"https:\/\/api.w.org\/{rel}","templated":true}]}}