{"id":1071627,"date":"2025-09-25T13:23:29","date_gmt":"2025-09-25T11:23:29","guid":{"rendered":"https:\/\/hubsch-interior.com\/product\/product\/"},"modified":"2026-04-12T05:23:05","modified_gmt":"2026-04-12T03:23:05","slug":"bringme-lampe-portative-laiton-bruni-2","status":"publish","type":"product","link":"https:\/\/hubsch-interior.com\/fr\/produit\/bringme-lampe-portative-laiton-bruni-2\/","title":{"rendered":"BringMe Lampe portative Laiton Bruni"},"content":{"rendered":"<p>Finition en laiton bruni, la Lampe Portative BringMe apporte une lueur intemporelle \u00e0 tout espace. Avec sept autres options de couleur disponibles, il est facile de trouver l&#8217;association parfaite pour votre style. Apr\u00e8s une charge de 11 heures, cette lampe sans fil brille jusqu&#8217;\u00e0 10 heures \u00e0 pleine luminosit\u00e9, id\u00e9ale pour lire, se d\u00e9tendre ou cr\u00e9er une ambiance dans n&#8217;importe quelle pi\u00e8ce. Plus qu&#8217;une simple lampe, c&#8217;est un compagnon polyvalent pour cr\u00e9er l&#8217;ambiance parfaite.<\/p>\n","protected":false},"excerpt":{"rendered":"<p>Finition en laiton bruni, la Lampe Portative BringMe apporte une lueur intemporelle \u00e0 tout espace. Avec sept autres options de couleur disponibles, il est facile de trouver l&#8217;association parfaite pour votre style. Apr\u00e8s une charge de 11 heures, cette lampe sans fil brille jusqu&#8217;\u00e0 10 heures \u00e0 pleine luminosit\u00e9, id\u00e9ale pour lire, se d\u00e9tendre ou [&hellip;]<\/p>\n","protected":false},"featured_media":1111728,"template":"","meta":{"_acf_changed":false,"inline_featured_image":false},"product_brand":[],"product_cat":[6939,6962,6997,3810,3500,5046],"product_tag":[],"class_list":{"0":"post-1071627","1":"product","2":"type-product","3":"status-publish","4":"has-post-thumbnail","6":"product_cat-additions-fr","7":"product_cat-lampes-portatives-fr","8":"product_cat-the-buzz-fr","9":"product_cat-luminaires","10":"product_cat-lampes-a-poser-fr","11":"product_cat-nouveautes-fr","12":"product_shipping_class-pk","14":"pa_color-laiton-bruni","15":"pa_material-fer-fr","17":"first","18":"instock","19":"taxable","20":"shipping-taxable","21":"purchasable","22":"product-type-simple"},"exclude_global_add_ons":[],"addons":[],"acf":[],"yoast_head":"<!-- This site is optimized with the Yoast SEO plugin v26.4 - https:\/\/yoast.com\/wordpress\/plugins\/seo\/ -->\n<title>BringMe Lampe portative Laiton Bruni - H\u00fcbsch<\/title>\n<meta name=\"description\" content=\"Finition en laiton bruni, la Lampe Portative BringMe apporte une lueur intemporelle \u00e0 tout espace. Avec sept autres options de couleur disponibles, il est\" \/>\n<meta name=\"robots\" content=\"index, follow, max-snippet:-1, max-image-preview:large, max-video-preview:-1\" \/>\n<link rel=\"canonical\" href=\"https:\/\/hubsch-interior.com\/fr\/wp-json\/wp\/v2\/product\/1071627\" \/>\n<meta property=\"og:locale\" content=\"fr_FR\" \/>\n<meta property=\"og:type\" content=\"article\" \/>\n<meta property=\"og:title\" content=\"BringMe Lampe portative Laiton Bruni - H\u00fcbsch\" \/>\n<meta property=\"og:description\" content=\"Finition en laiton bruni, la Lampe Portative BringMe apporte une lueur intemporelle \u00e0 tout espace. Avec sept autres options de couleur disponibles, il est\" \/>\n<meta property=\"og:url\" content=\"https:\/\/hubsch-interior.com\/fr\/produit\/bringme-lampe-portative-laiton-bruni-2\/\" \/>\n<meta property=\"og:site_name\" content=\"H\u00fcbsch\" \/>\n<meta property=\"article:modified_time\" content=\"2026-04-12T03:23:05+00:00\" \/>\n<meta property=\"og:image\" content=\"https:\/\/hubsch-interior.com\/wp-content\/uploads\/2026\/02\/bringme-portable-lamp-burnished-brass-43209003e2e7de604c37551a3c6dc8ff.jpg\" \/>\n\t<meta property=\"og:image:width\" content=\"1024\" \/>\n\t<meta property=\"og:image:height\" content=\"1024\" \/>\n\t<meta property=\"og:image:type\" content=\"image\/jpeg\" \/>\n<meta name=\"twitter:card\" content=\"summary_large_image\" \/>\n<script type=\"application\/ld+json\" class=\"yoast-schema-graph\">{\"@context\":\"https:\/\/schema.org\",\"@graph\":[{\"@type\":\"WebPage\",\"@id\":\"https:\/\/hubsch-interior.com\/fr\/produit\/bringme-lampe-portative-laiton-bruni-2\/\",\"url\":\"https:\/\/hubsch-interior.com\/fr\/produit\/bringme-lampe-portative-laiton-bruni-2\/\",\"name\":\"BringMe Lampe portative Laiton Bruni - H\u00fcbsch\",\"isPartOf\":{\"@id\":\"https:\/\/hubsch-interior.com\/fr\/#website\"},\"primaryImageOfPage\":{\"@id\":\"https:\/\/hubsch-interior.com\/fr\/produit\/bringme-lampe-portative-laiton-bruni-2\/#primaryimage\"},\"image\":{\"@id\":\"https:\/\/hubsch-interior.com\/fr\/produit\/bringme-lampe-portative-laiton-bruni-2\/#primaryimage\"},\"thumbnailUrl\":\"https:\/\/hubsch-interior.com\/wp-content\/uploads\/2026\/02\/bringme-portable-lamp-burnished-brass-43209003e2e7de604c37551a3c6dc8ff.jpg\",\"datePublished\":\"2025-09-25T11:23:29+00:00\",\"dateModified\":\"2026-04-12T03:23:05+00:00\",\"description\":\"Finition en laiton bruni, la Lampe Portative BringMe apporte une lueur intemporelle \u00e0 tout espace. Avec sept autres options de couleur disponibles, il est\",\"breadcrumb\":{\"@id\":\"https:\/\/hubsch-interior.com\/fr\/produit\/bringme-lampe-portative-laiton-bruni-2\/#breadcrumb\"},\"inLanguage\":\"fr-FR\",\"potentialAction\":[{\"@type\":\"ReadAction\",\"target\":[\"https:\/\/hubsch-interior.com\/fr\/produit\/bringme-lampe-portative-laiton-bruni-2\/\"]}]},{\"@type\":\"ImageObject\",\"inLanguage\":\"fr-FR\",\"@id\":\"https:\/\/hubsch-interior.com\/fr\/produit\/bringme-lampe-portative-laiton-bruni-2\/#primaryimage\",\"url\":\"https:\/\/hubsch-interior.com\/wp-content\/uploads\/2026\/02\/bringme-portable-lamp-burnished-brass-43209003e2e7de604c37551a3c6dc8ff.jpg\",\"contentUrl\":\"https:\/\/hubsch-interior.com\/wp-content\/uploads\/2026\/02\/bringme-portable-lamp-burnished-brass-43209003e2e7de604c37551a3c6dc8ff.jpg\",\"width\":1024,\"height\":1024},{\"@type\":\"BreadcrumbList\",\"@id\":\"https:\/\/hubsch-interior.com\/fr\/produit\/bringme-lampe-portative-laiton-bruni-2\/#breadcrumb\",\"itemListElement\":[{\"@type\":\"ListItem\",\"position\":1,\"name\":\"Page d'accueil\",\"item\":\"https:\/\/hubsch-interior.com\/fr\/\"},{\"@type\":\"ListItem\",\"position\":2,\"name\":\"Produits\",\"item\":\"https:\/\/hubsch-interior.com\/fr\/shop-2\/\"},{\"@type\":\"ListItem\",\"position\":3,\"name\":\"Luminaires\",\"item\":\"https:\/\/hubsch-interior.com\/fr\/categorie-produit\/luminaires\/\"},{\"@type\":\"ListItem\",\"position\":4,\"name\":\"Lampes portatives\",\"item\":\"https:\/\/hubsch-interior.com\/fr\/categorie-produit\/luminaires\/lampes-portatives-fr\/\"},{\"@type\":\"ListItem\",\"position\":5,\"name\":\"BringMe Lampe portative Laiton Bruni\"}]},{\"@type\":\"WebSite\",\"@id\":\"https:\/\/hubsch-interior.com\/fr\/#website\",\"url\":\"https:\/\/hubsch-interior.com\/fr\/\",\"name\":\"H\u00fcbsch\",\"description\":\"Danish Home Interior and Design\",\"publisher\":{\"@id\":\"https:\/\/hubsch-interior.com\/fr\/#organization\"},\"potentialAction\":[{\"@type\":\"SearchAction\",\"target\":{\"@type\":\"EntryPoint\",\"urlTemplate\":\"https:\/\/hubsch-interior.com\/fr\/?s={search_term_string}\"},\"query-input\":{\"@type\":\"PropertyValueSpecification\",\"valueRequired\":true,\"valueName\":\"search_term_string\"}}],\"inLanguage\":\"fr-FR\"},{\"@type\":\"Organization\",\"@id\":\"https:\/\/hubsch-interior.com\/fr\/#organization\",\"name\":\"H\u00fcbsch\",\"url\":\"https:\/\/hubsch-interior.com\/fr\/\",\"logo\":{\"@type\":\"ImageObject\",\"inLanguage\":\"fr-FR\",\"@id\":\"https:\/\/hubsch-interior.com\/fr\/#\/schema\/logo\/image\/\",\"url\":\"https:\/\/hubsch-interior.com\/wp-content\/uploads\/2022\/12\/Hubsch_logo_black_one_line.svg\",\"contentUrl\":\"https:\/\/hubsch-interior.com\/wp-content\/uploads\/2022\/12\/Hubsch_logo_black_one_line.svg\",\"caption\":\"H\u00fcbsch\"},\"image\":{\"@id\":\"https:\/\/hubsch-interior.com\/fr\/#\/schema\/logo\/image\/\"}}]}<\/script>\n<!-- \/ Yoast SEO plugin. -->","yoast_head_json":{"title":"BringMe Lampe portative Laiton Bruni - H\u00fcbsch","description":"Finition en laiton bruni, la Lampe Portative BringMe apporte une lueur intemporelle \u00e0 tout espace. Avec sept autres options de couleur disponibles, il est","robots":{"index":"index","follow":"follow","max-snippet":"max-snippet:-1","max-image-preview":"max-image-preview:large","max-video-preview":"max-video-preview:-1"},"canonical":"https:\/\/hubsch-interior.com\/fr\/wp-json\/wp\/v2\/product\/1071627","og_locale":"fr_FR","og_type":"article","og_title":"BringMe Lampe portative Laiton Bruni - H\u00fcbsch","og_description":"Finition en laiton bruni, la Lampe Portative BringMe apporte une lueur intemporelle \u00e0 tout espace. Avec sept autres options de couleur disponibles, il est","og_url":"https:\/\/hubsch-interior.com\/fr\/produit\/bringme-lampe-portative-laiton-bruni-2\/","og_site_name":"H\u00fcbsch","article_modified_time":"2026-04-12T03:23:05+00:00","og_image":[{"width":1024,"height":1024,"url":"https:\/\/hubsch-interior.com\/wp-content\/uploads\/2026\/02\/bringme-portable-lamp-burnished-brass-43209003e2e7de604c37551a3c6dc8ff.jpg","type":"image\/jpeg"}],"twitter_card":"summary_large_image","schema":{"@context":"https:\/\/schema.org","@graph":[{"@type":"WebPage","@id":"https:\/\/hubsch-interior.com\/fr\/produit\/bringme-lampe-portative-laiton-bruni-2\/","url":"https:\/\/hubsch-interior.com\/fr\/produit\/bringme-lampe-portative-laiton-bruni-2\/","name":"BringMe Lampe portative Laiton Bruni - H\u00fcbsch","isPartOf":{"@id":"https:\/\/hubsch-interior.com\/fr\/#website"},"primaryImageOfPage":{"@id":"https:\/\/hubsch-interior.com\/fr\/produit\/bringme-lampe-portative-laiton-bruni-2\/#primaryimage"},"image":{"@id":"https:\/\/hubsch-interior.com\/fr\/produit\/bringme-lampe-portative-laiton-bruni-2\/#primaryimage"},"thumbnailUrl":"https:\/\/hubsch-interior.com\/wp-content\/uploads\/2026\/02\/bringme-portable-lamp-burnished-brass-43209003e2e7de604c37551a3c6dc8ff.jpg","datePublished":"2025-09-25T11:23:29+00:00","dateModified":"2026-04-12T03:23:05+00:00","description":"Finition en laiton bruni, la Lampe Portative BringMe apporte une lueur intemporelle \u00e0 tout espace. Avec sept autres options de couleur disponibles, il est","breadcrumb":{"@id":"https:\/\/hubsch-interior.com\/fr\/produit\/bringme-lampe-portative-laiton-bruni-2\/#breadcrumb"},"inLanguage":"fr-FR","potentialAction":[{"@type":"ReadAction","target":["https:\/\/hubsch-interior.com\/fr\/produit\/bringme-lampe-portative-laiton-bruni-2\/"]}]},{"@type":"ImageObject","inLanguage":"fr-FR","@id":"https:\/\/hubsch-interior.com\/fr\/produit\/bringme-lampe-portative-laiton-bruni-2\/#primaryimage","url":"https:\/\/hubsch-interior.com\/wp-content\/uploads\/2026\/02\/bringme-portable-lamp-burnished-brass-43209003e2e7de604c37551a3c6dc8ff.jpg","contentUrl":"https:\/\/hubsch-interior.com\/wp-content\/uploads\/2026\/02\/bringme-portable-lamp-burnished-brass-43209003e2e7de604c37551a3c6dc8ff.jpg","width":1024,"height":1024},{"@type":"BreadcrumbList","@id":"https:\/\/hubsch-interior.com\/fr\/produit\/bringme-lampe-portative-laiton-bruni-2\/#breadcrumb","itemListElement":[{"@type":"ListItem","position":1,"name":"Page d'accueil","item":"https:\/\/hubsch-interior.com\/fr\/"},{"@type":"ListItem","position":2,"name":"Produits","item":"https:\/\/hubsch-interior.com\/fr\/shop-2\/"},{"@type":"ListItem","position":3,"name":"Luminaires","item":"https:\/\/hubsch-interior.com\/fr\/categorie-produit\/luminaires\/"},{"@type":"ListItem","position":4,"name":"Lampes portatives","item":"https:\/\/hubsch-interior.com\/fr\/categorie-produit\/luminaires\/lampes-portatives-fr\/"},{"@type":"ListItem","position":5,"name":"BringMe Lampe portative Laiton Bruni"}]},{"@type":"WebSite","@id":"https:\/\/hubsch-interior.com\/fr\/#website","url":"https:\/\/hubsch-interior.com\/fr\/","name":"H\u00fcbsch","description":"Danish Home Interior and Design","publisher":{"@id":"https:\/\/hubsch-interior.com\/fr\/#organization"},"potentialAction":[{"@type":"SearchAction","target":{"@type":"EntryPoint","urlTemplate":"https:\/\/hubsch-interior.com\/fr\/?s={search_term_string}"},"query-input":{"@type":"PropertyValueSpecification","valueRequired":true,"valueName":"search_term_string"}}],"inLanguage":"fr-FR"},{"@type":"Organization","@id":"https:\/\/hubsch-interior.com\/fr\/#organization","name":"H\u00fcbsch","url":"https:\/\/hubsch-interior.com\/fr\/","logo":{"@type":"ImageObject","inLanguage":"fr-FR","@id":"https:\/\/hubsch-interior.com\/fr\/#\/schema\/logo\/image\/","url":"https:\/\/hubsch-interior.com\/wp-content\/uploads\/2022\/12\/Hubsch_logo_black_one_line.svg","contentUrl":"https:\/\/hubsch-interior.com\/wp-content\/uploads\/2022\/12\/Hubsch_logo_black_one_line.svg","caption":"H\u00fcbsch"},"image":{"@id":"https:\/\/hubsch-interior.com\/fr\/#\/schema\/logo\/image\/"}}]}},"_links":{"self":[{"href":"https:\/\/hubsch-interior.com\/fr\/wp-json\/wp\/v2\/product\/1071627","targetHints":{"allow":["GET"]}}],"collection":[{"href":"https:\/\/hubsch-interior.com\/fr\/wp-json\/wp\/v2\/product"}],"about":[{"href":"https:\/\/hubsch-interior.com\/fr\/wp-json\/wp\/v2\/types\/product"}],"wp:featuredmedia":[{"embeddable":true,"href":"https:\/\/hubsch-interior.com\/fr\/wp-json\/wp\/v2\/media\/1111728"}],"wp:attachment":[{"href":"https:\/\/hubsch-interior.com\/fr\/wp-json\/wp\/v2\/media?parent=1071627"}],"wp:term":[{"taxonomy":"product_brand","embeddable":true,"href":"https:\/\/hubsch-interior.com\/fr\/wp-json\/wp\/v2\/product_brand?post=1071627"},{"taxonomy":"product_cat","embeddable":true,"href":"https:\/\/hubsch-interior.com\/fr\/wp-json\/wp\/v2\/product_cat?post=1071627"},{"taxonomy":"product_tag","embeddable":true,"href":"https:\/\/hubsch-interior.com\/fr\/wp-json\/wp\/v2\/product_tag?post=1071627"}],"curies":[{"name":"wp","href":"https:\/\/api.w.org\/{rel}","templated":true}]}}