{"id":1072419,"date":"2025-10-01T13:11:21","date_gmt":"2025-10-01T11:11:21","guid":{"rendered":"https:\/\/hubsch-interior.com\/product\/product\/"},"modified":"2026-04-08T05:10:20","modified_gmt":"2026-04-08T03:10:20","slug":"current-spare-part-abats-jour-blanc","status":"publish","type":"product","link":"https:\/\/hubsch-interior.com\/fr\/produit\/current-spare-part-abats-jour-blanc\/","title":{"rendered":"Current Spare Part Abats-jour Blanc"},"content":{"rendered":"<p>Pi\u00e8ce de rechange pour l\u2019abat-jour de la lampe Current. Veuillez noter que certains anciens mod\u00e8les ne permettent pas de remplacer l\u2019abat-jour. Assurez-vous que votre lampe dispose d\u2019une fixation viss\u00e9e au niveau de la douille, permettant de retirer l\u2019abat-jour. Si l\u2019abat-jour est coll\u00e9 en place, cette pi\u00e8ce de rechange ne peut pas \u00eatre utilis\u00e9e.<\/p>\n","protected":false},"excerpt":{"rendered":"<p>Pi\u00e8ce de rechange pour l\u2019abat-jour de la lampe Current. Veuillez noter que certains anciens mod\u00e8les ne permettent pas de remplacer l\u2019abat-jour. Assurez-vous que votre lampe dispose d\u2019une fixation viss\u00e9e au niveau de la douille, permettant de retirer l\u2019abat-jour. Si l\u2019abat-jour est coll\u00e9 en place, cette pi\u00e8ce de rechange ne peut pas \u00eatre utilis\u00e9e.<\/p>\n","protected":false},"featured_media":1112807,"template":"","meta":{"_acf_changed":false,"inline_featured_image":false},"product_brand":[],"product_cat":[3810,4171,5026,5046],"product_tag":[],"class_list":{"0":"post-1072419","1":"product","2":"type-product","3":"status-publish","4":"has-post-thumbnail","6":"product_cat-luminaires","7":"product_cat-accessoires-luminaires-fr","8":"product_cat-bestsellers-fr","9":"product_cat-nouveautes-fr","10":"product_shipping_class-pk","11":"pa_color-blanc","12":"pa_material-verre-fr","14":"first","15":"instock","16":"featured","17":"taxable","18":"shipping-taxable","19":"purchasable","20":"product-type-simple"},"exclude_global_add_ons":[],"addons":[],"acf":[],"yoast_head":"<!-- This site is optimized with the Yoast SEO plugin v26.4 - https:\/\/yoast.com\/wordpress\/plugins\/seo\/ -->\n<title>Current Spare Part Abats-jour Blanc - H\u00fcbsch<\/title>\n<meta name=\"description\" content=\"Pi\u00e8ce de rechange pour l\u2019abat-jour de la lampe Current. Veuillez noter que certains anciens mod\u00e8les ne permettent pas de remplacer l\u2019abat-jour.\" \/>\n<meta name=\"robots\" content=\"index, follow, max-snippet:-1, max-image-preview:large, max-video-preview:-1\" \/>\n<link rel=\"canonical\" href=\"https:\/\/hubsch-interior.com\/fr\/wp-json\/wp\/v2\/product\/1072419\" \/>\n<meta property=\"og:locale\" content=\"fr_FR\" \/>\n<meta property=\"og:type\" content=\"article\" \/>\n<meta property=\"og:title\" content=\"Current Spare Part Abats-jour Blanc - H\u00fcbsch\" \/>\n<meta property=\"og:description\" content=\"Pi\u00e8ce de rechange pour l\u2019abat-jour de la lampe Current. Veuillez noter que certains anciens mod\u00e8les ne permettent pas de remplacer l\u2019abat-jour.\" \/>\n<meta property=\"og:url\" content=\"https:\/\/hubsch-interior.com\/fr\/produit\/current-spare-part-abats-jour-blanc\/\" \/>\n<meta property=\"og:site_name\" content=\"H\u00fcbsch\" \/>\n<meta property=\"article:modified_time\" content=\"2026-04-08T03:10:20+00:00\" \/>\n<meta property=\"og:image\" content=\"https:\/\/hubsch-interior.com\/wp-content\/uploads\/2026\/02\/current-lamp-shade-8e006df852854995b58342422749d085.jpg\" \/>\n\t<meta property=\"og:image:width\" content=\"1024\" \/>\n\t<meta property=\"og:image:height\" content=\"1024\" \/>\n\t<meta property=\"og:image:type\" content=\"image\/jpeg\" \/>\n<meta name=\"twitter:card\" content=\"summary_large_image\" \/>\n<script type=\"application\/ld+json\" class=\"yoast-schema-graph\">{\"@context\":\"https:\/\/schema.org\",\"@graph\":[{\"@type\":\"WebPage\",\"@id\":\"https:\/\/hubsch-interior.com\/fr\/produit\/current-spare-part-abats-jour-blanc\/\",\"url\":\"https:\/\/hubsch-interior.com\/fr\/produit\/current-spare-part-abats-jour-blanc\/\",\"name\":\"Current Spare Part Abats-jour Blanc - H\u00fcbsch\",\"isPartOf\":{\"@id\":\"https:\/\/hubsch-interior.com\/fr\/#website\"},\"primaryImageOfPage\":{\"@id\":\"https:\/\/hubsch-interior.com\/fr\/produit\/current-spare-part-abats-jour-blanc\/#primaryimage\"},\"image\":{\"@id\":\"https:\/\/hubsch-interior.com\/fr\/produit\/current-spare-part-abats-jour-blanc\/#primaryimage\"},\"thumbnailUrl\":\"https:\/\/hubsch-interior.com\/wp-content\/uploads\/2026\/02\/current-lamp-shade-8e006df852854995b58342422749d085.jpg\",\"datePublished\":\"2025-10-01T11:11:21+00:00\",\"dateModified\":\"2026-04-08T03:10:20+00:00\",\"description\":\"Pi\u00e8ce de rechange pour l\u2019abat-jour de la lampe Current. Veuillez noter que certains anciens mod\u00e8les ne permettent pas de remplacer l\u2019abat-jour.\",\"breadcrumb\":{\"@id\":\"https:\/\/hubsch-interior.com\/fr\/produit\/current-spare-part-abats-jour-blanc\/#breadcrumb\"},\"inLanguage\":\"fr-FR\",\"potentialAction\":[{\"@type\":\"ReadAction\",\"target\":[\"https:\/\/hubsch-interior.com\/fr\/produit\/current-spare-part-abats-jour-blanc\/\"]}]},{\"@type\":\"ImageObject\",\"inLanguage\":\"fr-FR\",\"@id\":\"https:\/\/hubsch-interior.com\/fr\/produit\/current-spare-part-abats-jour-blanc\/#primaryimage\",\"url\":\"https:\/\/hubsch-interior.com\/wp-content\/uploads\/2026\/02\/current-lamp-shade-8e006df852854995b58342422749d085.jpg\",\"contentUrl\":\"https:\/\/hubsch-interior.com\/wp-content\/uploads\/2026\/02\/current-lamp-shade-8e006df852854995b58342422749d085.jpg\",\"width\":1024,\"height\":1024},{\"@type\":\"BreadcrumbList\",\"@id\":\"https:\/\/hubsch-interior.com\/fr\/produit\/current-spare-part-abats-jour-blanc\/#breadcrumb\",\"itemListElement\":[{\"@type\":\"ListItem\",\"position\":1,\"name\":\"Page d'accueil\",\"item\":\"https:\/\/hubsch-interior.com\/fr\/\"},{\"@type\":\"ListItem\",\"position\":2,\"name\":\"Produits\",\"item\":\"https:\/\/hubsch-interior.com\/fr\/shop-2\/\"},{\"@type\":\"ListItem\",\"position\":3,\"name\":\"Luminaires\",\"item\":\"https:\/\/hubsch-interior.com\/fr\/categorie-produit\/luminaires\/\"},{\"@type\":\"ListItem\",\"position\":4,\"name\":\"Accessoires luminaires\",\"item\":\"https:\/\/hubsch-interior.com\/fr\/categorie-produit\/luminaires\/accessoires-luminaires-fr\/\"},{\"@type\":\"ListItem\",\"position\":5,\"name\":\"Current Spare Part Abats-jour Blanc\"}]},{\"@type\":\"WebSite\",\"@id\":\"https:\/\/hubsch-interior.com\/fr\/#website\",\"url\":\"https:\/\/hubsch-interior.com\/fr\/\",\"name\":\"H\u00fcbsch\",\"description\":\"Danish Home Interior and Design\",\"publisher\":{\"@id\":\"https:\/\/hubsch-interior.com\/fr\/#organization\"},\"potentialAction\":[{\"@type\":\"SearchAction\",\"target\":{\"@type\":\"EntryPoint\",\"urlTemplate\":\"https:\/\/hubsch-interior.com\/fr\/?s={search_term_string}\"},\"query-input\":{\"@type\":\"PropertyValueSpecification\",\"valueRequired\":true,\"valueName\":\"search_term_string\"}}],\"inLanguage\":\"fr-FR\"},{\"@type\":\"Organization\",\"@id\":\"https:\/\/hubsch-interior.com\/fr\/#organization\",\"name\":\"H\u00fcbsch\",\"url\":\"https:\/\/hubsch-interior.com\/fr\/\",\"logo\":{\"@type\":\"ImageObject\",\"inLanguage\":\"fr-FR\",\"@id\":\"https:\/\/hubsch-interior.com\/fr\/#\/schema\/logo\/image\/\",\"url\":\"https:\/\/hubsch-interior.com\/wp-content\/uploads\/2022\/12\/Hubsch_logo_black_one_line.svg\",\"contentUrl\":\"https:\/\/hubsch-interior.com\/wp-content\/uploads\/2022\/12\/Hubsch_logo_black_one_line.svg\",\"caption\":\"H\u00fcbsch\"},\"image\":{\"@id\":\"https:\/\/hubsch-interior.com\/fr\/#\/schema\/logo\/image\/\"}}]}<\/script>\n<!-- \/ Yoast SEO plugin. -->","yoast_head_json":{"title":"Current Spare Part Abats-jour Blanc - H\u00fcbsch","description":"Pi\u00e8ce de rechange pour l\u2019abat-jour de la lampe Current. Veuillez noter que certains anciens mod\u00e8les ne permettent pas de remplacer l\u2019abat-jour.","robots":{"index":"index","follow":"follow","max-snippet":"max-snippet:-1","max-image-preview":"max-image-preview:large","max-video-preview":"max-video-preview:-1"},"canonical":"https:\/\/hubsch-interior.com\/fr\/wp-json\/wp\/v2\/product\/1072419","og_locale":"fr_FR","og_type":"article","og_title":"Current Spare Part Abats-jour Blanc - H\u00fcbsch","og_description":"Pi\u00e8ce de rechange pour l\u2019abat-jour de la lampe Current. Veuillez noter que certains anciens mod\u00e8les ne permettent pas de remplacer l\u2019abat-jour.","og_url":"https:\/\/hubsch-interior.com\/fr\/produit\/current-spare-part-abats-jour-blanc\/","og_site_name":"H\u00fcbsch","article_modified_time":"2026-04-08T03:10:20+00:00","og_image":[{"width":1024,"height":1024,"url":"https:\/\/hubsch-interior.com\/wp-content\/uploads\/2026\/02\/current-lamp-shade-8e006df852854995b58342422749d085.jpg","type":"image\/jpeg"}],"twitter_card":"summary_large_image","schema":{"@context":"https:\/\/schema.org","@graph":[{"@type":"WebPage","@id":"https:\/\/hubsch-interior.com\/fr\/produit\/current-spare-part-abats-jour-blanc\/","url":"https:\/\/hubsch-interior.com\/fr\/produit\/current-spare-part-abats-jour-blanc\/","name":"Current Spare Part Abats-jour Blanc - H\u00fcbsch","isPartOf":{"@id":"https:\/\/hubsch-interior.com\/fr\/#website"},"primaryImageOfPage":{"@id":"https:\/\/hubsch-interior.com\/fr\/produit\/current-spare-part-abats-jour-blanc\/#primaryimage"},"image":{"@id":"https:\/\/hubsch-interior.com\/fr\/produit\/current-spare-part-abats-jour-blanc\/#primaryimage"},"thumbnailUrl":"https:\/\/hubsch-interior.com\/wp-content\/uploads\/2026\/02\/current-lamp-shade-8e006df852854995b58342422749d085.jpg","datePublished":"2025-10-01T11:11:21+00:00","dateModified":"2026-04-08T03:10:20+00:00","description":"Pi\u00e8ce de rechange pour l\u2019abat-jour de la lampe Current. Veuillez noter que certains anciens mod\u00e8les ne permettent pas de remplacer l\u2019abat-jour.","breadcrumb":{"@id":"https:\/\/hubsch-interior.com\/fr\/produit\/current-spare-part-abats-jour-blanc\/#breadcrumb"},"inLanguage":"fr-FR","potentialAction":[{"@type":"ReadAction","target":["https:\/\/hubsch-interior.com\/fr\/produit\/current-spare-part-abats-jour-blanc\/"]}]},{"@type":"ImageObject","inLanguage":"fr-FR","@id":"https:\/\/hubsch-interior.com\/fr\/produit\/current-spare-part-abats-jour-blanc\/#primaryimage","url":"https:\/\/hubsch-interior.com\/wp-content\/uploads\/2026\/02\/current-lamp-shade-8e006df852854995b58342422749d085.jpg","contentUrl":"https:\/\/hubsch-interior.com\/wp-content\/uploads\/2026\/02\/current-lamp-shade-8e006df852854995b58342422749d085.jpg","width":1024,"height":1024},{"@type":"BreadcrumbList","@id":"https:\/\/hubsch-interior.com\/fr\/produit\/current-spare-part-abats-jour-blanc\/#breadcrumb","itemListElement":[{"@type":"ListItem","position":1,"name":"Page d'accueil","item":"https:\/\/hubsch-interior.com\/fr\/"},{"@type":"ListItem","position":2,"name":"Produits","item":"https:\/\/hubsch-interior.com\/fr\/shop-2\/"},{"@type":"ListItem","position":3,"name":"Luminaires","item":"https:\/\/hubsch-interior.com\/fr\/categorie-produit\/luminaires\/"},{"@type":"ListItem","position":4,"name":"Accessoires luminaires","item":"https:\/\/hubsch-interior.com\/fr\/categorie-produit\/luminaires\/accessoires-luminaires-fr\/"},{"@type":"ListItem","position":5,"name":"Current Spare Part Abats-jour Blanc"}]},{"@type":"WebSite","@id":"https:\/\/hubsch-interior.com\/fr\/#website","url":"https:\/\/hubsch-interior.com\/fr\/","name":"H\u00fcbsch","description":"Danish Home Interior and Design","publisher":{"@id":"https:\/\/hubsch-interior.com\/fr\/#organization"},"potentialAction":[{"@type":"SearchAction","target":{"@type":"EntryPoint","urlTemplate":"https:\/\/hubsch-interior.com\/fr\/?s={search_term_string}"},"query-input":{"@type":"PropertyValueSpecification","valueRequired":true,"valueName":"search_term_string"}}],"inLanguage":"fr-FR"},{"@type":"Organization","@id":"https:\/\/hubsch-interior.com\/fr\/#organization","name":"H\u00fcbsch","url":"https:\/\/hubsch-interior.com\/fr\/","logo":{"@type":"ImageObject","inLanguage":"fr-FR","@id":"https:\/\/hubsch-interior.com\/fr\/#\/schema\/logo\/image\/","url":"https:\/\/hubsch-interior.com\/wp-content\/uploads\/2022\/12\/Hubsch_logo_black_one_line.svg","contentUrl":"https:\/\/hubsch-interior.com\/wp-content\/uploads\/2022\/12\/Hubsch_logo_black_one_line.svg","caption":"H\u00fcbsch"},"image":{"@id":"https:\/\/hubsch-interior.com\/fr\/#\/schema\/logo\/image\/"}}]}},"_links":{"self":[{"href":"https:\/\/hubsch-interior.com\/fr\/wp-json\/wp\/v2\/product\/1072419","targetHints":{"allow":["GET"]}}],"collection":[{"href":"https:\/\/hubsch-interior.com\/fr\/wp-json\/wp\/v2\/product"}],"about":[{"href":"https:\/\/hubsch-interior.com\/fr\/wp-json\/wp\/v2\/types\/product"}],"wp:featuredmedia":[{"embeddable":true,"href":"https:\/\/hubsch-interior.com\/fr\/wp-json\/wp\/v2\/media\/1112807"}],"wp:attachment":[{"href":"https:\/\/hubsch-interior.com\/fr\/wp-json\/wp\/v2\/media?parent=1072419"}],"wp:term":[{"taxonomy":"product_brand","embeddable":true,"href":"https:\/\/hubsch-interior.com\/fr\/wp-json\/wp\/v2\/product_brand?post=1072419"},{"taxonomy":"product_cat","embeddable":true,"href":"https:\/\/hubsch-interior.com\/fr\/wp-json\/wp\/v2\/product_cat?post=1072419"},{"taxonomy":"product_tag","embeddable":true,"href":"https:\/\/hubsch-interior.com\/fr\/wp-json\/wp\/v2\/product_tag?post=1072419"}],"curies":[{"name":"wp","href":"https:\/\/api.w.org\/{rel}","templated":true}]}}