{"id":1077202,"date":"2025-12-06T04:57:12","date_gmt":"2025-12-06T03:57:12","guid":{"rendered":"https:\/\/hubsch-interior.com\/product\/product\/"},"modified":"2026-05-01T05:31:19","modified_gmt":"2026-05-01T03:31:19","slug":"spot-lamp-abats-jour","status":"publish","type":"product","link":"https:\/\/hubsch-interior.com\/fr\/produit\/spot-lamp-abats-jour\/","title":{"rendered":"Spot Lamp Abats-jour"},"content":{"rendered":"<p>Abat-jour en verre pour lampe de table Spot. Cette pi\u00e8ce d\u00e9tach\u00e9e est con\u00e7ue pour remplacer l\u2019abat-jour d\u2019origine et se fixe simplement en se vissant en place.<\/p>\n","protected":false},"excerpt":{"rendered":"<p>Abat-jour en verre pour lampe de table Spot. Cette pi\u00e8ce d\u00e9tach\u00e9e est con\u00e7ue pour remplacer l\u2019abat-jour d\u2019origine et se fixe simplement en se vissant en place.<\/p>\n","protected":false},"featured_media":1113913,"template":"","meta":{"_acf_changed":false,"inline_featured_image":false},"product_brand":[],"product_cat":[3810,4171],"product_tag":[],"class_list":{"0":"post-1077202","1":"product","2":"type-product","3":"status-publish","4":"has-post-thumbnail","6":"product_cat-luminaires","7":"product_cat-accessoires-luminaires-fr","8":"product_shipping_class-pk","10":"pa_material-verre-fr","12":"first","13":"instock","14":"taxable","15":"shipping-taxable","16":"purchasable","17":"product-type-simple"},"exclude_global_add_ons":[],"addons":[],"acf":[],"yoast_head":"<!-- This site is optimized with the Yoast SEO plugin v26.4 - https:\/\/yoast.com\/wordpress\/plugins\/seo\/ -->\n<title>Spot Lamp Abats-jour - H\u00fcbsch<\/title>\n<meta name=\"description\" content=\"Abat-jour en verre pour lampe de table Spot. Cette pi\u00e8ce d\u00e9tach\u00e9e est con\u00e7ue pour remplacer l\u2019abat-jour d\u2019origine et se fixe simplement en se vissant en\" \/>\n<meta name=\"robots\" content=\"index, follow, max-snippet:-1, max-image-preview:large, max-video-preview:-1\" \/>\n<link rel=\"canonical\" href=\"https:\/\/hubsch-interior.com\/fr\/wp-json\/wp\/v2\/product\/1077202\" \/>\n<meta property=\"og:locale\" content=\"fr_FR\" \/>\n<meta property=\"og:type\" content=\"article\" \/>\n<meta property=\"og:title\" content=\"Spot Lamp Abats-jour - H\u00fcbsch\" \/>\n<meta property=\"og:description\" content=\"Abat-jour en verre pour lampe de table Spot. Cette pi\u00e8ce d\u00e9tach\u00e9e est con\u00e7ue pour remplacer l\u2019abat-jour d\u2019origine et se fixe simplement en se vissant en\" \/>\n<meta property=\"og:url\" content=\"https:\/\/hubsch-interior.com\/fr\/produit\/spot-lamp-abats-jour\/\" \/>\n<meta property=\"og:site_name\" content=\"H\u00fcbsch\" \/>\n<meta property=\"article:modified_time\" content=\"2026-05-01T03:31:19+00:00\" \/>\n<meta property=\"og:image\" content=\"https:\/\/hubsch-interior.com\/wp-content\/uploads\/2026\/02\/spot-lamp-shade-2e183b3fe66759dbe42851998bf90f57.jpg\" \/>\n\t<meta property=\"og:image:width\" content=\"400\" \/>\n\t<meta property=\"og:image:height\" content=\"400\" \/>\n\t<meta property=\"og:image:type\" content=\"image\/jpeg\" \/>\n<meta name=\"twitter:card\" content=\"summary_large_image\" \/>\n<script type=\"application\/ld+json\" class=\"yoast-schema-graph\">{\"@context\":\"https:\/\/schema.org\",\"@graph\":[{\"@type\":\"WebPage\",\"@id\":\"https:\/\/hubsch-interior.com\/fr\/produit\/spot-lamp-abats-jour\/\",\"url\":\"https:\/\/hubsch-interior.com\/fr\/produit\/spot-lamp-abats-jour\/\",\"name\":\"Spot Lamp Abats-jour - H\u00fcbsch\",\"isPartOf\":{\"@id\":\"https:\/\/hubsch-interior.com\/fr\/#website\"},\"primaryImageOfPage\":{\"@id\":\"https:\/\/hubsch-interior.com\/fr\/produit\/spot-lamp-abats-jour\/#primaryimage\"},\"image\":{\"@id\":\"https:\/\/hubsch-interior.com\/fr\/produit\/spot-lamp-abats-jour\/#primaryimage\"},\"thumbnailUrl\":\"https:\/\/hubsch-interior.com\/wp-content\/uploads\/2026\/02\/spot-lamp-shade-2e183b3fe66759dbe42851998bf90f57.jpg\",\"datePublished\":\"2025-12-06T03:57:12+00:00\",\"dateModified\":\"2026-05-01T03:31:19+00:00\",\"description\":\"Abat-jour en verre pour lampe de table Spot. Cette pi\u00e8ce d\u00e9tach\u00e9e est con\u00e7ue pour remplacer l\u2019abat-jour d\u2019origine et se fixe simplement en se vissant en\",\"breadcrumb\":{\"@id\":\"https:\/\/hubsch-interior.com\/fr\/produit\/spot-lamp-abats-jour\/#breadcrumb\"},\"inLanguage\":\"fr-FR\",\"potentialAction\":[{\"@type\":\"ReadAction\",\"target\":[\"https:\/\/hubsch-interior.com\/fr\/produit\/spot-lamp-abats-jour\/\"]}]},{\"@type\":\"ImageObject\",\"inLanguage\":\"fr-FR\",\"@id\":\"https:\/\/hubsch-interior.com\/fr\/produit\/spot-lamp-abats-jour\/#primaryimage\",\"url\":\"https:\/\/hubsch-interior.com\/wp-content\/uploads\/2026\/02\/spot-lamp-shade-2e183b3fe66759dbe42851998bf90f57.jpg\",\"contentUrl\":\"https:\/\/hubsch-interior.com\/wp-content\/uploads\/2026\/02\/spot-lamp-shade-2e183b3fe66759dbe42851998bf90f57.jpg\",\"width\":400,\"height\":400},{\"@type\":\"BreadcrumbList\",\"@id\":\"https:\/\/hubsch-interior.com\/fr\/produit\/spot-lamp-abats-jour\/#breadcrumb\",\"itemListElement\":[{\"@type\":\"ListItem\",\"position\":1,\"name\":\"Page d'accueil\",\"item\":\"https:\/\/hubsch-interior.com\/fr\/\"},{\"@type\":\"ListItem\",\"position\":2,\"name\":\"Produits\",\"item\":\"https:\/\/hubsch-interior.com\/fr\/shop-2\/\"},{\"@type\":\"ListItem\",\"position\":3,\"name\":\"Luminaires\",\"item\":\"https:\/\/hubsch-interior.com\/fr\/categorie-produit\/luminaires\/\"},{\"@type\":\"ListItem\",\"position\":4,\"name\":\"Accessoires luminaires\",\"item\":\"https:\/\/hubsch-interior.com\/fr\/categorie-produit\/luminaires\/accessoires-luminaires-fr\/\"},{\"@type\":\"ListItem\",\"position\":5,\"name\":\"Spot Lamp Abats-jour\"}]},{\"@type\":\"WebSite\",\"@id\":\"https:\/\/hubsch-interior.com\/fr\/#website\",\"url\":\"https:\/\/hubsch-interior.com\/fr\/\",\"name\":\"H\u00fcbsch\",\"description\":\"Danish Home Interior and Design\",\"publisher\":{\"@id\":\"https:\/\/hubsch-interior.com\/fr\/#organization\"},\"potentialAction\":[{\"@type\":\"SearchAction\",\"target\":{\"@type\":\"EntryPoint\",\"urlTemplate\":\"https:\/\/hubsch-interior.com\/fr\/?s={search_term_string}\"},\"query-input\":{\"@type\":\"PropertyValueSpecification\",\"valueRequired\":true,\"valueName\":\"search_term_string\"}}],\"inLanguage\":\"fr-FR\"},{\"@type\":\"Organization\",\"@id\":\"https:\/\/hubsch-interior.com\/fr\/#organization\",\"name\":\"H\u00fcbsch\",\"url\":\"https:\/\/hubsch-interior.com\/fr\/\",\"logo\":{\"@type\":\"ImageObject\",\"inLanguage\":\"fr-FR\",\"@id\":\"https:\/\/hubsch-interior.com\/fr\/#\/schema\/logo\/image\/\",\"url\":\"https:\/\/hubsch-interior.com\/wp-content\/uploads\/2022\/12\/Hubsch_logo_black_one_line.svg\",\"contentUrl\":\"https:\/\/hubsch-interior.com\/wp-content\/uploads\/2022\/12\/Hubsch_logo_black_one_line.svg\",\"caption\":\"H\u00fcbsch\"},\"image\":{\"@id\":\"https:\/\/hubsch-interior.com\/fr\/#\/schema\/logo\/image\/\"}}]}<\/script>\n<!-- \/ Yoast SEO plugin. -->","yoast_head_json":{"title":"Spot Lamp Abats-jour - H\u00fcbsch","description":"Abat-jour en verre pour lampe de table Spot. Cette pi\u00e8ce d\u00e9tach\u00e9e est con\u00e7ue pour remplacer l\u2019abat-jour d\u2019origine et se fixe simplement en se vissant en","robots":{"index":"index","follow":"follow","max-snippet":"max-snippet:-1","max-image-preview":"max-image-preview:large","max-video-preview":"max-video-preview:-1"},"canonical":"https:\/\/hubsch-interior.com\/fr\/wp-json\/wp\/v2\/product\/1077202","og_locale":"fr_FR","og_type":"article","og_title":"Spot Lamp Abats-jour - H\u00fcbsch","og_description":"Abat-jour en verre pour lampe de table Spot. Cette pi\u00e8ce d\u00e9tach\u00e9e est con\u00e7ue pour remplacer l\u2019abat-jour d\u2019origine et se fixe simplement en se vissant en","og_url":"https:\/\/hubsch-interior.com\/fr\/produit\/spot-lamp-abats-jour\/","og_site_name":"H\u00fcbsch","article_modified_time":"2026-05-01T03:31:19+00:00","og_image":[{"width":400,"height":400,"url":"https:\/\/hubsch-interior.com\/wp-content\/uploads\/2026\/02\/spot-lamp-shade-2e183b3fe66759dbe42851998bf90f57.jpg","type":"image\/jpeg"}],"twitter_card":"summary_large_image","schema":{"@context":"https:\/\/schema.org","@graph":[{"@type":"WebPage","@id":"https:\/\/hubsch-interior.com\/fr\/produit\/spot-lamp-abats-jour\/","url":"https:\/\/hubsch-interior.com\/fr\/produit\/spot-lamp-abats-jour\/","name":"Spot Lamp Abats-jour - H\u00fcbsch","isPartOf":{"@id":"https:\/\/hubsch-interior.com\/fr\/#website"},"primaryImageOfPage":{"@id":"https:\/\/hubsch-interior.com\/fr\/produit\/spot-lamp-abats-jour\/#primaryimage"},"image":{"@id":"https:\/\/hubsch-interior.com\/fr\/produit\/spot-lamp-abats-jour\/#primaryimage"},"thumbnailUrl":"https:\/\/hubsch-interior.com\/wp-content\/uploads\/2026\/02\/spot-lamp-shade-2e183b3fe66759dbe42851998bf90f57.jpg","datePublished":"2025-12-06T03:57:12+00:00","dateModified":"2026-05-01T03:31:19+00:00","description":"Abat-jour en verre pour lampe de table Spot. Cette pi\u00e8ce d\u00e9tach\u00e9e est con\u00e7ue pour remplacer l\u2019abat-jour d\u2019origine et se fixe simplement en se vissant en","breadcrumb":{"@id":"https:\/\/hubsch-interior.com\/fr\/produit\/spot-lamp-abats-jour\/#breadcrumb"},"inLanguage":"fr-FR","potentialAction":[{"@type":"ReadAction","target":["https:\/\/hubsch-interior.com\/fr\/produit\/spot-lamp-abats-jour\/"]}]},{"@type":"ImageObject","inLanguage":"fr-FR","@id":"https:\/\/hubsch-interior.com\/fr\/produit\/spot-lamp-abats-jour\/#primaryimage","url":"https:\/\/hubsch-interior.com\/wp-content\/uploads\/2026\/02\/spot-lamp-shade-2e183b3fe66759dbe42851998bf90f57.jpg","contentUrl":"https:\/\/hubsch-interior.com\/wp-content\/uploads\/2026\/02\/spot-lamp-shade-2e183b3fe66759dbe42851998bf90f57.jpg","width":400,"height":400},{"@type":"BreadcrumbList","@id":"https:\/\/hubsch-interior.com\/fr\/produit\/spot-lamp-abats-jour\/#breadcrumb","itemListElement":[{"@type":"ListItem","position":1,"name":"Page d'accueil","item":"https:\/\/hubsch-interior.com\/fr\/"},{"@type":"ListItem","position":2,"name":"Produits","item":"https:\/\/hubsch-interior.com\/fr\/shop-2\/"},{"@type":"ListItem","position":3,"name":"Luminaires","item":"https:\/\/hubsch-interior.com\/fr\/categorie-produit\/luminaires\/"},{"@type":"ListItem","position":4,"name":"Accessoires luminaires","item":"https:\/\/hubsch-interior.com\/fr\/categorie-produit\/luminaires\/accessoires-luminaires-fr\/"},{"@type":"ListItem","position":5,"name":"Spot Lamp Abats-jour"}]},{"@type":"WebSite","@id":"https:\/\/hubsch-interior.com\/fr\/#website","url":"https:\/\/hubsch-interior.com\/fr\/","name":"H\u00fcbsch","description":"Danish Home Interior and Design","publisher":{"@id":"https:\/\/hubsch-interior.com\/fr\/#organization"},"potentialAction":[{"@type":"SearchAction","target":{"@type":"EntryPoint","urlTemplate":"https:\/\/hubsch-interior.com\/fr\/?s={search_term_string}"},"query-input":{"@type":"PropertyValueSpecification","valueRequired":true,"valueName":"search_term_string"}}],"inLanguage":"fr-FR"},{"@type":"Organization","@id":"https:\/\/hubsch-interior.com\/fr\/#organization","name":"H\u00fcbsch","url":"https:\/\/hubsch-interior.com\/fr\/","logo":{"@type":"ImageObject","inLanguage":"fr-FR","@id":"https:\/\/hubsch-interior.com\/fr\/#\/schema\/logo\/image\/","url":"https:\/\/hubsch-interior.com\/wp-content\/uploads\/2022\/12\/Hubsch_logo_black_one_line.svg","contentUrl":"https:\/\/hubsch-interior.com\/wp-content\/uploads\/2022\/12\/Hubsch_logo_black_one_line.svg","caption":"H\u00fcbsch"},"image":{"@id":"https:\/\/hubsch-interior.com\/fr\/#\/schema\/logo\/image\/"}}]}},"_links":{"self":[{"href":"https:\/\/hubsch-interior.com\/fr\/wp-json\/wp\/v2\/product\/1077202","targetHints":{"allow":["GET"]}}],"collection":[{"href":"https:\/\/hubsch-interior.com\/fr\/wp-json\/wp\/v2\/product"}],"about":[{"href":"https:\/\/hubsch-interior.com\/fr\/wp-json\/wp\/v2\/types\/product"}],"wp:featuredmedia":[{"embeddable":true,"href":"https:\/\/hubsch-interior.com\/fr\/wp-json\/wp\/v2\/media\/1113913"}],"wp:attachment":[{"href":"https:\/\/hubsch-interior.com\/fr\/wp-json\/wp\/v2\/media?parent=1077202"}],"wp:term":[{"taxonomy":"product_brand","embeddable":true,"href":"https:\/\/hubsch-interior.com\/fr\/wp-json\/wp\/v2\/product_brand?post=1077202"},{"taxonomy":"product_cat","embeddable":true,"href":"https:\/\/hubsch-interior.com\/fr\/wp-json\/wp\/v2\/product_cat?post=1077202"},{"taxonomy":"product_tag","embeddable":true,"href":"https:\/\/hubsch-interior.com\/fr\/wp-json\/wp\/v2\/product_tag?post=1077202"}],"curies":[{"name":"wp","href":"https:\/\/api.w.org\/{rel}","templated":true}]}}