{"id":1078423,"date":"2026-01-10T04:00:58","date_gmt":"2026-01-10T03:00:58","guid":{"rendered":"https:\/\/hubsch-interior.com\/product\/product\/"},"modified":"2026-04-05T04:43:16","modified_gmt":"2026-04-05T02:43:16","slug":"tento-plaid-vert","status":"publish","type":"product","link":"https:\/\/hubsch-interior.com\/fr\/produit\/tento-plaid-vert\/","title":{"rendered":"Tento Plaid Vert"},"content":{"rendered":"<p>Confort graphique avec une sensation douce et famili\u00e8re. Le Tento Plaid en vert combine la tranquillit\u00e9 domestique avec des d\u00e9tails visuels frappants, gr\u00e2ce \u00e0 sa finition matelass\u00e9e \u00e0 la main et ses blocs de couleurs audacieux et coordonn\u00e9s. Fabriqu\u00e9 \u00e0 partir de coton certifi\u00e9 OEKO-TEX\u00ae STANDARD 100, il est con\u00e7u avec soin pour votre confort et le respect de la plan\u00e8te. Poursuivant la gamme de notre r\u00e9put\u00e9 Pavilion Plaid, cette pi\u00e8ce offre plus que de la chaleur \u2014 elle ajoute une touche de design r\u00e9fl\u00e9chi \u00e0 vos rituels quotidiens.<\/p>\n","protected":false},"excerpt":{"rendered":"<p>Confort graphique avec une sensation douce et famili\u00e8re. Le Tento Plaid en vert combine la tranquillit\u00e9 domestique avec des d\u00e9tails visuels frappants, gr\u00e2ce \u00e0 sa finition matelass\u00e9e \u00e0 la main et ses blocs de couleurs audacieux et coordonn\u00e9s. Fabriqu\u00e9 \u00e0 partir de coton certifi\u00e9 OEKO-TEX\u00ae STANDARD 100, il est con\u00e7u avec soin pour votre confort [&hellip;]<\/p>\n","protected":false},"featured_media":1100552,"template":"","meta":{"_acf_changed":false,"inline_featured_image":false},"product_brand":[],"product_cat":[7154,3002,4942,6363,5026,5046],"product_tag":[],"class_list":{"0":"post-1078423","1":"product","2":"type-product","3":"status-publish","4":"has-post-thumbnail","6":"product_cat-dweller-fr","7":"product_cat-textile","8":"product_cat-plaids-fr","9":"product_cat-couvre-lits-fr","10":"product_cat-bestsellers-fr","11":"product_cat-nouveautes-fr","12":"product_shipping_class-pk","14":"pa_color-vert-2","15":"pa_material-cotton-100-fr","17":"first","18":"instock","19":"featured","20":"taxable","21":"shipping-taxable","22":"purchasable","23":"product-type-simple"},"exclude_global_add_ons":[],"addons":[],"acf":[],"yoast_head":"<!-- This site is optimized with the Yoast SEO plugin v26.4 - https:\/\/yoast.com\/wordpress\/plugins\/seo\/ -->\n<title>Tento Plaid Vert - H\u00fcbsch<\/title>\n<meta name=\"description\" content=\"Confort graphique avec une sensation douce et famili\u00e8re. Le Tento Plaid en vert combine la tranquillit\u00e9 domestique avec des d\u00e9tails visuels frappants,\" \/>\n<meta name=\"robots\" content=\"index, follow, max-snippet:-1, max-image-preview:large, max-video-preview:-1\" \/>\n<link rel=\"canonical\" href=\"https:\/\/hubsch-interior.com\/fr\/wp-json\/wp\/v2\/product\/1078423\" \/>\n<meta property=\"og:locale\" content=\"fr_FR\" \/>\n<meta property=\"og:type\" content=\"article\" \/>\n<meta property=\"og:title\" content=\"Tento Plaid Vert - H\u00fcbsch\" \/>\n<meta property=\"og:description\" content=\"Confort graphique avec une sensation douce et famili\u00e8re. Le Tento Plaid en vert combine la tranquillit\u00e9 domestique avec des d\u00e9tails visuels frappants,\" \/>\n<meta property=\"og:url\" content=\"https:\/\/hubsch-interior.com\/fr\/produit\/tento-plaid-vert\/\" \/>\n<meta property=\"og:site_name\" content=\"H\u00fcbsch\" \/>\n<meta property=\"article:modified_time\" content=\"2026-04-05T02:43:16+00:00\" \/>\n<meta property=\"og:image\" content=\"https:\/\/hubsch-interior.com\/wp-content\/uploads\/2026\/02\/tento-plaid-green-3fa6c78610b00d510e4478eeb35c73d4.jpg\" \/>\n\t<meta property=\"og:image:width\" content=\"1024\" \/>\n\t<meta property=\"og:image:height\" content=\"1024\" \/>\n\t<meta property=\"og:image:type\" content=\"image\/jpeg\" \/>\n<meta name=\"twitter:card\" content=\"summary_large_image\" \/>\n<script type=\"application\/ld+json\" class=\"yoast-schema-graph\">{\"@context\":\"https:\/\/schema.org\",\"@graph\":[{\"@type\":\"WebPage\",\"@id\":\"https:\/\/hubsch-interior.com\/fr\/produit\/tento-plaid-vert\/\",\"url\":\"https:\/\/hubsch-interior.com\/fr\/produit\/tento-plaid-vert\/\",\"name\":\"Tento Plaid Vert - H\u00fcbsch\",\"isPartOf\":{\"@id\":\"https:\/\/hubsch-interior.com\/fr\/#website\"},\"primaryImageOfPage\":{\"@id\":\"https:\/\/hubsch-interior.com\/fr\/produit\/tento-plaid-vert\/#primaryimage\"},\"image\":{\"@id\":\"https:\/\/hubsch-interior.com\/fr\/produit\/tento-plaid-vert\/#primaryimage\"},\"thumbnailUrl\":\"https:\/\/hubsch-interior.com\/wp-content\/uploads\/2026\/02\/tento-plaid-green-3fa6c78610b00d510e4478eeb35c73d4.jpg\",\"datePublished\":\"2026-01-10T03:00:58+00:00\",\"dateModified\":\"2026-04-05T02:43:16+00:00\",\"description\":\"Confort graphique avec une sensation douce et famili\u00e8re. Le Tento Plaid en vert combine la tranquillit\u00e9 domestique avec des d\u00e9tails visuels frappants,\",\"breadcrumb\":{\"@id\":\"https:\/\/hubsch-interior.com\/fr\/produit\/tento-plaid-vert\/#breadcrumb\"},\"inLanguage\":\"fr-FR\",\"potentialAction\":[{\"@type\":\"ReadAction\",\"target\":[\"https:\/\/hubsch-interior.com\/fr\/produit\/tento-plaid-vert\/\"]}]},{\"@type\":\"ImageObject\",\"inLanguage\":\"fr-FR\",\"@id\":\"https:\/\/hubsch-interior.com\/fr\/produit\/tento-plaid-vert\/#primaryimage\",\"url\":\"https:\/\/hubsch-interior.com\/wp-content\/uploads\/2026\/02\/tento-plaid-green-3fa6c78610b00d510e4478eeb35c73d4.jpg\",\"contentUrl\":\"https:\/\/hubsch-interior.com\/wp-content\/uploads\/2026\/02\/tento-plaid-green-3fa6c78610b00d510e4478eeb35c73d4.jpg\",\"width\":1024,\"height\":1024},{\"@type\":\"BreadcrumbList\",\"@id\":\"https:\/\/hubsch-interior.com\/fr\/produit\/tento-plaid-vert\/#breadcrumb\",\"itemListElement\":[{\"@type\":\"ListItem\",\"position\":1,\"name\":\"Page d'accueil\",\"item\":\"https:\/\/hubsch-interior.com\/fr\/\"},{\"@type\":\"ListItem\",\"position\":2,\"name\":\"Produits\",\"item\":\"https:\/\/hubsch-interior.com\/fr\/shop-2\/\"},{\"@type\":\"ListItem\",\"position\":3,\"name\":\"Textiles\",\"item\":\"https:\/\/hubsch-interior.com\/fr\/categorie-produit\/textile\/\"},{\"@type\":\"ListItem\",\"position\":4,\"name\":\"Plaids\",\"item\":\"https:\/\/hubsch-interior.com\/fr\/categorie-produit\/textile\/plaids-fr\/\"},{\"@type\":\"ListItem\",\"position\":5,\"name\":\"Tento Plaid Vert\"}]},{\"@type\":\"WebSite\",\"@id\":\"https:\/\/hubsch-interior.com\/fr\/#website\",\"url\":\"https:\/\/hubsch-interior.com\/fr\/\",\"name\":\"H\u00fcbsch\",\"description\":\"Danish Home Interior and Design\",\"publisher\":{\"@id\":\"https:\/\/hubsch-interior.com\/fr\/#organization\"},\"potentialAction\":[{\"@type\":\"SearchAction\",\"target\":{\"@type\":\"EntryPoint\",\"urlTemplate\":\"https:\/\/hubsch-interior.com\/fr\/?s={search_term_string}\"},\"query-input\":{\"@type\":\"PropertyValueSpecification\",\"valueRequired\":true,\"valueName\":\"search_term_string\"}}],\"inLanguage\":\"fr-FR\"},{\"@type\":\"Organization\",\"@id\":\"https:\/\/hubsch-interior.com\/fr\/#organization\",\"name\":\"H\u00fcbsch\",\"url\":\"https:\/\/hubsch-interior.com\/fr\/\",\"logo\":{\"@type\":\"ImageObject\",\"inLanguage\":\"fr-FR\",\"@id\":\"https:\/\/hubsch-interior.com\/fr\/#\/schema\/logo\/image\/\",\"url\":\"https:\/\/hubsch-interior.com\/wp-content\/uploads\/2022\/12\/Hubsch_logo_black_one_line.svg\",\"contentUrl\":\"https:\/\/hubsch-interior.com\/wp-content\/uploads\/2022\/12\/Hubsch_logo_black_one_line.svg\",\"caption\":\"H\u00fcbsch\"},\"image\":{\"@id\":\"https:\/\/hubsch-interior.com\/fr\/#\/schema\/logo\/image\/\"}}]}<\/script>\n<!-- \/ Yoast SEO plugin. -->","yoast_head_json":{"title":"Tento Plaid Vert - H\u00fcbsch","description":"Confort graphique avec une sensation douce et famili\u00e8re. Le Tento Plaid en vert combine la tranquillit\u00e9 domestique avec des d\u00e9tails visuels frappants,","robots":{"index":"index","follow":"follow","max-snippet":"max-snippet:-1","max-image-preview":"max-image-preview:large","max-video-preview":"max-video-preview:-1"},"canonical":"https:\/\/hubsch-interior.com\/fr\/wp-json\/wp\/v2\/product\/1078423","og_locale":"fr_FR","og_type":"article","og_title":"Tento Plaid Vert - H\u00fcbsch","og_description":"Confort graphique avec une sensation douce et famili\u00e8re. Le Tento Plaid en vert combine la tranquillit\u00e9 domestique avec des d\u00e9tails visuels frappants,","og_url":"https:\/\/hubsch-interior.com\/fr\/produit\/tento-plaid-vert\/","og_site_name":"H\u00fcbsch","article_modified_time":"2026-04-05T02:43:16+00:00","og_image":[{"width":1024,"height":1024,"url":"https:\/\/hubsch-interior.com\/wp-content\/uploads\/2026\/02\/tento-plaid-green-3fa6c78610b00d510e4478eeb35c73d4.jpg","type":"image\/jpeg"}],"twitter_card":"summary_large_image","schema":{"@context":"https:\/\/schema.org","@graph":[{"@type":"WebPage","@id":"https:\/\/hubsch-interior.com\/fr\/produit\/tento-plaid-vert\/","url":"https:\/\/hubsch-interior.com\/fr\/produit\/tento-plaid-vert\/","name":"Tento Plaid Vert - H\u00fcbsch","isPartOf":{"@id":"https:\/\/hubsch-interior.com\/fr\/#website"},"primaryImageOfPage":{"@id":"https:\/\/hubsch-interior.com\/fr\/produit\/tento-plaid-vert\/#primaryimage"},"image":{"@id":"https:\/\/hubsch-interior.com\/fr\/produit\/tento-plaid-vert\/#primaryimage"},"thumbnailUrl":"https:\/\/hubsch-interior.com\/wp-content\/uploads\/2026\/02\/tento-plaid-green-3fa6c78610b00d510e4478eeb35c73d4.jpg","datePublished":"2026-01-10T03:00:58+00:00","dateModified":"2026-04-05T02:43:16+00:00","description":"Confort graphique avec une sensation douce et famili\u00e8re. Le Tento Plaid en vert combine la tranquillit\u00e9 domestique avec des d\u00e9tails visuels frappants,","breadcrumb":{"@id":"https:\/\/hubsch-interior.com\/fr\/produit\/tento-plaid-vert\/#breadcrumb"},"inLanguage":"fr-FR","potentialAction":[{"@type":"ReadAction","target":["https:\/\/hubsch-interior.com\/fr\/produit\/tento-plaid-vert\/"]}]},{"@type":"ImageObject","inLanguage":"fr-FR","@id":"https:\/\/hubsch-interior.com\/fr\/produit\/tento-plaid-vert\/#primaryimage","url":"https:\/\/hubsch-interior.com\/wp-content\/uploads\/2026\/02\/tento-plaid-green-3fa6c78610b00d510e4478eeb35c73d4.jpg","contentUrl":"https:\/\/hubsch-interior.com\/wp-content\/uploads\/2026\/02\/tento-plaid-green-3fa6c78610b00d510e4478eeb35c73d4.jpg","width":1024,"height":1024},{"@type":"BreadcrumbList","@id":"https:\/\/hubsch-interior.com\/fr\/produit\/tento-plaid-vert\/#breadcrumb","itemListElement":[{"@type":"ListItem","position":1,"name":"Page d'accueil","item":"https:\/\/hubsch-interior.com\/fr\/"},{"@type":"ListItem","position":2,"name":"Produits","item":"https:\/\/hubsch-interior.com\/fr\/shop-2\/"},{"@type":"ListItem","position":3,"name":"Textiles","item":"https:\/\/hubsch-interior.com\/fr\/categorie-produit\/textile\/"},{"@type":"ListItem","position":4,"name":"Plaids","item":"https:\/\/hubsch-interior.com\/fr\/categorie-produit\/textile\/plaids-fr\/"},{"@type":"ListItem","position":5,"name":"Tento Plaid Vert"}]},{"@type":"WebSite","@id":"https:\/\/hubsch-interior.com\/fr\/#website","url":"https:\/\/hubsch-interior.com\/fr\/","name":"H\u00fcbsch","description":"Danish Home Interior and Design","publisher":{"@id":"https:\/\/hubsch-interior.com\/fr\/#organization"},"potentialAction":[{"@type":"SearchAction","target":{"@type":"EntryPoint","urlTemplate":"https:\/\/hubsch-interior.com\/fr\/?s={search_term_string}"},"query-input":{"@type":"PropertyValueSpecification","valueRequired":true,"valueName":"search_term_string"}}],"inLanguage":"fr-FR"},{"@type":"Organization","@id":"https:\/\/hubsch-interior.com\/fr\/#organization","name":"H\u00fcbsch","url":"https:\/\/hubsch-interior.com\/fr\/","logo":{"@type":"ImageObject","inLanguage":"fr-FR","@id":"https:\/\/hubsch-interior.com\/fr\/#\/schema\/logo\/image\/","url":"https:\/\/hubsch-interior.com\/wp-content\/uploads\/2022\/12\/Hubsch_logo_black_one_line.svg","contentUrl":"https:\/\/hubsch-interior.com\/wp-content\/uploads\/2022\/12\/Hubsch_logo_black_one_line.svg","caption":"H\u00fcbsch"},"image":{"@id":"https:\/\/hubsch-interior.com\/fr\/#\/schema\/logo\/image\/"}}]}},"_links":{"self":[{"href":"https:\/\/hubsch-interior.com\/fr\/wp-json\/wp\/v2\/product\/1078423","targetHints":{"allow":["GET"]}}],"collection":[{"href":"https:\/\/hubsch-interior.com\/fr\/wp-json\/wp\/v2\/product"}],"about":[{"href":"https:\/\/hubsch-interior.com\/fr\/wp-json\/wp\/v2\/types\/product"}],"wp:featuredmedia":[{"embeddable":true,"href":"https:\/\/hubsch-interior.com\/fr\/wp-json\/wp\/v2\/media\/1100552"}],"wp:attachment":[{"href":"https:\/\/hubsch-interior.com\/fr\/wp-json\/wp\/v2\/media?parent=1078423"}],"wp:term":[{"taxonomy":"product_brand","embeddable":true,"href":"https:\/\/hubsch-interior.com\/fr\/wp-json\/wp\/v2\/product_brand?post=1078423"},{"taxonomy":"product_cat","embeddable":true,"href":"https:\/\/hubsch-interior.com\/fr\/wp-json\/wp\/v2\/product_cat?post=1078423"},{"taxonomy":"product_tag","embeddable":true,"href":"https:\/\/hubsch-interior.com\/fr\/wp-json\/wp\/v2\/product_tag?post=1078423"}],"curies":[{"name":"wp","href":"https:\/\/api.w.org\/{rel}","templated":true}]}}