{"id":1078443,"date":"2026-01-10T04:01:09","date_gmt":"2026-01-10T03:01:09","guid":{"rendered":"https:\/\/hubsch-interior.com\/product\/product\/"},"modified":"2026-04-05T04:43:20","modified_gmt":"2026-04-05T02:43:20","slug":"tento-plaid-jaune","status":"publish","type":"product","link":"https:\/\/hubsch-interior.com\/fr\/produit\/tento-plaid-jaune\/","title":{"rendered":"Tento Plaid Jaune"},"content":{"rendered":"<p>Un rayon de soleil \u00e0 porter sur vos \u00e9paules. Le Tento Plaid, dans un jaune \u00e9clatant, apporte une chaleur joyeuse et une expression audacieuse \u00e0 votre int\u00e9rieur. Matelass\u00e9 \u00e0 la main avec un motif graphique frappant dans des tons magnifiquement m\u00e9lang\u00e9s, il allie confort tactile et \u00e9nergie visuelle. Fabriqu\u00e9 en coton certifi\u00e9 OEKO-TEX\u00ae STANDARD 100 et faisant partie de notre appr\u00e9ci\u00e9e collection Pavilion Plaid, il est con\u00e7u pour des moments de douceur qui illuminent votre journ\u00e9e. Drapez-le sur votre fauteuil de lecture ou gardez-le \u00e0 port\u00e9e de main \u2014 c&#8217;est le confort qui rayonne.<\/p>\n","protected":false},"excerpt":{"rendered":"<p>Un rayon de soleil \u00e0 porter sur vos \u00e9paules. Le Tento Plaid, dans un jaune \u00e9clatant, apporte une chaleur joyeuse et une expression audacieuse \u00e0 votre int\u00e9rieur. Matelass\u00e9 \u00e0 la main avec un motif graphique frappant dans des tons magnifiquement m\u00e9lang\u00e9s, il allie confort tactile et \u00e9nergie visuelle. Fabriqu\u00e9 en coton certifi\u00e9 OEKO-TEX\u00ae STANDARD 100 [&hellip;]<\/p>\n","protected":false},"featured_media":1100568,"template":"","meta":{"_acf_changed":false,"inline_featured_image":false},"product_brand":[],"product_cat":[7154,3002,4942,6363,5046],"product_tag":[],"class_list":{"0":"post-1078443","1":"product","2":"type-product","3":"status-publish","4":"has-post-thumbnail","6":"product_cat-dweller-fr","7":"product_cat-textile","8":"product_cat-plaids-fr","9":"product_cat-couvre-lits-fr","10":"product_cat-nouveautes-fr","11":"product_shipping_class-pk","13":"pa_color-jaune","14":"pa_material-cotton-100-fr","16":"first","17":"instock","18":"taxable","19":"shipping-taxable","20":"purchasable","21":"product-type-simple"},"exclude_global_add_ons":[],"addons":[],"acf":[],"yoast_head":"<!-- This site is optimized with the Yoast SEO plugin v26.4 - https:\/\/yoast.com\/wordpress\/plugins\/seo\/ -->\n<title>Tento Plaid Jaune - H\u00fcbsch<\/title>\n<meta name=\"description\" content=\"Un rayon de soleil \u00e0 porter sur vos \u00e9paules. Le Tento Plaid, dans un jaune \u00e9clatant, apporte une chaleur joyeuse et une expression audacieuse \u00e0 votre\" \/>\n<meta name=\"robots\" content=\"index, follow, max-snippet:-1, max-image-preview:large, max-video-preview:-1\" \/>\n<link rel=\"canonical\" href=\"https:\/\/hubsch-interior.com\/fr\/wp-json\/wp\/v2\/product\/1078443\" \/>\n<meta property=\"og:locale\" content=\"fr_FR\" \/>\n<meta property=\"og:type\" content=\"article\" \/>\n<meta property=\"og:title\" content=\"Tento Plaid Jaune - H\u00fcbsch\" \/>\n<meta property=\"og:description\" content=\"Un rayon de soleil \u00e0 porter sur vos \u00e9paules. Le Tento Plaid, dans un jaune \u00e9clatant, apporte une chaleur joyeuse et une expression audacieuse \u00e0 votre\" \/>\n<meta property=\"og:url\" content=\"https:\/\/hubsch-interior.com\/fr\/produit\/tento-plaid-jaune\/\" \/>\n<meta property=\"og:site_name\" content=\"H\u00fcbsch\" \/>\n<meta property=\"article:modified_time\" content=\"2026-04-05T02:43:20+00:00\" \/>\n<meta property=\"og:image\" content=\"https:\/\/hubsch-interior.com\/wp-content\/uploads\/2026\/02\/tento-plaid-yellow-83e2ca46bea3272653576c348a02a6ee.jpg\" \/>\n\t<meta property=\"og:image:width\" content=\"1024\" \/>\n\t<meta property=\"og:image:height\" content=\"1024\" \/>\n\t<meta property=\"og:image:type\" content=\"image\/jpeg\" \/>\n<meta name=\"twitter:card\" content=\"summary_large_image\" \/>\n<script type=\"application\/ld+json\" class=\"yoast-schema-graph\">{\"@context\":\"https:\/\/schema.org\",\"@graph\":[{\"@type\":\"WebPage\",\"@id\":\"https:\/\/hubsch-interior.com\/fr\/produit\/tento-plaid-jaune\/\",\"url\":\"https:\/\/hubsch-interior.com\/fr\/produit\/tento-plaid-jaune\/\",\"name\":\"Tento Plaid Jaune - H\u00fcbsch\",\"isPartOf\":{\"@id\":\"https:\/\/hubsch-interior.com\/fr\/#website\"},\"primaryImageOfPage\":{\"@id\":\"https:\/\/hubsch-interior.com\/fr\/produit\/tento-plaid-jaune\/#primaryimage\"},\"image\":{\"@id\":\"https:\/\/hubsch-interior.com\/fr\/produit\/tento-plaid-jaune\/#primaryimage\"},\"thumbnailUrl\":\"https:\/\/hubsch-interior.com\/wp-content\/uploads\/2026\/02\/tento-plaid-yellow-83e2ca46bea3272653576c348a02a6ee.jpg\",\"datePublished\":\"2026-01-10T03:01:09+00:00\",\"dateModified\":\"2026-04-05T02:43:20+00:00\",\"description\":\"Un rayon de soleil \u00e0 porter sur vos \u00e9paules. Le Tento Plaid, dans un jaune \u00e9clatant, apporte une chaleur joyeuse et une expression audacieuse \u00e0 votre\",\"breadcrumb\":{\"@id\":\"https:\/\/hubsch-interior.com\/fr\/produit\/tento-plaid-jaune\/#breadcrumb\"},\"inLanguage\":\"fr-FR\",\"potentialAction\":[{\"@type\":\"ReadAction\",\"target\":[\"https:\/\/hubsch-interior.com\/fr\/produit\/tento-plaid-jaune\/\"]}]},{\"@type\":\"ImageObject\",\"inLanguage\":\"fr-FR\",\"@id\":\"https:\/\/hubsch-interior.com\/fr\/produit\/tento-plaid-jaune\/#primaryimage\",\"url\":\"https:\/\/hubsch-interior.com\/wp-content\/uploads\/2026\/02\/tento-plaid-yellow-83e2ca46bea3272653576c348a02a6ee.jpg\",\"contentUrl\":\"https:\/\/hubsch-interior.com\/wp-content\/uploads\/2026\/02\/tento-plaid-yellow-83e2ca46bea3272653576c348a02a6ee.jpg\",\"width\":1024,\"height\":1024},{\"@type\":\"BreadcrumbList\",\"@id\":\"https:\/\/hubsch-interior.com\/fr\/produit\/tento-plaid-jaune\/#breadcrumb\",\"itemListElement\":[{\"@type\":\"ListItem\",\"position\":1,\"name\":\"Page d'accueil\",\"item\":\"https:\/\/hubsch-interior.com\/fr\/\"},{\"@type\":\"ListItem\",\"position\":2,\"name\":\"Produits\",\"item\":\"https:\/\/hubsch-interior.com\/fr\/shop-2\/\"},{\"@type\":\"ListItem\",\"position\":3,\"name\":\"Textiles\",\"item\":\"https:\/\/hubsch-interior.com\/fr\/categorie-produit\/textile\/\"},{\"@type\":\"ListItem\",\"position\":4,\"name\":\"Plaids\",\"item\":\"https:\/\/hubsch-interior.com\/fr\/categorie-produit\/textile\/plaids-fr\/\"},{\"@type\":\"ListItem\",\"position\":5,\"name\":\"Tento Plaid Jaune\"}]},{\"@type\":\"WebSite\",\"@id\":\"https:\/\/hubsch-interior.com\/fr\/#website\",\"url\":\"https:\/\/hubsch-interior.com\/fr\/\",\"name\":\"H\u00fcbsch\",\"description\":\"Danish Home Interior and Design\",\"publisher\":{\"@id\":\"https:\/\/hubsch-interior.com\/fr\/#organization\"},\"potentialAction\":[{\"@type\":\"SearchAction\",\"target\":{\"@type\":\"EntryPoint\",\"urlTemplate\":\"https:\/\/hubsch-interior.com\/fr\/?s={search_term_string}\"},\"query-input\":{\"@type\":\"PropertyValueSpecification\",\"valueRequired\":true,\"valueName\":\"search_term_string\"}}],\"inLanguage\":\"fr-FR\"},{\"@type\":\"Organization\",\"@id\":\"https:\/\/hubsch-interior.com\/fr\/#organization\",\"name\":\"H\u00fcbsch\",\"url\":\"https:\/\/hubsch-interior.com\/fr\/\",\"logo\":{\"@type\":\"ImageObject\",\"inLanguage\":\"fr-FR\",\"@id\":\"https:\/\/hubsch-interior.com\/fr\/#\/schema\/logo\/image\/\",\"url\":\"https:\/\/hubsch-interior.com\/wp-content\/uploads\/2022\/12\/Hubsch_logo_black_one_line.svg\",\"contentUrl\":\"https:\/\/hubsch-interior.com\/wp-content\/uploads\/2022\/12\/Hubsch_logo_black_one_line.svg\",\"caption\":\"H\u00fcbsch\"},\"image\":{\"@id\":\"https:\/\/hubsch-interior.com\/fr\/#\/schema\/logo\/image\/\"}}]}<\/script>\n<!-- \/ Yoast SEO plugin. -->","yoast_head_json":{"title":"Tento Plaid Jaune - H\u00fcbsch","description":"Un rayon de soleil \u00e0 porter sur vos \u00e9paules. Le Tento Plaid, dans un jaune \u00e9clatant, apporte une chaleur joyeuse et une expression audacieuse \u00e0 votre","robots":{"index":"index","follow":"follow","max-snippet":"max-snippet:-1","max-image-preview":"max-image-preview:large","max-video-preview":"max-video-preview:-1"},"canonical":"https:\/\/hubsch-interior.com\/fr\/wp-json\/wp\/v2\/product\/1078443","og_locale":"fr_FR","og_type":"article","og_title":"Tento Plaid Jaune - H\u00fcbsch","og_description":"Un rayon de soleil \u00e0 porter sur vos \u00e9paules. Le Tento Plaid, dans un jaune \u00e9clatant, apporte une chaleur joyeuse et une expression audacieuse \u00e0 votre","og_url":"https:\/\/hubsch-interior.com\/fr\/produit\/tento-plaid-jaune\/","og_site_name":"H\u00fcbsch","article_modified_time":"2026-04-05T02:43:20+00:00","og_image":[{"width":1024,"height":1024,"url":"https:\/\/hubsch-interior.com\/wp-content\/uploads\/2026\/02\/tento-plaid-yellow-83e2ca46bea3272653576c348a02a6ee.jpg","type":"image\/jpeg"}],"twitter_card":"summary_large_image","schema":{"@context":"https:\/\/schema.org","@graph":[{"@type":"WebPage","@id":"https:\/\/hubsch-interior.com\/fr\/produit\/tento-plaid-jaune\/","url":"https:\/\/hubsch-interior.com\/fr\/produit\/tento-plaid-jaune\/","name":"Tento Plaid Jaune - H\u00fcbsch","isPartOf":{"@id":"https:\/\/hubsch-interior.com\/fr\/#website"},"primaryImageOfPage":{"@id":"https:\/\/hubsch-interior.com\/fr\/produit\/tento-plaid-jaune\/#primaryimage"},"image":{"@id":"https:\/\/hubsch-interior.com\/fr\/produit\/tento-plaid-jaune\/#primaryimage"},"thumbnailUrl":"https:\/\/hubsch-interior.com\/wp-content\/uploads\/2026\/02\/tento-plaid-yellow-83e2ca46bea3272653576c348a02a6ee.jpg","datePublished":"2026-01-10T03:01:09+00:00","dateModified":"2026-04-05T02:43:20+00:00","description":"Un rayon de soleil \u00e0 porter sur vos \u00e9paules. Le Tento Plaid, dans un jaune \u00e9clatant, apporte une chaleur joyeuse et une expression audacieuse \u00e0 votre","breadcrumb":{"@id":"https:\/\/hubsch-interior.com\/fr\/produit\/tento-plaid-jaune\/#breadcrumb"},"inLanguage":"fr-FR","potentialAction":[{"@type":"ReadAction","target":["https:\/\/hubsch-interior.com\/fr\/produit\/tento-plaid-jaune\/"]}]},{"@type":"ImageObject","inLanguage":"fr-FR","@id":"https:\/\/hubsch-interior.com\/fr\/produit\/tento-plaid-jaune\/#primaryimage","url":"https:\/\/hubsch-interior.com\/wp-content\/uploads\/2026\/02\/tento-plaid-yellow-83e2ca46bea3272653576c348a02a6ee.jpg","contentUrl":"https:\/\/hubsch-interior.com\/wp-content\/uploads\/2026\/02\/tento-plaid-yellow-83e2ca46bea3272653576c348a02a6ee.jpg","width":1024,"height":1024},{"@type":"BreadcrumbList","@id":"https:\/\/hubsch-interior.com\/fr\/produit\/tento-plaid-jaune\/#breadcrumb","itemListElement":[{"@type":"ListItem","position":1,"name":"Page d'accueil","item":"https:\/\/hubsch-interior.com\/fr\/"},{"@type":"ListItem","position":2,"name":"Produits","item":"https:\/\/hubsch-interior.com\/fr\/shop-2\/"},{"@type":"ListItem","position":3,"name":"Textiles","item":"https:\/\/hubsch-interior.com\/fr\/categorie-produit\/textile\/"},{"@type":"ListItem","position":4,"name":"Plaids","item":"https:\/\/hubsch-interior.com\/fr\/categorie-produit\/textile\/plaids-fr\/"},{"@type":"ListItem","position":5,"name":"Tento Plaid Jaune"}]},{"@type":"WebSite","@id":"https:\/\/hubsch-interior.com\/fr\/#website","url":"https:\/\/hubsch-interior.com\/fr\/","name":"H\u00fcbsch","description":"Danish Home Interior and Design","publisher":{"@id":"https:\/\/hubsch-interior.com\/fr\/#organization"},"potentialAction":[{"@type":"SearchAction","target":{"@type":"EntryPoint","urlTemplate":"https:\/\/hubsch-interior.com\/fr\/?s={search_term_string}"},"query-input":{"@type":"PropertyValueSpecification","valueRequired":true,"valueName":"search_term_string"}}],"inLanguage":"fr-FR"},{"@type":"Organization","@id":"https:\/\/hubsch-interior.com\/fr\/#organization","name":"H\u00fcbsch","url":"https:\/\/hubsch-interior.com\/fr\/","logo":{"@type":"ImageObject","inLanguage":"fr-FR","@id":"https:\/\/hubsch-interior.com\/fr\/#\/schema\/logo\/image\/","url":"https:\/\/hubsch-interior.com\/wp-content\/uploads\/2022\/12\/Hubsch_logo_black_one_line.svg","contentUrl":"https:\/\/hubsch-interior.com\/wp-content\/uploads\/2022\/12\/Hubsch_logo_black_one_line.svg","caption":"H\u00fcbsch"},"image":{"@id":"https:\/\/hubsch-interior.com\/fr\/#\/schema\/logo\/image\/"}}]}},"_links":{"self":[{"href":"https:\/\/hubsch-interior.com\/fr\/wp-json\/wp\/v2\/product\/1078443","targetHints":{"allow":["GET"]}}],"collection":[{"href":"https:\/\/hubsch-interior.com\/fr\/wp-json\/wp\/v2\/product"}],"about":[{"href":"https:\/\/hubsch-interior.com\/fr\/wp-json\/wp\/v2\/types\/product"}],"wp:featuredmedia":[{"embeddable":true,"href":"https:\/\/hubsch-interior.com\/fr\/wp-json\/wp\/v2\/media\/1100568"}],"wp:attachment":[{"href":"https:\/\/hubsch-interior.com\/fr\/wp-json\/wp\/v2\/media?parent=1078443"}],"wp:term":[{"taxonomy":"product_brand","embeddable":true,"href":"https:\/\/hubsch-interior.com\/fr\/wp-json\/wp\/v2\/product_brand?post=1078443"},{"taxonomy":"product_cat","embeddable":true,"href":"https:\/\/hubsch-interior.com\/fr\/wp-json\/wp\/v2\/product_cat?post=1078443"},{"taxonomy":"product_tag","embeddable":true,"href":"https:\/\/hubsch-interior.com\/fr\/wp-json\/wp\/v2\/product_tag?post=1078443"}],"curies":[{"name":"wp","href":"https:\/\/api.w.org\/{rel}","templated":true}]}}