{"id":1078459,"date":"2026-01-10T04:01:21","date_gmt":"2026-01-10T03:01:21","guid":{"rendered":"https:\/\/hubsch-interior.com\/product\/product\/"},"modified":"2026-04-05T04:43:25","modified_gmt":"2026-04-05T02:43:25","slug":"sen-couvre-lit-sable","status":"publish","type":"product","link":"https:\/\/hubsch-interior.com\/fr\/produit\/sen-couvre-lit-sable\/","title":{"rendered":"Sen Couvre-lit Sable"},"content":{"rendered":"<p>\u00c9l\u00e9gance, cousue avec soin. Le Sen Plaid, dans des tons sable sereins, apporte une sophistication tranquille \u00e0 votre int\u00e9rieur gr\u00e2ce \u00e0 sa texture matelass\u00e9e \u00e0 la main et ses couleurs superpos\u00e9es avec r\u00e9flexion. Faisant partie de notre collection bien-aim\u00e9e, il est confectionn\u00e9 en coton certifi\u00e9 OEKO-TEX\u00ae STANDARD 100 pour une douceur responsable et rassurante. Disposez-le soigneusement sur votre lit pour une finition raffin\u00e9e, ou blottissez-vous sous sa chaleur g\u00e9n\u00e9reuse lorsque les soir\u00e9es se rafra\u00eechissent. Une pi\u00e8ce intemporelle pour le confort quotidien \u2014 ou le type de cadeau dont il est difficile de se s\u00e9parer.<\/p>\n","protected":false},"excerpt":{"rendered":"<p>\u00c9l\u00e9gance, cousue avec soin. Le Sen Plaid, dans des tons sable sereins, apporte une sophistication tranquille \u00e0 votre int\u00e9rieur gr\u00e2ce \u00e0 sa texture matelass\u00e9e \u00e0 la main et ses couleurs superpos\u00e9es avec r\u00e9flexion. Faisant partie de notre collection bien-aim\u00e9e, il est confectionn\u00e9 en coton certifi\u00e9 OEKO-TEX\u00ae STANDARD 100 pour une douceur responsable et rassurante. Disposez-le [&hellip;]<\/p>\n","protected":false},"featured_media":1100580,"template":"","meta":{"_acf_changed":false,"inline_featured_image":false},"product_brand":[],"product_cat":[7154,3002,4942,6363,5026,5046],"product_tag":[],"class_list":{"0":"post-1078459","1":"product","2":"type-product","3":"status-publish","4":"has-post-thumbnail","6":"product_cat-dweller-fr","7":"product_cat-textile","8":"product_cat-plaids-fr","9":"product_cat-couvre-lits-fr","10":"product_cat-bestsellers-fr","11":"product_cat-nouveautes-fr","12":"product_shipping_class-pk","14":"pa_color-sable","15":"pa_material-cotton-100-fr","17":"first","18":"instock","19":"featured","20":"taxable","21":"shipping-taxable","22":"purchasable","23":"product-type-simple"},"exclude_global_add_ons":[],"addons":[],"acf":[],"yoast_head":"<!-- This site is optimized with the Yoast SEO plugin v26.4 - https:\/\/yoast.com\/wordpress\/plugins\/seo\/ -->\n<title>Sen Couvre-lit Sable - H\u00fcbsch<\/title>\n<meta name=\"description\" content=\"\u00c9l\u00e9gance, cousue avec soin. Le Sen Plaid, dans des tons sable sereins, apporte une sophistication tranquille \u00e0 votre int\u00e9rieur gr\u00e2ce \u00e0 sa texture\" \/>\n<meta name=\"robots\" content=\"index, follow, max-snippet:-1, max-image-preview:large, max-video-preview:-1\" \/>\n<link rel=\"canonical\" href=\"https:\/\/hubsch-interior.com\/fr\/wp-json\/wp\/v2\/product\/1078459\" \/>\n<meta property=\"og:locale\" content=\"fr_FR\" \/>\n<meta property=\"og:type\" content=\"article\" \/>\n<meta property=\"og:title\" content=\"Sen Couvre-lit Sable - H\u00fcbsch\" \/>\n<meta property=\"og:description\" content=\"\u00c9l\u00e9gance, cousue avec soin. Le Sen Plaid, dans des tons sable sereins, apporte une sophistication tranquille \u00e0 votre int\u00e9rieur gr\u00e2ce \u00e0 sa texture\" \/>\n<meta property=\"og:url\" content=\"https:\/\/hubsch-interior.com\/fr\/produit\/sen-couvre-lit-sable\/\" \/>\n<meta property=\"og:site_name\" content=\"H\u00fcbsch\" \/>\n<meta property=\"article:modified_time\" content=\"2026-04-05T02:43:25+00:00\" \/>\n<meta property=\"og:image\" content=\"https:\/\/hubsch-interior.com\/wp-content\/uploads\/2026\/01\/sen-bedspread-sand-6cacf0bbcc22ffece4d6bef63a4a0a39.jpg\" \/>\n\t<meta property=\"og:image:width\" content=\"1200\" \/>\n\t<meta property=\"og:image:height\" content=\"1200\" \/>\n\t<meta property=\"og:image:type\" content=\"image\/jpeg\" \/>\n<meta name=\"twitter:card\" content=\"summary_large_image\" \/>\n<meta name=\"twitter:label1\" content=\"Dur\u00e9e de lecture estim\u00e9e\" \/>\n\t<meta name=\"twitter:data1\" content=\"1 minute\" \/>\n<script type=\"application\/ld+json\" class=\"yoast-schema-graph\">{\"@context\":\"https:\/\/schema.org\",\"@graph\":[{\"@type\":\"WebPage\",\"@id\":\"https:\/\/hubsch-interior.com\/fr\/produit\/sen-couvre-lit-sable\/\",\"url\":\"https:\/\/hubsch-interior.com\/fr\/produit\/sen-couvre-lit-sable\/\",\"name\":\"Sen Couvre-lit Sable - H\u00fcbsch\",\"isPartOf\":{\"@id\":\"https:\/\/hubsch-interior.com\/fr\/#website\"},\"primaryImageOfPage\":{\"@id\":\"https:\/\/hubsch-interior.com\/fr\/produit\/sen-couvre-lit-sable\/#primaryimage\"},\"image\":{\"@id\":\"https:\/\/hubsch-interior.com\/fr\/produit\/sen-couvre-lit-sable\/#primaryimage\"},\"thumbnailUrl\":\"https:\/\/hubsch-interior.com\/wp-content\/uploads\/2026\/02\/sen-bedspread-sand-8e706c18b1eaded563cd3594d09e530e.jpg\",\"datePublished\":\"2026-01-10T03:01:21+00:00\",\"dateModified\":\"2026-04-05T02:43:25+00:00\",\"description\":\"\u00c9l\u00e9gance, cousue avec soin. Le Sen Plaid, dans des tons sable sereins, apporte une sophistication tranquille \u00e0 votre int\u00e9rieur gr\u00e2ce \u00e0 sa texture\",\"breadcrumb\":{\"@id\":\"https:\/\/hubsch-interior.com\/fr\/produit\/sen-couvre-lit-sable\/#breadcrumb\"},\"inLanguage\":\"fr-FR\",\"potentialAction\":[{\"@type\":\"ReadAction\",\"target\":[\"https:\/\/hubsch-interior.com\/fr\/produit\/sen-couvre-lit-sable\/\"]}]},{\"@type\":\"ImageObject\",\"inLanguage\":\"fr-FR\",\"@id\":\"https:\/\/hubsch-interior.com\/fr\/produit\/sen-couvre-lit-sable\/#primaryimage\",\"url\":\"https:\/\/hubsch-interior.com\/wp-content\/uploads\/2026\/02\/sen-bedspread-sand-8e706c18b1eaded563cd3594d09e530e.jpg\",\"contentUrl\":\"https:\/\/hubsch-interior.com\/wp-content\/uploads\/2026\/02\/sen-bedspread-sand-8e706c18b1eaded563cd3594d09e530e.jpg\",\"width\":1024,\"height\":1024},{\"@type\":\"BreadcrumbList\",\"@id\":\"https:\/\/hubsch-interior.com\/fr\/produit\/sen-couvre-lit-sable\/#breadcrumb\",\"itemListElement\":[{\"@type\":\"ListItem\",\"position\":1,\"name\":\"Page d'accueil\",\"item\":\"https:\/\/hubsch-interior.com\/fr\/\"},{\"@type\":\"ListItem\",\"position\":2,\"name\":\"Produits\",\"item\":\"https:\/\/hubsch-interior.com\/fr\/shop-2\/\"},{\"@type\":\"ListItem\",\"position\":3,\"name\":\"Sen Couvre-lit Sable\"}]},{\"@type\":\"WebSite\",\"@id\":\"https:\/\/hubsch-interior.com\/fr\/#website\",\"url\":\"https:\/\/hubsch-interior.com\/fr\/\",\"name\":\"H\u00fcbsch\",\"description\":\"Danish Home Interior and Design\",\"publisher\":{\"@id\":\"https:\/\/hubsch-interior.com\/fr\/#organization\"},\"potentialAction\":[{\"@type\":\"SearchAction\",\"target\":{\"@type\":\"EntryPoint\",\"urlTemplate\":\"https:\/\/hubsch-interior.com\/fr\/?s={search_term_string}\"},\"query-input\":{\"@type\":\"PropertyValueSpecification\",\"valueRequired\":true,\"valueName\":\"search_term_string\"}}],\"inLanguage\":\"fr-FR\"},{\"@type\":\"Organization\",\"@id\":\"https:\/\/hubsch-interior.com\/fr\/#organization\",\"name\":\"H\u00fcbsch\",\"url\":\"https:\/\/hubsch-interior.com\/fr\/\",\"logo\":{\"@type\":\"ImageObject\",\"inLanguage\":\"fr-FR\",\"@id\":\"https:\/\/hubsch-interior.com\/fr\/#\/schema\/logo\/image\/\",\"url\":\"https:\/\/hubsch-interior.com\/wp-content\/uploads\/2022\/12\/Hubsch_logo_black_one_line.svg\",\"contentUrl\":\"https:\/\/hubsch-interior.com\/wp-content\/uploads\/2022\/12\/Hubsch_logo_black_one_line.svg\",\"caption\":\"H\u00fcbsch\"},\"image\":{\"@id\":\"https:\/\/hubsch-interior.com\/fr\/#\/schema\/logo\/image\/\"}}]}<\/script>\n<!-- \/ Yoast SEO plugin. -->","yoast_head_json":{"title":"Sen Couvre-lit Sable - H\u00fcbsch","description":"\u00c9l\u00e9gance, cousue avec soin. Le Sen Plaid, dans des tons sable sereins, apporte une sophistication tranquille \u00e0 votre int\u00e9rieur gr\u00e2ce \u00e0 sa texture","robots":{"index":"index","follow":"follow","max-snippet":"max-snippet:-1","max-image-preview":"max-image-preview:large","max-video-preview":"max-video-preview:-1"},"canonical":"https:\/\/hubsch-interior.com\/fr\/wp-json\/wp\/v2\/product\/1078459","og_locale":"fr_FR","og_type":"article","og_title":"Sen Couvre-lit Sable - H\u00fcbsch","og_description":"\u00c9l\u00e9gance, cousue avec soin. Le Sen Plaid, dans des tons sable sereins, apporte une sophistication tranquille \u00e0 votre int\u00e9rieur gr\u00e2ce \u00e0 sa texture","og_url":"https:\/\/hubsch-interior.com\/fr\/produit\/sen-couvre-lit-sable\/","og_site_name":"H\u00fcbsch","article_modified_time":"2026-04-05T02:43:25+00:00","og_image":[{"width":1200,"height":1200,"url":"https:\/\/hubsch-interior.com\/wp-content\/uploads\/2026\/01\/sen-bedspread-sand-6cacf0bbcc22ffece4d6bef63a4a0a39.jpg","type":"image\/jpeg"}],"twitter_card":"summary_large_image","twitter_misc":{"Dur\u00e9e de lecture estim\u00e9e":"1 minute"},"schema":{"@context":"https:\/\/schema.org","@graph":[{"@type":"WebPage","@id":"https:\/\/hubsch-interior.com\/fr\/produit\/sen-couvre-lit-sable\/","url":"https:\/\/hubsch-interior.com\/fr\/produit\/sen-couvre-lit-sable\/","name":"Sen Couvre-lit Sable - H\u00fcbsch","isPartOf":{"@id":"https:\/\/hubsch-interior.com\/fr\/#website"},"primaryImageOfPage":{"@id":"https:\/\/hubsch-interior.com\/fr\/produit\/sen-couvre-lit-sable\/#primaryimage"},"image":{"@id":"https:\/\/hubsch-interior.com\/fr\/produit\/sen-couvre-lit-sable\/#primaryimage"},"thumbnailUrl":"https:\/\/hubsch-interior.com\/wp-content\/uploads\/2026\/02\/sen-bedspread-sand-8e706c18b1eaded563cd3594d09e530e.jpg","datePublished":"2026-01-10T03:01:21+00:00","dateModified":"2026-04-05T02:43:25+00:00","description":"\u00c9l\u00e9gance, cousue avec soin. Le Sen Plaid, dans des tons sable sereins, apporte une sophistication tranquille \u00e0 votre int\u00e9rieur gr\u00e2ce \u00e0 sa texture","breadcrumb":{"@id":"https:\/\/hubsch-interior.com\/fr\/produit\/sen-couvre-lit-sable\/#breadcrumb"},"inLanguage":"fr-FR","potentialAction":[{"@type":"ReadAction","target":["https:\/\/hubsch-interior.com\/fr\/produit\/sen-couvre-lit-sable\/"]}]},{"@type":"ImageObject","inLanguage":"fr-FR","@id":"https:\/\/hubsch-interior.com\/fr\/produit\/sen-couvre-lit-sable\/#primaryimage","url":"https:\/\/hubsch-interior.com\/wp-content\/uploads\/2026\/02\/sen-bedspread-sand-8e706c18b1eaded563cd3594d09e530e.jpg","contentUrl":"https:\/\/hubsch-interior.com\/wp-content\/uploads\/2026\/02\/sen-bedspread-sand-8e706c18b1eaded563cd3594d09e530e.jpg","width":1024,"height":1024},{"@type":"BreadcrumbList","@id":"https:\/\/hubsch-interior.com\/fr\/produit\/sen-couvre-lit-sable\/#breadcrumb","itemListElement":[{"@type":"ListItem","position":1,"name":"Page d'accueil","item":"https:\/\/hubsch-interior.com\/fr\/"},{"@type":"ListItem","position":2,"name":"Produits","item":"https:\/\/hubsch-interior.com\/fr\/shop-2\/"},{"@type":"ListItem","position":3,"name":"Sen Couvre-lit Sable"}]},{"@type":"WebSite","@id":"https:\/\/hubsch-interior.com\/fr\/#website","url":"https:\/\/hubsch-interior.com\/fr\/","name":"H\u00fcbsch","description":"Danish Home Interior and Design","publisher":{"@id":"https:\/\/hubsch-interior.com\/fr\/#organization"},"potentialAction":[{"@type":"SearchAction","target":{"@type":"EntryPoint","urlTemplate":"https:\/\/hubsch-interior.com\/fr\/?s={search_term_string}"},"query-input":{"@type":"PropertyValueSpecification","valueRequired":true,"valueName":"search_term_string"}}],"inLanguage":"fr-FR"},{"@type":"Organization","@id":"https:\/\/hubsch-interior.com\/fr\/#organization","name":"H\u00fcbsch","url":"https:\/\/hubsch-interior.com\/fr\/","logo":{"@type":"ImageObject","inLanguage":"fr-FR","@id":"https:\/\/hubsch-interior.com\/fr\/#\/schema\/logo\/image\/","url":"https:\/\/hubsch-interior.com\/wp-content\/uploads\/2022\/12\/Hubsch_logo_black_one_line.svg","contentUrl":"https:\/\/hubsch-interior.com\/wp-content\/uploads\/2022\/12\/Hubsch_logo_black_one_line.svg","caption":"H\u00fcbsch"},"image":{"@id":"https:\/\/hubsch-interior.com\/fr\/#\/schema\/logo\/image\/"}}]}},"_links":{"self":[{"href":"https:\/\/hubsch-interior.com\/fr\/wp-json\/wp\/v2\/product\/1078459","targetHints":{"allow":["GET"]}}],"collection":[{"href":"https:\/\/hubsch-interior.com\/fr\/wp-json\/wp\/v2\/product"}],"about":[{"href":"https:\/\/hubsch-interior.com\/fr\/wp-json\/wp\/v2\/types\/product"}],"wp:featuredmedia":[{"embeddable":true,"href":"https:\/\/hubsch-interior.com\/fr\/wp-json\/wp\/v2\/media\/1100580"}],"wp:attachment":[{"href":"https:\/\/hubsch-interior.com\/fr\/wp-json\/wp\/v2\/media?parent=1078459"}],"wp:term":[{"taxonomy":"product_brand","embeddable":true,"href":"https:\/\/hubsch-interior.com\/fr\/wp-json\/wp\/v2\/product_brand?post=1078459"},{"taxonomy":"product_cat","embeddable":true,"href":"https:\/\/hubsch-interior.com\/fr\/wp-json\/wp\/v2\/product_cat?post=1078459"},{"taxonomy":"product_tag","embeddable":true,"href":"https:\/\/hubsch-interior.com\/fr\/wp-json\/wp\/v2\/product_tag?post=1078459"}],"curies":[{"name":"wp","href":"https:\/\/api.w.org\/{rel}","templated":true}]}}