{"id":1078475,"date":"2026-01-10T04:01:32","date_gmt":"2026-01-10T03:01:32","guid":{"rendered":"https:\/\/hubsch-interior.com\/product\/product\/"},"modified":"2026-04-05T04:43:31","modified_gmt":"2026-04-05T02:43:31","slug":"sen-couvre-lit-bleu-fonce","status":"publish","type":"product","link":"https:\/\/hubsch-interior.com\/fr\/produit\/sen-couvre-lit-bleu-fonce\/","title":{"rendered":"Sen Couvre-lit Bleu fonc\u00e9"},"content":{"rendered":"<p>Profondeur, d\u00e9tail et luxe quotidien. Le Sen Plaid en bleu fonc\u00e9 met en valeur un artisanat exquis de courtepointe fait \u00e0 la main, anim\u00e9 par des contrastes de couleurs audacieux et un rythme graphique. L&#8217;une des deux variantes \u00e9l\u00e9gantes, il est fabriqu\u00e9 en coton certifi\u00e9 OEKO-TEX\u00ae STANDARD 100 pour une sensation douce et s\u00e9curisante qui dure. Utilisez-le pour ajouter de la texture \u00e0 votre lit ou pour transformer votre espace en un refuge calme et cosy. Un g\u00e9n\u00e9reux enveloppement de confort \u2014 fait pour \u00eatre ch\u00e9ri, offert, ou gard\u00e9 enti\u00e8rement pour soi.<\/p>\n","protected":false},"excerpt":{"rendered":"<p>Profondeur, d\u00e9tail et luxe quotidien. Le Sen Plaid en bleu fonc\u00e9 met en valeur un artisanat exquis de courtepointe fait \u00e0 la main, anim\u00e9 par des contrastes de couleurs audacieux et un rythme graphique. L&#8217;une des deux variantes \u00e9l\u00e9gantes, il est fabriqu\u00e9 en coton certifi\u00e9 OEKO-TEX\u00ae STANDARD 100 pour une sensation douce et s\u00e9curisante qui [&hellip;]<\/p>\n","protected":false},"featured_media":1100592,"template":"","meta":{"_acf_changed":false,"inline_featured_image":false},"product_brand":[],"product_cat":[7154,3002,4942,6363,5046],"product_tag":[],"class_list":{"0":"post-1078475","1":"product","2":"type-product","3":"status-publish","4":"has-post-thumbnail","6":"product_cat-dweller-fr","7":"product_cat-textile","8":"product_cat-plaids-fr","9":"product_cat-couvre-lits-fr","10":"product_cat-nouveautes-fr","11":"product_shipping_class-pk","13":"pa_color-bleu-fonc-2","14":"pa_material-cotton-100-fr","16":"first","17":"instock","18":"taxable","19":"shipping-taxable","20":"purchasable","21":"product-type-simple"},"exclude_global_add_ons":[],"addons":[],"acf":[],"yoast_head":"<!-- This site is optimized with the Yoast SEO plugin v26.4 - https:\/\/yoast.com\/wordpress\/plugins\/seo\/ -->\n<title>Sen Couvre-lit Bleu fonc\u00e9 - H\u00fcbsch<\/title>\n<meta name=\"description\" content=\"Profondeur, d\u00e9tail et luxe quotidien. Le Sen Plaid en bleu fonc\u00e9 met en valeur un artisanat exquis de courtepointe fait \u00e0 la main, anim\u00e9 par des\" \/>\n<meta name=\"robots\" content=\"index, follow, max-snippet:-1, max-image-preview:large, max-video-preview:-1\" \/>\n<link rel=\"canonical\" href=\"https:\/\/hubsch-interior.com\/fr\/wp-json\/wp\/v2\/product\/1078475\" \/>\n<meta property=\"og:locale\" content=\"fr_FR\" \/>\n<meta property=\"og:type\" content=\"article\" \/>\n<meta property=\"og:title\" content=\"Sen Couvre-lit Bleu fonc\u00e9 - H\u00fcbsch\" \/>\n<meta property=\"og:description\" content=\"Profondeur, d\u00e9tail et luxe quotidien. Le Sen Plaid en bleu fonc\u00e9 met en valeur un artisanat exquis de courtepointe fait \u00e0 la main, anim\u00e9 par des\" \/>\n<meta property=\"og:url\" content=\"https:\/\/hubsch-interior.com\/fr\/produit\/sen-couvre-lit-bleu-fonce\/\" \/>\n<meta property=\"og:site_name\" content=\"H\u00fcbsch\" \/>\n<meta property=\"article:modified_time\" content=\"2026-04-05T02:43:31+00:00\" \/>\n<meta property=\"og:image\" content=\"https:\/\/hubsch-interior.com\/wp-content\/uploads\/2026\/01\/sen-bedspread-dark-blue-4fef49bbd3b51cef82436b5a2dd02717.jpg\" \/>\n\t<meta property=\"og:image:width\" content=\"1200\" \/>\n\t<meta property=\"og:image:height\" content=\"1200\" \/>\n\t<meta property=\"og:image:type\" content=\"image\/jpeg\" \/>\n<meta name=\"twitter:card\" content=\"summary_large_image\" \/>\n<script type=\"application\/ld+json\" class=\"yoast-schema-graph\">{\"@context\":\"https:\/\/schema.org\",\"@graph\":[{\"@type\":\"WebPage\",\"@id\":\"https:\/\/hubsch-interior.com\/fr\/produit\/sen-couvre-lit-bleu-fonce\/\",\"url\":\"https:\/\/hubsch-interior.com\/fr\/produit\/sen-couvre-lit-bleu-fonce\/\",\"name\":\"Sen Couvre-lit Bleu fonc\u00e9 - H\u00fcbsch\",\"isPartOf\":{\"@id\":\"https:\/\/hubsch-interior.com\/fr\/#website\"},\"primaryImageOfPage\":{\"@id\":\"https:\/\/hubsch-interior.com\/fr\/produit\/sen-couvre-lit-bleu-fonce\/#primaryimage\"},\"image\":{\"@id\":\"https:\/\/hubsch-interior.com\/fr\/produit\/sen-couvre-lit-bleu-fonce\/#primaryimage\"},\"thumbnailUrl\":\"https:\/\/hubsch-interior.com\/wp-content\/uploads\/2026\/02\/sen-bedspread-dark-blue-21223027cb37e8b55408b6c07b21cd9a.jpg\",\"datePublished\":\"2026-01-10T03:01:32+00:00\",\"dateModified\":\"2026-04-05T02:43:31+00:00\",\"description\":\"Profondeur, d\u00e9tail et luxe quotidien. Le Sen Plaid en bleu fonc\u00e9 met en valeur un artisanat exquis de courtepointe fait \u00e0 la main, anim\u00e9 par des\",\"breadcrumb\":{\"@id\":\"https:\/\/hubsch-interior.com\/fr\/produit\/sen-couvre-lit-bleu-fonce\/#breadcrumb\"},\"inLanguage\":\"fr-FR\",\"potentialAction\":[{\"@type\":\"ReadAction\",\"target\":[\"https:\/\/hubsch-interior.com\/fr\/produit\/sen-couvre-lit-bleu-fonce\/\"]}]},{\"@type\":\"ImageObject\",\"inLanguage\":\"fr-FR\",\"@id\":\"https:\/\/hubsch-interior.com\/fr\/produit\/sen-couvre-lit-bleu-fonce\/#primaryimage\",\"url\":\"https:\/\/hubsch-interior.com\/wp-content\/uploads\/2026\/02\/sen-bedspread-dark-blue-21223027cb37e8b55408b6c07b21cd9a.jpg\",\"contentUrl\":\"https:\/\/hubsch-interior.com\/wp-content\/uploads\/2026\/02\/sen-bedspread-dark-blue-21223027cb37e8b55408b6c07b21cd9a.jpg\",\"width\":1024,\"height\":1024},{\"@type\":\"BreadcrumbList\",\"@id\":\"https:\/\/hubsch-interior.com\/fr\/produit\/sen-couvre-lit-bleu-fonce\/#breadcrumb\",\"itemListElement\":[{\"@type\":\"ListItem\",\"position\":1,\"name\":\"Page d'accueil\",\"item\":\"https:\/\/hubsch-interior.com\/fr\/\"},{\"@type\":\"ListItem\",\"position\":2,\"name\":\"Produits\",\"item\":\"https:\/\/hubsch-interior.com\/fr\/shop-2\/\"},{\"@type\":\"ListItem\",\"position\":3,\"name\":\"Sen Couvre-lit Bleu fonc\u00e9\"}]},{\"@type\":\"WebSite\",\"@id\":\"https:\/\/hubsch-interior.com\/fr\/#website\",\"url\":\"https:\/\/hubsch-interior.com\/fr\/\",\"name\":\"H\u00fcbsch\",\"description\":\"Danish Home Interior and Design\",\"publisher\":{\"@id\":\"https:\/\/hubsch-interior.com\/fr\/#organization\"},\"potentialAction\":[{\"@type\":\"SearchAction\",\"target\":{\"@type\":\"EntryPoint\",\"urlTemplate\":\"https:\/\/hubsch-interior.com\/fr\/?s={search_term_string}\"},\"query-input\":{\"@type\":\"PropertyValueSpecification\",\"valueRequired\":true,\"valueName\":\"search_term_string\"}}],\"inLanguage\":\"fr-FR\"},{\"@type\":\"Organization\",\"@id\":\"https:\/\/hubsch-interior.com\/fr\/#organization\",\"name\":\"H\u00fcbsch\",\"url\":\"https:\/\/hubsch-interior.com\/fr\/\",\"logo\":{\"@type\":\"ImageObject\",\"inLanguage\":\"fr-FR\",\"@id\":\"https:\/\/hubsch-interior.com\/fr\/#\/schema\/logo\/image\/\",\"url\":\"https:\/\/hubsch-interior.com\/wp-content\/uploads\/2022\/12\/Hubsch_logo_black_one_line.svg\",\"contentUrl\":\"https:\/\/hubsch-interior.com\/wp-content\/uploads\/2022\/12\/Hubsch_logo_black_one_line.svg\",\"caption\":\"H\u00fcbsch\"},\"image\":{\"@id\":\"https:\/\/hubsch-interior.com\/fr\/#\/schema\/logo\/image\/\"}}]}<\/script>\n<!-- \/ Yoast SEO plugin. -->","yoast_head_json":{"title":"Sen Couvre-lit Bleu fonc\u00e9 - H\u00fcbsch","description":"Profondeur, d\u00e9tail et luxe quotidien. Le Sen Plaid en bleu fonc\u00e9 met en valeur un artisanat exquis de courtepointe fait \u00e0 la main, anim\u00e9 par des","robots":{"index":"index","follow":"follow","max-snippet":"max-snippet:-1","max-image-preview":"max-image-preview:large","max-video-preview":"max-video-preview:-1"},"canonical":"https:\/\/hubsch-interior.com\/fr\/wp-json\/wp\/v2\/product\/1078475","og_locale":"fr_FR","og_type":"article","og_title":"Sen Couvre-lit Bleu fonc\u00e9 - H\u00fcbsch","og_description":"Profondeur, d\u00e9tail et luxe quotidien. Le Sen Plaid en bleu fonc\u00e9 met en valeur un artisanat exquis de courtepointe fait \u00e0 la main, anim\u00e9 par des","og_url":"https:\/\/hubsch-interior.com\/fr\/produit\/sen-couvre-lit-bleu-fonce\/","og_site_name":"H\u00fcbsch","article_modified_time":"2026-04-05T02:43:31+00:00","og_image":[{"width":1200,"height":1200,"url":"https:\/\/hubsch-interior.com\/wp-content\/uploads\/2026\/01\/sen-bedspread-dark-blue-4fef49bbd3b51cef82436b5a2dd02717.jpg","type":"image\/jpeg"}],"twitter_card":"summary_large_image","schema":{"@context":"https:\/\/schema.org","@graph":[{"@type":"WebPage","@id":"https:\/\/hubsch-interior.com\/fr\/produit\/sen-couvre-lit-bleu-fonce\/","url":"https:\/\/hubsch-interior.com\/fr\/produit\/sen-couvre-lit-bleu-fonce\/","name":"Sen Couvre-lit Bleu fonc\u00e9 - H\u00fcbsch","isPartOf":{"@id":"https:\/\/hubsch-interior.com\/fr\/#website"},"primaryImageOfPage":{"@id":"https:\/\/hubsch-interior.com\/fr\/produit\/sen-couvre-lit-bleu-fonce\/#primaryimage"},"image":{"@id":"https:\/\/hubsch-interior.com\/fr\/produit\/sen-couvre-lit-bleu-fonce\/#primaryimage"},"thumbnailUrl":"https:\/\/hubsch-interior.com\/wp-content\/uploads\/2026\/02\/sen-bedspread-dark-blue-21223027cb37e8b55408b6c07b21cd9a.jpg","datePublished":"2026-01-10T03:01:32+00:00","dateModified":"2026-04-05T02:43:31+00:00","description":"Profondeur, d\u00e9tail et luxe quotidien. Le Sen Plaid en bleu fonc\u00e9 met en valeur un artisanat exquis de courtepointe fait \u00e0 la main, anim\u00e9 par des","breadcrumb":{"@id":"https:\/\/hubsch-interior.com\/fr\/produit\/sen-couvre-lit-bleu-fonce\/#breadcrumb"},"inLanguage":"fr-FR","potentialAction":[{"@type":"ReadAction","target":["https:\/\/hubsch-interior.com\/fr\/produit\/sen-couvre-lit-bleu-fonce\/"]}]},{"@type":"ImageObject","inLanguage":"fr-FR","@id":"https:\/\/hubsch-interior.com\/fr\/produit\/sen-couvre-lit-bleu-fonce\/#primaryimage","url":"https:\/\/hubsch-interior.com\/wp-content\/uploads\/2026\/02\/sen-bedspread-dark-blue-21223027cb37e8b55408b6c07b21cd9a.jpg","contentUrl":"https:\/\/hubsch-interior.com\/wp-content\/uploads\/2026\/02\/sen-bedspread-dark-blue-21223027cb37e8b55408b6c07b21cd9a.jpg","width":1024,"height":1024},{"@type":"BreadcrumbList","@id":"https:\/\/hubsch-interior.com\/fr\/produit\/sen-couvre-lit-bleu-fonce\/#breadcrumb","itemListElement":[{"@type":"ListItem","position":1,"name":"Page d'accueil","item":"https:\/\/hubsch-interior.com\/fr\/"},{"@type":"ListItem","position":2,"name":"Produits","item":"https:\/\/hubsch-interior.com\/fr\/shop-2\/"},{"@type":"ListItem","position":3,"name":"Sen Couvre-lit Bleu fonc\u00e9"}]},{"@type":"WebSite","@id":"https:\/\/hubsch-interior.com\/fr\/#website","url":"https:\/\/hubsch-interior.com\/fr\/","name":"H\u00fcbsch","description":"Danish Home Interior and Design","publisher":{"@id":"https:\/\/hubsch-interior.com\/fr\/#organization"},"potentialAction":[{"@type":"SearchAction","target":{"@type":"EntryPoint","urlTemplate":"https:\/\/hubsch-interior.com\/fr\/?s={search_term_string}"},"query-input":{"@type":"PropertyValueSpecification","valueRequired":true,"valueName":"search_term_string"}}],"inLanguage":"fr-FR"},{"@type":"Organization","@id":"https:\/\/hubsch-interior.com\/fr\/#organization","name":"H\u00fcbsch","url":"https:\/\/hubsch-interior.com\/fr\/","logo":{"@type":"ImageObject","inLanguage":"fr-FR","@id":"https:\/\/hubsch-interior.com\/fr\/#\/schema\/logo\/image\/","url":"https:\/\/hubsch-interior.com\/wp-content\/uploads\/2022\/12\/Hubsch_logo_black_one_line.svg","contentUrl":"https:\/\/hubsch-interior.com\/wp-content\/uploads\/2022\/12\/Hubsch_logo_black_one_line.svg","caption":"H\u00fcbsch"},"image":{"@id":"https:\/\/hubsch-interior.com\/fr\/#\/schema\/logo\/image\/"}}]}},"_links":{"self":[{"href":"https:\/\/hubsch-interior.com\/fr\/wp-json\/wp\/v2\/product\/1078475","targetHints":{"allow":["GET"]}}],"collection":[{"href":"https:\/\/hubsch-interior.com\/fr\/wp-json\/wp\/v2\/product"}],"about":[{"href":"https:\/\/hubsch-interior.com\/fr\/wp-json\/wp\/v2\/types\/product"}],"wp:featuredmedia":[{"embeddable":true,"href":"https:\/\/hubsch-interior.com\/fr\/wp-json\/wp\/v2\/media\/1100592"}],"wp:attachment":[{"href":"https:\/\/hubsch-interior.com\/fr\/wp-json\/wp\/v2\/media?parent=1078475"}],"wp:term":[{"taxonomy":"product_brand","embeddable":true,"href":"https:\/\/hubsch-interior.com\/fr\/wp-json\/wp\/v2\/product_brand?post=1078475"},{"taxonomy":"product_cat","embeddable":true,"href":"https:\/\/hubsch-interior.com\/fr\/wp-json\/wp\/v2\/product_cat?post=1078475"},{"taxonomy":"product_tag","embeddable":true,"href":"https:\/\/hubsch-interior.com\/fr\/wp-json\/wp\/v2\/product_tag?post=1078475"}],"curies":[{"name":"wp","href":"https:\/\/api.w.org\/{rel}","templated":true}]}}