{"id":1078487,"date":"2026-01-10T04:01:42","date_gmt":"2026-01-10T03:01:42","guid":{"rendered":"https:\/\/hubsch-interior.com\/product\/product\/"},"modified":"2026-04-05T04:43:34","modified_gmt":"2026-04-05T02:43:34","slug":"flim-tapis-bleu","status":"publish","type":"product","link":"https:\/\/hubsch-interior.com\/fr\/produit\/flim-tapis-bleu\/","title":{"rendered":"Flim Tapis Bleu"},"content":{"rendered":"<p>Ancr\u00e9 dans le calme, \u00e9clat\u00e9 de couleurs. Le Flim Tapis en bleu profond apporte une touche de jeu tout en douceur \u00e0 votre espace, avec des accents bleu-vert qui varient subtilement avec la lumi\u00e8re. Tiss\u00e9 \u00e0 partir de coton certifi\u00e9 OEKO-TEX\u00ae STANDARD 100, il est doux sous les pieds et s\u00fbr pour la vie quotidienne. Sa palette soigneusement \u00e9quilibr\u00e9e se fond sans effort dans une vari\u00e9t\u00e9 d&#8217;int\u00e9rieurs, offrant \u00e0 la fois harmonie et personnalit\u00e9. Utilis\u00e9 comme coureur de couloir ou comme pi\u00e8ce d&#8217;accent, il apporte chaleur, texture et un clin d&#8217;\u0153il subtil de caract\u00e8re.<\/p>\n","protected":false},"excerpt":{"rendered":"<p>Ancr\u00e9 dans le calme, \u00e9clat\u00e9 de couleurs. Le Flim Tapis en bleu profond apporte une touche de jeu tout en douceur \u00e0 votre espace, avec des accents bleu-vert qui varient subtilement avec la lumi\u00e8re. Tiss\u00e9 \u00e0 partir de coton certifi\u00e9 OEKO-TEX\u00ae STANDARD 100, il est doux sous les pieds et s\u00fbr pour la vie quotidienne. [&hellip;]<\/p>\n","protected":false},"featured_media":1100608,"template":"","meta":{"_acf_changed":false,"inline_featured_image":false},"product_brand":[],"product_cat":[7154,3002,3324,5046],"product_tag":[],"class_list":{"0":"post-1078487","1":"product","2":"type-product","3":"status-publish","4":"has-post-thumbnail","6":"product_cat-dweller-fr","7":"product_cat-textile","8":"product_cat-tapis-fr","9":"product_cat-nouveautes-fr","10":"product_shipping_class-pk","12":"pa_color-bleu-2","13":"pa_material-cotton-100-fr","15":"first","16":"instock","17":"taxable","18":"shipping-taxable","19":"purchasable","20":"product-type-simple"},"exclude_global_add_ons":[],"addons":[],"acf":[],"yoast_head":"<!-- This site is optimized with the Yoast SEO plugin v26.4 - https:\/\/yoast.com\/wordpress\/plugins\/seo\/ -->\n<title>Flim Tapis Bleu - H\u00fcbsch<\/title>\n<meta name=\"description\" content=\"Ancr\u00e9 dans le calme, \u00e9clat\u00e9 de couleurs. Le Flim Tapis en bleu profond apporte une touche de jeu tout en douceur \u00e0 votre espace, avec des accents\" \/>\n<meta name=\"robots\" content=\"index, follow, max-snippet:-1, max-image-preview:large, max-video-preview:-1\" \/>\n<link rel=\"canonical\" href=\"https:\/\/hubsch-interior.com\/fr\/wp-json\/wp\/v2\/product\/1078487\" \/>\n<meta property=\"og:locale\" content=\"fr_FR\" \/>\n<meta property=\"og:type\" content=\"article\" \/>\n<meta property=\"og:title\" content=\"Flim Tapis Bleu - H\u00fcbsch\" \/>\n<meta property=\"og:description\" content=\"Ancr\u00e9 dans le calme, \u00e9clat\u00e9 de couleurs. Le Flim Tapis en bleu profond apporte une touche de jeu tout en douceur \u00e0 votre espace, avec des accents\" \/>\n<meta property=\"og:url\" content=\"https:\/\/hubsch-interior.com\/fr\/produit\/flim-tapis-bleu\/\" \/>\n<meta property=\"og:site_name\" content=\"H\u00fcbsch\" \/>\n<meta property=\"article:modified_time\" content=\"2026-04-05T02:43:34+00:00\" \/>\n<meta property=\"og:image\" content=\"https:\/\/hubsch-interior.com\/wp-content\/uploads\/2026\/01\/flim-rug-blue-c0244e84961aa364a8409d35455143e1.jpg\" \/>\n\t<meta property=\"og:image:width\" content=\"1200\" \/>\n\t<meta property=\"og:image:height\" content=\"1200\" \/>\n\t<meta property=\"og:image:type\" content=\"image\/jpeg\" \/>\n<meta name=\"twitter:card\" content=\"summary_large_image\" \/>\n<script type=\"application\/ld+json\" class=\"yoast-schema-graph\">{\"@context\":\"https:\/\/schema.org\",\"@graph\":[{\"@type\":\"WebPage\",\"@id\":\"https:\/\/hubsch-interior.com\/fr\/produit\/flim-tapis-bleu\/\",\"url\":\"https:\/\/hubsch-interior.com\/fr\/produit\/flim-tapis-bleu\/\",\"name\":\"Flim Tapis Bleu - H\u00fcbsch\",\"isPartOf\":{\"@id\":\"https:\/\/hubsch-interior.com\/fr\/#website\"},\"primaryImageOfPage\":{\"@id\":\"https:\/\/hubsch-interior.com\/fr\/produit\/flim-tapis-bleu\/#primaryimage\"},\"image\":{\"@id\":\"https:\/\/hubsch-interior.com\/fr\/produit\/flim-tapis-bleu\/#primaryimage\"},\"thumbnailUrl\":\"https:\/\/hubsch-interior.com\/wp-content\/uploads\/2026\/02\/flim-rug-blue-b75cf16017eefea5241fd7a37b9ad650.jpg\",\"datePublished\":\"2026-01-10T03:01:42+00:00\",\"dateModified\":\"2026-04-05T02:43:34+00:00\",\"description\":\"Ancr\u00e9 dans le calme, \u00e9clat\u00e9 de couleurs. Le Flim Tapis en bleu profond apporte une touche de jeu tout en douceur \u00e0 votre espace, avec des accents\",\"breadcrumb\":{\"@id\":\"https:\/\/hubsch-interior.com\/fr\/produit\/flim-tapis-bleu\/#breadcrumb\"},\"inLanguage\":\"fr-FR\",\"potentialAction\":[{\"@type\":\"ReadAction\",\"target\":[\"https:\/\/hubsch-interior.com\/fr\/produit\/flim-tapis-bleu\/\"]}]},{\"@type\":\"ImageObject\",\"inLanguage\":\"fr-FR\",\"@id\":\"https:\/\/hubsch-interior.com\/fr\/produit\/flim-tapis-bleu\/#primaryimage\",\"url\":\"https:\/\/hubsch-interior.com\/wp-content\/uploads\/2026\/02\/flim-rug-blue-b75cf16017eefea5241fd7a37b9ad650.jpg\",\"contentUrl\":\"https:\/\/hubsch-interior.com\/wp-content\/uploads\/2026\/02\/flim-rug-blue-b75cf16017eefea5241fd7a37b9ad650.jpg\",\"width\":1024,\"height\":1024},{\"@type\":\"BreadcrumbList\",\"@id\":\"https:\/\/hubsch-interior.com\/fr\/produit\/flim-tapis-bleu\/#breadcrumb\",\"itemListElement\":[{\"@type\":\"ListItem\",\"position\":1,\"name\":\"Page d'accueil\",\"item\":\"https:\/\/hubsch-interior.com\/fr\/\"},{\"@type\":\"ListItem\",\"position\":2,\"name\":\"Produits\",\"item\":\"https:\/\/hubsch-interior.com\/fr\/shop-2\/\"},{\"@type\":\"ListItem\",\"position\":3,\"name\":\"Flim Tapis Bleu\"}]},{\"@type\":\"WebSite\",\"@id\":\"https:\/\/hubsch-interior.com\/fr\/#website\",\"url\":\"https:\/\/hubsch-interior.com\/fr\/\",\"name\":\"H\u00fcbsch\",\"description\":\"Danish Home Interior and Design\",\"publisher\":{\"@id\":\"https:\/\/hubsch-interior.com\/fr\/#organization\"},\"potentialAction\":[{\"@type\":\"SearchAction\",\"target\":{\"@type\":\"EntryPoint\",\"urlTemplate\":\"https:\/\/hubsch-interior.com\/fr\/?s={search_term_string}\"},\"query-input\":{\"@type\":\"PropertyValueSpecification\",\"valueRequired\":true,\"valueName\":\"search_term_string\"}}],\"inLanguage\":\"fr-FR\"},{\"@type\":\"Organization\",\"@id\":\"https:\/\/hubsch-interior.com\/fr\/#organization\",\"name\":\"H\u00fcbsch\",\"url\":\"https:\/\/hubsch-interior.com\/fr\/\",\"logo\":{\"@type\":\"ImageObject\",\"inLanguage\":\"fr-FR\",\"@id\":\"https:\/\/hubsch-interior.com\/fr\/#\/schema\/logo\/image\/\",\"url\":\"https:\/\/hubsch-interior.com\/wp-content\/uploads\/2022\/12\/Hubsch_logo_black_one_line.svg\",\"contentUrl\":\"https:\/\/hubsch-interior.com\/wp-content\/uploads\/2022\/12\/Hubsch_logo_black_one_line.svg\",\"caption\":\"H\u00fcbsch\"},\"image\":{\"@id\":\"https:\/\/hubsch-interior.com\/fr\/#\/schema\/logo\/image\/\"}}]}<\/script>\n<!-- \/ Yoast SEO plugin. -->","yoast_head_json":{"title":"Flim Tapis Bleu - H\u00fcbsch","description":"Ancr\u00e9 dans le calme, \u00e9clat\u00e9 de couleurs. Le Flim Tapis en bleu profond apporte une touche de jeu tout en douceur \u00e0 votre espace, avec des accents","robots":{"index":"index","follow":"follow","max-snippet":"max-snippet:-1","max-image-preview":"max-image-preview:large","max-video-preview":"max-video-preview:-1"},"canonical":"https:\/\/hubsch-interior.com\/fr\/wp-json\/wp\/v2\/product\/1078487","og_locale":"fr_FR","og_type":"article","og_title":"Flim Tapis Bleu - H\u00fcbsch","og_description":"Ancr\u00e9 dans le calme, \u00e9clat\u00e9 de couleurs. Le Flim Tapis en bleu profond apporte une touche de jeu tout en douceur \u00e0 votre espace, avec des accents","og_url":"https:\/\/hubsch-interior.com\/fr\/produit\/flim-tapis-bleu\/","og_site_name":"H\u00fcbsch","article_modified_time":"2026-04-05T02:43:34+00:00","og_image":[{"width":1200,"height":1200,"url":"https:\/\/hubsch-interior.com\/wp-content\/uploads\/2026\/01\/flim-rug-blue-c0244e84961aa364a8409d35455143e1.jpg","type":"image\/jpeg"}],"twitter_card":"summary_large_image","schema":{"@context":"https:\/\/schema.org","@graph":[{"@type":"WebPage","@id":"https:\/\/hubsch-interior.com\/fr\/produit\/flim-tapis-bleu\/","url":"https:\/\/hubsch-interior.com\/fr\/produit\/flim-tapis-bleu\/","name":"Flim Tapis Bleu - H\u00fcbsch","isPartOf":{"@id":"https:\/\/hubsch-interior.com\/fr\/#website"},"primaryImageOfPage":{"@id":"https:\/\/hubsch-interior.com\/fr\/produit\/flim-tapis-bleu\/#primaryimage"},"image":{"@id":"https:\/\/hubsch-interior.com\/fr\/produit\/flim-tapis-bleu\/#primaryimage"},"thumbnailUrl":"https:\/\/hubsch-interior.com\/wp-content\/uploads\/2026\/02\/flim-rug-blue-b75cf16017eefea5241fd7a37b9ad650.jpg","datePublished":"2026-01-10T03:01:42+00:00","dateModified":"2026-04-05T02:43:34+00:00","description":"Ancr\u00e9 dans le calme, \u00e9clat\u00e9 de couleurs. Le Flim Tapis en bleu profond apporte une touche de jeu tout en douceur \u00e0 votre espace, avec des accents","breadcrumb":{"@id":"https:\/\/hubsch-interior.com\/fr\/produit\/flim-tapis-bleu\/#breadcrumb"},"inLanguage":"fr-FR","potentialAction":[{"@type":"ReadAction","target":["https:\/\/hubsch-interior.com\/fr\/produit\/flim-tapis-bleu\/"]}]},{"@type":"ImageObject","inLanguage":"fr-FR","@id":"https:\/\/hubsch-interior.com\/fr\/produit\/flim-tapis-bleu\/#primaryimage","url":"https:\/\/hubsch-interior.com\/wp-content\/uploads\/2026\/02\/flim-rug-blue-b75cf16017eefea5241fd7a37b9ad650.jpg","contentUrl":"https:\/\/hubsch-interior.com\/wp-content\/uploads\/2026\/02\/flim-rug-blue-b75cf16017eefea5241fd7a37b9ad650.jpg","width":1024,"height":1024},{"@type":"BreadcrumbList","@id":"https:\/\/hubsch-interior.com\/fr\/produit\/flim-tapis-bleu\/#breadcrumb","itemListElement":[{"@type":"ListItem","position":1,"name":"Page d'accueil","item":"https:\/\/hubsch-interior.com\/fr\/"},{"@type":"ListItem","position":2,"name":"Produits","item":"https:\/\/hubsch-interior.com\/fr\/shop-2\/"},{"@type":"ListItem","position":3,"name":"Flim Tapis Bleu"}]},{"@type":"WebSite","@id":"https:\/\/hubsch-interior.com\/fr\/#website","url":"https:\/\/hubsch-interior.com\/fr\/","name":"H\u00fcbsch","description":"Danish Home Interior and Design","publisher":{"@id":"https:\/\/hubsch-interior.com\/fr\/#organization"},"potentialAction":[{"@type":"SearchAction","target":{"@type":"EntryPoint","urlTemplate":"https:\/\/hubsch-interior.com\/fr\/?s={search_term_string}"},"query-input":{"@type":"PropertyValueSpecification","valueRequired":true,"valueName":"search_term_string"}}],"inLanguage":"fr-FR"},{"@type":"Organization","@id":"https:\/\/hubsch-interior.com\/fr\/#organization","name":"H\u00fcbsch","url":"https:\/\/hubsch-interior.com\/fr\/","logo":{"@type":"ImageObject","inLanguage":"fr-FR","@id":"https:\/\/hubsch-interior.com\/fr\/#\/schema\/logo\/image\/","url":"https:\/\/hubsch-interior.com\/wp-content\/uploads\/2022\/12\/Hubsch_logo_black_one_line.svg","contentUrl":"https:\/\/hubsch-interior.com\/wp-content\/uploads\/2022\/12\/Hubsch_logo_black_one_line.svg","caption":"H\u00fcbsch"},"image":{"@id":"https:\/\/hubsch-interior.com\/fr\/#\/schema\/logo\/image\/"}}]}},"_links":{"self":[{"href":"https:\/\/hubsch-interior.com\/fr\/wp-json\/wp\/v2\/product\/1078487","targetHints":{"allow":["GET"]}}],"collection":[{"href":"https:\/\/hubsch-interior.com\/fr\/wp-json\/wp\/v2\/product"}],"about":[{"href":"https:\/\/hubsch-interior.com\/fr\/wp-json\/wp\/v2\/types\/product"}],"wp:featuredmedia":[{"embeddable":true,"href":"https:\/\/hubsch-interior.com\/fr\/wp-json\/wp\/v2\/media\/1100608"}],"wp:attachment":[{"href":"https:\/\/hubsch-interior.com\/fr\/wp-json\/wp\/v2\/media?parent=1078487"}],"wp:term":[{"taxonomy":"product_brand","embeddable":true,"href":"https:\/\/hubsch-interior.com\/fr\/wp-json\/wp\/v2\/product_brand?post=1078487"},{"taxonomy":"product_cat","embeddable":true,"href":"https:\/\/hubsch-interior.com\/fr\/wp-json\/wp\/v2\/product_cat?post=1078487"},{"taxonomy":"product_tag","embeddable":true,"href":"https:\/\/hubsch-interior.com\/fr\/wp-json\/wp\/v2\/product_tag?post=1078487"}],"curies":[{"name":"wp","href":"https:\/\/api.w.org\/{rel}","templated":true}]}}