{"id":1078507,"date":"2026-01-10T04:01:52","date_gmt":"2026-01-10T03:01:52","guid":{"rendered":"https:\/\/hubsch-interior.com\/product\/product\/"},"modified":"2026-04-05T04:43:37","modified_gmt":"2026-04-05T02:43:37","slug":"cottage-tapis-de-riviere-marron","status":"publish","type":"product","link":"https:\/\/hubsch-interior.com\/fr\/produit\/cottage-tapis-de-riviere-marron\/","title":{"rendered":"Cottage Tapis de rivi\u00e8re Marron"},"content":{"rendered":"<p>Un pas doux vers le confort. Le Cottage Tapis de rivi\u00e8re en brun riche apporte chaleur et caract\u00e8re \u00e0 votre espace, avec un motif graphique audacieux qui ajoute de la couleur discr\u00e8te et du charme. Fabriqu\u00e9 en coton certifi\u00e9 OEKO-TEX\u00ae STANDARD 100, il est doux sous les pieds et con\u00e7u avec soin pour la vie quotidienne. Id\u00e9al pour \u00e9clairer les couloirs ou encadrer votre coin pr\u00e9f\u00e9r\u00e9, ce tapis rend chaque entr\u00e9e accueillante comme \u00e0 la maison \u2014 avec un peu plus d&#8217;\u00e2me \u00e0 chaque pas.<\/p>\n","protected":false},"excerpt":{"rendered":"<p>Un pas doux vers le confort. Le Cottage Tapis de rivi\u00e8re en brun riche apporte chaleur et caract\u00e8re \u00e0 votre espace, avec un motif graphique audacieux qui ajoute de la couleur discr\u00e8te et du charme. Fabriqu\u00e9 en coton certifi\u00e9 OEKO-TEX\u00ae STANDARD 100, il est doux sous les pieds et con\u00e7u avec soin pour la vie [&hellip;]<\/p>\n","protected":false},"featured_media":1100616,"template":"","meta":{"_acf_changed":false,"inline_featured_image":false},"product_brand":[],"product_cat":[7154,3002,3324,5046],"product_tag":[],"class_list":{"0":"post-1078507","1":"product","2":"type-product","3":"status-publish","4":"has-post-thumbnail","6":"product_cat-dweller-fr","7":"product_cat-textile","8":"product_cat-tapis-fr","9":"product_cat-nouveautes-fr","10":"product_shipping_class-pk","12":"pa_color-marron","13":"pa_material-cotton-100-fr","15":"first","16":"instock","17":"taxable","18":"shipping-taxable","19":"purchasable","20":"product-type-simple"},"exclude_global_add_ons":[],"addons":[],"acf":[],"yoast_head":"<!-- This site is optimized with the Yoast SEO plugin v26.4 - https:\/\/yoast.com\/wordpress\/plugins\/seo\/ -->\n<title>Cottage Tapis de rivi\u00e8re Marron - H\u00fcbsch<\/title>\n<meta name=\"description\" content=\"Un pas doux vers le confort. Le Cottage Tapis de rivi\u00e8re en brun riche apporte chaleur et caract\u00e8re \u00e0 votre espace, avec un motif graphique audacieux qui\" \/>\n<meta name=\"robots\" content=\"index, follow, max-snippet:-1, max-image-preview:large, max-video-preview:-1\" \/>\n<link rel=\"canonical\" href=\"https:\/\/hubsch-interior.com\/fr\/wp-json\/wp\/v2\/product\/1078507\" \/>\n<meta property=\"og:locale\" content=\"fr_FR\" \/>\n<meta property=\"og:type\" content=\"article\" \/>\n<meta property=\"og:title\" content=\"Cottage Tapis de rivi\u00e8re Marron - H\u00fcbsch\" \/>\n<meta property=\"og:description\" content=\"Un pas doux vers le confort. Le Cottage Tapis de rivi\u00e8re en brun riche apporte chaleur et caract\u00e8re \u00e0 votre espace, avec un motif graphique audacieux qui\" \/>\n<meta property=\"og:url\" content=\"https:\/\/hubsch-interior.com\/fr\/produit\/cottage-tapis-de-riviere-marron\/\" \/>\n<meta property=\"og:site_name\" content=\"H\u00fcbsch\" \/>\n<meta property=\"article:modified_time\" content=\"2026-04-05T02:43:37+00:00\" \/>\n<meta property=\"og:image\" content=\"https:\/\/hubsch-interior.com\/wp-content\/uploads\/2026\/01\/cottage-runner-brown-fdc2054f68bbf78cadd95d24afe16a40.jpg\" \/>\n\t<meta property=\"og:image:width\" content=\"1200\" \/>\n\t<meta property=\"og:image:height\" content=\"1200\" \/>\n\t<meta property=\"og:image:type\" content=\"image\/jpeg\" \/>\n<meta name=\"twitter:card\" content=\"summary_large_image\" \/>\n<script type=\"application\/ld+json\" class=\"yoast-schema-graph\">{\"@context\":\"https:\/\/schema.org\",\"@graph\":[{\"@type\":\"WebPage\",\"@id\":\"https:\/\/hubsch-interior.com\/fr\/produit\/cottage-tapis-de-riviere-marron\/\",\"url\":\"https:\/\/hubsch-interior.com\/fr\/produit\/cottage-tapis-de-riviere-marron\/\",\"name\":\"Cottage Tapis de rivi\u00e8re Marron - H\u00fcbsch\",\"isPartOf\":{\"@id\":\"https:\/\/hubsch-interior.com\/fr\/#website\"},\"primaryImageOfPage\":{\"@id\":\"https:\/\/hubsch-interior.com\/fr\/produit\/cottage-tapis-de-riviere-marron\/#primaryimage\"},\"image\":{\"@id\":\"https:\/\/hubsch-interior.com\/fr\/produit\/cottage-tapis-de-riviere-marron\/#primaryimage\"},\"thumbnailUrl\":\"https:\/\/hubsch-interior.com\/wp-content\/uploads\/2026\/02\/cottage-runner-brown-f254053ec33b0ad7e983f5e99a13bed0.jpg\",\"datePublished\":\"2026-01-10T03:01:52+00:00\",\"dateModified\":\"2026-04-05T02:43:37+00:00\",\"description\":\"Un pas doux vers le confort. Le Cottage Tapis de rivi\u00e8re en brun riche apporte chaleur et caract\u00e8re \u00e0 votre espace, avec un motif graphique audacieux qui\",\"breadcrumb\":{\"@id\":\"https:\/\/hubsch-interior.com\/fr\/produit\/cottage-tapis-de-riviere-marron\/#breadcrumb\"},\"inLanguage\":\"fr-FR\",\"potentialAction\":[{\"@type\":\"ReadAction\",\"target\":[\"https:\/\/hubsch-interior.com\/fr\/produit\/cottage-tapis-de-riviere-marron\/\"]}]},{\"@type\":\"ImageObject\",\"inLanguage\":\"fr-FR\",\"@id\":\"https:\/\/hubsch-interior.com\/fr\/produit\/cottage-tapis-de-riviere-marron\/#primaryimage\",\"url\":\"https:\/\/hubsch-interior.com\/wp-content\/uploads\/2026\/02\/cottage-runner-brown-f254053ec33b0ad7e983f5e99a13bed0.jpg\",\"contentUrl\":\"https:\/\/hubsch-interior.com\/wp-content\/uploads\/2026\/02\/cottage-runner-brown-f254053ec33b0ad7e983f5e99a13bed0.jpg\",\"width\":1024,\"height\":1024},{\"@type\":\"BreadcrumbList\",\"@id\":\"https:\/\/hubsch-interior.com\/fr\/produit\/cottage-tapis-de-riviere-marron\/#breadcrumb\",\"itemListElement\":[{\"@type\":\"ListItem\",\"position\":1,\"name\":\"Page d'accueil\",\"item\":\"https:\/\/hubsch-interior.com\/fr\/\"},{\"@type\":\"ListItem\",\"position\":2,\"name\":\"Produits\",\"item\":\"https:\/\/hubsch-interior.com\/fr\/shop-2\/\"},{\"@type\":\"ListItem\",\"position\":3,\"name\":\"Cottage Tapis de rivi\u00e8re Marron\"}]},{\"@type\":\"WebSite\",\"@id\":\"https:\/\/hubsch-interior.com\/fr\/#website\",\"url\":\"https:\/\/hubsch-interior.com\/fr\/\",\"name\":\"H\u00fcbsch\",\"description\":\"Danish Home Interior and Design\",\"publisher\":{\"@id\":\"https:\/\/hubsch-interior.com\/fr\/#organization\"},\"potentialAction\":[{\"@type\":\"SearchAction\",\"target\":{\"@type\":\"EntryPoint\",\"urlTemplate\":\"https:\/\/hubsch-interior.com\/fr\/?s={search_term_string}\"},\"query-input\":{\"@type\":\"PropertyValueSpecification\",\"valueRequired\":true,\"valueName\":\"search_term_string\"}}],\"inLanguage\":\"fr-FR\"},{\"@type\":\"Organization\",\"@id\":\"https:\/\/hubsch-interior.com\/fr\/#organization\",\"name\":\"H\u00fcbsch\",\"url\":\"https:\/\/hubsch-interior.com\/fr\/\",\"logo\":{\"@type\":\"ImageObject\",\"inLanguage\":\"fr-FR\",\"@id\":\"https:\/\/hubsch-interior.com\/fr\/#\/schema\/logo\/image\/\",\"url\":\"https:\/\/hubsch-interior.com\/wp-content\/uploads\/2022\/12\/Hubsch_logo_black_one_line.svg\",\"contentUrl\":\"https:\/\/hubsch-interior.com\/wp-content\/uploads\/2022\/12\/Hubsch_logo_black_one_line.svg\",\"caption\":\"H\u00fcbsch\"},\"image\":{\"@id\":\"https:\/\/hubsch-interior.com\/fr\/#\/schema\/logo\/image\/\"}}]}<\/script>\n<!-- \/ Yoast SEO plugin. -->","yoast_head_json":{"title":"Cottage Tapis de rivi\u00e8re Marron - H\u00fcbsch","description":"Un pas doux vers le confort. Le Cottage Tapis de rivi\u00e8re en brun riche apporte chaleur et caract\u00e8re \u00e0 votre espace, avec un motif graphique audacieux qui","robots":{"index":"index","follow":"follow","max-snippet":"max-snippet:-1","max-image-preview":"max-image-preview:large","max-video-preview":"max-video-preview:-1"},"canonical":"https:\/\/hubsch-interior.com\/fr\/wp-json\/wp\/v2\/product\/1078507","og_locale":"fr_FR","og_type":"article","og_title":"Cottage Tapis de rivi\u00e8re Marron - H\u00fcbsch","og_description":"Un pas doux vers le confort. Le Cottage Tapis de rivi\u00e8re en brun riche apporte chaleur et caract\u00e8re \u00e0 votre espace, avec un motif graphique audacieux qui","og_url":"https:\/\/hubsch-interior.com\/fr\/produit\/cottage-tapis-de-riviere-marron\/","og_site_name":"H\u00fcbsch","article_modified_time":"2026-04-05T02:43:37+00:00","og_image":[{"width":1200,"height":1200,"url":"https:\/\/hubsch-interior.com\/wp-content\/uploads\/2026\/01\/cottage-runner-brown-fdc2054f68bbf78cadd95d24afe16a40.jpg","type":"image\/jpeg"}],"twitter_card":"summary_large_image","schema":{"@context":"https:\/\/schema.org","@graph":[{"@type":"WebPage","@id":"https:\/\/hubsch-interior.com\/fr\/produit\/cottage-tapis-de-riviere-marron\/","url":"https:\/\/hubsch-interior.com\/fr\/produit\/cottage-tapis-de-riviere-marron\/","name":"Cottage Tapis de rivi\u00e8re Marron - H\u00fcbsch","isPartOf":{"@id":"https:\/\/hubsch-interior.com\/fr\/#website"},"primaryImageOfPage":{"@id":"https:\/\/hubsch-interior.com\/fr\/produit\/cottage-tapis-de-riviere-marron\/#primaryimage"},"image":{"@id":"https:\/\/hubsch-interior.com\/fr\/produit\/cottage-tapis-de-riviere-marron\/#primaryimage"},"thumbnailUrl":"https:\/\/hubsch-interior.com\/wp-content\/uploads\/2026\/02\/cottage-runner-brown-f254053ec33b0ad7e983f5e99a13bed0.jpg","datePublished":"2026-01-10T03:01:52+00:00","dateModified":"2026-04-05T02:43:37+00:00","description":"Un pas doux vers le confort. Le Cottage Tapis de rivi\u00e8re en brun riche apporte chaleur et caract\u00e8re \u00e0 votre espace, avec un motif graphique audacieux qui","breadcrumb":{"@id":"https:\/\/hubsch-interior.com\/fr\/produit\/cottage-tapis-de-riviere-marron\/#breadcrumb"},"inLanguage":"fr-FR","potentialAction":[{"@type":"ReadAction","target":["https:\/\/hubsch-interior.com\/fr\/produit\/cottage-tapis-de-riviere-marron\/"]}]},{"@type":"ImageObject","inLanguage":"fr-FR","@id":"https:\/\/hubsch-interior.com\/fr\/produit\/cottage-tapis-de-riviere-marron\/#primaryimage","url":"https:\/\/hubsch-interior.com\/wp-content\/uploads\/2026\/02\/cottage-runner-brown-f254053ec33b0ad7e983f5e99a13bed0.jpg","contentUrl":"https:\/\/hubsch-interior.com\/wp-content\/uploads\/2026\/02\/cottage-runner-brown-f254053ec33b0ad7e983f5e99a13bed0.jpg","width":1024,"height":1024},{"@type":"BreadcrumbList","@id":"https:\/\/hubsch-interior.com\/fr\/produit\/cottage-tapis-de-riviere-marron\/#breadcrumb","itemListElement":[{"@type":"ListItem","position":1,"name":"Page d'accueil","item":"https:\/\/hubsch-interior.com\/fr\/"},{"@type":"ListItem","position":2,"name":"Produits","item":"https:\/\/hubsch-interior.com\/fr\/shop-2\/"},{"@type":"ListItem","position":3,"name":"Cottage Tapis de rivi\u00e8re Marron"}]},{"@type":"WebSite","@id":"https:\/\/hubsch-interior.com\/fr\/#website","url":"https:\/\/hubsch-interior.com\/fr\/","name":"H\u00fcbsch","description":"Danish Home Interior and Design","publisher":{"@id":"https:\/\/hubsch-interior.com\/fr\/#organization"},"potentialAction":[{"@type":"SearchAction","target":{"@type":"EntryPoint","urlTemplate":"https:\/\/hubsch-interior.com\/fr\/?s={search_term_string}"},"query-input":{"@type":"PropertyValueSpecification","valueRequired":true,"valueName":"search_term_string"}}],"inLanguage":"fr-FR"},{"@type":"Organization","@id":"https:\/\/hubsch-interior.com\/fr\/#organization","name":"H\u00fcbsch","url":"https:\/\/hubsch-interior.com\/fr\/","logo":{"@type":"ImageObject","inLanguage":"fr-FR","@id":"https:\/\/hubsch-interior.com\/fr\/#\/schema\/logo\/image\/","url":"https:\/\/hubsch-interior.com\/wp-content\/uploads\/2022\/12\/Hubsch_logo_black_one_line.svg","contentUrl":"https:\/\/hubsch-interior.com\/wp-content\/uploads\/2022\/12\/Hubsch_logo_black_one_line.svg","caption":"H\u00fcbsch"},"image":{"@id":"https:\/\/hubsch-interior.com\/fr\/#\/schema\/logo\/image\/"}}]}},"_links":{"self":[{"href":"https:\/\/hubsch-interior.com\/fr\/wp-json\/wp\/v2\/product\/1078507","targetHints":{"allow":["GET"]}}],"collection":[{"href":"https:\/\/hubsch-interior.com\/fr\/wp-json\/wp\/v2\/product"}],"about":[{"href":"https:\/\/hubsch-interior.com\/fr\/wp-json\/wp\/v2\/types\/product"}],"wp:featuredmedia":[{"embeddable":true,"href":"https:\/\/hubsch-interior.com\/fr\/wp-json\/wp\/v2\/media\/1100616"}],"wp:attachment":[{"href":"https:\/\/hubsch-interior.com\/fr\/wp-json\/wp\/v2\/media?parent=1078507"}],"wp:term":[{"taxonomy":"product_brand","embeddable":true,"href":"https:\/\/hubsch-interior.com\/fr\/wp-json\/wp\/v2\/product_brand?post=1078507"},{"taxonomy":"product_cat","embeddable":true,"href":"https:\/\/hubsch-interior.com\/fr\/wp-json\/wp\/v2\/product_cat?post=1078507"},{"taxonomy":"product_tag","embeddable":true,"href":"https:\/\/hubsch-interior.com\/fr\/wp-json\/wp\/v2\/product_tag?post=1078507"}],"curies":[{"name":"wp","href":"https:\/\/api.w.org\/{rel}","templated":true}]}}