{"id":1078531,"date":"2026-01-10T04:02:04","date_gmt":"2026-01-10T03:02:04","guid":{"rendered":"https:\/\/hubsch-interior.com\/product\/product\/"},"modified":"2026-04-06T04:42:27","modified_gmt":"2026-04-06T02:42:27","slug":"morph-coussin-marron","status":"publish","type":"product","link":"https:\/\/hubsch-interior.com\/fr\/produit\/morph-coussin-marron\/","title":{"rendered":"Morph Coussin Marron"},"content":{"rendered":"<p>Texture, tonalit\u00e9 et une petite transformation. Le Morph Coussin en brun chaleureux apporte une \u00e9nergie graphique et une richesse tiss\u00e9e qui dynamise votre espace. Fabriqu\u00e9 \u00e0 partir de coton tiss\u00e9 serr\u00e9, certifi\u00e9 OEKO-TEX\u00ae STANDARD 100, il offre un confort fiable et une qualit\u00e9 palpable. Son motif audacieux et sa palette terreuse se marient \u00e0 merveille avec des tons unis, cr\u00e9ant un contraste \u00e0 la fois vivant et \u00e9quilibr\u00e9. L&#8217;un des quatre variantes frappantes \u2014 parfait pour m\u00e9langer, assortir et donner \u00e0 votre canap\u00e9 une sensation de nouveaut\u00e9.<\/p>\n","protected":false},"excerpt":{"rendered":"<p>Texture, tonalit\u00e9 et une petite transformation. Le Morph Coussin en brun chaleureux apporte une \u00e9nergie graphique et une richesse tiss\u00e9e qui dynamise votre espace. Fabriqu\u00e9 \u00e0 partir de coton tiss\u00e9 serr\u00e9, certifi\u00e9 OEKO-TEX\u00ae STANDARD 100, il offre un confort fiable et une qualit\u00e9 palpable. Son motif audacieux et sa palette terreuse se marient \u00e0 merveille [&hellip;]<\/p>\n","protected":false},"featured_media":1100632,"template":"","meta":{"_acf_changed":false,"inline_featured_image":false},"product_brand":[],"product_cat":[7154,3002,3003,5046],"product_tag":[],"class_list":{"0":"post-1078531","1":"product","2":"type-product","3":"status-publish","4":"has-post-thumbnail","6":"product_cat-dweller-fr","7":"product_cat-textile","8":"product_cat-coussins-fr","9":"product_cat-nouveautes-fr","10":"product_shipping_class-pk","12":"pa_color-marron","13":"pa_material-cotton-100-fr","15":"first","16":"instock","17":"taxable","18":"shipping-taxable","19":"purchasable","20":"product-type-simple"},"exclude_global_add_ons":[],"addons":[],"acf":[],"yoast_head":"<!-- This site is optimized with the Yoast SEO plugin v26.4 - https:\/\/yoast.com\/wordpress\/plugins\/seo\/ -->\n<title>Morph Coussin Marron - H\u00fcbsch<\/title>\n<meta name=\"description\" content=\"Texture, tonalit\u00e9 et une petite transformation. Le Morph Coussin en brun chaleureux apporte une \u00e9nergie graphique et une richesse tiss\u00e9e qui dynamise\" \/>\n<meta name=\"robots\" content=\"index, follow, max-snippet:-1, max-image-preview:large, max-video-preview:-1\" \/>\n<link rel=\"canonical\" href=\"https:\/\/hubsch-interior.com\/fr\/wp-json\/wp\/v2\/product\/1078531\" \/>\n<meta property=\"og:locale\" content=\"fr_FR\" \/>\n<meta property=\"og:type\" content=\"article\" \/>\n<meta property=\"og:title\" content=\"Morph Coussin Marron - H\u00fcbsch\" \/>\n<meta property=\"og:description\" content=\"Texture, tonalit\u00e9 et une petite transformation. Le Morph Coussin en brun chaleureux apporte une \u00e9nergie graphique et une richesse tiss\u00e9e qui dynamise\" \/>\n<meta property=\"og:url\" content=\"https:\/\/hubsch-interior.com\/fr\/produit\/morph-coussin-marron\/\" \/>\n<meta property=\"og:site_name\" content=\"H\u00fcbsch\" \/>\n<meta property=\"article:modified_time\" content=\"2026-04-06T02:42:27+00:00\" \/>\n<meta property=\"og:image\" content=\"https:\/\/hubsch-interior.com\/wp-content\/uploads\/2026\/01\/morph-cushion-brown-13e704f7c84ba5530526ae0a98c191a9.jpg\" \/>\n\t<meta property=\"og:image:width\" content=\"1200\" \/>\n\t<meta property=\"og:image:height\" content=\"1200\" \/>\n\t<meta property=\"og:image:type\" content=\"image\/jpeg\" \/>\n<meta name=\"twitter:card\" content=\"summary_large_image\" \/>\n<script type=\"application\/ld+json\" class=\"yoast-schema-graph\">{\"@context\":\"https:\/\/schema.org\",\"@graph\":[{\"@type\":\"WebPage\",\"@id\":\"https:\/\/hubsch-interior.com\/fr\/produit\/morph-coussin-marron\/\",\"url\":\"https:\/\/hubsch-interior.com\/fr\/produit\/morph-coussin-marron\/\",\"name\":\"Morph Coussin Marron - H\u00fcbsch\",\"isPartOf\":{\"@id\":\"https:\/\/hubsch-interior.com\/fr\/#website\"},\"primaryImageOfPage\":{\"@id\":\"https:\/\/hubsch-interior.com\/fr\/produit\/morph-coussin-marron\/#primaryimage\"},\"image\":{\"@id\":\"https:\/\/hubsch-interior.com\/fr\/produit\/morph-coussin-marron\/#primaryimage\"},\"thumbnailUrl\":\"https:\/\/hubsch-interior.com\/wp-content\/uploads\/2026\/02\/morph-cushion-brown-6da084b1d61c38746683bdb34ef50c16.jpg\",\"datePublished\":\"2026-01-10T03:02:04+00:00\",\"dateModified\":\"2026-04-06T02:42:27+00:00\",\"description\":\"Texture, tonalit\u00e9 et une petite transformation. Le Morph Coussin en brun chaleureux apporte une \u00e9nergie graphique et une richesse tiss\u00e9e qui dynamise\",\"breadcrumb\":{\"@id\":\"https:\/\/hubsch-interior.com\/fr\/produit\/morph-coussin-marron\/#breadcrumb\"},\"inLanguage\":\"fr-FR\",\"potentialAction\":[{\"@type\":\"ReadAction\",\"target\":[\"https:\/\/hubsch-interior.com\/fr\/produit\/morph-coussin-marron\/\"]}]},{\"@type\":\"ImageObject\",\"inLanguage\":\"fr-FR\",\"@id\":\"https:\/\/hubsch-interior.com\/fr\/produit\/morph-coussin-marron\/#primaryimage\",\"url\":\"https:\/\/hubsch-interior.com\/wp-content\/uploads\/2026\/02\/morph-cushion-brown-6da084b1d61c38746683bdb34ef50c16.jpg\",\"contentUrl\":\"https:\/\/hubsch-interior.com\/wp-content\/uploads\/2026\/02\/morph-cushion-brown-6da084b1d61c38746683bdb34ef50c16.jpg\",\"width\":1024,\"height\":1024},{\"@type\":\"BreadcrumbList\",\"@id\":\"https:\/\/hubsch-interior.com\/fr\/produit\/morph-coussin-marron\/#breadcrumb\",\"itemListElement\":[{\"@type\":\"ListItem\",\"position\":1,\"name\":\"Page d'accueil\",\"item\":\"https:\/\/hubsch-interior.com\/fr\/\"},{\"@type\":\"ListItem\",\"position\":2,\"name\":\"Produits\",\"item\":\"https:\/\/hubsch-interior.com\/fr\/shop-2\/\"},{\"@type\":\"ListItem\",\"position\":3,\"name\":\"Morph Coussin Marron\"}]},{\"@type\":\"WebSite\",\"@id\":\"https:\/\/hubsch-interior.com\/fr\/#website\",\"url\":\"https:\/\/hubsch-interior.com\/fr\/\",\"name\":\"H\u00fcbsch\",\"description\":\"Danish Home Interior and Design\",\"publisher\":{\"@id\":\"https:\/\/hubsch-interior.com\/fr\/#organization\"},\"potentialAction\":[{\"@type\":\"SearchAction\",\"target\":{\"@type\":\"EntryPoint\",\"urlTemplate\":\"https:\/\/hubsch-interior.com\/fr\/?s={search_term_string}\"},\"query-input\":{\"@type\":\"PropertyValueSpecification\",\"valueRequired\":true,\"valueName\":\"search_term_string\"}}],\"inLanguage\":\"fr-FR\"},{\"@type\":\"Organization\",\"@id\":\"https:\/\/hubsch-interior.com\/fr\/#organization\",\"name\":\"H\u00fcbsch\",\"url\":\"https:\/\/hubsch-interior.com\/fr\/\",\"logo\":{\"@type\":\"ImageObject\",\"inLanguage\":\"fr-FR\",\"@id\":\"https:\/\/hubsch-interior.com\/fr\/#\/schema\/logo\/image\/\",\"url\":\"https:\/\/hubsch-interior.com\/wp-content\/uploads\/2022\/12\/Hubsch_logo_black_one_line.svg\",\"contentUrl\":\"https:\/\/hubsch-interior.com\/wp-content\/uploads\/2022\/12\/Hubsch_logo_black_one_line.svg\",\"caption\":\"H\u00fcbsch\"},\"image\":{\"@id\":\"https:\/\/hubsch-interior.com\/fr\/#\/schema\/logo\/image\/\"}}]}<\/script>\n<!-- \/ Yoast SEO plugin. -->","yoast_head_json":{"title":"Morph Coussin Marron - H\u00fcbsch","description":"Texture, tonalit\u00e9 et une petite transformation. Le Morph Coussin en brun chaleureux apporte une \u00e9nergie graphique et une richesse tiss\u00e9e qui dynamise","robots":{"index":"index","follow":"follow","max-snippet":"max-snippet:-1","max-image-preview":"max-image-preview:large","max-video-preview":"max-video-preview:-1"},"canonical":"https:\/\/hubsch-interior.com\/fr\/wp-json\/wp\/v2\/product\/1078531","og_locale":"fr_FR","og_type":"article","og_title":"Morph Coussin Marron - H\u00fcbsch","og_description":"Texture, tonalit\u00e9 et une petite transformation. Le Morph Coussin en brun chaleureux apporte une \u00e9nergie graphique et une richesse tiss\u00e9e qui dynamise","og_url":"https:\/\/hubsch-interior.com\/fr\/produit\/morph-coussin-marron\/","og_site_name":"H\u00fcbsch","article_modified_time":"2026-04-06T02:42:27+00:00","og_image":[{"width":1200,"height":1200,"url":"https:\/\/hubsch-interior.com\/wp-content\/uploads\/2026\/01\/morph-cushion-brown-13e704f7c84ba5530526ae0a98c191a9.jpg","type":"image\/jpeg"}],"twitter_card":"summary_large_image","schema":{"@context":"https:\/\/schema.org","@graph":[{"@type":"WebPage","@id":"https:\/\/hubsch-interior.com\/fr\/produit\/morph-coussin-marron\/","url":"https:\/\/hubsch-interior.com\/fr\/produit\/morph-coussin-marron\/","name":"Morph Coussin Marron - H\u00fcbsch","isPartOf":{"@id":"https:\/\/hubsch-interior.com\/fr\/#website"},"primaryImageOfPage":{"@id":"https:\/\/hubsch-interior.com\/fr\/produit\/morph-coussin-marron\/#primaryimage"},"image":{"@id":"https:\/\/hubsch-interior.com\/fr\/produit\/morph-coussin-marron\/#primaryimage"},"thumbnailUrl":"https:\/\/hubsch-interior.com\/wp-content\/uploads\/2026\/02\/morph-cushion-brown-6da084b1d61c38746683bdb34ef50c16.jpg","datePublished":"2026-01-10T03:02:04+00:00","dateModified":"2026-04-06T02:42:27+00:00","description":"Texture, tonalit\u00e9 et une petite transformation. Le Morph Coussin en brun chaleureux apporte une \u00e9nergie graphique et une richesse tiss\u00e9e qui dynamise","breadcrumb":{"@id":"https:\/\/hubsch-interior.com\/fr\/produit\/morph-coussin-marron\/#breadcrumb"},"inLanguage":"fr-FR","potentialAction":[{"@type":"ReadAction","target":["https:\/\/hubsch-interior.com\/fr\/produit\/morph-coussin-marron\/"]}]},{"@type":"ImageObject","inLanguage":"fr-FR","@id":"https:\/\/hubsch-interior.com\/fr\/produit\/morph-coussin-marron\/#primaryimage","url":"https:\/\/hubsch-interior.com\/wp-content\/uploads\/2026\/02\/morph-cushion-brown-6da084b1d61c38746683bdb34ef50c16.jpg","contentUrl":"https:\/\/hubsch-interior.com\/wp-content\/uploads\/2026\/02\/morph-cushion-brown-6da084b1d61c38746683bdb34ef50c16.jpg","width":1024,"height":1024},{"@type":"BreadcrumbList","@id":"https:\/\/hubsch-interior.com\/fr\/produit\/morph-coussin-marron\/#breadcrumb","itemListElement":[{"@type":"ListItem","position":1,"name":"Page d'accueil","item":"https:\/\/hubsch-interior.com\/fr\/"},{"@type":"ListItem","position":2,"name":"Produits","item":"https:\/\/hubsch-interior.com\/fr\/shop-2\/"},{"@type":"ListItem","position":3,"name":"Morph Coussin Marron"}]},{"@type":"WebSite","@id":"https:\/\/hubsch-interior.com\/fr\/#website","url":"https:\/\/hubsch-interior.com\/fr\/","name":"H\u00fcbsch","description":"Danish Home Interior and Design","publisher":{"@id":"https:\/\/hubsch-interior.com\/fr\/#organization"},"potentialAction":[{"@type":"SearchAction","target":{"@type":"EntryPoint","urlTemplate":"https:\/\/hubsch-interior.com\/fr\/?s={search_term_string}"},"query-input":{"@type":"PropertyValueSpecification","valueRequired":true,"valueName":"search_term_string"}}],"inLanguage":"fr-FR"},{"@type":"Organization","@id":"https:\/\/hubsch-interior.com\/fr\/#organization","name":"H\u00fcbsch","url":"https:\/\/hubsch-interior.com\/fr\/","logo":{"@type":"ImageObject","inLanguage":"fr-FR","@id":"https:\/\/hubsch-interior.com\/fr\/#\/schema\/logo\/image\/","url":"https:\/\/hubsch-interior.com\/wp-content\/uploads\/2022\/12\/Hubsch_logo_black_one_line.svg","contentUrl":"https:\/\/hubsch-interior.com\/wp-content\/uploads\/2022\/12\/Hubsch_logo_black_one_line.svg","caption":"H\u00fcbsch"},"image":{"@id":"https:\/\/hubsch-interior.com\/fr\/#\/schema\/logo\/image\/"}}]}},"_links":{"self":[{"href":"https:\/\/hubsch-interior.com\/fr\/wp-json\/wp\/v2\/product\/1078531","targetHints":{"allow":["GET"]}}],"collection":[{"href":"https:\/\/hubsch-interior.com\/fr\/wp-json\/wp\/v2\/product"}],"about":[{"href":"https:\/\/hubsch-interior.com\/fr\/wp-json\/wp\/v2\/types\/product"}],"wp:featuredmedia":[{"embeddable":true,"href":"https:\/\/hubsch-interior.com\/fr\/wp-json\/wp\/v2\/media\/1100632"}],"wp:attachment":[{"href":"https:\/\/hubsch-interior.com\/fr\/wp-json\/wp\/v2\/media?parent=1078531"}],"wp:term":[{"taxonomy":"product_brand","embeddable":true,"href":"https:\/\/hubsch-interior.com\/fr\/wp-json\/wp\/v2\/product_brand?post=1078531"},{"taxonomy":"product_cat","embeddable":true,"href":"https:\/\/hubsch-interior.com\/fr\/wp-json\/wp\/v2\/product_cat?post=1078531"},{"taxonomy":"product_tag","embeddable":true,"href":"https:\/\/hubsch-interior.com\/fr\/wp-json\/wp\/v2\/product_tag?post=1078531"}],"curies":[{"name":"wp","href":"https:\/\/api.w.org\/{rel}","templated":true}]}}